{"id":52770,"date":"2008-05-09T12:45:11","date_gmt":"2008-05-09T10:45:11","guid":{"rendered":"http:\/\/www.erboristerie.com\/?post_type=product&#038;p=52770"},"modified":"2025-10-16T17:21:32","modified_gmt":"2025-10-16T15:21:32","slug":"verga-doro-solidagine-sommita-taglio-tisana-solidago-virga-aurea","status":"publish","type":"product","link":"https:\/\/www.erboristerie.com\/en\/prodotto\/verga-doro-solidagine-sommita-taglio-tisana-solidago-virga-aurea\/","title":{"rendered":"Verga D&#8217;oro Solidagine sommit\u00e0 taglio tisana (Solidago virga aurea)"},"content":{"rendered":"<p><strong>Parte aerea in taglio tisana di Verga D&#8217;Oro (Solidago virga aurea) chiamata anche Solidago o Solidagine<\/strong><\/p>\n<p data-start=\"50\" data-end=\"611\">La parte aerea di Solidagine (Solidago virga aurea), conosciuta anche come Solidago o Verga D\u2019Oro, \u00e8 un rimedio naturale dalle propriet\u00e0 diuretiche e antinfiammatorie, ampiamente utilizzata per supportare la salute delle vie urinarie e favorire l\u2019eliminazione delle tossine.<\/p>\n<p data-start=\"50\" data-end=\"611\">Questa pianta \u00e8 apprezzata per la sua capacit\u00e0 di stimolare la diuresi, utile per il trattamento di ritenzione idrica, cistite e altre affezioni legate al sistema urinario.<\/p>\n<p data-start=\"50\" data-end=\"611\">Grazie alla sua azione depurativa, \u00e8 anche un valido supporto nei processi di disintossicazione dell\u2019organismo.<\/p>\n<p data-start=\"613\" data-end=\"964\">Oltre ai suoi benefici diuretici, la Solidagine \u00e8 nota per le sue propriet\u00e0 antinfiammatorie e antiossidanti.<\/p>\n<p data-start=\"613\" data-end=\"964\">Aiuta a rinforzare il sistema immunitario e a contrastare infiammazioni e infezioni, specialmente quelle legate al tratto urinario.<\/p>\n<p data-start=\"613\" data-end=\"964\">L\u2019infuso di Solidagine \u00e8 un ottimo alleato per favorire la salute renale e la purificazione dell\u2019organismo.<\/p>\n<p data-start=\"966\" data-end=\"1295\" data-is-last-node=\"\" data-is-only-node=\"\"><strong data-start=\"966\" data-end=\"984\">Modalit\u00e0 d\u2019uso<\/strong><\/p>\n<p data-start=\"966\" data-end=\"1295\" data-is-last-node=\"\" data-is-only-node=\"\">Aggiungere un cucchiaino di parte aerea in una tazza di acqua bollente e lasciare in infusione per 5-10 minuti.<\/p>\n<p data-start=\"966\" data-end=\"1295\" data-is-last-node=\"\" data-is-only-node=\"\">Filtrare e bere fino a due volte al giorno, preferibilmente lontano dai pasti.<\/p>\n<p data-start=\"966\" data-end=\"1295\" data-is-last-node=\"\" data-is-only-node=\"\">Per ottenere il massimo beneficio, \u00e8 consigliato mantenere un\u2019adeguata idratazione durante l\u2019assunzione della tisana.<\/p>\n","protected":false},"excerpt":{"rendered":"<p>Parte aerea in taglio tisana di Verga D&#8217;Oro (Solidago virga aurea) chiamata anche Solidago o Solidagine La parte aerea di Solidagine (Solidago virga aurea), conosciuta anche come Solidago o Verga D\u2019Oro, \u00e8 un rimedio naturale dalle propriet\u00e0 diuretiche e antinfiammatorie, ampiamente utilizzata per supportare la&#8230;<\/p>\n","protected":false},"featured_media":50903,"template":"","meta":{"_acf_changed":false},"product_brand":[9601],"product_cat":[10079],"product_tag":[11713,11717,21103,11714,11715,11716,11712],"giftcard-category":[],"class_list":{"0":"post-52770","1":"product","2":"type-product","3":"status-publish","4":"has-post-thumbnail","6":"product_brand-brisighello-pietro-fu-e","7":"product_cat-erbe-t-u-v-z","8":"product_tag-d-oro","9":"product_tag-doro","10":"product_tag-gr-2","11":"product_tag-solidagine","12":"product_tag-solidago","13":"product_tag-verga","14":"product_tag-virga","16":"first","17":"instock","18":"sale","19":"taxable","20":"shipping-taxable","21":"purchasable","22":"product-type-variable"},"acf":[],"yoast_head":"<!-- This site is optimized with the Yoast SEO plugin v24.9 - https:\/\/yoast.com\/wordpress\/plugins\/seo\/ -->\n<title>Verga D&#039;oro Solidagine sommit\u00e0 taglio tisana (Solidago virga aurea) - Erboristeria Demetra<\/title>\n<meta name=\"description\" content=\"Questa pianta \u00e8 apprezzata per la capacit\u00e0 di stimolare la diuresi, per il trattamento di ritenzione idrica, cistite e altre affezioni del sistema urinario.\" \/>\n<meta name=\"robots\" content=\"index, follow, max-snippet:-1, max-image-preview:large, max-video-preview:-1\" \/>\n<link rel=\"canonical\" href=\"https:\/\/www.erboristerie.com\/it\/prodotto\/verga-doro-solidagine-sommita-taglio-tisana-solidago-virga-aurea\/\" \/>\n<meta property=\"og:locale\" content=\"en_US\" \/>\n<meta property=\"og:type\" content=\"article\" \/>\n<meta property=\"og:title\" content=\"Verga D&#039;oro Solidagine sommit\u00e0 taglio tisana (Solidago virga aurea) - Erboristeria Demetra\" \/>\n<meta property=\"og:description\" content=\"Questa pianta \u00e8 apprezzata per la capacit\u00e0 di stimolare la diuresi, per il trattamento di ritenzione idrica, cistite e altre affezioni del sistema urinario.\" \/>\n<meta property=\"og:url\" content=\"https:\/\/www.erboristerie.com\/it\/prodotto\/verga-doro-solidagine-sommita-taglio-tisana-solidago-virga-aurea\/\" \/>\n<meta property=\"og:site_name\" content=\"Erboristeria Demetra\" \/>\n<meta property=\"article:publisher\" content=\"https:\/\/www.facebook.com\/erboristeria.demetra.online\" \/>\n<meta property=\"article:modified_time\" content=\"2025-10-16T15:21:32+00:00\" \/>\n<meta property=\"og:image\" content=\"https:\/\/www.erboristerie.com\/wp-content\/uploads\/2019\/01\/products-00001716.jpg\" \/>\n\t<meta property=\"og:image:width\" content=\"350\" \/>\n\t<meta property=\"og:image:height\" content=\"458\" \/>\n\t<meta property=\"og:image:type\" content=\"image\/jpeg\" \/>\n<meta name=\"twitter:card\" content=\"summary_large_image\" \/>\n<meta name=\"twitter:label1\" content=\"Est. reading time\" \/>\n\t<meta name=\"twitter:data1\" content=\"2 minutes\" \/>\n<script type=\"application\/ld+json\" class=\"yoast-schema-graph\">{\"@context\":\"https:\/\/schema.org\",\"@graph\":[{\"@type\":\"WebPage\",\"@id\":\"https:\/\/www.erboristerie.com\/it\/prodotto\/verga-doro-solidagine-sommita-taglio-tisana-solidago-virga-aurea\/\",\"url\":\"https:\/\/www.erboristerie.com\/it\/prodotto\/verga-doro-solidagine-sommita-taglio-tisana-solidago-virga-aurea\/\",\"name\":\"Verga D'oro Solidagine sommit\u00e0 taglio tisana (Solidago virga aurea) - Erboristeria Demetra\",\"isPartOf\":{\"@id\":\"https:\/\/www.erboristerie.com\/it\/#website\"},\"primaryImageOfPage\":{\"@id\":\"https:\/\/www.erboristerie.com\/it\/prodotto\/verga-doro-solidagine-sommita-taglio-tisana-solidago-virga-aurea\/#primaryimage\"},\"image\":{\"@id\":\"https:\/\/www.erboristerie.com\/it\/prodotto\/verga-doro-solidagine-sommita-taglio-tisana-solidago-virga-aurea\/#primaryimage\"},\"thumbnailUrl\":\"https:\/\/www.erboristerie.com\/wp-content\/uploads\/2019\/01\/products-00001716.jpg\",\"datePublished\":\"2008-05-09T10:45:11+00:00\",\"dateModified\":\"2025-10-16T15:21:32+00:00\",\"description\":\"Questa pianta \u00e8 apprezzata per la capacit\u00e0 di stimolare la diuresi, per il trattamento di ritenzione idrica, cistite e altre affezioni del sistema urinario.\",\"breadcrumb\":{\"@id\":\"https:\/\/www.erboristerie.com\/it\/prodotto\/verga-doro-solidagine-sommita-taglio-tisana-solidago-virga-aurea\/#breadcrumb\"},\"inLanguage\":\"en-US\",\"potentialAction\":[{\"@type\":\"ReadAction\",\"target\":[\"https:\/\/www.erboristerie.com\/it\/prodotto\/verga-doro-solidagine-sommita-taglio-tisana-solidago-virga-aurea\/\"]}]},{\"@type\":\"ImageObject\",\"inLanguage\":\"en-US\",\"@id\":\"https:\/\/www.erboristerie.com\/it\/prodotto\/verga-doro-solidagine-sommita-taglio-tisana-solidago-virga-aurea\/#primaryimage\",\"url\":\"https:\/\/www.erboristerie.com\/wp-content\/uploads\/2019\/01\/products-00001716.jpg\",\"contentUrl\":\"https:\/\/www.erboristerie.com\/wp-content\/uploads\/2019\/01\/products-00001716.jpg\",\"width\":350,\"height\":458,\"caption\":\"Erbe officinali\"},{\"@type\":\"BreadcrumbList\",\"@id\":\"https:\/\/www.erboristerie.com\/it\/prodotto\/verga-doro-solidagine-sommita-taglio-tisana-solidago-virga-aurea\/#breadcrumb\",\"itemListElement\":[{\"@type\":\"ListItem\",\"position\":1,\"name\":\"Home\",\"item\":\"https:\/\/www.erboristerie.com\/en\/\"},{\"@type\":\"ListItem\",\"position\":2,\"name\":\"All products\",\"item\":\"https:\/\/www.erboristerie.com\/en\/all-products\/\"},{\"@type\":\"ListItem\",\"position\":3,\"name\":\"Verga D&#8217;oro Solidagine sommit\u00e0 taglio tisana (Solidago virga aurea)\"}]},{\"@type\":\"WebSite\",\"@id\":\"https:\/\/www.erboristerie.com\/it\/#website\",\"url\":\"https:\/\/www.erboristerie.com\/it\/\",\"name\":\"Erboristeria Demetra\",\"description\":\"Your natural health\",\"publisher\":{\"@id\":\"https:\/\/www.erboristerie.com\/it\/#organization\"},\"potentialAction\":[{\"@type\":\"SearchAction\",\"target\":{\"@type\":\"EntryPoint\",\"urlTemplate\":\"https:\/\/www.erboristerie.com\/it\/?s={search_term_string}\"},\"query-input\":{\"@type\":\"PropertyValueSpecification\",\"valueRequired\":true,\"valueName\":\"search_term_string\"}}],\"inLanguage\":\"en-US\"},{\"@type\":\"Organization\",\"@id\":\"https:\/\/www.erboristerie.com\/it\/#organization\",\"name\":\"Erboristeria Demetra\",\"url\":\"https:\/\/www.erboristerie.com\/it\/\",\"logo\":{\"@type\":\"ImageObject\",\"inLanguage\":\"en-US\",\"@id\":\"https:\/\/www.erboristerie.com\/it\/#\/schema\/logo\/image\/\",\"url\":\"https:\/\/www.erboristerie.com\/wp-content\/uploads\/2019\/11\/LOGO_ERBORISTERIA_DEMETRA_original.png?v=1611516981\",\"contentUrl\":\"https:\/\/www.erboristerie.com\/wp-content\/uploads\/2019\/11\/LOGO_ERBORISTERIA_DEMETRA_original.png?v=1611516981\",\"width\":201,\"height\":54,\"caption\":\"Erboristeria Demetra\"},\"image\":{\"@id\":\"https:\/\/www.erboristerie.com\/it\/#\/schema\/logo\/image\/\"},\"sameAs\":[\"https:\/\/www.facebook.com\/erboristeria.demetra.online\"]}]}<\/script>\n<!-- \/ Yoast SEO plugin. -->","yoast_head_json":{"title":"Verga D'oro Solidagine sommit\u00e0 taglio tisana (Solidago virga aurea) - Erboristeria Demetra","description":"Questa pianta \u00e8 apprezzata per la capacit\u00e0 di stimolare la diuresi, per il trattamento di ritenzione idrica, cistite e altre affezioni del sistema urinario.","robots":{"index":"index","follow":"follow","max-snippet":"max-snippet:-1","max-image-preview":"max-image-preview:large","max-video-preview":"max-video-preview:-1"},"canonical":"https:\/\/www.erboristerie.com\/it\/prodotto\/verga-doro-solidagine-sommita-taglio-tisana-solidago-virga-aurea\/","og_locale":"en_US","og_type":"article","og_title":"Verga D'oro Solidagine sommit\u00e0 taglio tisana (Solidago virga aurea) - Erboristeria Demetra","og_description":"Questa pianta \u00e8 apprezzata per la capacit\u00e0 di stimolare la diuresi, per il trattamento di ritenzione idrica, cistite e altre affezioni del sistema urinario.","og_url":"https:\/\/www.erboristerie.com\/it\/prodotto\/verga-doro-solidagine-sommita-taglio-tisana-solidago-virga-aurea\/","og_site_name":"Erboristeria Demetra","article_publisher":"https:\/\/www.facebook.com\/erboristeria.demetra.online","article_modified_time":"2025-10-16T15:21:32+00:00","og_image":[{"width":350,"height":458,"url":"https:\/\/www.erboristerie.com\/wp-content\/uploads\/2019\/01\/products-00001716.jpg","type":"image\/jpeg"}],"twitter_card":"summary_large_image","twitter_misc":{"Est. reading time":"2 minutes"},"schema":{"@context":"https:\/\/schema.org","@graph":[{"@type":"WebPage","@id":"https:\/\/www.erboristerie.com\/it\/prodotto\/verga-doro-solidagine-sommita-taglio-tisana-solidago-virga-aurea\/","url":"https:\/\/www.erboristerie.com\/it\/prodotto\/verga-doro-solidagine-sommita-taglio-tisana-solidago-virga-aurea\/","name":"Verga D'oro Solidagine sommit\u00e0 taglio tisana (Solidago virga aurea) - Erboristeria Demetra","isPartOf":{"@id":"https:\/\/www.erboristerie.com\/it\/#website"},"primaryImageOfPage":{"@id":"https:\/\/www.erboristerie.com\/it\/prodotto\/verga-doro-solidagine-sommita-taglio-tisana-solidago-virga-aurea\/#primaryimage"},"image":{"@id":"https:\/\/www.erboristerie.com\/it\/prodotto\/verga-doro-solidagine-sommita-taglio-tisana-solidago-virga-aurea\/#primaryimage"},"thumbnailUrl":"https:\/\/www.erboristerie.com\/wp-content\/uploads\/2019\/01\/products-00001716.jpg","datePublished":"2008-05-09T10:45:11+00:00","dateModified":"2025-10-16T15:21:32+00:00","description":"Questa pianta \u00e8 apprezzata per la capacit\u00e0 di stimolare la diuresi, per il trattamento di ritenzione idrica, cistite e altre affezioni del sistema urinario.","breadcrumb":{"@id":"https:\/\/www.erboristerie.com\/it\/prodotto\/verga-doro-solidagine-sommita-taglio-tisana-solidago-virga-aurea\/#breadcrumb"},"inLanguage":"en-US","potentialAction":[{"@type":"ReadAction","target":["https:\/\/www.erboristerie.com\/it\/prodotto\/verga-doro-solidagine-sommita-taglio-tisana-solidago-virga-aurea\/"]}]},{"@type":"ImageObject","inLanguage":"en-US","@id":"https:\/\/www.erboristerie.com\/it\/prodotto\/verga-doro-solidagine-sommita-taglio-tisana-solidago-virga-aurea\/#primaryimage","url":"https:\/\/www.erboristerie.com\/wp-content\/uploads\/2019\/01\/products-00001716.jpg","contentUrl":"https:\/\/www.erboristerie.com\/wp-content\/uploads\/2019\/01\/products-00001716.jpg","width":350,"height":458,"caption":"Erbe officinali"},{"@type":"BreadcrumbList","@id":"https:\/\/www.erboristerie.com\/it\/prodotto\/verga-doro-solidagine-sommita-taglio-tisana-solidago-virga-aurea\/#breadcrumb","itemListElement":[{"@type":"ListItem","position":1,"name":"Home","item":"https:\/\/www.erboristerie.com\/en\/"},{"@type":"ListItem","position":2,"name":"All products","item":"https:\/\/www.erboristerie.com\/en\/all-products\/"},{"@type":"ListItem","position":3,"name":"Verga D&#8217;oro Solidagine sommit\u00e0 taglio tisana (Solidago virga aurea)"}]},{"@type":"WebSite","@id":"https:\/\/www.erboristerie.com\/it\/#website","url":"https:\/\/www.erboristerie.com\/it\/","name":"Erboristeria Demetra","description":"Your natural health","publisher":{"@id":"https:\/\/www.erboristerie.com\/it\/#organization"},"potentialAction":[{"@type":"SearchAction","target":{"@type":"EntryPoint","urlTemplate":"https:\/\/www.erboristerie.com\/it\/?s={search_term_string}"},"query-input":{"@type":"PropertyValueSpecification","valueRequired":true,"valueName":"search_term_string"}}],"inLanguage":"en-US"},{"@type":"Organization","@id":"https:\/\/www.erboristerie.com\/it\/#organization","name":"Erboristeria Demetra","url":"https:\/\/www.erboristerie.com\/it\/","logo":{"@type":"ImageObject","inLanguage":"en-US","@id":"https:\/\/www.erboristerie.com\/it\/#\/schema\/logo\/image\/","url":"https:\/\/www.erboristerie.com\/wp-content\/uploads\/2019\/11\/LOGO_ERBORISTERIA_DEMETRA_original.png?v=1611516981","contentUrl":"https:\/\/www.erboristerie.com\/wp-content\/uploads\/2019\/11\/LOGO_ERBORISTERIA_DEMETRA_original.png?v=1611516981","width":201,"height":54,"caption":"Erboristeria Demetra"},"image":{"@id":"https:\/\/www.erboristerie.com\/it\/#\/schema\/logo\/image\/"},"sameAs":["https:\/\/www.facebook.com\/erboristeria.demetra.online"]}]}},"_links":{"self":[{"href":"https:\/\/www.erboristerie.com\/en\/wp-json\/wp\/v2\/product\/52770","targetHints":{"allow":["GET"]}}],"collection":[{"href":"https:\/\/www.erboristerie.com\/en\/wp-json\/wp\/v2\/product"}],"about":[{"href":"https:\/\/www.erboristerie.com\/en\/wp-json\/wp\/v2\/types\/product"}],"wp:featuredmedia":[{"embeddable":true,"href":"https:\/\/www.erboristerie.com\/en\/wp-json\/wp\/v2\/media\/50903"}],"wp:attachment":[{"href":"https:\/\/www.erboristerie.com\/en\/wp-json\/wp\/v2\/media?parent=52770"}],"wp:term":[{"taxonomy":"product_brand","embeddable":true,"href":"https:\/\/www.erboristerie.com\/en\/wp-json\/wp\/v2\/product_brand?post=52770"},{"taxonomy":"product_cat","embeddable":true,"href":"https:\/\/www.erboristerie.com\/en\/wp-json\/wp\/v2\/product_cat?post=52770"},{"taxonomy":"product_tag","embeddable":true,"href":"https:\/\/www.erboristerie.com\/en\/wp-json\/wp\/v2\/product_tag?post=52770"},{"taxonomy":"giftcard-category","embeddable":true,"href":"https:\/\/www.erboristerie.com\/en\/wp-json\/wp\/v2\/giftcard-category?post=52770"}],"curies":[{"name":"wp","href":"https:\/\/api.w.org\/{rel}","templated":true}]}}