{"id":52754,"date":"2008-05-09T12:45:11","date_gmt":"2008-05-09T10:45:11","guid":{"rendered":"http:\/\/www.erboristerie.com\/?post_type=product&#038;p=52754"},"modified":"2025-02-21T10:50:55","modified_gmt":"2025-02-21T09:50:55","slug":"salsapariglia-radice-taglio-tisana-smilax-officinalis","status":"publish","type":"product","link":"https:\/\/www.erboristerie.com\/en\/prodotto\/salsapariglia-radice-taglio-tisana-smilax-officinalis\/","title":{"rendered":"Salsapariglia radice taglio tisana (Smilax officinalis)"},"content":{"rendered":"<p><strong>Radice in taglio tisana di Salsapariglia (Smilax officinalis)<\/strong><\/p>\n<p data-start=\"44\" data-end=\"449\">La radice di Salsapariglia (Smilax officinalis) \u00e8 tradizionalmente conosciuta per le sue propriet\u00e0 depurative e detossificanti.<\/p>\n<p data-start=\"44\" data-end=\"449\">Utilizzata per favorire l\u2019eliminazione delle tossine, questa pianta \u00e8 apprezzata nel supporto della funzionalit\u00e0 renale ed epatica.<\/p>\n<p data-start=\"44\" data-end=\"449\">Il suo impiego \u00e8 diffuso anche per il benessere della pelle e per contrastare impurit\u00e0 cutanee grazie alla sua azione purificante dall\u2019interno.<\/p>\n<p data-start=\"451\" data-end=\"835\">Oltre al suo effetto drenante, la Salsapariglia \u00e8 nota per le sue propriet\u00e0 antinfiammatorie e toniche.<\/p>\n<p data-start=\"451\" data-end=\"835\">Storicamente impiegata nella medicina popolare per il benessere delle articolazioni e per ridurre stati infiammatori, \u00e8 una pianta che favorisce l\u2019equilibrio generale dell\u2019organismo.<\/p>\n<p data-start=\"451\" data-end=\"835\">La radice in taglio tisana permette di ottenere un decotto efficace e ricco di principi attivi.<\/p>\n<p data-start=\"837\" data-end=\"1197\" data-is-only-node=\"\" data-is-last-node=\"\"><strong data-start=\"837\" data-end=\"855\">Modalit\u00e0 d\u2019uso<\/strong><\/p>\n<p data-start=\"837\" data-end=\"1197\" data-is-only-node=\"\" data-is-last-node=\"\">Aggiungere un cucchiaino di radice in una tazza d\u2019acqua, portare a ebollizione e far bollire per 10-15 minuti.<\/p>\n<p data-start=\"837\" data-end=\"1197\" data-is-only-node=\"\" data-is-last-node=\"\">Filtrare e bere fino a due volte al giorno, preferibilmente lontano dai pasti, per favorire il drenaggio delle tossine.<\/p>\n<p data-start=\"837\" data-end=\"1197\" data-is-only-node=\"\" data-is-last-node=\"\">Per un effetto pi\u00f9 intenso, il decotto pu\u00f2 essere lasciato riposare alcuni minuti prima di essere consumato.<\/p>\n","protected":false},"excerpt":{"rendered":"<p>Radice in taglio tisana di Salsapariglia (Smilax officinalis) La radice di Salsapariglia (Smilax officinalis) \u00e8 tradizionalmente conosciuta per le sue propriet\u00e0 depurative e detossificanti. Utilizzata per favorire l\u2019eliminazione delle tossine, questa pianta \u00e8 apprezzata nel supporto della funzionalit\u00e0 renale ed epatica. Il suo impiego \u00e8&#8230;<\/p>\n","protected":false},"featured_media":50903,"template":"","meta":{"_acf_changed":false},"product_brand":[9601],"product_cat":[10075],"product_tag":[21103,11159,11160,11699,11698],"giftcard-category":[],"class_list":{"0":"post-52754","1":"product","2":"type-product","3":"status-publish","4":"has-post-thumbnail","6":"product_brand-brisighello-pietro-fu-e","7":"product_cat-erbe-r-s","8":"product_tag-gr-2","9":"product_tag-off","10":"product_tag-radice","11":"product_tag-salsapariglia","12":"product_tag-smilax","14":"first","15":"instock","16":"sale","17":"taxable","18":"shipping-taxable","19":"purchasable","20":"product-type-variable"},"acf":[],"yoast_head":"<!-- This site is optimized with the Yoast SEO plugin v24.9 - https:\/\/yoast.com\/wordpress\/plugins\/seo\/ -->\n<title>Salsapariglia radice taglio tisana (Smilax officinalis) - Erboristeria Demetra<\/title>\n<meta name=\"description\" content=\"La radice di Salsapariglia (Smilax officinalis) \u00e8 tradizionalmente conosciuta per le sue propriet\u00e0 depurative e detossificanti.\" \/>\n<meta name=\"robots\" content=\"index, follow, max-snippet:-1, max-image-preview:large, max-video-preview:-1\" \/>\n<link rel=\"canonical\" href=\"https:\/\/www.erboristerie.com\/it\/prodotto\/salsapariglia-radice-taglio-tisana-smilax-officinalis\/\" \/>\n<meta property=\"og:locale\" content=\"en_US\" \/>\n<meta property=\"og:type\" content=\"article\" \/>\n<meta property=\"og:title\" content=\"Salsapariglia radice taglio tisana (Smilax officinalis) - Erboristeria Demetra\" \/>\n<meta property=\"og:description\" content=\"La radice di Salsapariglia (Smilax officinalis) \u00e8 tradizionalmente conosciuta per le sue propriet\u00e0 depurative e detossificanti.\" \/>\n<meta property=\"og:url\" content=\"https:\/\/www.erboristerie.com\/it\/prodotto\/salsapariglia-radice-taglio-tisana-smilax-officinalis\/\" \/>\n<meta property=\"og:site_name\" content=\"Erboristeria Demetra\" \/>\n<meta property=\"article:publisher\" content=\"https:\/\/www.facebook.com\/erboristeria.demetra.online\" \/>\n<meta property=\"article:modified_time\" content=\"2025-02-21T09:50:55+00:00\" \/>\n<meta property=\"og:image\" content=\"https:\/\/www.erboristerie.com\/wp-content\/uploads\/2019\/01\/products-00001716.jpg\" \/>\n\t<meta property=\"og:image:width\" content=\"350\" \/>\n\t<meta property=\"og:image:height\" content=\"458\" \/>\n\t<meta property=\"og:image:type\" content=\"image\/jpeg\" \/>\n<meta name=\"twitter:card\" content=\"summary_large_image\" \/>\n<meta name=\"twitter:label1\" content=\"Est. reading time\" \/>\n\t<meta name=\"twitter:data1\" content=\"1 minute\" \/>\n<script type=\"application\/ld+json\" class=\"yoast-schema-graph\">{\"@context\":\"https:\/\/schema.org\",\"@graph\":[{\"@type\":\"WebPage\",\"@id\":\"https:\/\/www.erboristerie.com\/it\/prodotto\/salsapariglia-radice-taglio-tisana-smilax-officinalis\/\",\"url\":\"https:\/\/www.erboristerie.com\/it\/prodotto\/salsapariglia-radice-taglio-tisana-smilax-officinalis\/\",\"name\":\"Salsapariglia radice taglio tisana (Smilax officinalis) - Erboristeria Demetra\",\"isPartOf\":{\"@id\":\"https:\/\/www.erboristerie.com\/it\/#website\"},\"primaryImageOfPage\":{\"@id\":\"https:\/\/www.erboristerie.com\/it\/prodotto\/salsapariglia-radice-taglio-tisana-smilax-officinalis\/#primaryimage\"},\"image\":{\"@id\":\"https:\/\/www.erboristerie.com\/it\/prodotto\/salsapariglia-radice-taglio-tisana-smilax-officinalis\/#primaryimage\"},\"thumbnailUrl\":\"https:\/\/www.erboristerie.com\/wp-content\/uploads\/2019\/01\/products-00001716.jpg\",\"datePublished\":\"2008-05-09T10:45:11+00:00\",\"dateModified\":\"2025-02-21T09:50:55+00:00\",\"description\":\"La radice di Salsapariglia (Smilax officinalis) \u00e8 tradizionalmente conosciuta per le sue propriet\u00e0 depurative e detossificanti.\",\"breadcrumb\":{\"@id\":\"https:\/\/www.erboristerie.com\/it\/prodotto\/salsapariglia-radice-taglio-tisana-smilax-officinalis\/#breadcrumb\"},\"inLanguage\":\"en-US\",\"potentialAction\":[{\"@type\":\"ReadAction\",\"target\":[\"https:\/\/www.erboristerie.com\/it\/prodotto\/salsapariglia-radice-taglio-tisana-smilax-officinalis\/\"]}]},{\"@type\":\"ImageObject\",\"inLanguage\":\"en-US\",\"@id\":\"https:\/\/www.erboristerie.com\/it\/prodotto\/salsapariglia-radice-taglio-tisana-smilax-officinalis\/#primaryimage\",\"url\":\"https:\/\/www.erboristerie.com\/wp-content\/uploads\/2019\/01\/products-00001716.jpg\",\"contentUrl\":\"https:\/\/www.erboristerie.com\/wp-content\/uploads\/2019\/01\/products-00001716.jpg\",\"width\":350,\"height\":458,\"caption\":\"Erbe officinali\"},{\"@type\":\"BreadcrumbList\",\"@id\":\"https:\/\/www.erboristerie.com\/it\/prodotto\/salsapariglia-radice-taglio-tisana-smilax-officinalis\/#breadcrumb\",\"itemListElement\":[{\"@type\":\"ListItem\",\"position\":1,\"name\":\"Home\",\"item\":\"https:\/\/www.erboristerie.com\/en\/\"},{\"@type\":\"ListItem\",\"position\":2,\"name\":\"All products\",\"item\":\"https:\/\/www.erboristerie.com\/en\/all-products\/\"},{\"@type\":\"ListItem\",\"position\":3,\"name\":\"Salsapariglia radice taglio tisana (Smilax officinalis)\"}]},{\"@type\":\"WebSite\",\"@id\":\"https:\/\/www.erboristerie.com\/it\/#website\",\"url\":\"https:\/\/www.erboristerie.com\/it\/\",\"name\":\"Erboristeria Demetra\",\"description\":\"Your natural health\",\"publisher\":{\"@id\":\"https:\/\/www.erboristerie.com\/it\/#organization\"},\"potentialAction\":[{\"@type\":\"SearchAction\",\"target\":{\"@type\":\"EntryPoint\",\"urlTemplate\":\"https:\/\/www.erboristerie.com\/it\/?s={search_term_string}\"},\"query-input\":{\"@type\":\"PropertyValueSpecification\",\"valueRequired\":true,\"valueName\":\"search_term_string\"}}],\"inLanguage\":\"en-US\"},{\"@type\":\"Organization\",\"@id\":\"https:\/\/www.erboristerie.com\/it\/#organization\",\"name\":\"Erboristeria Demetra\",\"url\":\"https:\/\/www.erboristerie.com\/it\/\",\"logo\":{\"@type\":\"ImageObject\",\"inLanguage\":\"en-US\",\"@id\":\"https:\/\/www.erboristerie.com\/it\/#\/schema\/logo\/image\/\",\"url\":\"https:\/\/www.erboristerie.com\/wp-content\/uploads\/2019\/11\/LOGO_ERBORISTERIA_DEMETRA_original.png?v=1611516981\",\"contentUrl\":\"https:\/\/www.erboristerie.com\/wp-content\/uploads\/2019\/11\/LOGO_ERBORISTERIA_DEMETRA_original.png?v=1611516981\",\"width\":201,\"height\":54,\"caption\":\"Erboristeria Demetra\"},\"image\":{\"@id\":\"https:\/\/www.erboristerie.com\/it\/#\/schema\/logo\/image\/\"},\"sameAs\":[\"https:\/\/www.facebook.com\/erboristeria.demetra.online\"]}]}<\/script>\n<!-- \/ Yoast SEO plugin. -->","yoast_head_json":{"title":"Salsapariglia radice taglio tisana (Smilax officinalis) - Erboristeria Demetra","description":"La radice di Salsapariglia (Smilax officinalis) \u00e8 tradizionalmente conosciuta per le sue propriet\u00e0 depurative e detossificanti.","robots":{"index":"index","follow":"follow","max-snippet":"max-snippet:-1","max-image-preview":"max-image-preview:large","max-video-preview":"max-video-preview:-1"},"canonical":"https:\/\/www.erboristerie.com\/it\/prodotto\/salsapariglia-radice-taglio-tisana-smilax-officinalis\/","og_locale":"en_US","og_type":"article","og_title":"Salsapariglia radice taglio tisana (Smilax officinalis) - Erboristeria Demetra","og_description":"La radice di Salsapariglia (Smilax officinalis) \u00e8 tradizionalmente conosciuta per le sue propriet\u00e0 depurative e detossificanti.","og_url":"https:\/\/www.erboristerie.com\/it\/prodotto\/salsapariglia-radice-taglio-tisana-smilax-officinalis\/","og_site_name":"Erboristeria Demetra","article_publisher":"https:\/\/www.facebook.com\/erboristeria.demetra.online","article_modified_time":"2025-02-21T09:50:55+00:00","og_image":[{"width":350,"height":458,"url":"https:\/\/www.erboristerie.com\/wp-content\/uploads\/2019\/01\/products-00001716.jpg","type":"image\/jpeg"}],"twitter_card":"summary_large_image","twitter_misc":{"Est. reading time":"1 minute"},"schema":{"@context":"https:\/\/schema.org","@graph":[{"@type":"WebPage","@id":"https:\/\/www.erboristerie.com\/it\/prodotto\/salsapariglia-radice-taglio-tisana-smilax-officinalis\/","url":"https:\/\/www.erboristerie.com\/it\/prodotto\/salsapariglia-radice-taglio-tisana-smilax-officinalis\/","name":"Salsapariglia radice taglio tisana (Smilax officinalis) - Erboristeria Demetra","isPartOf":{"@id":"https:\/\/www.erboristerie.com\/it\/#website"},"primaryImageOfPage":{"@id":"https:\/\/www.erboristerie.com\/it\/prodotto\/salsapariglia-radice-taglio-tisana-smilax-officinalis\/#primaryimage"},"image":{"@id":"https:\/\/www.erboristerie.com\/it\/prodotto\/salsapariglia-radice-taglio-tisana-smilax-officinalis\/#primaryimage"},"thumbnailUrl":"https:\/\/www.erboristerie.com\/wp-content\/uploads\/2019\/01\/products-00001716.jpg","datePublished":"2008-05-09T10:45:11+00:00","dateModified":"2025-02-21T09:50:55+00:00","description":"La radice di Salsapariglia (Smilax officinalis) \u00e8 tradizionalmente conosciuta per le sue propriet\u00e0 depurative e detossificanti.","breadcrumb":{"@id":"https:\/\/www.erboristerie.com\/it\/prodotto\/salsapariglia-radice-taglio-tisana-smilax-officinalis\/#breadcrumb"},"inLanguage":"en-US","potentialAction":[{"@type":"ReadAction","target":["https:\/\/www.erboristerie.com\/it\/prodotto\/salsapariglia-radice-taglio-tisana-smilax-officinalis\/"]}]},{"@type":"ImageObject","inLanguage":"en-US","@id":"https:\/\/www.erboristerie.com\/it\/prodotto\/salsapariglia-radice-taglio-tisana-smilax-officinalis\/#primaryimage","url":"https:\/\/www.erboristerie.com\/wp-content\/uploads\/2019\/01\/products-00001716.jpg","contentUrl":"https:\/\/www.erboristerie.com\/wp-content\/uploads\/2019\/01\/products-00001716.jpg","width":350,"height":458,"caption":"Erbe officinali"},{"@type":"BreadcrumbList","@id":"https:\/\/www.erboristerie.com\/it\/prodotto\/salsapariglia-radice-taglio-tisana-smilax-officinalis\/#breadcrumb","itemListElement":[{"@type":"ListItem","position":1,"name":"Home","item":"https:\/\/www.erboristerie.com\/en\/"},{"@type":"ListItem","position":2,"name":"All products","item":"https:\/\/www.erboristerie.com\/en\/all-products\/"},{"@type":"ListItem","position":3,"name":"Salsapariglia radice taglio tisana (Smilax officinalis)"}]},{"@type":"WebSite","@id":"https:\/\/www.erboristerie.com\/it\/#website","url":"https:\/\/www.erboristerie.com\/it\/","name":"Erboristeria Demetra","description":"Your natural health","publisher":{"@id":"https:\/\/www.erboristerie.com\/it\/#organization"},"potentialAction":[{"@type":"SearchAction","target":{"@type":"EntryPoint","urlTemplate":"https:\/\/www.erboristerie.com\/it\/?s={search_term_string}"},"query-input":{"@type":"PropertyValueSpecification","valueRequired":true,"valueName":"search_term_string"}}],"inLanguage":"en-US"},{"@type":"Organization","@id":"https:\/\/www.erboristerie.com\/it\/#organization","name":"Erboristeria Demetra","url":"https:\/\/www.erboristerie.com\/it\/","logo":{"@type":"ImageObject","inLanguage":"en-US","@id":"https:\/\/www.erboristerie.com\/it\/#\/schema\/logo\/image\/","url":"https:\/\/www.erboristerie.com\/wp-content\/uploads\/2019\/11\/LOGO_ERBORISTERIA_DEMETRA_original.png?v=1611516981","contentUrl":"https:\/\/www.erboristerie.com\/wp-content\/uploads\/2019\/11\/LOGO_ERBORISTERIA_DEMETRA_original.png?v=1611516981","width":201,"height":54,"caption":"Erboristeria Demetra"},"image":{"@id":"https:\/\/www.erboristerie.com\/it\/#\/schema\/logo\/image\/"},"sameAs":["https:\/\/www.facebook.com\/erboristeria.demetra.online"]}]}},"_links":{"self":[{"href":"https:\/\/www.erboristerie.com\/en\/wp-json\/wp\/v2\/product\/52754","targetHints":{"allow":["GET"]}}],"collection":[{"href":"https:\/\/www.erboristerie.com\/en\/wp-json\/wp\/v2\/product"}],"about":[{"href":"https:\/\/www.erboristerie.com\/en\/wp-json\/wp\/v2\/types\/product"}],"wp:featuredmedia":[{"embeddable":true,"href":"https:\/\/www.erboristerie.com\/en\/wp-json\/wp\/v2\/media\/50903"}],"wp:attachment":[{"href":"https:\/\/www.erboristerie.com\/en\/wp-json\/wp\/v2\/media?parent=52754"}],"wp:term":[{"taxonomy":"product_brand","embeddable":true,"href":"https:\/\/www.erboristerie.com\/en\/wp-json\/wp\/v2\/product_brand?post=52754"},{"taxonomy":"product_cat","embeddable":true,"href":"https:\/\/www.erboristerie.com\/en\/wp-json\/wp\/v2\/product_cat?post=52754"},{"taxonomy":"product_tag","embeddable":true,"href":"https:\/\/www.erboristerie.com\/en\/wp-json\/wp\/v2\/product_tag?post=52754"},{"taxonomy":"giftcard-category","embeddable":true,"href":"https:\/\/www.erboristerie.com\/en\/wp-json\/wp\/v2\/giftcard-category?post=52754"}],"curies":[{"name":"wp","href":"https:\/\/api.w.org\/{rel}","templated":true}]}}