{"id":52738,"date":"2008-05-09T12:45:10","date_gmt":"2008-05-09T10:45:10","guid":{"rendered":"http:\/\/www.erboristerie.com\/?post_type=product&#038;p=52738"},"modified":"2025-11-12T09:37:10","modified_gmt":"2025-11-12T08:37:10","slug":"incenso-granelli-boswellia-carteri-boswellia-species","status":"publish","type":"product","link":"https:\/\/www.erboristerie.com\/en\/prodotto\/incenso-granelli-boswellia-carteri-boswellia-species\/","title":{"rendered":"Incenso granelli (Boswellia carteri \u2013 Boswellia species)"},"content":{"rendered":"<p><strong>Grani di Incenso (Boswellia carteri \u2013 Boswellia species)<\/strong><\/p>\n<p>L\u2019Incenso \u00e8 una resina naturale estratta dalla corteccia della Boswellia carteri e di altre specie del genere Boswellia.<\/p>\n<p>Conosciuto e utilizzato fin dall\u2019antichit\u00e0, \u00e8 apprezzato per il suo aroma intenso e balsamico, oltre che per le sue propriet\u00e0 purificanti e rilassanti.<\/p>\n<p>Tradizionalmente impiegato in fumigazioni, rituali e meditazione, l\u2019incenso \u00e8 anche utilizzato in preparazioni erboristiche e tisane, in particolare per favorire il benessere delle vie respiratorie e contrastare le tensioni.<\/p>\n<p><strong>Modalit\u00e0 d\u2019uso<\/strong><\/p>\n<p><strong>Per diffusione aromatica:<\/strong> bruciare i grani su carboncini o diffusori specifici per incenso.<\/p>\n<p><strong>Per infuso:<\/strong> lasciare in infusione 1 cucchiaino di grani in acqua bollente per 10-15 minuti, quindi filtrare. Si consiglia di berne 1-2 tazze al giorno.<\/p>\n<p>Un prodotto naturale e versatile, perfetto per chi desidera un momento di rilassamento e purificazione.<\/p>\n","protected":false},"excerpt":{"rendered":"<p>Grani di Incenso (Boswellia carteri \u2013 Boswellia species) L\u2019Incenso \u00e8 una resina naturale estratta dalla corteccia della Boswellia carteri e di altre specie del genere Boswellia. Conosciuto e utilizzato fin dall\u2019antichit\u00e0, \u00e8 apprezzato per il suo aroma intenso e balsamico, oltre che per le sue&#8230;<\/p>\n","protected":false},"featured_media":50903,"template":"","meta":{"_acf_changed":false},"product_brand":[9601],"product_cat":[10063,9675],"product_tag":[11681,10952,11684,11682,11683],"giftcard-category":[],"class_list":{"0":"post-52738","1":"product","2":"type-product","3":"status-publish","4":"has-post-thumbnail","6":"product_brand-brisighello-pietro-fu-e","7":"product_cat-erbe-g-i-k-l","8":"product_cat-incensi-e-incenserie","9":"product_tag-boswelia","10":"product_tag-gr","11":"product_tag-granelli","12":"product_tag-incenso","13":"product_tag-species","14":"pa_tipologia-erbe-sfuse","16":"first","17":"instock","18":"sale","19":"taxable","20":"shipping-taxable","21":"purchasable","22":"product-type-variable"},"acf":[],"yoast_head":"<!-- This site is optimized with the Yoast SEO plugin v24.9 - https:\/\/yoast.com\/wordpress\/plugins\/seo\/ -->\n<title>Incenso granelli (Boswellia carteri \u2013 Boswellia species) - Erboristeria Demetra<\/title>\n<meta name=\"description\" content=\"L&#039;Incenso \u00e8 conosciuto e utilizzato fin dall\u2019antichit\u00e0. Apprezzato per il suo aroma intenso e balsamico e per le sue propriet\u00e0 purificanti e rilassanti.\" \/>\n<meta name=\"robots\" content=\"index, follow, max-snippet:-1, max-image-preview:large, max-video-preview:-1\" \/>\n<link rel=\"canonical\" href=\"https:\/\/www.erboristerie.com\/it\/prodotto\/incenso-granelli-boswellia-carteri-boswellia-species\/\" \/>\n<meta property=\"og:locale\" content=\"en_US\" \/>\n<meta property=\"og:type\" content=\"article\" \/>\n<meta property=\"og:title\" content=\"Incenso granelli (Boswellia carteri \u2013 Boswellia species) - Erboristeria Demetra\" \/>\n<meta property=\"og:description\" content=\"L&#039;Incenso \u00e8 conosciuto e utilizzato fin dall\u2019antichit\u00e0. Apprezzato per il suo aroma intenso e balsamico e per le sue propriet\u00e0 purificanti e rilassanti.\" \/>\n<meta property=\"og:url\" content=\"https:\/\/www.erboristerie.com\/it\/prodotto\/incenso-granelli-boswellia-carteri-boswellia-species\/\" \/>\n<meta property=\"og:site_name\" content=\"Erboristeria Demetra\" \/>\n<meta property=\"article:publisher\" content=\"https:\/\/www.facebook.com\/erboristeria.demetra.online\" \/>\n<meta property=\"article:modified_time\" content=\"2025-11-12T08:37:10+00:00\" \/>\n<meta property=\"og:image\" content=\"https:\/\/www.erboristerie.com\/wp-content\/uploads\/2019\/01\/products-00001716.jpg\" \/>\n\t<meta property=\"og:image:width\" content=\"350\" \/>\n\t<meta property=\"og:image:height\" content=\"458\" \/>\n\t<meta property=\"og:image:type\" content=\"image\/jpeg\" \/>\n<meta name=\"twitter:card\" content=\"summary_large_image\" \/>\n<meta name=\"twitter:label1\" content=\"Est. reading time\" \/>\n\t<meta name=\"twitter:data1\" content=\"1 minute\" \/>\n<script type=\"application\/ld+json\" class=\"yoast-schema-graph\">{\"@context\":\"https:\/\/schema.org\",\"@graph\":[{\"@type\":\"WebPage\",\"@id\":\"https:\/\/www.erboristerie.com\/it\/prodotto\/incenso-granelli-boswellia-carteri-boswellia-species\/\",\"url\":\"https:\/\/www.erboristerie.com\/it\/prodotto\/incenso-granelli-boswellia-carteri-boswellia-species\/\",\"name\":\"Incenso granelli (Boswellia carteri \u2013 Boswellia species) - Erboristeria Demetra\",\"isPartOf\":{\"@id\":\"https:\/\/www.erboristerie.com\/it\/#website\"},\"primaryImageOfPage\":{\"@id\":\"https:\/\/www.erboristerie.com\/it\/prodotto\/incenso-granelli-boswellia-carteri-boswellia-species\/#primaryimage\"},\"image\":{\"@id\":\"https:\/\/www.erboristerie.com\/it\/prodotto\/incenso-granelli-boswellia-carteri-boswellia-species\/#primaryimage\"},\"thumbnailUrl\":\"https:\/\/www.erboristerie.com\/wp-content\/uploads\/2019\/01\/products-00001716.jpg\",\"datePublished\":\"2008-05-09T10:45:10+00:00\",\"dateModified\":\"2025-11-12T08:37:10+00:00\",\"description\":\"L'Incenso \u00e8 conosciuto e utilizzato fin dall\u2019antichit\u00e0. Apprezzato per il suo aroma intenso e balsamico e per le sue propriet\u00e0 purificanti e rilassanti.\",\"breadcrumb\":{\"@id\":\"https:\/\/www.erboristerie.com\/it\/prodotto\/incenso-granelli-boswellia-carteri-boswellia-species\/#breadcrumb\"},\"inLanguage\":\"en-US\",\"potentialAction\":[{\"@type\":\"ReadAction\",\"target\":[\"https:\/\/www.erboristerie.com\/it\/prodotto\/incenso-granelli-boswellia-carteri-boswellia-species\/\"]}]},{\"@type\":\"ImageObject\",\"inLanguage\":\"en-US\",\"@id\":\"https:\/\/www.erboristerie.com\/it\/prodotto\/incenso-granelli-boswellia-carteri-boswellia-species\/#primaryimage\",\"url\":\"https:\/\/www.erboristerie.com\/wp-content\/uploads\/2019\/01\/products-00001716.jpg\",\"contentUrl\":\"https:\/\/www.erboristerie.com\/wp-content\/uploads\/2019\/01\/products-00001716.jpg\",\"width\":350,\"height\":458,\"caption\":\"Erbe officinali\"},{\"@type\":\"BreadcrumbList\",\"@id\":\"https:\/\/www.erboristerie.com\/it\/prodotto\/incenso-granelli-boswellia-carteri-boswellia-species\/#breadcrumb\",\"itemListElement\":[{\"@type\":\"ListItem\",\"position\":1,\"name\":\"Home\",\"item\":\"https:\/\/www.erboristerie.com\/en\/\"},{\"@type\":\"ListItem\",\"position\":2,\"name\":\"All products\",\"item\":\"https:\/\/www.erboristerie.com\/en\/all-products\/\"},{\"@type\":\"ListItem\",\"position\":3,\"name\":\"Incenso granelli (Boswellia carteri \u2013 Boswellia species)\"}]},{\"@type\":\"WebSite\",\"@id\":\"https:\/\/www.erboristerie.com\/it\/#website\",\"url\":\"https:\/\/www.erboristerie.com\/it\/\",\"name\":\"Erboristeria Demetra\",\"description\":\"Your natural health\",\"publisher\":{\"@id\":\"https:\/\/www.erboristerie.com\/it\/#organization\"},\"potentialAction\":[{\"@type\":\"SearchAction\",\"target\":{\"@type\":\"EntryPoint\",\"urlTemplate\":\"https:\/\/www.erboristerie.com\/it\/?s={search_term_string}\"},\"query-input\":{\"@type\":\"PropertyValueSpecification\",\"valueRequired\":true,\"valueName\":\"search_term_string\"}}],\"inLanguage\":\"en-US\"},{\"@type\":\"Organization\",\"@id\":\"https:\/\/www.erboristerie.com\/it\/#organization\",\"name\":\"Erboristeria Demetra\",\"url\":\"https:\/\/www.erboristerie.com\/it\/\",\"logo\":{\"@type\":\"ImageObject\",\"inLanguage\":\"en-US\",\"@id\":\"https:\/\/www.erboristerie.com\/it\/#\/schema\/logo\/image\/\",\"url\":\"https:\/\/www.erboristerie.com\/wp-content\/uploads\/2019\/11\/LOGO_ERBORISTERIA_DEMETRA_original.png?v=1611516981\",\"contentUrl\":\"https:\/\/www.erboristerie.com\/wp-content\/uploads\/2019\/11\/LOGO_ERBORISTERIA_DEMETRA_original.png?v=1611516981\",\"width\":201,\"height\":54,\"caption\":\"Erboristeria Demetra\"},\"image\":{\"@id\":\"https:\/\/www.erboristerie.com\/it\/#\/schema\/logo\/image\/\"},\"sameAs\":[\"https:\/\/www.facebook.com\/erboristeria.demetra.online\"]}]}<\/script>\n<!-- \/ Yoast SEO plugin. -->","yoast_head_json":{"title":"Incenso granelli (Boswellia carteri \u2013 Boswellia species) - Erboristeria Demetra","description":"L'Incenso \u00e8 conosciuto e utilizzato fin dall\u2019antichit\u00e0. Apprezzato per il suo aroma intenso e balsamico e per le sue propriet\u00e0 purificanti e rilassanti.","robots":{"index":"index","follow":"follow","max-snippet":"max-snippet:-1","max-image-preview":"max-image-preview:large","max-video-preview":"max-video-preview:-1"},"canonical":"https:\/\/www.erboristerie.com\/it\/prodotto\/incenso-granelli-boswellia-carteri-boswellia-species\/","og_locale":"en_US","og_type":"article","og_title":"Incenso granelli (Boswellia carteri \u2013 Boswellia species) - Erboristeria Demetra","og_description":"L'Incenso \u00e8 conosciuto e utilizzato fin dall\u2019antichit\u00e0. Apprezzato per il suo aroma intenso e balsamico e per le sue propriet\u00e0 purificanti e rilassanti.","og_url":"https:\/\/www.erboristerie.com\/it\/prodotto\/incenso-granelli-boswellia-carteri-boswellia-species\/","og_site_name":"Erboristeria Demetra","article_publisher":"https:\/\/www.facebook.com\/erboristeria.demetra.online","article_modified_time":"2025-11-12T08:37:10+00:00","og_image":[{"width":350,"height":458,"url":"https:\/\/www.erboristerie.com\/wp-content\/uploads\/2019\/01\/products-00001716.jpg","type":"image\/jpeg"}],"twitter_card":"summary_large_image","twitter_misc":{"Est. reading time":"1 minute"},"schema":{"@context":"https:\/\/schema.org","@graph":[{"@type":"WebPage","@id":"https:\/\/www.erboristerie.com\/it\/prodotto\/incenso-granelli-boswellia-carteri-boswellia-species\/","url":"https:\/\/www.erboristerie.com\/it\/prodotto\/incenso-granelli-boswellia-carteri-boswellia-species\/","name":"Incenso granelli (Boswellia carteri \u2013 Boswellia species) - Erboristeria Demetra","isPartOf":{"@id":"https:\/\/www.erboristerie.com\/it\/#website"},"primaryImageOfPage":{"@id":"https:\/\/www.erboristerie.com\/it\/prodotto\/incenso-granelli-boswellia-carteri-boswellia-species\/#primaryimage"},"image":{"@id":"https:\/\/www.erboristerie.com\/it\/prodotto\/incenso-granelli-boswellia-carteri-boswellia-species\/#primaryimage"},"thumbnailUrl":"https:\/\/www.erboristerie.com\/wp-content\/uploads\/2019\/01\/products-00001716.jpg","datePublished":"2008-05-09T10:45:10+00:00","dateModified":"2025-11-12T08:37:10+00:00","description":"L'Incenso \u00e8 conosciuto e utilizzato fin dall\u2019antichit\u00e0. Apprezzato per il suo aroma intenso e balsamico e per le sue propriet\u00e0 purificanti e rilassanti.","breadcrumb":{"@id":"https:\/\/www.erboristerie.com\/it\/prodotto\/incenso-granelli-boswellia-carteri-boswellia-species\/#breadcrumb"},"inLanguage":"en-US","potentialAction":[{"@type":"ReadAction","target":["https:\/\/www.erboristerie.com\/it\/prodotto\/incenso-granelli-boswellia-carteri-boswellia-species\/"]}]},{"@type":"ImageObject","inLanguage":"en-US","@id":"https:\/\/www.erboristerie.com\/it\/prodotto\/incenso-granelli-boswellia-carteri-boswellia-species\/#primaryimage","url":"https:\/\/www.erboristerie.com\/wp-content\/uploads\/2019\/01\/products-00001716.jpg","contentUrl":"https:\/\/www.erboristerie.com\/wp-content\/uploads\/2019\/01\/products-00001716.jpg","width":350,"height":458,"caption":"Erbe officinali"},{"@type":"BreadcrumbList","@id":"https:\/\/www.erboristerie.com\/it\/prodotto\/incenso-granelli-boswellia-carteri-boswellia-species\/#breadcrumb","itemListElement":[{"@type":"ListItem","position":1,"name":"Home","item":"https:\/\/www.erboristerie.com\/en\/"},{"@type":"ListItem","position":2,"name":"All products","item":"https:\/\/www.erboristerie.com\/en\/all-products\/"},{"@type":"ListItem","position":3,"name":"Incenso granelli (Boswellia carteri \u2013 Boswellia species)"}]},{"@type":"WebSite","@id":"https:\/\/www.erboristerie.com\/it\/#website","url":"https:\/\/www.erboristerie.com\/it\/","name":"Erboristeria Demetra","description":"Your natural health","publisher":{"@id":"https:\/\/www.erboristerie.com\/it\/#organization"},"potentialAction":[{"@type":"SearchAction","target":{"@type":"EntryPoint","urlTemplate":"https:\/\/www.erboristerie.com\/it\/?s={search_term_string}"},"query-input":{"@type":"PropertyValueSpecification","valueRequired":true,"valueName":"search_term_string"}}],"inLanguage":"en-US"},{"@type":"Organization","@id":"https:\/\/www.erboristerie.com\/it\/#organization","name":"Erboristeria Demetra","url":"https:\/\/www.erboristerie.com\/it\/","logo":{"@type":"ImageObject","inLanguage":"en-US","@id":"https:\/\/www.erboristerie.com\/it\/#\/schema\/logo\/image\/","url":"https:\/\/www.erboristerie.com\/wp-content\/uploads\/2019\/11\/LOGO_ERBORISTERIA_DEMETRA_original.png?v=1611516981","contentUrl":"https:\/\/www.erboristerie.com\/wp-content\/uploads\/2019\/11\/LOGO_ERBORISTERIA_DEMETRA_original.png?v=1611516981","width":201,"height":54,"caption":"Erboristeria Demetra"},"image":{"@id":"https:\/\/www.erboristerie.com\/it\/#\/schema\/logo\/image\/"},"sameAs":["https:\/\/www.facebook.com\/erboristeria.demetra.online"]}]}},"_links":{"self":[{"href":"https:\/\/www.erboristerie.com\/en\/wp-json\/wp\/v2\/product\/52738","targetHints":{"allow":["GET"]}}],"collection":[{"href":"https:\/\/www.erboristerie.com\/en\/wp-json\/wp\/v2\/product"}],"about":[{"href":"https:\/\/www.erboristerie.com\/en\/wp-json\/wp\/v2\/types\/product"}],"wp:featuredmedia":[{"embeddable":true,"href":"https:\/\/www.erboristerie.com\/en\/wp-json\/wp\/v2\/media\/50903"}],"wp:attachment":[{"href":"https:\/\/www.erboristerie.com\/en\/wp-json\/wp\/v2\/media?parent=52738"}],"wp:term":[{"taxonomy":"product_brand","embeddable":true,"href":"https:\/\/www.erboristerie.com\/en\/wp-json\/wp\/v2\/product_brand?post=52738"},{"taxonomy":"product_cat","embeddable":true,"href":"https:\/\/www.erboristerie.com\/en\/wp-json\/wp\/v2\/product_cat?post=52738"},{"taxonomy":"product_tag","embeddable":true,"href":"https:\/\/www.erboristerie.com\/en\/wp-json\/wp\/v2\/product_tag?post=52738"},{"taxonomy":"giftcard-category","embeddable":true,"href":"https:\/\/www.erboristerie.com\/en\/wp-json\/wp\/v2\/giftcard-category?post=52738"}],"curies":[{"name":"wp","href":"https:\/\/api.w.org\/{rel}","templated":true}]}}