{"id":52650,"date":"2008-05-09T12:45:10","date_gmt":"2008-05-09T10:45:10","guid":{"rendered":"http:\/\/www.erboristerie.com\/?post_type=product&#038;p=52650"},"modified":"2025-02-20T21:57:02","modified_gmt":"2025-02-20T20:57:02","slug":"erbe-svizzere-o-te-del-nilo-o-midro-taglio-granetta-o-filtro","status":"publish","type":"product","link":"https:\/\/www.erboristerie.com\/en\/prodotto\/erbe-svizzere-o-te-del-nilo-o-midro-taglio-granetta-o-filtro\/","title":{"rendered":"Erbe Svizzere o T\u00e8 del Nilo o Midro taglio granetta per l&#8217;intestino pigro"},"content":{"rendered":"<p data-start=\"0\" data-end=\"84\"><strong>Erbe Svizzere o T\u00e8 del Nilo o Midro in taglio granetta, detto anche taglio filtro.<\/strong><\/p>\n<p data-start=\"86\" data-end=\"250\">Questa miscela \u00e8 composta da erbe accuratamente selezionate e lavorate in una granulometria fine, che ne permette l\u2019assunzione anche senza necessit\u00e0 di infusione.<\/p>\n<p data-start=\"252\" data-end=\"408\"><strong data-start=\"252\" data-end=\"269\">Composizione<\/strong><\/p>\n<p data-start=\"252\" data-end=\"408\">73% <strong>Senna (Cassia<\/strong> <strong>angustifolia)<\/strong>.<br data-start=\"296\" data-end=\"299\" \/>11% <strong>Cumino (Carum carvi)<\/strong> frutti.<br data-start=\"322\" data-end=\"325\" \/>11% <strong>Menta (Mentha piperita)<\/strong> foglie.<br data-start=\"352\" data-end=\"355\" data-is-only-node=\"\" \/>7% <strong>Liquirizia (Glycyrrhiza Glabra)<\/strong> radice.<br data-start=\"376\" data-end=\"379\" \/>2% <strong>Malva (Malva sylvestris)<\/strong> foglie.<\/p>\n<p data-start=\"410\" data-end=\"827\">Questo prodotto \u00e8 tradizionalmente <strong>utilizzato per favorire la regolarit\u00e0 del transito intestinale<\/strong>, grazie all\u2019azione combinata della Cassia angustifolia (senna), che stimola delicatamente l\u2019intestino, del Carum carvi (cumino), noto per le sue propriet\u00e0 digestive, della Menta piperita, della Liquirizia e della Malva, che aiutano a ridurre eventuali crampi e a favorire un effetto lenitivo sulla mucosa intestinale.<\/p>\n<p data-start=\"829\" data-end=\"969\"><strong data-start=\"829\" data-end=\"844\">Modo d&#8217;uso<\/strong><\/p>\n<p data-start=\"829\" data-end=\"969\">Assumere 1 cucchiaino tal quale, accompagnato da un bicchiere d\u2019acqua o da una bevanda calda, preferibilmente alla sera.<\/p>\n<p data-start=\"971\" data-end=\"1014\" data-is-last-node=\"\" data-is-only-node=\"\"><strong data-start=\"971\" data-end=\"1004\">Dose giornaliera consigliata:<\/strong> 3 grammi.<\/p>\n","protected":false},"excerpt":{"rendered":"<p>Erbe Svizzere o T\u00e8 del Nilo o Midro in taglio granetta, detto anche taglio filtro. Questa miscela \u00e8 composta da erbe accuratamente selezionate e lavorate in una granulometria fine, che ne permette l\u2019assunzione anche senza necessit\u00e0 di infusione. Composizione 73% Senna (Cassia angustifolia).11% Cumino (Carum&#8230;<\/p>\n","protected":false},"featured_media":50903,"template":"","meta":{"_acf_changed":false},"product_brand":[9601],"product_cat":[10067],"product_tag":[10689,11181,21103,11598,11597,11596],"giftcard-category":[],"class_list":{"0":"post-52650","1":"product","2":"type-product","3":"status-publish","4":"has-post-thumbnail","6":"product_brand-brisighello-pietro-fu-e","7":"product_cat-erbe-m-n","8":"product_tag-del","9":"product_tag-erbe","10":"product_tag-gr-2","11":"product_tag-midro","12":"product_tag-nilo","13":"product_tag-svizzere","14":"pa_tipologia-erbe-sfuse","16":"first","17":"instock","18":"sale","19":"taxable","20":"shipping-taxable","21":"purchasable","22":"product-type-variable"},"acf":[],"yoast_head":"<!-- This site is optimized with the Yoast SEO plugin v24.9 - https:\/\/yoast.com\/wordpress\/plugins\/seo\/ -->\n<title>Erbe Svizzere o T\u00e8 del Nilo o Midro taglio granetta per l&#039;intestino pigro - Erboristeria Demetra<\/title>\n<meta name=\"description\" content=\"Questo prodotto \u00e8 tradizionalmente utilizzato per favorire la regolarit\u00e0 del transito intestinale, grazie all\u2019azione combinata della sua formula\" \/>\n<meta name=\"robots\" content=\"index, follow, max-snippet:-1, max-image-preview:large, max-video-preview:-1\" \/>\n<link rel=\"canonical\" href=\"https:\/\/www.erboristerie.com\/it\/prodotto\/erbe-svizzere-o-te-del-nilo-o-midro-taglio-granetta-o-filtro\/\" \/>\n<meta property=\"og:locale\" content=\"en_US\" \/>\n<meta property=\"og:type\" content=\"article\" \/>\n<meta property=\"og:title\" content=\"Erbe Svizzere o T\u00e8 del Nilo o Midro taglio granetta per l&#039;intestino pigro - Erboristeria Demetra\" \/>\n<meta property=\"og:description\" content=\"Questo prodotto \u00e8 tradizionalmente utilizzato per favorire la regolarit\u00e0 del transito intestinale, grazie all\u2019azione combinata della sua formula\" \/>\n<meta property=\"og:url\" content=\"https:\/\/www.erboristerie.com\/it\/prodotto\/erbe-svizzere-o-te-del-nilo-o-midro-taglio-granetta-o-filtro\/\" \/>\n<meta property=\"og:site_name\" content=\"Erboristeria Demetra\" \/>\n<meta property=\"article:publisher\" content=\"https:\/\/www.facebook.com\/erboristeria.demetra.online\" \/>\n<meta property=\"article:modified_time\" content=\"2025-02-20T20:57:02+00:00\" \/>\n<meta property=\"og:image\" content=\"https:\/\/www.erboristerie.com\/wp-content\/uploads\/2019\/01\/products-00001716.jpg\" \/>\n\t<meta property=\"og:image:width\" content=\"350\" \/>\n\t<meta property=\"og:image:height\" content=\"458\" \/>\n\t<meta property=\"og:image:type\" content=\"image\/jpeg\" \/>\n<meta name=\"twitter:card\" content=\"summary_large_image\" \/>\n<meta name=\"twitter:label1\" content=\"Est. reading time\" \/>\n\t<meta name=\"twitter:data1\" content=\"1 minute\" \/>\n<script type=\"application\/ld+json\" class=\"yoast-schema-graph\">{\"@context\":\"https:\/\/schema.org\",\"@graph\":[{\"@type\":\"WebPage\",\"@id\":\"https:\/\/www.erboristerie.com\/it\/prodotto\/erbe-svizzere-o-te-del-nilo-o-midro-taglio-granetta-o-filtro\/\",\"url\":\"https:\/\/www.erboristerie.com\/it\/prodotto\/erbe-svizzere-o-te-del-nilo-o-midro-taglio-granetta-o-filtro\/\",\"name\":\"Erbe Svizzere o T\u00e8 del Nilo o Midro taglio granetta per l'intestino pigro - Erboristeria Demetra\",\"isPartOf\":{\"@id\":\"https:\/\/www.erboristerie.com\/it\/#website\"},\"primaryImageOfPage\":{\"@id\":\"https:\/\/www.erboristerie.com\/it\/prodotto\/erbe-svizzere-o-te-del-nilo-o-midro-taglio-granetta-o-filtro\/#primaryimage\"},\"image\":{\"@id\":\"https:\/\/www.erboristerie.com\/it\/prodotto\/erbe-svizzere-o-te-del-nilo-o-midro-taglio-granetta-o-filtro\/#primaryimage\"},\"thumbnailUrl\":\"https:\/\/www.erboristerie.com\/wp-content\/uploads\/2019\/01\/products-00001716.jpg\",\"datePublished\":\"2008-05-09T10:45:10+00:00\",\"dateModified\":\"2025-02-20T20:57:02+00:00\",\"description\":\"Questo prodotto \u00e8 tradizionalmente utilizzato per favorire la regolarit\u00e0 del transito intestinale, grazie all\u2019azione combinata della sua formula\",\"breadcrumb\":{\"@id\":\"https:\/\/www.erboristerie.com\/it\/prodotto\/erbe-svizzere-o-te-del-nilo-o-midro-taglio-granetta-o-filtro\/#breadcrumb\"},\"inLanguage\":\"en-US\",\"potentialAction\":[{\"@type\":\"ReadAction\",\"target\":[\"https:\/\/www.erboristerie.com\/it\/prodotto\/erbe-svizzere-o-te-del-nilo-o-midro-taglio-granetta-o-filtro\/\"]}]},{\"@type\":\"ImageObject\",\"inLanguage\":\"en-US\",\"@id\":\"https:\/\/www.erboristerie.com\/it\/prodotto\/erbe-svizzere-o-te-del-nilo-o-midro-taglio-granetta-o-filtro\/#primaryimage\",\"url\":\"https:\/\/www.erboristerie.com\/wp-content\/uploads\/2019\/01\/products-00001716.jpg\",\"contentUrl\":\"https:\/\/www.erboristerie.com\/wp-content\/uploads\/2019\/01\/products-00001716.jpg\",\"width\":350,\"height\":458,\"caption\":\"Erbe officinali\"},{\"@type\":\"BreadcrumbList\",\"@id\":\"https:\/\/www.erboristerie.com\/it\/prodotto\/erbe-svizzere-o-te-del-nilo-o-midro-taglio-granetta-o-filtro\/#breadcrumb\",\"itemListElement\":[{\"@type\":\"ListItem\",\"position\":1,\"name\":\"Home\",\"item\":\"https:\/\/www.erboristerie.com\/en\/\"},{\"@type\":\"ListItem\",\"position\":2,\"name\":\"All products\",\"item\":\"https:\/\/www.erboristerie.com\/en\/all-products\/\"},{\"@type\":\"ListItem\",\"position\":3,\"name\":\"Erbe Svizzere o T\u00e8 del Nilo o Midro taglio granetta per l&#8217;intestino pigro\"}]},{\"@type\":\"WebSite\",\"@id\":\"https:\/\/www.erboristerie.com\/it\/#website\",\"url\":\"https:\/\/www.erboristerie.com\/it\/\",\"name\":\"Erboristeria Demetra\",\"description\":\"Your natural health\",\"publisher\":{\"@id\":\"https:\/\/www.erboristerie.com\/it\/#organization\"},\"potentialAction\":[{\"@type\":\"SearchAction\",\"target\":{\"@type\":\"EntryPoint\",\"urlTemplate\":\"https:\/\/www.erboristerie.com\/it\/?s={search_term_string}\"},\"query-input\":{\"@type\":\"PropertyValueSpecification\",\"valueRequired\":true,\"valueName\":\"search_term_string\"}}],\"inLanguage\":\"en-US\"},{\"@type\":\"Organization\",\"@id\":\"https:\/\/www.erboristerie.com\/it\/#organization\",\"name\":\"Erboristeria Demetra\",\"url\":\"https:\/\/www.erboristerie.com\/it\/\",\"logo\":{\"@type\":\"ImageObject\",\"inLanguage\":\"en-US\",\"@id\":\"https:\/\/www.erboristerie.com\/it\/#\/schema\/logo\/image\/\",\"url\":\"https:\/\/www.erboristerie.com\/wp-content\/uploads\/2019\/11\/LOGO_ERBORISTERIA_DEMETRA_original.png?v=1611516981\",\"contentUrl\":\"https:\/\/www.erboristerie.com\/wp-content\/uploads\/2019\/11\/LOGO_ERBORISTERIA_DEMETRA_original.png?v=1611516981\",\"width\":201,\"height\":54,\"caption\":\"Erboristeria Demetra\"},\"image\":{\"@id\":\"https:\/\/www.erboristerie.com\/it\/#\/schema\/logo\/image\/\"},\"sameAs\":[\"https:\/\/www.facebook.com\/erboristeria.demetra.online\"]}]}<\/script>\n<!-- \/ Yoast SEO plugin. -->","yoast_head_json":{"title":"Erbe Svizzere o T\u00e8 del Nilo o Midro taglio granetta per l'intestino pigro - Erboristeria Demetra","description":"Questo prodotto \u00e8 tradizionalmente utilizzato per favorire la regolarit\u00e0 del transito intestinale, grazie all\u2019azione combinata della sua formula","robots":{"index":"index","follow":"follow","max-snippet":"max-snippet:-1","max-image-preview":"max-image-preview:large","max-video-preview":"max-video-preview:-1"},"canonical":"https:\/\/www.erboristerie.com\/it\/prodotto\/erbe-svizzere-o-te-del-nilo-o-midro-taglio-granetta-o-filtro\/","og_locale":"en_US","og_type":"article","og_title":"Erbe Svizzere o T\u00e8 del Nilo o Midro taglio granetta per l'intestino pigro - Erboristeria Demetra","og_description":"Questo prodotto \u00e8 tradizionalmente utilizzato per favorire la regolarit\u00e0 del transito intestinale, grazie all\u2019azione combinata della sua formula","og_url":"https:\/\/www.erboristerie.com\/it\/prodotto\/erbe-svizzere-o-te-del-nilo-o-midro-taglio-granetta-o-filtro\/","og_site_name":"Erboristeria Demetra","article_publisher":"https:\/\/www.facebook.com\/erboristeria.demetra.online","article_modified_time":"2025-02-20T20:57:02+00:00","og_image":[{"width":350,"height":458,"url":"https:\/\/www.erboristerie.com\/wp-content\/uploads\/2019\/01\/products-00001716.jpg","type":"image\/jpeg"}],"twitter_card":"summary_large_image","twitter_misc":{"Est. reading time":"1 minute"},"schema":{"@context":"https:\/\/schema.org","@graph":[{"@type":"WebPage","@id":"https:\/\/www.erboristerie.com\/it\/prodotto\/erbe-svizzere-o-te-del-nilo-o-midro-taglio-granetta-o-filtro\/","url":"https:\/\/www.erboristerie.com\/it\/prodotto\/erbe-svizzere-o-te-del-nilo-o-midro-taglio-granetta-o-filtro\/","name":"Erbe Svizzere o T\u00e8 del Nilo o Midro taglio granetta per l'intestino pigro - Erboristeria Demetra","isPartOf":{"@id":"https:\/\/www.erboristerie.com\/it\/#website"},"primaryImageOfPage":{"@id":"https:\/\/www.erboristerie.com\/it\/prodotto\/erbe-svizzere-o-te-del-nilo-o-midro-taglio-granetta-o-filtro\/#primaryimage"},"image":{"@id":"https:\/\/www.erboristerie.com\/it\/prodotto\/erbe-svizzere-o-te-del-nilo-o-midro-taglio-granetta-o-filtro\/#primaryimage"},"thumbnailUrl":"https:\/\/www.erboristerie.com\/wp-content\/uploads\/2019\/01\/products-00001716.jpg","datePublished":"2008-05-09T10:45:10+00:00","dateModified":"2025-02-20T20:57:02+00:00","description":"Questo prodotto \u00e8 tradizionalmente utilizzato per favorire la regolarit\u00e0 del transito intestinale, grazie all\u2019azione combinata della sua formula","breadcrumb":{"@id":"https:\/\/www.erboristerie.com\/it\/prodotto\/erbe-svizzere-o-te-del-nilo-o-midro-taglio-granetta-o-filtro\/#breadcrumb"},"inLanguage":"en-US","potentialAction":[{"@type":"ReadAction","target":["https:\/\/www.erboristerie.com\/it\/prodotto\/erbe-svizzere-o-te-del-nilo-o-midro-taglio-granetta-o-filtro\/"]}]},{"@type":"ImageObject","inLanguage":"en-US","@id":"https:\/\/www.erboristerie.com\/it\/prodotto\/erbe-svizzere-o-te-del-nilo-o-midro-taglio-granetta-o-filtro\/#primaryimage","url":"https:\/\/www.erboristerie.com\/wp-content\/uploads\/2019\/01\/products-00001716.jpg","contentUrl":"https:\/\/www.erboristerie.com\/wp-content\/uploads\/2019\/01\/products-00001716.jpg","width":350,"height":458,"caption":"Erbe officinali"},{"@type":"BreadcrumbList","@id":"https:\/\/www.erboristerie.com\/it\/prodotto\/erbe-svizzere-o-te-del-nilo-o-midro-taglio-granetta-o-filtro\/#breadcrumb","itemListElement":[{"@type":"ListItem","position":1,"name":"Home","item":"https:\/\/www.erboristerie.com\/en\/"},{"@type":"ListItem","position":2,"name":"All products","item":"https:\/\/www.erboristerie.com\/en\/all-products\/"},{"@type":"ListItem","position":3,"name":"Erbe Svizzere o T\u00e8 del Nilo o Midro taglio granetta per l&#8217;intestino pigro"}]},{"@type":"WebSite","@id":"https:\/\/www.erboristerie.com\/it\/#website","url":"https:\/\/www.erboristerie.com\/it\/","name":"Erboristeria Demetra","description":"Your natural health","publisher":{"@id":"https:\/\/www.erboristerie.com\/it\/#organization"},"potentialAction":[{"@type":"SearchAction","target":{"@type":"EntryPoint","urlTemplate":"https:\/\/www.erboristerie.com\/it\/?s={search_term_string}"},"query-input":{"@type":"PropertyValueSpecification","valueRequired":true,"valueName":"search_term_string"}}],"inLanguage":"en-US"},{"@type":"Organization","@id":"https:\/\/www.erboristerie.com\/it\/#organization","name":"Erboristeria Demetra","url":"https:\/\/www.erboristerie.com\/it\/","logo":{"@type":"ImageObject","inLanguage":"en-US","@id":"https:\/\/www.erboristerie.com\/it\/#\/schema\/logo\/image\/","url":"https:\/\/www.erboristerie.com\/wp-content\/uploads\/2019\/11\/LOGO_ERBORISTERIA_DEMETRA_original.png?v=1611516981","contentUrl":"https:\/\/www.erboristerie.com\/wp-content\/uploads\/2019\/11\/LOGO_ERBORISTERIA_DEMETRA_original.png?v=1611516981","width":201,"height":54,"caption":"Erboristeria Demetra"},"image":{"@id":"https:\/\/www.erboristerie.com\/it\/#\/schema\/logo\/image\/"},"sameAs":["https:\/\/www.facebook.com\/erboristeria.demetra.online"]}]}},"_links":{"self":[{"href":"https:\/\/www.erboristerie.com\/en\/wp-json\/wp\/v2\/product\/52650","targetHints":{"allow":["GET"]}}],"collection":[{"href":"https:\/\/www.erboristerie.com\/en\/wp-json\/wp\/v2\/product"}],"about":[{"href":"https:\/\/www.erboristerie.com\/en\/wp-json\/wp\/v2\/types\/product"}],"wp:featuredmedia":[{"embeddable":true,"href":"https:\/\/www.erboristerie.com\/en\/wp-json\/wp\/v2\/media\/50903"}],"wp:attachment":[{"href":"https:\/\/www.erboristerie.com\/en\/wp-json\/wp\/v2\/media?parent=52650"}],"wp:term":[{"taxonomy":"product_brand","embeddable":true,"href":"https:\/\/www.erboristerie.com\/en\/wp-json\/wp\/v2\/product_brand?post=52650"},{"taxonomy":"product_cat","embeddable":true,"href":"https:\/\/www.erboristerie.com\/en\/wp-json\/wp\/v2\/product_cat?post=52650"},{"taxonomy":"product_tag","embeddable":true,"href":"https:\/\/www.erboristerie.com\/en\/wp-json\/wp\/v2\/product_tag?post=52650"},{"taxonomy":"giftcard-category","embeddable":true,"href":"https:\/\/www.erboristerie.com\/en\/wp-json\/wp\/v2\/giftcard-category?post=52650"}],"curies":[{"name":"wp","href":"https:\/\/api.w.org\/{rel}","templated":true}]}}