{"id":52370,"date":"2008-05-09T10:45:08","date_gmt":"2008-05-09T10:45:08","guid":{"rendered":"http:\/\/www.erboristerie.com\/?post_type=product&#038;p=52370"},"modified":"2025-09-10T19:03:36","modified_gmt":"2025-09-10T17:03:36","slug":"stick-lucidalabbra-vitaminico-e-protettivo-al-succo-di-mela-e-mandarino-lerbolario","status":"publish","type":"product","link":"https:\/\/www.erboristerie.com\/en\/prodotto\/stick-lucidalabbra-vitaminico-e-protettivo-al-succo-di-mela-e-mandarino-lerbolario\/","title":{"rendered":"Stick Lucidalabbra Vitaminico e Protettivo al Succo di Mela e Mandarino L&#8217;Erbolario"},"content":{"rendered":"<p><strong>Stick Lucidalabbra Vitaminico &#8211; L&#8217;Erbolario<\/strong><\/p>\n<p>Stick per le labbra lucidante e protettivo al Succo di Mela e Mandarino<\/p>\n<p>Con il dolce gusto di frutta, lo Stick con succo di Mela e Mandarino lascia un sottile, lucente film protettivo che esalta forma e colore delle labbra, idratandole e donando morbidezza.<\/p>\n<p><strong>Senza siliconi, parabeni e petrolati<\/strong><br \/>\n98% ingredienti di origine naturale<br \/>\nLa restante percentuale di ingredienti garantisce stabilit\u00e0 e gradevolezza del prodotto.<\/p>\n<p><strong>Consigli d\u2019uso<\/strong><\/p>\n<p>Al primo segnale di aridit\u00e0 e mancata elasticit\u00e0 delle labbra, passare accuratamente lo stick, insistendo nei punti gi\u00e0 screpolati.<\/p>\n<p>Conservare lo stick alla giusta temperatura: troppo caldo pu\u00f2 ammorbidirlo o romperlo, mentre il freddo lo indurisce rendendo la stesura difficoltosa.<\/p>\n<p><strong>Sostanze funzionali<\/strong><\/p>\n<p>Succhi di Mela e Mandarino, Vitamine E e C, Gamma orizanolo, olio di Jojoba<\/p>\n<p><strong>Ingredienti (INCI)<\/strong><\/p>\n<p>ricinus communis (castor) seed oil, simmondsia chinensis (jojoba) seed oil, polyglyceryl-3 beeswax, copernicia cerifera (carnauba) wax, glyceryl behenate, bis-diglyceryl polyacyladipate-2, oryza sativa (rice) bran wax, pyrus malus (apple) juice, citrus nobilis (mandarin orange) fruit juice, tocopherol, helianthus annuus (sunflower) seed oil, glycerin, glyceryl laurate, ascorbyl tetraisopalmitate, oryzanol, aroma (flavor), parfum (fragrance), benzyl alcohol, citral, citronellol, hexyl cinnamal, limonene, ci 15850 (red 6), ci 19140 (yellow 5), ci 77492 (iron oxides), ci 77891 (titanium dioxide)<\/p>\n<p><strong>Cosa sapere in piu\u2019<\/strong><\/p>\n<p>100% Made in Italy<br \/>\n7 Metalli testati<br \/>\nDa sempre amici degli animali<br \/>\nDermatologicamente Testato<br \/>\nSenza ingredienti di derivazione animale<\/p>\n","protected":false},"excerpt":{"rendered":"<p>Stick Lucidalabbra Vitaminico &#8211; L&#8217;Erbolario Stick per le labbra lucidante e protettivo al Succo di Mela e Mandarino Con il dolce gusto di frutta, lo Stick con succo di Mela e Mandarino lascia un sottile, lucente film protettivo che esalta forma e colore delle labbra,&#8230;<\/p>\n","protected":false},"featured_media":128469,"template":"","meta":{"_acf_changed":false},"product_brand":[9603],"product_cat":[9931],"product_tag":[11492,11491,10885,10793],"giftcard-category":[],"class_list":{"0":"post-52370","1":"product","2":"type-product","3":"status-publish","4":"has-post-thumbnail","6":"product_brand-erbolario","7":"product_cat-labbra","8":"product_tag-lucidalabbra","9":"product_tag-mandarino","10":"product_tag-stick","11":"product_tag-vitaminico","12":"pa_formato-4-5-ml","13":"pa_linea-profumazione-viso","14":"pa_marca-lerbolario","15":"pa_tipologia-stick","17":"first","18":"instock","19":"taxable","20":"shipping-taxable","21":"purchasable","22":"product-type-simple"},"acf":[],"yoast_head":"<!-- This site is optimized with the Yoast SEO plugin v24.9 - https:\/\/yoast.com\/wordpress\/plugins\/seo\/ -->\n<title>Stick Lucidalabbra Vitaminico e Protettivo al Succo di Mela e Mandarino L&#039;Erbolario - Erboristeria Demetra<\/title>\n<meta name=\"description\" content=\"Con il dolce gusto di frutta, lo Stick con succo di Mela e Mandarino lascia un sottile, lucente film protettivo che esalta forma e colore delle labbra\" \/>\n<meta name=\"robots\" content=\"index, follow, max-snippet:-1, max-image-preview:large, max-video-preview:-1\" \/>\n<link rel=\"canonical\" href=\"https:\/\/www.erboristerie.com\/it\/prodotto\/stick-lucidalabbra-vitaminico-e-protettivo-al-succo-di-mela-e-mandarino-lerbolario\/\" \/>\n<meta property=\"og:locale\" content=\"en_US\" \/>\n<meta property=\"og:type\" content=\"article\" \/>\n<meta property=\"og:title\" content=\"Stick Lucidalabbra Vitaminico e Protettivo al Succo di Mela e Mandarino L&#039;Erbolario - Erboristeria Demetra\" \/>\n<meta property=\"og:description\" content=\"Con il dolce gusto di frutta, lo Stick con succo di Mela e Mandarino lascia un sottile, lucente film protettivo che esalta forma e colore delle labbra\" \/>\n<meta property=\"og:url\" content=\"https:\/\/www.erboristerie.com\/it\/prodotto\/stick-lucidalabbra-vitaminico-e-protettivo-al-succo-di-mela-e-mandarino-lerbolario\/\" \/>\n<meta property=\"og:site_name\" content=\"Erboristeria Demetra\" \/>\n<meta property=\"article:publisher\" content=\"https:\/\/www.facebook.com\/erboristeria.demetra.online\" \/>\n<meta property=\"article:modified_time\" content=\"2025-09-10T17:03:36+00:00\" \/>\n<meta property=\"og:image\" content=\"https:\/\/www.erboristerie.com\/wp-content\/uploads\/2008\/05\/00001916-lucidalabbra-vitaminico-erbolario-erboristerie-com.jpg\" \/>\n\t<meta property=\"og:image:width\" content=\"800\" \/>\n\t<meta property=\"og:image:height\" content=\"800\" \/>\n\t<meta property=\"og:image:type\" content=\"image\/jpeg\" \/>\n<meta name=\"twitter:card\" content=\"summary_large_image\" \/>\n<meta name=\"twitter:label1\" content=\"Est. reading time\" \/>\n\t<meta name=\"twitter:data1\" content=\"2 minutes\" \/>\n<script type=\"application\/ld+json\" class=\"yoast-schema-graph\">{\"@context\":\"https:\/\/schema.org\",\"@graph\":[{\"@type\":\"WebPage\",\"@id\":\"https:\/\/www.erboristerie.com\/it\/prodotto\/stick-lucidalabbra-vitaminico-e-protettivo-al-succo-di-mela-e-mandarino-lerbolario\/\",\"url\":\"https:\/\/www.erboristerie.com\/it\/prodotto\/stick-lucidalabbra-vitaminico-e-protettivo-al-succo-di-mela-e-mandarino-lerbolario\/\",\"name\":\"Stick Lucidalabbra Vitaminico e Protettivo al Succo di Mela e Mandarino L'Erbolario - Erboristeria Demetra\",\"isPartOf\":{\"@id\":\"https:\/\/www.erboristerie.com\/it\/#website\"},\"primaryImageOfPage\":{\"@id\":\"https:\/\/www.erboristerie.com\/it\/prodotto\/stick-lucidalabbra-vitaminico-e-protettivo-al-succo-di-mela-e-mandarino-lerbolario\/#primaryimage\"},\"image\":{\"@id\":\"https:\/\/www.erboristerie.com\/it\/prodotto\/stick-lucidalabbra-vitaminico-e-protettivo-al-succo-di-mela-e-mandarino-lerbolario\/#primaryimage\"},\"thumbnailUrl\":\"https:\/\/www.erboristerie.com\/wp-content\/uploads\/2008\/05\/00001916-lucidalabbra-vitaminico-erbolario-erboristerie-com.jpg\",\"datePublished\":\"2008-05-09T10:45:08+00:00\",\"dateModified\":\"2025-09-10T17:03:36+00:00\",\"description\":\"Con il dolce gusto di frutta, lo Stick con succo di Mela e Mandarino lascia un sottile, lucente film protettivo che esalta forma e colore delle labbra\",\"breadcrumb\":{\"@id\":\"https:\/\/www.erboristerie.com\/it\/prodotto\/stick-lucidalabbra-vitaminico-e-protettivo-al-succo-di-mela-e-mandarino-lerbolario\/#breadcrumb\"},\"inLanguage\":\"en-US\",\"potentialAction\":[{\"@type\":\"ReadAction\",\"target\":[\"https:\/\/www.erboristerie.com\/it\/prodotto\/stick-lucidalabbra-vitaminico-e-protettivo-al-succo-di-mela-e-mandarino-lerbolario\/\"]}]},{\"@type\":\"ImageObject\",\"inLanguage\":\"en-US\",\"@id\":\"https:\/\/www.erboristerie.com\/it\/prodotto\/stick-lucidalabbra-vitaminico-e-protettivo-al-succo-di-mela-e-mandarino-lerbolario\/#primaryimage\",\"url\":\"https:\/\/www.erboristerie.com\/wp-content\/uploads\/2008\/05\/00001916-lucidalabbra-vitaminico-erbolario-erboristerie-com.jpg\",\"contentUrl\":\"https:\/\/www.erboristerie.com\/wp-content\/uploads\/2008\/05\/00001916-lucidalabbra-vitaminico-erbolario-erboristerie-com.jpg\",\"width\":800,\"height\":800},{\"@type\":\"BreadcrumbList\",\"@id\":\"https:\/\/www.erboristerie.com\/it\/prodotto\/stick-lucidalabbra-vitaminico-e-protettivo-al-succo-di-mela-e-mandarino-lerbolario\/#breadcrumb\",\"itemListElement\":[{\"@type\":\"ListItem\",\"position\":1,\"name\":\"Home\",\"item\":\"https:\/\/www.erboristerie.com\/en\/\"},{\"@type\":\"ListItem\",\"position\":2,\"name\":\"All products\",\"item\":\"https:\/\/www.erboristerie.com\/en\/all-products\/\"},{\"@type\":\"ListItem\",\"position\":3,\"name\":\"Stick Lucidalabbra Vitaminico e Protettivo al Succo di Mela e Mandarino L&#8217;Erbolario\"}]},{\"@type\":\"WebSite\",\"@id\":\"https:\/\/www.erboristerie.com\/it\/#website\",\"url\":\"https:\/\/www.erboristerie.com\/it\/\",\"name\":\"Erboristeria Demetra\",\"description\":\"Your natural health\",\"publisher\":{\"@id\":\"https:\/\/www.erboristerie.com\/it\/#organization\"},\"potentialAction\":[{\"@type\":\"SearchAction\",\"target\":{\"@type\":\"EntryPoint\",\"urlTemplate\":\"https:\/\/www.erboristerie.com\/it\/?s={search_term_string}\"},\"query-input\":{\"@type\":\"PropertyValueSpecification\",\"valueRequired\":true,\"valueName\":\"search_term_string\"}}],\"inLanguage\":\"en-US\"},{\"@type\":\"Organization\",\"@id\":\"https:\/\/www.erboristerie.com\/it\/#organization\",\"name\":\"Erboristeria Demetra\",\"url\":\"https:\/\/www.erboristerie.com\/it\/\",\"logo\":{\"@type\":\"ImageObject\",\"inLanguage\":\"en-US\",\"@id\":\"https:\/\/www.erboristerie.com\/it\/#\/schema\/logo\/image\/\",\"url\":\"https:\/\/www.erboristerie.com\/wp-content\/uploads\/2019\/11\/LOGO_ERBORISTERIA_DEMETRA_original.png?v=1611516981\",\"contentUrl\":\"https:\/\/www.erboristerie.com\/wp-content\/uploads\/2019\/11\/LOGO_ERBORISTERIA_DEMETRA_original.png?v=1611516981\",\"width\":201,\"height\":54,\"caption\":\"Erboristeria Demetra\"},\"image\":{\"@id\":\"https:\/\/www.erboristerie.com\/it\/#\/schema\/logo\/image\/\"},\"sameAs\":[\"https:\/\/www.facebook.com\/erboristeria.demetra.online\"]}]}<\/script>\n<!-- \/ Yoast SEO plugin. -->","yoast_head_json":{"title":"Stick Lucidalabbra Vitaminico e Protettivo al Succo di Mela e Mandarino L'Erbolario - Erboristeria Demetra","description":"Con il dolce gusto di frutta, lo Stick con succo di Mela e Mandarino lascia un sottile, lucente film protettivo che esalta forma e colore delle labbra","robots":{"index":"index","follow":"follow","max-snippet":"max-snippet:-1","max-image-preview":"max-image-preview:large","max-video-preview":"max-video-preview:-1"},"canonical":"https:\/\/www.erboristerie.com\/it\/prodotto\/stick-lucidalabbra-vitaminico-e-protettivo-al-succo-di-mela-e-mandarino-lerbolario\/","og_locale":"en_US","og_type":"article","og_title":"Stick Lucidalabbra Vitaminico e Protettivo al Succo di Mela e Mandarino L'Erbolario - Erboristeria Demetra","og_description":"Con il dolce gusto di frutta, lo Stick con succo di Mela e Mandarino lascia un sottile, lucente film protettivo che esalta forma e colore delle labbra","og_url":"https:\/\/www.erboristerie.com\/it\/prodotto\/stick-lucidalabbra-vitaminico-e-protettivo-al-succo-di-mela-e-mandarino-lerbolario\/","og_site_name":"Erboristeria Demetra","article_publisher":"https:\/\/www.facebook.com\/erboristeria.demetra.online","article_modified_time":"2025-09-10T17:03:36+00:00","og_image":[{"width":800,"height":800,"url":"https:\/\/www.erboristerie.com\/wp-content\/uploads\/2008\/05\/00001916-lucidalabbra-vitaminico-erbolario-erboristerie-com.jpg","type":"image\/jpeg"}],"twitter_card":"summary_large_image","twitter_misc":{"Est. reading time":"2 minutes"},"schema":{"@context":"https:\/\/schema.org","@graph":[{"@type":"WebPage","@id":"https:\/\/www.erboristerie.com\/it\/prodotto\/stick-lucidalabbra-vitaminico-e-protettivo-al-succo-di-mela-e-mandarino-lerbolario\/","url":"https:\/\/www.erboristerie.com\/it\/prodotto\/stick-lucidalabbra-vitaminico-e-protettivo-al-succo-di-mela-e-mandarino-lerbolario\/","name":"Stick Lucidalabbra Vitaminico e Protettivo al Succo di Mela e Mandarino L'Erbolario - Erboristeria Demetra","isPartOf":{"@id":"https:\/\/www.erboristerie.com\/it\/#website"},"primaryImageOfPage":{"@id":"https:\/\/www.erboristerie.com\/it\/prodotto\/stick-lucidalabbra-vitaminico-e-protettivo-al-succo-di-mela-e-mandarino-lerbolario\/#primaryimage"},"image":{"@id":"https:\/\/www.erboristerie.com\/it\/prodotto\/stick-lucidalabbra-vitaminico-e-protettivo-al-succo-di-mela-e-mandarino-lerbolario\/#primaryimage"},"thumbnailUrl":"https:\/\/www.erboristerie.com\/wp-content\/uploads\/2008\/05\/00001916-lucidalabbra-vitaminico-erbolario-erboristerie-com.jpg","datePublished":"2008-05-09T10:45:08+00:00","dateModified":"2025-09-10T17:03:36+00:00","description":"Con il dolce gusto di frutta, lo Stick con succo di Mela e Mandarino lascia un sottile, lucente film protettivo che esalta forma e colore delle labbra","breadcrumb":{"@id":"https:\/\/www.erboristerie.com\/it\/prodotto\/stick-lucidalabbra-vitaminico-e-protettivo-al-succo-di-mela-e-mandarino-lerbolario\/#breadcrumb"},"inLanguage":"en-US","potentialAction":[{"@type":"ReadAction","target":["https:\/\/www.erboristerie.com\/it\/prodotto\/stick-lucidalabbra-vitaminico-e-protettivo-al-succo-di-mela-e-mandarino-lerbolario\/"]}]},{"@type":"ImageObject","inLanguage":"en-US","@id":"https:\/\/www.erboristerie.com\/it\/prodotto\/stick-lucidalabbra-vitaminico-e-protettivo-al-succo-di-mela-e-mandarino-lerbolario\/#primaryimage","url":"https:\/\/www.erboristerie.com\/wp-content\/uploads\/2008\/05\/00001916-lucidalabbra-vitaminico-erbolario-erboristerie-com.jpg","contentUrl":"https:\/\/www.erboristerie.com\/wp-content\/uploads\/2008\/05\/00001916-lucidalabbra-vitaminico-erbolario-erboristerie-com.jpg","width":800,"height":800},{"@type":"BreadcrumbList","@id":"https:\/\/www.erboristerie.com\/it\/prodotto\/stick-lucidalabbra-vitaminico-e-protettivo-al-succo-di-mela-e-mandarino-lerbolario\/#breadcrumb","itemListElement":[{"@type":"ListItem","position":1,"name":"Home","item":"https:\/\/www.erboristerie.com\/en\/"},{"@type":"ListItem","position":2,"name":"All products","item":"https:\/\/www.erboristerie.com\/en\/all-products\/"},{"@type":"ListItem","position":3,"name":"Stick Lucidalabbra Vitaminico e Protettivo al Succo di Mela e Mandarino L&#8217;Erbolario"}]},{"@type":"WebSite","@id":"https:\/\/www.erboristerie.com\/it\/#website","url":"https:\/\/www.erboristerie.com\/it\/","name":"Erboristeria Demetra","description":"Your natural health","publisher":{"@id":"https:\/\/www.erboristerie.com\/it\/#organization"},"potentialAction":[{"@type":"SearchAction","target":{"@type":"EntryPoint","urlTemplate":"https:\/\/www.erboristerie.com\/it\/?s={search_term_string}"},"query-input":{"@type":"PropertyValueSpecification","valueRequired":true,"valueName":"search_term_string"}}],"inLanguage":"en-US"},{"@type":"Organization","@id":"https:\/\/www.erboristerie.com\/it\/#organization","name":"Erboristeria Demetra","url":"https:\/\/www.erboristerie.com\/it\/","logo":{"@type":"ImageObject","inLanguage":"en-US","@id":"https:\/\/www.erboristerie.com\/it\/#\/schema\/logo\/image\/","url":"https:\/\/www.erboristerie.com\/wp-content\/uploads\/2019\/11\/LOGO_ERBORISTERIA_DEMETRA_original.png?v=1611516981","contentUrl":"https:\/\/www.erboristerie.com\/wp-content\/uploads\/2019\/11\/LOGO_ERBORISTERIA_DEMETRA_original.png?v=1611516981","width":201,"height":54,"caption":"Erboristeria Demetra"},"image":{"@id":"https:\/\/www.erboristerie.com\/it\/#\/schema\/logo\/image\/"},"sameAs":["https:\/\/www.facebook.com\/erboristeria.demetra.online"]}]}},"_links":{"self":[{"href":"https:\/\/www.erboristerie.com\/en\/wp-json\/wp\/v2\/product\/52370","targetHints":{"allow":["GET"]}}],"collection":[{"href":"https:\/\/www.erboristerie.com\/en\/wp-json\/wp\/v2\/product"}],"about":[{"href":"https:\/\/www.erboristerie.com\/en\/wp-json\/wp\/v2\/types\/product"}],"wp:featuredmedia":[{"embeddable":true,"href":"https:\/\/www.erboristerie.com\/en\/wp-json\/wp\/v2\/media\/128469"}],"wp:attachment":[{"href":"https:\/\/www.erboristerie.com\/en\/wp-json\/wp\/v2\/media?parent=52370"}],"wp:term":[{"taxonomy":"product_brand","embeddable":true,"href":"https:\/\/www.erboristerie.com\/en\/wp-json\/wp\/v2\/product_brand?post=52370"},{"taxonomy":"product_cat","embeddable":true,"href":"https:\/\/www.erboristerie.com\/en\/wp-json\/wp\/v2\/product_cat?post=52370"},{"taxonomy":"product_tag","embeddable":true,"href":"https:\/\/www.erboristerie.com\/en\/wp-json\/wp\/v2\/product_tag?post=52370"},{"taxonomy":"giftcard-category","embeddable":true,"href":"https:\/\/www.erboristerie.com\/en\/wp-json\/wp\/v2\/giftcard-category?post=52370"}],"curies":[{"name":"wp","href":"https:\/\/api.w.org\/{rel}","templated":true}]}}