{"id":52070,"date":"2008-05-09T12:45:07","date_gmt":"2008-05-09T10:45:07","guid":{"rendered":"http:\/\/www.erboristerie.com\/?post_type=product&#038;p=52070"},"modified":"2025-02-19T18:15:00","modified_gmt":"2025-02-19T17:15:00","slug":"erisimo-parte-aerea-in-taglio-tisana-sisymbrium-officinale-erba-dei-cantanti","status":"publish","type":"product","link":"https:\/\/www.erboristerie.com\/en\/prodotto\/erisimo-parte-aerea-in-taglio-tisana-sisymbrium-officinale-erba-dei-cantanti\/","title":{"rendered":"Erisimo Parte Aerea in Taglio Tisana (Sisymbrium officinale) Erba dei Cantanti"},"content":{"rendered":"<p><strong>Parte Aerea di Erisimo in Taglio Tisana (Sisymbrium officinale) \u2013 Erba dei Cantanti<\/strong><\/p>\n<p>L\u2019Erisimo (Sisymbrium officinale), noto anche come Erba Cornacchia o Erba dei Cantanti, \u00e8 tradizionalmente utilizzato per il benessere della voce e delle vie respiratorie.<\/p>\n<p>Grazie alle sue propriet\u00e0 emollienti e lenitive, \u00e8 particolarmente apprezzato per alleviare raucedine, afonia e irritazioni della gola, risultando un alleato naturale per chi usa intensamente la voce.<\/p>\n<p>L\u2019infuso di Erisimo ha un gusto delicato ed erbaceo, ideale per chi desidera prendersi cura della voce e proteggere la gola, soprattutto nei periodi di maggiore affaticamento vocale o esposizione a sbalzi di temperatura.<\/p>\n<p>Lavorato in taglio tisana, l\u2019Erisimo conserva tutte le sue propriet\u00e0 benefiche, offrendo un prodotto naturale e di alta qualit\u00e0 per il benessere quotidiano.<\/p>\n","protected":false},"excerpt":{"rendered":"<p>Parte Aerea di Erisimo in Taglio Tisana (Sisymbrium officinale) \u2013 Erba dei Cantanti L\u2019Erisimo (Sisymbrium officinale), noto anche come Erba Cornacchia o Erba dei Cantanti, \u00e8 tradizionalmente utilizzato per il benessere della voce e delle vie respiratorie. Grazie alle sue propriet\u00e0 emollienti e lenitive, \u00e8&#8230;<\/p>\n","protected":false},"featured_media":50903,"template":"","meta":{"_acf_changed":false},"product_brand":[9601],"product_cat":[10059],"product_tag":[11346,21103,11347,11345,11138,12561],"giftcard-category":[],"class_list":{"0":"post-52070","1":"product","2":"type-product","3":"status-publish","4":"has-post-thumbnail","6":"product_brand-brisighello-pietro-fu-e","7":"product_cat-erbe-d-e-f","8":"product_tag-erisimo","9":"product_tag-gr-2","10":"product_tag-officinale","11":"product_tag-sisymbrium","12":"product_tag-sommita","13":"product_tag-sommita-38","14":"pa_tipologia-erbe-sfuse","16":"first","17":"instock","18":"sale","19":"taxable","20":"shipping-taxable","21":"purchasable","22":"product-type-variable"},"acf":[],"yoast_head":"<!-- This site is optimized with the Yoast SEO plugin v24.9 - https:\/\/yoast.com\/wordpress\/plugins\/seo\/ -->\n<title>Erisimo Parte Aerea in Taglio Tisana (Sisymbrium officinale) Erba dei Cantanti - Erboristeria Demetra<\/title>\n<meta name=\"description\" content=\"L\u2019Erisimo (Sisymbrium officinale), o erba dei cantanti, \u00e8 tradizionalmente utilizzato per il benessere della voce e delle vie respiratorie.\" \/>\n<meta name=\"robots\" content=\"index, follow, max-snippet:-1, max-image-preview:large, max-video-preview:-1\" \/>\n<link rel=\"canonical\" href=\"https:\/\/www.erboristerie.com\/it\/prodotto\/erisimo-parte-aerea-in-taglio-tisana-sisymbrium-officinale-erba-dei-cantanti\/\" \/>\n<meta property=\"og:locale\" content=\"en_US\" \/>\n<meta property=\"og:type\" content=\"article\" \/>\n<meta property=\"og:title\" content=\"Erisimo Parte Aerea in Taglio Tisana (Sisymbrium officinale) Erba dei Cantanti - Erboristeria Demetra\" \/>\n<meta property=\"og:description\" content=\"L\u2019Erisimo (Sisymbrium officinale), o erba dei cantanti, \u00e8 tradizionalmente utilizzato per il benessere della voce e delle vie respiratorie.\" \/>\n<meta property=\"og:url\" content=\"https:\/\/www.erboristerie.com\/it\/prodotto\/erisimo-parte-aerea-in-taglio-tisana-sisymbrium-officinale-erba-dei-cantanti\/\" \/>\n<meta property=\"og:site_name\" content=\"Erboristeria Demetra\" \/>\n<meta property=\"article:publisher\" content=\"https:\/\/www.facebook.com\/erboristeria.demetra.online\" \/>\n<meta property=\"article:modified_time\" content=\"2025-02-19T17:15:00+00:00\" \/>\n<meta property=\"og:image\" content=\"https:\/\/www.erboristerie.com\/wp-content\/uploads\/2019\/01\/products-00001716.jpg\" \/>\n\t<meta property=\"og:image:width\" content=\"350\" \/>\n\t<meta property=\"og:image:height\" content=\"458\" \/>\n\t<meta property=\"og:image:type\" content=\"image\/jpeg\" \/>\n<meta name=\"twitter:card\" content=\"summary_large_image\" \/>\n<meta name=\"twitter:label1\" content=\"Est. reading time\" \/>\n\t<meta name=\"twitter:data1\" content=\"1 minute\" \/>\n<script type=\"application\/ld+json\" class=\"yoast-schema-graph\">{\"@context\":\"https:\/\/schema.org\",\"@graph\":[{\"@type\":\"WebPage\",\"@id\":\"https:\/\/www.erboristerie.com\/it\/prodotto\/erisimo-parte-aerea-in-taglio-tisana-sisymbrium-officinale-erba-dei-cantanti\/\",\"url\":\"https:\/\/www.erboristerie.com\/it\/prodotto\/erisimo-parte-aerea-in-taglio-tisana-sisymbrium-officinale-erba-dei-cantanti\/\",\"name\":\"Erisimo Parte Aerea in Taglio Tisana (Sisymbrium officinale) Erba dei Cantanti - Erboristeria Demetra\",\"isPartOf\":{\"@id\":\"https:\/\/www.erboristerie.com\/it\/#website\"},\"primaryImageOfPage\":{\"@id\":\"https:\/\/www.erboristerie.com\/it\/prodotto\/erisimo-parte-aerea-in-taglio-tisana-sisymbrium-officinale-erba-dei-cantanti\/#primaryimage\"},\"image\":{\"@id\":\"https:\/\/www.erboristerie.com\/it\/prodotto\/erisimo-parte-aerea-in-taglio-tisana-sisymbrium-officinale-erba-dei-cantanti\/#primaryimage\"},\"thumbnailUrl\":\"https:\/\/www.erboristerie.com\/wp-content\/uploads\/2019\/01\/products-00001716.jpg\",\"datePublished\":\"2008-05-09T10:45:07+00:00\",\"dateModified\":\"2025-02-19T17:15:00+00:00\",\"description\":\"L\u2019Erisimo (Sisymbrium officinale), o erba dei cantanti, \u00e8 tradizionalmente utilizzato per il benessere della voce e delle vie respiratorie.\",\"breadcrumb\":{\"@id\":\"https:\/\/www.erboristerie.com\/it\/prodotto\/erisimo-parte-aerea-in-taglio-tisana-sisymbrium-officinale-erba-dei-cantanti\/#breadcrumb\"},\"inLanguage\":\"en-US\",\"potentialAction\":[{\"@type\":\"ReadAction\",\"target\":[\"https:\/\/www.erboristerie.com\/it\/prodotto\/erisimo-parte-aerea-in-taglio-tisana-sisymbrium-officinale-erba-dei-cantanti\/\"]}]},{\"@type\":\"ImageObject\",\"inLanguage\":\"en-US\",\"@id\":\"https:\/\/www.erboristerie.com\/it\/prodotto\/erisimo-parte-aerea-in-taglio-tisana-sisymbrium-officinale-erba-dei-cantanti\/#primaryimage\",\"url\":\"https:\/\/www.erboristerie.com\/wp-content\/uploads\/2019\/01\/products-00001716.jpg\",\"contentUrl\":\"https:\/\/www.erboristerie.com\/wp-content\/uploads\/2019\/01\/products-00001716.jpg\",\"width\":350,\"height\":458,\"caption\":\"Erbe officinali\"},{\"@type\":\"BreadcrumbList\",\"@id\":\"https:\/\/www.erboristerie.com\/it\/prodotto\/erisimo-parte-aerea-in-taglio-tisana-sisymbrium-officinale-erba-dei-cantanti\/#breadcrumb\",\"itemListElement\":[{\"@type\":\"ListItem\",\"position\":1,\"name\":\"Home\",\"item\":\"https:\/\/www.erboristerie.com\/en\/\"},{\"@type\":\"ListItem\",\"position\":2,\"name\":\"All products\",\"item\":\"https:\/\/www.erboristerie.com\/en\/all-products\/\"},{\"@type\":\"ListItem\",\"position\":3,\"name\":\"Erisimo Parte Aerea in Taglio Tisana (Sisymbrium officinale) Erba dei Cantanti\"}]},{\"@type\":\"WebSite\",\"@id\":\"https:\/\/www.erboristerie.com\/it\/#website\",\"url\":\"https:\/\/www.erboristerie.com\/it\/\",\"name\":\"Erboristeria Demetra\",\"description\":\"Your natural health\",\"publisher\":{\"@id\":\"https:\/\/www.erboristerie.com\/it\/#organization\"},\"potentialAction\":[{\"@type\":\"SearchAction\",\"target\":{\"@type\":\"EntryPoint\",\"urlTemplate\":\"https:\/\/www.erboristerie.com\/it\/?s={search_term_string}\"},\"query-input\":{\"@type\":\"PropertyValueSpecification\",\"valueRequired\":true,\"valueName\":\"search_term_string\"}}],\"inLanguage\":\"en-US\"},{\"@type\":\"Organization\",\"@id\":\"https:\/\/www.erboristerie.com\/it\/#organization\",\"name\":\"Erboristeria Demetra\",\"url\":\"https:\/\/www.erboristerie.com\/it\/\",\"logo\":{\"@type\":\"ImageObject\",\"inLanguage\":\"en-US\",\"@id\":\"https:\/\/www.erboristerie.com\/it\/#\/schema\/logo\/image\/\",\"url\":\"https:\/\/www.erboristerie.com\/wp-content\/uploads\/2019\/11\/LOGO_ERBORISTERIA_DEMETRA_original.png?v=1611516981\",\"contentUrl\":\"https:\/\/www.erboristerie.com\/wp-content\/uploads\/2019\/11\/LOGO_ERBORISTERIA_DEMETRA_original.png?v=1611516981\",\"width\":201,\"height\":54,\"caption\":\"Erboristeria Demetra\"},\"image\":{\"@id\":\"https:\/\/www.erboristerie.com\/it\/#\/schema\/logo\/image\/\"},\"sameAs\":[\"https:\/\/www.facebook.com\/erboristeria.demetra.online\"]}]}<\/script>\n<!-- \/ Yoast SEO plugin. -->","yoast_head_json":{"title":"Erisimo Parte Aerea in Taglio Tisana (Sisymbrium officinale) Erba dei Cantanti - Erboristeria Demetra","description":"L\u2019Erisimo (Sisymbrium officinale), o erba dei cantanti, \u00e8 tradizionalmente utilizzato per il benessere della voce e delle vie respiratorie.","robots":{"index":"index","follow":"follow","max-snippet":"max-snippet:-1","max-image-preview":"max-image-preview:large","max-video-preview":"max-video-preview:-1"},"canonical":"https:\/\/www.erboristerie.com\/it\/prodotto\/erisimo-parte-aerea-in-taglio-tisana-sisymbrium-officinale-erba-dei-cantanti\/","og_locale":"en_US","og_type":"article","og_title":"Erisimo Parte Aerea in Taglio Tisana (Sisymbrium officinale) Erba dei Cantanti - Erboristeria Demetra","og_description":"L\u2019Erisimo (Sisymbrium officinale), o erba dei cantanti, \u00e8 tradizionalmente utilizzato per il benessere della voce e delle vie respiratorie.","og_url":"https:\/\/www.erboristerie.com\/it\/prodotto\/erisimo-parte-aerea-in-taglio-tisana-sisymbrium-officinale-erba-dei-cantanti\/","og_site_name":"Erboristeria Demetra","article_publisher":"https:\/\/www.facebook.com\/erboristeria.demetra.online","article_modified_time":"2025-02-19T17:15:00+00:00","og_image":[{"width":350,"height":458,"url":"https:\/\/www.erboristerie.com\/wp-content\/uploads\/2019\/01\/products-00001716.jpg","type":"image\/jpeg"}],"twitter_card":"summary_large_image","twitter_misc":{"Est. reading time":"1 minute"},"schema":{"@context":"https:\/\/schema.org","@graph":[{"@type":"WebPage","@id":"https:\/\/www.erboristerie.com\/it\/prodotto\/erisimo-parte-aerea-in-taglio-tisana-sisymbrium-officinale-erba-dei-cantanti\/","url":"https:\/\/www.erboristerie.com\/it\/prodotto\/erisimo-parte-aerea-in-taglio-tisana-sisymbrium-officinale-erba-dei-cantanti\/","name":"Erisimo Parte Aerea in Taglio Tisana (Sisymbrium officinale) Erba dei Cantanti - Erboristeria Demetra","isPartOf":{"@id":"https:\/\/www.erboristerie.com\/it\/#website"},"primaryImageOfPage":{"@id":"https:\/\/www.erboristerie.com\/it\/prodotto\/erisimo-parte-aerea-in-taglio-tisana-sisymbrium-officinale-erba-dei-cantanti\/#primaryimage"},"image":{"@id":"https:\/\/www.erboristerie.com\/it\/prodotto\/erisimo-parte-aerea-in-taglio-tisana-sisymbrium-officinale-erba-dei-cantanti\/#primaryimage"},"thumbnailUrl":"https:\/\/www.erboristerie.com\/wp-content\/uploads\/2019\/01\/products-00001716.jpg","datePublished":"2008-05-09T10:45:07+00:00","dateModified":"2025-02-19T17:15:00+00:00","description":"L\u2019Erisimo (Sisymbrium officinale), o erba dei cantanti, \u00e8 tradizionalmente utilizzato per il benessere della voce e delle vie respiratorie.","breadcrumb":{"@id":"https:\/\/www.erboristerie.com\/it\/prodotto\/erisimo-parte-aerea-in-taglio-tisana-sisymbrium-officinale-erba-dei-cantanti\/#breadcrumb"},"inLanguage":"en-US","potentialAction":[{"@type":"ReadAction","target":["https:\/\/www.erboristerie.com\/it\/prodotto\/erisimo-parte-aerea-in-taglio-tisana-sisymbrium-officinale-erba-dei-cantanti\/"]}]},{"@type":"ImageObject","inLanguage":"en-US","@id":"https:\/\/www.erboristerie.com\/it\/prodotto\/erisimo-parte-aerea-in-taglio-tisana-sisymbrium-officinale-erba-dei-cantanti\/#primaryimage","url":"https:\/\/www.erboristerie.com\/wp-content\/uploads\/2019\/01\/products-00001716.jpg","contentUrl":"https:\/\/www.erboristerie.com\/wp-content\/uploads\/2019\/01\/products-00001716.jpg","width":350,"height":458,"caption":"Erbe officinali"},{"@type":"BreadcrumbList","@id":"https:\/\/www.erboristerie.com\/it\/prodotto\/erisimo-parte-aerea-in-taglio-tisana-sisymbrium-officinale-erba-dei-cantanti\/#breadcrumb","itemListElement":[{"@type":"ListItem","position":1,"name":"Home","item":"https:\/\/www.erboristerie.com\/en\/"},{"@type":"ListItem","position":2,"name":"All products","item":"https:\/\/www.erboristerie.com\/en\/all-products\/"},{"@type":"ListItem","position":3,"name":"Erisimo Parte Aerea in Taglio Tisana (Sisymbrium officinale) Erba dei Cantanti"}]},{"@type":"WebSite","@id":"https:\/\/www.erboristerie.com\/it\/#website","url":"https:\/\/www.erboristerie.com\/it\/","name":"Erboristeria Demetra","description":"Your natural health","publisher":{"@id":"https:\/\/www.erboristerie.com\/it\/#organization"},"potentialAction":[{"@type":"SearchAction","target":{"@type":"EntryPoint","urlTemplate":"https:\/\/www.erboristerie.com\/it\/?s={search_term_string}"},"query-input":{"@type":"PropertyValueSpecification","valueRequired":true,"valueName":"search_term_string"}}],"inLanguage":"en-US"},{"@type":"Organization","@id":"https:\/\/www.erboristerie.com\/it\/#organization","name":"Erboristeria Demetra","url":"https:\/\/www.erboristerie.com\/it\/","logo":{"@type":"ImageObject","inLanguage":"en-US","@id":"https:\/\/www.erboristerie.com\/it\/#\/schema\/logo\/image\/","url":"https:\/\/www.erboristerie.com\/wp-content\/uploads\/2019\/11\/LOGO_ERBORISTERIA_DEMETRA_original.png?v=1611516981","contentUrl":"https:\/\/www.erboristerie.com\/wp-content\/uploads\/2019\/11\/LOGO_ERBORISTERIA_DEMETRA_original.png?v=1611516981","width":201,"height":54,"caption":"Erboristeria Demetra"},"image":{"@id":"https:\/\/www.erboristerie.com\/it\/#\/schema\/logo\/image\/"},"sameAs":["https:\/\/www.facebook.com\/erboristeria.demetra.online"]}]}},"_links":{"self":[{"href":"https:\/\/www.erboristerie.com\/en\/wp-json\/wp\/v2\/product\/52070","targetHints":{"allow":["GET"]}}],"collection":[{"href":"https:\/\/www.erboristerie.com\/en\/wp-json\/wp\/v2\/product"}],"about":[{"href":"https:\/\/www.erboristerie.com\/en\/wp-json\/wp\/v2\/types\/product"}],"wp:featuredmedia":[{"embeddable":true,"href":"https:\/\/www.erboristerie.com\/en\/wp-json\/wp\/v2\/media\/50903"}],"wp:attachment":[{"href":"https:\/\/www.erboristerie.com\/en\/wp-json\/wp\/v2\/media?parent=52070"}],"wp:term":[{"taxonomy":"product_brand","embeddable":true,"href":"https:\/\/www.erboristerie.com\/en\/wp-json\/wp\/v2\/product_brand?post=52070"},{"taxonomy":"product_cat","embeddable":true,"href":"https:\/\/www.erboristerie.com\/en\/wp-json\/wp\/v2\/product_cat?post=52070"},{"taxonomy":"product_tag","embeddable":true,"href":"https:\/\/www.erboristerie.com\/en\/wp-json\/wp\/v2\/product_tag?post=52070"},{"taxonomy":"giftcard-category","embeddable":true,"href":"https:\/\/www.erboristerie.com\/en\/wp-json\/wp\/v2\/giftcard-category?post=52070"}],"curies":[{"name":"wp","href":"https:\/\/api.w.org\/{rel}","templated":true}]}}