{"id":51998,"date":"2008-05-09T10:45:06","date_gmt":"2008-05-09T10:45:06","guid":{"rendered":"http:\/\/www.erboristerie.com\/?post_type=product&#038;p=51998"},"modified":"2025-10-08T21:26:46","modified_gmt":"2025-10-08T19:26:46","slug":"polvere-henne-blond-dore-biondo-dorato-100gr-sitarama","status":"publish","type":"product","link":"https:\/\/www.erboristerie.com\/en\/prodotto\/polvere-henne-blond-dore-biondo-dorato-100gr-sitarama\/","title":{"rendered":"Polvere Henn\u00e9 Blond Dor\u00e9 Biondo Dorato 100gr &#8211; Sitarama\u00a0"},"content":{"rendered":"<p><strong>Polvere Henn\u00e9 Biondo Dorato Blond Dor\u00e9 100gr &#8211; Sitarama\u00a0<\/strong><\/p>\n<p>L\u2019Henn\u00e9 di Sitarama \u00e8 la migliore qualit\u00e0 di henn\u00e9 che potete trovare sul mercato, micronizzato finemente per garantire una polvere leggera come il talco al fine della preparazione di una una pappetta molto soffice e cremosa da applicare sui capelli.<\/p>\n<p>Il Biondo Dorato Blond Dor\u00e8 \u00e8 una miscela di Henn\u00e8 puro (Lawsonia inermis) con altre piante tintoree come la \u00a0Cassia Italica, il rabarbaro, la Camomilla e il Rosmarino<\/p>\n<p><strong>Questa colorazione dolce Henn\u00e9 Biondo Dorato vi permette:<\/strong><br \/>\n-di vivacizzare il vostro colore biondo naturale ed arricchirlo di bellissimi riflessi cangianti biondi dorati;<br \/>\n-di ottenere una nuance biondo dorato effetto naturale;<br \/>\n-di migliorare lo stato di salute dei vostri capelli;<br \/>\n-di coprire gran parte dei vostri capelli bianchi;<\/p>\n<p>Il meglio dei benefici di questa pianta \u00e8 visibile con l\u2019 uso prolungato nel tempo.<\/p>\n<p>L&#8217;Henn\u00e9 rispetta la struttura dei vostri capelli e ne rinnova il colore naturale, donando bellissimi ed intensi riflessi ramati; copre i capelli bianchi, colora tono su tono, dona volume e cura i capelli.<\/p>\n<p>Si attenua dopo 4\/5 lavaggi.<\/p>\n<p><strong>Modo d&#8217;uso<\/strong><br \/>\nL&#8217;Henn\u00e8 \u00e8 facile da usare: basta aggiungere dell\u2019acqua bollente alla polvere colorante vegetale, mescolare per ottenere una pappetta e applicare sui capelli con i tempi indicati nelle istruzioni contenute nella confezione.<\/p>\n<p><strong>Note<\/strong><br \/>\nIl risultato finale dipende dal colore iniziale dei capelli.<br \/>\nL&#8217;Henn\u00e8 non schiarisce i capelli.<br \/>\nLe polveri si possono miscelare tra loro per ottenere differenti colorazioni.<\/p>\n<p>&nbsp;<\/p>\n","protected":false},"excerpt":{"rendered":"<p>Polvere Henn\u00e9 Biondo Dorato Blond Dor\u00e9 100gr &#8211; Sitarama\u00a0 L\u2019Henn\u00e9 di Sitarama \u00e8 la migliore qualit\u00e0 di henn\u00e9 che potete trovare sul mercato, micronizzato finemente per garantire una polvere leggera come il talco al fine della preparazione di una una pappetta molto soffice e cremosa&#8230;<\/p>\n","protected":false},"featured_media":110708,"template":"","meta":{"_acf_changed":false},"product_brand":[45718],"product_cat":[10307],"product_tag":[11204,11280,11203,11281,10952,11234],"giftcard-category":[],"class_list":{"0":"post-51998","1":"product","2":"type-product","3":"status-publish","4":"has-post-thumbnail","6":"product_brand-sitarama","7":"product_cat-capelli","8":"product_tag-biondo","9":"product_tag-blond","10":"product_tag-dorato","11":"product_tag-dore","12":"product_tag-gr","13":"product_tag-henne","14":"pa_colore-biondo-dorato","16":"first","17":"instock","18":"sale","19":"taxable","20":"shipping-taxable","21":"purchasable","22":"product-type-simple"},"acf":[],"yoast_head":"<!-- This site is optimized with the Yoast SEO plugin v24.9 - https:\/\/yoast.com\/wordpress\/plugins\/seo\/ -->\n<title>Polvere Henn\u00e9 Blond Dor\u00e9 Biondo Dorato 100gr - Sitarama\u00a0 - Erboristeria Demetra<\/title>\n<meta name=\"description\" content=\"L\u2019Henn\u00e9 di Sitarama \u00e8 la migliore qualit\u00e0 che potete trovare sul mercato, micronizzato finemente per garantire una pappetta soffice e cremosa\" \/>\n<meta name=\"robots\" content=\"index, follow, max-snippet:-1, max-image-preview:large, max-video-preview:-1\" \/>\n<link rel=\"canonical\" href=\"https:\/\/www.erboristerie.com\/it\/prodotto\/polvere-henne-blond-dore-biondo-dorato-100gr-sitarama\/\" \/>\n<meta property=\"og:locale\" content=\"en_US\" \/>\n<meta property=\"og:type\" content=\"article\" \/>\n<meta property=\"og:title\" content=\"Polvere Henn\u00e9 Blond Dor\u00e9 Biondo Dorato 100gr - Sitarama\u00a0 - Erboristeria Demetra\" \/>\n<meta property=\"og:description\" content=\"L\u2019Henn\u00e9 di Sitarama \u00e8 la migliore qualit\u00e0 che potete trovare sul mercato, micronizzato finemente per garantire una pappetta soffice e cremosa\" \/>\n<meta property=\"og:url\" content=\"https:\/\/www.erboristerie.com\/it\/prodotto\/polvere-henne-blond-dore-biondo-dorato-100gr-sitarama\/\" \/>\n<meta property=\"og:site_name\" content=\"Erboristeria Demetra\" \/>\n<meta property=\"article:publisher\" content=\"https:\/\/www.facebook.com\/erboristeria.demetra.online\" \/>\n<meta property=\"article:modified_time\" content=\"2025-10-08T19:26:46+00:00\" \/>\n<meta property=\"og:image\" content=\"https:\/\/www.erboristerie.com\/wp-content\/uploads\/2008\/05\/00001807.jpg\" \/>\n\t<meta property=\"og:image:width\" content=\"1000\" \/>\n\t<meta property=\"og:image:height\" content=\"1000\" \/>\n\t<meta property=\"og:image:type\" content=\"image\/jpeg\" \/>\n<meta name=\"twitter:card\" content=\"summary_large_image\" \/>\n<meta name=\"twitter:label1\" content=\"Est. reading time\" \/>\n\t<meta name=\"twitter:data1\" content=\"1 minute\" \/>\n<script type=\"application\/ld+json\" class=\"yoast-schema-graph\">{\"@context\":\"https:\/\/schema.org\",\"@graph\":[{\"@type\":\"WebPage\",\"@id\":\"https:\/\/www.erboristerie.com\/it\/prodotto\/polvere-henne-blond-dore-biondo-dorato-100gr-sitarama\/\",\"url\":\"https:\/\/www.erboristerie.com\/it\/prodotto\/polvere-henne-blond-dore-biondo-dorato-100gr-sitarama\/\",\"name\":\"Polvere Henn\u00e9 Blond Dor\u00e9 Biondo Dorato 100gr - Sitarama\u00a0 - Erboristeria Demetra\",\"isPartOf\":{\"@id\":\"https:\/\/www.erboristerie.com\/it\/#website\"},\"primaryImageOfPage\":{\"@id\":\"https:\/\/www.erboristerie.com\/it\/prodotto\/polvere-henne-blond-dore-biondo-dorato-100gr-sitarama\/#primaryimage\"},\"image\":{\"@id\":\"https:\/\/www.erboristerie.com\/it\/prodotto\/polvere-henne-blond-dore-biondo-dorato-100gr-sitarama\/#primaryimage\"},\"thumbnailUrl\":\"https:\/\/www.erboristerie.com\/wp-content\/uploads\/2008\/05\/00001807.jpg\",\"datePublished\":\"2008-05-09T10:45:06+00:00\",\"dateModified\":\"2025-10-08T19:26:46+00:00\",\"description\":\"L\u2019Henn\u00e9 di Sitarama \u00e8 la migliore qualit\u00e0 che potete trovare sul mercato, micronizzato finemente per garantire una pappetta soffice e cremosa\",\"breadcrumb\":{\"@id\":\"https:\/\/www.erboristerie.com\/it\/prodotto\/polvere-henne-blond-dore-biondo-dorato-100gr-sitarama\/#breadcrumb\"},\"inLanguage\":\"en-US\",\"potentialAction\":[{\"@type\":\"ReadAction\",\"target\":[\"https:\/\/www.erboristerie.com\/it\/prodotto\/polvere-henne-blond-dore-biondo-dorato-100gr-sitarama\/\"]}]},{\"@type\":\"ImageObject\",\"inLanguage\":\"en-US\",\"@id\":\"https:\/\/www.erboristerie.com\/it\/prodotto\/polvere-henne-blond-dore-biondo-dorato-100gr-sitarama\/#primaryimage\",\"url\":\"https:\/\/www.erboristerie.com\/wp-content\/uploads\/2008\/05\/00001807.jpg\",\"contentUrl\":\"https:\/\/www.erboristerie.com\/wp-content\/uploads\/2008\/05\/00001807.jpg\",\"width\":1000,\"height\":1000},{\"@type\":\"BreadcrumbList\",\"@id\":\"https:\/\/www.erboristerie.com\/it\/prodotto\/polvere-henne-blond-dore-biondo-dorato-100gr-sitarama\/#breadcrumb\",\"itemListElement\":[{\"@type\":\"ListItem\",\"position\":1,\"name\":\"Home\",\"item\":\"https:\/\/www.erboristerie.com\/en\/\"},{\"@type\":\"ListItem\",\"position\":2,\"name\":\"All products\",\"item\":\"https:\/\/www.erboristerie.com\/en\/all-products\/\"},{\"@type\":\"ListItem\",\"position\":3,\"name\":\"Polvere Henn\u00e9 Blond Dor\u00e9 Biondo Dorato 100gr &#8211; Sitarama\u00a0\"}]},{\"@type\":\"WebSite\",\"@id\":\"https:\/\/www.erboristerie.com\/it\/#website\",\"url\":\"https:\/\/www.erboristerie.com\/it\/\",\"name\":\"Erboristeria Demetra\",\"description\":\"Your natural health\",\"publisher\":{\"@id\":\"https:\/\/www.erboristerie.com\/it\/#organization\"},\"potentialAction\":[{\"@type\":\"SearchAction\",\"target\":{\"@type\":\"EntryPoint\",\"urlTemplate\":\"https:\/\/www.erboristerie.com\/it\/?s={search_term_string}\"},\"query-input\":{\"@type\":\"PropertyValueSpecification\",\"valueRequired\":true,\"valueName\":\"search_term_string\"}}],\"inLanguage\":\"en-US\"},{\"@type\":\"Organization\",\"@id\":\"https:\/\/www.erboristerie.com\/it\/#organization\",\"name\":\"Erboristeria Demetra\",\"url\":\"https:\/\/www.erboristerie.com\/it\/\",\"logo\":{\"@type\":\"ImageObject\",\"inLanguage\":\"en-US\",\"@id\":\"https:\/\/www.erboristerie.com\/it\/#\/schema\/logo\/image\/\",\"url\":\"https:\/\/www.erboristerie.com\/wp-content\/uploads\/2019\/11\/LOGO_ERBORISTERIA_DEMETRA_original.png?v=1611516981\",\"contentUrl\":\"https:\/\/www.erboristerie.com\/wp-content\/uploads\/2019\/11\/LOGO_ERBORISTERIA_DEMETRA_original.png?v=1611516981\",\"width\":201,\"height\":54,\"caption\":\"Erboristeria Demetra\"},\"image\":{\"@id\":\"https:\/\/www.erboristerie.com\/it\/#\/schema\/logo\/image\/\"},\"sameAs\":[\"https:\/\/www.facebook.com\/erboristeria.demetra.online\"]}]}<\/script>\n<!-- \/ Yoast SEO plugin. -->","yoast_head_json":{"title":"Polvere Henn\u00e9 Blond Dor\u00e9 Biondo Dorato 100gr - Sitarama\u00a0 - Erboristeria Demetra","description":"L\u2019Henn\u00e9 di Sitarama \u00e8 la migliore qualit\u00e0 che potete trovare sul mercato, micronizzato finemente per garantire una pappetta soffice e cremosa","robots":{"index":"index","follow":"follow","max-snippet":"max-snippet:-1","max-image-preview":"max-image-preview:large","max-video-preview":"max-video-preview:-1"},"canonical":"https:\/\/www.erboristerie.com\/it\/prodotto\/polvere-henne-blond-dore-biondo-dorato-100gr-sitarama\/","og_locale":"en_US","og_type":"article","og_title":"Polvere Henn\u00e9 Blond Dor\u00e9 Biondo Dorato 100gr - Sitarama\u00a0 - Erboristeria Demetra","og_description":"L\u2019Henn\u00e9 di Sitarama \u00e8 la migliore qualit\u00e0 che potete trovare sul mercato, micronizzato finemente per garantire una pappetta soffice e cremosa","og_url":"https:\/\/www.erboristerie.com\/it\/prodotto\/polvere-henne-blond-dore-biondo-dorato-100gr-sitarama\/","og_site_name":"Erboristeria Demetra","article_publisher":"https:\/\/www.facebook.com\/erboristeria.demetra.online","article_modified_time":"2025-10-08T19:26:46+00:00","og_image":[{"width":1000,"height":1000,"url":"https:\/\/www.erboristerie.com\/wp-content\/uploads\/2008\/05\/00001807.jpg","type":"image\/jpeg"}],"twitter_card":"summary_large_image","twitter_misc":{"Est. reading time":"1 minute"},"schema":{"@context":"https:\/\/schema.org","@graph":[{"@type":"WebPage","@id":"https:\/\/www.erboristerie.com\/it\/prodotto\/polvere-henne-blond-dore-biondo-dorato-100gr-sitarama\/","url":"https:\/\/www.erboristerie.com\/it\/prodotto\/polvere-henne-blond-dore-biondo-dorato-100gr-sitarama\/","name":"Polvere Henn\u00e9 Blond Dor\u00e9 Biondo Dorato 100gr - Sitarama\u00a0 - Erboristeria Demetra","isPartOf":{"@id":"https:\/\/www.erboristerie.com\/it\/#website"},"primaryImageOfPage":{"@id":"https:\/\/www.erboristerie.com\/it\/prodotto\/polvere-henne-blond-dore-biondo-dorato-100gr-sitarama\/#primaryimage"},"image":{"@id":"https:\/\/www.erboristerie.com\/it\/prodotto\/polvere-henne-blond-dore-biondo-dorato-100gr-sitarama\/#primaryimage"},"thumbnailUrl":"https:\/\/www.erboristerie.com\/wp-content\/uploads\/2008\/05\/00001807.jpg","datePublished":"2008-05-09T10:45:06+00:00","dateModified":"2025-10-08T19:26:46+00:00","description":"L\u2019Henn\u00e9 di Sitarama \u00e8 la migliore qualit\u00e0 che potete trovare sul mercato, micronizzato finemente per garantire una pappetta soffice e cremosa","breadcrumb":{"@id":"https:\/\/www.erboristerie.com\/it\/prodotto\/polvere-henne-blond-dore-biondo-dorato-100gr-sitarama\/#breadcrumb"},"inLanguage":"en-US","potentialAction":[{"@type":"ReadAction","target":["https:\/\/www.erboristerie.com\/it\/prodotto\/polvere-henne-blond-dore-biondo-dorato-100gr-sitarama\/"]}]},{"@type":"ImageObject","inLanguage":"en-US","@id":"https:\/\/www.erboristerie.com\/it\/prodotto\/polvere-henne-blond-dore-biondo-dorato-100gr-sitarama\/#primaryimage","url":"https:\/\/www.erboristerie.com\/wp-content\/uploads\/2008\/05\/00001807.jpg","contentUrl":"https:\/\/www.erboristerie.com\/wp-content\/uploads\/2008\/05\/00001807.jpg","width":1000,"height":1000},{"@type":"BreadcrumbList","@id":"https:\/\/www.erboristerie.com\/it\/prodotto\/polvere-henne-blond-dore-biondo-dorato-100gr-sitarama\/#breadcrumb","itemListElement":[{"@type":"ListItem","position":1,"name":"Home","item":"https:\/\/www.erboristerie.com\/en\/"},{"@type":"ListItem","position":2,"name":"All products","item":"https:\/\/www.erboristerie.com\/en\/all-products\/"},{"@type":"ListItem","position":3,"name":"Polvere Henn\u00e9 Blond Dor\u00e9 Biondo Dorato 100gr &#8211; Sitarama\u00a0"}]},{"@type":"WebSite","@id":"https:\/\/www.erboristerie.com\/it\/#website","url":"https:\/\/www.erboristerie.com\/it\/","name":"Erboristeria Demetra","description":"Your natural health","publisher":{"@id":"https:\/\/www.erboristerie.com\/it\/#organization"},"potentialAction":[{"@type":"SearchAction","target":{"@type":"EntryPoint","urlTemplate":"https:\/\/www.erboristerie.com\/it\/?s={search_term_string}"},"query-input":{"@type":"PropertyValueSpecification","valueRequired":true,"valueName":"search_term_string"}}],"inLanguage":"en-US"},{"@type":"Organization","@id":"https:\/\/www.erboristerie.com\/it\/#organization","name":"Erboristeria Demetra","url":"https:\/\/www.erboristerie.com\/it\/","logo":{"@type":"ImageObject","inLanguage":"en-US","@id":"https:\/\/www.erboristerie.com\/it\/#\/schema\/logo\/image\/","url":"https:\/\/www.erboristerie.com\/wp-content\/uploads\/2019\/11\/LOGO_ERBORISTERIA_DEMETRA_original.png?v=1611516981","contentUrl":"https:\/\/www.erboristerie.com\/wp-content\/uploads\/2019\/11\/LOGO_ERBORISTERIA_DEMETRA_original.png?v=1611516981","width":201,"height":54,"caption":"Erboristeria Demetra"},"image":{"@id":"https:\/\/www.erboristerie.com\/it\/#\/schema\/logo\/image\/"},"sameAs":["https:\/\/www.facebook.com\/erboristeria.demetra.online"]}]}},"_links":{"self":[{"href":"https:\/\/www.erboristerie.com\/en\/wp-json\/wp\/v2\/product\/51998","targetHints":{"allow":["GET"]}}],"collection":[{"href":"https:\/\/www.erboristerie.com\/en\/wp-json\/wp\/v2\/product"}],"about":[{"href":"https:\/\/www.erboristerie.com\/en\/wp-json\/wp\/v2\/types\/product"}],"wp:featuredmedia":[{"embeddable":true,"href":"https:\/\/www.erboristerie.com\/en\/wp-json\/wp\/v2\/media\/110708"}],"wp:attachment":[{"href":"https:\/\/www.erboristerie.com\/en\/wp-json\/wp\/v2\/media?parent=51998"}],"wp:term":[{"taxonomy":"product_brand","embeddable":true,"href":"https:\/\/www.erboristerie.com\/en\/wp-json\/wp\/v2\/product_brand?post=51998"},{"taxonomy":"product_cat","embeddable":true,"href":"https:\/\/www.erboristerie.com\/en\/wp-json\/wp\/v2\/product_cat?post=51998"},{"taxonomy":"product_tag","embeddable":true,"href":"https:\/\/www.erboristerie.com\/en\/wp-json\/wp\/v2\/product_tag?post=51998"},{"taxonomy":"giftcard-category","embeddable":true,"href":"https:\/\/www.erboristerie.com\/en\/wp-json\/wp\/v2\/giftcard-category?post=51998"}],"curies":[{"name":"wp","href":"https:\/\/api.w.org\/{rel}","templated":true}]}}