{"id":51574,"date":"2008-05-06T16:06:37","date_gmt":"2008-05-06T14:06:37","guid":{"rendered":"http:\/\/www.erboristerie.com\/?post_type=product&#038;p=51574"},"modified":"2025-09-30T18:56:17","modified_gmt":"2025-09-30T16:56:17","slug":"olio-di-iperico-dalle-colline-umbre-100ml-erba-di-san-giovanni-erbamea","status":"publish","type":"product","link":"https:\/\/www.erboristerie.com\/en\/prodotto\/olio-di-iperico-dalle-colline-umbre-100ml-erba-di-san-giovanni-erbamea\/","title":{"rendered":"Olio di Iperico dalle colline Umbre 100ml Erba di San Giovanni Erbamea"},"content":{"rendered":"<p><strong>Olio di Iperico dalle colline Umbre 100ml Erbamea<\/strong><\/p>\n<p>L\u2019estratto oleoso di Iperico, <strong>pi\u00f9 noto come olio di Iperico<\/strong>, \u00e8 preparato da Erbamea con le sommit\u00e0 fiorite di questa pianta, appena raccolte sulle colline umbre, poste a macerare in olio di Oliva, in vasi di vetro esposti al sole, fino a quando l\u2019olio assume il caratteristico colore rosso<\/p>\n<p>La raccolta \u00e8 fatta alla fine di giugno.<\/p>\n<p>La tradizione vuole che l\u2019Iperico sia in piena fioritura il 24 giugno, giorno di San Giovanni Battista: per questo \u00e8 conosciuto comunemente come \u201c<strong>Erba di San Giovanni<\/strong>\u201d.<\/p>\n<p>L\u2019olio di Iperico \u00e8 usato per le sue <strong>propriet\u00e0 emollienti e lenitive<\/strong> su pelli arrossate e inaridite a causa di un\u2019eccessiva esposizione al sole, al vento e ad altri agenti esterni.<\/p>\n<p>Ingredients: Hypericum perforatum flower extract, Olea europaea fruit oil, tocopheryl acetate.<\/p>\n<p><strong>Consigli d&#8217;uso<\/strong><\/p>\n<p>Applicare una piccola quantit\u00e0 pi\u00f9 volte al giorno al bisogno, massaggiando con delicatezza.<\/p>\n","protected":false},"excerpt":{"rendered":"<p>Olio di Iperico dalle colline Umbre 100ml Erbamea L\u2019estratto oleoso di Iperico, pi\u00f9 noto come olio di Iperico, \u00e8 preparato da Erbamea con le sommit\u00e0 fiorite di questa pianta, appena raccolte sulle colline umbre, poste a macerare in olio di Oliva, in vasi di vetro&#8230;<\/p>\n","protected":false},"featured_media":117597,"template":"","meta":{"_acf_changed":false},"product_brand":[9617],"product_cat":[45110],"product_tag":[10990,10993,20528,10994,10671,10992],"giftcard-category":[],"class_list":{"0":"post-51574","1":"product","2":"type-product","3":"status-publish","4":"has-post-thumbnail","6":"product_brand-erbamea","7":"product_cat-oli-vegetali","8":"product_tag-colline","9":"product_tag-dalle","10":"product_tag-erbamea","11":"product_tag-iperico","12":"product_tag-olio","13":"product_tag-umbre","15":"first","16":"instock","17":"sale","18":"taxable","19":"shipping-taxable","20":"purchasable","21":"product-type-simple"},"acf":[],"yoast_head":"<!-- This site is optimized with the Yoast SEO plugin v24.9 - https:\/\/yoast.com\/wordpress\/plugins\/seo\/ -->\n<title>Olio di Iperico dalle colline Umbre 100ml Erba di San Giovanni Erbamea - Erboristeria Demetra<\/title>\n<meta name=\"description\" content=\"La tradizione vuole che l\u2019Iperico sia in piena fioritura il 24 giugno, giorno di San Giovanni Battista: per questo \u00e8 conosciuto come \u201cErba di San Giovanni\u201d\" \/>\n<meta name=\"robots\" content=\"index, follow, max-snippet:-1, max-image-preview:large, max-video-preview:-1\" \/>\n<link rel=\"canonical\" href=\"https:\/\/www.erboristerie.com\/it\/prodotto\/olio-di-iperico-dalle-colline-umbre-100ml-erba-di-san-giovanni-erbamea\/\" \/>\n<meta property=\"og:locale\" content=\"en_US\" \/>\n<meta property=\"og:type\" content=\"article\" \/>\n<meta property=\"og:title\" content=\"Olio di Iperico dalle colline Umbre 100ml Erba di San Giovanni Erbamea - Erboristeria Demetra\" \/>\n<meta property=\"og:description\" content=\"La tradizione vuole che l\u2019Iperico sia in piena fioritura il 24 giugno, giorno di San Giovanni Battista: per questo \u00e8 conosciuto come \u201cErba di San Giovanni\u201d\" \/>\n<meta property=\"og:url\" content=\"https:\/\/www.erboristerie.com\/it\/prodotto\/olio-di-iperico-dalle-colline-umbre-100ml-erba-di-san-giovanni-erbamea\/\" \/>\n<meta property=\"og:site_name\" content=\"Erboristeria Demetra\" \/>\n<meta property=\"article:publisher\" content=\"https:\/\/www.facebook.com\/erboristeria.demetra.online\" \/>\n<meta property=\"article:modified_time\" content=\"2025-09-30T16:56:17+00:00\" \/>\n<meta property=\"og:image\" content=\"https:\/\/www.erboristerie.com\/wp-content\/uploads\/2008\/05\/00008237-1.jpg\" \/>\n\t<meta property=\"og:image:width\" content=\"874\" \/>\n\t<meta property=\"og:image:height\" content=\"773\" \/>\n\t<meta property=\"og:image:type\" content=\"image\/jpeg\" \/>\n<meta name=\"twitter:card\" content=\"summary_large_image\" \/>\n<meta name=\"twitter:label1\" content=\"Est. reading time\" \/>\n\t<meta name=\"twitter:data1\" content=\"1 minute\" \/>\n<script type=\"application\/ld+json\" class=\"yoast-schema-graph\">{\"@context\":\"https:\/\/schema.org\",\"@graph\":[{\"@type\":\"WebPage\",\"@id\":\"https:\/\/www.erboristerie.com\/it\/prodotto\/olio-di-iperico-dalle-colline-umbre-100ml-erba-di-san-giovanni-erbamea\/\",\"url\":\"https:\/\/www.erboristerie.com\/it\/prodotto\/olio-di-iperico-dalle-colline-umbre-100ml-erba-di-san-giovanni-erbamea\/\",\"name\":\"Olio di Iperico dalle colline Umbre 100ml Erba di San Giovanni Erbamea - Erboristeria Demetra\",\"isPartOf\":{\"@id\":\"https:\/\/www.erboristerie.com\/it\/#website\"},\"primaryImageOfPage\":{\"@id\":\"https:\/\/www.erboristerie.com\/it\/prodotto\/olio-di-iperico-dalle-colline-umbre-100ml-erba-di-san-giovanni-erbamea\/#primaryimage\"},\"image\":{\"@id\":\"https:\/\/www.erboristerie.com\/it\/prodotto\/olio-di-iperico-dalle-colline-umbre-100ml-erba-di-san-giovanni-erbamea\/#primaryimage\"},\"thumbnailUrl\":\"https:\/\/www.erboristerie.com\/wp-content\/uploads\/2008\/05\/00008237-1.jpg\",\"datePublished\":\"2008-05-06T14:06:37+00:00\",\"dateModified\":\"2025-09-30T16:56:17+00:00\",\"description\":\"La tradizione vuole che l\u2019Iperico sia in piena fioritura il 24 giugno, giorno di San Giovanni Battista: per questo \u00e8 conosciuto come \u201cErba di San Giovanni\u201d\",\"breadcrumb\":{\"@id\":\"https:\/\/www.erboristerie.com\/it\/prodotto\/olio-di-iperico-dalle-colline-umbre-100ml-erba-di-san-giovanni-erbamea\/#breadcrumb\"},\"inLanguage\":\"en-US\",\"potentialAction\":[{\"@type\":\"ReadAction\",\"target\":[\"https:\/\/www.erboristerie.com\/it\/prodotto\/olio-di-iperico-dalle-colline-umbre-100ml-erba-di-san-giovanni-erbamea\/\"]}]},{\"@type\":\"ImageObject\",\"inLanguage\":\"en-US\",\"@id\":\"https:\/\/www.erboristerie.com\/it\/prodotto\/olio-di-iperico-dalle-colline-umbre-100ml-erba-di-san-giovanni-erbamea\/#primaryimage\",\"url\":\"https:\/\/www.erboristerie.com\/wp-content\/uploads\/2008\/05\/00008237-1.jpg\",\"contentUrl\":\"https:\/\/www.erboristerie.com\/wp-content\/uploads\/2008\/05\/00008237-1.jpg\",\"width\":874,\"height\":773},{\"@type\":\"BreadcrumbList\",\"@id\":\"https:\/\/www.erboristerie.com\/it\/prodotto\/olio-di-iperico-dalle-colline-umbre-100ml-erba-di-san-giovanni-erbamea\/#breadcrumb\",\"itemListElement\":[{\"@type\":\"ListItem\",\"position\":1,\"name\":\"Home\",\"item\":\"https:\/\/www.erboristerie.com\/en\/\"},{\"@type\":\"ListItem\",\"position\":2,\"name\":\"All products\",\"item\":\"https:\/\/www.erboristerie.com\/en\/all-products\/\"},{\"@type\":\"ListItem\",\"position\":3,\"name\":\"Olio di Iperico dalle colline Umbre 100ml Erba di San Giovanni Erbamea\"}]},{\"@type\":\"WebSite\",\"@id\":\"https:\/\/www.erboristerie.com\/it\/#website\",\"url\":\"https:\/\/www.erboristerie.com\/it\/\",\"name\":\"Erboristeria Demetra\",\"description\":\"Your natural health\",\"publisher\":{\"@id\":\"https:\/\/www.erboristerie.com\/it\/#organization\"},\"potentialAction\":[{\"@type\":\"SearchAction\",\"target\":{\"@type\":\"EntryPoint\",\"urlTemplate\":\"https:\/\/www.erboristerie.com\/it\/?s={search_term_string}\"},\"query-input\":{\"@type\":\"PropertyValueSpecification\",\"valueRequired\":true,\"valueName\":\"search_term_string\"}}],\"inLanguage\":\"en-US\"},{\"@type\":\"Organization\",\"@id\":\"https:\/\/www.erboristerie.com\/it\/#organization\",\"name\":\"Erboristeria Demetra\",\"url\":\"https:\/\/www.erboristerie.com\/it\/\",\"logo\":{\"@type\":\"ImageObject\",\"inLanguage\":\"en-US\",\"@id\":\"https:\/\/www.erboristerie.com\/it\/#\/schema\/logo\/image\/\",\"url\":\"https:\/\/www.erboristerie.com\/wp-content\/uploads\/2019\/11\/LOGO_ERBORISTERIA_DEMETRA_original.png?v=1611516981\",\"contentUrl\":\"https:\/\/www.erboristerie.com\/wp-content\/uploads\/2019\/11\/LOGO_ERBORISTERIA_DEMETRA_original.png?v=1611516981\",\"width\":201,\"height\":54,\"caption\":\"Erboristeria Demetra\"},\"image\":{\"@id\":\"https:\/\/www.erboristerie.com\/it\/#\/schema\/logo\/image\/\"},\"sameAs\":[\"https:\/\/www.facebook.com\/erboristeria.demetra.online\"]}]}<\/script>\n<!-- \/ Yoast SEO plugin. -->","yoast_head_json":{"title":"Olio di Iperico dalle colline Umbre 100ml Erba di San Giovanni Erbamea - Erboristeria Demetra","description":"La tradizione vuole che l\u2019Iperico sia in piena fioritura il 24 giugno, giorno di San Giovanni Battista: per questo \u00e8 conosciuto come \u201cErba di San Giovanni\u201d","robots":{"index":"index","follow":"follow","max-snippet":"max-snippet:-1","max-image-preview":"max-image-preview:large","max-video-preview":"max-video-preview:-1"},"canonical":"https:\/\/www.erboristerie.com\/it\/prodotto\/olio-di-iperico-dalle-colline-umbre-100ml-erba-di-san-giovanni-erbamea\/","og_locale":"en_US","og_type":"article","og_title":"Olio di Iperico dalle colline Umbre 100ml Erba di San Giovanni Erbamea - Erboristeria Demetra","og_description":"La tradizione vuole che l\u2019Iperico sia in piena fioritura il 24 giugno, giorno di San Giovanni Battista: per questo \u00e8 conosciuto come \u201cErba di San Giovanni\u201d","og_url":"https:\/\/www.erboristerie.com\/it\/prodotto\/olio-di-iperico-dalle-colline-umbre-100ml-erba-di-san-giovanni-erbamea\/","og_site_name":"Erboristeria Demetra","article_publisher":"https:\/\/www.facebook.com\/erboristeria.demetra.online","article_modified_time":"2025-09-30T16:56:17+00:00","og_image":[{"width":874,"height":773,"url":"https:\/\/www.erboristerie.com\/wp-content\/uploads\/2008\/05\/00008237-1.jpg","type":"image\/jpeg"}],"twitter_card":"summary_large_image","twitter_misc":{"Est. reading time":"1 minute"},"schema":{"@context":"https:\/\/schema.org","@graph":[{"@type":"WebPage","@id":"https:\/\/www.erboristerie.com\/it\/prodotto\/olio-di-iperico-dalle-colline-umbre-100ml-erba-di-san-giovanni-erbamea\/","url":"https:\/\/www.erboristerie.com\/it\/prodotto\/olio-di-iperico-dalle-colline-umbre-100ml-erba-di-san-giovanni-erbamea\/","name":"Olio di Iperico dalle colline Umbre 100ml Erba di San Giovanni Erbamea - Erboristeria Demetra","isPartOf":{"@id":"https:\/\/www.erboristerie.com\/it\/#website"},"primaryImageOfPage":{"@id":"https:\/\/www.erboristerie.com\/it\/prodotto\/olio-di-iperico-dalle-colline-umbre-100ml-erba-di-san-giovanni-erbamea\/#primaryimage"},"image":{"@id":"https:\/\/www.erboristerie.com\/it\/prodotto\/olio-di-iperico-dalle-colline-umbre-100ml-erba-di-san-giovanni-erbamea\/#primaryimage"},"thumbnailUrl":"https:\/\/www.erboristerie.com\/wp-content\/uploads\/2008\/05\/00008237-1.jpg","datePublished":"2008-05-06T14:06:37+00:00","dateModified":"2025-09-30T16:56:17+00:00","description":"La tradizione vuole che l\u2019Iperico sia in piena fioritura il 24 giugno, giorno di San Giovanni Battista: per questo \u00e8 conosciuto come \u201cErba di San Giovanni\u201d","breadcrumb":{"@id":"https:\/\/www.erboristerie.com\/it\/prodotto\/olio-di-iperico-dalle-colline-umbre-100ml-erba-di-san-giovanni-erbamea\/#breadcrumb"},"inLanguage":"en-US","potentialAction":[{"@type":"ReadAction","target":["https:\/\/www.erboristerie.com\/it\/prodotto\/olio-di-iperico-dalle-colline-umbre-100ml-erba-di-san-giovanni-erbamea\/"]}]},{"@type":"ImageObject","inLanguage":"en-US","@id":"https:\/\/www.erboristerie.com\/it\/prodotto\/olio-di-iperico-dalle-colline-umbre-100ml-erba-di-san-giovanni-erbamea\/#primaryimage","url":"https:\/\/www.erboristerie.com\/wp-content\/uploads\/2008\/05\/00008237-1.jpg","contentUrl":"https:\/\/www.erboristerie.com\/wp-content\/uploads\/2008\/05\/00008237-1.jpg","width":874,"height":773},{"@type":"BreadcrumbList","@id":"https:\/\/www.erboristerie.com\/it\/prodotto\/olio-di-iperico-dalle-colline-umbre-100ml-erba-di-san-giovanni-erbamea\/#breadcrumb","itemListElement":[{"@type":"ListItem","position":1,"name":"Home","item":"https:\/\/www.erboristerie.com\/en\/"},{"@type":"ListItem","position":2,"name":"All products","item":"https:\/\/www.erboristerie.com\/en\/all-products\/"},{"@type":"ListItem","position":3,"name":"Olio di Iperico dalle colline Umbre 100ml Erba di San Giovanni Erbamea"}]},{"@type":"WebSite","@id":"https:\/\/www.erboristerie.com\/it\/#website","url":"https:\/\/www.erboristerie.com\/it\/","name":"Erboristeria Demetra","description":"Your natural health","publisher":{"@id":"https:\/\/www.erboristerie.com\/it\/#organization"},"potentialAction":[{"@type":"SearchAction","target":{"@type":"EntryPoint","urlTemplate":"https:\/\/www.erboristerie.com\/it\/?s={search_term_string}"},"query-input":{"@type":"PropertyValueSpecification","valueRequired":true,"valueName":"search_term_string"}}],"inLanguage":"en-US"},{"@type":"Organization","@id":"https:\/\/www.erboristerie.com\/it\/#organization","name":"Erboristeria Demetra","url":"https:\/\/www.erboristerie.com\/it\/","logo":{"@type":"ImageObject","inLanguage":"en-US","@id":"https:\/\/www.erboristerie.com\/it\/#\/schema\/logo\/image\/","url":"https:\/\/www.erboristerie.com\/wp-content\/uploads\/2019\/11\/LOGO_ERBORISTERIA_DEMETRA_original.png?v=1611516981","contentUrl":"https:\/\/www.erboristerie.com\/wp-content\/uploads\/2019\/11\/LOGO_ERBORISTERIA_DEMETRA_original.png?v=1611516981","width":201,"height":54,"caption":"Erboristeria Demetra"},"image":{"@id":"https:\/\/www.erboristerie.com\/it\/#\/schema\/logo\/image\/"},"sameAs":["https:\/\/www.facebook.com\/erboristeria.demetra.online"]}]}},"_links":{"self":[{"href":"https:\/\/www.erboristerie.com\/en\/wp-json\/wp\/v2\/product\/51574","targetHints":{"allow":["GET"]}}],"collection":[{"href":"https:\/\/www.erboristerie.com\/en\/wp-json\/wp\/v2\/product"}],"about":[{"href":"https:\/\/www.erboristerie.com\/en\/wp-json\/wp\/v2\/types\/product"}],"wp:featuredmedia":[{"embeddable":true,"href":"https:\/\/www.erboristerie.com\/en\/wp-json\/wp\/v2\/media\/117597"}],"wp:attachment":[{"href":"https:\/\/www.erboristerie.com\/en\/wp-json\/wp\/v2\/media?parent=51574"}],"wp:term":[{"taxonomy":"product_brand","embeddable":true,"href":"https:\/\/www.erboristerie.com\/en\/wp-json\/wp\/v2\/product_brand?post=51574"},{"taxonomy":"product_cat","embeddable":true,"href":"https:\/\/www.erboristerie.com\/en\/wp-json\/wp\/v2\/product_cat?post=51574"},{"taxonomy":"product_tag","embeddable":true,"href":"https:\/\/www.erboristerie.com\/en\/wp-json\/wp\/v2\/product_tag?post=51574"},{"taxonomy":"giftcard-category","embeddable":true,"href":"https:\/\/www.erboristerie.com\/en\/wp-json\/wp\/v2\/giftcard-category?post=51574"}],"curies":[{"name":"wp","href":"https:\/\/api.w.org\/{rel}","templated":true}]}}