{"id":51558,"date":"2006-11-18T11:50:38","date_gmt":"2006-11-18T11:50:38","guid":{"rendered":"http:\/\/www.erboristerie.com\/?post_type=product&#038;p=51558"},"modified":"2025-09-10T18:54:37","modified_gmt":"2025-09-10T16:54:37","slug":"olio-viso-collo-e-decollete-allolio-di-argan-ad-azione-antieta","status":"publish","type":"product","link":"https:\/\/www.erboristerie.com\/en\/prodotto\/olio-viso-collo-e-decollete-allolio-di-argan-ad-azione-antieta\/","title":{"rendered":"Olio Viso, Collo e Decollet\u00e9 All&#8217;Olio di Argan ad azione Antiet\u00e0"},"content":{"rendered":"<p><strong>Olio Viso, Collo e Decollet\u00e9 All&#8217;Olio di Argan ad azione Antiet\u00e0 28ml &#8211; L&#8217;Erbolario<\/strong><\/p>\n<p>Arricchito dalla sola presenza della Vitamina E, che ne potenzia l\u2019incredibile azione antiet\u00e0, e qui presentato nella sua forma pi\u00f9 pura, l\u2019Olio di Argan al massimo si attiva per conservare a lungo nel tempo la piacevolezza e la seduttivit\u00e0 della vostra persona.<\/p>\n<p>Pregno di preziosissimi attivi (tocoferoli, polifenoli, acidi grassi omega-6) e dotato di uno spiccato potere supernutriente e compattante, esso vanta inoltre il pregio di ricoprire l\u2019inedito ruolo di dinamizzatore cutaneo.<\/p>\n<p>\u00c8 cio\u00e8 in grado di favorire la riattivazione delle funzioni vitali delle cellule, assicurando ogni giorno alla pelle importante di viso, collo e decollet\u00e8 un apprezzatissimo surplus di elasticit\u00e0 e freschezza, giovanilit\u00e0 e turgore.<\/p>\n<p><strong>Consigli d&#8217;uso<\/strong><\/p>\n<p>Al mattino e alla sera, dopo aver ben deterso l\u2019epidermide, distribuite con massaggio lieve e circolare qualche goccia di prodotto su viso, collo e decollet\u00e9.<\/p>\n<p>Alla stesura dell\u2019Olio di Argan pu\u00f2 sempre seguire l\u2019applicazione della crema d\u2019elezione o del trucco.<\/p>\n<p><strong>Sostanze funzionali<\/strong><\/p>\n<p>Olio di Argan (99,8%), Vitamina E<\/p>\n<p><strong>Senza siliconi, parabeni e petrolati<\/strong><br \/>\n100% ingredienti di origine naturale<\/p>\n<p>Non contiene profumo<\/p>\n<p><strong>Ingredienti INCI<\/strong><\/p>\n<p>argania spinosa kernel oil, tocopherol, rosmarinus officinalis (rosemary) leaf extract, canola oil<\/p>\n<p><strong>Cosa sapere in pi\u00f9<\/strong><\/p>\n<p>100% Made in Italy<br \/>\n7 Metalli testati<br \/>\nDermatologicamente Testato<br \/>\nLAV \u2013 Dalla parte degli animali<br \/>\nSenza ingredienti di derivazione animale<br \/>\n12 MPaO (Period after Opening \u2013 periodo dopo l\u2019apertura)<\/p>\n","protected":false},"excerpt":{"rendered":"<p>Olio Viso, Collo e Decollet\u00e9 All&#8217;Olio di Argan ad azione Antiet\u00e0 28ml &#8211; L&#8217;Erbolario Arricchito dalla sola presenza della Vitamina E, che ne potenzia l\u2019incredibile azione antiet\u00e0, e qui presentato nella sua forma pi\u00f9 pura, l\u2019Olio di Argan al massimo si attiva per conservare a&#8230;<\/p>\n","protected":false},"featured_media":109110,"template":"","meta":{"_acf_changed":false},"product_brand":[9603],"product_cat":[10311,45040],"product_tag":[10987,10803,10986,10801,18198,18182,18248],"giftcard-category":[],"class_list":{"0":"post-51558","1":"product","2":"type-product","3":"status-publish","4":"has-post-thumbnail","6":"product_brand-erbolario","7":"product_cat-oli-per-viso-e-corpo","8":"product_cat-viso","9":"product_tag-28mla","10":"product_tag-argan","11":"product_tag-collo","12":"product_tag-linea","13":"product_tag-olio-2","14":"product_tag-puro-2","15":"product_tag-viso-2","16":"pa_formato-28-ml","17":"pa_linea-profumazione-argan","18":"pa_marca-lerbolario","19":"pa_tipologia-olio","21":"first","22":"instock","23":"sale","24":"taxable","25":"shipping-taxable","26":"purchasable","27":"product-type-simple"},"acf":[],"yoast_head":"<!-- This site is optimized with the Yoast SEO plugin v24.9 - https:\/\/yoast.com\/wordpress\/plugins\/seo\/ -->\n<title>Olio Viso, Collo e Decollet\u00e9 All&#039;Olio di Argan ad azione Antiet\u00e0 - Erboristeria Demetra<\/title>\n<meta name=\"description\" content=\"\u00c8 in grado di favorire la riattivazione delle funzioni vitali delle cellule, assicurando ogni giorno alla pelle importante di viso, collo e decollet\u00e8\" \/>\n<meta name=\"robots\" content=\"index, follow, max-snippet:-1, max-image-preview:large, max-video-preview:-1\" \/>\n<link rel=\"canonical\" href=\"https:\/\/www.erboristerie.com\/it\/prodotto\/olio-viso-collo-e-decollete-allolio-di-argan-ad-azione-antieta\/\" \/>\n<meta property=\"og:locale\" content=\"en_US\" \/>\n<meta property=\"og:type\" content=\"article\" \/>\n<meta property=\"og:title\" content=\"Olio Viso, Collo e Decollet\u00e9 All&#039;Olio di Argan ad azione Antiet\u00e0 - Erboristeria Demetra\" \/>\n<meta property=\"og:description\" content=\"\u00c8 in grado di favorire la riattivazione delle funzioni vitali delle cellule, assicurando ogni giorno alla pelle importante di viso, collo e decollet\u00e8\" \/>\n<meta property=\"og:url\" content=\"https:\/\/www.erboristerie.com\/it\/prodotto\/olio-viso-collo-e-decollete-allolio-di-argan-ad-azione-antieta\/\" \/>\n<meta property=\"og:site_name\" content=\"Erboristeria Demetra\" \/>\n<meta property=\"article:publisher\" content=\"https:\/\/www.facebook.com\/erboristeria.demetra.online\" \/>\n<meta property=\"article:modified_time\" content=\"2025-09-10T16:54:37+00:00\" \/>\n<meta property=\"og:image\" content=\"https:\/\/www.erboristerie.com\/wp-content\/uploads\/2006\/11\/argan-viso-1.jpg\" \/>\n\t<meta property=\"og:image:width\" content=\"420\" \/>\n\t<meta property=\"og:image:height\" content=\"567\" \/>\n\t<meta property=\"og:image:type\" content=\"image\/jpeg\" \/>\n<meta name=\"twitter:card\" content=\"summary_large_image\" \/>\n<meta name=\"twitter:label1\" content=\"Est. reading time\" \/>\n\t<meta name=\"twitter:data1\" content=\"2 minutes\" \/>\n<script type=\"application\/ld+json\" class=\"yoast-schema-graph\">{\"@context\":\"https:\/\/schema.org\",\"@graph\":[{\"@type\":\"WebPage\",\"@id\":\"https:\/\/www.erboristerie.com\/it\/prodotto\/olio-viso-collo-e-decollete-allolio-di-argan-ad-azione-antieta\/\",\"url\":\"https:\/\/www.erboristerie.com\/it\/prodotto\/olio-viso-collo-e-decollete-allolio-di-argan-ad-azione-antieta\/\",\"name\":\"Olio Viso, Collo e Decollet\u00e9 All'Olio di Argan ad azione Antiet\u00e0 - Erboristeria Demetra\",\"isPartOf\":{\"@id\":\"https:\/\/www.erboristerie.com\/it\/#website\"},\"primaryImageOfPage\":{\"@id\":\"https:\/\/www.erboristerie.com\/it\/prodotto\/olio-viso-collo-e-decollete-allolio-di-argan-ad-azione-antieta\/#primaryimage\"},\"image\":{\"@id\":\"https:\/\/www.erboristerie.com\/it\/prodotto\/olio-viso-collo-e-decollete-allolio-di-argan-ad-azione-antieta\/#primaryimage\"},\"thumbnailUrl\":\"https:\/\/www.erboristerie.com\/wp-content\/uploads\/2006\/11\/argan-viso-1.jpg\",\"datePublished\":\"2006-11-18T11:50:38+00:00\",\"dateModified\":\"2025-09-10T16:54:37+00:00\",\"description\":\"\u00c8 in grado di favorire la riattivazione delle funzioni vitali delle cellule, assicurando ogni giorno alla pelle importante di viso, collo e decollet\u00e8\",\"breadcrumb\":{\"@id\":\"https:\/\/www.erboristerie.com\/it\/prodotto\/olio-viso-collo-e-decollete-allolio-di-argan-ad-azione-antieta\/#breadcrumb\"},\"inLanguage\":\"en-US\",\"potentialAction\":[{\"@type\":\"ReadAction\",\"target\":[\"https:\/\/www.erboristerie.com\/it\/prodotto\/olio-viso-collo-e-decollete-allolio-di-argan-ad-azione-antieta\/\"]}]},{\"@type\":\"ImageObject\",\"inLanguage\":\"en-US\",\"@id\":\"https:\/\/www.erboristerie.com\/it\/prodotto\/olio-viso-collo-e-decollete-allolio-di-argan-ad-azione-antieta\/#primaryimage\",\"url\":\"https:\/\/www.erboristerie.com\/wp-content\/uploads\/2006\/11\/argan-viso-1.jpg\",\"contentUrl\":\"https:\/\/www.erboristerie.com\/wp-content\/uploads\/2006\/11\/argan-viso-1.jpg\",\"width\":420,\"height\":567},{\"@type\":\"BreadcrumbList\",\"@id\":\"https:\/\/www.erboristerie.com\/it\/prodotto\/olio-viso-collo-e-decollete-allolio-di-argan-ad-azione-antieta\/#breadcrumb\",\"itemListElement\":[{\"@type\":\"ListItem\",\"position\":1,\"name\":\"Home\",\"item\":\"https:\/\/www.erboristerie.com\/en\/\"},{\"@type\":\"ListItem\",\"position\":2,\"name\":\"All products\",\"item\":\"https:\/\/www.erboristerie.com\/en\/all-products\/\"},{\"@type\":\"ListItem\",\"position\":3,\"name\":\"Olio Viso, Collo e Decollet\u00e9 All&#8217;Olio di Argan ad azione Antiet\u00e0\"}]},{\"@type\":\"WebSite\",\"@id\":\"https:\/\/www.erboristerie.com\/it\/#website\",\"url\":\"https:\/\/www.erboristerie.com\/it\/\",\"name\":\"Erboristeria Demetra\",\"description\":\"Your natural health\",\"publisher\":{\"@id\":\"https:\/\/www.erboristerie.com\/it\/#organization\"},\"potentialAction\":[{\"@type\":\"SearchAction\",\"target\":{\"@type\":\"EntryPoint\",\"urlTemplate\":\"https:\/\/www.erboristerie.com\/it\/?s={search_term_string}\"},\"query-input\":{\"@type\":\"PropertyValueSpecification\",\"valueRequired\":true,\"valueName\":\"search_term_string\"}}],\"inLanguage\":\"en-US\"},{\"@type\":\"Organization\",\"@id\":\"https:\/\/www.erboristerie.com\/it\/#organization\",\"name\":\"Erboristeria Demetra\",\"url\":\"https:\/\/www.erboristerie.com\/it\/\",\"logo\":{\"@type\":\"ImageObject\",\"inLanguage\":\"en-US\",\"@id\":\"https:\/\/www.erboristerie.com\/it\/#\/schema\/logo\/image\/\",\"url\":\"https:\/\/www.erboristerie.com\/wp-content\/uploads\/2019\/11\/LOGO_ERBORISTERIA_DEMETRA_original.png?v=1611516981\",\"contentUrl\":\"https:\/\/www.erboristerie.com\/wp-content\/uploads\/2019\/11\/LOGO_ERBORISTERIA_DEMETRA_original.png?v=1611516981\",\"width\":201,\"height\":54,\"caption\":\"Erboristeria Demetra\"},\"image\":{\"@id\":\"https:\/\/www.erboristerie.com\/it\/#\/schema\/logo\/image\/\"},\"sameAs\":[\"https:\/\/www.facebook.com\/erboristeria.demetra.online\"]}]}<\/script>\n<!-- \/ Yoast SEO plugin. -->","yoast_head_json":{"title":"Olio Viso, Collo e Decollet\u00e9 All'Olio di Argan ad azione Antiet\u00e0 - Erboristeria Demetra","description":"\u00c8 in grado di favorire la riattivazione delle funzioni vitali delle cellule, assicurando ogni giorno alla pelle importante di viso, collo e decollet\u00e8","robots":{"index":"index","follow":"follow","max-snippet":"max-snippet:-1","max-image-preview":"max-image-preview:large","max-video-preview":"max-video-preview:-1"},"canonical":"https:\/\/www.erboristerie.com\/it\/prodotto\/olio-viso-collo-e-decollete-allolio-di-argan-ad-azione-antieta\/","og_locale":"en_US","og_type":"article","og_title":"Olio Viso, Collo e Decollet\u00e9 All'Olio di Argan ad azione Antiet\u00e0 - Erboristeria Demetra","og_description":"\u00c8 in grado di favorire la riattivazione delle funzioni vitali delle cellule, assicurando ogni giorno alla pelle importante di viso, collo e decollet\u00e8","og_url":"https:\/\/www.erboristerie.com\/it\/prodotto\/olio-viso-collo-e-decollete-allolio-di-argan-ad-azione-antieta\/","og_site_name":"Erboristeria Demetra","article_publisher":"https:\/\/www.facebook.com\/erboristeria.demetra.online","article_modified_time":"2025-09-10T16:54:37+00:00","og_image":[{"width":420,"height":567,"url":"https:\/\/www.erboristerie.com\/wp-content\/uploads\/2006\/11\/argan-viso-1.jpg","type":"image\/jpeg"}],"twitter_card":"summary_large_image","twitter_misc":{"Est. reading time":"2 minutes"},"schema":{"@context":"https:\/\/schema.org","@graph":[{"@type":"WebPage","@id":"https:\/\/www.erboristerie.com\/it\/prodotto\/olio-viso-collo-e-decollete-allolio-di-argan-ad-azione-antieta\/","url":"https:\/\/www.erboristerie.com\/it\/prodotto\/olio-viso-collo-e-decollete-allolio-di-argan-ad-azione-antieta\/","name":"Olio Viso, Collo e Decollet\u00e9 All'Olio di Argan ad azione Antiet\u00e0 - Erboristeria Demetra","isPartOf":{"@id":"https:\/\/www.erboristerie.com\/it\/#website"},"primaryImageOfPage":{"@id":"https:\/\/www.erboristerie.com\/it\/prodotto\/olio-viso-collo-e-decollete-allolio-di-argan-ad-azione-antieta\/#primaryimage"},"image":{"@id":"https:\/\/www.erboristerie.com\/it\/prodotto\/olio-viso-collo-e-decollete-allolio-di-argan-ad-azione-antieta\/#primaryimage"},"thumbnailUrl":"https:\/\/www.erboristerie.com\/wp-content\/uploads\/2006\/11\/argan-viso-1.jpg","datePublished":"2006-11-18T11:50:38+00:00","dateModified":"2025-09-10T16:54:37+00:00","description":"\u00c8 in grado di favorire la riattivazione delle funzioni vitali delle cellule, assicurando ogni giorno alla pelle importante di viso, collo e decollet\u00e8","breadcrumb":{"@id":"https:\/\/www.erboristerie.com\/it\/prodotto\/olio-viso-collo-e-decollete-allolio-di-argan-ad-azione-antieta\/#breadcrumb"},"inLanguage":"en-US","potentialAction":[{"@type":"ReadAction","target":["https:\/\/www.erboristerie.com\/it\/prodotto\/olio-viso-collo-e-decollete-allolio-di-argan-ad-azione-antieta\/"]}]},{"@type":"ImageObject","inLanguage":"en-US","@id":"https:\/\/www.erboristerie.com\/it\/prodotto\/olio-viso-collo-e-decollete-allolio-di-argan-ad-azione-antieta\/#primaryimage","url":"https:\/\/www.erboristerie.com\/wp-content\/uploads\/2006\/11\/argan-viso-1.jpg","contentUrl":"https:\/\/www.erboristerie.com\/wp-content\/uploads\/2006\/11\/argan-viso-1.jpg","width":420,"height":567},{"@type":"BreadcrumbList","@id":"https:\/\/www.erboristerie.com\/it\/prodotto\/olio-viso-collo-e-decollete-allolio-di-argan-ad-azione-antieta\/#breadcrumb","itemListElement":[{"@type":"ListItem","position":1,"name":"Home","item":"https:\/\/www.erboristerie.com\/en\/"},{"@type":"ListItem","position":2,"name":"All products","item":"https:\/\/www.erboristerie.com\/en\/all-products\/"},{"@type":"ListItem","position":3,"name":"Olio Viso, Collo e Decollet\u00e9 All&#8217;Olio di Argan ad azione Antiet\u00e0"}]},{"@type":"WebSite","@id":"https:\/\/www.erboristerie.com\/it\/#website","url":"https:\/\/www.erboristerie.com\/it\/","name":"Erboristeria Demetra","description":"Your natural health","publisher":{"@id":"https:\/\/www.erboristerie.com\/it\/#organization"},"potentialAction":[{"@type":"SearchAction","target":{"@type":"EntryPoint","urlTemplate":"https:\/\/www.erboristerie.com\/it\/?s={search_term_string}"},"query-input":{"@type":"PropertyValueSpecification","valueRequired":true,"valueName":"search_term_string"}}],"inLanguage":"en-US"},{"@type":"Organization","@id":"https:\/\/www.erboristerie.com\/it\/#organization","name":"Erboristeria Demetra","url":"https:\/\/www.erboristerie.com\/it\/","logo":{"@type":"ImageObject","inLanguage":"en-US","@id":"https:\/\/www.erboristerie.com\/it\/#\/schema\/logo\/image\/","url":"https:\/\/www.erboristerie.com\/wp-content\/uploads\/2019\/11\/LOGO_ERBORISTERIA_DEMETRA_original.png?v=1611516981","contentUrl":"https:\/\/www.erboristerie.com\/wp-content\/uploads\/2019\/11\/LOGO_ERBORISTERIA_DEMETRA_original.png?v=1611516981","width":201,"height":54,"caption":"Erboristeria Demetra"},"image":{"@id":"https:\/\/www.erboristerie.com\/it\/#\/schema\/logo\/image\/"},"sameAs":["https:\/\/www.facebook.com\/erboristeria.demetra.online"]}]}},"_links":{"self":[{"href":"https:\/\/www.erboristerie.com\/en\/wp-json\/wp\/v2\/product\/51558","targetHints":{"allow":["GET"]}}],"collection":[{"href":"https:\/\/www.erboristerie.com\/en\/wp-json\/wp\/v2\/product"}],"about":[{"href":"https:\/\/www.erboristerie.com\/en\/wp-json\/wp\/v2\/types\/product"}],"wp:featuredmedia":[{"embeddable":true,"href":"https:\/\/www.erboristerie.com\/en\/wp-json\/wp\/v2\/media\/109110"}],"wp:attachment":[{"href":"https:\/\/www.erboristerie.com\/en\/wp-json\/wp\/v2\/media?parent=51558"}],"wp:term":[{"taxonomy":"product_brand","embeddable":true,"href":"https:\/\/www.erboristerie.com\/en\/wp-json\/wp\/v2\/product_brand?post=51558"},{"taxonomy":"product_cat","embeddable":true,"href":"https:\/\/www.erboristerie.com\/en\/wp-json\/wp\/v2\/product_cat?post=51558"},{"taxonomy":"product_tag","embeddable":true,"href":"https:\/\/www.erboristerie.com\/en\/wp-json\/wp\/v2\/product_tag?post=51558"},{"taxonomy":"giftcard-category","embeddable":true,"href":"https:\/\/www.erboristerie.com\/en\/wp-json\/wp\/v2\/giftcard-category?post=51558"}],"curies":[{"name":"wp","href":"https:\/\/api.w.org\/{rel}","templated":true}]}}