{"id":51306,"date":"2008-05-06T16:06:36","date_gmt":"2008-05-06T14:06:36","guid":{"rendered":"http:\/\/www.erboristerie.com\/?post_type=product&#038;p=51306"},"modified":"2026-01-28T09:45:32","modified_gmt":"2026-01-28T08:45:32","slug":"ginseng-coreano-hwa-sigillo-oro-40-capsule-bilan-g","status":"publish","type":"product","link":"https:\/\/www.erboristerie.com\/en\/prodotto\/ginseng-coreano-hwa-sigillo-oro-40-capsule-bilan-g\/","title":{"rendered":"Ginseng Coreano HWA Sigillo Oro 40 capsule Bilan G"},"content":{"rendered":"<p><strong>Ginseng Il Hwa Sigillo Oro 40 capsule in blister- Naturando<\/strong><\/p>\n<p>Adattogeno, ripristina l&#8217;omeostasi del corpo; Azione anti-stress ed anti-affaticamento; Promuove la sintesi di DNA, RNA e proteine<\/p>\n<p>Il HWA \u00e8 il Ginseng Coreano, in assoluto il migliore per l&#8217;elevata, bilanciata ed armonica presenza dei ginsenosidi, ci aiuta ad affrontare lo stress e a risolvere i suoi effetti negativi.<\/p>\n<p>L&#8217;unicit\u00e0 del Ginseng \u00e8 dovuta al suo <strong>prezioso effetto ADATTOGENO<\/strong>.<\/p>\n<p>Il Ginseng riduce la fatica, rafforza le condizioni fisiche, migliora il grado di attenzione e concentrazione, favorisce le funzioni depurative volte all&#8217;eliminazione delle tossine ed \u00e8 un valido aiuto per la risoluzione di diversi disturbi.<\/p>\n<p>Il Ginseng ha <strong>effetti TONIFICANTI, ENERGIZZANTI<\/strong> sull&#8217;organismo che ritrova equilibrio, armonia e forza.<\/p>\n<p>Il Ginseng di Naturando \u00e8 Il Hwa Sigillo Oro. La qualit\u00e0 del Ginseng Il Hwa Sigillo Oro \u00e8 notoriamente indiscussa poich\u00e9 \u00e8 data dalla cura particolare nella coltivazione fino al processo di estrazione, certificata da test scientifici di efficacia e testimoniata da numerosi riconoscimenti internazionali di prestigiose istituzioni.<\/p>\n<p>Il Ginseng Il Hwa Sigillo Oro non ha controindicazioni perch\u00e8 naturalmente bilanciato, cio\u00e8 completo di tutti i ginsenosidi, ricavati da tutta la radice.<\/p>\n<p>Proprio per questo assicura un effetto adattogeno e riequilibrante.<\/p>\n<p><strong>Dose consigliata e modo d\u2019uso<\/strong><\/p>\n<p>Si consiglia l\u2019assunzione di 2 capsule al giorno, preferibilmente al mattino.<\/p>\n<p><strong>Ogni capsula contiene:<\/strong><br \/>\n&#8211; Ginseng coreano IL HWA e.s. 225 mg, Vitamina E 10 mg, 83,3 %VNR<\/p>\n<p>Scopri l<strong>&#8216;intera gamma di Ginseng Il Hwa cliccando qui<\/strong><\/p>\n","protected":false},"excerpt":{"rendered":"<p>Ginseng Il Hwa Sigillo Oro 40 capsule in blister- Naturando Adattogeno, ripristina l&#8217;omeostasi del corpo; Azione anti-stress ed anti-affaticamento; Promuove la sintesi di DNA, RNA e proteine Il HWA \u00e8 il Ginseng Coreano, in assoluto il migliore per l&#8217;elevata, bilanciata ed armonica presenza dei ginsenosidi,&#8230;<\/p>\n","protected":false},"featured_media":109497,"template":"","meta":{"_acf_changed":false},"product_brand":[9594],"product_cat":[9863,49560],"product_tag":[10867,10574,10859,10868,10855,10850,10858,10854],"giftcard-category":[],"class_list":{"0":"post-51306","1":"product","2":"type-product","3":"status-publish","4":"has-post-thumbnail","6":"product_brand-naturando-hwa-ginseng","7":"product_cat-energia-e-vitalita","8":"product_cat-singoli-in-pastiglie","9":"product_tag-bilan","10":"product_tag-capsule","11":"product_tag-coreano","12":"product_tag-cp","13":"product_tag-ginseng","14":"product_tag-hwa","15":"product_tag-oro","16":"product_tag-sigillo","17":"pa_formato-40-capsule","18":"pa_linea-hwa","19":"pa_marca-naturando","20":"pa_tipologia-capsule","22":"first","23":"instock","24":"sale","25":"taxable","26":"shipping-taxable","27":"purchasable","28":"product-type-simple"},"acf":[],"yoast_head":"<!-- This site is optimized with the Yoast SEO plugin v24.9 - https:\/\/yoast.com\/wordpress\/plugins\/seo\/ -->\n<title>Ginseng Coreano HWA Sigillo Oro 40 capsule Bilan G - Erboristeria Demetra<\/title>\n<meta name=\"description\" content=\"Il Ginseng Il Hwa Sigillo Oro non ha controindicazioni perch\u00e8 naturalmente bilanciato, cio\u00e8 completo di tutti i ginsenosidi, ricavati da tutta la radice\" \/>\n<meta name=\"robots\" content=\"index, follow, max-snippet:-1, max-image-preview:large, max-video-preview:-1\" \/>\n<link rel=\"canonical\" href=\"https:\/\/www.erboristerie.com\/it\/prodotto\/ginseng-coreano-hwa-sigillo-oro-40-capsule-bilan-g\/\" \/>\n<meta property=\"og:locale\" content=\"en_US\" \/>\n<meta property=\"og:type\" content=\"article\" \/>\n<meta property=\"og:title\" content=\"Ginseng Coreano HWA Sigillo Oro 40 capsule Bilan G - Erboristeria Demetra\" \/>\n<meta property=\"og:description\" content=\"Il Ginseng Il Hwa Sigillo Oro non ha controindicazioni perch\u00e8 naturalmente bilanciato, cio\u00e8 completo di tutti i ginsenosidi, ricavati da tutta la radice\" \/>\n<meta property=\"og:url\" content=\"https:\/\/www.erboristerie.com\/it\/prodotto\/ginseng-coreano-hwa-sigillo-oro-40-capsule-bilan-g\/\" \/>\n<meta property=\"og:site_name\" content=\"Erboristeria Demetra\" \/>\n<meta property=\"article:publisher\" content=\"https:\/\/www.facebook.com\/erboristeria.demetra.online\" \/>\n<meta property=\"article:modified_time\" content=\"2026-01-28T08:45:32+00:00\" \/>\n<meta property=\"og:image\" content=\"https:\/\/www.erboristerie.com\/wp-content\/uploads\/2008\/05\/00001254-1.jpeg\" \/>\n\t<meta property=\"og:image:width\" content=\"560\" \/>\n\t<meta property=\"og:image:height\" content=\"506\" \/>\n\t<meta property=\"og:image:type\" content=\"image\/jpeg\" \/>\n<meta name=\"twitter:card\" content=\"summary_large_image\" \/>\n<meta name=\"twitter:label1\" content=\"Est. reading time\" \/>\n\t<meta name=\"twitter:data1\" content=\"2 minutes\" \/>\n<script type=\"application\/ld+json\" class=\"yoast-schema-graph\">{\"@context\":\"https:\/\/schema.org\",\"@graph\":[{\"@type\":\"WebPage\",\"@id\":\"https:\/\/www.erboristerie.com\/it\/prodotto\/ginseng-coreano-hwa-sigillo-oro-40-capsule-bilan-g\/\",\"url\":\"https:\/\/www.erboristerie.com\/it\/prodotto\/ginseng-coreano-hwa-sigillo-oro-40-capsule-bilan-g\/\",\"name\":\"Ginseng Coreano HWA Sigillo Oro 40 capsule Bilan G - Erboristeria Demetra\",\"isPartOf\":{\"@id\":\"https:\/\/www.erboristerie.com\/it\/#website\"},\"primaryImageOfPage\":{\"@id\":\"https:\/\/www.erboristerie.com\/it\/prodotto\/ginseng-coreano-hwa-sigillo-oro-40-capsule-bilan-g\/#primaryimage\"},\"image\":{\"@id\":\"https:\/\/www.erboristerie.com\/it\/prodotto\/ginseng-coreano-hwa-sigillo-oro-40-capsule-bilan-g\/#primaryimage\"},\"thumbnailUrl\":\"https:\/\/www.erboristerie.com\/wp-content\/uploads\/2008\/05\/00001254-1.jpeg\",\"datePublished\":\"2008-05-06T14:06:36+00:00\",\"dateModified\":\"2026-01-28T08:45:32+00:00\",\"description\":\"Il Ginseng Il Hwa Sigillo Oro non ha controindicazioni perch\u00e8 naturalmente bilanciato, cio\u00e8 completo di tutti i ginsenosidi, ricavati da tutta la radice\",\"breadcrumb\":{\"@id\":\"https:\/\/www.erboristerie.com\/it\/prodotto\/ginseng-coreano-hwa-sigillo-oro-40-capsule-bilan-g\/#breadcrumb\"},\"inLanguage\":\"en-US\",\"potentialAction\":[{\"@type\":\"ReadAction\",\"target\":[\"https:\/\/www.erboristerie.com\/it\/prodotto\/ginseng-coreano-hwa-sigillo-oro-40-capsule-bilan-g\/\"]}]},{\"@type\":\"ImageObject\",\"inLanguage\":\"en-US\",\"@id\":\"https:\/\/www.erboristerie.com\/it\/prodotto\/ginseng-coreano-hwa-sigillo-oro-40-capsule-bilan-g\/#primaryimage\",\"url\":\"https:\/\/www.erboristerie.com\/wp-content\/uploads\/2008\/05\/00001254-1.jpeg\",\"contentUrl\":\"https:\/\/www.erboristerie.com\/wp-content\/uploads\/2008\/05\/00001254-1.jpeg\",\"width\":560,\"height\":506},{\"@type\":\"BreadcrumbList\",\"@id\":\"https:\/\/www.erboristerie.com\/it\/prodotto\/ginseng-coreano-hwa-sigillo-oro-40-capsule-bilan-g\/#breadcrumb\",\"itemListElement\":[{\"@type\":\"ListItem\",\"position\":1,\"name\":\"Home\",\"item\":\"https:\/\/www.erboristerie.com\/en\/\"},{\"@type\":\"ListItem\",\"position\":2,\"name\":\"All products\",\"item\":\"https:\/\/www.erboristerie.com\/en\/all-products\/\"},{\"@type\":\"ListItem\",\"position\":3,\"name\":\"Ginseng Coreano HWA Sigillo Oro 40 capsule Bilan G\"}]},{\"@type\":\"WebSite\",\"@id\":\"https:\/\/www.erboristerie.com\/it\/#website\",\"url\":\"https:\/\/www.erboristerie.com\/it\/\",\"name\":\"Erboristeria Demetra\",\"description\":\"Your natural health\",\"publisher\":{\"@id\":\"https:\/\/www.erboristerie.com\/it\/#organization\"},\"potentialAction\":[{\"@type\":\"SearchAction\",\"target\":{\"@type\":\"EntryPoint\",\"urlTemplate\":\"https:\/\/www.erboristerie.com\/it\/?s={search_term_string}\"},\"query-input\":{\"@type\":\"PropertyValueSpecification\",\"valueRequired\":true,\"valueName\":\"search_term_string\"}}],\"inLanguage\":\"en-US\"},{\"@type\":\"Organization\",\"@id\":\"https:\/\/www.erboristerie.com\/it\/#organization\",\"name\":\"Erboristeria Demetra\",\"url\":\"https:\/\/www.erboristerie.com\/it\/\",\"logo\":{\"@type\":\"ImageObject\",\"inLanguage\":\"en-US\",\"@id\":\"https:\/\/www.erboristerie.com\/it\/#\/schema\/logo\/image\/\",\"url\":\"https:\/\/www.erboristerie.com\/wp-content\/uploads\/2019\/11\/LOGO_ERBORISTERIA_DEMETRA_original.png?v=1611516981\",\"contentUrl\":\"https:\/\/www.erboristerie.com\/wp-content\/uploads\/2019\/11\/LOGO_ERBORISTERIA_DEMETRA_original.png?v=1611516981\",\"width\":201,\"height\":54,\"caption\":\"Erboristeria Demetra\"},\"image\":{\"@id\":\"https:\/\/www.erboristerie.com\/it\/#\/schema\/logo\/image\/\"},\"sameAs\":[\"https:\/\/www.facebook.com\/erboristeria.demetra.online\"]}]}<\/script>\n<!-- \/ Yoast SEO plugin. -->","yoast_head_json":{"title":"Ginseng Coreano HWA Sigillo Oro 40 capsule Bilan G - Erboristeria Demetra","description":"Il Ginseng Il Hwa Sigillo Oro non ha controindicazioni perch\u00e8 naturalmente bilanciato, cio\u00e8 completo di tutti i ginsenosidi, ricavati da tutta la radice","robots":{"index":"index","follow":"follow","max-snippet":"max-snippet:-1","max-image-preview":"max-image-preview:large","max-video-preview":"max-video-preview:-1"},"canonical":"https:\/\/www.erboristerie.com\/it\/prodotto\/ginseng-coreano-hwa-sigillo-oro-40-capsule-bilan-g\/","og_locale":"en_US","og_type":"article","og_title":"Ginseng Coreano HWA Sigillo Oro 40 capsule Bilan G - Erboristeria Demetra","og_description":"Il Ginseng Il Hwa Sigillo Oro non ha controindicazioni perch\u00e8 naturalmente bilanciato, cio\u00e8 completo di tutti i ginsenosidi, ricavati da tutta la radice","og_url":"https:\/\/www.erboristerie.com\/it\/prodotto\/ginseng-coreano-hwa-sigillo-oro-40-capsule-bilan-g\/","og_site_name":"Erboristeria Demetra","article_publisher":"https:\/\/www.facebook.com\/erboristeria.demetra.online","article_modified_time":"2026-01-28T08:45:32+00:00","og_image":[{"width":560,"height":506,"url":"https:\/\/www.erboristerie.com\/wp-content\/uploads\/2008\/05\/00001254-1.jpeg","type":"image\/jpeg"}],"twitter_card":"summary_large_image","twitter_misc":{"Est. reading time":"2 minutes"},"schema":{"@context":"https:\/\/schema.org","@graph":[{"@type":"WebPage","@id":"https:\/\/www.erboristerie.com\/it\/prodotto\/ginseng-coreano-hwa-sigillo-oro-40-capsule-bilan-g\/","url":"https:\/\/www.erboristerie.com\/it\/prodotto\/ginseng-coreano-hwa-sigillo-oro-40-capsule-bilan-g\/","name":"Ginseng Coreano HWA Sigillo Oro 40 capsule Bilan G - Erboristeria Demetra","isPartOf":{"@id":"https:\/\/www.erboristerie.com\/it\/#website"},"primaryImageOfPage":{"@id":"https:\/\/www.erboristerie.com\/it\/prodotto\/ginseng-coreano-hwa-sigillo-oro-40-capsule-bilan-g\/#primaryimage"},"image":{"@id":"https:\/\/www.erboristerie.com\/it\/prodotto\/ginseng-coreano-hwa-sigillo-oro-40-capsule-bilan-g\/#primaryimage"},"thumbnailUrl":"https:\/\/www.erboristerie.com\/wp-content\/uploads\/2008\/05\/00001254-1.jpeg","datePublished":"2008-05-06T14:06:36+00:00","dateModified":"2026-01-28T08:45:32+00:00","description":"Il Ginseng Il Hwa Sigillo Oro non ha controindicazioni perch\u00e8 naturalmente bilanciato, cio\u00e8 completo di tutti i ginsenosidi, ricavati da tutta la radice","breadcrumb":{"@id":"https:\/\/www.erboristerie.com\/it\/prodotto\/ginseng-coreano-hwa-sigillo-oro-40-capsule-bilan-g\/#breadcrumb"},"inLanguage":"en-US","potentialAction":[{"@type":"ReadAction","target":["https:\/\/www.erboristerie.com\/it\/prodotto\/ginseng-coreano-hwa-sigillo-oro-40-capsule-bilan-g\/"]}]},{"@type":"ImageObject","inLanguage":"en-US","@id":"https:\/\/www.erboristerie.com\/it\/prodotto\/ginseng-coreano-hwa-sigillo-oro-40-capsule-bilan-g\/#primaryimage","url":"https:\/\/www.erboristerie.com\/wp-content\/uploads\/2008\/05\/00001254-1.jpeg","contentUrl":"https:\/\/www.erboristerie.com\/wp-content\/uploads\/2008\/05\/00001254-1.jpeg","width":560,"height":506},{"@type":"BreadcrumbList","@id":"https:\/\/www.erboristerie.com\/it\/prodotto\/ginseng-coreano-hwa-sigillo-oro-40-capsule-bilan-g\/#breadcrumb","itemListElement":[{"@type":"ListItem","position":1,"name":"Home","item":"https:\/\/www.erboristerie.com\/en\/"},{"@type":"ListItem","position":2,"name":"All products","item":"https:\/\/www.erboristerie.com\/en\/all-products\/"},{"@type":"ListItem","position":3,"name":"Ginseng Coreano HWA Sigillo Oro 40 capsule Bilan G"}]},{"@type":"WebSite","@id":"https:\/\/www.erboristerie.com\/it\/#website","url":"https:\/\/www.erboristerie.com\/it\/","name":"Erboristeria Demetra","description":"Your natural health","publisher":{"@id":"https:\/\/www.erboristerie.com\/it\/#organization"},"potentialAction":[{"@type":"SearchAction","target":{"@type":"EntryPoint","urlTemplate":"https:\/\/www.erboristerie.com\/it\/?s={search_term_string}"},"query-input":{"@type":"PropertyValueSpecification","valueRequired":true,"valueName":"search_term_string"}}],"inLanguage":"en-US"},{"@type":"Organization","@id":"https:\/\/www.erboristerie.com\/it\/#organization","name":"Erboristeria Demetra","url":"https:\/\/www.erboristerie.com\/it\/","logo":{"@type":"ImageObject","inLanguage":"en-US","@id":"https:\/\/www.erboristerie.com\/it\/#\/schema\/logo\/image\/","url":"https:\/\/www.erboristerie.com\/wp-content\/uploads\/2019\/11\/LOGO_ERBORISTERIA_DEMETRA_original.png?v=1611516981","contentUrl":"https:\/\/www.erboristerie.com\/wp-content\/uploads\/2019\/11\/LOGO_ERBORISTERIA_DEMETRA_original.png?v=1611516981","width":201,"height":54,"caption":"Erboristeria Demetra"},"image":{"@id":"https:\/\/www.erboristerie.com\/it\/#\/schema\/logo\/image\/"},"sameAs":["https:\/\/www.facebook.com\/erboristeria.demetra.online"]}]}},"_links":{"self":[{"href":"https:\/\/www.erboristerie.com\/en\/wp-json\/wp\/v2\/product\/51306","targetHints":{"allow":["GET"]}}],"collection":[{"href":"https:\/\/www.erboristerie.com\/en\/wp-json\/wp\/v2\/product"}],"about":[{"href":"https:\/\/www.erboristerie.com\/en\/wp-json\/wp\/v2\/types\/product"}],"wp:featuredmedia":[{"embeddable":true,"href":"https:\/\/www.erboristerie.com\/en\/wp-json\/wp\/v2\/media\/109497"}],"wp:attachment":[{"href":"https:\/\/www.erboristerie.com\/en\/wp-json\/wp\/v2\/media?parent=51306"}],"wp:term":[{"taxonomy":"product_brand","embeddable":true,"href":"https:\/\/www.erboristerie.com\/en\/wp-json\/wp\/v2\/product_brand?post=51306"},{"taxonomy":"product_cat","embeddable":true,"href":"https:\/\/www.erboristerie.com\/en\/wp-json\/wp\/v2\/product_cat?post=51306"},{"taxonomy":"product_tag","embeddable":true,"href":"https:\/\/www.erboristerie.com\/en\/wp-json\/wp\/v2\/product_tag?post=51306"},{"taxonomy":"giftcard-category","embeddable":true,"href":"https:\/\/www.erboristerie.com\/en\/wp-json\/wp\/v2\/giftcard-category?post=51306"}],"curies":[{"name":"wp","href":"https:\/\/api.w.org\/{rel}","templated":true}]}}