{"id":50690,"date":"2008-05-06T16:06:34","date_gmt":"2008-05-06T14:06:34","guid":{"rendered":"http:\/\/www.erboristerie.com\/?post_type=product&#038;p=50690"},"modified":"2025-02-28T10:35:41","modified_gmt":"2025-02-28T09:35:41","slug":"oligo-potas-plus-100-tavolette-di-potassio-gluconato-solgar","status":"publish","type":"product","link":"https:\/\/www.erboristerie.com\/en\/prodotto\/oligo-potas-plus-100-tavolette-di-potassio-gluconato-solgar\/","title":{"rendered":"Oligo Potas Plus 100 tavolette di Potassio Gluconato Solgar"},"content":{"rendered":"<p><strong>Oligo Potas Plus 100 tavolette &#8211; Solgar<\/strong><\/p>\n<p>Oligo Potas Plus \u00e8 un&#8217;integratore di<strong> potassio gluconato<\/strong><\/p>\n<p>Il potassio \u00e8 il principale elettrolita intracellulare ed \u00e8 un regolatore di primaria importanza dell\u2019attivit\u00e0 elettrica di membrana: condiziona perci\u00f2 l\u2019eccitabilit\u00e0 neuromuscolare.<\/p>\n<p>Il potassio contribuisce alla normale funzione muscolare e al normale funzionamento del sistema nervoso, e contribuisce al mantenimento di una normale pressione sanguigna.<\/p>\n<p>Un maggiore fabbisogno di potassio si instaura in caso di eccessiva sudorazione, feci diarroiche o in chi mangia spesso tronchetti di liquirizia.<\/p>\n<p>Certificato KOF-K di Solgar n.K-1250.<\/p>\n<p><strong>Informazioni nutrizionali<\/strong><\/p>\n<p>Quantit\u00e0 per 4 tavolette:<\/p>\n<p><strong>Potassio 396 mg<\/strong> (%VNR*20)<\/p>\n<p>*% VNR (Valori Nutritivi di Riferimento)<\/p>\n<p><strong>Ingredienti<\/strong><\/p>\n<p>Potassio (gluconato di potassio); Agente di carica: Calcio fosfato dibasico, Cellulosa microcristallina. Agenti antiagglomeranti: Acido stearico vegetale, Biossido di silicio. Addensante: Carbossimetilcellulosa sodica reticolata; Agente antiagglomorante: Magnesio stearato vegetale.<\/p>\n<p><strong>Modo d&#8217;uso<\/strong><\/p>\n<p>Deglutire 4 tavolette al giorno, con acqua, preferibilmente ai pasti. Non superare la dose consigliata.<\/p>\n<p><strong>Senza glutine<\/strong><br \/>\n<strong>Senza lattosio<\/strong><br \/>\n<strong>Vegetariano<\/strong><br \/>\n<strong>Vegano<\/strong><\/p>\n","protected":false},"excerpt":{"rendered":"<p>Oligo Potas Plus 100 tavolette &#8211; Solgar Oligo Potas Plus \u00e8 un&#8217;integratore di potassio gluconato Il potassio \u00e8 il principale elettrolita intracellulare ed \u00e8 un regolatore di primaria importanza dell\u2019attivit\u00e0 elettrica di membrana: condiziona perci\u00f2 l\u2019eccitabilit\u00e0 neuromuscolare. Il potassio contribuisce alla normale funzione muscolare e&#8230;<\/p>\n","protected":false},"featured_media":129238,"template":"","meta":{"_acf_changed":false},"product_brand":[9591],"product_cat":[9799],"product_tag":[10606,10537,10609,10608,10519],"giftcard-category":[],"class_list":{"0":"post-50690","1":"product","2":"type-product","3":"status-publish","4":"has-post-thumbnail","6":"product_brand-solgar","7":"product_cat-vitamine-e-minerali","8":"product_tag-oligo","9":"product_tag-plus","10":"product_tag-potas","11":"product_tag-potassio","12":"product_tag-tav","13":"pa_formato-100-pastiglie","14":"pa_marca-solgar","15":"pa_tipologia-compresse","17":"first","18":"instock","19":"sale","20":"taxable","21":"shipping-taxable","22":"purchasable","23":"product-type-simple"},"acf":[],"yoast_head":"<!-- This site is optimized with the Yoast SEO plugin v24.9 - https:\/\/yoast.com\/wordpress\/plugins\/seo\/ -->\n<title>Oligo Potas Plus 100 tavolette di Potassio Gluconato Solgar - Erboristeria Demetra<\/title>\n<meta name=\"description\" content=\"Il Potassio contribuisce alla funzione muscolare al funzionamento del sistema nervoso, e contribuisce al mantenimento di una normale pressione sanguigna.\" \/>\n<meta name=\"robots\" content=\"index, follow, max-snippet:-1, max-image-preview:large, max-video-preview:-1\" \/>\n<link rel=\"canonical\" href=\"https:\/\/www.erboristerie.com\/it\/prodotto\/oligo-potas-plus-100-tavolette-di-potassio-gluconato-solgar\/\" \/>\n<meta property=\"og:locale\" content=\"en_US\" \/>\n<meta property=\"og:type\" content=\"article\" \/>\n<meta property=\"og:title\" content=\"Oligo Potas Plus 100 tavolette di Potassio Gluconato Solgar - Erboristeria Demetra\" \/>\n<meta property=\"og:description\" content=\"Il Potassio contribuisce alla funzione muscolare al funzionamento del sistema nervoso, e contribuisce al mantenimento di una normale pressione sanguigna.\" \/>\n<meta property=\"og:url\" content=\"https:\/\/www.erboristerie.com\/it\/prodotto\/oligo-potas-plus-100-tavolette-di-potassio-gluconato-solgar\/\" \/>\n<meta property=\"og:site_name\" content=\"Erboristeria Demetra\" \/>\n<meta property=\"article:publisher\" content=\"https:\/\/www.facebook.com\/erboristeria.demetra.online\" \/>\n<meta property=\"article:modified_time\" content=\"2025-02-28T09:35:41+00:00\" \/>\n<meta property=\"og:image\" content=\"https:\/\/www.erboristerie.com\/wp-content\/uploads\/2008\/05\/00001097-oligo-potas-plus-solgar-100-tavolette-erboristerie-com.jpg\" \/>\n\t<meta property=\"og:image:width\" content=\"800\" \/>\n\t<meta property=\"og:image:height\" content=\"800\" \/>\n\t<meta property=\"og:image:type\" content=\"image\/jpeg\" \/>\n<meta name=\"twitter:card\" content=\"summary_large_image\" \/>\n<meta name=\"twitter:label1\" content=\"Est. reading time\" \/>\n\t<meta name=\"twitter:data1\" content=\"1 minute\" \/>\n<script type=\"application\/ld+json\" class=\"yoast-schema-graph\">{\"@context\":\"https:\/\/schema.org\",\"@graph\":[{\"@type\":\"WebPage\",\"@id\":\"https:\/\/www.erboristerie.com\/it\/prodotto\/oligo-potas-plus-100-tavolette-di-potassio-gluconato-solgar\/\",\"url\":\"https:\/\/www.erboristerie.com\/it\/prodotto\/oligo-potas-plus-100-tavolette-di-potassio-gluconato-solgar\/\",\"name\":\"Oligo Potas Plus 100 tavolette di Potassio Gluconato Solgar - Erboristeria Demetra\",\"isPartOf\":{\"@id\":\"https:\/\/www.erboristerie.com\/it\/#website\"},\"primaryImageOfPage\":{\"@id\":\"https:\/\/www.erboristerie.com\/it\/prodotto\/oligo-potas-plus-100-tavolette-di-potassio-gluconato-solgar\/#primaryimage\"},\"image\":{\"@id\":\"https:\/\/www.erboristerie.com\/it\/prodotto\/oligo-potas-plus-100-tavolette-di-potassio-gluconato-solgar\/#primaryimage\"},\"thumbnailUrl\":\"https:\/\/www.erboristerie.com\/wp-content\/uploads\/2008\/05\/00001097-oligo-potas-plus-solgar-100-tavolette-erboristerie-com.jpg\",\"datePublished\":\"2008-05-06T14:06:34+00:00\",\"dateModified\":\"2025-02-28T09:35:41+00:00\",\"description\":\"Il Potassio contribuisce alla funzione muscolare al funzionamento del sistema nervoso, e contribuisce al mantenimento di una normale pressione sanguigna.\",\"breadcrumb\":{\"@id\":\"https:\/\/www.erboristerie.com\/it\/prodotto\/oligo-potas-plus-100-tavolette-di-potassio-gluconato-solgar\/#breadcrumb\"},\"inLanguage\":\"en-US\",\"potentialAction\":[{\"@type\":\"ReadAction\",\"target\":[\"https:\/\/www.erboristerie.com\/it\/prodotto\/oligo-potas-plus-100-tavolette-di-potassio-gluconato-solgar\/\"]}]},{\"@type\":\"ImageObject\",\"inLanguage\":\"en-US\",\"@id\":\"https:\/\/www.erboristerie.com\/it\/prodotto\/oligo-potas-plus-100-tavolette-di-potassio-gluconato-solgar\/#primaryimage\",\"url\":\"https:\/\/www.erboristerie.com\/wp-content\/uploads\/2008\/05\/00001097-oligo-potas-plus-solgar-100-tavolette-erboristerie-com.jpg\",\"contentUrl\":\"https:\/\/www.erboristerie.com\/wp-content\/uploads\/2008\/05\/00001097-oligo-potas-plus-solgar-100-tavolette-erboristerie-com.jpg\",\"width\":800,\"height\":800},{\"@type\":\"BreadcrumbList\",\"@id\":\"https:\/\/www.erboristerie.com\/it\/prodotto\/oligo-potas-plus-100-tavolette-di-potassio-gluconato-solgar\/#breadcrumb\",\"itemListElement\":[{\"@type\":\"ListItem\",\"position\":1,\"name\":\"Home\",\"item\":\"https:\/\/www.erboristerie.com\/en\/\"},{\"@type\":\"ListItem\",\"position\":2,\"name\":\"All products\",\"item\":\"https:\/\/www.erboristerie.com\/en\/all-products\/\"},{\"@type\":\"ListItem\",\"position\":3,\"name\":\"Oligo Potas Plus 100 tavolette di Potassio Gluconato Solgar\"}]},{\"@type\":\"WebSite\",\"@id\":\"https:\/\/www.erboristerie.com\/it\/#website\",\"url\":\"https:\/\/www.erboristerie.com\/it\/\",\"name\":\"Erboristeria Demetra\",\"description\":\"Your natural health\",\"publisher\":{\"@id\":\"https:\/\/www.erboristerie.com\/it\/#organization\"},\"potentialAction\":[{\"@type\":\"SearchAction\",\"target\":{\"@type\":\"EntryPoint\",\"urlTemplate\":\"https:\/\/www.erboristerie.com\/it\/?s={search_term_string}\"},\"query-input\":{\"@type\":\"PropertyValueSpecification\",\"valueRequired\":true,\"valueName\":\"search_term_string\"}}],\"inLanguage\":\"en-US\"},{\"@type\":\"Organization\",\"@id\":\"https:\/\/www.erboristerie.com\/it\/#organization\",\"name\":\"Erboristeria Demetra\",\"url\":\"https:\/\/www.erboristerie.com\/it\/\",\"logo\":{\"@type\":\"ImageObject\",\"inLanguage\":\"en-US\",\"@id\":\"https:\/\/www.erboristerie.com\/it\/#\/schema\/logo\/image\/\",\"url\":\"https:\/\/www.erboristerie.com\/wp-content\/uploads\/2019\/11\/LOGO_ERBORISTERIA_DEMETRA_original.png?v=1611516981\",\"contentUrl\":\"https:\/\/www.erboristerie.com\/wp-content\/uploads\/2019\/11\/LOGO_ERBORISTERIA_DEMETRA_original.png?v=1611516981\",\"width\":201,\"height\":54,\"caption\":\"Erboristeria Demetra\"},\"image\":{\"@id\":\"https:\/\/www.erboristerie.com\/it\/#\/schema\/logo\/image\/\"},\"sameAs\":[\"https:\/\/www.facebook.com\/erboristeria.demetra.online\"]}]}<\/script>\n<!-- \/ Yoast SEO plugin. -->","yoast_head_json":{"title":"Oligo Potas Plus 100 tavolette di Potassio Gluconato Solgar - Erboristeria Demetra","description":"Il Potassio contribuisce alla funzione muscolare al funzionamento del sistema nervoso, e contribuisce al mantenimento di una normale pressione sanguigna.","robots":{"index":"index","follow":"follow","max-snippet":"max-snippet:-1","max-image-preview":"max-image-preview:large","max-video-preview":"max-video-preview:-1"},"canonical":"https:\/\/www.erboristerie.com\/it\/prodotto\/oligo-potas-plus-100-tavolette-di-potassio-gluconato-solgar\/","og_locale":"en_US","og_type":"article","og_title":"Oligo Potas Plus 100 tavolette di Potassio Gluconato Solgar - Erboristeria Demetra","og_description":"Il Potassio contribuisce alla funzione muscolare al funzionamento del sistema nervoso, e contribuisce al mantenimento di una normale pressione sanguigna.","og_url":"https:\/\/www.erboristerie.com\/it\/prodotto\/oligo-potas-plus-100-tavolette-di-potassio-gluconato-solgar\/","og_site_name":"Erboristeria Demetra","article_publisher":"https:\/\/www.facebook.com\/erboristeria.demetra.online","article_modified_time":"2025-02-28T09:35:41+00:00","og_image":[{"width":800,"height":800,"url":"https:\/\/www.erboristerie.com\/wp-content\/uploads\/2008\/05\/00001097-oligo-potas-plus-solgar-100-tavolette-erboristerie-com.jpg","type":"image\/jpeg"}],"twitter_card":"summary_large_image","twitter_misc":{"Est. reading time":"1 minute"},"schema":{"@context":"https:\/\/schema.org","@graph":[{"@type":"WebPage","@id":"https:\/\/www.erboristerie.com\/it\/prodotto\/oligo-potas-plus-100-tavolette-di-potassio-gluconato-solgar\/","url":"https:\/\/www.erboristerie.com\/it\/prodotto\/oligo-potas-plus-100-tavolette-di-potassio-gluconato-solgar\/","name":"Oligo Potas Plus 100 tavolette di Potassio Gluconato Solgar - Erboristeria Demetra","isPartOf":{"@id":"https:\/\/www.erboristerie.com\/it\/#website"},"primaryImageOfPage":{"@id":"https:\/\/www.erboristerie.com\/it\/prodotto\/oligo-potas-plus-100-tavolette-di-potassio-gluconato-solgar\/#primaryimage"},"image":{"@id":"https:\/\/www.erboristerie.com\/it\/prodotto\/oligo-potas-plus-100-tavolette-di-potassio-gluconato-solgar\/#primaryimage"},"thumbnailUrl":"https:\/\/www.erboristerie.com\/wp-content\/uploads\/2008\/05\/00001097-oligo-potas-plus-solgar-100-tavolette-erboristerie-com.jpg","datePublished":"2008-05-06T14:06:34+00:00","dateModified":"2025-02-28T09:35:41+00:00","description":"Il Potassio contribuisce alla funzione muscolare al funzionamento del sistema nervoso, e contribuisce al mantenimento di una normale pressione sanguigna.","breadcrumb":{"@id":"https:\/\/www.erboristerie.com\/it\/prodotto\/oligo-potas-plus-100-tavolette-di-potassio-gluconato-solgar\/#breadcrumb"},"inLanguage":"en-US","potentialAction":[{"@type":"ReadAction","target":["https:\/\/www.erboristerie.com\/it\/prodotto\/oligo-potas-plus-100-tavolette-di-potassio-gluconato-solgar\/"]}]},{"@type":"ImageObject","inLanguage":"en-US","@id":"https:\/\/www.erboristerie.com\/it\/prodotto\/oligo-potas-plus-100-tavolette-di-potassio-gluconato-solgar\/#primaryimage","url":"https:\/\/www.erboristerie.com\/wp-content\/uploads\/2008\/05\/00001097-oligo-potas-plus-solgar-100-tavolette-erboristerie-com.jpg","contentUrl":"https:\/\/www.erboristerie.com\/wp-content\/uploads\/2008\/05\/00001097-oligo-potas-plus-solgar-100-tavolette-erboristerie-com.jpg","width":800,"height":800},{"@type":"BreadcrumbList","@id":"https:\/\/www.erboristerie.com\/it\/prodotto\/oligo-potas-plus-100-tavolette-di-potassio-gluconato-solgar\/#breadcrumb","itemListElement":[{"@type":"ListItem","position":1,"name":"Home","item":"https:\/\/www.erboristerie.com\/en\/"},{"@type":"ListItem","position":2,"name":"All products","item":"https:\/\/www.erboristerie.com\/en\/all-products\/"},{"@type":"ListItem","position":3,"name":"Oligo Potas Plus 100 tavolette di Potassio Gluconato Solgar"}]},{"@type":"WebSite","@id":"https:\/\/www.erboristerie.com\/it\/#website","url":"https:\/\/www.erboristerie.com\/it\/","name":"Erboristeria Demetra","description":"Your natural health","publisher":{"@id":"https:\/\/www.erboristerie.com\/it\/#organization"},"potentialAction":[{"@type":"SearchAction","target":{"@type":"EntryPoint","urlTemplate":"https:\/\/www.erboristerie.com\/it\/?s={search_term_string}"},"query-input":{"@type":"PropertyValueSpecification","valueRequired":true,"valueName":"search_term_string"}}],"inLanguage":"en-US"},{"@type":"Organization","@id":"https:\/\/www.erboristerie.com\/it\/#organization","name":"Erboristeria Demetra","url":"https:\/\/www.erboristerie.com\/it\/","logo":{"@type":"ImageObject","inLanguage":"en-US","@id":"https:\/\/www.erboristerie.com\/it\/#\/schema\/logo\/image\/","url":"https:\/\/www.erboristerie.com\/wp-content\/uploads\/2019\/11\/LOGO_ERBORISTERIA_DEMETRA_original.png?v=1611516981","contentUrl":"https:\/\/www.erboristerie.com\/wp-content\/uploads\/2019\/11\/LOGO_ERBORISTERIA_DEMETRA_original.png?v=1611516981","width":201,"height":54,"caption":"Erboristeria Demetra"},"image":{"@id":"https:\/\/www.erboristerie.com\/it\/#\/schema\/logo\/image\/"},"sameAs":["https:\/\/www.facebook.com\/erboristeria.demetra.online"]}]}},"_links":{"self":[{"href":"https:\/\/www.erboristerie.com\/en\/wp-json\/wp\/v2\/product\/50690","targetHints":{"allow":["GET"]}}],"collection":[{"href":"https:\/\/www.erboristerie.com\/en\/wp-json\/wp\/v2\/product"}],"about":[{"href":"https:\/\/www.erboristerie.com\/en\/wp-json\/wp\/v2\/types\/product"}],"wp:featuredmedia":[{"embeddable":true,"href":"https:\/\/www.erboristerie.com\/en\/wp-json\/wp\/v2\/media\/129238"}],"wp:attachment":[{"href":"https:\/\/www.erboristerie.com\/en\/wp-json\/wp\/v2\/media?parent=50690"}],"wp:term":[{"taxonomy":"product_brand","embeddable":true,"href":"https:\/\/www.erboristerie.com\/en\/wp-json\/wp\/v2\/product_brand?post=50690"},{"taxonomy":"product_cat","embeddable":true,"href":"https:\/\/www.erboristerie.com\/en\/wp-json\/wp\/v2\/product_cat?post=50690"},{"taxonomy":"product_tag","embeddable":true,"href":"https:\/\/www.erboristerie.com\/en\/wp-json\/wp\/v2\/product_tag?post=50690"},{"taxonomy":"giftcard-category","embeddable":true,"href":"https:\/\/www.erboristerie.com\/en\/wp-json\/wp\/v2\/giftcard-category?post=50690"}],"curies":[{"name":"wp","href":"https:\/\/api.w.org\/{rel}","templated":true}]}}