{"id":133911,"date":"2026-04-22T18:16:30","date_gmt":"2026-04-22T16:16:30","guid":{"rendered":"https:\/\/www.erboristerie.com\/?post_type=product&#038;p=133911"},"modified":"2026-04-22T18:27:45","modified_gmt":"2026-04-22T16:27:45","slug":"roller-in-cristallo-di-quarzo-rosa-e-legno-naturale-di-bamboo-rose-quartz-gua-sha-e-roller","status":"publish","type":"product","link":"https:\/\/www.erboristerie.com\/en\/prodotto\/roller-in-cristallo-di-quarzo-rosa-e-legno-naturale-di-bamboo-rose-quartz-gua-sha-e-roller\/","title":{"rendered":"Roller in Cristallo di Quarzo rosa e Legno naturale di Bamboo &#8211; Rose Quartz Gua Sha e Roller"},"content":{"rendered":"<p><strong> Roller in Cristallo di Quarzo rosa e Legno naturale di Bamboo &#8211; Rose Quartz Gua Sha e Roller<\/strong><\/p>\n<p>Il Gua Sha \u00e8 un antico rituale di bellezza basato sui principi della medicina tradizionale cinese.<\/p>\n<p>Si tratta di una tecnica di massaggio che prevede l\u2019impiego di pietre in grado di <strong>stimolare la circolazione sanguigna e il sistema linfatico.<\/strong><\/p>\n<p>Il kit Bioessenze contiene un roller e una pietra piatta in giada naturale che, se utilizzati in sinergia, garantiscono i massimi benefici derivanti da questa pratica.<\/p>\n<p>Il massaggio va effettuato<strong> sulla pelle perfettamente pulita e idratata per favorire lo scorrimento delle pietre<\/strong>.<\/p>\n<p>La Giada \u00e8 una pietra dura considerata nella tradizione cinese simbolo di prosperit\u00e0, benessere ed eterna giovinezza<strong> ed \u00e8 per questo fra le pi\u00f9 utilizzate per questa tecnica.<\/strong><\/p>\n<p>Lo strumento va passato lentamente, insistendo sui punti da trattare, cercando di creare una continuit\u00e0 nell\u2019applicazione per beneficiare al massimo dei suoi risultati.<\/p>\n<p><strong>Il Gua Sha \u00e8 un rituale distensivo e rilassante, utile per il benessere di corpo e mente.<\/strong><\/p>\n<p>Il massaggio e le propriet\u00e0 della giada naturale hanno un effetto rivitalizzante ed energetico per il viso e per il corpo.<\/p>\n<p>La cute pu\u00f2 risultare pi\u00f9 compatta e luminosa, fin dalle prime applicazioni.<\/p>\n","protected":false},"excerpt":{"rendered":"<p>Roller in Cristallo di Quarzo rosa e Legno naturale di Bamboo &#8211; Rose Quartz Gua Sha e Roller Il Gua Sha \u00e8 un antico rituale di bellezza basato sui principi della medicina tradizionale cinese. Si tratta di una tecnica di massaggio che prevede l\u2019impiego di&#8230;<\/p>\n","protected":false},"featured_media":133913,"template":"","meta":{"_acf_changed":false},"product_brand":[9602],"product_cat":[9727],"product_tag":[],"giftcard-category":[],"class_list":{"0":"post-133911","1":"product","2":"type-product","3":"status-publish","4":"has-post-thumbnail","6":"product_brand-himalaya","7":"product_cat-medicina-tradizionale-cinese","8":"pa_tipologia-kit-o-conf-regalo","10":"first","11":"instock","12":"taxable","13":"shipping-taxable","14":"purchasable","15":"product-type-simple"},"acf":[],"yoast_head":"<!-- This site is optimized with the Yoast SEO plugin v24.9 - https:\/\/yoast.com\/wordpress\/plugins\/seo\/ -->\n<title>Roller in Cristallo di Quarzo rosa e Legno naturale di Bamboo - Rose Quartz Gua Sha e Roller - Erboristeria Demetra<\/title>\n<meta name=\"description\" content=\"Il Gua Sha \u00e8 un rituale distensivo e rilassante, utile per il benessere di corpo e mente. Effetto rivitalizzante ed energetico per il viso e per il corpo.\" \/>\n<meta name=\"robots\" content=\"index, follow, max-snippet:-1, max-image-preview:large, max-video-preview:-1\" \/>\n<link rel=\"canonical\" href=\"https:\/\/www.erboristerie.com\/it\/prodotto\/roller-in-cristallo-di-quarzo-rosa-e-legno-naturale-di-bamboo-rose-quartz-gua-sha-e-roller\/\" \/>\n<meta property=\"og:locale\" content=\"en_US\" \/>\n<meta property=\"og:type\" content=\"article\" \/>\n<meta property=\"og:title\" content=\"Roller in Cristallo di Quarzo rosa e Legno naturale di Bamboo - Rose Quartz Gua Sha e Roller - Erboristeria Demetra\" \/>\n<meta property=\"og:description\" content=\"Il Gua Sha \u00e8 un rituale distensivo e rilassante, utile per il benessere di corpo e mente. Effetto rivitalizzante ed energetico per il viso e per il corpo.\" \/>\n<meta property=\"og:url\" content=\"https:\/\/www.erboristerie.com\/it\/prodotto\/roller-in-cristallo-di-quarzo-rosa-e-legno-naturale-di-bamboo-rose-quartz-gua-sha-e-roller\/\" \/>\n<meta property=\"og:site_name\" content=\"Erboristeria Demetra\" \/>\n<meta property=\"article:publisher\" content=\"https:\/\/www.facebook.com\/erboristeria.demetra.online\" \/>\n<meta property=\"article:modified_time\" content=\"2026-04-22T16:27:45+00:00\" \/>\n<meta property=\"og:image\" content=\"https:\/\/www.erboristerie.com\/wp-content\/uploads\/2026\/04\/00002145-roller-in-cristallo-di-quarzo-rosa-e-legno-naturale-di-bamboo-rose-quartz-gua-sha-e-roller-erboristerie-com.jpg\" \/>\n\t<meta property=\"og:image:width\" content=\"900\" \/>\n\t<meta property=\"og:image:height\" content=\"900\" \/>\n\t<meta property=\"og:image:type\" content=\"image\/jpeg\" \/>\n<meta name=\"twitter:card\" content=\"summary_large_image\" \/>\n<meta name=\"twitter:label1\" content=\"Est. reading time\" \/>\n\t<meta name=\"twitter:data1\" content=\"2 minutes\" \/>\n<script type=\"application\/ld+json\" class=\"yoast-schema-graph\">{\"@context\":\"https:\/\/schema.org\",\"@graph\":[{\"@type\":\"WebPage\",\"@id\":\"https:\/\/www.erboristerie.com\/it\/prodotto\/roller-in-cristallo-di-quarzo-rosa-e-legno-naturale-di-bamboo-rose-quartz-gua-sha-e-roller\/\",\"url\":\"https:\/\/www.erboristerie.com\/it\/prodotto\/roller-in-cristallo-di-quarzo-rosa-e-legno-naturale-di-bamboo-rose-quartz-gua-sha-e-roller\/\",\"name\":\"Roller in Cristallo di Quarzo rosa e Legno naturale di Bamboo - Rose Quartz Gua Sha e Roller - Erboristeria Demetra\",\"isPartOf\":{\"@id\":\"https:\/\/www.erboristerie.com\/it\/#website\"},\"primaryImageOfPage\":{\"@id\":\"https:\/\/www.erboristerie.com\/it\/prodotto\/roller-in-cristallo-di-quarzo-rosa-e-legno-naturale-di-bamboo-rose-quartz-gua-sha-e-roller\/#primaryimage\"},\"image\":{\"@id\":\"https:\/\/www.erboristerie.com\/it\/prodotto\/roller-in-cristallo-di-quarzo-rosa-e-legno-naturale-di-bamboo-rose-quartz-gua-sha-e-roller\/#primaryimage\"},\"thumbnailUrl\":\"https:\/\/www.erboristerie.com\/wp-content\/uploads\/2026\/04\/00002145-roller-in-cristallo-di-quarzo-rosa-e-legno-naturale-di-bamboo-rose-quartz-gua-sha-e-roller-erboristerie-com.jpg\",\"datePublished\":\"2026-04-22T16:16:30+00:00\",\"dateModified\":\"2026-04-22T16:27:45+00:00\",\"description\":\"Il Gua Sha \u00e8 un rituale distensivo e rilassante, utile per il benessere di corpo e mente. Effetto rivitalizzante ed energetico per il viso e per il corpo.\",\"breadcrumb\":{\"@id\":\"https:\/\/www.erboristerie.com\/it\/prodotto\/roller-in-cristallo-di-quarzo-rosa-e-legno-naturale-di-bamboo-rose-quartz-gua-sha-e-roller\/#breadcrumb\"},\"inLanguage\":\"en-US\",\"potentialAction\":[{\"@type\":\"ReadAction\",\"target\":[\"https:\/\/www.erboristerie.com\/it\/prodotto\/roller-in-cristallo-di-quarzo-rosa-e-legno-naturale-di-bamboo-rose-quartz-gua-sha-e-roller\/\"]}]},{\"@type\":\"ImageObject\",\"inLanguage\":\"en-US\",\"@id\":\"https:\/\/www.erboristerie.com\/it\/prodotto\/roller-in-cristallo-di-quarzo-rosa-e-legno-naturale-di-bamboo-rose-quartz-gua-sha-e-roller\/#primaryimage\",\"url\":\"https:\/\/www.erboristerie.com\/wp-content\/uploads\/2026\/04\/00002145-roller-in-cristallo-di-quarzo-rosa-e-legno-naturale-di-bamboo-rose-quartz-gua-sha-e-roller-erboristerie-com.jpg\",\"contentUrl\":\"https:\/\/www.erboristerie.com\/wp-content\/uploads\/2026\/04\/00002145-roller-in-cristallo-di-quarzo-rosa-e-legno-naturale-di-bamboo-rose-quartz-gua-sha-e-roller-erboristerie-com.jpg\",\"width\":900,\"height\":900},{\"@type\":\"BreadcrumbList\",\"@id\":\"https:\/\/www.erboristerie.com\/it\/prodotto\/roller-in-cristallo-di-quarzo-rosa-e-legno-naturale-di-bamboo-rose-quartz-gua-sha-e-roller\/#breadcrumb\",\"itemListElement\":[{\"@type\":\"ListItem\",\"position\":1,\"name\":\"Home\",\"item\":\"https:\/\/www.erboristerie.com\/en\/\"},{\"@type\":\"ListItem\",\"position\":2,\"name\":\"All products\",\"item\":\"https:\/\/www.erboristerie.com\/en\/all-products\/\"},{\"@type\":\"ListItem\",\"position\":3,\"name\":\"Roller in Cristallo di Quarzo rosa e Legno naturale di Bamboo &#8211; Rose Quartz Gua Sha e Roller\"}]},{\"@type\":\"WebSite\",\"@id\":\"https:\/\/www.erboristerie.com\/it\/#website\",\"url\":\"https:\/\/www.erboristerie.com\/it\/\",\"name\":\"Erboristeria Demetra\",\"description\":\"Your natural health\",\"publisher\":{\"@id\":\"https:\/\/www.erboristerie.com\/it\/#organization\"},\"potentialAction\":[{\"@type\":\"SearchAction\",\"target\":{\"@type\":\"EntryPoint\",\"urlTemplate\":\"https:\/\/www.erboristerie.com\/it\/?s={search_term_string}\"},\"query-input\":{\"@type\":\"PropertyValueSpecification\",\"valueRequired\":true,\"valueName\":\"search_term_string\"}}],\"inLanguage\":\"en-US\"},{\"@type\":\"Organization\",\"@id\":\"https:\/\/www.erboristerie.com\/it\/#organization\",\"name\":\"Erboristeria Demetra\",\"url\":\"https:\/\/www.erboristerie.com\/it\/\",\"logo\":{\"@type\":\"ImageObject\",\"inLanguage\":\"en-US\",\"@id\":\"https:\/\/www.erboristerie.com\/it\/#\/schema\/logo\/image\/\",\"url\":\"https:\/\/www.erboristerie.com\/wp-content\/uploads\/2019\/11\/LOGO_ERBORISTERIA_DEMETRA_original.png?v=1611516981\",\"contentUrl\":\"https:\/\/www.erboristerie.com\/wp-content\/uploads\/2019\/11\/LOGO_ERBORISTERIA_DEMETRA_original.png?v=1611516981\",\"width\":201,\"height\":54,\"caption\":\"Erboristeria Demetra\"},\"image\":{\"@id\":\"https:\/\/www.erboristerie.com\/it\/#\/schema\/logo\/image\/\"},\"sameAs\":[\"https:\/\/www.facebook.com\/erboristeria.demetra.online\"]}]}<\/script>\n<!-- \/ Yoast SEO plugin. -->","yoast_head_json":{"title":"Roller in Cristallo di Quarzo rosa e Legno naturale di Bamboo - Rose Quartz Gua Sha e Roller - Erboristeria Demetra","description":"Il Gua Sha \u00e8 un rituale distensivo e rilassante, utile per il benessere di corpo e mente. Effetto rivitalizzante ed energetico per il viso e per il corpo.","robots":{"index":"index","follow":"follow","max-snippet":"max-snippet:-1","max-image-preview":"max-image-preview:large","max-video-preview":"max-video-preview:-1"},"canonical":"https:\/\/www.erboristerie.com\/it\/prodotto\/roller-in-cristallo-di-quarzo-rosa-e-legno-naturale-di-bamboo-rose-quartz-gua-sha-e-roller\/","og_locale":"en_US","og_type":"article","og_title":"Roller in Cristallo di Quarzo rosa e Legno naturale di Bamboo - Rose Quartz Gua Sha e Roller - Erboristeria Demetra","og_description":"Il Gua Sha \u00e8 un rituale distensivo e rilassante, utile per il benessere di corpo e mente. Effetto rivitalizzante ed energetico per il viso e per il corpo.","og_url":"https:\/\/www.erboristerie.com\/it\/prodotto\/roller-in-cristallo-di-quarzo-rosa-e-legno-naturale-di-bamboo-rose-quartz-gua-sha-e-roller\/","og_site_name":"Erboristeria Demetra","article_publisher":"https:\/\/www.facebook.com\/erboristeria.demetra.online","article_modified_time":"2026-04-22T16:27:45+00:00","og_image":[{"width":900,"height":900,"url":"https:\/\/www.erboristerie.com\/wp-content\/uploads\/2026\/04\/00002145-roller-in-cristallo-di-quarzo-rosa-e-legno-naturale-di-bamboo-rose-quartz-gua-sha-e-roller-erboristerie-com.jpg","type":"image\/jpeg"}],"twitter_card":"summary_large_image","twitter_misc":{"Est. reading time":"2 minutes"},"schema":{"@context":"https:\/\/schema.org","@graph":[{"@type":"WebPage","@id":"https:\/\/www.erboristerie.com\/it\/prodotto\/roller-in-cristallo-di-quarzo-rosa-e-legno-naturale-di-bamboo-rose-quartz-gua-sha-e-roller\/","url":"https:\/\/www.erboristerie.com\/it\/prodotto\/roller-in-cristallo-di-quarzo-rosa-e-legno-naturale-di-bamboo-rose-quartz-gua-sha-e-roller\/","name":"Roller in Cristallo di Quarzo rosa e Legno naturale di Bamboo - Rose Quartz Gua Sha e Roller - Erboristeria Demetra","isPartOf":{"@id":"https:\/\/www.erboristerie.com\/it\/#website"},"primaryImageOfPage":{"@id":"https:\/\/www.erboristerie.com\/it\/prodotto\/roller-in-cristallo-di-quarzo-rosa-e-legno-naturale-di-bamboo-rose-quartz-gua-sha-e-roller\/#primaryimage"},"image":{"@id":"https:\/\/www.erboristerie.com\/it\/prodotto\/roller-in-cristallo-di-quarzo-rosa-e-legno-naturale-di-bamboo-rose-quartz-gua-sha-e-roller\/#primaryimage"},"thumbnailUrl":"https:\/\/www.erboristerie.com\/wp-content\/uploads\/2026\/04\/00002145-roller-in-cristallo-di-quarzo-rosa-e-legno-naturale-di-bamboo-rose-quartz-gua-sha-e-roller-erboristerie-com.jpg","datePublished":"2026-04-22T16:16:30+00:00","dateModified":"2026-04-22T16:27:45+00:00","description":"Il Gua Sha \u00e8 un rituale distensivo e rilassante, utile per il benessere di corpo e mente. Effetto rivitalizzante ed energetico per il viso e per il corpo.","breadcrumb":{"@id":"https:\/\/www.erboristerie.com\/it\/prodotto\/roller-in-cristallo-di-quarzo-rosa-e-legno-naturale-di-bamboo-rose-quartz-gua-sha-e-roller\/#breadcrumb"},"inLanguage":"en-US","potentialAction":[{"@type":"ReadAction","target":["https:\/\/www.erboristerie.com\/it\/prodotto\/roller-in-cristallo-di-quarzo-rosa-e-legno-naturale-di-bamboo-rose-quartz-gua-sha-e-roller\/"]}]},{"@type":"ImageObject","inLanguage":"en-US","@id":"https:\/\/www.erboristerie.com\/it\/prodotto\/roller-in-cristallo-di-quarzo-rosa-e-legno-naturale-di-bamboo-rose-quartz-gua-sha-e-roller\/#primaryimage","url":"https:\/\/www.erboristerie.com\/wp-content\/uploads\/2026\/04\/00002145-roller-in-cristallo-di-quarzo-rosa-e-legno-naturale-di-bamboo-rose-quartz-gua-sha-e-roller-erboristerie-com.jpg","contentUrl":"https:\/\/www.erboristerie.com\/wp-content\/uploads\/2026\/04\/00002145-roller-in-cristallo-di-quarzo-rosa-e-legno-naturale-di-bamboo-rose-quartz-gua-sha-e-roller-erboristerie-com.jpg","width":900,"height":900},{"@type":"BreadcrumbList","@id":"https:\/\/www.erboristerie.com\/it\/prodotto\/roller-in-cristallo-di-quarzo-rosa-e-legno-naturale-di-bamboo-rose-quartz-gua-sha-e-roller\/#breadcrumb","itemListElement":[{"@type":"ListItem","position":1,"name":"Home","item":"https:\/\/www.erboristerie.com\/en\/"},{"@type":"ListItem","position":2,"name":"All products","item":"https:\/\/www.erboristerie.com\/en\/all-products\/"},{"@type":"ListItem","position":3,"name":"Roller in Cristallo di Quarzo rosa e Legno naturale di Bamboo &#8211; Rose Quartz Gua Sha e Roller"}]},{"@type":"WebSite","@id":"https:\/\/www.erboristerie.com\/it\/#website","url":"https:\/\/www.erboristerie.com\/it\/","name":"Erboristeria Demetra","description":"Your natural health","publisher":{"@id":"https:\/\/www.erboristerie.com\/it\/#organization"},"potentialAction":[{"@type":"SearchAction","target":{"@type":"EntryPoint","urlTemplate":"https:\/\/www.erboristerie.com\/it\/?s={search_term_string}"},"query-input":{"@type":"PropertyValueSpecification","valueRequired":true,"valueName":"search_term_string"}}],"inLanguage":"en-US"},{"@type":"Organization","@id":"https:\/\/www.erboristerie.com\/it\/#organization","name":"Erboristeria Demetra","url":"https:\/\/www.erboristerie.com\/it\/","logo":{"@type":"ImageObject","inLanguage":"en-US","@id":"https:\/\/www.erboristerie.com\/it\/#\/schema\/logo\/image\/","url":"https:\/\/www.erboristerie.com\/wp-content\/uploads\/2019\/11\/LOGO_ERBORISTERIA_DEMETRA_original.png?v=1611516981","contentUrl":"https:\/\/www.erboristerie.com\/wp-content\/uploads\/2019\/11\/LOGO_ERBORISTERIA_DEMETRA_original.png?v=1611516981","width":201,"height":54,"caption":"Erboristeria Demetra"},"image":{"@id":"https:\/\/www.erboristerie.com\/it\/#\/schema\/logo\/image\/"},"sameAs":["https:\/\/www.facebook.com\/erboristeria.demetra.online"]}]}},"_links":{"self":[{"href":"https:\/\/www.erboristerie.com\/en\/wp-json\/wp\/v2\/product\/133911","targetHints":{"allow":["GET"]}}],"collection":[{"href":"https:\/\/www.erboristerie.com\/en\/wp-json\/wp\/v2\/product"}],"about":[{"href":"https:\/\/www.erboristerie.com\/en\/wp-json\/wp\/v2\/types\/product"}],"wp:featuredmedia":[{"embeddable":true,"href":"https:\/\/www.erboristerie.com\/en\/wp-json\/wp\/v2\/media\/133913"}],"wp:attachment":[{"href":"https:\/\/www.erboristerie.com\/en\/wp-json\/wp\/v2\/media?parent=133911"}],"wp:term":[{"taxonomy":"product_brand","embeddable":true,"href":"https:\/\/www.erboristerie.com\/en\/wp-json\/wp\/v2\/product_brand?post=133911"},{"taxonomy":"product_cat","embeddable":true,"href":"https:\/\/www.erboristerie.com\/en\/wp-json\/wp\/v2\/product_cat?post=133911"},{"taxonomy":"product_tag","embeddable":true,"href":"https:\/\/www.erboristerie.com\/en\/wp-json\/wp\/v2\/product_tag?post=133911"},{"taxonomy":"giftcard-category","embeddable":true,"href":"https:\/\/www.erboristerie.com\/en\/wp-json\/wp\/v2\/giftcard-category?post=133911"}],"curies":[{"name":"wp","href":"https:\/\/api.w.org\/{rel}","templated":true}]}}