{"id":133753,"date":"2026-04-08T16:51:05","date_gmt":"2026-04-08T14:51:05","guid":{"rendered":"https:\/\/www.erboristerie.com\/?post_type=product&#038;p=133753"},"modified":"2026-04-08T16:58:53","modified_gmt":"2026-04-08T14:58:53","slug":"principium-sun-beauty-per-pelle-protetta-abbronzatura-piu-intensa-e-duratura-60-compresse-biosline","status":"publish","type":"product","link":"https:\/\/www.erboristerie.com\/en\/prodotto\/principium-sun-beauty-per-pelle-protetta-abbronzatura-piu-intensa-e-duratura-60-compresse-biosline\/","title":{"rendered":"Principium Sun Beauty per Pelle protetta, abbronzatura pi\u00f9 intensa e duratura 60 compresse Biosline"},"content":{"rendered":"<p><strong>Principium Sun Beauty 60 compresse &#8211; Biosline<\/strong><\/p>\n<p>Pelle protetta,<strong> abbronzatura pi\u00f9 intensa e duratura<\/strong>.<\/p>\n<p>L&#8217;esposizione prolungata ai raggi solari, pu\u00f2 favorire la produzione di radicali liberi e il fotoinvecchiamento; per questo, prima e durante, \u00e8 importante preparare e proteggere la pelle con nutrienti specifici.<\/p>\n<p>Sun Beauty Bronze &amp; Defence contiene l\u2019<strong>estratto di Polipodio<\/strong>, una felce tropicale, che contribuisce al trofismo e alla funzionalit\u00e0 della pelle; la sua azione \u00e8 <strong>rinforzata dal Ram<\/strong>e, che <strong>favorisce la normale pigmentazione della pelle<\/strong> e, insieme alle <strong>Vitamine B2, C ed E<\/strong>, aiuta a proteggere le cellule dallo stress ossidativo indotto dai radicali liberi.<\/p>\n<p>La formula \u00e8 completata da<strong> Prolina e Tirosina<\/strong>, aminoacidi <strong>costituenti della cute e del collagene, e da Beta-Carotene e Licopene<\/strong>, carotenoidi naturali.<\/p>\n<p><strong>Suggerimenti di utilizzo<\/strong><\/p>\n<p>Per prepararsi all\u2019esposizione solare. Dopo l\u2019esposizione solare per mantenere l\u2019abbronzatura pi\u00f9 a lungo. Per prevenire la comparsa di eritemi solari.<\/p>\n<p><strong>Modalit\u00e0 d&#8217;uso<\/strong><\/p>\n<p>1-2 compresse al giorno, durante o dopo i pasti con un po&#8217; d\u2019acqua o altro liquido.<\/p>\n<p><strong>Ingredienti<\/strong><\/p>\n<p>agente di carica: cellulosa microcristallina; Polipodio (Polypodium leucatomos Poir.) sommit\u00e0 estratto secco, Vitamina E (DL-alfa tocoferil acetato), Carota (Daucus carota L.) succo concentrato, L-Prolina, L-Tirosina, Vitamina C (acido L-ascorbico), Licopene, Beta-carotene, agenti antiagglomeranti: biossido di silicio, sali di magnesio degli acidi grassi; Rame gluconato, Vitamina B2 (Riboflavina).<\/p>\n<p><strong>Tabella nutrizionale presente nelle immagini del prodotto.<\/strong><\/p>\n<p><strong>Senza glutine e lattosio,\u00a0<\/strong><strong>Adatto ai vegani e vegetariani.<\/strong><\/p>\n<p>Leggere le avvertenze riportate sulla confezione.<\/p>\n","protected":false},"excerpt":{"rendered":"<p>Principium Sun Beauty 60 compresse &#8211; Biosline Pelle protetta, abbronzatura pi\u00f9 intensa e duratura. L&#8217;esposizione prolungata ai raggi solari, pu\u00f2 favorire la produzione di radicali liberi e il fotoinvecchiamento; per questo, prima e durante, \u00e8 importante preparare e proteggere la pelle con nutrienti specifici. Sun&#8230;<\/p>\n","protected":false},"featured_media":133755,"template":"","meta":{"_acf_changed":false},"product_brand":[9595],"product_cat":[9695,45096],"product_tag":[],"giftcard-category":[],"class_list":{"0":"post-133753","1":"product","2":"type-product","3":"status-publish","4":"has-post-thumbnail","6":"product_brand-biosline","7":"product_cat-solari","8":"product_cat-capelli-e-pelle","9":"pa_formato-60-compresse","10":"pa_linea-principium","11":"pa_marca-biosline","12":"pa_tipologia-compresse","14":"first","15":"instock","16":"sale","17":"taxable","18":"shipping-taxable","19":"purchasable","20":"product-type-simple"},"acf":[],"yoast_head":"<!-- This site is optimized with the Yoast SEO plugin v24.9 - https:\/\/yoast.com\/wordpress\/plugins\/seo\/ -->\n<title>Principium Sun Beauty per Pelle protetta, abbronzatura pi\u00f9 intensa e duratura 60 compresse Biosline - Erboristeria Demetra<\/title>\n<meta name=\"description\" content=\"Per prepararsi all\u2019esposizione solare. Dopo l\u2019esposizione solare per mantenere l\u2019abbronzatura pi\u00f9 a lungo. Per prevenire la comparsa di eritemi solari.\" \/>\n<meta name=\"robots\" content=\"index, follow, max-snippet:-1, max-image-preview:large, max-video-preview:-1\" \/>\n<link rel=\"canonical\" href=\"https:\/\/www.erboristerie.com\/it\/prodotto\/principium-sun-beauty-per-pelle-protetta-abbronzatura-piu-intensa-e-duratura-60-compresse-biosline\/\" \/>\n<meta property=\"og:locale\" content=\"en_US\" \/>\n<meta property=\"og:type\" content=\"article\" \/>\n<meta property=\"og:title\" content=\"Principium Sun Beauty per Pelle protetta, abbronzatura pi\u00f9 intensa e duratura 60 compresse Biosline - Erboristeria Demetra\" \/>\n<meta property=\"og:description\" content=\"Per prepararsi all\u2019esposizione solare. Dopo l\u2019esposizione solare per mantenere l\u2019abbronzatura pi\u00f9 a lungo. Per prevenire la comparsa di eritemi solari.\" \/>\n<meta property=\"og:url\" content=\"https:\/\/www.erboristerie.com\/it\/prodotto\/principium-sun-beauty-per-pelle-protetta-abbronzatura-piu-intensa-e-duratura-60-compresse-biosline\/\" \/>\n<meta property=\"og:site_name\" content=\"Erboristeria Demetra\" \/>\n<meta property=\"article:publisher\" content=\"https:\/\/www.facebook.com\/erboristeria.demetra.online\" \/>\n<meta property=\"article:modified_time\" content=\"2026-04-08T14:58:53+00:00\" \/>\n<meta property=\"og:image\" content=\"https:\/\/www.erboristerie.com\/wp-content\/uploads\/2026\/04\/00008557-principium-sun-beauty-per-pelle-protetta-abbronzatura-piu-intensa-e-duratura-60-compresse-biosline-erboristerie-com.jpg\" \/>\n\t<meta property=\"og:image:width\" content=\"900\" \/>\n\t<meta property=\"og:image:height\" content=\"900\" \/>\n\t<meta property=\"og:image:type\" content=\"image\/jpeg\" \/>\n<meta name=\"twitter:card\" content=\"summary_large_image\" \/>\n<meta name=\"twitter:label1\" content=\"Est. reading time\" \/>\n\t<meta name=\"twitter:data1\" content=\"2 minutes\" \/>\n<script type=\"application\/ld+json\" class=\"yoast-schema-graph\">{\"@context\":\"https:\/\/schema.org\",\"@graph\":[{\"@type\":\"WebPage\",\"@id\":\"https:\/\/www.erboristerie.com\/it\/prodotto\/principium-sun-beauty-per-pelle-protetta-abbronzatura-piu-intensa-e-duratura-60-compresse-biosline\/\",\"url\":\"https:\/\/www.erboristerie.com\/it\/prodotto\/principium-sun-beauty-per-pelle-protetta-abbronzatura-piu-intensa-e-duratura-60-compresse-biosline\/\",\"name\":\"Principium Sun Beauty per Pelle protetta, abbronzatura pi\u00f9 intensa e duratura 60 compresse Biosline - Erboristeria Demetra\",\"isPartOf\":{\"@id\":\"https:\/\/www.erboristerie.com\/it\/#website\"},\"primaryImageOfPage\":{\"@id\":\"https:\/\/www.erboristerie.com\/it\/prodotto\/principium-sun-beauty-per-pelle-protetta-abbronzatura-piu-intensa-e-duratura-60-compresse-biosline\/#primaryimage\"},\"image\":{\"@id\":\"https:\/\/www.erboristerie.com\/it\/prodotto\/principium-sun-beauty-per-pelle-protetta-abbronzatura-piu-intensa-e-duratura-60-compresse-biosline\/#primaryimage\"},\"thumbnailUrl\":\"https:\/\/www.erboristerie.com\/wp-content\/uploads\/2026\/04\/00008557-principium-sun-beauty-per-pelle-protetta-abbronzatura-piu-intensa-e-duratura-60-compresse-biosline-erboristerie-com.jpg\",\"datePublished\":\"2026-04-08T14:51:05+00:00\",\"dateModified\":\"2026-04-08T14:58:53+00:00\",\"description\":\"Per prepararsi all\u2019esposizione solare. Dopo l\u2019esposizione solare per mantenere l\u2019abbronzatura pi\u00f9 a lungo. Per prevenire la comparsa di eritemi solari.\",\"breadcrumb\":{\"@id\":\"https:\/\/www.erboristerie.com\/it\/prodotto\/principium-sun-beauty-per-pelle-protetta-abbronzatura-piu-intensa-e-duratura-60-compresse-biosline\/#breadcrumb\"},\"inLanguage\":\"en-US\",\"potentialAction\":[{\"@type\":\"ReadAction\",\"target\":[\"https:\/\/www.erboristerie.com\/it\/prodotto\/principium-sun-beauty-per-pelle-protetta-abbronzatura-piu-intensa-e-duratura-60-compresse-biosline\/\"]}]},{\"@type\":\"ImageObject\",\"inLanguage\":\"en-US\",\"@id\":\"https:\/\/www.erboristerie.com\/it\/prodotto\/principium-sun-beauty-per-pelle-protetta-abbronzatura-piu-intensa-e-duratura-60-compresse-biosline\/#primaryimage\",\"url\":\"https:\/\/www.erboristerie.com\/wp-content\/uploads\/2026\/04\/00008557-principium-sun-beauty-per-pelle-protetta-abbronzatura-piu-intensa-e-duratura-60-compresse-biosline-erboristerie-com.jpg\",\"contentUrl\":\"https:\/\/www.erboristerie.com\/wp-content\/uploads\/2026\/04\/00008557-principium-sun-beauty-per-pelle-protetta-abbronzatura-piu-intensa-e-duratura-60-compresse-biosline-erboristerie-com.jpg\",\"width\":900,\"height\":900},{\"@type\":\"BreadcrumbList\",\"@id\":\"https:\/\/www.erboristerie.com\/it\/prodotto\/principium-sun-beauty-per-pelle-protetta-abbronzatura-piu-intensa-e-duratura-60-compresse-biosline\/#breadcrumb\",\"itemListElement\":[{\"@type\":\"ListItem\",\"position\":1,\"name\":\"Home\",\"item\":\"https:\/\/www.erboristerie.com\/en\/\"},{\"@type\":\"ListItem\",\"position\":2,\"name\":\"All products\",\"item\":\"https:\/\/www.erboristerie.com\/en\/all-products\/\"},{\"@type\":\"ListItem\",\"position\":3,\"name\":\"Principium Sun Beauty per Pelle protetta, abbronzatura pi\u00f9 intensa e duratura 60 compresse Biosline\"}]},{\"@type\":\"WebSite\",\"@id\":\"https:\/\/www.erboristerie.com\/it\/#website\",\"url\":\"https:\/\/www.erboristerie.com\/it\/\",\"name\":\"Erboristeria Demetra\",\"description\":\"Your natural health\",\"publisher\":{\"@id\":\"https:\/\/www.erboristerie.com\/it\/#organization\"},\"potentialAction\":[{\"@type\":\"SearchAction\",\"target\":{\"@type\":\"EntryPoint\",\"urlTemplate\":\"https:\/\/www.erboristerie.com\/it\/?s={search_term_string}\"},\"query-input\":{\"@type\":\"PropertyValueSpecification\",\"valueRequired\":true,\"valueName\":\"search_term_string\"}}],\"inLanguage\":\"en-US\"},{\"@type\":\"Organization\",\"@id\":\"https:\/\/www.erboristerie.com\/it\/#organization\",\"name\":\"Erboristeria Demetra\",\"url\":\"https:\/\/www.erboristerie.com\/it\/\",\"logo\":{\"@type\":\"ImageObject\",\"inLanguage\":\"en-US\",\"@id\":\"https:\/\/www.erboristerie.com\/it\/#\/schema\/logo\/image\/\",\"url\":\"https:\/\/www.erboristerie.com\/wp-content\/uploads\/2019\/11\/LOGO_ERBORISTERIA_DEMETRA_original.png?v=1611516981\",\"contentUrl\":\"https:\/\/www.erboristerie.com\/wp-content\/uploads\/2019\/11\/LOGO_ERBORISTERIA_DEMETRA_original.png?v=1611516981\",\"width\":201,\"height\":54,\"caption\":\"Erboristeria Demetra\"},\"image\":{\"@id\":\"https:\/\/www.erboristerie.com\/it\/#\/schema\/logo\/image\/\"},\"sameAs\":[\"https:\/\/www.facebook.com\/erboristeria.demetra.online\"]}]}<\/script>\n<!-- \/ Yoast SEO plugin. -->","yoast_head_json":{"title":"Principium Sun Beauty per Pelle protetta, abbronzatura pi\u00f9 intensa e duratura 60 compresse Biosline - Erboristeria Demetra","description":"Per prepararsi all\u2019esposizione solare. Dopo l\u2019esposizione solare per mantenere l\u2019abbronzatura pi\u00f9 a lungo. Per prevenire la comparsa di eritemi solari.","robots":{"index":"index","follow":"follow","max-snippet":"max-snippet:-1","max-image-preview":"max-image-preview:large","max-video-preview":"max-video-preview:-1"},"canonical":"https:\/\/www.erboristerie.com\/it\/prodotto\/principium-sun-beauty-per-pelle-protetta-abbronzatura-piu-intensa-e-duratura-60-compresse-biosline\/","og_locale":"en_US","og_type":"article","og_title":"Principium Sun Beauty per Pelle protetta, abbronzatura pi\u00f9 intensa e duratura 60 compresse Biosline - Erboristeria Demetra","og_description":"Per prepararsi all\u2019esposizione solare. Dopo l\u2019esposizione solare per mantenere l\u2019abbronzatura pi\u00f9 a lungo. Per prevenire la comparsa di eritemi solari.","og_url":"https:\/\/www.erboristerie.com\/it\/prodotto\/principium-sun-beauty-per-pelle-protetta-abbronzatura-piu-intensa-e-duratura-60-compresse-biosline\/","og_site_name":"Erboristeria Demetra","article_publisher":"https:\/\/www.facebook.com\/erboristeria.demetra.online","article_modified_time":"2026-04-08T14:58:53+00:00","og_image":[{"width":900,"height":900,"url":"https:\/\/www.erboristerie.com\/wp-content\/uploads\/2026\/04\/00008557-principium-sun-beauty-per-pelle-protetta-abbronzatura-piu-intensa-e-duratura-60-compresse-biosline-erboristerie-com.jpg","type":"image\/jpeg"}],"twitter_card":"summary_large_image","twitter_misc":{"Est. reading time":"2 minutes"},"schema":{"@context":"https:\/\/schema.org","@graph":[{"@type":"WebPage","@id":"https:\/\/www.erboristerie.com\/it\/prodotto\/principium-sun-beauty-per-pelle-protetta-abbronzatura-piu-intensa-e-duratura-60-compresse-biosline\/","url":"https:\/\/www.erboristerie.com\/it\/prodotto\/principium-sun-beauty-per-pelle-protetta-abbronzatura-piu-intensa-e-duratura-60-compresse-biosline\/","name":"Principium Sun Beauty per Pelle protetta, abbronzatura pi\u00f9 intensa e duratura 60 compresse Biosline - Erboristeria Demetra","isPartOf":{"@id":"https:\/\/www.erboristerie.com\/it\/#website"},"primaryImageOfPage":{"@id":"https:\/\/www.erboristerie.com\/it\/prodotto\/principium-sun-beauty-per-pelle-protetta-abbronzatura-piu-intensa-e-duratura-60-compresse-biosline\/#primaryimage"},"image":{"@id":"https:\/\/www.erboristerie.com\/it\/prodotto\/principium-sun-beauty-per-pelle-protetta-abbronzatura-piu-intensa-e-duratura-60-compresse-biosline\/#primaryimage"},"thumbnailUrl":"https:\/\/www.erboristerie.com\/wp-content\/uploads\/2026\/04\/00008557-principium-sun-beauty-per-pelle-protetta-abbronzatura-piu-intensa-e-duratura-60-compresse-biosline-erboristerie-com.jpg","datePublished":"2026-04-08T14:51:05+00:00","dateModified":"2026-04-08T14:58:53+00:00","description":"Per prepararsi all\u2019esposizione solare. Dopo l\u2019esposizione solare per mantenere l\u2019abbronzatura pi\u00f9 a lungo. Per prevenire la comparsa di eritemi solari.","breadcrumb":{"@id":"https:\/\/www.erboristerie.com\/it\/prodotto\/principium-sun-beauty-per-pelle-protetta-abbronzatura-piu-intensa-e-duratura-60-compresse-biosline\/#breadcrumb"},"inLanguage":"en-US","potentialAction":[{"@type":"ReadAction","target":["https:\/\/www.erboristerie.com\/it\/prodotto\/principium-sun-beauty-per-pelle-protetta-abbronzatura-piu-intensa-e-duratura-60-compresse-biosline\/"]}]},{"@type":"ImageObject","inLanguage":"en-US","@id":"https:\/\/www.erboristerie.com\/it\/prodotto\/principium-sun-beauty-per-pelle-protetta-abbronzatura-piu-intensa-e-duratura-60-compresse-biosline\/#primaryimage","url":"https:\/\/www.erboristerie.com\/wp-content\/uploads\/2026\/04\/00008557-principium-sun-beauty-per-pelle-protetta-abbronzatura-piu-intensa-e-duratura-60-compresse-biosline-erboristerie-com.jpg","contentUrl":"https:\/\/www.erboristerie.com\/wp-content\/uploads\/2026\/04\/00008557-principium-sun-beauty-per-pelle-protetta-abbronzatura-piu-intensa-e-duratura-60-compresse-biosline-erboristerie-com.jpg","width":900,"height":900},{"@type":"BreadcrumbList","@id":"https:\/\/www.erboristerie.com\/it\/prodotto\/principium-sun-beauty-per-pelle-protetta-abbronzatura-piu-intensa-e-duratura-60-compresse-biosline\/#breadcrumb","itemListElement":[{"@type":"ListItem","position":1,"name":"Home","item":"https:\/\/www.erboristerie.com\/en\/"},{"@type":"ListItem","position":2,"name":"All products","item":"https:\/\/www.erboristerie.com\/en\/all-products\/"},{"@type":"ListItem","position":3,"name":"Principium Sun Beauty per Pelle protetta, abbronzatura pi\u00f9 intensa e duratura 60 compresse Biosline"}]},{"@type":"WebSite","@id":"https:\/\/www.erboristerie.com\/it\/#website","url":"https:\/\/www.erboristerie.com\/it\/","name":"Erboristeria Demetra","description":"Your natural health","publisher":{"@id":"https:\/\/www.erboristerie.com\/it\/#organization"},"potentialAction":[{"@type":"SearchAction","target":{"@type":"EntryPoint","urlTemplate":"https:\/\/www.erboristerie.com\/it\/?s={search_term_string}"},"query-input":{"@type":"PropertyValueSpecification","valueRequired":true,"valueName":"search_term_string"}}],"inLanguage":"en-US"},{"@type":"Organization","@id":"https:\/\/www.erboristerie.com\/it\/#organization","name":"Erboristeria Demetra","url":"https:\/\/www.erboristerie.com\/it\/","logo":{"@type":"ImageObject","inLanguage":"en-US","@id":"https:\/\/www.erboristerie.com\/it\/#\/schema\/logo\/image\/","url":"https:\/\/www.erboristerie.com\/wp-content\/uploads\/2019\/11\/LOGO_ERBORISTERIA_DEMETRA_original.png?v=1611516981","contentUrl":"https:\/\/www.erboristerie.com\/wp-content\/uploads\/2019\/11\/LOGO_ERBORISTERIA_DEMETRA_original.png?v=1611516981","width":201,"height":54,"caption":"Erboristeria Demetra"},"image":{"@id":"https:\/\/www.erboristerie.com\/it\/#\/schema\/logo\/image\/"},"sameAs":["https:\/\/www.facebook.com\/erboristeria.demetra.online"]}]}},"_links":{"self":[{"href":"https:\/\/www.erboristerie.com\/en\/wp-json\/wp\/v2\/product\/133753","targetHints":{"allow":["GET"]}}],"collection":[{"href":"https:\/\/www.erboristerie.com\/en\/wp-json\/wp\/v2\/product"}],"about":[{"href":"https:\/\/www.erboristerie.com\/en\/wp-json\/wp\/v2\/types\/product"}],"wp:featuredmedia":[{"embeddable":true,"href":"https:\/\/www.erboristerie.com\/en\/wp-json\/wp\/v2\/media\/133755"}],"wp:attachment":[{"href":"https:\/\/www.erboristerie.com\/en\/wp-json\/wp\/v2\/media?parent=133753"}],"wp:term":[{"taxonomy":"product_brand","embeddable":true,"href":"https:\/\/www.erboristerie.com\/en\/wp-json\/wp\/v2\/product_brand?post=133753"},{"taxonomy":"product_cat","embeddable":true,"href":"https:\/\/www.erboristerie.com\/en\/wp-json\/wp\/v2\/product_cat?post=133753"},{"taxonomy":"product_tag","embeddable":true,"href":"https:\/\/www.erboristerie.com\/en\/wp-json\/wp\/v2\/product_tag?post=133753"},{"taxonomy":"giftcard-category","embeddable":true,"href":"https:\/\/www.erboristerie.com\/en\/wp-json\/wp\/v2\/giftcard-category?post=133753"}],"curies":[{"name":"wp","href":"https:\/\/api.w.org\/{rel}","templated":true}]}}