{"id":132292,"date":"2025-11-24T09:38:27","date_gmt":"2025-11-24T08:38:27","guid":{"rendered":"https:\/\/www.erboristerie.com\/?post_type=product&#038;p=132292"},"modified":"2025-11-24T09:49:13","modified_gmt":"2025-11-24T08:49:13","slug":"ricarica-sfuso-in-confezione-da-80g-frutti-di-bosco-neavita","status":"publish","type":"product","link":"https:\/\/www.erboristerie.com\/en\/prodotto\/ricarica-sfuso-in-confezione-da-80g-frutti-di-bosco-neavita\/","title":{"rendered":"Ricarica sfuso in confezione da 80g Frutti di Bosco Neavita"},"content":{"rendered":"<p><strong>Ricarica sfuso in confezione da 80g Frutti di Bosco &#8211; Neavita<\/strong><\/p>\n<p>Delizioso insieme di frutti colorati raccolti nel bosco.<\/p>\n<p>Infuso dai riflessi carminio, la cui fragranza conduce per i sentieri del bosco: fiancheggiando lo scorrere dei torrenti, fino a radure di sole dove cespugli selvatici regalano la gradevolezza dolce e asprigna di frutti, bacche e fiori<\/p>\n<p><b>Composizione:<\/b><\/p>\n<p>Fiori di ibisco, chicchi di uva, frutti di bosco (bacche di sambuco, frutti di ribes nero, mirtilli)<\/p>\n<p><strong>Perch\u00e9 scegliere una ricarica?<\/strong><\/p>\n<p>la confezione di ricarica \u00e8 nata per offrire ad un prezzo vantaggioso la ricarica dei Silver Tin, i classici barattoli in latta di Neavita.<\/p>\n<p>Pu\u00f2 risultare conveniente l&#8217;acquisto della ricarica anche a chi non possiede gi\u00e0 un Silver Tin ma desidera un&#8217;acquisto conveniente da conservare poi in un barattolo o vasetto gi\u00e0 in proprio possesso.<\/p>\n<p><strong>Perch\u00e9 scegliere una ricarica?<\/strong><\/p>\n<p>la confezione di ricarica \u00e8 nata per offrire ad un prezzo vantaggioso la ricarica dei Silver Tin, i classici barattoli in latta di Neavita.<\/p>\n<p>Pu\u00f2 risultare conveniente l&#8217;acquisto della ricarica anche a chi non possiede gi\u00e0 un Silver Tin ma desidera un&#8217;acquisto conveniente da conservare poi in un barattolo o vasetto gi\u00e0 in proprio possesso.<\/p>\n","protected":false},"excerpt":{"rendered":"<p>Ricarica sfuso in confezione da 80g Frutti di Bosco &#8211; Neavita Delizioso insieme di frutti colorati raccolti nel bosco. Infuso dai riflessi carminio, la cui fragranza conduce per i sentieri del bosco: fiancheggiando lo scorrere dei torrenti, fino a radure di sole dove cespugli selvatici&#8230;<\/p>\n","protected":false},"featured_media":132293,"template":"","meta":{"_acf_changed":false},"product_brand":[9636],"product_cat":[45114],"product_tag":[13616,18016,12776,12585,11920,13614,12661,14331,12768,18017,11820,18032],"giftcard-category":[],"class_list":{"0":"post-132292","1":"product","2":"type-product","3":"status-publish","4":"has-post-thumbnail","6":"product_brand-neavita","7":"product_cat-te-infusi-e-tisane-sfusi","8":"product_tag-15pz","9":"product_tag-bonne","10":"product_tag-bosco","11":"product_tag-confezione","12":"product_tag-filtri","13":"product_tag-filtroscrigno","14":"product_tag-frutti","15":"product_tag-incantato","16":"product_tag-infuso","17":"product_tag-nuit","18":"product_tag-silver","19":"product_tag-tin","20":"pa_formato-80-grammi","21":"pa_marca-neavita","22":"pa_tipologia-infuso-di-frutta","24":"first","25":"instock","26":"sale","27":"taxable","28":"shipping-taxable","29":"purchasable","30":"product-type-simple"},"acf":[],"yoast_head":"<!-- This site is optimized with the Yoast SEO plugin v24.9 - https:\/\/yoast.com\/wordpress\/plugins\/seo\/ -->\n<title>Ricarica sfuso in confezione da 80g Frutti di Bosco Neavita - Erboristeria Demetra<\/title>\n<meta name=\"description\" content=\"Delizioso insieme di frutti colorati raccolti nel bosco. Cespugli selvatici regalano la gradevolezza dolce e asprigna di frutti, bacche e fiori\" \/>\n<meta name=\"robots\" content=\"index, follow, max-snippet:-1, max-image-preview:large, max-video-preview:-1\" \/>\n<link rel=\"canonical\" href=\"https:\/\/www.erboristerie.com\/it\/prodotto\/ricarica-sfuso-in-confezione-da-80g-frutti-di-bosco-neavita\/\" \/>\n<meta property=\"og:locale\" content=\"en_US\" \/>\n<meta property=\"og:type\" content=\"article\" \/>\n<meta property=\"og:title\" content=\"Ricarica sfuso in confezione da 80g Frutti di Bosco Neavita - Erboristeria Demetra\" \/>\n<meta property=\"og:description\" content=\"Delizioso insieme di frutti colorati raccolti nel bosco. Cespugli selvatici regalano la gradevolezza dolce e asprigna di frutti, bacche e fiori\" \/>\n<meta property=\"og:url\" content=\"https:\/\/www.erboristerie.com\/it\/prodotto\/ricarica-sfuso-in-confezione-da-80g-frutti-di-bosco-neavita\/\" \/>\n<meta property=\"og:site_name\" content=\"Erboristeria Demetra\" \/>\n<meta property=\"article:publisher\" content=\"https:\/\/www.facebook.com\/erboristeria.demetra.online\" \/>\n<meta property=\"article:modified_time\" content=\"2025-11-24T08:49:13+00:00\" \/>\n<meta property=\"og:image\" content=\"https:\/\/www.erboristerie.com\/wp-content\/uploads\/2025\/11\/00004834-ricarica-infuso-frutti-di-bosco-neavita-erboristerie-com.jpg\" \/>\n\t<meta property=\"og:image:width\" content=\"1000\" \/>\n\t<meta property=\"og:image:height\" content=\"1000\" \/>\n\t<meta property=\"og:image:type\" content=\"image\/jpeg\" \/>\n<meta name=\"twitter:card\" content=\"summary_large_image\" \/>\n<meta name=\"twitter:label1\" content=\"Est. reading time\" \/>\n\t<meta name=\"twitter:data1\" content=\"2 minutes\" \/>\n<script type=\"application\/ld+json\" class=\"yoast-schema-graph\">{\"@context\":\"https:\/\/schema.org\",\"@graph\":[{\"@type\":\"WebPage\",\"@id\":\"https:\/\/www.erboristerie.com\/it\/prodotto\/ricarica-sfuso-in-confezione-da-80g-frutti-di-bosco-neavita\/\",\"url\":\"https:\/\/www.erboristerie.com\/it\/prodotto\/ricarica-sfuso-in-confezione-da-80g-frutti-di-bosco-neavita\/\",\"name\":\"Ricarica sfuso in confezione da 80g Frutti di Bosco Neavita - Erboristeria Demetra\",\"isPartOf\":{\"@id\":\"https:\/\/www.erboristerie.com\/it\/#website\"},\"primaryImageOfPage\":{\"@id\":\"https:\/\/www.erboristerie.com\/it\/prodotto\/ricarica-sfuso-in-confezione-da-80g-frutti-di-bosco-neavita\/#primaryimage\"},\"image\":{\"@id\":\"https:\/\/www.erboristerie.com\/it\/prodotto\/ricarica-sfuso-in-confezione-da-80g-frutti-di-bosco-neavita\/#primaryimage\"},\"thumbnailUrl\":\"https:\/\/www.erboristerie.com\/wp-content\/uploads\/2025\/11\/00004834-ricarica-infuso-frutti-di-bosco-neavita-erboristerie-com.jpg\",\"datePublished\":\"2025-11-24T08:38:27+00:00\",\"dateModified\":\"2025-11-24T08:49:13+00:00\",\"description\":\"Delizioso insieme di frutti colorati raccolti nel bosco. Cespugli selvatici regalano la gradevolezza dolce e asprigna di frutti, bacche e fiori\",\"breadcrumb\":{\"@id\":\"https:\/\/www.erboristerie.com\/it\/prodotto\/ricarica-sfuso-in-confezione-da-80g-frutti-di-bosco-neavita\/#breadcrumb\"},\"inLanguage\":\"en-US\",\"potentialAction\":[{\"@type\":\"ReadAction\",\"target\":[\"https:\/\/www.erboristerie.com\/it\/prodotto\/ricarica-sfuso-in-confezione-da-80g-frutti-di-bosco-neavita\/\"]}]},{\"@type\":\"ImageObject\",\"inLanguage\":\"en-US\",\"@id\":\"https:\/\/www.erboristerie.com\/it\/prodotto\/ricarica-sfuso-in-confezione-da-80g-frutti-di-bosco-neavita\/#primaryimage\",\"url\":\"https:\/\/www.erboristerie.com\/wp-content\/uploads\/2025\/11\/00004834-ricarica-infuso-frutti-di-bosco-neavita-erboristerie-com.jpg\",\"contentUrl\":\"https:\/\/www.erboristerie.com\/wp-content\/uploads\/2025\/11\/00004834-ricarica-infuso-frutti-di-bosco-neavita-erboristerie-com.jpg\",\"width\":1000,\"height\":1000},{\"@type\":\"BreadcrumbList\",\"@id\":\"https:\/\/www.erboristerie.com\/it\/prodotto\/ricarica-sfuso-in-confezione-da-80g-frutti-di-bosco-neavita\/#breadcrumb\",\"itemListElement\":[{\"@type\":\"ListItem\",\"position\":1,\"name\":\"Home\",\"item\":\"https:\/\/www.erboristerie.com\/en\/\"},{\"@type\":\"ListItem\",\"position\":2,\"name\":\"All products\",\"item\":\"https:\/\/www.erboristerie.com\/en\/all-products\/\"},{\"@type\":\"ListItem\",\"position\":3,\"name\":\"Ricarica sfuso in confezione da 80g Frutti di Bosco Neavita\"}]},{\"@type\":\"WebSite\",\"@id\":\"https:\/\/www.erboristerie.com\/it\/#website\",\"url\":\"https:\/\/www.erboristerie.com\/it\/\",\"name\":\"Erboristeria Demetra\",\"description\":\"Your natural health\",\"publisher\":{\"@id\":\"https:\/\/www.erboristerie.com\/it\/#organization\"},\"potentialAction\":[{\"@type\":\"SearchAction\",\"target\":{\"@type\":\"EntryPoint\",\"urlTemplate\":\"https:\/\/www.erboristerie.com\/it\/?s={search_term_string}\"},\"query-input\":{\"@type\":\"PropertyValueSpecification\",\"valueRequired\":true,\"valueName\":\"search_term_string\"}}],\"inLanguage\":\"en-US\"},{\"@type\":\"Organization\",\"@id\":\"https:\/\/www.erboristerie.com\/it\/#organization\",\"name\":\"Erboristeria Demetra\",\"url\":\"https:\/\/www.erboristerie.com\/it\/\",\"logo\":{\"@type\":\"ImageObject\",\"inLanguage\":\"en-US\",\"@id\":\"https:\/\/www.erboristerie.com\/it\/#\/schema\/logo\/image\/\",\"url\":\"https:\/\/www.erboristerie.com\/wp-content\/uploads\/2019\/11\/LOGO_ERBORISTERIA_DEMETRA_original.png?v=1611516981\",\"contentUrl\":\"https:\/\/www.erboristerie.com\/wp-content\/uploads\/2019\/11\/LOGO_ERBORISTERIA_DEMETRA_original.png?v=1611516981\",\"width\":201,\"height\":54,\"caption\":\"Erboristeria Demetra\"},\"image\":{\"@id\":\"https:\/\/www.erboristerie.com\/it\/#\/schema\/logo\/image\/\"},\"sameAs\":[\"https:\/\/www.facebook.com\/erboristeria.demetra.online\"]}]}<\/script>\n<!-- \/ Yoast SEO plugin. -->","yoast_head_json":{"title":"Ricarica sfuso in confezione da 80g Frutti di Bosco Neavita - Erboristeria Demetra","description":"Delizioso insieme di frutti colorati raccolti nel bosco. Cespugli selvatici regalano la gradevolezza dolce e asprigna di frutti, bacche e fiori","robots":{"index":"index","follow":"follow","max-snippet":"max-snippet:-1","max-image-preview":"max-image-preview:large","max-video-preview":"max-video-preview:-1"},"canonical":"https:\/\/www.erboristerie.com\/it\/prodotto\/ricarica-sfuso-in-confezione-da-80g-frutti-di-bosco-neavita\/","og_locale":"en_US","og_type":"article","og_title":"Ricarica sfuso in confezione da 80g Frutti di Bosco Neavita - Erboristeria Demetra","og_description":"Delizioso insieme di frutti colorati raccolti nel bosco. Cespugli selvatici regalano la gradevolezza dolce e asprigna di frutti, bacche e fiori","og_url":"https:\/\/www.erboristerie.com\/it\/prodotto\/ricarica-sfuso-in-confezione-da-80g-frutti-di-bosco-neavita\/","og_site_name":"Erboristeria Demetra","article_publisher":"https:\/\/www.facebook.com\/erboristeria.demetra.online","article_modified_time":"2025-11-24T08:49:13+00:00","og_image":[{"width":1000,"height":1000,"url":"https:\/\/www.erboristerie.com\/wp-content\/uploads\/2025\/11\/00004834-ricarica-infuso-frutti-di-bosco-neavita-erboristerie-com.jpg","type":"image\/jpeg"}],"twitter_card":"summary_large_image","twitter_misc":{"Est. reading time":"2 minutes"},"schema":{"@context":"https:\/\/schema.org","@graph":[{"@type":"WebPage","@id":"https:\/\/www.erboristerie.com\/it\/prodotto\/ricarica-sfuso-in-confezione-da-80g-frutti-di-bosco-neavita\/","url":"https:\/\/www.erboristerie.com\/it\/prodotto\/ricarica-sfuso-in-confezione-da-80g-frutti-di-bosco-neavita\/","name":"Ricarica sfuso in confezione da 80g Frutti di Bosco Neavita - Erboristeria Demetra","isPartOf":{"@id":"https:\/\/www.erboristerie.com\/it\/#website"},"primaryImageOfPage":{"@id":"https:\/\/www.erboristerie.com\/it\/prodotto\/ricarica-sfuso-in-confezione-da-80g-frutti-di-bosco-neavita\/#primaryimage"},"image":{"@id":"https:\/\/www.erboristerie.com\/it\/prodotto\/ricarica-sfuso-in-confezione-da-80g-frutti-di-bosco-neavita\/#primaryimage"},"thumbnailUrl":"https:\/\/www.erboristerie.com\/wp-content\/uploads\/2025\/11\/00004834-ricarica-infuso-frutti-di-bosco-neavita-erboristerie-com.jpg","datePublished":"2025-11-24T08:38:27+00:00","dateModified":"2025-11-24T08:49:13+00:00","description":"Delizioso insieme di frutti colorati raccolti nel bosco. Cespugli selvatici regalano la gradevolezza dolce e asprigna di frutti, bacche e fiori","breadcrumb":{"@id":"https:\/\/www.erboristerie.com\/it\/prodotto\/ricarica-sfuso-in-confezione-da-80g-frutti-di-bosco-neavita\/#breadcrumb"},"inLanguage":"en-US","potentialAction":[{"@type":"ReadAction","target":["https:\/\/www.erboristerie.com\/it\/prodotto\/ricarica-sfuso-in-confezione-da-80g-frutti-di-bosco-neavita\/"]}]},{"@type":"ImageObject","inLanguage":"en-US","@id":"https:\/\/www.erboristerie.com\/it\/prodotto\/ricarica-sfuso-in-confezione-da-80g-frutti-di-bosco-neavita\/#primaryimage","url":"https:\/\/www.erboristerie.com\/wp-content\/uploads\/2025\/11\/00004834-ricarica-infuso-frutti-di-bosco-neavita-erboristerie-com.jpg","contentUrl":"https:\/\/www.erboristerie.com\/wp-content\/uploads\/2025\/11\/00004834-ricarica-infuso-frutti-di-bosco-neavita-erboristerie-com.jpg","width":1000,"height":1000},{"@type":"BreadcrumbList","@id":"https:\/\/www.erboristerie.com\/it\/prodotto\/ricarica-sfuso-in-confezione-da-80g-frutti-di-bosco-neavita\/#breadcrumb","itemListElement":[{"@type":"ListItem","position":1,"name":"Home","item":"https:\/\/www.erboristerie.com\/en\/"},{"@type":"ListItem","position":2,"name":"All products","item":"https:\/\/www.erboristerie.com\/en\/all-products\/"},{"@type":"ListItem","position":3,"name":"Ricarica sfuso in confezione da 80g Frutti di Bosco Neavita"}]},{"@type":"WebSite","@id":"https:\/\/www.erboristerie.com\/it\/#website","url":"https:\/\/www.erboristerie.com\/it\/","name":"Erboristeria Demetra","description":"Your natural health","publisher":{"@id":"https:\/\/www.erboristerie.com\/it\/#organization"},"potentialAction":[{"@type":"SearchAction","target":{"@type":"EntryPoint","urlTemplate":"https:\/\/www.erboristerie.com\/it\/?s={search_term_string}"},"query-input":{"@type":"PropertyValueSpecification","valueRequired":true,"valueName":"search_term_string"}}],"inLanguage":"en-US"},{"@type":"Organization","@id":"https:\/\/www.erboristerie.com\/it\/#organization","name":"Erboristeria Demetra","url":"https:\/\/www.erboristerie.com\/it\/","logo":{"@type":"ImageObject","inLanguage":"en-US","@id":"https:\/\/www.erboristerie.com\/it\/#\/schema\/logo\/image\/","url":"https:\/\/www.erboristerie.com\/wp-content\/uploads\/2019\/11\/LOGO_ERBORISTERIA_DEMETRA_original.png?v=1611516981","contentUrl":"https:\/\/www.erboristerie.com\/wp-content\/uploads\/2019\/11\/LOGO_ERBORISTERIA_DEMETRA_original.png?v=1611516981","width":201,"height":54,"caption":"Erboristeria Demetra"},"image":{"@id":"https:\/\/www.erboristerie.com\/it\/#\/schema\/logo\/image\/"},"sameAs":["https:\/\/www.facebook.com\/erboristeria.demetra.online"]}]}},"_links":{"self":[{"href":"https:\/\/www.erboristerie.com\/en\/wp-json\/wp\/v2\/product\/132292","targetHints":{"allow":["GET"]}}],"collection":[{"href":"https:\/\/www.erboristerie.com\/en\/wp-json\/wp\/v2\/product"}],"about":[{"href":"https:\/\/www.erboristerie.com\/en\/wp-json\/wp\/v2\/types\/product"}],"wp:featuredmedia":[{"embeddable":true,"href":"https:\/\/www.erboristerie.com\/en\/wp-json\/wp\/v2\/media\/132293"}],"wp:attachment":[{"href":"https:\/\/www.erboristerie.com\/en\/wp-json\/wp\/v2\/media?parent=132292"}],"wp:term":[{"taxonomy":"product_brand","embeddable":true,"href":"https:\/\/www.erboristerie.com\/en\/wp-json\/wp\/v2\/product_brand?post=132292"},{"taxonomy":"product_cat","embeddable":true,"href":"https:\/\/www.erboristerie.com\/en\/wp-json\/wp\/v2\/product_cat?post=132292"},{"taxonomy":"product_tag","embeddable":true,"href":"https:\/\/www.erboristerie.com\/en\/wp-json\/wp\/v2\/product_tag?post=132292"},{"taxonomy":"giftcard-category","embeddable":true,"href":"https:\/\/www.erboristerie.com\/en\/wp-json\/wp\/v2\/giftcard-category?post=132292"}],"curies":[{"name":"wp","href":"https:\/\/api.w.org\/{rel}","templated":true}]}}