{"id":131845,"date":"2025-09-13T20:59:06","date_gmt":"2025-09-13T18:59:06","guid":{"rendered":"https:\/\/www.erboristerie.com\/?post_type=product&#038;p=131845"},"modified":"2026-04-16T11:31:23","modified_gmt":"2026-04-16T09:31:23","slug":"te-bianco-colonia-fresca-100ml-unisex-fresca-avvolgente-agrumata-natures","status":"publish","type":"product","link":"https:\/\/www.erboristerie.com\/en\/prodotto\/te-bianco-colonia-fresca-100ml-unisex-fresca-avvolgente-agrumata-natures\/","title":{"rendered":"T\u00e8 Bianco Colonia fresca 100ml Unisex Fresca, avvolgente, agrumata Nature&#8217;s"},"content":{"rendered":"<p><strong>Colonia fresca 100 ml T\u00e8 Bianco &#8211; Nature&#8217;s<\/strong><\/p>\n<p><strong>Unisex<\/strong> Fresca, avvolgente, agrumata<\/p>\n<p>T\u00e8 Bianco sprigiona sensazioni di benessere e serenit\u00e0 grazie a un\u2019innovativa tecnologia olfattiva.<\/p>\n<p>Un soffio di Menta Spicata si sprigiona nell&#8217;aria esaltato dalla frizzante energia degli agrumi.<\/p>\n<p>Il cuore della fragranza svela la raffinatezza eterea del T\u00e8 Bianco avvolto dalle sofisticate sfumature di Assenzio, Geranio e Gelsomino Sambac.<\/p>\n<p>Sul fondo, il calore avvolgente del Legno di Cedro e le note profonde di Vetiver imprimono carattere e infondono una morbida persistenza.<\/p>\n<p>Questo profumo racchiude note olfattive che donano felicit\u00e0 e benessere.<\/p>\n<p><strong>PIRAMIDE OLFATTIVA<\/strong><br \/>\nTESTA: Bergamotto, Pompelmo, Menta Spicata<br \/>\nCUORE: T\u00e8 Bianco, Assenzio, Geranio, Gelsomino Sambac<br \/>\nFONDO: Legno di Cedro, Vetiver<\/p>\n<p><strong>Modo d&#8217;uso<\/strong><\/p>\n<p>Vaporizzare questa acqua profumata su corpo e capelli da una distanza di circa 20 cm, evitando il contatto con gli occhi. Non applicare su cute lesa o irritata.<\/p>\n<p>ingredienti di origine naturale<\/p>\n<p><strong>Le Garanzie di Nature&#8217;s<\/strong><\/p>\n<ul>\n<li>Prodotti con estratti vegetali e BIO nel rispetto della biodiversit\u00e0<\/li>\n<li>Formule vegan senza derivati animali<\/li>\n<li>Non contengono parabeni, paraffina, oli minerali, siliconi, ogm, sls, sles, dea, cessori di formaldeide<\/li>\n<li>Nickel e Dermatologicamente testati (Nickel &lt; 0,0001%)<\/li>\n<li>Da sempre Nature\u2019s \u00e8 a favore di un mondo che rispetta gli animali.<\/li>\n<\/ul>\n<p><strong>INCI<\/strong><\/p>\n<p>alcohol denat., parfum\/fragrance, aqua\/water, tetramethyl acetyloctahydronaphthalenes, limonene, citrus limon peel oil\/citrus medica limonum (lemon) peel oil, citrus aurantium peel oil, benzyl salicylate, hydroxycitronellal, hexyl cinnamal, pinene, citrus aurantium bergamia peel oil\/citrus aurantium bergamia (bergamot) peel oil, citronellol, geranyl acetate, linalyl acetate, linalool, alpha-isomethyl ionone, geraniol, mentha viridis leaf oil (spearmint leaf oil), carvone, citral, pelargonium graveolens flower oil\/pelargonium graveolens extract, rose ketones, terpineol, beta-caryophyllene, terpinolene, alpha-terpinene<\/p>\n","protected":false},"excerpt":{"rendered":"<p>Colonia fresca 100 ml T\u00e8 Bianco &#8211; Nature&#8217;s Unisex Fresca, avvolgente, agrumata T\u00e8 Bianco sprigiona sensazioni di benessere e serenit\u00e0 grazie a un\u2019innovativa tecnologia olfattiva. Un soffio di Menta Spicata si sprigiona nell&#8217;aria esaltato dalla frizzante energia degli agrumi. Il cuore della fragranza svela la&#8230;<\/p>\n","protected":false},"featured_media":131864,"template":"","meta":{"_acf_changed":false},"product_brand":[9650],"product_cat":[45042],"product_tag":[11423,12238,10985],"giftcard-category":[],"class_list":{"0":"post-131845","1":"product","2":"type-product","3":"status-publish","4":"has-post-thumbnail","6":"product_brand-nature-s","7":"product_cat-profumi","8":"product_tag-50ml","9":"product_tag-profumo","10":"product_tag-viso","11":"pa_formato-100-ml","12":"pa_linea-profumazione-te-bianco","13":"pa_marca-natures","14":"pa_tipologia-profumo","16":"first","17":"instock","18":"sale","19":"taxable","20":"shipping-taxable","21":"purchasable","22":"product-type-simple"},"acf":[],"yoast_head":"<!-- This site is optimized with the Yoast SEO plugin v24.9 - https:\/\/yoast.com\/wordpress\/plugins\/seo\/ -->\n<title>T\u00e8 Bianco Colonia fresca 100ml Unisex Fresca, avvolgente, agrumata Nature&#039;s - Erboristeria Demetra<\/title>\n<meta name=\"description\" content=\"Questo profumo racchiude note olfattive che donano felicit\u00e0 e benessere e dona una piacevole sensazione di freschezza. Nature&#039;s\" \/>\n<meta name=\"robots\" content=\"index, follow, max-snippet:-1, max-image-preview:large, max-video-preview:-1\" \/>\n<link rel=\"canonical\" href=\"https:\/\/www.erboristerie.com\/it\/prodotto\/te-bianco-colonia-fresca-100ml-unisex-fresca-avvolgente-agrumata-natures\/\" \/>\n<meta property=\"og:locale\" content=\"en_US\" \/>\n<meta property=\"og:type\" content=\"article\" \/>\n<meta property=\"og:title\" content=\"T\u00e8 Bianco Colonia fresca 100ml Unisex Fresca, avvolgente, agrumata Nature&#039;s - Erboristeria Demetra\" \/>\n<meta property=\"og:description\" content=\"Questo profumo racchiude note olfattive che donano felicit\u00e0 e benessere e dona una piacevole sensazione di freschezza. Nature&#039;s\" \/>\n<meta property=\"og:url\" content=\"https:\/\/www.erboristerie.com\/it\/prodotto\/te-bianco-colonia-fresca-100ml-unisex-fresca-avvolgente-agrumata-natures\/\" \/>\n<meta property=\"og:site_name\" content=\"Erboristeria Demetra\" \/>\n<meta property=\"article:publisher\" content=\"https:\/\/www.facebook.com\/erboristeria.demetra.online\" \/>\n<meta property=\"article:modified_time\" content=\"2026-04-16T09:31:23+00:00\" \/>\n<meta property=\"og:image\" content=\"https:\/\/www.erboristerie.com\/wp-content\/uploads\/2025\/09\/00011685-te-bianco-colonia-fresca-100-ml-natures-erboristerie-com.jpg\" \/>\n\t<meta property=\"og:image:width\" content=\"1000\" \/>\n\t<meta property=\"og:image:height\" content=\"1000\" \/>\n\t<meta property=\"og:image:type\" content=\"image\/jpeg\" \/>\n<meta name=\"twitter:card\" content=\"summary_large_image\" \/>\n<meta name=\"twitter:label1\" content=\"Est. reading time\" \/>\n\t<meta name=\"twitter:data1\" content=\"2 minutes\" \/>\n<script type=\"application\/ld+json\" class=\"yoast-schema-graph\">{\"@context\":\"https:\/\/schema.org\",\"@graph\":[{\"@type\":\"WebPage\",\"@id\":\"https:\/\/www.erboristerie.com\/it\/prodotto\/te-bianco-colonia-fresca-100ml-unisex-fresca-avvolgente-agrumata-natures\/\",\"url\":\"https:\/\/www.erboristerie.com\/it\/prodotto\/te-bianco-colonia-fresca-100ml-unisex-fresca-avvolgente-agrumata-natures\/\",\"name\":\"T\u00e8 Bianco Colonia fresca 100ml Unisex Fresca, avvolgente, agrumata Nature's - Erboristeria Demetra\",\"isPartOf\":{\"@id\":\"https:\/\/www.erboristerie.com\/it\/#website\"},\"primaryImageOfPage\":{\"@id\":\"https:\/\/www.erboristerie.com\/it\/prodotto\/te-bianco-colonia-fresca-100ml-unisex-fresca-avvolgente-agrumata-natures\/#primaryimage\"},\"image\":{\"@id\":\"https:\/\/www.erboristerie.com\/it\/prodotto\/te-bianco-colonia-fresca-100ml-unisex-fresca-avvolgente-agrumata-natures\/#primaryimage\"},\"thumbnailUrl\":\"https:\/\/www.erboristerie.com\/wp-content\/uploads\/2025\/09\/00011685-te-bianco-colonia-fresca-100-ml-natures-erboristerie-com.jpg\",\"datePublished\":\"2025-09-13T18:59:06+00:00\",\"dateModified\":\"2026-04-16T09:31:23+00:00\",\"description\":\"Questo profumo racchiude note olfattive che donano felicit\u00e0 e benessere e dona una piacevole sensazione di freschezza. Nature's\",\"breadcrumb\":{\"@id\":\"https:\/\/www.erboristerie.com\/it\/prodotto\/te-bianco-colonia-fresca-100ml-unisex-fresca-avvolgente-agrumata-natures\/#breadcrumb\"},\"inLanguage\":\"en-US\",\"potentialAction\":[{\"@type\":\"ReadAction\",\"target\":[\"https:\/\/www.erboristerie.com\/it\/prodotto\/te-bianco-colonia-fresca-100ml-unisex-fresca-avvolgente-agrumata-natures\/\"]}]},{\"@type\":\"ImageObject\",\"inLanguage\":\"en-US\",\"@id\":\"https:\/\/www.erboristerie.com\/it\/prodotto\/te-bianco-colonia-fresca-100ml-unisex-fresca-avvolgente-agrumata-natures\/#primaryimage\",\"url\":\"https:\/\/www.erboristerie.com\/wp-content\/uploads\/2025\/09\/00011685-te-bianco-colonia-fresca-100-ml-natures-erboristerie-com.jpg\",\"contentUrl\":\"https:\/\/www.erboristerie.com\/wp-content\/uploads\/2025\/09\/00011685-te-bianco-colonia-fresca-100-ml-natures-erboristerie-com.jpg\",\"width\":1000,\"height\":1000},{\"@type\":\"BreadcrumbList\",\"@id\":\"https:\/\/www.erboristerie.com\/it\/prodotto\/te-bianco-colonia-fresca-100ml-unisex-fresca-avvolgente-agrumata-natures\/#breadcrumb\",\"itemListElement\":[{\"@type\":\"ListItem\",\"position\":1,\"name\":\"Home\",\"item\":\"https:\/\/www.erboristerie.com\/en\/\"},{\"@type\":\"ListItem\",\"position\":2,\"name\":\"All products\",\"item\":\"https:\/\/www.erboristerie.com\/en\/all-products\/\"},{\"@type\":\"ListItem\",\"position\":3,\"name\":\"T\u00e8 Bianco Colonia fresca 100ml Unisex Fresca, avvolgente, agrumata Nature&#8217;s\"}]},{\"@type\":\"WebSite\",\"@id\":\"https:\/\/www.erboristerie.com\/it\/#website\",\"url\":\"https:\/\/www.erboristerie.com\/it\/\",\"name\":\"Erboristeria Demetra\",\"description\":\"Your natural health\",\"publisher\":{\"@id\":\"https:\/\/www.erboristerie.com\/it\/#organization\"},\"potentialAction\":[{\"@type\":\"SearchAction\",\"target\":{\"@type\":\"EntryPoint\",\"urlTemplate\":\"https:\/\/www.erboristerie.com\/it\/?s={search_term_string}\"},\"query-input\":{\"@type\":\"PropertyValueSpecification\",\"valueRequired\":true,\"valueName\":\"search_term_string\"}}],\"inLanguage\":\"en-US\"},{\"@type\":\"Organization\",\"@id\":\"https:\/\/www.erboristerie.com\/it\/#organization\",\"name\":\"Erboristeria Demetra\",\"url\":\"https:\/\/www.erboristerie.com\/it\/\",\"logo\":{\"@type\":\"ImageObject\",\"inLanguage\":\"en-US\",\"@id\":\"https:\/\/www.erboristerie.com\/it\/#\/schema\/logo\/image\/\",\"url\":\"https:\/\/www.erboristerie.com\/wp-content\/uploads\/2019\/11\/LOGO_ERBORISTERIA_DEMETRA_original.png?v=1611516981\",\"contentUrl\":\"https:\/\/www.erboristerie.com\/wp-content\/uploads\/2019\/11\/LOGO_ERBORISTERIA_DEMETRA_original.png?v=1611516981\",\"width\":201,\"height\":54,\"caption\":\"Erboristeria Demetra\"},\"image\":{\"@id\":\"https:\/\/www.erboristerie.com\/it\/#\/schema\/logo\/image\/\"},\"sameAs\":[\"https:\/\/www.facebook.com\/erboristeria.demetra.online\"]}]}<\/script>\n<!-- \/ Yoast SEO plugin. -->","yoast_head_json":{"title":"T\u00e8 Bianco Colonia fresca 100ml Unisex Fresca, avvolgente, agrumata Nature's - Erboristeria Demetra","description":"Questo profumo racchiude note olfattive che donano felicit\u00e0 e benessere e dona una piacevole sensazione di freschezza. Nature's","robots":{"index":"index","follow":"follow","max-snippet":"max-snippet:-1","max-image-preview":"max-image-preview:large","max-video-preview":"max-video-preview:-1"},"canonical":"https:\/\/www.erboristerie.com\/it\/prodotto\/te-bianco-colonia-fresca-100ml-unisex-fresca-avvolgente-agrumata-natures\/","og_locale":"en_US","og_type":"article","og_title":"T\u00e8 Bianco Colonia fresca 100ml Unisex Fresca, avvolgente, agrumata Nature's - Erboristeria Demetra","og_description":"Questo profumo racchiude note olfattive che donano felicit\u00e0 e benessere e dona una piacevole sensazione di freschezza. Nature's","og_url":"https:\/\/www.erboristerie.com\/it\/prodotto\/te-bianco-colonia-fresca-100ml-unisex-fresca-avvolgente-agrumata-natures\/","og_site_name":"Erboristeria Demetra","article_publisher":"https:\/\/www.facebook.com\/erboristeria.demetra.online","article_modified_time":"2026-04-16T09:31:23+00:00","og_image":[{"width":1000,"height":1000,"url":"https:\/\/www.erboristerie.com\/wp-content\/uploads\/2025\/09\/00011685-te-bianco-colonia-fresca-100-ml-natures-erboristerie-com.jpg","type":"image\/jpeg"}],"twitter_card":"summary_large_image","twitter_misc":{"Est. reading time":"2 minutes"},"schema":{"@context":"https:\/\/schema.org","@graph":[{"@type":"WebPage","@id":"https:\/\/www.erboristerie.com\/it\/prodotto\/te-bianco-colonia-fresca-100ml-unisex-fresca-avvolgente-agrumata-natures\/","url":"https:\/\/www.erboristerie.com\/it\/prodotto\/te-bianco-colonia-fresca-100ml-unisex-fresca-avvolgente-agrumata-natures\/","name":"T\u00e8 Bianco Colonia fresca 100ml Unisex Fresca, avvolgente, agrumata Nature's - Erboristeria Demetra","isPartOf":{"@id":"https:\/\/www.erboristerie.com\/it\/#website"},"primaryImageOfPage":{"@id":"https:\/\/www.erboristerie.com\/it\/prodotto\/te-bianco-colonia-fresca-100ml-unisex-fresca-avvolgente-agrumata-natures\/#primaryimage"},"image":{"@id":"https:\/\/www.erboristerie.com\/it\/prodotto\/te-bianco-colonia-fresca-100ml-unisex-fresca-avvolgente-agrumata-natures\/#primaryimage"},"thumbnailUrl":"https:\/\/www.erboristerie.com\/wp-content\/uploads\/2025\/09\/00011685-te-bianco-colonia-fresca-100-ml-natures-erboristerie-com.jpg","datePublished":"2025-09-13T18:59:06+00:00","dateModified":"2026-04-16T09:31:23+00:00","description":"Questo profumo racchiude note olfattive che donano felicit\u00e0 e benessere e dona una piacevole sensazione di freschezza. Nature's","breadcrumb":{"@id":"https:\/\/www.erboristerie.com\/it\/prodotto\/te-bianco-colonia-fresca-100ml-unisex-fresca-avvolgente-agrumata-natures\/#breadcrumb"},"inLanguage":"en-US","potentialAction":[{"@type":"ReadAction","target":["https:\/\/www.erboristerie.com\/it\/prodotto\/te-bianco-colonia-fresca-100ml-unisex-fresca-avvolgente-agrumata-natures\/"]}]},{"@type":"ImageObject","inLanguage":"en-US","@id":"https:\/\/www.erboristerie.com\/it\/prodotto\/te-bianco-colonia-fresca-100ml-unisex-fresca-avvolgente-agrumata-natures\/#primaryimage","url":"https:\/\/www.erboristerie.com\/wp-content\/uploads\/2025\/09\/00011685-te-bianco-colonia-fresca-100-ml-natures-erboristerie-com.jpg","contentUrl":"https:\/\/www.erboristerie.com\/wp-content\/uploads\/2025\/09\/00011685-te-bianco-colonia-fresca-100-ml-natures-erboristerie-com.jpg","width":1000,"height":1000},{"@type":"BreadcrumbList","@id":"https:\/\/www.erboristerie.com\/it\/prodotto\/te-bianco-colonia-fresca-100ml-unisex-fresca-avvolgente-agrumata-natures\/#breadcrumb","itemListElement":[{"@type":"ListItem","position":1,"name":"Home","item":"https:\/\/www.erboristerie.com\/en\/"},{"@type":"ListItem","position":2,"name":"All products","item":"https:\/\/www.erboristerie.com\/en\/all-products\/"},{"@type":"ListItem","position":3,"name":"T\u00e8 Bianco Colonia fresca 100ml Unisex Fresca, avvolgente, agrumata Nature&#8217;s"}]},{"@type":"WebSite","@id":"https:\/\/www.erboristerie.com\/it\/#website","url":"https:\/\/www.erboristerie.com\/it\/","name":"Erboristeria Demetra","description":"Your natural health","publisher":{"@id":"https:\/\/www.erboristerie.com\/it\/#organization"},"potentialAction":[{"@type":"SearchAction","target":{"@type":"EntryPoint","urlTemplate":"https:\/\/www.erboristerie.com\/it\/?s={search_term_string}"},"query-input":{"@type":"PropertyValueSpecification","valueRequired":true,"valueName":"search_term_string"}}],"inLanguage":"en-US"},{"@type":"Organization","@id":"https:\/\/www.erboristerie.com\/it\/#organization","name":"Erboristeria Demetra","url":"https:\/\/www.erboristerie.com\/it\/","logo":{"@type":"ImageObject","inLanguage":"en-US","@id":"https:\/\/www.erboristerie.com\/it\/#\/schema\/logo\/image\/","url":"https:\/\/www.erboristerie.com\/wp-content\/uploads\/2019\/11\/LOGO_ERBORISTERIA_DEMETRA_original.png?v=1611516981","contentUrl":"https:\/\/www.erboristerie.com\/wp-content\/uploads\/2019\/11\/LOGO_ERBORISTERIA_DEMETRA_original.png?v=1611516981","width":201,"height":54,"caption":"Erboristeria Demetra"},"image":{"@id":"https:\/\/www.erboristerie.com\/it\/#\/schema\/logo\/image\/"},"sameAs":["https:\/\/www.facebook.com\/erboristeria.demetra.online"]}]}},"_links":{"self":[{"href":"https:\/\/www.erboristerie.com\/en\/wp-json\/wp\/v2\/product\/131845","targetHints":{"allow":["GET"]}}],"collection":[{"href":"https:\/\/www.erboristerie.com\/en\/wp-json\/wp\/v2\/product"}],"about":[{"href":"https:\/\/www.erboristerie.com\/en\/wp-json\/wp\/v2\/types\/product"}],"wp:featuredmedia":[{"embeddable":true,"href":"https:\/\/www.erboristerie.com\/en\/wp-json\/wp\/v2\/media\/131864"}],"wp:attachment":[{"href":"https:\/\/www.erboristerie.com\/en\/wp-json\/wp\/v2\/media?parent=131845"}],"wp:term":[{"taxonomy":"product_brand","embeddable":true,"href":"https:\/\/www.erboristerie.com\/en\/wp-json\/wp\/v2\/product_brand?post=131845"},{"taxonomy":"product_cat","embeddable":true,"href":"https:\/\/www.erboristerie.com\/en\/wp-json\/wp\/v2\/product_cat?post=131845"},{"taxonomy":"product_tag","embeddable":true,"href":"https:\/\/www.erboristerie.com\/en\/wp-json\/wp\/v2\/product_tag?post=131845"},{"taxonomy":"giftcard-category","embeddable":true,"href":"https:\/\/www.erboristerie.com\/en\/wp-json\/wp\/v2\/giftcard-category?post=131845"}],"curies":[{"name":"wp","href":"https:\/\/api.w.org\/{rel}","templated":true}]}}