{"id":131531,"date":"2025-09-27T12:51:58","date_gmt":"2025-09-27T10:51:58","guid":{"rendered":"https:\/\/www.erboristerie.com\/?post_type=product&#038;p=131531"},"modified":"2025-10-20T18:41:56","modified_gmt":"2025-10-20T16:41:56","slug":"gin-botanicals-spray-corpo-setificante-100ml-fragranza-unisex-lerbolario","status":"publish","type":"product","link":"https:\/\/www.erboristerie.com\/en\/prodotto\/gin-botanicals-spray-corpo-setificante-100ml-fragranza-unisex-lerbolario\/","title":{"rendered":"Gin Botanicals Spray Corpo Setificante 100ml Fragranza Unisex L&#8217;Erbolario"},"content":{"rendered":"<p><strong>Gin Botanicals Spray Corpo Setificante 100ml &#8211; L&#8217;Erbolario<\/strong><\/p>\n<p><strong>Fragranza Unisex<\/strong> &#8211; agrumata, aromatica<\/p>\n<p>Questo spray corpo leggero ad effetto setificante \u00e8 pensato per prevenire la disidratazione e profumare la pelle con una veloce applicazione, anche pi\u00f9 volte al giorno.<\/p>\n<p>Delicato sulla pelle grazie alle propriet\u00e0 emollienti e tonificanti degli estratti di scorza di Arancia dolce, Ginepro e Zenzero, regala una profumazione fresca e aromatica.<\/p>\n<p>Senza siliconi, parabeni e petrolati<br \/>\n95% ingredienti di origine naturale<br \/>\nLa restante percentuale di ingredienti garantisce stabilit\u00e0 e gradevolezza del prodotto.<\/p>\n<p><strong>Note di:<\/strong> Mandarino Verde, Scorza d\u2019Arancia dolce, Zenzero, Ginepro, Elemi e Muschio<\/p>\n<p><strong>Cosigli d&#8217;uso<\/strong><\/p>\n<p>Nebulizzare sulla pelle del corpo e massaggiare leggermente per far assorbire lo spray. Ideale anche prima dell\u2019applicazione della crema corpo per una maggiore idratazione.<\/p>\n<p><strong>Sostanze funzionali<\/strong><\/p>\n<p>Estratti oleosi di scorza d\u2019Arancia dolce, Ginepro nero e Zenzero, estratto di chicchi d\u2019Orzo fermentati recuperati e rivalorizzati dalla produzione del Gin, olio di Girasole biologico, olio di Mandorla, Vitamina E dai semi della Soia.<\/p>\n<p><strong>Ingredienti\/INCI<\/strong><\/p>\n<p>alcohol denat., coco-caprylate, parfum (fragrance), aqua (water), tridecane, undecane, helianthus annuus (sunflower) seed oil, prunus amygdalus dulcis (sweet almond) oil, brassica campestris (rapeseed) seed oil, saccharomyces\/barley seed ferment filtrate, tocopherol, zingiber officinale (ginger) rhizome extract, rosmarinus officinalis (rosemary) leaf extract, juniperus communis fruit extract, citrus aurantium dulcis (orange) peel extract, glycerin, citral, citrus aurantium peel oil, citrus limon peel oil, coumarin, eugenol, geraniol, geranyl acetate, limonene, linalool, linalyl acetate, pinene, terpineol, terpinolene, tetramethyl acetyloctahydronaphthalenes<\/p>\n<p><strong>Cosa sapere in pi\u00f9<\/strong><\/p>\n<p>100% Made in Italy<br \/>\nDermatologicamente Testato<br \/>\nLAV \u2013 Dalla parte degli animali<br \/>\nSenza ingredienti di derivazione animale<br \/>\nOGM free<\/p>\n<p>8 Metalli testati<br \/>\nMonitoraggio del contenuto di 8 metalli* per minimizzare i rischi d\u2019allergia e salvaguardare cos\u00ec anche le pelli pi\u00f9 sensibili.<br \/>\n*Nichel, Piombo, Arsenico, Cadmio, Mercurio, Antimonio, Cromo e Cobalto.)<\/p>\n","protected":false},"excerpt":{"rendered":"<p>Gin Botanicals Spray Corpo Setificante 100ml &#8211; L&#8217;Erbolario Fragranza Unisex &#8211; agrumata, aromatica Questo spray corpo leggero ad effetto setificante \u00e8 pensato per prevenire la disidratazione e profumare la pelle con una veloce applicazione, anche pi\u00f9 volte al giorno. Delicato sulla pelle grazie alle propriet\u00e0&#8230;<\/p>\n","protected":false},"featured_media":131389,"template":"","meta":{"_acf_changed":false},"product_brand":[9603],"product_cat":[45041],"product_tag":[],"giftcard-category":[],"class_list":{"0":"post-131531","1":"product","2":"type-product","3":"status-publish","4":"has-post-thumbnail","6":"product_brand-erbolario","7":"product_cat-corpo","8":"pa_formato-100-ml","9":"pa_linea-profumazione-gin-botanicals","10":"pa_marca-lerbolario","11":"pa_tipologia-spray","13":"first","14":"instock","15":"sale","16":"taxable","17":"shipping-taxable","18":"purchasable","19":"product-type-simple"},"acf":[],"yoast_head":"<!-- This site is optimized with the Yoast SEO plugin v24.9 - https:\/\/yoast.com\/wordpress\/plugins\/seo\/ -->\n<title>Gin Botanicals Spray Corpo Setificante 100ml Fragranza Unisex L&#039;Erbolario - Erboristeria Demetra<\/title>\n<meta name=\"description\" content=\"Questo spray corpo \u00e8 pensato per prevenire la disidratazione e profumare la pelle con una veloce applicazione, anche pi\u00f9 volte al giorno.\" \/>\n<meta name=\"robots\" content=\"index, follow, max-snippet:-1, max-image-preview:large, max-video-preview:-1\" \/>\n<link rel=\"canonical\" href=\"https:\/\/www.erboristerie.com\/it\/prodotto\/gin-botanicals-spray-corpo-setificante-100ml-fragranza-unisex-lerbolario\/\" \/>\n<meta property=\"og:locale\" content=\"en_US\" \/>\n<meta property=\"og:type\" content=\"article\" \/>\n<meta property=\"og:title\" content=\"Gin Botanicals Spray Corpo Setificante 100ml Fragranza Unisex L&#039;Erbolario - Erboristeria Demetra\" \/>\n<meta property=\"og:description\" content=\"Questo spray corpo \u00e8 pensato per prevenire la disidratazione e profumare la pelle con una veloce applicazione, anche pi\u00f9 volte al giorno.\" \/>\n<meta property=\"og:url\" content=\"https:\/\/www.erboristerie.com\/it\/prodotto\/gin-botanicals-spray-corpo-setificante-100ml-fragranza-unisex-lerbolario\/\" \/>\n<meta property=\"og:site_name\" content=\"Erboristeria Demetra\" \/>\n<meta property=\"article:publisher\" content=\"https:\/\/www.facebook.com\/erboristeria.demetra.online\" \/>\n<meta property=\"article:modified_time\" content=\"2025-10-20T16:41:56+00:00\" \/>\n<meta property=\"og:image\" content=\"https:\/\/www.erboristerie.com\/wp-content\/uploads\/2025\/09\/00011762-gin-botanicals-spray-corpo-setificante-erbolario-erboristerie-com.jpg\" \/>\n\t<meta property=\"og:image:width\" content=\"900\" \/>\n\t<meta property=\"og:image:height\" content=\"900\" \/>\n\t<meta property=\"og:image:type\" content=\"image\/jpeg\" \/>\n<meta name=\"twitter:card\" content=\"summary_large_image\" \/>\n<meta name=\"twitter:label1\" content=\"Est. reading time\" \/>\n\t<meta name=\"twitter:data1\" content=\"2 minutes\" \/>\n<script type=\"application\/ld+json\" class=\"yoast-schema-graph\">{\"@context\":\"https:\/\/schema.org\",\"@graph\":[{\"@type\":\"WebPage\",\"@id\":\"https:\/\/www.erboristerie.com\/it\/prodotto\/gin-botanicals-spray-corpo-setificante-100ml-fragranza-unisex-lerbolario\/\",\"url\":\"https:\/\/www.erboristerie.com\/it\/prodotto\/gin-botanicals-spray-corpo-setificante-100ml-fragranza-unisex-lerbolario\/\",\"name\":\"Gin Botanicals Spray Corpo Setificante 100ml Fragranza Unisex L'Erbolario - Erboristeria Demetra\",\"isPartOf\":{\"@id\":\"https:\/\/www.erboristerie.com\/it\/#website\"},\"primaryImageOfPage\":{\"@id\":\"https:\/\/www.erboristerie.com\/it\/prodotto\/gin-botanicals-spray-corpo-setificante-100ml-fragranza-unisex-lerbolario\/#primaryimage\"},\"image\":{\"@id\":\"https:\/\/www.erboristerie.com\/it\/prodotto\/gin-botanicals-spray-corpo-setificante-100ml-fragranza-unisex-lerbolario\/#primaryimage\"},\"thumbnailUrl\":\"https:\/\/www.erboristerie.com\/wp-content\/uploads\/2025\/09\/00011762-gin-botanicals-spray-corpo-setificante-erbolario-erboristerie-com.jpg\",\"datePublished\":\"2025-09-27T10:51:58+00:00\",\"dateModified\":\"2025-10-20T16:41:56+00:00\",\"description\":\"Questo spray corpo \u00e8 pensato per prevenire la disidratazione e profumare la pelle con una veloce applicazione, anche pi\u00f9 volte al giorno.\",\"breadcrumb\":{\"@id\":\"https:\/\/www.erboristerie.com\/it\/prodotto\/gin-botanicals-spray-corpo-setificante-100ml-fragranza-unisex-lerbolario\/#breadcrumb\"},\"inLanguage\":\"en-US\",\"potentialAction\":[{\"@type\":\"ReadAction\",\"target\":[\"https:\/\/www.erboristerie.com\/it\/prodotto\/gin-botanicals-spray-corpo-setificante-100ml-fragranza-unisex-lerbolario\/\"]}]},{\"@type\":\"ImageObject\",\"inLanguage\":\"en-US\",\"@id\":\"https:\/\/www.erboristerie.com\/it\/prodotto\/gin-botanicals-spray-corpo-setificante-100ml-fragranza-unisex-lerbolario\/#primaryimage\",\"url\":\"https:\/\/www.erboristerie.com\/wp-content\/uploads\/2025\/09\/00011762-gin-botanicals-spray-corpo-setificante-erbolario-erboristerie-com.jpg\",\"contentUrl\":\"https:\/\/www.erboristerie.com\/wp-content\/uploads\/2025\/09\/00011762-gin-botanicals-spray-corpo-setificante-erbolario-erboristerie-com.jpg\",\"width\":900,\"height\":900},{\"@type\":\"BreadcrumbList\",\"@id\":\"https:\/\/www.erboristerie.com\/it\/prodotto\/gin-botanicals-spray-corpo-setificante-100ml-fragranza-unisex-lerbolario\/#breadcrumb\",\"itemListElement\":[{\"@type\":\"ListItem\",\"position\":1,\"name\":\"Home\",\"item\":\"https:\/\/www.erboristerie.com\/en\/\"},{\"@type\":\"ListItem\",\"position\":2,\"name\":\"All products\",\"item\":\"https:\/\/www.erboristerie.com\/en\/all-products\/\"},{\"@type\":\"ListItem\",\"position\":3,\"name\":\"Gin Botanicals Spray Corpo Setificante 100ml Fragranza Unisex L&#8217;Erbolario\"}]},{\"@type\":\"WebSite\",\"@id\":\"https:\/\/www.erboristerie.com\/it\/#website\",\"url\":\"https:\/\/www.erboristerie.com\/it\/\",\"name\":\"Erboristeria Demetra\",\"description\":\"Your natural health\",\"publisher\":{\"@id\":\"https:\/\/www.erboristerie.com\/it\/#organization\"},\"potentialAction\":[{\"@type\":\"SearchAction\",\"target\":{\"@type\":\"EntryPoint\",\"urlTemplate\":\"https:\/\/www.erboristerie.com\/it\/?s={search_term_string}\"},\"query-input\":{\"@type\":\"PropertyValueSpecification\",\"valueRequired\":true,\"valueName\":\"search_term_string\"}}],\"inLanguage\":\"en-US\"},{\"@type\":\"Organization\",\"@id\":\"https:\/\/www.erboristerie.com\/it\/#organization\",\"name\":\"Erboristeria Demetra\",\"url\":\"https:\/\/www.erboristerie.com\/it\/\",\"logo\":{\"@type\":\"ImageObject\",\"inLanguage\":\"en-US\",\"@id\":\"https:\/\/www.erboristerie.com\/it\/#\/schema\/logo\/image\/\",\"url\":\"https:\/\/www.erboristerie.com\/wp-content\/uploads\/2019\/11\/LOGO_ERBORISTERIA_DEMETRA_original.png?v=1611516981\",\"contentUrl\":\"https:\/\/www.erboristerie.com\/wp-content\/uploads\/2019\/11\/LOGO_ERBORISTERIA_DEMETRA_original.png?v=1611516981\",\"width\":201,\"height\":54,\"caption\":\"Erboristeria Demetra\"},\"image\":{\"@id\":\"https:\/\/www.erboristerie.com\/it\/#\/schema\/logo\/image\/\"},\"sameAs\":[\"https:\/\/www.facebook.com\/erboristeria.demetra.online\"]}]}<\/script>\n<!-- \/ Yoast SEO plugin. -->","yoast_head_json":{"title":"Gin Botanicals Spray Corpo Setificante 100ml Fragranza Unisex L'Erbolario - Erboristeria Demetra","description":"Questo spray corpo \u00e8 pensato per prevenire la disidratazione e profumare la pelle con una veloce applicazione, anche pi\u00f9 volte al giorno.","robots":{"index":"index","follow":"follow","max-snippet":"max-snippet:-1","max-image-preview":"max-image-preview:large","max-video-preview":"max-video-preview:-1"},"canonical":"https:\/\/www.erboristerie.com\/it\/prodotto\/gin-botanicals-spray-corpo-setificante-100ml-fragranza-unisex-lerbolario\/","og_locale":"en_US","og_type":"article","og_title":"Gin Botanicals Spray Corpo Setificante 100ml Fragranza Unisex L'Erbolario - Erboristeria Demetra","og_description":"Questo spray corpo \u00e8 pensato per prevenire la disidratazione e profumare la pelle con una veloce applicazione, anche pi\u00f9 volte al giorno.","og_url":"https:\/\/www.erboristerie.com\/it\/prodotto\/gin-botanicals-spray-corpo-setificante-100ml-fragranza-unisex-lerbolario\/","og_site_name":"Erboristeria Demetra","article_publisher":"https:\/\/www.facebook.com\/erboristeria.demetra.online","article_modified_time":"2025-10-20T16:41:56+00:00","og_image":[{"width":900,"height":900,"url":"https:\/\/www.erboristerie.com\/wp-content\/uploads\/2025\/09\/00011762-gin-botanicals-spray-corpo-setificante-erbolario-erboristerie-com.jpg","type":"image\/jpeg"}],"twitter_card":"summary_large_image","twitter_misc":{"Est. reading time":"2 minutes"},"schema":{"@context":"https:\/\/schema.org","@graph":[{"@type":"WebPage","@id":"https:\/\/www.erboristerie.com\/it\/prodotto\/gin-botanicals-spray-corpo-setificante-100ml-fragranza-unisex-lerbolario\/","url":"https:\/\/www.erboristerie.com\/it\/prodotto\/gin-botanicals-spray-corpo-setificante-100ml-fragranza-unisex-lerbolario\/","name":"Gin Botanicals Spray Corpo Setificante 100ml Fragranza Unisex L'Erbolario - Erboristeria Demetra","isPartOf":{"@id":"https:\/\/www.erboristerie.com\/it\/#website"},"primaryImageOfPage":{"@id":"https:\/\/www.erboristerie.com\/it\/prodotto\/gin-botanicals-spray-corpo-setificante-100ml-fragranza-unisex-lerbolario\/#primaryimage"},"image":{"@id":"https:\/\/www.erboristerie.com\/it\/prodotto\/gin-botanicals-spray-corpo-setificante-100ml-fragranza-unisex-lerbolario\/#primaryimage"},"thumbnailUrl":"https:\/\/www.erboristerie.com\/wp-content\/uploads\/2025\/09\/00011762-gin-botanicals-spray-corpo-setificante-erbolario-erboristerie-com.jpg","datePublished":"2025-09-27T10:51:58+00:00","dateModified":"2025-10-20T16:41:56+00:00","description":"Questo spray corpo \u00e8 pensato per prevenire la disidratazione e profumare la pelle con una veloce applicazione, anche pi\u00f9 volte al giorno.","breadcrumb":{"@id":"https:\/\/www.erboristerie.com\/it\/prodotto\/gin-botanicals-spray-corpo-setificante-100ml-fragranza-unisex-lerbolario\/#breadcrumb"},"inLanguage":"en-US","potentialAction":[{"@type":"ReadAction","target":["https:\/\/www.erboristerie.com\/it\/prodotto\/gin-botanicals-spray-corpo-setificante-100ml-fragranza-unisex-lerbolario\/"]}]},{"@type":"ImageObject","inLanguage":"en-US","@id":"https:\/\/www.erboristerie.com\/it\/prodotto\/gin-botanicals-spray-corpo-setificante-100ml-fragranza-unisex-lerbolario\/#primaryimage","url":"https:\/\/www.erboristerie.com\/wp-content\/uploads\/2025\/09\/00011762-gin-botanicals-spray-corpo-setificante-erbolario-erboristerie-com.jpg","contentUrl":"https:\/\/www.erboristerie.com\/wp-content\/uploads\/2025\/09\/00011762-gin-botanicals-spray-corpo-setificante-erbolario-erboristerie-com.jpg","width":900,"height":900},{"@type":"BreadcrumbList","@id":"https:\/\/www.erboristerie.com\/it\/prodotto\/gin-botanicals-spray-corpo-setificante-100ml-fragranza-unisex-lerbolario\/#breadcrumb","itemListElement":[{"@type":"ListItem","position":1,"name":"Home","item":"https:\/\/www.erboristerie.com\/en\/"},{"@type":"ListItem","position":2,"name":"All products","item":"https:\/\/www.erboristerie.com\/en\/all-products\/"},{"@type":"ListItem","position":3,"name":"Gin Botanicals Spray Corpo Setificante 100ml Fragranza Unisex L&#8217;Erbolario"}]},{"@type":"WebSite","@id":"https:\/\/www.erboristerie.com\/it\/#website","url":"https:\/\/www.erboristerie.com\/it\/","name":"Erboristeria Demetra","description":"Your natural health","publisher":{"@id":"https:\/\/www.erboristerie.com\/it\/#organization"},"potentialAction":[{"@type":"SearchAction","target":{"@type":"EntryPoint","urlTemplate":"https:\/\/www.erboristerie.com\/it\/?s={search_term_string}"},"query-input":{"@type":"PropertyValueSpecification","valueRequired":true,"valueName":"search_term_string"}}],"inLanguage":"en-US"},{"@type":"Organization","@id":"https:\/\/www.erboristerie.com\/it\/#organization","name":"Erboristeria Demetra","url":"https:\/\/www.erboristerie.com\/it\/","logo":{"@type":"ImageObject","inLanguage":"en-US","@id":"https:\/\/www.erboristerie.com\/it\/#\/schema\/logo\/image\/","url":"https:\/\/www.erboristerie.com\/wp-content\/uploads\/2019\/11\/LOGO_ERBORISTERIA_DEMETRA_original.png?v=1611516981","contentUrl":"https:\/\/www.erboristerie.com\/wp-content\/uploads\/2019\/11\/LOGO_ERBORISTERIA_DEMETRA_original.png?v=1611516981","width":201,"height":54,"caption":"Erboristeria Demetra"},"image":{"@id":"https:\/\/www.erboristerie.com\/it\/#\/schema\/logo\/image\/"},"sameAs":["https:\/\/www.facebook.com\/erboristeria.demetra.online"]}]}},"_links":{"self":[{"href":"https:\/\/www.erboristerie.com\/en\/wp-json\/wp\/v2\/product\/131531","targetHints":{"allow":["GET"]}}],"collection":[{"href":"https:\/\/www.erboristerie.com\/en\/wp-json\/wp\/v2\/product"}],"about":[{"href":"https:\/\/www.erboristerie.com\/en\/wp-json\/wp\/v2\/types\/product"}],"wp:featuredmedia":[{"embeddable":true,"href":"https:\/\/www.erboristerie.com\/en\/wp-json\/wp\/v2\/media\/131389"}],"wp:attachment":[{"href":"https:\/\/www.erboristerie.com\/en\/wp-json\/wp\/v2\/media?parent=131531"}],"wp:term":[{"taxonomy":"product_brand","embeddable":true,"href":"https:\/\/www.erboristerie.com\/en\/wp-json\/wp\/v2\/product_brand?post=131531"},{"taxonomy":"product_cat","embeddable":true,"href":"https:\/\/www.erboristerie.com\/en\/wp-json\/wp\/v2\/product_cat?post=131531"},{"taxonomy":"product_tag","embeddable":true,"href":"https:\/\/www.erboristerie.com\/en\/wp-json\/wp\/v2\/product_tag?post=131531"},{"taxonomy":"giftcard-category","embeddable":true,"href":"https:\/\/www.erboristerie.com\/en\/wp-json\/wp\/v2\/giftcard-category?post=131531"}],"curies":[{"name":"wp","href":"https:\/\/api.w.org\/{rel}","templated":true}]}}