{"id":131518,"date":"2025-09-26T18:50:52","date_gmt":"2025-09-26T16:50:52","guid":{"rendered":"https:\/\/www.erboristerie.com\/?post_type=product&#038;p=131518"},"modified":"2025-09-26T19:02:09","modified_gmt":"2025-09-26T17:02:09","slug":"yerba-mate-rosamonte-selecion-especial-500grammi-industria-argentina","status":"publish","type":"product","link":"https:\/\/www.erboristerie.com\/en\/prodotto\/yerba-mate-rosamonte-selecion-especial-500grammi-industria-argentina\/","title":{"rendered":"Yerba Mate Rosamonte Selecion especial 500grammi Industria Argentina"},"content":{"rendered":"<p><strong>Yerba Mate Rosamonte Selecion Especial con Palo 500 grammi \u2013 Autentica Tradizione Argentina<\/strong><\/p>\n<p>Scopri la vera essenza della cultura sudamericana con la <strong>Yerba Mate Rosamonte<\/strong>, un prodotto autentico argentino, realizzato con foglie secche e sminuzzate di<strong> Ilex paraguayensis (mate)<\/strong> e arricchito dalla presenza del palo (rametti), che dona equilibrio e un gusto unico.<\/p>\n<p>Il Mate \u00e8 molto pi\u00f9 di una bevanda: \u00e8 un rituale sociale e conviviale, condiviso con familiari, amici e colleghi, simbolo di comunione e legame. Preparato seguendo una tradizione secolare, il Mate rappresenta il cuore della cultura argentina, dove viene consumato quotidianamente e con grande passione.<\/p>\n<p><strong>Caratteristiche principali:<\/strong><\/p>\n<ul>\n<li><strong>Formato da 500 grammi<\/strong>: ideale per chi consuma yerba mate e desidera un prodotto sempre fresco e di alta qualit\u00e0.<\/li>\n<li><strong>Origine: Argentina,<\/strong> il pi\u00f9 grande produttore e consumatore mondiale di yerba mate<\/li>\n<li><strong>Ingredienti: 100% Yerba Mate<\/strong> (Ilex paraguayensis) con palo<\/li>\n<li>Ideale per la preparazione del tradizionale Mate o per infusioni aromatiche<\/li>\n<\/ul>\n<p><strong>Perch\u00e9 scegliere Rosamonte?<\/strong><\/p>\n<p>La Yerba Mate Rosamonte \u00e8 <strong>rinomata per la sua qualit\u00e0 superiore e per il suo sapore deciso e persistente<\/strong>, perfetto per chi cerca un\u2019esperienza autentica.<\/p>\n<p>\u00c8 l\u2019accompagnamento ideale per momenti di relax o di convivialit\u00e0, portando sulla tua tavola una tradizione secolare.<\/p>\n<p>Prova la <strong>Yerba Mate Rosamonte<\/strong> e lasciati conquistare dal sapore della vera Argentina!<\/p>\n","protected":false},"excerpt":{"rendered":"<p>Yerba Mate Rosamonte Selecion Especial con Palo 500 grammi \u2013 Autentica Tradizione Argentina Scopri la vera essenza della cultura sudamericana con la Yerba Mate Rosamonte, un prodotto autentico argentino, realizzato con foglie secche e sminuzzate di Ilex paraguayensis (mate) e arricchito dalla presenza del palo&#8230;<\/p>\n","protected":false},"featured_media":131519,"template":"","meta":{"_acf_changed":false},"product_brand":[9600],"product_cat":[9767],"product_tag":[21103,20028,11106,10955,11089],"giftcard-category":[],"class_list":{"0":"post-131518","1":"product","2":"type-product","3":"status-publish","4":"has-post-thumbnail","6":"product_brand-drogherie-carpano","7":"product_cat-yerba-mate-e-prodotti-argentini","8":"product_tag-gr-2","9":"product_tag-mate-2","10":"product_tag-rosamonte","11":"product_tag-speciale","12":"product_tag-yerba","13":"pa_formato-500-grammi","14":"pa_tipologia-yerba","16":"first","17":"instock","18":"taxable","19":"shipping-taxable","20":"purchasable","21":"product-type-simple"},"acf":[],"yoast_head":"<!-- This site is optimized with the Yoast SEO plugin v24.9 - https:\/\/yoast.com\/wordpress\/plugins\/seo\/ -->\n<title>Yerba Mate Rosamonte Selecion especial 500grammi Industria Argentina - Erboristeria Demetra<\/title>\n<meta name=\"description\" content=\"Yerba mate elaborada Rosamonte selecion especial confezione da 500grammi. Prodotto e confezionato in Argentina. Industria Argentina.\" \/>\n<meta name=\"robots\" content=\"index, follow, max-snippet:-1, max-image-preview:large, max-video-preview:-1\" \/>\n<link rel=\"canonical\" href=\"https:\/\/www.erboristerie.com\/it\/prodotto\/yerba-mate-rosamonte-selecion-especial-500grammi-industria-argentina\/\" \/>\n<meta property=\"og:locale\" content=\"en_US\" \/>\n<meta property=\"og:type\" content=\"article\" \/>\n<meta property=\"og:title\" content=\"Yerba Mate Rosamonte Selecion especial 500grammi Industria Argentina - Erboristeria Demetra\" \/>\n<meta property=\"og:description\" content=\"Yerba mate elaborada Rosamonte selecion especial confezione da 500grammi. Prodotto e confezionato in Argentina. Industria Argentina.\" \/>\n<meta property=\"og:url\" content=\"https:\/\/www.erboristerie.com\/it\/prodotto\/yerba-mate-rosamonte-selecion-especial-500grammi-industria-argentina\/\" \/>\n<meta property=\"og:site_name\" content=\"Erboristeria Demetra\" \/>\n<meta property=\"article:publisher\" content=\"https:\/\/www.facebook.com\/erboristeria.demetra.online\" \/>\n<meta property=\"article:modified_time\" content=\"2025-09-26T17:02:09+00:00\" \/>\n<meta property=\"og:image\" content=\"https:\/\/www.erboristerie.com\/wp-content\/uploads\/2025\/09\/00001642-yerba-mate-rosamonte-seleccion-especial-500-grammi-erboristerie-com.jpg\" \/>\n\t<meta property=\"og:image:width\" content=\"900\" \/>\n\t<meta property=\"og:image:height\" content=\"900\" \/>\n\t<meta property=\"og:image:type\" content=\"image\/jpeg\" \/>\n<meta name=\"twitter:card\" content=\"summary_large_image\" \/>\n<meta name=\"twitter:label1\" content=\"Est. reading time\" \/>\n\t<meta name=\"twitter:data1\" content=\"2 minutes\" \/>\n<script type=\"application\/ld+json\" class=\"yoast-schema-graph\">{\"@context\":\"https:\/\/schema.org\",\"@graph\":[{\"@type\":\"WebPage\",\"@id\":\"https:\/\/www.erboristerie.com\/it\/prodotto\/yerba-mate-rosamonte-selecion-especial-500grammi-industria-argentina\/\",\"url\":\"https:\/\/www.erboristerie.com\/it\/prodotto\/yerba-mate-rosamonte-selecion-especial-500grammi-industria-argentina\/\",\"name\":\"Yerba Mate Rosamonte Selecion especial 500grammi Industria Argentina - Erboristeria Demetra\",\"isPartOf\":{\"@id\":\"https:\/\/www.erboristerie.com\/it\/#website\"},\"primaryImageOfPage\":{\"@id\":\"https:\/\/www.erboristerie.com\/it\/prodotto\/yerba-mate-rosamonte-selecion-especial-500grammi-industria-argentina\/#primaryimage\"},\"image\":{\"@id\":\"https:\/\/www.erboristerie.com\/it\/prodotto\/yerba-mate-rosamonte-selecion-especial-500grammi-industria-argentina\/#primaryimage\"},\"thumbnailUrl\":\"https:\/\/www.erboristerie.com\/wp-content\/uploads\/2025\/09\/00001642-yerba-mate-rosamonte-seleccion-especial-500-grammi-erboristerie-com.jpg\",\"datePublished\":\"2025-09-26T16:50:52+00:00\",\"dateModified\":\"2025-09-26T17:02:09+00:00\",\"description\":\"Yerba mate elaborada Rosamonte selecion especial confezione da 500grammi. Prodotto e confezionato in Argentina. Industria Argentina.\",\"breadcrumb\":{\"@id\":\"https:\/\/www.erboristerie.com\/it\/prodotto\/yerba-mate-rosamonte-selecion-especial-500grammi-industria-argentina\/#breadcrumb\"},\"inLanguage\":\"en-US\",\"potentialAction\":[{\"@type\":\"ReadAction\",\"target\":[\"https:\/\/www.erboristerie.com\/it\/prodotto\/yerba-mate-rosamonte-selecion-especial-500grammi-industria-argentina\/\"]}]},{\"@type\":\"ImageObject\",\"inLanguage\":\"en-US\",\"@id\":\"https:\/\/www.erboristerie.com\/it\/prodotto\/yerba-mate-rosamonte-selecion-especial-500grammi-industria-argentina\/#primaryimage\",\"url\":\"https:\/\/www.erboristerie.com\/wp-content\/uploads\/2025\/09\/00001642-yerba-mate-rosamonte-seleccion-especial-500-grammi-erboristerie-com.jpg\",\"contentUrl\":\"https:\/\/www.erboristerie.com\/wp-content\/uploads\/2025\/09\/00001642-yerba-mate-rosamonte-seleccion-especial-500-grammi-erboristerie-com.jpg\",\"width\":900,\"height\":900},{\"@type\":\"BreadcrumbList\",\"@id\":\"https:\/\/www.erboristerie.com\/it\/prodotto\/yerba-mate-rosamonte-selecion-especial-500grammi-industria-argentina\/#breadcrumb\",\"itemListElement\":[{\"@type\":\"ListItem\",\"position\":1,\"name\":\"Home\",\"item\":\"https:\/\/www.erboristerie.com\/en\/\"},{\"@type\":\"ListItem\",\"position\":2,\"name\":\"All products\",\"item\":\"https:\/\/www.erboristerie.com\/en\/all-products\/\"},{\"@type\":\"ListItem\",\"position\":3,\"name\":\"Yerba Mate Rosamonte Selecion especial 500grammi Industria Argentina\"}]},{\"@type\":\"WebSite\",\"@id\":\"https:\/\/www.erboristerie.com\/it\/#website\",\"url\":\"https:\/\/www.erboristerie.com\/it\/\",\"name\":\"Erboristeria Demetra\",\"description\":\"Your natural health\",\"publisher\":{\"@id\":\"https:\/\/www.erboristerie.com\/it\/#organization\"},\"potentialAction\":[{\"@type\":\"SearchAction\",\"target\":{\"@type\":\"EntryPoint\",\"urlTemplate\":\"https:\/\/www.erboristerie.com\/it\/?s={search_term_string}\"},\"query-input\":{\"@type\":\"PropertyValueSpecification\",\"valueRequired\":true,\"valueName\":\"search_term_string\"}}],\"inLanguage\":\"en-US\"},{\"@type\":\"Organization\",\"@id\":\"https:\/\/www.erboristerie.com\/it\/#organization\",\"name\":\"Erboristeria Demetra\",\"url\":\"https:\/\/www.erboristerie.com\/it\/\",\"logo\":{\"@type\":\"ImageObject\",\"inLanguage\":\"en-US\",\"@id\":\"https:\/\/www.erboristerie.com\/it\/#\/schema\/logo\/image\/\",\"url\":\"https:\/\/www.erboristerie.com\/wp-content\/uploads\/2019\/11\/LOGO_ERBORISTERIA_DEMETRA_original.png?v=1611516981\",\"contentUrl\":\"https:\/\/www.erboristerie.com\/wp-content\/uploads\/2019\/11\/LOGO_ERBORISTERIA_DEMETRA_original.png?v=1611516981\",\"width\":201,\"height\":54,\"caption\":\"Erboristeria Demetra\"},\"image\":{\"@id\":\"https:\/\/www.erboristerie.com\/it\/#\/schema\/logo\/image\/\"},\"sameAs\":[\"https:\/\/www.facebook.com\/erboristeria.demetra.online\"]}]}<\/script>\n<!-- \/ Yoast SEO plugin. -->","yoast_head_json":{"title":"Yerba Mate Rosamonte Selecion especial 500grammi Industria Argentina - Erboristeria Demetra","description":"Yerba mate elaborada Rosamonte selecion especial confezione da 500grammi. Prodotto e confezionato in Argentina. Industria Argentina.","robots":{"index":"index","follow":"follow","max-snippet":"max-snippet:-1","max-image-preview":"max-image-preview:large","max-video-preview":"max-video-preview:-1"},"canonical":"https:\/\/www.erboristerie.com\/it\/prodotto\/yerba-mate-rosamonte-selecion-especial-500grammi-industria-argentina\/","og_locale":"en_US","og_type":"article","og_title":"Yerba Mate Rosamonte Selecion especial 500grammi Industria Argentina - Erboristeria Demetra","og_description":"Yerba mate elaborada Rosamonte selecion especial confezione da 500grammi. Prodotto e confezionato in Argentina. Industria Argentina.","og_url":"https:\/\/www.erboristerie.com\/it\/prodotto\/yerba-mate-rosamonte-selecion-especial-500grammi-industria-argentina\/","og_site_name":"Erboristeria Demetra","article_publisher":"https:\/\/www.facebook.com\/erboristeria.demetra.online","article_modified_time":"2025-09-26T17:02:09+00:00","og_image":[{"width":900,"height":900,"url":"https:\/\/www.erboristerie.com\/wp-content\/uploads\/2025\/09\/00001642-yerba-mate-rosamonte-seleccion-especial-500-grammi-erboristerie-com.jpg","type":"image\/jpeg"}],"twitter_card":"summary_large_image","twitter_misc":{"Est. reading time":"2 minutes"},"schema":{"@context":"https:\/\/schema.org","@graph":[{"@type":"WebPage","@id":"https:\/\/www.erboristerie.com\/it\/prodotto\/yerba-mate-rosamonte-selecion-especial-500grammi-industria-argentina\/","url":"https:\/\/www.erboristerie.com\/it\/prodotto\/yerba-mate-rosamonte-selecion-especial-500grammi-industria-argentina\/","name":"Yerba Mate Rosamonte Selecion especial 500grammi Industria Argentina - Erboristeria Demetra","isPartOf":{"@id":"https:\/\/www.erboristerie.com\/it\/#website"},"primaryImageOfPage":{"@id":"https:\/\/www.erboristerie.com\/it\/prodotto\/yerba-mate-rosamonte-selecion-especial-500grammi-industria-argentina\/#primaryimage"},"image":{"@id":"https:\/\/www.erboristerie.com\/it\/prodotto\/yerba-mate-rosamonte-selecion-especial-500grammi-industria-argentina\/#primaryimage"},"thumbnailUrl":"https:\/\/www.erboristerie.com\/wp-content\/uploads\/2025\/09\/00001642-yerba-mate-rosamonte-seleccion-especial-500-grammi-erboristerie-com.jpg","datePublished":"2025-09-26T16:50:52+00:00","dateModified":"2025-09-26T17:02:09+00:00","description":"Yerba mate elaborada Rosamonte selecion especial confezione da 500grammi. Prodotto e confezionato in Argentina. Industria Argentina.","breadcrumb":{"@id":"https:\/\/www.erboristerie.com\/it\/prodotto\/yerba-mate-rosamonte-selecion-especial-500grammi-industria-argentina\/#breadcrumb"},"inLanguage":"en-US","potentialAction":[{"@type":"ReadAction","target":["https:\/\/www.erboristerie.com\/it\/prodotto\/yerba-mate-rosamonte-selecion-especial-500grammi-industria-argentina\/"]}]},{"@type":"ImageObject","inLanguage":"en-US","@id":"https:\/\/www.erboristerie.com\/it\/prodotto\/yerba-mate-rosamonte-selecion-especial-500grammi-industria-argentina\/#primaryimage","url":"https:\/\/www.erboristerie.com\/wp-content\/uploads\/2025\/09\/00001642-yerba-mate-rosamonte-seleccion-especial-500-grammi-erboristerie-com.jpg","contentUrl":"https:\/\/www.erboristerie.com\/wp-content\/uploads\/2025\/09\/00001642-yerba-mate-rosamonte-seleccion-especial-500-grammi-erboristerie-com.jpg","width":900,"height":900},{"@type":"BreadcrumbList","@id":"https:\/\/www.erboristerie.com\/it\/prodotto\/yerba-mate-rosamonte-selecion-especial-500grammi-industria-argentina\/#breadcrumb","itemListElement":[{"@type":"ListItem","position":1,"name":"Home","item":"https:\/\/www.erboristerie.com\/en\/"},{"@type":"ListItem","position":2,"name":"All products","item":"https:\/\/www.erboristerie.com\/en\/all-products\/"},{"@type":"ListItem","position":3,"name":"Yerba Mate Rosamonte Selecion especial 500grammi Industria Argentina"}]},{"@type":"WebSite","@id":"https:\/\/www.erboristerie.com\/it\/#website","url":"https:\/\/www.erboristerie.com\/it\/","name":"Erboristeria Demetra","description":"Your natural health","publisher":{"@id":"https:\/\/www.erboristerie.com\/it\/#organization"},"potentialAction":[{"@type":"SearchAction","target":{"@type":"EntryPoint","urlTemplate":"https:\/\/www.erboristerie.com\/it\/?s={search_term_string}"},"query-input":{"@type":"PropertyValueSpecification","valueRequired":true,"valueName":"search_term_string"}}],"inLanguage":"en-US"},{"@type":"Organization","@id":"https:\/\/www.erboristerie.com\/it\/#organization","name":"Erboristeria Demetra","url":"https:\/\/www.erboristerie.com\/it\/","logo":{"@type":"ImageObject","inLanguage":"en-US","@id":"https:\/\/www.erboristerie.com\/it\/#\/schema\/logo\/image\/","url":"https:\/\/www.erboristerie.com\/wp-content\/uploads\/2019\/11\/LOGO_ERBORISTERIA_DEMETRA_original.png?v=1611516981","contentUrl":"https:\/\/www.erboristerie.com\/wp-content\/uploads\/2019\/11\/LOGO_ERBORISTERIA_DEMETRA_original.png?v=1611516981","width":201,"height":54,"caption":"Erboristeria Demetra"},"image":{"@id":"https:\/\/www.erboristerie.com\/it\/#\/schema\/logo\/image\/"},"sameAs":["https:\/\/www.facebook.com\/erboristeria.demetra.online"]}]}},"_links":{"self":[{"href":"https:\/\/www.erboristerie.com\/en\/wp-json\/wp\/v2\/product\/131518","targetHints":{"allow":["GET"]}}],"collection":[{"href":"https:\/\/www.erboristerie.com\/en\/wp-json\/wp\/v2\/product"}],"about":[{"href":"https:\/\/www.erboristerie.com\/en\/wp-json\/wp\/v2\/types\/product"}],"wp:featuredmedia":[{"embeddable":true,"href":"https:\/\/www.erboristerie.com\/en\/wp-json\/wp\/v2\/media\/131519"}],"wp:attachment":[{"href":"https:\/\/www.erboristerie.com\/en\/wp-json\/wp\/v2\/media?parent=131518"}],"wp:term":[{"taxonomy":"product_brand","embeddable":true,"href":"https:\/\/www.erboristerie.com\/en\/wp-json\/wp\/v2\/product_brand?post=131518"},{"taxonomy":"product_cat","embeddable":true,"href":"https:\/\/www.erboristerie.com\/en\/wp-json\/wp\/v2\/product_cat?post=131518"},{"taxonomy":"product_tag","embeddable":true,"href":"https:\/\/www.erboristerie.com\/en\/wp-json\/wp\/v2\/product_tag?post=131518"},{"taxonomy":"giftcard-category","embeddable":true,"href":"https:\/\/www.erboristerie.com\/en\/wp-json\/wp\/v2\/giftcard-category?post=131518"}],"curies":[{"name":"wp","href":"https:\/\/api.w.org\/{rel}","templated":true}]}}