{"id":130904,"date":"2025-08-06T21:32:06","date_gmt":"2025-08-06T19:32:06","guid":{"rendered":"https:\/\/www.erboristerie.com\/?post_type=product&#038;p=130904"},"modified":"2026-04-08T19:17:43","modified_gmt":"2026-04-08T17:17:43","slug":"memory-tide-plus-forte-30-capsule-nano-bio-peptidi-naturali","status":"publish","type":"product","link":"https:\/\/www.erboristerie.com\/en\/prodotto\/memory-tide-plus-forte-30-capsule-nano-bio-peptidi-naturali\/","title":{"rendered":"Memory Tide Plus Forte 30 capsule Nano Bio Peptidi Naturali"},"content":{"rendered":"<p><strong>Memory Tide Plus Forte 30 capsule Nano Bio Peptidi Naturali &#8211; Immunoplus<\/strong><\/p>\n<p>Il complesso peptidico multicomponente MemoryTIDE PLUS Forte \u00e8 un prodotto affidabile, efficiente dal punto di vista fisiologico, che promuove la massima autorealizzazione dell\u2019uomo e la sua longevit\u00e0 creativa.<\/p>\n<p><strong>Destinazione d\u2019uso<\/strong><\/p>\n<p>Scarsa memoria, concentrazione.<\/p>\n<p>Stanchezza cronica, depressione.<\/p>\n<p>Migliora l\u2019efficienza.<\/p>\n<p>Aterosclerosi cerebrale, ipertensione arteriosa.<\/p>\n<p>Encefalopatia, conseguenze cerebrali.<\/p>\n<p>Infarto.<\/p>\n<p>Ictus ischemico.<\/p>\n<p>Emorragia intracranica, parkinsonismo vascolare, cerebellare, atassia.<\/p>\n<p>Aumentare la resistenza complessiva dell\u2019organismo a fattori estremi.<\/p>\n<p>Migliora la capacit\u00e0 di pensiero nei pazienti anziani.<\/p>\n<p><strong>Modalit\u00e0 d\u2019uso<\/strong><\/p>\n<p>si consiglia l\u2019assunzione di 1 capsula al giorno 30 minuti dopo il pasto con un bicchiere di acqua. La durata del trattamento \u00e8 di 1 mese ma pu\u00f2 essere prolungata fino a 2-3 mesi in caso di necessit\u00e0.<\/p>\n<p>Controindicazioni: non deve essere assunto se la persona \u00e8 allergica a uno degli ingredienti.<\/p>\n<p>Gravidanza, allattamento e bambini di et\u00e0 inferiore ai 14 anni chiedere il consiglio al proprio medico o al farmacista prima di assumere l&#8217;integratore.<\/p>\n<p>Non contiene lattosio n\u00e9 glutine.<\/p>\n<p>Vegetarian OK.<\/p>\n<p><strong>Ingredienti<\/strong><\/p>\n<p>agente antiagglomerante cellulosa microcristallina, BCAA complesso di aminoacidi ramificati (complesso di peptidi NB, L-leucina, L-isoleucina, L-valina), acido L-ascorbico (vitamina C), gluconato di zinco, agente antiagglomerante fosfato bicalcico, L-arginina, estratto secco di foglie di ginkgo (Ginkgo biloba), iodato di calcio, agente antiagglomerante biossido di silicio, agente antiagglomerante sali di magnesio degli acidi grassi, piridossina cloridrato (vitamina B6), riboflavina, tiamina cloridrato (vitamina B1, tiamina), ipromellosa (involucro della capsula)<\/p>\n","protected":false},"excerpt":{"rendered":"<p>Memory Tide Plus Forte 30 capsule Nano Bio Peptidi Naturali &#8211; Immunoplus Il complesso peptidico multicomponente MemoryTIDE PLUS Forte \u00e8 un prodotto affidabile, efficiente dal punto di vista fisiologico, che promuove la massima autorealizzazione dell\u2019uomo e la sua longevit\u00e0 creativa. Destinazione d\u2019uso Scarsa memoria, concentrazione&#8230;.<\/p>\n","protected":false},"featured_media":130905,"template":"","meta":{"_acf_changed":false},"product_brand":[48806],"product_cat":[49515,9811],"product_tag":[],"giftcard-category":[],"class_list":{"0":"post-130904","1":"product","2":"type-product","3":"status-publish","4":"has-post-thumbnail","6":"product_brand-my-real-way-immunoplus","7":"product_cat-nano-bio-peptidi","8":"product_cat-memoria-e-funzioni-cognitive","9":"pa_formato-30-capsule","10":"pa_linea-nano-bio-peptidi","11":"pa_marca-my-real-way-immunoplus","12":"pa_tipologia-capsule","14":"first","15":"instock","16":"sale","17":"taxable","18":"shipping-taxable","19":"purchasable","20":"product-type-simple"},"acf":[],"yoast_head":"<!-- This site is optimized with the Yoast SEO plugin v24.9 - https:\/\/yoast.com\/wordpress\/plugins\/seo\/ -->\n<title>Memory Tide Plus Forte 30 capsule Nano Bio Peptidi Naturali - Erboristeria Demetra<\/title>\n<meta name=\"description\" content=\"Il complesso peptidico multicomponente Memory TIDE PLUS Forte promuove la massima autorealizzazione dell\u2019uomo e la sua longevit\u00e0 creativa.\" \/>\n<meta name=\"robots\" content=\"index, follow, max-snippet:-1, max-image-preview:large, max-video-preview:-1\" \/>\n<link rel=\"canonical\" href=\"https:\/\/www.erboristerie.com\/it\/prodotto\/memory-tide-plus-forte-30-capsule-nano-bio-peptidi-naturali\/\" \/>\n<meta property=\"og:locale\" content=\"en_US\" \/>\n<meta property=\"og:type\" content=\"article\" \/>\n<meta property=\"og:title\" content=\"Memory Tide Plus Forte 30 capsule Nano Bio Peptidi Naturali - Erboristeria Demetra\" \/>\n<meta property=\"og:description\" content=\"Il complesso peptidico multicomponente Memory TIDE PLUS Forte promuove la massima autorealizzazione dell\u2019uomo e la sua longevit\u00e0 creativa.\" \/>\n<meta property=\"og:url\" content=\"https:\/\/www.erboristerie.com\/it\/prodotto\/memory-tide-plus-forte-30-capsule-nano-bio-peptidi-naturali\/\" \/>\n<meta property=\"og:site_name\" content=\"Erboristeria Demetra\" \/>\n<meta property=\"article:publisher\" content=\"https:\/\/www.facebook.com\/erboristeria.demetra.online\" \/>\n<meta property=\"article:modified_time\" content=\"2026-04-08T17:17:43+00:00\" \/>\n<meta property=\"og:image\" content=\"https:\/\/www.erboristerie.com\/wp-content\/uploads\/2025\/08\/00004391-memory-tide-plus-forte-30-capsule-immunoplus-erboristerie-com.jpg\" \/>\n\t<meta property=\"og:image:width\" content=\"900\" \/>\n\t<meta property=\"og:image:height\" content=\"900\" \/>\n\t<meta property=\"og:image:type\" content=\"image\/jpeg\" \/>\n<meta name=\"twitter:card\" content=\"summary_large_image\" \/>\n<meta name=\"twitter:label1\" content=\"Est. reading time\" \/>\n\t<meta name=\"twitter:data1\" content=\"2 minutes\" \/>\n<script type=\"application\/ld+json\" class=\"yoast-schema-graph\">{\"@context\":\"https:\/\/schema.org\",\"@graph\":[{\"@type\":\"WebPage\",\"@id\":\"https:\/\/www.erboristerie.com\/it\/prodotto\/memory-tide-plus-forte-30-capsule-nano-bio-peptidi-naturali\/\",\"url\":\"https:\/\/www.erboristerie.com\/it\/prodotto\/memory-tide-plus-forte-30-capsule-nano-bio-peptidi-naturali\/\",\"name\":\"Memory Tide Plus Forte 30 capsule Nano Bio Peptidi Naturali - Erboristeria Demetra\",\"isPartOf\":{\"@id\":\"https:\/\/www.erboristerie.com\/it\/#website\"},\"primaryImageOfPage\":{\"@id\":\"https:\/\/www.erboristerie.com\/it\/prodotto\/memory-tide-plus-forte-30-capsule-nano-bio-peptidi-naturali\/#primaryimage\"},\"image\":{\"@id\":\"https:\/\/www.erboristerie.com\/it\/prodotto\/memory-tide-plus-forte-30-capsule-nano-bio-peptidi-naturali\/#primaryimage\"},\"thumbnailUrl\":\"https:\/\/www.erboristerie.com\/wp-content\/uploads\/2025\/08\/00004391-memory-tide-plus-forte-30-capsule-immunoplus-erboristerie-com.jpg\",\"datePublished\":\"2025-08-06T19:32:06+00:00\",\"dateModified\":\"2026-04-08T17:17:43+00:00\",\"description\":\"Il complesso peptidico multicomponente Memory TIDE PLUS Forte promuove la massima autorealizzazione dell\u2019uomo e la sua longevit\u00e0 creativa.\",\"breadcrumb\":{\"@id\":\"https:\/\/www.erboristerie.com\/it\/prodotto\/memory-tide-plus-forte-30-capsule-nano-bio-peptidi-naturali\/#breadcrumb\"},\"inLanguage\":\"en-US\",\"potentialAction\":[{\"@type\":\"ReadAction\",\"target\":[\"https:\/\/www.erboristerie.com\/it\/prodotto\/memory-tide-plus-forte-30-capsule-nano-bio-peptidi-naturali\/\"]}]},{\"@type\":\"ImageObject\",\"inLanguage\":\"en-US\",\"@id\":\"https:\/\/www.erboristerie.com\/it\/prodotto\/memory-tide-plus-forte-30-capsule-nano-bio-peptidi-naturali\/#primaryimage\",\"url\":\"https:\/\/www.erboristerie.com\/wp-content\/uploads\/2025\/08\/00004391-memory-tide-plus-forte-30-capsule-immunoplus-erboristerie-com.jpg\",\"contentUrl\":\"https:\/\/www.erboristerie.com\/wp-content\/uploads\/2025\/08\/00004391-memory-tide-plus-forte-30-capsule-immunoplus-erboristerie-com.jpg\",\"width\":900,\"height\":900},{\"@type\":\"BreadcrumbList\",\"@id\":\"https:\/\/www.erboristerie.com\/it\/prodotto\/memory-tide-plus-forte-30-capsule-nano-bio-peptidi-naturali\/#breadcrumb\",\"itemListElement\":[{\"@type\":\"ListItem\",\"position\":1,\"name\":\"Home\",\"item\":\"https:\/\/www.erboristerie.com\/en\/\"},{\"@type\":\"ListItem\",\"position\":2,\"name\":\"All products\",\"item\":\"https:\/\/www.erboristerie.com\/en\/all-products\/\"},{\"@type\":\"ListItem\",\"position\":3,\"name\":\"Memory Tide Plus Forte 30 capsule Nano Bio Peptidi Naturali\"}]},{\"@type\":\"WebSite\",\"@id\":\"https:\/\/www.erboristerie.com\/it\/#website\",\"url\":\"https:\/\/www.erboristerie.com\/it\/\",\"name\":\"Erboristeria Demetra\",\"description\":\"Your natural health\",\"publisher\":{\"@id\":\"https:\/\/www.erboristerie.com\/it\/#organization\"},\"potentialAction\":[{\"@type\":\"SearchAction\",\"target\":{\"@type\":\"EntryPoint\",\"urlTemplate\":\"https:\/\/www.erboristerie.com\/it\/?s={search_term_string}\"},\"query-input\":{\"@type\":\"PropertyValueSpecification\",\"valueRequired\":true,\"valueName\":\"search_term_string\"}}],\"inLanguage\":\"en-US\"},{\"@type\":\"Organization\",\"@id\":\"https:\/\/www.erboristerie.com\/it\/#organization\",\"name\":\"Erboristeria Demetra\",\"url\":\"https:\/\/www.erboristerie.com\/it\/\",\"logo\":{\"@type\":\"ImageObject\",\"inLanguage\":\"en-US\",\"@id\":\"https:\/\/www.erboristerie.com\/it\/#\/schema\/logo\/image\/\",\"url\":\"https:\/\/www.erboristerie.com\/wp-content\/uploads\/2019\/11\/LOGO_ERBORISTERIA_DEMETRA_original.png?v=1611516981\",\"contentUrl\":\"https:\/\/www.erboristerie.com\/wp-content\/uploads\/2019\/11\/LOGO_ERBORISTERIA_DEMETRA_original.png?v=1611516981\",\"width\":201,\"height\":54,\"caption\":\"Erboristeria Demetra\"},\"image\":{\"@id\":\"https:\/\/www.erboristerie.com\/it\/#\/schema\/logo\/image\/\"},\"sameAs\":[\"https:\/\/www.facebook.com\/erboristeria.demetra.online\"]}]}<\/script>\n<!-- \/ Yoast SEO plugin. -->","yoast_head_json":{"title":"Memory Tide Plus Forte 30 capsule Nano Bio Peptidi Naturali - Erboristeria Demetra","description":"Il complesso peptidico multicomponente Memory TIDE PLUS Forte promuove la massima autorealizzazione dell\u2019uomo e la sua longevit\u00e0 creativa.","robots":{"index":"index","follow":"follow","max-snippet":"max-snippet:-1","max-image-preview":"max-image-preview:large","max-video-preview":"max-video-preview:-1"},"canonical":"https:\/\/www.erboristerie.com\/it\/prodotto\/memory-tide-plus-forte-30-capsule-nano-bio-peptidi-naturali\/","og_locale":"en_US","og_type":"article","og_title":"Memory Tide Plus Forte 30 capsule Nano Bio Peptidi Naturali - Erboristeria Demetra","og_description":"Il complesso peptidico multicomponente Memory TIDE PLUS Forte promuove la massima autorealizzazione dell\u2019uomo e la sua longevit\u00e0 creativa.","og_url":"https:\/\/www.erboristerie.com\/it\/prodotto\/memory-tide-plus-forte-30-capsule-nano-bio-peptidi-naturali\/","og_site_name":"Erboristeria Demetra","article_publisher":"https:\/\/www.facebook.com\/erboristeria.demetra.online","article_modified_time":"2026-04-08T17:17:43+00:00","og_image":[{"width":900,"height":900,"url":"https:\/\/www.erboristerie.com\/wp-content\/uploads\/2025\/08\/00004391-memory-tide-plus-forte-30-capsule-immunoplus-erboristerie-com.jpg","type":"image\/jpeg"}],"twitter_card":"summary_large_image","twitter_misc":{"Est. reading time":"2 minutes"},"schema":{"@context":"https:\/\/schema.org","@graph":[{"@type":"WebPage","@id":"https:\/\/www.erboristerie.com\/it\/prodotto\/memory-tide-plus-forte-30-capsule-nano-bio-peptidi-naturali\/","url":"https:\/\/www.erboristerie.com\/it\/prodotto\/memory-tide-plus-forte-30-capsule-nano-bio-peptidi-naturali\/","name":"Memory Tide Plus Forte 30 capsule Nano Bio Peptidi Naturali - Erboristeria Demetra","isPartOf":{"@id":"https:\/\/www.erboristerie.com\/it\/#website"},"primaryImageOfPage":{"@id":"https:\/\/www.erboristerie.com\/it\/prodotto\/memory-tide-plus-forte-30-capsule-nano-bio-peptidi-naturali\/#primaryimage"},"image":{"@id":"https:\/\/www.erboristerie.com\/it\/prodotto\/memory-tide-plus-forte-30-capsule-nano-bio-peptidi-naturali\/#primaryimage"},"thumbnailUrl":"https:\/\/www.erboristerie.com\/wp-content\/uploads\/2025\/08\/00004391-memory-tide-plus-forte-30-capsule-immunoplus-erboristerie-com.jpg","datePublished":"2025-08-06T19:32:06+00:00","dateModified":"2026-04-08T17:17:43+00:00","description":"Il complesso peptidico multicomponente Memory TIDE PLUS Forte promuove la massima autorealizzazione dell\u2019uomo e la sua longevit\u00e0 creativa.","breadcrumb":{"@id":"https:\/\/www.erboristerie.com\/it\/prodotto\/memory-tide-plus-forte-30-capsule-nano-bio-peptidi-naturali\/#breadcrumb"},"inLanguage":"en-US","potentialAction":[{"@type":"ReadAction","target":["https:\/\/www.erboristerie.com\/it\/prodotto\/memory-tide-plus-forte-30-capsule-nano-bio-peptidi-naturali\/"]}]},{"@type":"ImageObject","inLanguage":"en-US","@id":"https:\/\/www.erboristerie.com\/it\/prodotto\/memory-tide-plus-forte-30-capsule-nano-bio-peptidi-naturali\/#primaryimage","url":"https:\/\/www.erboristerie.com\/wp-content\/uploads\/2025\/08\/00004391-memory-tide-plus-forte-30-capsule-immunoplus-erboristerie-com.jpg","contentUrl":"https:\/\/www.erboristerie.com\/wp-content\/uploads\/2025\/08\/00004391-memory-tide-plus-forte-30-capsule-immunoplus-erboristerie-com.jpg","width":900,"height":900},{"@type":"BreadcrumbList","@id":"https:\/\/www.erboristerie.com\/it\/prodotto\/memory-tide-plus-forte-30-capsule-nano-bio-peptidi-naturali\/#breadcrumb","itemListElement":[{"@type":"ListItem","position":1,"name":"Home","item":"https:\/\/www.erboristerie.com\/en\/"},{"@type":"ListItem","position":2,"name":"All products","item":"https:\/\/www.erboristerie.com\/en\/all-products\/"},{"@type":"ListItem","position":3,"name":"Memory Tide Plus Forte 30 capsule Nano Bio Peptidi Naturali"}]},{"@type":"WebSite","@id":"https:\/\/www.erboristerie.com\/it\/#website","url":"https:\/\/www.erboristerie.com\/it\/","name":"Erboristeria Demetra","description":"Your natural health","publisher":{"@id":"https:\/\/www.erboristerie.com\/it\/#organization"},"potentialAction":[{"@type":"SearchAction","target":{"@type":"EntryPoint","urlTemplate":"https:\/\/www.erboristerie.com\/it\/?s={search_term_string}"},"query-input":{"@type":"PropertyValueSpecification","valueRequired":true,"valueName":"search_term_string"}}],"inLanguage":"en-US"},{"@type":"Organization","@id":"https:\/\/www.erboristerie.com\/it\/#organization","name":"Erboristeria Demetra","url":"https:\/\/www.erboristerie.com\/it\/","logo":{"@type":"ImageObject","inLanguage":"en-US","@id":"https:\/\/www.erboristerie.com\/it\/#\/schema\/logo\/image\/","url":"https:\/\/www.erboristerie.com\/wp-content\/uploads\/2019\/11\/LOGO_ERBORISTERIA_DEMETRA_original.png?v=1611516981","contentUrl":"https:\/\/www.erboristerie.com\/wp-content\/uploads\/2019\/11\/LOGO_ERBORISTERIA_DEMETRA_original.png?v=1611516981","width":201,"height":54,"caption":"Erboristeria Demetra"},"image":{"@id":"https:\/\/www.erboristerie.com\/it\/#\/schema\/logo\/image\/"},"sameAs":["https:\/\/www.facebook.com\/erboristeria.demetra.online"]}]}},"_links":{"self":[{"href":"https:\/\/www.erboristerie.com\/en\/wp-json\/wp\/v2\/product\/130904","targetHints":{"allow":["GET"]}}],"collection":[{"href":"https:\/\/www.erboristerie.com\/en\/wp-json\/wp\/v2\/product"}],"about":[{"href":"https:\/\/www.erboristerie.com\/en\/wp-json\/wp\/v2\/types\/product"}],"wp:featuredmedia":[{"embeddable":true,"href":"https:\/\/www.erboristerie.com\/en\/wp-json\/wp\/v2\/media\/130905"}],"wp:attachment":[{"href":"https:\/\/www.erboristerie.com\/en\/wp-json\/wp\/v2\/media?parent=130904"}],"wp:term":[{"taxonomy":"product_brand","embeddable":true,"href":"https:\/\/www.erboristerie.com\/en\/wp-json\/wp\/v2\/product_brand?post=130904"},{"taxonomy":"product_cat","embeddable":true,"href":"https:\/\/www.erboristerie.com\/en\/wp-json\/wp\/v2\/product_cat?post=130904"},{"taxonomy":"product_tag","embeddable":true,"href":"https:\/\/www.erboristerie.com\/en\/wp-json\/wp\/v2\/product_tag?post=130904"},{"taxonomy":"giftcard-category","embeddable":true,"href":"https:\/\/www.erboristerie.com\/en\/wp-json\/wp\/v2\/giftcard-category?post=130904"}],"curies":[{"name":"wp","href":"https:\/\/api.w.org\/{rel}","templated":true}]}}