{"id":130730,"date":"2025-07-17T17:42:29","date_gmt":"2025-07-17T15:42:29","guid":{"rendered":"https:\/\/www.erboristerie.com\/?post_type=product&#038;p=130730"},"modified":"2025-07-22T10:16:26","modified_gmt":"2025-07-22T08:16:26","slug":"zeolite-clinoptilolite-micronizzata-e-attivata-polvere-100g","status":"publish","type":"product","link":"https:\/\/www.erboristerie.com\/en\/prodotto\/zeolite-clinoptilolite-micronizzata-e-attivata-polvere-100g\/","title":{"rendered":"Zeolite Clinoptilolite Micronizzata e Attivata polvere 100g"},"content":{"rendered":"<p><strong>Zeolite Clinoptilolite Micronizzata e Attivata polvere 100g &#8211; Pana Herb<\/strong><\/p>\n<p>Per purificare ed eliminare i metalli pesanti dall&#8217;acqua potabile e da altri protocolli di depurazione.<\/p>\n<p>La zeolite agisce intrappolando tossine come mercurio, piombo, cadmio, alluminio e altre sostanze come lammonio.<\/p>\n<p>Come misura preventiva<\/p>\n<p>Per prevenzione si intendono quelle misure che possono evitare o ritardare problemi di salute o ridurre le probabilit\u00e0 che si verifichino.<\/p>\n<p>La prevenzione e la cura migliore. La zeolite \u00e8 in rado di intrappolare le tossine indesiderate, preverendo cos\u00ec le malattie legate a un carico di tossine pi\u00f9 elevato.<\/p>\n<p>&nbsp;<\/p>\n","protected":false},"excerpt":{"rendered":"<p>Zeolite Clinoptilolite Micronizzata e Attivata polvere 100g &#8211; Pana Herb Per purificare ed eliminare i metalli pesanti dall&#8217;acqua potabile e da altri protocolli di depurazione. La zeolite agisce intrappolando tossine come mercurio, piombo, cadmio, alluminio e altre sostanze come lammonio. Come misura preventiva Per prevenzione&#8230;<\/p>\n","protected":false},"featured_media":130731,"template":"","meta":{"_acf_changed":false},"product_brand":[49071],"product_cat":[9835,9799],"product_tag":[],"giftcard-category":[],"class_list":{"0":"post-130730","1":"product","2":"type-product","3":"status-publish","4":"has-post-thumbnail","6":"product_brand-pana-herb","7":"product_cat-radicali-liberi-e-ossidazione","8":"product_cat-vitamine-e-minerali","9":"pa_marca-pana-herb","11":"first","12":"instock","13":"taxable","14":"shipping-taxable","15":"purchasable","16":"product-type-simple"},"acf":[],"yoast_head":"<!-- This site is optimized with the Yoast SEO plugin v24.9 - https:\/\/yoast.com\/wordpress\/plugins\/seo\/ -->\n<title>Zeolite Clinoptilolite Micronizzata e Attivata polvere 100g - Erboristeria Demetra<\/title>\n<meta name=\"description\" content=\"Il detox naturale pi\u00f9 efficace per rimuovere dal proprio organismo tossine, metalli pensanti ed eliminare i radicali liberi.\" \/>\n<meta name=\"robots\" content=\"index, follow, max-snippet:-1, max-image-preview:large, max-video-preview:-1\" \/>\n<link rel=\"canonical\" href=\"https:\/\/www.erboristerie.com\/it\/prodotto\/zeolite-clinoptilolite-micronizzata-e-attivata-polvere-100g\/\" \/>\n<meta property=\"og:locale\" content=\"en_US\" \/>\n<meta property=\"og:type\" content=\"article\" \/>\n<meta property=\"og:title\" content=\"Zeolite Clinoptilolite Micronizzata e Attivata polvere 100g - Erboristeria Demetra\" \/>\n<meta property=\"og:description\" content=\"Il detox naturale pi\u00f9 efficace per rimuovere dal proprio organismo tossine, metalli pensanti ed eliminare i radicali liberi.\" \/>\n<meta property=\"og:url\" content=\"https:\/\/www.erboristerie.com\/it\/prodotto\/zeolite-clinoptilolite-micronizzata-e-attivata-polvere-100g\/\" \/>\n<meta property=\"og:site_name\" content=\"Erboristeria Demetra\" \/>\n<meta property=\"article:publisher\" content=\"https:\/\/www.facebook.com\/erboristeria.demetra.online\" \/>\n<meta property=\"article:modified_time\" content=\"2025-07-22T08:16:26+00:00\" \/>\n<meta property=\"og:image\" content=\"https:\/\/www.erboristerie.com\/wp-content\/uploads\/2025\/07\/00003126-zeolite-clinoptidolite-100-gr-panaherb-erboristerie-com.jpg\" \/>\n\t<meta property=\"og:image:width\" content=\"900\" \/>\n\t<meta property=\"og:image:height\" content=\"900\" \/>\n\t<meta property=\"og:image:type\" content=\"image\/jpeg\" \/>\n<meta name=\"twitter:card\" content=\"summary_large_image\" \/>\n<meta name=\"twitter:label1\" content=\"Est. reading time\" \/>\n\t<meta name=\"twitter:data1\" content=\"1 minute\" \/>\n<script type=\"application\/ld+json\" class=\"yoast-schema-graph\">{\"@context\":\"https:\/\/schema.org\",\"@graph\":[{\"@type\":\"WebPage\",\"@id\":\"https:\/\/www.erboristerie.com\/it\/prodotto\/zeolite-clinoptilolite-micronizzata-e-attivata-polvere-100g\/\",\"url\":\"https:\/\/www.erboristerie.com\/it\/prodotto\/zeolite-clinoptilolite-micronizzata-e-attivata-polvere-100g\/\",\"name\":\"Zeolite Clinoptilolite Micronizzata e Attivata polvere 100g - Erboristeria Demetra\",\"isPartOf\":{\"@id\":\"https:\/\/www.erboristerie.com\/it\/#website\"},\"primaryImageOfPage\":{\"@id\":\"https:\/\/www.erboristerie.com\/it\/prodotto\/zeolite-clinoptilolite-micronizzata-e-attivata-polvere-100g\/#primaryimage\"},\"image\":{\"@id\":\"https:\/\/www.erboristerie.com\/it\/prodotto\/zeolite-clinoptilolite-micronizzata-e-attivata-polvere-100g\/#primaryimage\"},\"thumbnailUrl\":\"https:\/\/www.erboristerie.com\/wp-content\/uploads\/2025\/07\/00003126-zeolite-clinoptidolite-100-gr-panaherb-erboristerie-com.jpg\",\"datePublished\":\"2025-07-17T15:42:29+00:00\",\"dateModified\":\"2025-07-22T08:16:26+00:00\",\"description\":\"Il detox naturale pi\u00f9 efficace per rimuovere dal proprio organismo tossine, metalli pensanti ed eliminare i radicali liberi.\",\"breadcrumb\":{\"@id\":\"https:\/\/www.erboristerie.com\/it\/prodotto\/zeolite-clinoptilolite-micronizzata-e-attivata-polvere-100g\/#breadcrumb\"},\"inLanguage\":\"en-US\",\"potentialAction\":[{\"@type\":\"ReadAction\",\"target\":[\"https:\/\/www.erboristerie.com\/it\/prodotto\/zeolite-clinoptilolite-micronizzata-e-attivata-polvere-100g\/\"]}]},{\"@type\":\"ImageObject\",\"inLanguage\":\"en-US\",\"@id\":\"https:\/\/www.erboristerie.com\/it\/prodotto\/zeolite-clinoptilolite-micronizzata-e-attivata-polvere-100g\/#primaryimage\",\"url\":\"https:\/\/www.erboristerie.com\/wp-content\/uploads\/2025\/07\/00003126-zeolite-clinoptidolite-100-gr-panaherb-erboristerie-com.jpg\",\"contentUrl\":\"https:\/\/www.erboristerie.com\/wp-content\/uploads\/2025\/07\/00003126-zeolite-clinoptidolite-100-gr-panaherb-erboristerie-com.jpg\",\"width\":900,\"height\":900},{\"@type\":\"BreadcrumbList\",\"@id\":\"https:\/\/www.erboristerie.com\/it\/prodotto\/zeolite-clinoptilolite-micronizzata-e-attivata-polvere-100g\/#breadcrumb\",\"itemListElement\":[{\"@type\":\"ListItem\",\"position\":1,\"name\":\"Home\",\"item\":\"https:\/\/www.erboristerie.com\/en\/\"},{\"@type\":\"ListItem\",\"position\":2,\"name\":\"All products\",\"item\":\"https:\/\/www.erboristerie.com\/en\/all-products\/\"},{\"@type\":\"ListItem\",\"position\":3,\"name\":\"Zeolite Clinoptilolite Micronizzata e Attivata polvere 100g\"}]},{\"@type\":\"WebSite\",\"@id\":\"https:\/\/www.erboristerie.com\/it\/#website\",\"url\":\"https:\/\/www.erboristerie.com\/it\/\",\"name\":\"Erboristeria Demetra\",\"description\":\"Your natural health\",\"publisher\":{\"@id\":\"https:\/\/www.erboristerie.com\/it\/#organization\"},\"potentialAction\":[{\"@type\":\"SearchAction\",\"target\":{\"@type\":\"EntryPoint\",\"urlTemplate\":\"https:\/\/www.erboristerie.com\/it\/?s={search_term_string}\"},\"query-input\":{\"@type\":\"PropertyValueSpecification\",\"valueRequired\":true,\"valueName\":\"search_term_string\"}}],\"inLanguage\":\"en-US\"},{\"@type\":\"Organization\",\"@id\":\"https:\/\/www.erboristerie.com\/it\/#organization\",\"name\":\"Erboristeria Demetra\",\"url\":\"https:\/\/www.erboristerie.com\/it\/\",\"logo\":{\"@type\":\"ImageObject\",\"inLanguage\":\"en-US\",\"@id\":\"https:\/\/www.erboristerie.com\/it\/#\/schema\/logo\/image\/\",\"url\":\"https:\/\/www.erboristerie.com\/wp-content\/uploads\/2019\/11\/LOGO_ERBORISTERIA_DEMETRA_original.png?v=1611516981\",\"contentUrl\":\"https:\/\/www.erboristerie.com\/wp-content\/uploads\/2019\/11\/LOGO_ERBORISTERIA_DEMETRA_original.png?v=1611516981\",\"width\":201,\"height\":54,\"caption\":\"Erboristeria Demetra\"},\"image\":{\"@id\":\"https:\/\/www.erboristerie.com\/it\/#\/schema\/logo\/image\/\"},\"sameAs\":[\"https:\/\/www.facebook.com\/erboristeria.demetra.online\"]}]}<\/script>\n<!-- \/ Yoast SEO plugin. -->","yoast_head_json":{"title":"Zeolite Clinoptilolite Micronizzata e Attivata polvere 100g - Erboristeria Demetra","description":"Il detox naturale pi\u00f9 efficace per rimuovere dal proprio organismo tossine, metalli pensanti ed eliminare i radicali liberi.","robots":{"index":"index","follow":"follow","max-snippet":"max-snippet:-1","max-image-preview":"max-image-preview:large","max-video-preview":"max-video-preview:-1"},"canonical":"https:\/\/www.erboristerie.com\/it\/prodotto\/zeolite-clinoptilolite-micronizzata-e-attivata-polvere-100g\/","og_locale":"en_US","og_type":"article","og_title":"Zeolite Clinoptilolite Micronizzata e Attivata polvere 100g - Erboristeria Demetra","og_description":"Il detox naturale pi\u00f9 efficace per rimuovere dal proprio organismo tossine, metalli pensanti ed eliminare i radicali liberi.","og_url":"https:\/\/www.erboristerie.com\/it\/prodotto\/zeolite-clinoptilolite-micronizzata-e-attivata-polvere-100g\/","og_site_name":"Erboristeria Demetra","article_publisher":"https:\/\/www.facebook.com\/erboristeria.demetra.online","article_modified_time":"2025-07-22T08:16:26+00:00","og_image":[{"width":900,"height":900,"url":"https:\/\/www.erboristerie.com\/wp-content\/uploads\/2025\/07\/00003126-zeolite-clinoptidolite-100-gr-panaherb-erboristerie-com.jpg","type":"image\/jpeg"}],"twitter_card":"summary_large_image","twitter_misc":{"Est. reading time":"1 minute"},"schema":{"@context":"https:\/\/schema.org","@graph":[{"@type":"WebPage","@id":"https:\/\/www.erboristerie.com\/it\/prodotto\/zeolite-clinoptilolite-micronizzata-e-attivata-polvere-100g\/","url":"https:\/\/www.erboristerie.com\/it\/prodotto\/zeolite-clinoptilolite-micronizzata-e-attivata-polvere-100g\/","name":"Zeolite Clinoptilolite Micronizzata e Attivata polvere 100g - Erboristeria Demetra","isPartOf":{"@id":"https:\/\/www.erboristerie.com\/it\/#website"},"primaryImageOfPage":{"@id":"https:\/\/www.erboristerie.com\/it\/prodotto\/zeolite-clinoptilolite-micronizzata-e-attivata-polvere-100g\/#primaryimage"},"image":{"@id":"https:\/\/www.erboristerie.com\/it\/prodotto\/zeolite-clinoptilolite-micronizzata-e-attivata-polvere-100g\/#primaryimage"},"thumbnailUrl":"https:\/\/www.erboristerie.com\/wp-content\/uploads\/2025\/07\/00003126-zeolite-clinoptidolite-100-gr-panaherb-erboristerie-com.jpg","datePublished":"2025-07-17T15:42:29+00:00","dateModified":"2025-07-22T08:16:26+00:00","description":"Il detox naturale pi\u00f9 efficace per rimuovere dal proprio organismo tossine, metalli pensanti ed eliminare i radicali liberi.","breadcrumb":{"@id":"https:\/\/www.erboristerie.com\/it\/prodotto\/zeolite-clinoptilolite-micronizzata-e-attivata-polvere-100g\/#breadcrumb"},"inLanguage":"en-US","potentialAction":[{"@type":"ReadAction","target":["https:\/\/www.erboristerie.com\/it\/prodotto\/zeolite-clinoptilolite-micronizzata-e-attivata-polvere-100g\/"]}]},{"@type":"ImageObject","inLanguage":"en-US","@id":"https:\/\/www.erboristerie.com\/it\/prodotto\/zeolite-clinoptilolite-micronizzata-e-attivata-polvere-100g\/#primaryimage","url":"https:\/\/www.erboristerie.com\/wp-content\/uploads\/2025\/07\/00003126-zeolite-clinoptidolite-100-gr-panaherb-erboristerie-com.jpg","contentUrl":"https:\/\/www.erboristerie.com\/wp-content\/uploads\/2025\/07\/00003126-zeolite-clinoptidolite-100-gr-panaherb-erboristerie-com.jpg","width":900,"height":900},{"@type":"BreadcrumbList","@id":"https:\/\/www.erboristerie.com\/it\/prodotto\/zeolite-clinoptilolite-micronizzata-e-attivata-polvere-100g\/#breadcrumb","itemListElement":[{"@type":"ListItem","position":1,"name":"Home","item":"https:\/\/www.erboristerie.com\/en\/"},{"@type":"ListItem","position":2,"name":"All products","item":"https:\/\/www.erboristerie.com\/en\/all-products\/"},{"@type":"ListItem","position":3,"name":"Zeolite Clinoptilolite Micronizzata e Attivata polvere 100g"}]},{"@type":"WebSite","@id":"https:\/\/www.erboristerie.com\/it\/#website","url":"https:\/\/www.erboristerie.com\/it\/","name":"Erboristeria Demetra","description":"Your natural health","publisher":{"@id":"https:\/\/www.erboristerie.com\/it\/#organization"},"potentialAction":[{"@type":"SearchAction","target":{"@type":"EntryPoint","urlTemplate":"https:\/\/www.erboristerie.com\/it\/?s={search_term_string}"},"query-input":{"@type":"PropertyValueSpecification","valueRequired":true,"valueName":"search_term_string"}}],"inLanguage":"en-US"},{"@type":"Organization","@id":"https:\/\/www.erboristerie.com\/it\/#organization","name":"Erboristeria Demetra","url":"https:\/\/www.erboristerie.com\/it\/","logo":{"@type":"ImageObject","inLanguage":"en-US","@id":"https:\/\/www.erboristerie.com\/it\/#\/schema\/logo\/image\/","url":"https:\/\/www.erboristerie.com\/wp-content\/uploads\/2019\/11\/LOGO_ERBORISTERIA_DEMETRA_original.png?v=1611516981","contentUrl":"https:\/\/www.erboristerie.com\/wp-content\/uploads\/2019\/11\/LOGO_ERBORISTERIA_DEMETRA_original.png?v=1611516981","width":201,"height":54,"caption":"Erboristeria Demetra"},"image":{"@id":"https:\/\/www.erboristerie.com\/it\/#\/schema\/logo\/image\/"},"sameAs":["https:\/\/www.facebook.com\/erboristeria.demetra.online"]}]}},"_links":{"self":[{"href":"https:\/\/www.erboristerie.com\/en\/wp-json\/wp\/v2\/product\/130730","targetHints":{"allow":["GET"]}}],"collection":[{"href":"https:\/\/www.erboristerie.com\/en\/wp-json\/wp\/v2\/product"}],"about":[{"href":"https:\/\/www.erboristerie.com\/en\/wp-json\/wp\/v2\/types\/product"}],"wp:featuredmedia":[{"embeddable":true,"href":"https:\/\/www.erboristerie.com\/en\/wp-json\/wp\/v2\/media\/130731"}],"wp:attachment":[{"href":"https:\/\/www.erboristerie.com\/en\/wp-json\/wp\/v2\/media?parent=130730"}],"wp:term":[{"taxonomy":"product_brand","embeddable":true,"href":"https:\/\/www.erboristerie.com\/en\/wp-json\/wp\/v2\/product_brand?post=130730"},{"taxonomy":"product_cat","embeddable":true,"href":"https:\/\/www.erboristerie.com\/en\/wp-json\/wp\/v2\/product_cat?post=130730"},{"taxonomy":"product_tag","embeddable":true,"href":"https:\/\/www.erboristerie.com\/en\/wp-json\/wp\/v2\/product_tag?post=130730"},{"taxonomy":"giftcard-category","embeddable":true,"href":"https:\/\/www.erboristerie.com\/en\/wp-json\/wp\/v2\/giftcard-category?post=130730"}],"curies":[{"name":"wp","href":"https:\/\/api.w.org\/{rel}","templated":true}]}}