{"id":129294,"date":"2025-02-28T20:58:18","date_gmt":"2025-02-28T19:58:18","guid":{"rendered":"https:\/\/www.erboristerie.com\/?post_type=product&#038;p=129294"},"modified":"2025-12-02T16:00:32","modified_gmt":"2025-12-02T15:00:32","slug":"osmanthus-profumo-50ml-una-fragranza-incredibile-racchiusa-in-un-minuscolo-fiore","status":"publish","type":"product","link":"https:\/\/www.erboristerie.com\/en\/prodotto\/osmanthus-profumo-50ml-una-fragranza-incredibile-racchiusa-in-un-minuscolo-fiore\/","title":{"rendered":"Osmanthus Profumo 50ml Una fragranza incredibile racchiusa in un minuscolo fiore"},"content":{"rendered":"<p><strong> Profumo Osmanthus 50 ml &#8211; L&#8217;Erbolario<\/strong><\/p>\n<p>Una fragranza incredibile racchiusa in un minuscolo fiore.<\/p>\n<p>\u00c8 il fiore d\u2019Osmanto, noto da secoli per il suo eccezionale profumo.<\/p>\n<p>Ed \u00e8 cos\u00ec che, con poche vaporizzazioni, il suo morbido tocco si appogger\u00e0 leggiadro su di voi e vi accompagner\u00e0 per tutta la giornata, preannunciando, come una rasserenante brezza, il vostro passaggio.<\/p>\n<p><strong>Fragranza<\/strong><\/p>\n<p>agrumata, fiorita<br \/>\nProfumo fiorito &#8211; agrumato femminile<\/p>\n<p><strong>Note di<\/strong><\/p>\n<p>Assolute di Osmanto, Angelica e Rosa turca, legno di Amyris e Vaniglia<\/p>\n<p><strong>Ingredienti (INCI)<\/strong><\/p>\n<p class=\"p1\">Denatured Alcohol, Fragrance (Parfum), Water (Aqua), <i>Osmanthus fragrans<\/i> Flower Extract, Tocopheryl Acetate, Citric Acid, Benzyl Alcohol, Benzyl Benzoate, Benzyl Cinnamate, Citral, Citronellol, Eugenol, Farnesol, Geraniol, Hexyl Cinnamal, Hydroxycitronellal, Limonene, Linalool.<\/p>\n<p><strong>Cosa sapere in pi\u00f9<\/strong><\/p>\n<p>100% Made in Italy<br \/>\n7 Metalli testati<br \/>\nDermatologicamente Testato<br \/>\nLAV \u2013 Dalla parte degli animali<br \/>\nSenza ingredienti di derivazione animale<br \/>\n24 MPaO (Period after Opening \u2013 periodo dopo l\u2019apertura)<\/p>\n","protected":false},"excerpt":{"rendered":"<p>Profumo Osmanthus 50 ml &#8211; L&#8217;Erbolario Una fragranza incredibile racchiusa in un minuscolo fiore. \u00c8 il fiore d\u2019Osmanto, noto da secoli per il suo eccezionale profumo. Ed \u00e8 cos\u00ec che, con poche vaporizzazioni, il suo morbido tocco si appogger\u00e0 leggiadro su di voi e vi&#8230;<\/p>\n","protected":false},"featured_media":129299,"template":"","meta":{"_acf_changed":false},"product_brand":[9603],"product_cat":[45042],"product_tag":[10588,11559,12472,10801,12582,17667,17666,12238,12018],"giftcard-category":[],"class_list":{"0":"post-129294","1":"product","2":"type-product","3":"status-publish","4":"has-post-thumbnail","6":"product_brand-erbolario","7":"product_cat-profumi","8":"product_tag-100ml","9":"product_tag-bagnoschiuma","10":"product_tag-iris","11":"product_tag-linea","12":"product_tag-liquido","13":"product_tag-osmanths","14":"product_tag-osmanthus","15":"product_tag-profumo","16":"product_tag-talco","17":"pa_formato-50-ml","18":"pa_linea-profumazione-osmanthus","19":"pa_marca-lerbolario","20":"pa_tipologia-profumo","22":"first","23":"instock","24":"sale","25":"sold-individually","26":"taxable","27":"shipping-taxable","28":"purchasable","29":"product-type-simple"},"acf":[],"yoast_head":"<!-- This site is optimized with the Yoast SEO plugin v24.9 - https:\/\/yoast.com\/wordpress\/plugins\/seo\/ -->\n<title>Osmanthus Profumo 50ml Una fragranza incredibile racchiusa in un minuscolo fiore - Erboristeria Demetra<\/title>\n<meta name=\"description\" content=\"il suo morbido tocco si appogger\u00e0 leggiadro su di voi e vi accompagner\u00e0 per tutta la giornata, preannunciando, come una brezza, il vostro passaggio.\" \/>\n<meta name=\"robots\" content=\"index, follow, max-snippet:-1, max-image-preview:large, max-video-preview:-1\" \/>\n<link rel=\"canonical\" href=\"https:\/\/www.erboristerie.com\/it\/prodotto\/osmanthus-profumo-50ml-una-fragranza-incredibile-racchiusa-in-un-minuscolo-fiore\/\" \/>\n<meta property=\"og:locale\" content=\"en_US\" \/>\n<meta property=\"og:type\" content=\"article\" \/>\n<meta property=\"og:title\" content=\"Osmanthus Profumo 50ml Una fragranza incredibile racchiusa in un minuscolo fiore - Erboristeria Demetra\" \/>\n<meta property=\"og:description\" content=\"il suo morbido tocco si appogger\u00e0 leggiadro su di voi e vi accompagner\u00e0 per tutta la giornata, preannunciando, come una brezza, il vostro passaggio.\" \/>\n<meta property=\"og:url\" content=\"https:\/\/www.erboristerie.com\/it\/prodotto\/osmanthus-profumo-50ml-una-fragranza-incredibile-racchiusa-in-un-minuscolo-fiore\/\" \/>\n<meta property=\"og:site_name\" content=\"Erboristeria Demetra\" \/>\n<meta property=\"article:publisher\" content=\"https:\/\/www.facebook.com\/erboristeria.demetra.online\" \/>\n<meta property=\"article:modified_time\" content=\"2025-12-02T15:00:32+00:00\" \/>\n<meta property=\"og:image\" content=\"https:\/\/www.erboristerie.com\/wp-content\/uploads\/2025\/02\/00002775-profumo-osmanthus-50-ml-erbolario-erboristerie-com.jpg\" \/>\n\t<meta property=\"og:image:width\" content=\"800\" \/>\n\t<meta property=\"og:image:height\" content=\"800\" \/>\n\t<meta property=\"og:image:type\" content=\"image\/jpeg\" \/>\n<meta name=\"twitter:card\" content=\"summary_large_image\" \/>\n<meta name=\"twitter:label1\" content=\"Est. reading time\" \/>\n\t<meta name=\"twitter:data1\" content=\"1 minute\" \/>\n<script type=\"application\/ld+json\" class=\"yoast-schema-graph\">{\"@context\":\"https:\/\/schema.org\",\"@graph\":[{\"@type\":\"WebPage\",\"@id\":\"https:\/\/www.erboristerie.com\/it\/prodotto\/osmanthus-profumo-50ml-una-fragranza-incredibile-racchiusa-in-un-minuscolo-fiore\/\",\"url\":\"https:\/\/www.erboristerie.com\/it\/prodotto\/osmanthus-profumo-50ml-una-fragranza-incredibile-racchiusa-in-un-minuscolo-fiore\/\",\"name\":\"Osmanthus Profumo 50ml Una fragranza incredibile racchiusa in un minuscolo fiore - Erboristeria Demetra\",\"isPartOf\":{\"@id\":\"https:\/\/www.erboristerie.com\/it\/#website\"},\"primaryImageOfPage\":{\"@id\":\"https:\/\/www.erboristerie.com\/it\/prodotto\/osmanthus-profumo-50ml-una-fragranza-incredibile-racchiusa-in-un-minuscolo-fiore\/#primaryimage\"},\"image\":{\"@id\":\"https:\/\/www.erboristerie.com\/it\/prodotto\/osmanthus-profumo-50ml-una-fragranza-incredibile-racchiusa-in-un-minuscolo-fiore\/#primaryimage\"},\"thumbnailUrl\":\"https:\/\/www.erboristerie.com\/wp-content\/uploads\/2025\/02\/00002775-profumo-osmanthus-50-ml-erbolario-erboristerie-com.jpg\",\"datePublished\":\"2025-02-28T19:58:18+00:00\",\"dateModified\":\"2025-12-02T15:00:32+00:00\",\"description\":\"il suo morbido tocco si appogger\u00e0 leggiadro su di voi e vi accompagner\u00e0 per tutta la giornata, preannunciando, come una brezza, il vostro passaggio.\",\"breadcrumb\":{\"@id\":\"https:\/\/www.erboristerie.com\/it\/prodotto\/osmanthus-profumo-50ml-una-fragranza-incredibile-racchiusa-in-un-minuscolo-fiore\/#breadcrumb\"},\"inLanguage\":\"en-US\",\"potentialAction\":[{\"@type\":\"ReadAction\",\"target\":[\"https:\/\/www.erboristerie.com\/it\/prodotto\/osmanthus-profumo-50ml-una-fragranza-incredibile-racchiusa-in-un-minuscolo-fiore\/\"]}]},{\"@type\":\"ImageObject\",\"inLanguage\":\"en-US\",\"@id\":\"https:\/\/www.erboristerie.com\/it\/prodotto\/osmanthus-profumo-50ml-una-fragranza-incredibile-racchiusa-in-un-minuscolo-fiore\/#primaryimage\",\"url\":\"https:\/\/www.erboristerie.com\/wp-content\/uploads\/2025\/02\/00002775-profumo-osmanthus-50-ml-erbolario-erboristerie-com.jpg\",\"contentUrl\":\"https:\/\/www.erboristerie.com\/wp-content\/uploads\/2025\/02\/00002775-profumo-osmanthus-50-ml-erbolario-erboristerie-com.jpg\",\"width\":800,\"height\":800},{\"@type\":\"BreadcrumbList\",\"@id\":\"https:\/\/www.erboristerie.com\/it\/prodotto\/osmanthus-profumo-50ml-una-fragranza-incredibile-racchiusa-in-un-minuscolo-fiore\/#breadcrumb\",\"itemListElement\":[{\"@type\":\"ListItem\",\"position\":1,\"name\":\"Home\",\"item\":\"https:\/\/www.erboristerie.com\/en\/\"},{\"@type\":\"ListItem\",\"position\":2,\"name\":\"All products\",\"item\":\"https:\/\/www.erboristerie.com\/en\/all-products\/\"},{\"@type\":\"ListItem\",\"position\":3,\"name\":\"Osmanthus Profumo 50ml Una fragranza incredibile racchiusa in un minuscolo fiore\"}]},{\"@type\":\"WebSite\",\"@id\":\"https:\/\/www.erboristerie.com\/it\/#website\",\"url\":\"https:\/\/www.erboristerie.com\/it\/\",\"name\":\"Erboristeria Demetra\",\"description\":\"Your natural health\",\"publisher\":{\"@id\":\"https:\/\/www.erboristerie.com\/it\/#organization\"},\"potentialAction\":[{\"@type\":\"SearchAction\",\"target\":{\"@type\":\"EntryPoint\",\"urlTemplate\":\"https:\/\/www.erboristerie.com\/it\/?s={search_term_string}\"},\"query-input\":{\"@type\":\"PropertyValueSpecification\",\"valueRequired\":true,\"valueName\":\"search_term_string\"}}],\"inLanguage\":\"en-US\"},{\"@type\":\"Organization\",\"@id\":\"https:\/\/www.erboristerie.com\/it\/#organization\",\"name\":\"Erboristeria Demetra\",\"url\":\"https:\/\/www.erboristerie.com\/it\/\",\"logo\":{\"@type\":\"ImageObject\",\"inLanguage\":\"en-US\",\"@id\":\"https:\/\/www.erboristerie.com\/it\/#\/schema\/logo\/image\/\",\"url\":\"https:\/\/www.erboristerie.com\/wp-content\/uploads\/2019\/11\/LOGO_ERBORISTERIA_DEMETRA_original.png?v=1611516981\",\"contentUrl\":\"https:\/\/www.erboristerie.com\/wp-content\/uploads\/2019\/11\/LOGO_ERBORISTERIA_DEMETRA_original.png?v=1611516981\",\"width\":201,\"height\":54,\"caption\":\"Erboristeria Demetra\"},\"image\":{\"@id\":\"https:\/\/www.erboristerie.com\/it\/#\/schema\/logo\/image\/\"},\"sameAs\":[\"https:\/\/www.facebook.com\/erboristeria.demetra.online\"]}]}<\/script>\n<!-- \/ Yoast SEO plugin. -->","yoast_head_json":{"title":"Osmanthus Profumo 50ml Una fragranza incredibile racchiusa in un minuscolo fiore - Erboristeria Demetra","description":"il suo morbido tocco si appogger\u00e0 leggiadro su di voi e vi accompagner\u00e0 per tutta la giornata, preannunciando, come una brezza, il vostro passaggio.","robots":{"index":"index","follow":"follow","max-snippet":"max-snippet:-1","max-image-preview":"max-image-preview:large","max-video-preview":"max-video-preview:-1"},"canonical":"https:\/\/www.erboristerie.com\/it\/prodotto\/osmanthus-profumo-50ml-una-fragranza-incredibile-racchiusa-in-un-minuscolo-fiore\/","og_locale":"en_US","og_type":"article","og_title":"Osmanthus Profumo 50ml Una fragranza incredibile racchiusa in un minuscolo fiore - Erboristeria Demetra","og_description":"il suo morbido tocco si appogger\u00e0 leggiadro su di voi e vi accompagner\u00e0 per tutta la giornata, preannunciando, come una brezza, il vostro passaggio.","og_url":"https:\/\/www.erboristerie.com\/it\/prodotto\/osmanthus-profumo-50ml-una-fragranza-incredibile-racchiusa-in-un-minuscolo-fiore\/","og_site_name":"Erboristeria Demetra","article_publisher":"https:\/\/www.facebook.com\/erboristeria.demetra.online","article_modified_time":"2025-12-02T15:00:32+00:00","og_image":[{"width":800,"height":800,"url":"https:\/\/www.erboristerie.com\/wp-content\/uploads\/2025\/02\/00002775-profumo-osmanthus-50-ml-erbolario-erboristerie-com.jpg","type":"image\/jpeg"}],"twitter_card":"summary_large_image","twitter_misc":{"Est. reading time":"1 minute"},"schema":{"@context":"https:\/\/schema.org","@graph":[{"@type":"WebPage","@id":"https:\/\/www.erboristerie.com\/it\/prodotto\/osmanthus-profumo-50ml-una-fragranza-incredibile-racchiusa-in-un-minuscolo-fiore\/","url":"https:\/\/www.erboristerie.com\/it\/prodotto\/osmanthus-profumo-50ml-una-fragranza-incredibile-racchiusa-in-un-minuscolo-fiore\/","name":"Osmanthus Profumo 50ml Una fragranza incredibile racchiusa in un minuscolo fiore - Erboristeria Demetra","isPartOf":{"@id":"https:\/\/www.erboristerie.com\/it\/#website"},"primaryImageOfPage":{"@id":"https:\/\/www.erboristerie.com\/it\/prodotto\/osmanthus-profumo-50ml-una-fragranza-incredibile-racchiusa-in-un-minuscolo-fiore\/#primaryimage"},"image":{"@id":"https:\/\/www.erboristerie.com\/it\/prodotto\/osmanthus-profumo-50ml-una-fragranza-incredibile-racchiusa-in-un-minuscolo-fiore\/#primaryimage"},"thumbnailUrl":"https:\/\/www.erboristerie.com\/wp-content\/uploads\/2025\/02\/00002775-profumo-osmanthus-50-ml-erbolario-erboristerie-com.jpg","datePublished":"2025-02-28T19:58:18+00:00","dateModified":"2025-12-02T15:00:32+00:00","description":"il suo morbido tocco si appogger\u00e0 leggiadro su di voi e vi accompagner\u00e0 per tutta la giornata, preannunciando, come una brezza, il vostro passaggio.","breadcrumb":{"@id":"https:\/\/www.erboristerie.com\/it\/prodotto\/osmanthus-profumo-50ml-una-fragranza-incredibile-racchiusa-in-un-minuscolo-fiore\/#breadcrumb"},"inLanguage":"en-US","potentialAction":[{"@type":"ReadAction","target":["https:\/\/www.erboristerie.com\/it\/prodotto\/osmanthus-profumo-50ml-una-fragranza-incredibile-racchiusa-in-un-minuscolo-fiore\/"]}]},{"@type":"ImageObject","inLanguage":"en-US","@id":"https:\/\/www.erboristerie.com\/it\/prodotto\/osmanthus-profumo-50ml-una-fragranza-incredibile-racchiusa-in-un-minuscolo-fiore\/#primaryimage","url":"https:\/\/www.erboristerie.com\/wp-content\/uploads\/2025\/02\/00002775-profumo-osmanthus-50-ml-erbolario-erboristerie-com.jpg","contentUrl":"https:\/\/www.erboristerie.com\/wp-content\/uploads\/2025\/02\/00002775-profumo-osmanthus-50-ml-erbolario-erboristerie-com.jpg","width":800,"height":800},{"@type":"BreadcrumbList","@id":"https:\/\/www.erboristerie.com\/it\/prodotto\/osmanthus-profumo-50ml-una-fragranza-incredibile-racchiusa-in-un-minuscolo-fiore\/#breadcrumb","itemListElement":[{"@type":"ListItem","position":1,"name":"Home","item":"https:\/\/www.erboristerie.com\/en\/"},{"@type":"ListItem","position":2,"name":"All products","item":"https:\/\/www.erboristerie.com\/en\/all-products\/"},{"@type":"ListItem","position":3,"name":"Osmanthus Profumo 50ml Una fragranza incredibile racchiusa in un minuscolo fiore"}]},{"@type":"WebSite","@id":"https:\/\/www.erboristerie.com\/it\/#website","url":"https:\/\/www.erboristerie.com\/it\/","name":"Erboristeria Demetra","description":"Your natural health","publisher":{"@id":"https:\/\/www.erboristerie.com\/it\/#organization"},"potentialAction":[{"@type":"SearchAction","target":{"@type":"EntryPoint","urlTemplate":"https:\/\/www.erboristerie.com\/it\/?s={search_term_string}"},"query-input":{"@type":"PropertyValueSpecification","valueRequired":true,"valueName":"search_term_string"}}],"inLanguage":"en-US"},{"@type":"Organization","@id":"https:\/\/www.erboristerie.com\/it\/#organization","name":"Erboristeria Demetra","url":"https:\/\/www.erboristerie.com\/it\/","logo":{"@type":"ImageObject","inLanguage":"en-US","@id":"https:\/\/www.erboristerie.com\/it\/#\/schema\/logo\/image\/","url":"https:\/\/www.erboristerie.com\/wp-content\/uploads\/2019\/11\/LOGO_ERBORISTERIA_DEMETRA_original.png?v=1611516981","contentUrl":"https:\/\/www.erboristerie.com\/wp-content\/uploads\/2019\/11\/LOGO_ERBORISTERIA_DEMETRA_original.png?v=1611516981","width":201,"height":54,"caption":"Erboristeria Demetra"},"image":{"@id":"https:\/\/www.erboristerie.com\/it\/#\/schema\/logo\/image\/"},"sameAs":["https:\/\/www.facebook.com\/erboristeria.demetra.online"]}]}},"_links":{"self":[{"href":"https:\/\/www.erboristerie.com\/en\/wp-json\/wp\/v2\/product\/129294","targetHints":{"allow":["GET"]}}],"collection":[{"href":"https:\/\/www.erboristerie.com\/en\/wp-json\/wp\/v2\/product"}],"about":[{"href":"https:\/\/www.erboristerie.com\/en\/wp-json\/wp\/v2\/types\/product"}],"wp:featuredmedia":[{"embeddable":true,"href":"https:\/\/www.erboristerie.com\/en\/wp-json\/wp\/v2\/media\/129299"}],"wp:attachment":[{"href":"https:\/\/www.erboristerie.com\/en\/wp-json\/wp\/v2\/media?parent=129294"}],"wp:term":[{"taxonomy":"product_brand","embeddable":true,"href":"https:\/\/www.erboristerie.com\/en\/wp-json\/wp\/v2\/product_brand?post=129294"},{"taxonomy":"product_cat","embeddable":true,"href":"https:\/\/www.erboristerie.com\/en\/wp-json\/wp\/v2\/product_cat?post=129294"},{"taxonomy":"product_tag","embeddable":true,"href":"https:\/\/www.erboristerie.com\/en\/wp-json\/wp\/v2\/product_tag?post=129294"},{"taxonomy":"giftcard-category","embeddable":true,"href":"https:\/\/www.erboristerie.com\/en\/wp-json\/wp\/v2\/giftcard-category?post=129294"}],"curies":[{"name":"wp","href":"https:\/\/api.w.org\/{rel}","templated":true}]}}