{"id":129283,"date":"2025-02-28T18:43:50","date_gmt":"2025-02-28T17:43:50","guid":{"rendered":"https:\/\/www.erboristerie.com\/?post_type=product&#038;p=129283"},"modified":"2025-07-29T13:52:51","modified_gmt":"2025-07-29T11:52:51","slug":"quercetina-50-capsule-vegetali-solgar-con-bromelina-flavonoidi-rutina-rosa-canina-e-acerola","status":"publish","type":"product","link":"https:\/\/www.erboristerie.com\/en\/prodotto\/quercetina-50-capsule-vegetali-solgar-con-bromelina-flavonoidi-rutina-rosa-canina-e-acerola\/","title":{"rendered":"Quercetina 50 capsule vegetali Solgar con Bromelina, Flavonoidi, Rutina, Rosa canina e Acerola"},"content":{"rendered":"<p><strong>Quercetina 50 capsule vegetali &#8211; Solgar<\/strong><\/p>\n<p>Integratore alimentare con <strong>Quercetina e Vitamina C Ester-C\u00ae*<\/strong>* per il supporto al sistema immunitario.<\/p>\n<p>La <strong>Vitamina C Ester-C\u00ae \u00e8 caratterizzata da elevata biodisponibilit\u00e0 e pH tamponato (non acido)<\/strong> e ben tollerata a livello gastrointestinale.<\/p>\n<p>La formulazione \u00e8 completata da <strong>Bromelina, Flavonoidi, Rutina<\/strong> in associazione a <strong>Rosa canina e Ciliegia acerola<\/strong>.<\/p>\n<p>La Quercetina \u00e8 un flavonoide presente in una grande variet\u00e0 di frutti, verdure e bevande.<\/p>\n<p>I frutti di Rosa canina L. e Ciliegia acerola (Malpighia glabra L.) presentano azione antiossidante, di sostegno e ricostituente.<\/p>\n<p>La Vitamina C contribuisce alla normale funzione del sistema immunitario, alla riduzione della stanchezza e dell&#8217;affaticamento e contribuisce alla protezione delle cellule dallo stress ossidativo.<\/p>\n<p>Inoltre, la Vitamina C contribuisce alla formazione del collagene per la normale funzione di gengive, pelle, cartilagini e ossa.**Ester-C\u00ae \u00e8 marchio registrato.<\/p>\n<p>Certificato KOF-K di Solgar n.K-1250.<\/p>\n<p><strong>Informazioni nutrizionali <\/strong>(Quantit\u00e0 per 1 capsula vegetale):<\/p>\n<p>Vitamina C totale 250 mg (% VNR* 313)<br \/>\nQuercetina 250 mg<br \/>\nBromelina 25 mg<br \/>\nCiliegia acerola estratto secco di frutti (4:1) 25 mg<br \/>\nRosa canina L. frutti polverizzati 25 mg<br \/>\nRutina 5 mg<br \/>\nFlavonoidi 2,5 mg<\/p>\n<p>*% VNR (Valori Nutritivi di Riferimento)<\/p>\n<p><strong>Ingredienti<\/strong><\/p>\n<p>Vitamina C Ester-C\u00ae** (L-Ascorbato di calcio); Quercetina; Agente di rivestimento: Idrossi-propil-metilcellulosa; Bromelina; Flavonoidi; Ciliegia acerola (Malpighia glabra L.) estratto secco (4:1) di frutti; Rosa canina L. frutti polverizzati; Agente antiagglomerante: Magnesio stearato vegetale; Agente di carica: Maltodestrina da mais; Agente antiagglomerante: Biossido di silicio; Rutina; Agente antiagglomerante: Acido stearico vegetale; Agente di carica: Cellulosa microcristallina.<\/p>\n<p><strong>Modo d&#8217;uso<\/strong><\/p>\n<p>Deglutire 1 capsula al giorno, con acqua, preferibilmente lontano dai pasti. Non superare la dose giornaliera raccomandata.<\/p>\n<p><strong>Senza glutine<\/strong><br \/>\n<strong>Senza lattosio<\/strong><br \/>\n<strong>Vegetariano<\/strong><br \/>\n<strong>Vegano<\/strong><\/p>\n","protected":false},"excerpt":{"rendered":"<p>Quercetina 50 capsule vegetali &#8211; Solgar Integratore alimentare con Quercetina e Vitamina C Ester-C\u00ae** per il supporto al sistema immunitario. La Vitamina C Ester-C\u00ae \u00e8 caratterizzata da elevata biodisponibilit\u00e0 e pH tamponato (non acido) e ben tollerata a livello gastrointestinale. La formulazione \u00e8 completata da&#8230;<\/p>\n","protected":false},"featured_media":129278,"template":"","meta":{"_acf_changed":false},"product_brand":[9591],"product_cat":[9855],"product_tag":[10527,10522,10521,10523,10526,10525,18180,10528],"giftcard-category":[],"class_list":{"0":"post-129283","1":"product","2":"type-product","3":"status-publish","4":"has-post-thumbnail","6":"product_brand-solgar","7":"product_cat-sistema-immunitario","8":"product_tag-boro","9":"product_tag-cal","10":"product_tag-calcio","11":"product_tag-donna","12":"product_tag-mag","13":"product_tag-magnes","14":"product_tag-magnesio-2","15":"product_tag-solgar","16":"pa_formato-50-capsule","17":"pa_marca-solgar","18":"pa_tipologia-capsule","20":"first","21":"outofstock","22":"sale","23":"taxable","24":"shipping-taxable","25":"purchasable","26":"product-type-simple"},"acf":[],"yoast_head":"<!-- This site is optimized with the Yoast SEO plugin v24.9 - https:\/\/yoast.com\/wordpress\/plugins\/seo\/ -->\n<title>Quercetina 50 capsule vegetali Solgar con Bromelina, Flavonoidi, Rutina, Rosa canina e Acerola - Erboristeria Demetra<\/title>\n<meta name=\"description\" content=\"Quercetina e Vitamina C Ester-C\u00ae per il supporto al sistema immunitario. La Vitamina C Ester-C\u00ae: elevata biodisponibilit\u00e0 e pH tamponato (non acido)\" \/>\n<meta name=\"robots\" content=\"index, follow, max-snippet:-1, max-image-preview:large, max-video-preview:-1\" \/>\n<link rel=\"canonical\" href=\"https:\/\/www.erboristerie.com\/it\/prodotto\/quercetina-50-capsule-vegetali-solgar-con-bromelina-flavonoidi-rutina-rosa-canina-e-acerola\/\" \/>\n<meta property=\"og:locale\" content=\"en_US\" \/>\n<meta property=\"og:type\" content=\"article\" \/>\n<meta property=\"og:title\" content=\"Quercetina 50 capsule vegetali Solgar con Bromelina, Flavonoidi, Rutina, Rosa canina e Acerola - Erboristeria Demetra\" \/>\n<meta property=\"og:description\" content=\"Quercetina e Vitamina C Ester-C\u00ae per il supporto al sistema immunitario. La Vitamina C Ester-C\u00ae: elevata biodisponibilit\u00e0 e pH tamponato (non acido)\" \/>\n<meta property=\"og:url\" content=\"https:\/\/www.erboristerie.com\/it\/prodotto\/quercetina-50-capsule-vegetali-solgar-con-bromelina-flavonoidi-rutina-rosa-canina-e-acerola\/\" \/>\n<meta property=\"og:site_name\" content=\"Erboristeria Demetra\" \/>\n<meta property=\"article:publisher\" content=\"https:\/\/www.facebook.com\/erboristeria.demetra.online\" \/>\n<meta property=\"article:modified_time\" content=\"2025-07-29T11:52:51+00:00\" \/>\n<meta property=\"og:image\" content=\"https:\/\/www.erboristerie.com\/wp-content\/uploads\/2013\/05\/00001179-quercitina-complex50-caspule-vegetali-solgar-erboristerie-com.jpg\" \/>\n\t<meta property=\"og:image:width\" content=\"800\" \/>\n\t<meta property=\"og:image:height\" content=\"800\" \/>\n\t<meta property=\"og:image:type\" content=\"image\/jpeg\" \/>\n<meta name=\"twitter:card\" content=\"summary_large_image\" \/>\n<meta name=\"twitter:label1\" content=\"Est. reading time\" \/>\n\t<meta name=\"twitter:data1\" content=\"2 minutes\" \/>\n<script type=\"application\/ld+json\" class=\"yoast-schema-graph\">{\"@context\":\"https:\/\/schema.org\",\"@graph\":[{\"@type\":\"WebPage\",\"@id\":\"https:\/\/www.erboristerie.com\/it\/prodotto\/quercetina-50-capsule-vegetali-solgar-con-bromelina-flavonoidi-rutina-rosa-canina-e-acerola\/\",\"url\":\"https:\/\/www.erboristerie.com\/it\/prodotto\/quercetina-50-capsule-vegetali-solgar-con-bromelina-flavonoidi-rutina-rosa-canina-e-acerola\/\",\"name\":\"Quercetina 50 capsule vegetali Solgar con Bromelina, Flavonoidi, Rutina, Rosa canina e Acerola - Erboristeria Demetra\",\"isPartOf\":{\"@id\":\"https:\/\/www.erboristerie.com\/it\/#website\"},\"primaryImageOfPage\":{\"@id\":\"https:\/\/www.erboristerie.com\/it\/prodotto\/quercetina-50-capsule-vegetali-solgar-con-bromelina-flavonoidi-rutina-rosa-canina-e-acerola\/#primaryimage\"},\"image\":{\"@id\":\"https:\/\/www.erboristerie.com\/it\/prodotto\/quercetina-50-capsule-vegetali-solgar-con-bromelina-flavonoidi-rutina-rosa-canina-e-acerola\/#primaryimage\"},\"thumbnailUrl\":\"https:\/\/www.erboristerie.com\/wp-content\/uploads\/2013\/05\/00001179-quercitina-complex50-caspule-vegetali-solgar-erboristerie-com.jpg\",\"datePublished\":\"2025-02-28T17:43:50+00:00\",\"dateModified\":\"2025-07-29T11:52:51+00:00\",\"description\":\"Quercetina e Vitamina C Ester-C\u00ae per il supporto al sistema immunitario. La Vitamina C Ester-C\u00ae: elevata biodisponibilit\u00e0 e pH tamponato (non acido)\",\"breadcrumb\":{\"@id\":\"https:\/\/www.erboristerie.com\/it\/prodotto\/quercetina-50-capsule-vegetali-solgar-con-bromelina-flavonoidi-rutina-rosa-canina-e-acerola\/#breadcrumb\"},\"inLanguage\":\"en-US\",\"potentialAction\":[{\"@type\":\"ReadAction\",\"target\":[\"https:\/\/www.erboristerie.com\/it\/prodotto\/quercetina-50-capsule-vegetali-solgar-con-bromelina-flavonoidi-rutina-rosa-canina-e-acerola\/\"]}]},{\"@type\":\"ImageObject\",\"inLanguage\":\"en-US\",\"@id\":\"https:\/\/www.erboristerie.com\/it\/prodotto\/quercetina-50-capsule-vegetali-solgar-con-bromelina-flavonoidi-rutina-rosa-canina-e-acerola\/#primaryimage\",\"url\":\"https:\/\/www.erboristerie.com\/wp-content\/uploads\/2013\/05\/00001179-quercitina-complex50-caspule-vegetali-solgar-erboristerie-com.jpg\",\"contentUrl\":\"https:\/\/www.erboristerie.com\/wp-content\/uploads\/2013\/05\/00001179-quercitina-complex50-caspule-vegetali-solgar-erboristerie-com.jpg\",\"width\":800,\"height\":800},{\"@type\":\"BreadcrumbList\",\"@id\":\"https:\/\/www.erboristerie.com\/it\/prodotto\/quercetina-50-capsule-vegetali-solgar-con-bromelina-flavonoidi-rutina-rosa-canina-e-acerola\/#breadcrumb\",\"itemListElement\":[{\"@type\":\"ListItem\",\"position\":1,\"name\":\"Home\",\"item\":\"https:\/\/www.erboristerie.com\/en\/\"},{\"@type\":\"ListItem\",\"position\":2,\"name\":\"All products\",\"item\":\"https:\/\/www.erboristerie.com\/en\/all-products\/\"},{\"@type\":\"ListItem\",\"position\":3,\"name\":\"Quercetina 50 capsule vegetali Solgar con Bromelina, Flavonoidi, Rutina, Rosa canina e Acerola\"}]},{\"@type\":\"WebSite\",\"@id\":\"https:\/\/www.erboristerie.com\/it\/#website\",\"url\":\"https:\/\/www.erboristerie.com\/it\/\",\"name\":\"Erboristeria Demetra\",\"description\":\"Your natural health\",\"publisher\":{\"@id\":\"https:\/\/www.erboristerie.com\/it\/#organization\"},\"potentialAction\":[{\"@type\":\"SearchAction\",\"target\":{\"@type\":\"EntryPoint\",\"urlTemplate\":\"https:\/\/www.erboristerie.com\/it\/?s={search_term_string}\"},\"query-input\":{\"@type\":\"PropertyValueSpecification\",\"valueRequired\":true,\"valueName\":\"search_term_string\"}}],\"inLanguage\":\"en-US\"},{\"@type\":\"Organization\",\"@id\":\"https:\/\/www.erboristerie.com\/it\/#organization\",\"name\":\"Erboristeria Demetra\",\"url\":\"https:\/\/www.erboristerie.com\/it\/\",\"logo\":{\"@type\":\"ImageObject\",\"inLanguage\":\"en-US\",\"@id\":\"https:\/\/www.erboristerie.com\/it\/#\/schema\/logo\/image\/\",\"url\":\"https:\/\/www.erboristerie.com\/wp-content\/uploads\/2019\/11\/LOGO_ERBORISTERIA_DEMETRA_original.png?v=1611516981\",\"contentUrl\":\"https:\/\/www.erboristerie.com\/wp-content\/uploads\/2019\/11\/LOGO_ERBORISTERIA_DEMETRA_original.png?v=1611516981\",\"width\":201,\"height\":54,\"caption\":\"Erboristeria Demetra\"},\"image\":{\"@id\":\"https:\/\/www.erboristerie.com\/it\/#\/schema\/logo\/image\/\"},\"sameAs\":[\"https:\/\/www.facebook.com\/erboristeria.demetra.online\"]}]}<\/script>\n<!-- \/ Yoast SEO plugin. -->","yoast_head_json":{"title":"Quercetina 50 capsule vegetali Solgar con Bromelina, Flavonoidi, Rutina, Rosa canina e Acerola - Erboristeria Demetra","description":"Quercetina e Vitamina C Ester-C\u00ae per il supporto al sistema immunitario. La Vitamina C Ester-C\u00ae: elevata biodisponibilit\u00e0 e pH tamponato (non acido)","robots":{"index":"index","follow":"follow","max-snippet":"max-snippet:-1","max-image-preview":"max-image-preview:large","max-video-preview":"max-video-preview:-1"},"canonical":"https:\/\/www.erboristerie.com\/it\/prodotto\/quercetina-50-capsule-vegetali-solgar-con-bromelina-flavonoidi-rutina-rosa-canina-e-acerola\/","og_locale":"en_US","og_type":"article","og_title":"Quercetina 50 capsule vegetali Solgar con Bromelina, Flavonoidi, Rutina, Rosa canina e Acerola - Erboristeria Demetra","og_description":"Quercetina e Vitamina C Ester-C\u00ae per il supporto al sistema immunitario. La Vitamina C Ester-C\u00ae: elevata biodisponibilit\u00e0 e pH tamponato (non acido)","og_url":"https:\/\/www.erboristerie.com\/it\/prodotto\/quercetina-50-capsule-vegetali-solgar-con-bromelina-flavonoidi-rutina-rosa-canina-e-acerola\/","og_site_name":"Erboristeria Demetra","article_publisher":"https:\/\/www.facebook.com\/erboristeria.demetra.online","article_modified_time":"2025-07-29T11:52:51+00:00","og_image":[{"width":800,"height":800,"url":"https:\/\/www.erboristerie.com\/wp-content\/uploads\/2013\/05\/00001179-quercitina-complex50-caspule-vegetali-solgar-erboristerie-com.jpg","type":"image\/jpeg"}],"twitter_card":"summary_large_image","twitter_misc":{"Est. reading time":"2 minutes"},"schema":{"@context":"https:\/\/schema.org","@graph":[{"@type":"WebPage","@id":"https:\/\/www.erboristerie.com\/it\/prodotto\/quercetina-50-capsule-vegetali-solgar-con-bromelina-flavonoidi-rutina-rosa-canina-e-acerola\/","url":"https:\/\/www.erboristerie.com\/it\/prodotto\/quercetina-50-capsule-vegetali-solgar-con-bromelina-flavonoidi-rutina-rosa-canina-e-acerola\/","name":"Quercetina 50 capsule vegetali Solgar con Bromelina, Flavonoidi, Rutina, Rosa canina e Acerola - Erboristeria Demetra","isPartOf":{"@id":"https:\/\/www.erboristerie.com\/it\/#website"},"primaryImageOfPage":{"@id":"https:\/\/www.erboristerie.com\/it\/prodotto\/quercetina-50-capsule-vegetali-solgar-con-bromelina-flavonoidi-rutina-rosa-canina-e-acerola\/#primaryimage"},"image":{"@id":"https:\/\/www.erboristerie.com\/it\/prodotto\/quercetina-50-capsule-vegetali-solgar-con-bromelina-flavonoidi-rutina-rosa-canina-e-acerola\/#primaryimage"},"thumbnailUrl":"https:\/\/www.erboristerie.com\/wp-content\/uploads\/2013\/05\/00001179-quercitina-complex50-caspule-vegetali-solgar-erboristerie-com.jpg","datePublished":"2025-02-28T17:43:50+00:00","dateModified":"2025-07-29T11:52:51+00:00","description":"Quercetina e Vitamina C Ester-C\u00ae per il supporto al sistema immunitario. La Vitamina C Ester-C\u00ae: elevata biodisponibilit\u00e0 e pH tamponato (non acido)","breadcrumb":{"@id":"https:\/\/www.erboristerie.com\/it\/prodotto\/quercetina-50-capsule-vegetali-solgar-con-bromelina-flavonoidi-rutina-rosa-canina-e-acerola\/#breadcrumb"},"inLanguage":"en-US","potentialAction":[{"@type":"ReadAction","target":["https:\/\/www.erboristerie.com\/it\/prodotto\/quercetina-50-capsule-vegetali-solgar-con-bromelina-flavonoidi-rutina-rosa-canina-e-acerola\/"]}]},{"@type":"ImageObject","inLanguage":"en-US","@id":"https:\/\/www.erboristerie.com\/it\/prodotto\/quercetina-50-capsule-vegetali-solgar-con-bromelina-flavonoidi-rutina-rosa-canina-e-acerola\/#primaryimage","url":"https:\/\/www.erboristerie.com\/wp-content\/uploads\/2013\/05\/00001179-quercitina-complex50-caspule-vegetali-solgar-erboristerie-com.jpg","contentUrl":"https:\/\/www.erboristerie.com\/wp-content\/uploads\/2013\/05\/00001179-quercitina-complex50-caspule-vegetali-solgar-erboristerie-com.jpg","width":800,"height":800},{"@type":"BreadcrumbList","@id":"https:\/\/www.erboristerie.com\/it\/prodotto\/quercetina-50-capsule-vegetali-solgar-con-bromelina-flavonoidi-rutina-rosa-canina-e-acerola\/#breadcrumb","itemListElement":[{"@type":"ListItem","position":1,"name":"Home","item":"https:\/\/www.erboristerie.com\/en\/"},{"@type":"ListItem","position":2,"name":"All products","item":"https:\/\/www.erboristerie.com\/en\/all-products\/"},{"@type":"ListItem","position":3,"name":"Quercetina 50 capsule vegetali Solgar con Bromelina, Flavonoidi, Rutina, Rosa canina e Acerola"}]},{"@type":"WebSite","@id":"https:\/\/www.erboristerie.com\/it\/#website","url":"https:\/\/www.erboristerie.com\/it\/","name":"Erboristeria Demetra","description":"Your natural health","publisher":{"@id":"https:\/\/www.erboristerie.com\/it\/#organization"},"potentialAction":[{"@type":"SearchAction","target":{"@type":"EntryPoint","urlTemplate":"https:\/\/www.erboristerie.com\/it\/?s={search_term_string}"},"query-input":{"@type":"PropertyValueSpecification","valueRequired":true,"valueName":"search_term_string"}}],"inLanguage":"en-US"},{"@type":"Organization","@id":"https:\/\/www.erboristerie.com\/it\/#organization","name":"Erboristeria Demetra","url":"https:\/\/www.erboristerie.com\/it\/","logo":{"@type":"ImageObject","inLanguage":"en-US","@id":"https:\/\/www.erboristerie.com\/it\/#\/schema\/logo\/image\/","url":"https:\/\/www.erboristerie.com\/wp-content\/uploads\/2019\/11\/LOGO_ERBORISTERIA_DEMETRA_original.png?v=1611516981","contentUrl":"https:\/\/www.erboristerie.com\/wp-content\/uploads\/2019\/11\/LOGO_ERBORISTERIA_DEMETRA_original.png?v=1611516981","width":201,"height":54,"caption":"Erboristeria Demetra"},"image":{"@id":"https:\/\/www.erboristerie.com\/it\/#\/schema\/logo\/image\/"},"sameAs":["https:\/\/www.facebook.com\/erboristeria.demetra.online"]}]}},"_links":{"self":[{"href":"https:\/\/www.erboristerie.com\/en\/wp-json\/wp\/v2\/product\/129283","targetHints":{"allow":["GET"]}}],"collection":[{"href":"https:\/\/www.erboristerie.com\/en\/wp-json\/wp\/v2\/product"}],"about":[{"href":"https:\/\/www.erboristerie.com\/en\/wp-json\/wp\/v2\/types\/product"}],"wp:featuredmedia":[{"embeddable":true,"href":"https:\/\/www.erboristerie.com\/en\/wp-json\/wp\/v2\/media\/129278"}],"wp:attachment":[{"href":"https:\/\/www.erboristerie.com\/en\/wp-json\/wp\/v2\/media?parent=129283"}],"wp:term":[{"taxonomy":"product_brand","embeddable":true,"href":"https:\/\/www.erboristerie.com\/en\/wp-json\/wp\/v2\/product_brand?post=129283"},{"taxonomy":"product_cat","embeddable":true,"href":"https:\/\/www.erboristerie.com\/en\/wp-json\/wp\/v2\/product_cat?post=129283"},{"taxonomy":"product_tag","embeddable":true,"href":"https:\/\/www.erboristerie.com\/en\/wp-json\/wp\/v2\/product_tag?post=129283"},{"taxonomy":"giftcard-category","embeddable":true,"href":"https:\/\/www.erboristerie.com\/en\/wp-json\/wp\/v2\/giftcard-category?post=129283"}],"curies":[{"name":"wp","href":"https:\/\/api.w.org\/{rel}","templated":true}]}}