{"id":128202,"date":"2024-12-28T18:18:15","date_gmt":"2024-12-28T17:18:15","guid":{"rendered":"https:\/\/www.erboristerie.com\/?post_type=product&#038;p=128202"},"modified":"2025-04-04T09:25:37","modified_gmt":"2025-04-04T07:25:37","slug":"veravis-supremo-loriginale-liquido-analcolico-disponibile-in-vari-formati-dr-giorgini","status":"publish","type":"product","link":"https:\/\/www.erboristerie.com\/en\/prodotto\/veravis-supremo-loriginale-liquido-analcolico-disponibile-in-vari-formati-dr-giorgini\/","title":{"rendered":"Veravis L&#8217;Originale (quello con Aloe) liquido analcolico disponibile in vari formati dr. Giorgini"},"content":{"rendered":"<p><strong>Veravis l&#8217;Originale (quello con Aloe) liquido analcolico disponibile in vari formati &#8211; dr. Giorgini<\/strong><\/p>\n<p>Aloe, frangula, rabarbaro e cicoria favoriscono la regolarit\u00e0 del transito intestinale.<\/p>\n<p>Genziana, cannella e chiodi di garofano sono utili per promuovere la funzione digestiva e l\u2019eliminazione dei gas intestinali<\/p>\n<p><strong>Consigli d&#8217;uso<\/strong><\/p>\n<p>Si consiglia l\u2019assunzione quotidiana della quantit\u00e0 utile per favorire la regolarit\u00e0 intestinale, a seconda della sensibilit\u00e0 individuale da 2 a 10 ml diluiti in acqua, una volta al giorno in qualunque momento.<\/p>\n<p>Suggerito prima di cena o prima di coricarsi.<\/p>\n<p>Poche gocce (3-10) in un bicchiere d\u2019acqua come aperitivo o digestivo.<\/p>\n<p>Agitare prima dell\u2019uso.<\/p>\n<p>Contagocce graduato incluso nella confezione.<\/p>\n<p>Conservare il prodotto fuori dal frigorifero anche dopo l&#8217;apertura.<\/p>\n<p><strong>Ingredienti<\/strong><\/p>\n<p>Glicerina vegetale bidistillata, acqua pura, aloe (Aloe vera) linfa o succo delle foglie E.I.L., frangula (Rhamnus frangula) cortecce E.I.L., genziana (Gentiana lutea) radici E.I.L., cicoria (Cichorium intybus) radici E.I.L., rabarbaro cinese (Rheum palmatum) rizomi E.I.L., cannella (Cinnamomum zeylanicum) cortecce E.I.L., chiodi di garofano (Eugenia caryophyllata) gemme floreali E.I.L.<\/p>\n<p><strong>Informazioni aggiuntive<\/strong><\/p>\n<p>E.I.L.= Estratto integrale liquido. L\u2019estrazione delle piante eseguita da noi in azienda viene effettuata sottovuoto e a bassa temperatura per preservare integri tutti i principi attivi e nutritivi, cio\u00e8 il fitocomplesso.<\/p>\n<p>L\u2019eventuale presenza di resine e oli essenziali in superficie e\/o di sedimento sul fondo sono indice di qualit\u00e0 del prodotto, infatti essi costituiscono la frazione insolubile in acqua del fitocomplesso.<\/p>\n","protected":false},"excerpt":{"rendered":"<p>Veravis l&#8217;Originale (quello con Aloe) liquido analcolico disponibile in vari formati &#8211; dr. Giorgini Aloe, frangula, rabarbaro e cicoria favoriscono la regolarit\u00e0 del transito intestinale. Genziana, cannella e chiodi di garofano sono utili per promuovere la funzione digestiva e l\u2019eliminazione dei gas intestinali Consigli d&#8217;uso&#8230;<\/p>\n","protected":false},"featured_media":128164,"template":"","meta":{"_acf_changed":false},"product_brand":[9598],"product_cat":[46262,10163,9787],"product_tag":[],"giftcard-category":[],"class_list":{"0":"post-128202","1":"product","2":"type-product","3":"status-publish","4":"has-post-thumbnail","6":"product_brand-dr-giorgini-martino-ser-vis","7":"product_cat-dr-apparato-digerente","8":"product_cat-linea-oro-classica","9":"product_cat-benessere-gastro-intestinale","10":"pa_formato-100-ml","11":"pa_formato-200-ml","12":"pa_formato-500-ml","13":"pa_linea-linea-oro","14":"pa_marca-dr-giorgini","15":"pa_tipologia-liquido","17":"first","18":"instock","19":"taxable","20":"shipping-taxable","21":"purchasable","22":"product-type-variable"},"acf":[],"yoast_head":"<!-- This site is optimized with the Yoast SEO plugin v24.9 - https:\/\/yoast.com\/wordpress\/plugins\/seo\/ -->\n<title>Veravis L&#039;Originale (quello con Aloe) liquido analcolico disponibile in vari formati dr. Giorgini - Erboristeria Demetra<\/title>\n<meta name=\"description\" content=\"Aloe, frangula, rabarbaro e cicoria favoriscono la regolarit\u00e0 del transito intestinale. Genziana, cannella e chiodi di garofano per la funzione digestiva\" \/>\n<meta name=\"robots\" content=\"index, follow, max-snippet:-1, max-image-preview:large, max-video-preview:-1\" \/>\n<link rel=\"canonical\" href=\"https:\/\/www.erboristerie.com\/it\/prodotto\/veravis-supremo-loriginale-liquido-analcolico-disponibile-in-vari-formati-dr-giorgini\/\" \/>\n<meta property=\"og:locale\" content=\"en_US\" \/>\n<meta property=\"og:type\" content=\"article\" \/>\n<meta property=\"og:title\" content=\"Veravis L&#039;Originale (quello con Aloe) liquido analcolico disponibile in vari formati dr. Giorgini - Erboristeria Demetra\" \/>\n<meta property=\"og:description\" content=\"Aloe, frangula, rabarbaro e cicoria favoriscono la regolarit\u00e0 del transito intestinale. Genziana, cannella e chiodi di garofano per la funzione digestiva\" \/>\n<meta property=\"og:url\" content=\"https:\/\/www.erboristerie.com\/it\/prodotto\/veravis-supremo-loriginale-liquido-analcolico-disponibile-in-vari-formati-dr-giorgini\/\" \/>\n<meta property=\"og:site_name\" content=\"Erboristeria Demetra\" \/>\n<meta property=\"article:publisher\" content=\"https:\/\/www.facebook.com\/erboristeria.demetra.online\" \/>\n<meta property=\"article:modified_time\" content=\"2025-04-04T07:25:37+00:00\" \/>\n<meta property=\"og:image\" content=\"https:\/\/www.erboristerie.com\/wp-content\/uploads\/2024\/10\/00009731-veravis-originale-liquido-analcolico-100-ml-dottor-giorgini-erboristerie-com.jpg\" \/>\n\t<meta property=\"og:image:width\" content=\"1200\" \/>\n\t<meta property=\"og:image:height\" content=\"1200\" \/>\n\t<meta property=\"og:image:type\" content=\"image\/jpeg\" \/>\n<meta name=\"twitter:card\" content=\"summary_large_image\" \/>\n<meta name=\"twitter:label1\" content=\"Est. reading time\" \/>\n\t<meta name=\"twitter:data1\" content=\"2 minutes\" \/>\n<script type=\"application\/ld+json\" class=\"yoast-schema-graph\">{\"@context\":\"https:\/\/schema.org\",\"@graph\":[{\"@type\":\"WebPage\",\"@id\":\"https:\/\/www.erboristerie.com\/it\/prodotto\/veravis-supremo-loriginale-liquido-analcolico-disponibile-in-vari-formati-dr-giorgini\/\",\"url\":\"https:\/\/www.erboristerie.com\/it\/prodotto\/veravis-supremo-loriginale-liquido-analcolico-disponibile-in-vari-formati-dr-giorgini\/\",\"name\":\"Veravis L'Originale (quello con Aloe) liquido analcolico disponibile in vari formati dr. Giorgini - Erboristeria Demetra\",\"isPartOf\":{\"@id\":\"https:\/\/www.erboristerie.com\/it\/#website\"},\"primaryImageOfPage\":{\"@id\":\"https:\/\/www.erboristerie.com\/it\/prodotto\/veravis-supremo-loriginale-liquido-analcolico-disponibile-in-vari-formati-dr-giorgini\/#primaryimage\"},\"image\":{\"@id\":\"https:\/\/www.erboristerie.com\/it\/prodotto\/veravis-supremo-loriginale-liquido-analcolico-disponibile-in-vari-formati-dr-giorgini\/#primaryimage\"},\"thumbnailUrl\":\"https:\/\/www.erboristerie.com\/wp-content\/uploads\/2024\/10\/00009731-veravis-originale-liquido-analcolico-100-ml-dottor-giorgini-erboristerie-com.jpg\",\"datePublished\":\"2024-12-28T17:18:15+00:00\",\"dateModified\":\"2025-04-04T07:25:37+00:00\",\"description\":\"Aloe, frangula, rabarbaro e cicoria favoriscono la regolarit\u00e0 del transito intestinale. Genziana, cannella e chiodi di garofano per la funzione digestiva\",\"breadcrumb\":{\"@id\":\"https:\/\/www.erboristerie.com\/it\/prodotto\/veravis-supremo-loriginale-liquido-analcolico-disponibile-in-vari-formati-dr-giorgini\/#breadcrumb\"},\"inLanguage\":\"en-US\",\"potentialAction\":[{\"@type\":\"ReadAction\",\"target\":[\"https:\/\/www.erboristerie.com\/it\/prodotto\/veravis-supremo-loriginale-liquido-analcolico-disponibile-in-vari-formati-dr-giorgini\/\"]}]},{\"@type\":\"ImageObject\",\"inLanguage\":\"en-US\",\"@id\":\"https:\/\/www.erboristerie.com\/it\/prodotto\/veravis-supremo-loriginale-liquido-analcolico-disponibile-in-vari-formati-dr-giorgini\/#primaryimage\",\"url\":\"https:\/\/www.erboristerie.com\/wp-content\/uploads\/2024\/10\/00009731-veravis-originale-liquido-analcolico-100-ml-dottor-giorgini-erboristerie-com.jpg\",\"contentUrl\":\"https:\/\/www.erboristerie.com\/wp-content\/uploads\/2024\/10\/00009731-veravis-originale-liquido-analcolico-100-ml-dottor-giorgini-erboristerie-com.jpg\",\"width\":1200,\"height\":1200},{\"@type\":\"BreadcrumbList\",\"@id\":\"https:\/\/www.erboristerie.com\/it\/prodotto\/veravis-supremo-loriginale-liquido-analcolico-disponibile-in-vari-formati-dr-giorgini\/#breadcrumb\",\"itemListElement\":[{\"@type\":\"ListItem\",\"position\":1,\"name\":\"Home\",\"item\":\"https:\/\/www.erboristerie.com\/en\/\"},{\"@type\":\"ListItem\",\"position\":2,\"name\":\"All products\",\"item\":\"https:\/\/www.erboristerie.com\/en\/all-products\/\"},{\"@type\":\"ListItem\",\"position\":3,\"name\":\"Veravis L&#8217;Originale (quello con Aloe) liquido analcolico disponibile in vari formati dr. Giorgini\"}]},{\"@type\":\"WebSite\",\"@id\":\"https:\/\/www.erboristerie.com\/it\/#website\",\"url\":\"https:\/\/www.erboristerie.com\/it\/\",\"name\":\"Erboristeria Demetra\",\"description\":\"Your natural health\",\"publisher\":{\"@id\":\"https:\/\/www.erboristerie.com\/it\/#organization\"},\"potentialAction\":[{\"@type\":\"SearchAction\",\"target\":{\"@type\":\"EntryPoint\",\"urlTemplate\":\"https:\/\/www.erboristerie.com\/it\/?s={search_term_string}\"},\"query-input\":{\"@type\":\"PropertyValueSpecification\",\"valueRequired\":true,\"valueName\":\"search_term_string\"}}],\"inLanguage\":\"en-US\"},{\"@type\":\"Organization\",\"@id\":\"https:\/\/www.erboristerie.com\/it\/#organization\",\"name\":\"Erboristeria Demetra\",\"url\":\"https:\/\/www.erboristerie.com\/it\/\",\"logo\":{\"@type\":\"ImageObject\",\"inLanguage\":\"en-US\",\"@id\":\"https:\/\/www.erboristerie.com\/it\/#\/schema\/logo\/image\/\",\"url\":\"https:\/\/www.erboristerie.com\/wp-content\/uploads\/2019\/11\/LOGO_ERBORISTERIA_DEMETRA_original.png?v=1611516981\",\"contentUrl\":\"https:\/\/www.erboristerie.com\/wp-content\/uploads\/2019\/11\/LOGO_ERBORISTERIA_DEMETRA_original.png?v=1611516981\",\"width\":201,\"height\":54,\"caption\":\"Erboristeria Demetra\"},\"image\":{\"@id\":\"https:\/\/www.erboristerie.com\/it\/#\/schema\/logo\/image\/\"},\"sameAs\":[\"https:\/\/www.facebook.com\/erboristeria.demetra.online\"]}]}<\/script>\n<!-- \/ Yoast SEO plugin. -->","yoast_head_json":{"title":"Veravis L'Originale (quello con Aloe) liquido analcolico disponibile in vari formati dr. Giorgini - Erboristeria Demetra","description":"Aloe, frangula, rabarbaro e cicoria favoriscono la regolarit\u00e0 del transito intestinale. Genziana, cannella e chiodi di garofano per la funzione digestiva","robots":{"index":"index","follow":"follow","max-snippet":"max-snippet:-1","max-image-preview":"max-image-preview:large","max-video-preview":"max-video-preview:-1"},"canonical":"https:\/\/www.erboristerie.com\/it\/prodotto\/veravis-supremo-loriginale-liquido-analcolico-disponibile-in-vari-formati-dr-giorgini\/","og_locale":"en_US","og_type":"article","og_title":"Veravis L'Originale (quello con Aloe) liquido analcolico disponibile in vari formati dr. Giorgini - Erboristeria Demetra","og_description":"Aloe, frangula, rabarbaro e cicoria favoriscono la regolarit\u00e0 del transito intestinale. Genziana, cannella e chiodi di garofano per la funzione digestiva","og_url":"https:\/\/www.erboristerie.com\/it\/prodotto\/veravis-supremo-loriginale-liquido-analcolico-disponibile-in-vari-formati-dr-giorgini\/","og_site_name":"Erboristeria Demetra","article_publisher":"https:\/\/www.facebook.com\/erboristeria.demetra.online","article_modified_time":"2025-04-04T07:25:37+00:00","og_image":[{"width":1200,"height":1200,"url":"https:\/\/www.erboristerie.com\/wp-content\/uploads\/2024\/10\/00009731-veravis-originale-liquido-analcolico-100-ml-dottor-giorgini-erboristerie-com.jpg","type":"image\/jpeg"}],"twitter_card":"summary_large_image","twitter_misc":{"Est. reading time":"2 minutes"},"schema":{"@context":"https:\/\/schema.org","@graph":[{"@type":"WebPage","@id":"https:\/\/www.erboristerie.com\/it\/prodotto\/veravis-supremo-loriginale-liquido-analcolico-disponibile-in-vari-formati-dr-giorgini\/","url":"https:\/\/www.erboristerie.com\/it\/prodotto\/veravis-supremo-loriginale-liquido-analcolico-disponibile-in-vari-formati-dr-giorgini\/","name":"Veravis L'Originale (quello con Aloe) liquido analcolico disponibile in vari formati dr. Giorgini - Erboristeria Demetra","isPartOf":{"@id":"https:\/\/www.erboristerie.com\/it\/#website"},"primaryImageOfPage":{"@id":"https:\/\/www.erboristerie.com\/it\/prodotto\/veravis-supremo-loriginale-liquido-analcolico-disponibile-in-vari-formati-dr-giorgini\/#primaryimage"},"image":{"@id":"https:\/\/www.erboristerie.com\/it\/prodotto\/veravis-supremo-loriginale-liquido-analcolico-disponibile-in-vari-formati-dr-giorgini\/#primaryimage"},"thumbnailUrl":"https:\/\/www.erboristerie.com\/wp-content\/uploads\/2024\/10\/00009731-veravis-originale-liquido-analcolico-100-ml-dottor-giorgini-erboristerie-com.jpg","datePublished":"2024-12-28T17:18:15+00:00","dateModified":"2025-04-04T07:25:37+00:00","description":"Aloe, frangula, rabarbaro e cicoria favoriscono la regolarit\u00e0 del transito intestinale. Genziana, cannella e chiodi di garofano per la funzione digestiva","breadcrumb":{"@id":"https:\/\/www.erboristerie.com\/it\/prodotto\/veravis-supremo-loriginale-liquido-analcolico-disponibile-in-vari-formati-dr-giorgini\/#breadcrumb"},"inLanguage":"en-US","potentialAction":[{"@type":"ReadAction","target":["https:\/\/www.erboristerie.com\/it\/prodotto\/veravis-supremo-loriginale-liquido-analcolico-disponibile-in-vari-formati-dr-giorgini\/"]}]},{"@type":"ImageObject","inLanguage":"en-US","@id":"https:\/\/www.erboristerie.com\/it\/prodotto\/veravis-supremo-loriginale-liquido-analcolico-disponibile-in-vari-formati-dr-giorgini\/#primaryimage","url":"https:\/\/www.erboristerie.com\/wp-content\/uploads\/2024\/10\/00009731-veravis-originale-liquido-analcolico-100-ml-dottor-giorgini-erboristerie-com.jpg","contentUrl":"https:\/\/www.erboristerie.com\/wp-content\/uploads\/2024\/10\/00009731-veravis-originale-liquido-analcolico-100-ml-dottor-giorgini-erboristerie-com.jpg","width":1200,"height":1200},{"@type":"BreadcrumbList","@id":"https:\/\/www.erboristerie.com\/it\/prodotto\/veravis-supremo-loriginale-liquido-analcolico-disponibile-in-vari-formati-dr-giorgini\/#breadcrumb","itemListElement":[{"@type":"ListItem","position":1,"name":"Home","item":"https:\/\/www.erboristerie.com\/en\/"},{"@type":"ListItem","position":2,"name":"All products","item":"https:\/\/www.erboristerie.com\/en\/all-products\/"},{"@type":"ListItem","position":3,"name":"Veravis L&#8217;Originale (quello con Aloe) liquido analcolico disponibile in vari formati dr. Giorgini"}]},{"@type":"WebSite","@id":"https:\/\/www.erboristerie.com\/it\/#website","url":"https:\/\/www.erboristerie.com\/it\/","name":"Erboristeria Demetra","description":"Your natural health","publisher":{"@id":"https:\/\/www.erboristerie.com\/it\/#organization"},"potentialAction":[{"@type":"SearchAction","target":{"@type":"EntryPoint","urlTemplate":"https:\/\/www.erboristerie.com\/it\/?s={search_term_string}"},"query-input":{"@type":"PropertyValueSpecification","valueRequired":true,"valueName":"search_term_string"}}],"inLanguage":"en-US"},{"@type":"Organization","@id":"https:\/\/www.erboristerie.com\/it\/#organization","name":"Erboristeria Demetra","url":"https:\/\/www.erboristerie.com\/it\/","logo":{"@type":"ImageObject","inLanguage":"en-US","@id":"https:\/\/www.erboristerie.com\/it\/#\/schema\/logo\/image\/","url":"https:\/\/www.erboristerie.com\/wp-content\/uploads\/2019\/11\/LOGO_ERBORISTERIA_DEMETRA_original.png?v=1611516981","contentUrl":"https:\/\/www.erboristerie.com\/wp-content\/uploads\/2019\/11\/LOGO_ERBORISTERIA_DEMETRA_original.png?v=1611516981","width":201,"height":54,"caption":"Erboristeria Demetra"},"image":{"@id":"https:\/\/www.erboristerie.com\/it\/#\/schema\/logo\/image\/"},"sameAs":["https:\/\/www.facebook.com\/erboristeria.demetra.online"]}]}},"_links":{"self":[{"href":"https:\/\/www.erboristerie.com\/en\/wp-json\/wp\/v2\/product\/128202","targetHints":{"allow":["GET"]}}],"collection":[{"href":"https:\/\/www.erboristerie.com\/en\/wp-json\/wp\/v2\/product"}],"about":[{"href":"https:\/\/www.erboristerie.com\/en\/wp-json\/wp\/v2\/types\/product"}],"wp:featuredmedia":[{"embeddable":true,"href":"https:\/\/www.erboristerie.com\/en\/wp-json\/wp\/v2\/media\/128164"}],"wp:attachment":[{"href":"https:\/\/www.erboristerie.com\/en\/wp-json\/wp\/v2\/media?parent=128202"}],"wp:term":[{"taxonomy":"product_brand","embeddable":true,"href":"https:\/\/www.erboristerie.com\/en\/wp-json\/wp\/v2\/product_brand?post=128202"},{"taxonomy":"product_cat","embeddable":true,"href":"https:\/\/www.erboristerie.com\/en\/wp-json\/wp\/v2\/product_cat?post=128202"},{"taxonomy":"product_tag","embeddable":true,"href":"https:\/\/www.erboristerie.com\/en\/wp-json\/wp\/v2\/product_tag?post=128202"},{"taxonomy":"giftcard-category","embeddable":true,"href":"https:\/\/www.erboristerie.com\/en\/wp-json\/wp\/v2\/giftcard-category?post=128202"}],"curies":[{"name":"wp","href":"https:\/\/api.w.org\/{rel}","templated":true}]}}