{"id":127010,"date":"2024-09-18T21:20:52","date_gmt":"2024-09-18T19:20:52","guid":{"rendered":"https:\/\/www.erboristerie.com\/?post_type=product&#038;p=127010"},"modified":"2025-09-10T18:54:56","modified_gmt":"2025-09-10T16:54:56","slug":"vetiver-shampoodoccia-250ml-novita-lerbolario","status":"publish","type":"product","link":"https:\/\/www.erboristerie.com\/en\/prodotto\/vetiver-shampoodoccia-250ml-novita-lerbolario\/","title":{"rendered":"Vetiver Shampoodoccia 250ml Novit\u00e0 L&#8217;Erbolario"},"content":{"rendered":"<p><strong>Vetiver Shampoodoccia 250ml &#8211; L&#8217;Erbolario<\/strong><\/p>\n<p><strong>Fragranza<\/strong>: agrumata, legnosa<\/p>\n<p>L\u2019estratto e l\u2019acqua distillata ottenuti dalle radici del Vetiver, straordinaria pianta tropicale, rendono unico questo Shampoo Doccia grazie alla loro efficace azione tonificante.<\/p>\n<p>La presenza degli Aminoacidi tensioattivati da Tapioca e da Canna da Zucchero assicura a corpo e capelli una detersione delicata, efficace e confortevole.<\/p>\n<p>La fragranza di Vetiver aggiunge carattere a questa ricetta, perfetta per chi ama coniugare semplicit\u00e0 e praticit\u00e0 al piacere di prendersi cura di s\u00e9.<\/p>\n<p><strong>Consigli d&#8217;uso<\/strong><\/p>\n<p>Una modica quantit\u00e0 di pro-dotto basta per un ricco shampoo sostantivante e per detergere il corpo con tanta schiuma.<\/p>\n<p><strong>Sostanze funzionali<\/strong><\/p>\n<p>Estratto e acqua distillata di Vetiver, Aminoacidi tensioattivati da Tapioca e da Canna da Zucchero.<\/p>\n<p>Senza siliconi, parabeni, tensioattivi solfati e petrolati<\/p>\n<p>96% ingredienti di origine naturale<\/p>\n<p>La restante percentuale di ingredienti garantisce stabilit\u00e0 e gradevolezza del prodotto.<\/p>\n<p><strong>Ingredienti (INCI)<\/strong><\/p>\n<p>Aqua (Water), Vetiveria Zizanoides Root Water, Lauryl Glucoside, Sodium Cocoyl Glutamate, Sodium Cocoyl Barley Amino Acids, Parfum (Fragrance), Decyl Glucoside, Vetiveria Zizanoides Root Extract, Glycerin, Disodium Cocoyl Glutamate, Starch Hydroxypropyltrimonium Chloride, Xanthan Gum, Glyceryl Oleate, Citric Acid, Lactic Acid, Sodium Lactate, Sodium Chloride, Urea, Benzyl Alcohol, Hexamethylindanopyran, Limonene, Linalyl Acetate, Pogostemon Cablin Oil, Tetramethyl Acetyloctahydronaphthalenes, Benzoic Acid, Potassium Sorbate, Sodium Benzoate<\/p>\n<p>Cosa sapere in pi\u00f9<\/p>\n<p>100% Made in Italy<br \/>\n8 Metalli testati<br \/>\nDermatologicamente Testato<br \/>\nLAV &#8211; Dalla parte degli animali<br \/>\nSenza ingredienti di derivazione animale<\/p>\n","protected":false},"excerpt":{"rendered":"<p>Vetiver Shampoodoccia 250ml &#8211; L&#8217;Erbolario Fragranza: agrumata, legnosa L\u2019estratto e l\u2019acqua distillata ottenuti dalle radici del Vetiver, straordinaria pianta tropicale, rendono unico questo Shampoo Doccia grazie alla loro efficace azione tonificante. La presenza degli Aminoacidi tensioattivati da Tapioca e da Canna da Zucchero assicura a&#8230;<\/p>\n","protected":false},"featured_media":127102,"template":"","meta":{"_acf_changed":false},"product_brand":[9603],"product_cat":[45044],"product_tag":[],"giftcard-category":[],"class_list":{"0":"post-127010","1":"product","2":"type-product","3":"status-publish","4":"has-post-thumbnail","6":"product_brand-erbolario","7":"product_cat-detergenza","8":"pa_formato-250-ml","9":"pa_linea-profumazione-vetiver","10":"pa_marca-lerbolario","11":"pa_tipologia-shampodoccia","13":"first","14":"instock","15":"sale","16":"taxable","17":"shipping-taxable","18":"purchasable","19":"product-type-simple"},"acf":[],"yoast_head":"<!-- This site is optimized with the Yoast SEO plugin v24.9 - https:\/\/yoast.com\/wordpress\/plugins\/seo\/ -->\n<title>Vetiver Shampoodoccia 250ml Novit\u00e0 L&#039;Erbolario - Erboristeria Demetra<\/title>\n<meta name=\"description\" content=\"La fragranza di Vetiver aggiunge carattere a questa ricetta, perfetta per chi ama coniugare semplicit\u00e0 e praticit\u00e0 al piacere di prendersi cura di s\u00e9.\" \/>\n<meta name=\"robots\" content=\"index, follow, max-snippet:-1, max-image-preview:large, max-video-preview:-1\" \/>\n<link rel=\"canonical\" href=\"https:\/\/www.erboristerie.com\/it\/prodotto\/vetiver-shampoodoccia-250ml-novita-lerbolario\/\" \/>\n<meta property=\"og:locale\" content=\"en_US\" \/>\n<meta property=\"og:type\" content=\"article\" \/>\n<meta property=\"og:title\" content=\"Vetiver Shampoodoccia 250ml Novit\u00e0 L&#039;Erbolario - Erboristeria Demetra\" \/>\n<meta property=\"og:description\" content=\"La fragranza di Vetiver aggiunge carattere a questa ricetta, perfetta per chi ama coniugare semplicit\u00e0 e praticit\u00e0 al piacere di prendersi cura di s\u00e9.\" \/>\n<meta property=\"og:url\" content=\"https:\/\/www.erboristerie.com\/it\/prodotto\/vetiver-shampoodoccia-250ml-novita-lerbolario\/\" \/>\n<meta property=\"og:site_name\" content=\"Erboristeria Demetra\" \/>\n<meta property=\"article:publisher\" content=\"https:\/\/www.facebook.com\/erboristeria.demetra.online\" \/>\n<meta property=\"article:modified_time\" content=\"2025-09-10T16:54:56+00:00\" \/>\n<meta property=\"og:image\" content=\"https:\/\/www.erboristerie.com\/wp-content\/uploads\/2024\/09\/00011556_vetiver_shampoodoccia_erbolario_erboristerie_com.jpg\" \/>\n\t<meta property=\"og:image:width\" content=\"850\" \/>\n\t<meta property=\"og:image:height\" content=\"850\" \/>\n\t<meta property=\"og:image:type\" content=\"image\/jpeg\" \/>\n<meta name=\"twitter:card\" content=\"summary_large_image\" \/>\n<meta name=\"twitter:label1\" content=\"Est. reading time\" \/>\n\t<meta name=\"twitter:data1\" content=\"2 minutes\" \/>\n<script type=\"application\/ld+json\" class=\"yoast-schema-graph\">{\"@context\":\"https:\/\/schema.org\",\"@graph\":[{\"@type\":\"WebPage\",\"@id\":\"https:\/\/www.erboristerie.com\/it\/prodotto\/vetiver-shampoodoccia-250ml-novita-lerbolario\/\",\"url\":\"https:\/\/www.erboristerie.com\/it\/prodotto\/vetiver-shampoodoccia-250ml-novita-lerbolario\/\",\"name\":\"Vetiver Shampoodoccia 250ml Novit\u00e0 L'Erbolario - Erboristeria Demetra\",\"isPartOf\":{\"@id\":\"https:\/\/www.erboristerie.com\/it\/#website\"},\"primaryImageOfPage\":{\"@id\":\"https:\/\/www.erboristerie.com\/it\/prodotto\/vetiver-shampoodoccia-250ml-novita-lerbolario\/#primaryimage\"},\"image\":{\"@id\":\"https:\/\/www.erboristerie.com\/it\/prodotto\/vetiver-shampoodoccia-250ml-novita-lerbolario\/#primaryimage\"},\"thumbnailUrl\":\"https:\/\/www.erboristerie.com\/wp-content\/uploads\/2024\/09\/00011556_vetiver_shampoodoccia_erbolario_erboristerie_com.jpg\",\"datePublished\":\"2024-09-18T19:20:52+00:00\",\"dateModified\":\"2025-09-10T16:54:56+00:00\",\"description\":\"La fragranza di Vetiver aggiunge carattere a questa ricetta, perfetta per chi ama coniugare semplicit\u00e0 e praticit\u00e0 al piacere di prendersi cura di s\u00e9.\",\"breadcrumb\":{\"@id\":\"https:\/\/www.erboristerie.com\/it\/prodotto\/vetiver-shampoodoccia-250ml-novita-lerbolario\/#breadcrumb\"},\"inLanguage\":\"en-US\",\"potentialAction\":[{\"@type\":\"ReadAction\",\"target\":[\"https:\/\/www.erboristerie.com\/it\/prodotto\/vetiver-shampoodoccia-250ml-novita-lerbolario\/\"]}]},{\"@type\":\"ImageObject\",\"inLanguage\":\"en-US\",\"@id\":\"https:\/\/www.erboristerie.com\/it\/prodotto\/vetiver-shampoodoccia-250ml-novita-lerbolario\/#primaryimage\",\"url\":\"https:\/\/www.erboristerie.com\/wp-content\/uploads\/2024\/09\/00011556_vetiver_shampoodoccia_erbolario_erboristerie_com.jpg\",\"contentUrl\":\"https:\/\/www.erboristerie.com\/wp-content\/uploads\/2024\/09\/00011556_vetiver_shampoodoccia_erbolario_erboristerie_com.jpg\",\"width\":850,\"height\":850},{\"@type\":\"BreadcrumbList\",\"@id\":\"https:\/\/www.erboristerie.com\/it\/prodotto\/vetiver-shampoodoccia-250ml-novita-lerbolario\/#breadcrumb\",\"itemListElement\":[{\"@type\":\"ListItem\",\"position\":1,\"name\":\"Home\",\"item\":\"https:\/\/www.erboristerie.com\/en\/\"},{\"@type\":\"ListItem\",\"position\":2,\"name\":\"All products\",\"item\":\"https:\/\/www.erboristerie.com\/en\/all-products\/\"},{\"@type\":\"ListItem\",\"position\":3,\"name\":\"Vetiver Shampoodoccia 250ml Novit\u00e0 L&#8217;Erbolario\"}]},{\"@type\":\"WebSite\",\"@id\":\"https:\/\/www.erboristerie.com\/it\/#website\",\"url\":\"https:\/\/www.erboristerie.com\/it\/\",\"name\":\"Erboristeria Demetra\",\"description\":\"Your natural health\",\"publisher\":{\"@id\":\"https:\/\/www.erboristerie.com\/it\/#organization\"},\"potentialAction\":[{\"@type\":\"SearchAction\",\"target\":{\"@type\":\"EntryPoint\",\"urlTemplate\":\"https:\/\/www.erboristerie.com\/it\/?s={search_term_string}\"},\"query-input\":{\"@type\":\"PropertyValueSpecification\",\"valueRequired\":true,\"valueName\":\"search_term_string\"}}],\"inLanguage\":\"en-US\"},{\"@type\":\"Organization\",\"@id\":\"https:\/\/www.erboristerie.com\/it\/#organization\",\"name\":\"Erboristeria Demetra\",\"url\":\"https:\/\/www.erboristerie.com\/it\/\",\"logo\":{\"@type\":\"ImageObject\",\"inLanguage\":\"en-US\",\"@id\":\"https:\/\/www.erboristerie.com\/it\/#\/schema\/logo\/image\/\",\"url\":\"https:\/\/www.erboristerie.com\/wp-content\/uploads\/2019\/11\/LOGO_ERBORISTERIA_DEMETRA_original.png?v=1611516981\",\"contentUrl\":\"https:\/\/www.erboristerie.com\/wp-content\/uploads\/2019\/11\/LOGO_ERBORISTERIA_DEMETRA_original.png?v=1611516981\",\"width\":201,\"height\":54,\"caption\":\"Erboristeria Demetra\"},\"image\":{\"@id\":\"https:\/\/www.erboristerie.com\/it\/#\/schema\/logo\/image\/\"},\"sameAs\":[\"https:\/\/www.facebook.com\/erboristeria.demetra.online\"]}]}<\/script>\n<!-- \/ Yoast SEO plugin. -->","yoast_head_json":{"title":"Vetiver Shampoodoccia 250ml Novit\u00e0 L'Erbolario - Erboristeria Demetra","description":"La fragranza di Vetiver aggiunge carattere a questa ricetta, perfetta per chi ama coniugare semplicit\u00e0 e praticit\u00e0 al piacere di prendersi cura di s\u00e9.","robots":{"index":"index","follow":"follow","max-snippet":"max-snippet:-1","max-image-preview":"max-image-preview:large","max-video-preview":"max-video-preview:-1"},"canonical":"https:\/\/www.erboristerie.com\/it\/prodotto\/vetiver-shampoodoccia-250ml-novita-lerbolario\/","og_locale":"en_US","og_type":"article","og_title":"Vetiver Shampoodoccia 250ml Novit\u00e0 L'Erbolario - Erboristeria Demetra","og_description":"La fragranza di Vetiver aggiunge carattere a questa ricetta, perfetta per chi ama coniugare semplicit\u00e0 e praticit\u00e0 al piacere di prendersi cura di s\u00e9.","og_url":"https:\/\/www.erboristerie.com\/it\/prodotto\/vetiver-shampoodoccia-250ml-novita-lerbolario\/","og_site_name":"Erboristeria Demetra","article_publisher":"https:\/\/www.facebook.com\/erboristeria.demetra.online","article_modified_time":"2025-09-10T16:54:56+00:00","og_image":[{"width":850,"height":850,"url":"https:\/\/www.erboristerie.com\/wp-content\/uploads\/2024\/09\/00011556_vetiver_shampoodoccia_erbolario_erboristerie_com.jpg","type":"image\/jpeg"}],"twitter_card":"summary_large_image","twitter_misc":{"Est. reading time":"2 minutes"},"schema":{"@context":"https:\/\/schema.org","@graph":[{"@type":"WebPage","@id":"https:\/\/www.erboristerie.com\/it\/prodotto\/vetiver-shampoodoccia-250ml-novita-lerbolario\/","url":"https:\/\/www.erboristerie.com\/it\/prodotto\/vetiver-shampoodoccia-250ml-novita-lerbolario\/","name":"Vetiver Shampoodoccia 250ml Novit\u00e0 L'Erbolario - Erboristeria Demetra","isPartOf":{"@id":"https:\/\/www.erboristerie.com\/it\/#website"},"primaryImageOfPage":{"@id":"https:\/\/www.erboristerie.com\/it\/prodotto\/vetiver-shampoodoccia-250ml-novita-lerbolario\/#primaryimage"},"image":{"@id":"https:\/\/www.erboristerie.com\/it\/prodotto\/vetiver-shampoodoccia-250ml-novita-lerbolario\/#primaryimage"},"thumbnailUrl":"https:\/\/www.erboristerie.com\/wp-content\/uploads\/2024\/09\/00011556_vetiver_shampoodoccia_erbolario_erboristerie_com.jpg","datePublished":"2024-09-18T19:20:52+00:00","dateModified":"2025-09-10T16:54:56+00:00","description":"La fragranza di Vetiver aggiunge carattere a questa ricetta, perfetta per chi ama coniugare semplicit\u00e0 e praticit\u00e0 al piacere di prendersi cura di s\u00e9.","breadcrumb":{"@id":"https:\/\/www.erboristerie.com\/it\/prodotto\/vetiver-shampoodoccia-250ml-novita-lerbolario\/#breadcrumb"},"inLanguage":"en-US","potentialAction":[{"@type":"ReadAction","target":["https:\/\/www.erboristerie.com\/it\/prodotto\/vetiver-shampoodoccia-250ml-novita-lerbolario\/"]}]},{"@type":"ImageObject","inLanguage":"en-US","@id":"https:\/\/www.erboristerie.com\/it\/prodotto\/vetiver-shampoodoccia-250ml-novita-lerbolario\/#primaryimage","url":"https:\/\/www.erboristerie.com\/wp-content\/uploads\/2024\/09\/00011556_vetiver_shampoodoccia_erbolario_erboristerie_com.jpg","contentUrl":"https:\/\/www.erboristerie.com\/wp-content\/uploads\/2024\/09\/00011556_vetiver_shampoodoccia_erbolario_erboristerie_com.jpg","width":850,"height":850},{"@type":"BreadcrumbList","@id":"https:\/\/www.erboristerie.com\/it\/prodotto\/vetiver-shampoodoccia-250ml-novita-lerbolario\/#breadcrumb","itemListElement":[{"@type":"ListItem","position":1,"name":"Home","item":"https:\/\/www.erboristerie.com\/en\/"},{"@type":"ListItem","position":2,"name":"All products","item":"https:\/\/www.erboristerie.com\/en\/all-products\/"},{"@type":"ListItem","position":3,"name":"Vetiver Shampoodoccia 250ml Novit\u00e0 L&#8217;Erbolario"}]},{"@type":"WebSite","@id":"https:\/\/www.erboristerie.com\/it\/#website","url":"https:\/\/www.erboristerie.com\/it\/","name":"Erboristeria Demetra","description":"Your natural health","publisher":{"@id":"https:\/\/www.erboristerie.com\/it\/#organization"},"potentialAction":[{"@type":"SearchAction","target":{"@type":"EntryPoint","urlTemplate":"https:\/\/www.erboristerie.com\/it\/?s={search_term_string}"},"query-input":{"@type":"PropertyValueSpecification","valueRequired":true,"valueName":"search_term_string"}}],"inLanguage":"en-US"},{"@type":"Organization","@id":"https:\/\/www.erboristerie.com\/it\/#organization","name":"Erboristeria Demetra","url":"https:\/\/www.erboristerie.com\/it\/","logo":{"@type":"ImageObject","inLanguage":"en-US","@id":"https:\/\/www.erboristerie.com\/it\/#\/schema\/logo\/image\/","url":"https:\/\/www.erboristerie.com\/wp-content\/uploads\/2019\/11\/LOGO_ERBORISTERIA_DEMETRA_original.png?v=1611516981","contentUrl":"https:\/\/www.erboristerie.com\/wp-content\/uploads\/2019\/11\/LOGO_ERBORISTERIA_DEMETRA_original.png?v=1611516981","width":201,"height":54,"caption":"Erboristeria Demetra"},"image":{"@id":"https:\/\/www.erboristerie.com\/it\/#\/schema\/logo\/image\/"},"sameAs":["https:\/\/www.facebook.com\/erboristeria.demetra.online"]}]}},"_links":{"self":[{"href":"https:\/\/www.erboristerie.com\/en\/wp-json\/wp\/v2\/product\/127010","targetHints":{"allow":["GET"]}}],"collection":[{"href":"https:\/\/www.erboristerie.com\/en\/wp-json\/wp\/v2\/product"}],"about":[{"href":"https:\/\/www.erboristerie.com\/en\/wp-json\/wp\/v2\/types\/product"}],"wp:featuredmedia":[{"embeddable":true,"href":"https:\/\/www.erboristerie.com\/en\/wp-json\/wp\/v2\/media\/127102"}],"wp:attachment":[{"href":"https:\/\/www.erboristerie.com\/en\/wp-json\/wp\/v2\/media?parent=127010"}],"wp:term":[{"taxonomy":"product_brand","embeddable":true,"href":"https:\/\/www.erboristerie.com\/en\/wp-json\/wp\/v2\/product_brand?post=127010"},{"taxonomy":"product_cat","embeddable":true,"href":"https:\/\/www.erboristerie.com\/en\/wp-json\/wp\/v2\/product_cat?post=127010"},{"taxonomy":"product_tag","embeddable":true,"href":"https:\/\/www.erboristerie.com\/en\/wp-json\/wp\/v2\/product_tag?post=127010"},{"taxonomy":"giftcard-category","embeddable":true,"href":"https:\/\/www.erboristerie.com\/en\/wp-json\/wp\/v2\/giftcard-category?post=127010"}],"curies":[{"name":"wp","href":"https:\/\/api.w.org\/{rel}","templated":true}]}}