{"id":126565,"date":"2024-07-30T19:13:10","date_gmt":"2024-07-30T17:13:10","guid":{"rendered":"https:\/\/www.erboristerie.com\/?post_type=product&#038;p=126565"},"modified":"2025-11-13T18:20:33","modified_gmt":"2025-11-13T17:20:33","slug":"nac-n-acetilcisteina-90-capsule-vegetali-pana-herb","status":"publish","type":"product","link":"https:\/\/www.erboristerie.com\/en\/prodotto\/nac-n-acetilcisteina-90-capsule-vegetali-pana-herb\/","title":{"rendered":"NAC N-Acetilcisteina 90 capsule vegetali Pana Herb"},"content":{"rendered":"<p><strong>NAC N-Acetilcisteina 90 capsule vegetali da 300mg &#8211; Pana Herb<\/strong><\/p>\n<p>La N-Acetilcisteina \u00e8 un importante agente riducente, noto quindi soprattutto per le spiccate propriet\u00e0 antiossidanti.<\/p>\n<p>Oltre alla capacit\u00e0 di rigenerare il Glutatione, uno dei pi\u00f9 importanti antiossidanti a disposizione dell&#8217;organismo umano, la N-Acetilcisteina si \u00e8 dimostrata efficace anche come agente antiapoptotico.<\/p>\n<p>Quest&#8217;ultima attivit\u00e0 \u00e8 risultata particolarmente preziosa a livello pancreatico, salvaguardando numero e funzionalit\u00e0 delle cellule Beta, e a livello nervoso, preservando la vitalit\u00e0 delle cellule nervose (neuroni).<\/p>\n<p>Infine, la capacit\u00e0 di ridurre i ponti disolfuro presenti nelle mucoproteine, ha donato alla N-Acetilcisteina anche un attivit\u00e0\u00a0mucolitica.<\/p>\n<p><strong>Ingredienti<\/strong><\/p>\n<p>N-Acetilcisteina NAC (da fermentazione di cereali), eccipiente: amido di Tapioca; capsula: idrossipropilmetilcellulosa.<\/p>\n<p><strong>Dose giornaliera raccomandata<\/strong><\/p>\n<p>2 capsule al mattino preferibilmente prima di colazione<\/p>\n<p><strong>Tenore per dose giornaliera<\/strong><\/p>\n<p>2 capsula contengono 600 mg di NAC N-Acetilcisteina<\/p>\n","protected":false},"excerpt":{"rendered":"<p>NAC N-Acetilcisteina 90 capsule vegetali da 300mg &#8211; Pana Herb La N-Acetilcisteina \u00e8 un importante agente riducente, noto quindi soprattutto per le spiccate propriet\u00e0 antiossidanti. Oltre alla capacit\u00e0 di rigenerare il Glutatione, uno dei pi\u00f9 importanti antiossidanti a disposizione dell&#8217;organismo umano, la N-Acetilcisteina si \u00e8&#8230;<\/p>\n","protected":false},"featured_media":126566,"template":"","meta":{"_acf_changed":false},"product_brand":[49071],"product_cat":[9823],"product_tag":[],"giftcard-category":[],"class_list":{"0":"post-126565","1":"product","2":"type-product","3":"status-publish","4":"has-post-thumbnail","6":"product_brand-pana-herb","7":"product_cat-benessere-ardio-ascolare","8":"pa_formato-90-capsule","9":"pa_marca-pana-herb","10":"pa_tipologia-capsule","12":"first","13":"instock","14":"taxable","15":"shipping-taxable","16":"purchasable","17":"product-type-simple"},"acf":[],"yoast_head":"<!-- This site is optimized with the Yoast SEO plugin v24.9 - https:\/\/yoast.com\/wordpress\/plugins\/seo\/ -->\n<title>NAC N-Acetilcisteina 90 capsule vegetali Pana Herb - Erboristeria Demetra<\/title>\n<meta name=\"description\" content=\"La N-Acetilcisteina (NAC) ha spiccate propriet\u00e0 antiossidanti,oltre alla capacit\u00e0 di rigenerare il Glutatione.\" \/>\n<meta name=\"robots\" content=\"index, follow, max-snippet:-1, max-image-preview:large, max-video-preview:-1\" \/>\n<link rel=\"canonical\" href=\"https:\/\/www.erboristerie.com\/it\/prodotto\/nac-n-acetilcisteina-90-capsule-vegetali-pana-herb\/\" \/>\n<meta property=\"og:locale\" content=\"en_US\" \/>\n<meta property=\"og:type\" content=\"article\" \/>\n<meta property=\"og:title\" content=\"NAC N-Acetilcisteina 90 capsule vegetali Pana Herb - Erboristeria Demetra\" \/>\n<meta property=\"og:description\" content=\"La N-Acetilcisteina (NAC) ha spiccate propriet\u00e0 antiossidanti,oltre alla capacit\u00e0 di rigenerare il Glutatione.\" \/>\n<meta property=\"og:url\" content=\"https:\/\/www.erboristerie.com\/it\/prodotto\/nac-n-acetilcisteina-90-capsule-vegetali-pana-herb\/\" \/>\n<meta property=\"og:site_name\" content=\"Erboristeria Demetra\" \/>\n<meta property=\"article:publisher\" content=\"https:\/\/www.facebook.com\/erboristeria.demetra.online\" \/>\n<meta property=\"article:modified_time\" content=\"2025-11-13T17:20:33+00:00\" \/>\n<meta property=\"og:image\" content=\"https:\/\/www.erboristerie.com\/wp-content\/uploads\/2024\/07\/00002968-nac-n-acetilcisteina-erboristerie-com.jpg\" \/>\n\t<meta property=\"og:image:width\" content=\"600\" \/>\n\t<meta property=\"og:image:height\" content=\"600\" \/>\n\t<meta property=\"og:image:type\" content=\"image\/jpeg\" \/>\n<meta name=\"twitter:card\" content=\"summary_large_image\" \/>\n<meta name=\"twitter:label1\" content=\"Est. reading time\" \/>\n\t<meta name=\"twitter:data1\" content=\"1 minute\" \/>\n<script type=\"application\/ld+json\" class=\"yoast-schema-graph\">{\"@context\":\"https:\/\/schema.org\",\"@graph\":[{\"@type\":\"WebPage\",\"@id\":\"https:\/\/www.erboristerie.com\/it\/prodotto\/nac-n-acetilcisteina-90-capsule-vegetali-pana-herb\/\",\"url\":\"https:\/\/www.erboristerie.com\/it\/prodotto\/nac-n-acetilcisteina-90-capsule-vegetali-pana-herb\/\",\"name\":\"NAC N-Acetilcisteina 90 capsule vegetali Pana Herb - Erboristeria Demetra\",\"isPartOf\":{\"@id\":\"https:\/\/www.erboristerie.com\/it\/#website\"},\"primaryImageOfPage\":{\"@id\":\"https:\/\/www.erboristerie.com\/it\/prodotto\/nac-n-acetilcisteina-90-capsule-vegetali-pana-herb\/#primaryimage\"},\"image\":{\"@id\":\"https:\/\/www.erboristerie.com\/it\/prodotto\/nac-n-acetilcisteina-90-capsule-vegetali-pana-herb\/#primaryimage\"},\"thumbnailUrl\":\"https:\/\/www.erboristerie.com\/wp-content\/uploads\/2024\/07\/00002968-nac-n-acetilcisteina-erboristerie-com.jpg\",\"datePublished\":\"2024-07-30T17:13:10+00:00\",\"dateModified\":\"2025-11-13T17:20:33+00:00\",\"description\":\"La N-Acetilcisteina (NAC) ha spiccate propriet\u00e0 antiossidanti,oltre alla capacit\u00e0 di rigenerare il Glutatione.\",\"breadcrumb\":{\"@id\":\"https:\/\/www.erboristerie.com\/it\/prodotto\/nac-n-acetilcisteina-90-capsule-vegetali-pana-herb\/#breadcrumb\"},\"inLanguage\":\"en-US\",\"potentialAction\":[{\"@type\":\"ReadAction\",\"target\":[\"https:\/\/www.erboristerie.com\/it\/prodotto\/nac-n-acetilcisteina-90-capsule-vegetali-pana-herb\/\"]}]},{\"@type\":\"ImageObject\",\"inLanguage\":\"en-US\",\"@id\":\"https:\/\/www.erboristerie.com\/it\/prodotto\/nac-n-acetilcisteina-90-capsule-vegetali-pana-herb\/#primaryimage\",\"url\":\"https:\/\/www.erboristerie.com\/wp-content\/uploads\/2024\/07\/00002968-nac-n-acetilcisteina-erboristerie-com.jpg\",\"contentUrl\":\"https:\/\/www.erboristerie.com\/wp-content\/uploads\/2024\/07\/00002968-nac-n-acetilcisteina-erboristerie-com.jpg\",\"width\":600,\"height\":600},{\"@type\":\"BreadcrumbList\",\"@id\":\"https:\/\/www.erboristerie.com\/it\/prodotto\/nac-n-acetilcisteina-90-capsule-vegetali-pana-herb\/#breadcrumb\",\"itemListElement\":[{\"@type\":\"ListItem\",\"position\":1,\"name\":\"Home\",\"item\":\"https:\/\/www.erboristerie.com\/en\/\"},{\"@type\":\"ListItem\",\"position\":2,\"name\":\"All products\",\"item\":\"https:\/\/www.erboristerie.com\/en\/all-products\/\"},{\"@type\":\"ListItem\",\"position\":3,\"name\":\"NAC N-Acetilcisteina 90 capsule vegetali Pana Herb\"}]},{\"@type\":\"WebSite\",\"@id\":\"https:\/\/www.erboristerie.com\/it\/#website\",\"url\":\"https:\/\/www.erboristerie.com\/it\/\",\"name\":\"Erboristeria Demetra\",\"description\":\"Your natural health\",\"publisher\":{\"@id\":\"https:\/\/www.erboristerie.com\/it\/#organization\"},\"potentialAction\":[{\"@type\":\"SearchAction\",\"target\":{\"@type\":\"EntryPoint\",\"urlTemplate\":\"https:\/\/www.erboristerie.com\/it\/?s={search_term_string}\"},\"query-input\":{\"@type\":\"PropertyValueSpecification\",\"valueRequired\":true,\"valueName\":\"search_term_string\"}}],\"inLanguage\":\"en-US\"},{\"@type\":\"Organization\",\"@id\":\"https:\/\/www.erboristerie.com\/it\/#organization\",\"name\":\"Erboristeria Demetra\",\"url\":\"https:\/\/www.erboristerie.com\/it\/\",\"logo\":{\"@type\":\"ImageObject\",\"inLanguage\":\"en-US\",\"@id\":\"https:\/\/www.erboristerie.com\/it\/#\/schema\/logo\/image\/\",\"url\":\"https:\/\/www.erboristerie.com\/wp-content\/uploads\/2019\/11\/LOGO_ERBORISTERIA_DEMETRA_original.png?v=1611516981\",\"contentUrl\":\"https:\/\/www.erboristerie.com\/wp-content\/uploads\/2019\/11\/LOGO_ERBORISTERIA_DEMETRA_original.png?v=1611516981\",\"width\":201,\"height\":54,\"caption\":\"Erboristeria Demetra\"},\"image\":{\"@id\":\"https:\/\/www.erboristerie.com\/it\/#\/schema\/logo\/image\/\"},\"sameAs\":[\"https:\/\/www.facebook.com\/erboristeria.demetra.online\"]}]}<\/script>\n<!-- \/ Yoast SEO plugin. -->","yoast_head_json":{"title":"NAC N-Acetilcisteina 90 capsule vegetali Pana Herb - Erboristeria Demetra","description":"La N-Acetilcisteina (NAC) ha spiccate propriet\u00e0 antiossidanti,oltre alla capacit\u00e0 di rigenerare il Glutatione.","robots":{"index":"index","follow":"follow","max-snippet":"max-snippet:-1","max-image-preview":"max-image-preview:large","max-video-preview":"max-video-preview:-1"},"canonical":"https:\/\/www.erboristerie.com\/it\/prodotto\/nac-n-acetilcisteina-90-capsule-vegetali-pana-herb\/","og_locale":"en_US","og_type":"article","og_title":"NAC N-Acetilcisteina 90 capsule vegetali Pana Herb - Erboristeria Demetra","og_description":"La N-Acetilcisteina (NAC) ha spiccate propriet\u00e0 antiossidanti,oltre alla capacit\u00e0 di rigenerare il Glutatione.","og_url":"https:\/\/www.erboristerie.com\/it\/prodotto\/nac-n-acetilcisteina-90-capsule-vegetali-pana-herb\/","og_site_name":"Erboristeria Demetra","article_publisher":"https:\/\/www.facebook.com\/erboristeria.demetra.online","article_modified_time":"2025-11-13T17:20:33+00:00","og_image":[{"width":600,"height":600,"url":"https:\/\/www.erboristerie.com\/wp-content\/uploads\/2024\/07\/00002968-nac-n-acetilcisteina-erboristerie-com.jpg","type":"image\/jpeg"}],"twitter_card":"summary_large_image","twitter_misc":{"Est. reading time":"1 minute"},"schema":{"@context":"https:\/\/schema.org","@graph":[{"@type":"WebPage","@id":"https:\/\/www.erboristerie.com\/it\/prodotto\/nac-n-acetilcisteina-90-capsule-vegetali-pana-herb\/","url":"https:\/\/www.erboristerie.com\/it\/prodotto\/nac-n-acetilcisteina-90-capsule-vegetali-pana-herb\/","name":"NAC N-Acetilcisteina 90 capsule vegetali Pana Herb - Erboristeria Demetra","isPartOf":{"@id":"https:\/\/www.erboristerie.com\/it\/#website"},"primaryImageOfPage":{"@id":"https:\/\/www.erboristerie.com\/it\/prodotto\/nac-n-acetilcisteina-90-capsule-vegetali-pana-herb\/#primaryimage"},"image":{"@id":"https:\/\/www.erboristerie.com\/it\/prodotto\/nac-n-acetilcisteina-90-capsule-vegetali-pana-herb\/#primaryimage"},"thumbnailUrl":"https:\/\/www.erboristerie.com\/wp-content\/uploads\/2024\/07\/00002968-nac-n-acetilcisteina-erboristerie-com.jpg","datePublished":"2024-07-30T17:13:10+00:00","dateModified":"2025-11-13T17:20:33+00:00","description":"La N-Acetilcisteina (NAC) ha spiccate propriet\u00e0 antiossidanti,oltre alla capacit\u00e0 di rigenerare il Glutatione.","breadcrumb":{"@id":"https:\/\/www.erboristerie.com\/it\/prodotto\/nac-n-acetilcisteina-90-capsule-vegetali-pana-herb\/#breadcrumb"},"inLanguage":"en-US","potentialAction":[{"@type":"ReadAction","target":["https:\/\/www.erboristerie.com\/it\/prodotto\/nac-n-acetilcisteina-90-capsule-vegetali-pana-herb\/"]}]},{"@type":"ImageObject","inLanguage":"en-US","@id":"https:\/\/www.erboristerie.com\/it\/prodotto\/nac-n-acetilcisteina-90-capsule-vegetali-pana-herb\/#primaryimage","url":"https:\/\/www.erboristerie.com\/wp-content\/uploads\/2024\/07\/00002968-nac-n-acetilcisteina-erboristerie-com.jpg","contentUrl":"https:\/\/www.erboristerie.com\/wp-content\/uploads\/2024\/07\/00002968-nac-n-acetilcisteina-erboristerie-com.jpg","width":600,"height":600},{"@type":"BreadcrumbList","@id":"https:\/\/www.erboristerie.com\/it\/prodotto\/nac-n-acetilcisteina-90-capsule-vegetali-pana-herb\/#breadcrumb","itemListElement":[{"@type":"ListItem","position":1,"name":"Home","item":"https:\/\/www.erboristerie.com\/en\/"},{"@type":"ListItem","position":2,"name":"All products","item":"https:\/\/www.erboristerie.com\/en\/all-products\/"},{"@type":"ListItem","position":3,"name":"NAC N-Acetilcisteina 90 capsule vegetali Pana Herb"}]},{"@type":"WebSite","@id":"https:\/\/www.erboristerie.com\/it\/#website","url":"https:\/\/www.erboristerie.com\/it\/","name":"Erboristeria Demetra","description":"Your natural health","publisher":{"@id":"https:\/\/www.erboristerie.com\/it\/#organization"},"potentialAction":[{"@type":"SearchAction","target":{"@type":"EntryPoint","urlTemplate":"https:\/\/www.erboristerie.com\/it\/?s={search_term_string}"},"query-input":{"@type":"PropertyValueSpecification","valueRequired":true,"valueName":"search_term_string"}}],"inLanguage":"en-US"},{"@type":"Organization","@id":"https:\/\/www.erboristerie.com\/it\/#organization","name":"Erboristeria Demetra","url":"https:\/\/www.erboristerie.com\/it\/","logo":{"@type":"ImageObject","inLanguage":"en-US","@id":"https:\/\/www.erboristerie.com\/it\/#\/schema\/logo\/image\/","url":"https:\/\/www.erboristerie.com\/wp-content\/uploads\/2019\/11\/LOGO_ERBORISTERIA_DEMETRA_original.png?v=1611516981","contentUrl":"https:\/\/www.erboristerie.com\/wp-content\/uploads\/2019\/11\/LOGO_ERBORISTERIA_DEMETRA_original.png?v=1611516981","width":201,"height":54,"caption":"Erboristeria Demetra"},"image":{"@id":"https:\/\/www.erboristerie.com\/it\/#\/schema\/logo\/image\/"},"sameAs":["https:\/\/www.facebook.com\/erboristeria.demetra.online"]}]}},"_links":{"self":[{"href":"https:\/\/www.erboristerie.com\/en\/wp-json\/wp\/v2\/product\/126565","targetHints":{"allow":["GET"]}}],"collection":[{"href":"https:\/\/www.erboristerie.com\/en\/wp-json\/wp\/v2\/product"}],"about":[{"href":"https:\/\/www.erboristerie.com\/en\/wp-json\/wp\/v2\/types\/product"}],"wp:featuredmedia":[{"embeddable":true,"href":"https:\/\/www.erboristerie.com\/en\/wp-json\/wp\/v2\/media\/126566"}],"wp:attachment":[{"href":"https:\/\/www.erboristerie.com\/en\/wp-json\/wp\/v2\/media?parent=126565"}],"wp:term":[{"taxonomy":"product_brand","embeddable":true,"href":"https:\/\/www.erboristerie.com\/en\/wp-json\/wp\/v2\/product_brand?post=126565"},{"taxonomy":"product_cat","embeddable":true,"href":"https:\/\/www.erboristerie.com\/en\/wp-json\/wp\/v2\/product_cat?post=126565"},{"taxonomy":"product_tag","embeddable":true,"href":"https:\/\/www.erboristerie.com\/en\/wp-json\/wp\/v2\/product_tag?post=126565"},{"taxonomy":"giftcard-category","embeddable":true,"href":"https:\/\/www.erboristerie.com\/en\/wp-json\/wp\/v2\/giftcard-category?post=126565"}],"curies":[{"name":"wp","href":"https:\/\/api.w.org\/{rel}","templated":true}]}}