{"id":126148,"date":"2024-05-25T12:17:06","date_gmt":"2024-05-25T10:17:06","guid":{"rendered":"https:\/\/www.erboristerie.com\/?post_type=product&#038;p=126148"},"modified":"2025-09-10T18:54:09","modified_gmt":"2025-09-10T16:54:09","slug":"bagnoschiuma-addolcente-con-estratto-di-pistacchio-di-sicilia-erbolario","status":"publish","type":"product","link":"https:\/\/www.erboristerie.com\/en\/prodotto\/bagnoschiuma-addolcente-con-estratto-di-pistacchio-di-sicilia-erbolario\/","title":{"rendered":"Bagnoschiuma Addolcente con estratto di Pistacchio di Sicilia Erbolario"},"content":{"rendered":"<p><strong>Bagnoschiuma Addolcente 100ml &#8211; Erbolario<\/strong><\/p>\n<p>Con estratto di Pistacchio di Sicilia<\/p>\n<p>Questo Bagnoschiuma accarezza gentilmente la pelle e la avvolge con la sua profumazione assolutamente speciale, golosa come un gelato al Pistacchio.<\/p>\n<p>\u00c8 perfetto per iniziare la giornata con una fragrante doccia o per terminarla con un dolce bagno, ritagliando cos\u00ec un momento di puro piacere tutto per s\u00e9.<\/p>\n<p><strong>Modo d&#8217;uso<\/strong><\/p>\n<p>Una modica quantit\u00e0 di prodotto basta per un ricco bagno o una fragrante doccia, per detergere il corpo con una schiuma dall\u2019 incantevole profumo.<\/p>\n<p><strong>Cosa sapere in pi\u00f9<\/strong><\/p>\n<p>100% Made in Italy<br \/>\n8 Metalli testati<br \/>\nDermatologicamente Testato<br \/>\nLAV &#8211; Dalla parte degli animali<br \/>\nSenza ingredienti di derivazione animale<br \/>\n12 MPaO (Period after Opening &#8211; periodo dopo l\u2019apertura)<br \/>\nRiciclabile al 100%<\/p>\n<p><strong>Senza siliconi, parabeni, petrolati e tensioattivi solfati<\/strong><\/p>\n<p>97% ingredienti di origine naturale<br \/>\nLa restante percentuale di ingredienti garantisce stabilit\u00e0 e gradevolezza del prodotto.<\/p>\n<p><a href=\"https:\/\/www.erboristerie.com\/it\/tutti-i-prodotti\/?s=pistacchio&amp;post_type=product&amp;filter_linea-profumazione=pistacchio&amp;type_aws=true\">Clicca qui per gli altri prodotti della linea Pistacchio Erbolario<\/a><\/p>\n","protected":false},"excerpt":{"rendered":"<p>Bagnoschiuma Addolcente 100ml &#8211; Erbolario Con estratto di Pistacchio di Sicilia Questo Bagnoschiuma accarezza gentilmente la pelle e la avvolge con la sua profumazione assolutamente speciale, golosa come un gelato al Pistacchio. \u00c8 perfetto per iniziare la giornata con una fragrante doccia o per terminarla&#8230;<\/p>\n","protected":false},"featured_media":126146,"template":"","meta":{"_acf_changed":false},"product_brand":[9603],"product_cat":[45044],"product_tag":[11435,11030,10650,11433,11031,11033,11434],"giftcard-category":[],"class_list":{"0":"post-126148","1":"product","2":"type-product","3":"status-publish","4":"has-post-thumbnail","6":"product_brand-erbolario","7":"product_cat-detergenza","8":"product_tag-30ml","9":"product_tag-bardana","10":"product_tag-crema","11":"product_tag-impure","12":"product_tag-pelli","13":"product_tag-rosmarino","14":"product_tag-rosmarino30ml","15":"pa_formato-100-ml","16":"pa_linea-profumazione-pistacchio","17":"pa_marca-lerbolario","18":"pa_tipologia-bagnoschiuma","20":"first","21":"instock","22":"taxable","23":"shipping-taxable","24":"purchasable","25":"product-type-simple"},"acf":[],"yoast_head":"<!-- This site is optimized with the Yoast SEO plugin v24.9 - https:\/\/yoast.com\/wordpress\/plugins\/seo\/ -->\n<title>Bagnoschiuma Addolcente con estratto di Pistacchio di Sicilia Erbolario - Erboristeria Demetra<\/title>\n<meta name=\"description\" content=\"Questo Bagnoschiuma accarezza gentilmente la pelle e la avvolge con la sua profumazione assolutamente speciale, golosa come un gelato al Pistacchio.\" \/>\n<meta name=\"robots\" content=\"index, follow, max-snippet:-1, max-image-preview:large, max-video-preview:-1\" \/>\n<link rel=\"canonical\" href=\"https:\/\/www.erboristerie.com\/it\/prodotto\/bagnoschiuma-addolcente-con-estratto-di-pistacchio-di-sicilia-erbolario\/\" \/>\n<meta property=\"og:locale\" content=\"en_US\" \/>\n<meta property=\"og:type\" content=\"article\" \/>\n<meta property=\"og:title\" content=\"Bagnoschiuma Addolcente con estratto di Pistacchio di Sicilia Erbolario - Erboristeria Demetra\" \/>\n<meta property=\"og:description\" content=\"Questo Bagnoschiuma accarezza gentilmente la pelle e la avvolge con la sua profumazione assolutamente speciale, golosa come un gelato al Pistacchio.\" \/>\n<meta property=\"og:url\" content=\"https:\/\/www.erboristerie.com\/it\/prodotto\/bagnoschiuma-addolcente-con-estratto-di-pistacchio-di-sicilia-erbolario\/\" \/>\n<meta property=\"og:site_name\" content=\"Erboristeria Demetra\" \/>\n<meta property=\"article:publisher\" content=\"https:\/\/www.facebook.com\/erboristeria.demetra.online\" \/>\n<meta property=\"article:modified_time\" content=\"2025-09-10T16:54:09+00:00\" \/>\n<meta property=\"og:image\" content=\"https:\/\/www.erboristerie.com\/wp-content\/uploads\/2024\/05\/00011524-pistacchio-bagnoschiuma-erbolario-erboristerie-com.jpg\" \/>\n\t<meta property=\"og:image:width\" content=\"900\" \/>\n\t<meta property=\"og:image:height\" content=\"900\" \/>\n\t<meta property=\"og:image:type\" content=\"image\/jpeg\" \/>\n<meta name=\"twitter:card\" content=\"summary_large_image\" \/>\n<meta name=\"twitter:label1\" content=\"Est. reading time\" \/>\n\t<meta name=\"twitter:data1\" content=\"1 minute\" \/>\n<script type=\"application\/ld+json\" class=\"yoast-schema-graph\">{\"@context\":\"https:\/\/schema.org\",\"@graph\":[{\"@type\":\"WebPage\",\"@id\":\"https:\/\/www.erboristerie.com\/it\/prodotto\/bagnoschiuma-addolcente-con-estratto-di-pistacchio-di-sicilia-erbolario\/\",\"url\":\"https:\/\/www.erboristerie.com\/it\/prodotto\/bagnoschiuma-addolcente-con-estratto-di-pistacchio-di-sicilia-erbolario\/\",\"name\":\"Bagnoschiuma Addolcente con estratto di Pistacchio di Sicilia Erbolario - Erboristeria Demetra\",\"isPartOf\":{\"@id\":\"https:\/\/www.erboristerie.com\/it\/#website\"},\"primaryImageOfPage\":{\"@id\":\"https:\/\/www.erboristerie.com\/it\/prodotto\/bagnoschiuma-addolcente-con-estratto-di-pistacchio-di-sicilia-erbolario\/#primaryimage\"},\"image\":{\"@id\":\"https:\/\/www.erboristerie.com\/it\/prodotto\/bagnoschiuma-addolcente-con-estratto-di-pistacchio-di-sicilia-erbolario\/#primaryimage\"},\"thumbnailUrl\":\"https:\/\/www.erboristerie.com\/wp-content\/uploads\/2024\/05\/00011524-pistacchio-bagnoschiuma-erbolario-erboristerie-com.jpg\",\"datePublished\":\"2024-05-25T10:17:06+00:00\",\"dateModified\":\"2025-09-10T16:54:09+00:00\",\"description\":\"Questo Bagnoschiuma accarezza gentilmente la pelle e la avvolge con la sua profumazione assolutamente speciale, golosa come un gelato al Pistacchio.\",\"breadcrumb\":{\"@id\":\"https:\/\/www.erboristerie.com\/it\/prodotto\/bagnoschiuma-addolcente-con-estratto-di-pistacchio-di-sicilia-erbolario\/#breadcrumb\"},\"inLanguage\":\"en-US\",\"potentialAction\":[{\"@type\":\"ReadAction\",\"target\":[\"https:\/\/www.erboristerie.com\/it\/prodotto\/bagnoschiuma-addolcente-con-estratto-di-pistacchio-di-sicilia-erbolario\/\"]}]},{\"@type\":\"ImageObject\",\"inLanguage\":\"en-US\",\"@id\":\"https:\/\/www.erboristerie.com\/it\/prodotto\/bagnoschiuma-addolcente-con-estratto-di-pistacchio-di-sicilia-erbolario\/#primaryimage\",\"url\":\"https:\/\/www.erboristerie.com\/wp-content\/uploads\/2024\/05\/00011524-pistacchio-bagnoschiuma-erbolario-erboristerie-com.jpg\",\"contentUrl\":\"https:\/\/www.erboristerie.com\/wp-content\/uploads\/2024\/05\/00011524-pistacchio-bagnoschiuma-erbolario-erboristerie-com.jpg\",\"width\":900,\"height\":900},{\"@type\":\"BreadcrumbList\",\"@id\":\"https:\/\/www.erboristerie.com\/it\/prodotto\/bagnoschiuma-addolcente-con-estratto-di-pistacchio-di-sicilia-erbolario\/#breadcrumb\",\"itemListElement\":[{\"@type\":\"ListItem\",\"position\":1,\"name\":\"Home\",\"item\":\"https:\/\/www.erboristerie.com\/en\/\"},{\"@type\":\"ListItem\",\"position\":2,\"name\":\"All products\",\"item\":\"https:\/\/www.erboristerie.com\/en\/all-products\/\"},{\"@type\":\"ListItem\",\"position\":3,\"name\":\"Bagnoschiuma Addolcente con estratto di Pistacchio di Sicilia Erbolario\"}]},{\"@type\":\"WebSite\",\"@id\":\"https:\/\/www.erboristerie.com\/it\/#website\",\"url\":\"https:\/\/www.erboristerie.com\/it\/\",\"name\":\"Erboristeria Demetra\",\"description\":\"Your natural health\",\"publisher\":{\"@id\":\"https:\/\/www.erboristerie.com\/it\/#organization\"},\"potentialAction\":[{\"@type\":\"SearchAction\",\"target\":{\"@type\":\"EntryPoint\",\"urlTemplate\":\"https:\/\/www.erboristerie.com\/it\/?s={search_term_string}\"},\"query-input\":{\"@type\":\"PropertyValueSpecification\",\"valueRequired\":true,\"valueName\":\"search_term_string\"}}],\"inLanguage\":\"en-US\"},{\"@type\":\"Organization\",\"@id\":\"https:\/\/www.erboristerie.com\/it\/#organization\",\"name\":\"Erboristeria Demetra\",\"url\":\"https:\/\/www.erboristerie.com\/it\/\",\"logo\":{\"@type\":\"ImageObject\",\"inLanguage\":\"en-US\",\"@id\":\"https:\/\/www.erboristerie.com\/it\/#\/schema\/logo\/image\/\",\"url\":\"https:\/\/www.erboristerie.com\/wp-content\/uploads\/2019\/11\/LOGO_ERBORISTERIA_DEMETRA_original.png?v=1611516981\",\"contentUrl\":\"https:\/\/www.erboristerie.com\/wp-content\/uploads\/2019\/11\/LOGO_ERBORISTERIA_DEMETRA_original.png?v=1611516981\",\"width\":201,\"height\":54,\"caption\":\"Erboristeria Demetra\"},\"image\":{\"@id\":\"https:\/\/www.erboristerie.com\/it\/#\/schema\/logo\/image\/\"},\"sameAs\":[\"https:\/\/www.facebook.com\/erboristeria.demetra.online\"]}]}<\/script>\n<!-- \/ Yoast SEO plugin. -->","yoast_head_json":{"title":"Bagnoschiuma Addolcente con estratto di Pistacchio di Sicilia Erbolario - Erboristeria Demetra","description":"Questo Bagnoschiuma accarezza gentilmente la pelle e la avvolge con la sua profumazione assolutamente speciale, golosa come un gelato al Pistacchio.","robots":{"index":"index","follow":"follow","max-snippet":"max-snippet:-1","max-image-preview":"max-image-preview:large","max-video-preview":"max-video-preview:-1"},"canonical":"https:\/\/www.erboristerie.com\/it\/prodotto\/bagnoschiuma-addolcente-con-estratto-di-pistacchio-di-sicilia-erbolario\/","og_locale":"en_US","og_type":"article","og_title":"Bagnoschiuma Addolcente con estratto di Pistacchio di Sicilia Erbolario - Erboristeria Demetra","og_description":"Questo Bagnoschiuma accarezza gentilmente la pelle e la avvolge con la sua profumazione assolutamente speciale, golosa come un gelato al Pistacchio.","og_url":"https:\/\/www.erboristerie.com\/it\/prodotto\/bagnoschiuma-addolcente-con-estratto-di-pistacchio-di-sicilia-erbolario\/","og_site_name":"Erboristeria Demetra","article_publisher":"https:\/\/www.facebook.com\/erboristeria.demetra.online","article_modified_time":"2025-09-10T16:54:09+00:00","og_image":[{"width":900,"height":900,"url":"https:\/\/www.erboristerie.com\/wp-content\/uploads\/2024\/05\/00011524-pistacchio-bagnoschiuma-erbolario-erboristerie-com.jpg","type":"image\/jpeg"}],"twitter_card":"summary_large_image","twitter_misc":{"Est. reading time":"1 minute"},"schema":{"@context":"https:\/\/schema.org","@graph":[{"@type":"WebPage","@id":"https:\/\/www.erboristerie.com\/it\/prodotto\/bagnoschiuma-addolcente-con-estratto-di-pistacchio-di-sicilia-erbolario\/","url":"https:\/\/www.erboristerie.com\/it\/prodotto\/bagnoschiuma-addolcente-con-estratto-di-pistacchio-di-sicilia-erbolario\/","name":"Bagnoschiuma Addolcente con estratto di Pistacchio di Sicilia Erbolario - Erboristeria Demetra","isPartOf":{"@id":"https:\/\/www.erboristerie.com\/it\/#website"},"primaryImageOfPage":{"@id":"https:\/\/www.erboristerie.com\/it\/prodotto\/bagnoschiuma-addolcente-con-estratto-di-pistacchio-di-sicilia-erbolario\/#primaryimage"},"image":{"@id":"https:\/\/www.erboristerie.com\/it\/prodotto\/bagnoschiuma-addolcente-con-estratto-di-pistacchio-di-sicilia-erbolario\/#primaryimage"},"thumbnailUrl":"https:\/\/www.erboristerie.com\/wp-content\/uploads\/2024\/05\/00011524-pistacchio-bagnoschiuma-erbolario-erboristerie-com.jpg","datePublished":"2024-05-25T10:17:06+00:00","dateModified":"2025-09-10T16:54:09+00:00","description":"Questo Bagnoschiuma accarezza gentilmente la pelle e la avvolge con la sua profumazione assolutamente speciale, golosa come un gelato al Pistacchio.","breadcrumb":{"@id":"https:\/\/www.erboristerie.com\/it\/prodotto\/bagnoschiuma-addolcente-con-estratto-di-pistacchio-di-sicilia-erbolario\/#breadcrumb"},"inLanguage":"en-US","potentialAction":[{"@type":"ReadAction","target":["https:\/\/www.erboristerie.com\/it\/prodotto\/bagnoschiuma-addolcente-con-estratto-di-pistacchio-di-sicilia-erbolario\/"]}]},{"@type":"ImageObject","inLanguage":"en-US","@id":"https:\/\/www.erboristerie.com\/it\/prodotto\/bagnoschiuma-addolcente-con-estratto-di-pistacchio-di-sicilia-erbolario\/#primaryimage","url":"https:\/\/www.erboristerie.com\/wp-content\/uploads\/2024\/05\/00011524-pistacchio-bagnoschiuma-erbolario-erboristerie-com.jpg","contentUrl":"https:\/\/www.erboristerie.com\/wp-content\/uploads\/2024\/05\/00011524-pistacchio-bagnoschiuma-erbolario-erboristerie-com.jpg","width":900,"height":900},{"@type":"BreadcrumbList","@id":"https:\/\/www.erboristerie.com\/it\/prodotto\/bagnoschiuma-addolcente-con-estratto-di-pistacchio-di-sicilia-erbolario\/#breadcrumb","itemListElement":[{"@type":"ListItem","position":1,"name":"Home","item":"https:\/\/www.erboristerie.com\/en\/"},{"@type":"ListItem","position":2,"name":"All products","item":"https:\/\/www.erboristerie.com\/en\/all-products\/"},{"@type":"ListItem","position":3,"name":"Bagnoschiuma Addolcente con estratto di Pistacchio di Sicilia Erbolario"}]},{"@type":"WebSite","@id":"https:\/\/www.erboristerie.com\/it\/#website","url":"https:\/\/www.erboristerie.com\/it\/","name":"Erboristeria Demetra","description":"Your natural health","publisher":{"@id":"https:\/\/www.erboristerie.com\/it\/#organization"},"potentialAction":[{"@type":"SearchAction","target":{"@type":"EntryPoint","urlTemplate":"https:\/\/www.erboristerie.com\/it\/?s={search_term_string}"},"query-input":{"@type":"PropertyValueSpecification","valueRequired":true,"valueName":"search_term_string"}}],"inLanguage":"en-US"},{"@type":"Organization","@id":"https:\/\/www.erboristerie.com\/it\/#organization","name":"Erboristeria Demetra","url":"https:\/\/www.erboristerie.com\/it\/","logo":{"@type":"ImageObject","inLanguage":"en-US","@id":"https:\/\/www.erboristerie.com\/it\/#\/schema\/logo\/image\/","url":"https:\/\/www.erboristerie.com\/wp-content\/uploads\/2019\/11\/LOGO_ERBORISTERIA_DEMETRA_original.png?v=1611516981","contentUrl":"https:\/\/www.erboristerie.com\/wp-content\/uploads\/2019\/11\/LOGO_ERBORISTERIA_DEMETRA_original.png?v=1611516981","width":201,"height":54,"caption":"Erboristeria Demetra"},"image":{"@id":"https:\/\/www.erboristerie.com\/it\/#\/schema\/logo\/image\/"},"sameAs":["https:\/\/www.facebook.com\/erboristeria.demetra.online"]}]}},"_links":{"self":[{"href":"https:\/\/www.erboristerie.com\/en\/wp-json\/wp\/v2\/product\/126148","targetHints":{"allow":["GET"]}}],"collection":[{"href":"https:\/\/www.erboristerie.com\/en\/wp-json\/wp\/v2\/product"}],"about":[{"href":"https:\/\/www.erboristerie.com\/en\/wp-json\/wp\/v2\/types\/product"}],"wp:featuredmedia":[{"embeddable":true,"href":"https:\/\/www.erboristerie.com\/en\/wp-json\/wp\/v2\/media\/126146"}],"wp:attachment":[{"href":"https:\/\/www.erboristerie.com\/en\/wp-json\/wp\/v2\/media?parent=126148"}],"wp:term":[{"taxonomy":"product_brand","embeddable":true,"href":"https:\/\/www.erboristerie.com\/en\/wp-json\/wp\/v2\/product_brand?post=126148"},{"taxonomy":"product_cat","embeddable":true,"href":"https:\/\/www.erboristerie.com\/en\/wp-json\/wp\/v2\/product_cat?post=126148"},{"taxonomy":"product_tag","embeddable":true,"href":"https:\/\/www.erboristerie.com\/en\/wp-json\/wp\/v2\/product_tag?post=126148"},{"taxonomy":"giftcard-category","embeddable":true,"href":"https:\/\/www.erboristerie.com\/en\/wp-json\/wp\/v2\/giftcard-category?post=126148"}],"curies":[{"name":"wp","href":"https:\/\/api.w.org\/{rel}","templated":true}]}}