{"id":125974,"date":"2024-05-09T19:08:38","date_gmt":"2024-05-09T17:08:38","guid":{"rendered":"https:\/\/www.erboristerie.com\/?post_type=product&#038;p=125974"},"modified":"2025-04-04T09:32:14","modified_gmt":"2025-04-04T07:32:14","slug":"salute-e-benessere-con-le-piante-nelle-7-eta-delluomo","status":"publish","type":"product","link":"https:\/\/www.erboristerie.com\/en\/prodotto\/salute-e-benessere-con-le-piante-nelle-7-eta-delluomo\/","title":{"rendered":"Salute e Benessere con le Piante nelle 7 Et\u00e0 dell&#8217;Uomo"},"content":{"rendered":"<p><strong>Salute e Benessere con le Piante nelle 7 Et\u00e0 dell&#8217;Uomo &#8211; Bruno Brigo<\/strong><\/p>\n<p>Pagine: 288 &#8211; 17,5cm x 23cm<\/p>\n<p>Le piante medicinali, note e utilizzate fin da tempi remoti, possono essere molto utili per restituirci la salute e il benessere in modo semplice e naturale.<\/p>\n<p>Queste preziose erbe sono d&#8217;aiuto in tutte le sette et\u00e0 della vita: infanzia, fanciullezza, adolescenza, giovinezza, et\u00e0 adulta, menopausa e andropausa, senescenza, cos\u00ec come le ha suddivise Shakespeare nella commedia Come vi piace.<\/p>\n<p>Un breve glossario di fitoterapia e accurate tavole a colori delle piante principali arricchiscono ulteriormente il testo.<\/p>\n<p><strong>Bruno Brigo<\/strong><\/p>\n<p>Medico, specializzato in Medicina interna, Terapia fisica e Riabilitazione.<\/p>\n<p>Vive e lavora a Verona.<\/p>\n<p>Pratica e insegna omeopatia, fitoterapia e oligoterapia.<\/p>\n<p>\u00c8 autore di diversi testi e vice-presidente dell\u2019I.H.M.O. (International Homeo-pathic Medical Organization).<\/p>\n<p>\u00c8 docente CISDO (Centro Italiano Studi e Documentazione in Omeopatia).<\/p>\n","protected":false},"excerpt":{"rendered":"<p>Salute e Benessere con le Piante nelle 7 Et\u00e0 dell&#8217;Uomo &#8211; Bruno Brigo Pagine: 288 &#8211; 17,5cm x 23cm Le piante medicinali, note e utilizzate fin da tempi remoti, possono essere molto utili per restituirci la salute e il benessere in modo semplice e naturale&#8230;.<\/p>\n","protected":false},"featured_media":125975,"template":"","meta":{"_acf_changed":false},"product_brand":[9616],"product_cat":[9959],"product_tag":[20528,13337,13339,13338],"giftcard-category":[],"class_list":{"0":"post-125974","1":"product","2":"type-product","3":"status-publish","4":"has-post-thumbnail","6":"product_brand-biokyma-laboratori","7":"product_cat-libri","8":"product_tag-erbamea","9":"product_tag-italia","10":"product_tag-medicinali","11":"product_tag-piante","13":"first","14":"instock","15":"taxable","16":"shipping-taxable","17":"purchasable","18":"product-type-simple"},"acf":[],"yoast_head":"<!-- This site is optimized with the Yoast SEO plugin v24.9 - https:\/\/yoast.com\/wordpress\/plugins\/seo\/ -->\n<title>Salute e Benessere con le Piante nelle 7 Et\u00e0 dell&#039;Uomo - Erboristeria Demetra<\/title>\n<meta name=\"description\" content=\"Un breve glossario di fitoterapia e accurate tavole a colori delle piante principali arricchiscono ulteriormente il testo\" \/>\n<meta name=\"robots\" content=\"index, follow, max-snippet:-1, max-image-preview:large, max-video-preview:-1\" \/>\n<link rel=\"canonical\" href=\"https:\/\/www.erboristerie.com\/it\/prodotto\/salute-e-benessere-con-le-piante-nelle-7-eta-delluomo\/\" \/>\n<meta property=\"og:locale\" content=\"en_US\" \/>\n<meta property=\"og:type\" content=\"article\" \/>\n<meta property=\"og:title\" content=\"Salute e Benessere con le Piante nelle 7 Et\u00e0 dell&#039;Uomo - Erboristeria Demetra\" \/>\n<meta property=\"og:description\" content=\"Un breve glossario di fitoterapia e accurate tavole a colori delle piante principali arricchiscono ulteriormente il testo\" \/>\n<meta property=\"og:url\" content=\"https:\/\/www.erboristerie.com\/it\/prodotto\/salute-e-benessere-con-le-piante-nelle-7-eta-delluomo\/\" \/>\n<meta property=\"og:site_name\" content=\"Erboristeria Demetra\" \/>\n<meta property=\"article:publisher\" content=\"https:\/\/www.facebook.com\/erboristeria.demetra.online\" \/>\n<meta property=\"article:modified_time\" content=\"2025-04-04T07:32:14+00:00\" \/>\n<meta property=\"og:image\" content=\"https:\/\/www.erboristerie.com\/wp-content\/uploads\/2024\/05\/00006194-salute-e-Benessere-con-le-Piante-nelle-7-Eta-dell-Uomo-erboristerie-com.jpg\" \/>\n\t<meta property=\"og:image:width\" content=\"550\" \/>\n\t<meta property=\"og:image:height\" content=\"771\" \/>\n\t<meta property=\"og:image:type\" content=\"image\/jpeg\" \/>\n<meta name=\"twitter:card\" content=\"summary_large_image\" \/>\n<meta name=\"twitter:label1\" content=\"Est. reading time\" \/>\n\t<meta name=\"twitter:data1\" content=\"1 minute\" \/>\n<script type=\"application\/ld+json\" class=\"yoast-schema-graph\">{\"@context\":\"https:\/\/schema.org\",\"@graph\":[{\"@type\":\"WebPage\",\"@id\":\"https:\/\/www.erboristerie.com\/it\/prodotto\/salute-e-benessere-con-le-piante-nelle-7-eta-delluomo\/\",\"url\":\"https:\/\/www.erboristerie.com\/it\/prodotto\/salute-e-benessere-con-le-piante-nelle-7-eta-delluomo\/\",\"name\":\"Salute e Benessere con le Piante nelle 7 Et\u00e0 dell'Uomo - Erboristeria Demetra\",\"isPartOf\":{\"@id\":\"https:\/\/www.erboristerie.com\/it\/#website\"},\"primaryImageOfPage\":{\"@id\":\"https:\/\/www.erboristerie.com\/it\/prodotto\/salute-e-benessere-con-le-piante-nelle-7-eta-delluomo\/#primaryimage\"},\"image\":{\"@id\":\"https:\/\/www.erboristerie.com\/it\/prodotto\/salute-e-benessere-con-le-piante-nelle-7-eta-delluomo\/#primaryimage\"},\"thumbnailUrl\":\"https:\/\/www.erboristerie.com\/wp-content\/uploads\/2024\/05\/00006194-salute-e-Benessere-con-le-Piante-nelle-7-Eta-dell-Uomo-erboristerie-com.jpg\",\"datePublished\":\"2024-05-09T17:08:38+00:00\",\"dateModified\":\"2025-04-04T07:32:14+00:00\",\"description\":\"Un breve glossario di fitoterapia e accurate tavole a colori delle piante principali arricchiscono ulteriormente il testo\",\"breadcrumb\":{\"@id\":\"https:\/\/www.erboristerie.com\/it\/prodotto\/salute-e-benessere-con-le-piante-nelle-7-eta-delluomo\/#breadcrumb\"},\"inLanguage\":\"en-US\",\"potentialAction\":[{\"@type\":\"ReadAction\",\"target\":[\"https:\/\/www.erboristerie.com\/it\/prodotto\/salute-e-benessere-con-le-piante-nelle-7-eta-delluomo\/\"]}]},{\"@type\":\"ImageObject\",\"inLanguage\":\"en-US\",\"@id\":\"https:\/\/www.erboristerie.com\/it\/prodotto\/salute-e-benessere-con-le-piante-nelle-7-eta-delluomo\/#primaryimage\",\"url\":\"https:\/\/www.erboristerie.com\/wp-content\/uploads\/2024\/05\/00006194-salute-e-Benessere-con-le-Piante-nelle-7-Eta-dell-Uomo-erboristerie-com.jpg\",\"contentUrl\":\"https:\/\/www.erboristerie.com\/wp-content\/uploads\/2024\/05\/00006194-salute-e-Benessere-con-le-Piante-nelle-7-Eta-dell-Uomo-erboristerie-com.jpg\",\"width\":550,\"height\":771},{\"@type\":\"BreadcrumbList\",\"@id\":\"https:\/\/www.erboristerie.com\/it\/prodotto\/salute-e-benessere-con-le-piante-nelle-7-eta-delluomo\/#breadcrumb\",\"itemListElement\":[{\"@type\":\"ListItem\",\"position\":1,\"name\":\"Home\",\"item\":\"https:\/\/www.erboristerie.com\/en\/\"},{\"@type\":\"ListItem\",\"position\":2,\"name\":\"All products\",\"item\":\"https:\/\/www.erboristerie.com\/en\/all-products\/\"},{\"@type\":\"ListItem\",\"position\":3,\"name\":\"Salute e Benessere con le Piante nelle 7 Et\u00e0 dell&#8217;Uomo\"}]},{\"@type\":\"WebSite\",\"@id\":\"https:\/\/www.erboristerie.com\/it\/#website\",\"url\":\"https:\/\/www.erboristerie.com\/it\/\",\"name\":\"Erboristeria Demetra\",\"description\":\"Your natural health\",\"publisher\":{\"@id\":\"https:\/\/www.erboristerie.com\/it\/#organization\"},\"potentialAction\":[{\"@type\":\"SearchAction\",\"target\":{\"@type\":\"EntryPoint\",\"urlTemplate\":\"https:\/\/www.erboristerie.com\/it\/?s={search_term_string}\"},\"query-input\":{\"@type\":\"PropertyValueSpecification\",\"valueRequired\":true,\"valueName\":\"search_term_string\"}}],\"inLanguage\":\"en-US\"},{\"@type\":\"Organization\",\"@id\":\"https:\/\/www.erboristerie.com\/it\/#organization\",\"name\":\"Erboristeria Demetra\",\"url\":\"https:\/\/www.erboristerie.com\/it\/\",\"logo\":{\"@type\":\"ImageObject\",\"inLanguage\":\"en-US\",\"@id\":\"https:\/\/www.erboristerie.com\/it\/#\/schema\/logo\/image\/\",\"url\":\"https:\/\/www.erboristerie.com\/wp-content\/uploads\/2019\/11\/LOGO_ERBORISTERIA_DEMETRA_original.png?v=1611516981\",\"contentUrl\":\"https:\/\/www.erboristerie.com\/wp-content\/uploads\/2019\/11\/LOGO_ERBORISTERIA_DEMETRA_original.png?v=1611516981\",\"width\":201,\"height\":54,\"caption\":\"Erboristeria Demetra\"},\"image\":{\"@id\":\"https:\/\/www.erboristerie.com\/it\/#\/schema\/logo\/image\/\"},\"sameAs\":[\"https:\/\/www.facebook.com\/erboristeria.demetra.online\"]}]}<\/script>\n<!-- \/ Yoast SEO plugin. -->","yoast_head_json":{"title":"Salute e Benessere con le Piante nelle 7 Et\u00e0 dell'Uomo - Erboristeria Demetra","description":"Un breve glossario di fitoterapia e accurate tavole a colori delle piante principali arricchiscono ulteriormente il testo","robots":{"index":"index","follow":"follow","max-snippet":"max-snippet:-1","max-image-preview":"max-image-preview:large","max-video-preview":"max-video-preview:-1"},"canonical":"https:\/\/www.erboristerie.com\/it\/prodotto\/salute-e-benessere-con-le-piante-nelle-7-eta-delluomo\/","og_locale":"en_US","og_type":"article","og_title":"Salute e Benessere con le Piante nelle 7 Et\u00e0 dell'Uomo - Erboristeria Demetra","og_description":"Un breve glossario di fitoterapia e accurate tavole a colori delle piante principali arricchiscono ulteriormente il testo","og_url":"https:\/\/www.erboristerie.com\/it\/prodotto\/salute-e-benessere-con-le-piante-nelle-7-eta-delluomo\/","og_site_name":"Erboristeria Demetra","article_publisher":"https:\/\/www.facebook.com\/erboristeria.demetra.online","article_modified_time":"2025-04-04T07:32:14+00:00","og_image":[{"width":550,"height":771,"url":"https:\/\/www.erboristerie.com\/wp-content\/uploads\/2024\/05\/00006194-salute-e-Benessere-con-le-Piante-nelle-7-Eta-dell-Uomo-erboristerie-com.jpg","type":"image\/jpeg"}],"twitter_card":"summary_large_image","twitter_misc":{"Est. reading time":"1 minute"},"schema":{"@context":"https:\/\/schema.org","@graph":[{"@type":"WebPage","@id":"https:\/\/www.erboristerie.com\/it\/prodotto\/salute-e-benessere-con-le-piante-nelle-7-eta-delluomo\/","url":"https:\/\/www.erboristerie.com\/it\/prodotto\/salute-e-benessere-con-le-piante-nelle-7-eta-delluomo\/","name":"Salute e Benessere con le Piante nelle 7 Et\u00e0 dell'Uomo - Erboristeria Demetra","isPartOf":{"@id":"https:\/\/www.erboristerie.com\/it\/#website"},"primaryImageOfPage":{"@id":"https:\/\/www.erboristerie.com\/it\/prodotto\/salute-e-benessere-con-le-piante-nelle-7-eta-delluomo\/#primaryimage"},"image":{"@id":"https:\/\/www.erboristerie.com\/it\/prodotto\/salute-e-benessere-con-le-piante-nelle-7-eta-delluomo\/#primaryimage"},"thumbnailUrl":"https:\/\/www.erboristerie.com\/wp-content\/uploads\/2024\/05\/00006194-salute-e-Benessere-con-le-Piante-nelle-7-Eta-dell-Uomo-erboristerie-com.jpg","datePublished":"2024-05-09T17:08:38+00:00","dateModified":"2025-04-04T07:32:14+00:00","description":"Un breve glossario di fitoterapia e accurate tavole a colori delle piante principali arricchiscono ulteriormente il testo","breadcrumb":{"@id":"https:\/\/www.erboristerie.com\/it\/prodotto\/salute-e-benessere-con-le-piante-nelle-7-eta-delluomo\/#breadcrumb"},"inLanguage":"en-US","potentialAction":[{"@type":"ReadAction","target":["https:\/\/www.erboristerie.com\/it\/prodotto\/salute-e-benessere-con-le-piante-nelle-7-eta-delluomo\/"]}]},{"@type":"ImageObject","inLanguage":"en-US","@id":"https:\/\/www.erboristerie.com\/it\/prodotto\/salute-e-benessere-con-le-piante-nelle-7-eta-delluomo\/#primaryimage","url":"https:\/\/www.erboristerie.com\/wp-content\/uploads\/2024\/05\/00006194-salute-e-Benessere-con-le-Piante-nelle-7-Eta-dell-Uomo-erboristerie-com.jpg","contentUrl":"https:\/\/www.erboristerie.com\/wp-content\/uploads\/2024\/05\/00006194-salute-e-Benessere-con-le-Piante-nelle-7-Eta-dell-Uomo-erboristerie-com.jpg","width":550,"height":771},{"@type":"BreadcrumbList","@id":"https:\/\/www.erboristerie.com\/it\/prodotto\/salute-e-benessere-con-le-piante-nelle-7-eta-delluomo\/#breadcrumb","itemListElement":[{"@type":"ListItem","position":1,"name":"Home","item":"https:\/\/www.erboristerie.com\/en\/"},{"@type":"ListItem","position":2,"name":"All products","item":"https:\/\/www.erboristerie.com\/en\/all-products\/"},{"@type":"ListItem","position":3,"name":"Salute e Benessere con le Piante nelle 7 Et\u00e0 dell&#8217;Uomo"}]},{"@type":"WebSite","@id":"https:\/\/www.erboristerie.com\/it\/#website","url":"https:\/\/www.erboristerie.com\/it\/","name":"Erboristeria Demetra","description":"Your natural health","publisher":{"@id":"https:\/\/www.erboristerie.com\/it\/#organization"},"potentialAction":[{"@type":"SearchAction","target":{"@type":"EntryPoint","urlTemplate":"https:\/\/www.erboristerie.com\/it\/?s={search_term_string}"},"query-input":{"@type":"PropertyValueSpecification","valueRequired":true,"valueName":"search_term_string"}}],"inLanguage":"en-US"},{"@type":"Organization","@id":"https:\/\/www.erboristerie.com\/it\/#organization","name":"Erboristeria Demetra","url":"https:\/\/www.erboristerie.com\/it\/","logo":{"@type":"ImageObject","inLanguage":"en-US","@id":"https:\/\/www.erboristerie.com\/it\/#\/schema\/logo\/image\/","url":"https:\/\/www.erboristerie.com\/wp-content\/uploads\/2019\/11\/LOGO_ERBORISTERIA_DEMETRA_original.png?v=1611516981","contentUrl":"https:\/\/www.erboristerie.com\/wp-content\/uploads\/2019\/11\/LOGO_ERBORISTERIA_DEMETRA_original.png?v=1611516981","width":201,"height":54,"caption":"Erboristeria Demetra"},"image":{"@id":"https:\/\/www.erboristerie.com\/it\/#\/schema\/logo\/image\/"},"sameAs":["https:\/\/www.facebook.com\/erboristeria.demetra.online"]}]}},"_links":{"self":[{"href":"https:\/\/www.erboristerie.com\/en\/wp-json\/wp\/v2\/product\/125974","targetHints":{"allow":["GET"]}}],"collection":[{"href":"https:\/\/www.erboristerie.com\/en\/wp-json\/wp\/v2\/product"}],"about":[{"href":"https:\/\/www.erboristerie.com\/en\/wp-json\/wp\/v2\/types\/product"}],"wp:featuredmedia":[{"embeddable":true,"href":"https:\/\/www.erboristerie.com\/en\/wp-json\/wp\/v2\/media\/125975"}],"wp:attachment":[{"href":"https:\/\/www.erboristerie.com\/en\/wp-json\/wp\/v2\/media?parent=125974"}],"wp:term":[{"taxonomy":"product_brand","embeddable":true,"href":"https:\/\/www.erboristerie.com\/en\/wp-json\/wp\/v2\/product_brand?post=125974"},{"taxonomy":"product_cat","embeddable":true,"href":"https:\/\/www.erboristerie.com\/en\/wp-json\/wp\/v2\/product_cat?post=125974"},{"taxonomy":"product_tag","embeddable":true,"href":"https:\/\/www.erboristerie.com\/en\/wp-json\/wp\/v2\/product_tag?post=125974"},{"taxonomy":"giftcard-category","embeddable":true,"href":"https:\/\/www.erboristerie.com\/en\/wp-json\/wp\/v2\/giftcard-category?post=125974"}],"curies":[{"name":"wp","href":"https:\/\/api.w.org\/{rel}","templated":true}]}}