{"id":125694,"date":"2024-04-12T13:41:52","date_gmt":"2024-04-12T11:41:52","guid":{"rendered":"https:\/\/www.erboristerie.com\/?post_type=product&#038;p=125694"},"modified":"2025-09-10T18:54:12","modified_gmt":"2025-09-10T16:54:12","slug":"unguento-superabbronzante-formato-da-viaggio-75ml","status":"publish","type":"product","link":"https:\/\/www.erboristerie.com\/en\/prodotto\/unguento-superabbronzante-formato-da-viaggio-75ml\/","title":{"rendered":"Unguento Superabbronzante formato da viaggio 75ml"},"content":{"rendered":"<p><strong>Unguento Superabbronzante formato da viaggio 75ml &#8211; L&#8217;Erbolario<\/strong><\/p>\n<p>L&#8217;alleato numero uno per un&#8217;abbronzatura intensa senza filtri con Carota, mallo di Noce e Aloe<\/p>\n<p>L\u2019Unguento Superabbronzante \u00e8 <strong>dedicato a chi ha una pelle ambrata e robusta, naturalmente amica del sole<\/strong>.<\/p>\n<p><strong>Privo di filtri solari<\/strong>, \u00e8 comunque ricco di elementi nutrienti ed addolcenti per assicurare comfort e splendore alla pelle, durante e dopo l\u2019esposizione.<\/p>\n<p>Stendetelo uniformemente sul corpo e massaggiatelo delicatamente: l\u2019epidermide risulter\u00e0 immediatamente morbida, satinata, lucente, mentre la sua tonalit\u00e0 di colore sar\u00e0 sottolineata ed esaltata dalla presenza dell\u2019Estratto di Mallo di Noce e dall\u2019Olio di Carota.<\/p>\n<p>Protezione molto alta<br \/>\nSPF50+<br \/>\nResistenteall&#8217;acqua<br \/>\nSenza filtri.<\/p>\n<p>Senza siliconi, parabeni e petrolati.<br \/>\nResistente all&#8217;acqua.<\/p>\n<p><strong>Consigli d&#8217;uso<\/strong><\/p>\n<p>Privo di filtri solari, l\u2019Unguento \u00e8 dedicato a chi ha una pelle ambrata e robusta.<\/p>\n<p>Stendere uniformemente sul corpo e massaggiare; rinnovare l\u2019applicazione dopo il bagno.<\/p>\n<p><strong>Sostanze funzionali<\/strong><\/p>\n<p>Estratto di Mallo di Noce e Aloe, Olio di Carota.<\/p>\n<p><strong>Cosa sapere in pi\u00f9<\/strong><\/p>\n<p>100% Made in Italy<br \/>\n7 Metalli testati<br \/>\nDa sempre amici degli animal<br \/>\nDermatologicamente Testato<br \/>\nImballo in Carta FSC\u00ae<br \/>\nSenza ingredienti di derivazione animale<\/p>\n<p>&nbsp;<\/p>\n","protected":false},"excerpt":{"rendered":"<p>Unguento Superabbronzante formato da viaggio 75ml &#8211; L&#8217;Erbolario L&#8217;alleato numero uno per un&#8217;abbronzatura intensa senza filtri con Carota, mallo di Noce e Aloe L\u2019Unguento Superabbronzante \u00e8 dedicato a chi ha una pelle ambrata e robusta, naturalmente amica del sole. Privo di filtri solari, \u00e8 comunque&#8230;<\/p>\n","protected":false},"featured_media":125679,"template":"","meta":{"_acf_changed":false},"product_brand":[9603],"product_cat":[9695],"product_tag":[10934,10650,12092,12100,12089,12088,12101,12102],"giftcard-category":[],"class_list":{"0":"post-125694","1":"product","2":"type-product","3":"status-publish","4":"has-post-thumbnail","6":"product_brand-erbolario","7":"product_cat-solari","8":"product_tag-125ml","9":"product_tag-crema","10":"product_tag-erbolario-2","11":"product_tag-schermo","12":"product_tag-solare","13":"product_tag-spf","14":"product_tag-spf50","15":"product_tag-totale","16":"pa_formato-75-ml","17":"pa_linea-profumazione-solari","18":"pa_marca-lerbolario","19":"pa_tipologia-crema","21":"first","22":"instock","23":"taxable","24":"shipping-taxable","25":"purchasable","26":"product-type-simple"},"acf":[],"yoast_head":"<!-- This site is optimized with the Yoast SEO plugin v24.9 - https:\/\/yoast.com\/wordpress\/plugins\/seo\/ -->\n<title>Unguento Superabbronzante formato da viaggio 75ml - Erboristeria Demetra<\/title>\n<meta name=\"description\" content=\"Abbronzatura intensa senza filtri con Carota, mallo di Noce e Aloe. Dedicato a chi ha una pelle ambrata e robusta, naturalmente amica del sole.\" \/>\n<meta name=\"robots\" content=\"index, follow, max-snippet:-1, max-image-preview:large, max-video-preview:-1\" \/>\n<link rel=\"canonical\" href=\"https:\/\/www.erboristerie.com\/it\/prodotto\/unguento-superabbronzante-formato-da-viaggio-75ml\/\" \/>\n<meta property=\"og:locale\" content=\"en_US\" \/>\n<meta property=\"og:type\" content=\"article\" \/>\n<meta property=\"og:title\" content=\"Unguento Superabbronzante formato da viaggio 75ml - Erboristeria Demetra\" \/>\n<meta property=\"og:description\" content=\"Abbronzatura intensa senza filtri con Carota, mallo di Noce e Aloe. Dedicato a chi ha una pelle ambrata e robusta, naturalmente amica del sole.\" \/>\n<meta property=\"og:url\" content=\"https:\/\/www.erboristerie.com\/it\/prodotto\/unguento-superabbronzante-formato-da-viaggio-75ml\/\" \/>\n<meta property=\"og:site_name\" content=\"Erboristeria Demetra\" \/>\n<meta property=\"article:publisher\" content=\"https:\/\/www.facebook.com\/erboristeria.demetra.online\" \/>\n<meta property=\"article:modified_time\" content=\"2025-09-10T16:54:12+00:00\" \/>\n<meta property=\"og:image\" content=\"https:\/\/www.erboristerie.com\/wp-content\/uploads\/2024\/04\/00011504-crema-solare-spf50-da-viaggio-erboristerie-com.jpg\" \/>\n\t<meta property=\"og:image:width\" content=\"598\" \/>\n\t<meta property=\"og:image:height\" content=\"598\" \/>\n\t<meta property=\"og:image:type\" content=\"image\/jpeg\" \/>\n<meta name=\"twitter:card\" content=\"summary_large_image\" \/>\n<meta name=\"twitter:label1\" content=\"Est. reading time\" \/>\n\t<meta name=\"twitter:data1\" content=\"1 minute\" \/>\n<script type=\"application\/ld+json\" class=\"yoast-schema-graph\">{\"@context\":\"https:\/\/schema.org\",\"@graph\":[{\"@type\":\"WebPage\",\"@id\":\"https:\/\/www.erboristerie.com\/it\/prodotto\/unguento-superabbronzante-formato-da-viaggio-75ml\/\",\"url\":\"https:\/\/www.erboristerie.com\/it\/prodotto\/unguento-superabbronzante-formato-da-viaggio-75ml\/\",\"name\":\"Unguento Superabbronzante formato da viaggio 75ml - Erboristeria Demetra\",\"isPartOf\":{\"@id\":\"https:\/\/www.erboristerie.com\/it\/#website\"},\"primaryImageOfPage\":{\"@id\":\"https:\/\/www.erboristerie.com\/it\/prodotto\/unguento-superabbronzante-formato-da-viaggio-75ml\/#primaryimage\"},\"image\":{\"@id\":\"https:\/\/www.erboristerie.com\/it\/prodotto\/unguento-superabbronzante-formato-da-viaggio-75ml\/#primaryimage\"},\"thumbnailUrl\":\"https:\/\/www.erboristerie.com\/wp-content\/uploads\/2024\/04\/00011504-crema-solare-spf50-da-viaggio-erboristerie-com.jpg\",\"datePublished\":\"2024-04-12T11:41:52+00:00\",\"dateModified\":\"2025-09-10T16:54:12+00:00\",\"description\":\"Abbronzatura intensa senza filtri con Carota, mallo di Noce e Aloe. Dedicato a chi ha una pelle ambrata e robusta, naturalmente amica del sole.\",\"breadcrumb\":{\"@id\":\"https:\/\/www.erboristerie.com\/it\/prodotto\/unguento-superabbronzante-formato-da-viaggio-75ml\/#breadcrumb\"},\"inLanguage\":\"en-US\",\"potentialAction\":[{\"@type\":\"ReadAction\",\"target\":[\"https:\/\/www.erboristerie.com\/it\/prodotto\/unguento-superabbronzante-formato-da-viaggio-75ml\/\"]}]},{\"@type\":\"ImageObject\",\"inLanguage\":\"en-US\",\"@id\":\"https:\/\/www.erboristerie.com\/it\/prodotto\/unguento-superabbronzante-formato-da-viaggio-75ml\/#primaryimage\",\"url\":\"https:\/\/www.erboristerie.com\/wp-content\/uploads\/2024\/04\/00011504-crema-solare-spf50-da-viaggio-erboristerie-com.jpg\",\"contentUrl\":\"https:\/\/www.erboristerie.com\/wp-content\/uploads\/2024\/04\/00011504-crema-solare-spf50-da-viaggio-erboristerie-com.jpg\",\"width\":598,\"height\":598},{\"@type\":\"BreadcrumbList\",\"@id\":\"https:\/\/www.erboristerie.com\/it\/prodotto\/unguento-superabbronzante-formato-da-viaggio-75ml\/#breadcrumb\",\"itemListElement\":[{\"@type\":\"ListItem\",\"position\":1,\"name\":\"Home\",\"item\":\"https:\/\/www.erboristerie.com\/en\/\"},{\"@type\":\"ListItem\",\"position\":2,\"name\":\"All products\",\"item\":\"https:\/\/www.erboristerie.com\/en\/all-products\/\"},{\"@type\":\"ListItem\",\"position\":3,\"name\":\"Unguento Superabbronzante formato da viaggio 75ml\"}]},{\"@type\":\"WebSite\",\"@id\":\"https:\/\/www.erboristerie.com\/it\/#website\",\"url\":\"https:\/\/www.erboristerie.com\/it\/\",\"name\":\"Erboristeria Demetra\",\"description\":\"Your natural health\",\"publisher\":{\"@id\":\"https:\/\/www.erboristerie.com\/it\/#organization\"},\"potentialAction\":[{\"@type\":\"SearchAction\",\"target\":{\"@type\":\"EntryPoint\",\"urlTemplate\":\"https:\/\/www.erboristerie.com\/it\/?s={search_term_string}\"},\"query-input\":{\"@type\":\"PropertyValueSpecification\",\"valueRequired\":true,\"valueName\":\"search_term_string\"}}],\"inLanguage\":\"en-US\"},{\"@type\":\"Organization\",\"@id\":\"https:\/\/www.erboristerie.com\/it\/#organization\",\"name\":\"Erboristeria Demetra\",\"url\":\"https:\/\/www.erboristerie.com\/it\/\",\"logo\":{\"@type\":\"ImageObject\",\"inLanguage\":\"en-US\",\"@id\":\"https:\/\/www.erboristerie.com\/it\/#\/schema\/logo\/image\/\",\"url\":\"https:\/\/www.erboristerie.com\/wp-content\/uploads\/2019\/11\/LOGO_ERBORISTERIA_DEMETRA_original.png?v=1611516981\",\"contentUrl\":\"https:\/\/www.erboristerie.com\/wp-content\/uploads\/2019\/11\/LOGO_ERBORISTERIA_DEMETRA_original.png?v=1611516981\",\"width\":201,\"height\":54,\"caption\":\"Erboristeria Demetra\"},\"image\":{\"@id\":\"https:\/\/www.erboristerie.com\/it\/#\/schema\/logo\/image\/\"},\"sameAs\":[\"https:\/\/www.facebook.com\/erboristeria.demetra.online\"]}]}<\/script>\n<!-- \/ Yoast SEO plugin. -->","yoast_head_json":{"title":"Unguento Superabbronzante formato da viaggio 75ml - Erboristeria Demetra","description":"Abbronzatura intensa senza filtri con Carota, mallo di Noce e Aloe. Dedicato a chi ha una pelle ambrata e robusta, naturalmente amica del sole.","robots":{"index":"index","follow":"follow","max-snippet":"max-snippet:-1","max-image-preview":"max-image-preview:large","max-video-preview":"max-video-preview:-1"},"canonical":"https:\/\/www.erboristerie.com\/it\/prodotto\/unguento-superabbronzante-formato-da-viaggio-75ml\/","og_locale":"en_US","og_type":"article","og_title":"Unguento Superabbronzante formato da viaggio 75ml - Erboristeria Demetra","og_description":"Abbronzatura intensa senza filtri con Carota, mallo di Noce e Aloe. Dedicato a chi ha una pelle ambrata e robusta, naturalmente amica del sole.","og_url":"https:\/\/www.erboristerie.com\/it\/prodotto\/unguento-superabbronzante-formato-da-viaggio-75ml\/","og_site_name":"Erboristeria Demetra","article_publisher":"https:\/\/www.facebook.com\/erboristeria.demetra.online","article_modified_time":"2025-09-10T16:54:12+00:00","og_image":[{"width":598,"height":598,"url":"https:\/\/www.erboristerie.com\/wp-content\/uploads\/2024\/04\/00011504-crema-solare-spf50-da-viaggio-erboristerie-com.jpg","type":"image\/jpeg"}],"twitter_card":"summary_large_image","twitter_misc":{"Est. reading time":"1 minute"},"schema":{"@context":"https:\/\/schema.org","@graph":[{"@type":"WebPage","@id":"https:\/\/www.erboristerie.com\/it\/prodotto\/unguento-superabbronzante-formato-da-viaggio-75ml\/","url":"https:\/\/www.erboristerie.com\/it\/prodotto\/unguento-superabbronzante-formato-da-viaggio-75ml\/","name":"Unguento Superabbronzante formato da viaggio 75ml - Erboristeria Demetra","isPartOf":{"@id":"https:\/\/www.erboristerie.com\/it\/#website"},"primaryImageOfPage":{"@id":"https:\/\/www.erboristerie.com\/it\/prodotto\/unguento-superabbronzante-formato-da-viaggio-75ml\/#primaryimage"},"image":{"@id":"https:\/\/www.erboristerie.com\/it\/prodotto\/unguento-superabbronzante-formato-da-viaggio-75ml\/#primaryimage"},"thumbnailUrl":"https:\/\/www.erboristerie.com\/wp-content\/uploads\/2024\/04\/00011504-crema-solare-spf50-da-viaggio-erboristerie-com.jpg","datePublished":"2024-04-12T11:41:52+00:00","dateModified":"2025-09-10T16:54:12+00:00","description":"Abbronzatura intensa senza filtri con Carota, mallo di Noce e Aloe. Dedicato a chi ha una pelle ambrata e robusta, naturalmente amica del sole.","breadcrumb":{"@id":"https:\/\/www.erboristerie.com\/it\/prodotto\/unguento-superabbronzante-formato-da-viaggio-75ml\/#breadcrumb"},"inLanguage":"en-US","potentialAction":[{"@type":"ReadAction","target":["https:\/\/www.erboristerie.com\/it\/prodotto\/unguento-superabbronzante-formato-da-viaggio-75ml\/"]}]},{"@type":"ImageObject","inLanguage":"en-US","@id":"https:\/\/www.erboristerie.com\/it\/prodotto\/unguento-superabbronzante-formato-da-viaggio-75ml\/#primaryimage","url":"https:\/\/www.erboristerie.com\/wp-content\/uploads\/2024\/04\/00011504-crema-solare-spf50-da-viaggio-erboristerie-com.jpg","contentUrl":"https:\/\/www.erboristerie.com\/wp-content\/uploads\/2024\/04\/00011504-crema-solare-spf50-da-viaggio-erboristerie-com.jpg","width":598,"height":598},{"@type":"BreadcrumbList","@id":"https:\/\/www.erboristerie.com\/it\/prodotto\/unguento-superabbronzante-formato-da-viaggio-75ml\/#breadcrumb","itemListElement":[{"@type":"ListItem","position":1,"name":"Home","item":"https:\/\/www.erboristerie.com\/en\/"},{"@type":"ListItem","position":2,"name":"All products","item":"https:\/\/www.erboristerie.com\/en\/all-products\/"},{"@type":"ListItem","position":3,"name":"Unguento Superabbronzante formato da viaggio 75ml"}]},{"@type":"WebSite","@id":"https:\/\/www.erboristerie.com\/it\/#website","url":"https:\/\/www.erboristerie.com\/it\/","name":"Erboristeria Demetra","description":"Your natural health","publisher":{"@id":"https:\/\/www.erboristerie.com\/it\/#organization"},"potentialAction":[{"@type":"SearchAction","target":{"@type":"EntryPoint","urlTemplate":"https:\/\/www.erboristerie.com\/it\/?s={search_term_string}"},"query-input":{"@type":"PropertyValueSpecification","valueRequired":true,"valueName":"search_term_string"}}],"inLanguage":"en-US"},{"@type":"Organization","@id":"https:\/\/www.erboristerie.com\/it\/#organization","name":"Erboristeria Demetra","url":"https:\/\/www.erboristerie.com\/it\/","logo":{"@type":"ImageObject","inLanguage":"en-US","@id":"https:\/\/www.erboristerie.com\/it\/#\/schema\/logo\/image\/","url":"https:\/\/www.erboristerie.com\/wp-content\/uploads\/2019\/11\/LOGO_ERBORISTERIA_DEMETRA_original.png?v=1611516981","contentUrl":"https:\/\/www.erboristerie.com\/wp-content\/uploads\/2019\/11\/LOGO_ERBORISTERIA_DEMETRA_original.png?v=1611516981","width":201,"height":54,"caption":"Erboristeria Demetra"},"image":{"@id":"https:\/\/www.erboristerie.com\/it\/#\/schema\/logo\/image\/"},"sameAs":["https:\/\/www.facebook.com\/erboristeria.demetra.online"]}]}},"_links":{"self":[{"href":"https:\/\/www.erboristerie.com\/en\/wp-json\/wp\/v2\/product\/125694","targetHints":{"allow":["GET"]}}],"collection":[{"href":"https:\/\/www.erboristerie.com\/en\/wp-json\/wp\/v2\/product"}],"about":[{"href":"https:\/\/www.erboristerie.com\/en\/wp-json\/wp\/v2\/types\/product"}],"wp:featuredmedia":[{"embeddable":true,"href":"https:\/\/www.erboristerie.com\/en\/wp-json\/wp\/v2\/media\/125679"}],"wp:attachment":[{"href":"https:\/\/www.erboristerie.com\/en\/wp-json\/wp\/v2\/media?parent=125694"}],"wp:term":[{"taxonomy":"product_brand","embeddable":true,"href":"https:\/\/www.erboristerie.com\/en\/wp-json\/wp\/v2\/product_brand?post=125694"},{"taxonomy":"product_cat","embeddable":true,"href":"https:\/\/www.erboristerie.com\/en\/wp-json\/wp\/v2\/product_cat?post=125694"},{"taxonomy":"product_tag","embeddable":true,"href":"https:\/\/www.erboristerie.com\/en\/wp-json\/wp\/v2\/product_tag?post=125694"},{"taxonomy":"giftcard-category","embeddable":true,"href":"https:\/\/www.erboristerie.com\/en\/wp-json\/wp\/v2\/giftcard-category?post=125694"}],"curies":[{"name":"wp","href":"https:\/\/api.w.org\/{rel}","templated":true}]}}