{"id":124635,"date":"2023-12-11T16:01:02","date_gmt":"2023-12-11T15:01:02","guid":{"rendered":"https:\/\/www.erboristerie.com\/?post_type=product&#038;p=124635"},"modified":"2025-11-27T18:03:31","modified_gmt":"2025-11-27T17:03:31","slug":"buonaregola-15-filtri-filtroscrigno-per-la-regolarita-dellintestino","status":"publish","type":"product","link":"https:\/\/www.erboristerie.com\/en\/prodotto\/buonaregola-15-filtri-filtroscrigno-per-la-regolarita-dellintestino\/","title":{"rendered":"Buonaregola 15 filtri filtroscrigno per la regolarit\u00e0 dell&#8217;intestino"},"content":{"rendered":"<p><strong>Buonaregola 15 filtri filtroscrigno &#8211; Neavita<\/strong><\/p>\n<p>Una miscela ideata per favorire la <strong>regolarit\u00e0 del transito intestinale con dolcezza e puntualit\u00e0<\/strong>.<\/p>\n<p>L&#8217;azione sinergica di <strong>Senna, Malva e Tarassaco<\/strong> favoriscono la regolarit\u00e0 del transito intestinale, <strong>Finocchio, Anice verde e Carvi<\/strong> contribuiscono alla eliminazione dei gas e, insieme alla liquirizia, esaltano la gradevolezza della tisana.<\/p>\n<p><strong><span class=\"fontstyle0\">Contiene<\/span><\/strong><\/p>\n<p>Senna (Senna alexandrina Mill.) foglie*, Malva (Malva sylvestris L.) foglie*, Liquirizia (Glycyrrhiza glabra L.) radici*, Finocchio (Foeniculum vulgare Mill.) frutti*, Tarassaco (Taraxacum officinale (L.) Weber ex F.H. Wigg.) radici*, Anice verde (Pimpinella anisum L.) frutti*, Carvi (Carum carvi L.) frutti*, Stevia (Stevia rebaudiana Bertoni) foglie*.<\/p>\n<p><strong>Perch\u00e8 scegliere un filtroscrigno?<\/strong><\/p>\n<p>Il FiltroScrigno permette di gustare nel modo migliore e con la massima comodit\u00e0 i prodotti Neavita.<\/p>\n<p>Grazie alla sua forma piramidale, il FiltroScrigno pu\u00f2 accogliere perfettamente foglie, piante, fiori e frutti senza romperli o comprometterli conservando l\u2019autentica natura e bont\u00e0 del prodotto sfuso.<\/p>\n<p>Il particolare tessuto biodegradabile, a base di mais, favorisce inoltre il contatto con l\u2019acqua ed evita ogni possibile alterazione dell\u2019infuso.<\/p>\n","protected":false},"excerpt":{"rendered":"<p>Buonaregola 15 filtri filtroscrigno &#8211; Neavita Una miscela ideata per favorire la regolarit\u00e0 del transito intestinale con dolcezza e puntualit\u00e0. L&#8217;azione sinergica di Senna, Malva e Tarassaco favoriscono la regolarit\u00e0 del transito intestinale, Finocchio, Anice verde e Carvi contribuiscono alla eliminazione dei gas e, insieme&#8230;<\/p>\n","protected":false},"featured_media":124639,"template":"","meta":{"_acf_changed":false},"product_brand":[9636],"product_cat":[49559],"product_tag":[],"giftcard-category":[],"class_list":{"0":"post-124635","1":"product","2":"type-product","3":"status-publish","4":"has-post-thumbnail","6":"product_brand-neavita","7":"product_cat-infusi-tisane-in-filtri","8":"pa_formato-15-filtri","9":"pa_linea-infusi-in-filtri","10":"pa_marca-neavita","11":"pa_tipologia-filtri","13":"first","14":"instock","15":"sale","16":"taxable","17":"shipping-taxable","18":"purchasable","19":"product-type-simple"},"acf":[],"yoast_head":"<!-- This site is optimized with the Yoast SEO plugin v24.9 - https:\/\/yoast.com\/wordpress\/plugins\/seo\/ -->\n<title>Buonaregola 15 filtri filtroscrigno per la regolarit\u00e0 dell&#039;intestino - Erboristeria Demetra<\/title>\n<meta name=\"description\" content=\"Una miscela ideata per favorire la regolarit\u00e0 del transito intestinale con dolcezza e puntualit\u00e0. In pratici filtri filtroscrigno.\" \/>\n<meta name=\"robots\" content=\"index, follow, max-snippet:-1, max-image-preview:large, max-video-preview:-1\" \/>\n<link rel=\"canonical\" href=\"https:\/\/www.erboristerie.com\/it\/prodotto\/buonaregola-15-filtri-filtroscrigno-per-la-regolarita-dellintestino\/\" \/>\n<meta property=\"og:locale\" content=\"en_US\" \/>\n<meta property=\"og:type\" content=\"article\" \/>\n<meta property=\"og:title\" content=\"Buonaregola 15 filtri filtroscrigno per la regolarit\u00e0 dell&#039;intestino - Erboristeria Demetra\" \/>\n<meta property=\"og:description\" content=\"Una miscela ideata per favorire la regolarit\u00e0 del transito intestinale con dolcezza e puntualit\u00e0. In pratici filtri filtroscrigno.\" \/>\n<meta property=\"og:url\" content=\"https:\/\/www.erboristerie.com\/it\/prodotto\/buonaregola-15-filtri-filtroscrigno-per-la-regolarita-dellintestino\/\" \/>\n<meta property=\"og:site_name\" content=\"Erboristeria Demetra\" \/>\n<meta property=\"article:publisher\" content=\"https:\/\/www.facebook.com\/erboristeria.demetra.online\" \/>\n<meta property=\"article:modified_time\" content=\"2025-11-27T17:03:31+00:00\" \/>\n<meta property=\"og:image\" content=\"https:\/\/www.erboristerie.com\/wp-content\/uploads\/2023\/12\/00007982-filtroscrigno-buona-regola-neavita-erboristerie-com-1.jpg\" \/>\n\t<meta property=\"og:image:width\" content=\"900\" \/>\n\t<meta property=\"og:image:height\" content=\"900\" \/>\n\t<meta property=\"og:image:type\" content=\"image\/jpeg\" \/>\n<meta name=\"twitter:card\" content=\"summary_large_image\" \/>\n<meta name=\"twitter:label1\" content=\"Est. reading time\" \/>\n\t<meta name=\"twitter:data1\" content=\"1 minute\" \/>\n<script type=\"application\/ld+json\" class=\"yoast-schema-graph\">{\"@context\":\"https:\/\/schema.org\",\"@graph\":[{\"@type\":\"WebPage\",\"@id\":\"https:\/\/www.erboristerie.com\/it\/prodotto\/buonaregola-15-filtri-filtroscrigno-per-la-regolarita-dellintestino\/\",\"url\":\"https:\/\/www.erboristerie.com\/it\/prodotto\/buonaregola-15-filtri-filtroscrigno-per-la-regolarita-dellintestino\/\",\"name\":\"Buonaregola 15 filtri filtroscrigno per la regolarit\u00e0 dell'intestino - Erboristeria Demetra\",\"isPartOf\":{\"@id\":\"https:\/\/www.erboristerie.com\/it\/#website\"},\"primaryImageOfPage\":{\"@id\":\"https:\/\/www.erboristerie.com\/it\/prodotto\/buonaregola-15-filtri-filtroscrigno-per-la-regolarita-dellintestino\/#primaryimage\"},\"image\":{\"@id\":\"https:\/\/www.erboristerie.com\/it\/prodotto\/buonaregola-15-filtri-filtroscrigno-per-la-regolarita-dellintestino\/#primaryimage\"},\"thumbnailUrl\":\"https:\/\/www.erboristerie.com\/wp-content\/uploads\/2023\/12\/00007982-filtroscrigno-buona-regola-neavita-erboristerie-com-1.jpg\",\"datePublished\":\"2023-12-11T15:01:02+00:00\",\"dateModified\":\"2025-11-27T17:03:31+00:00\",\"description\":\"Una miscela ideata per favorire la regolarit\u00e0 del transito intestinale con dolcezza e puntualit\u00e0. In pratici filtri filtroscrigno.\",\"breadcrumb\":{\"@id\":\"https:\/\/www.erboristerie.com\/it\/prodotto\/buonaregola-15-filtri-filtroscrigno-per-la-regolarita-dellintestino\/#breadcrumb\"},\"inLanguage\":\"en-US\",\"potentialAction\":[{\"@type\":\"ReadAction\",\"target\":[\"https:\/\/www.erboristerie.com\/it\/prodotto\/buonaregola-15-filtri-filtroscrigno-per-la-regolarita-dellintestino\/\"]}]},{\"@type\":\"ImageObject\",\"inLanguage\":\"en-US\",\"@id\":\"https:\/\/www.erboristerie.com\/it\/prodotto\/buonaregola-15-filtri-filtroscrigno-per-la-regolarita-dellintestino\/#primaryimage\",\"url\":\"https:\/\/www.erboristerie.com\/wp-content\/uploads\/2023\/12\/00007982-filtroscrigno-buona-regola-neavita-erboristerie-com-1.jpg\",\"contentUrl\":\"https:\/\/www.erboristerie.com\/wp-content\/uploads\/2023\/12\/00007982-filtroscrigno-buona-regola-neavita-erboristerie-com-1.jpg\",\"width\":900,\"height\":900},{\"@type\":\"BreadcrumbList\",\"@id\":\"https:\/\/www.erboristerie.com\/it\/prodotto\/buonaregola-15-filtri-filtroscrigno-per-la-regolarita-dellintestino\/#breadcrumb\",\"itemListElement\":[{\"@type\":\"ListItem\",\"position\":1,\"name\":\"Home\",\"item\":\"https:\/\/www.erboristerie.com\/en\/\"},{\"@type\":\"ListItem\",\"position\":2,\"name\":\"All products\",\"item\":\"https:\/\/www.erboristerie.com\/en\/all-products\/\"},{\"@type\":\"ListItem\",\"position\":3,\"name\":\"Buonaregola 15 filtri filtroscrigno per la regolarit\u00e0 dell&#8217;intestino\"}]},{\"@type\":\"WebSite\",\"@id\":\"https:\/\/www.erboristerie.com\/it\/#website\",\"url\":\"https:\/\/www.erboristerie.com\/it\/\",\"name\":\"Erboristeria Demetra\",\"description\":\"Your natural health\",\"publisher\":{\"@id\":\"https:\/\/www.erboristerie.com\/it\/#organization\"},\"potentialAction\":[{\"@type\":\"SearchAction\",\"target\":{\"@type\":\"EntryPoint\",\"urlTemplate\":\"https:\/\/www.erboristerie.com\/it\/?s={search_term_string}\"},\"query-input\":{\"@type\":\"PropertyValueSpecification\",\"valueRequired\":true,\"valueName\":\"search_term_string\"}}],\"inLanguage\":\"en-US\"},{\"@type\":\"Organization\",\"@id\":\"https:\/\/www.erboristerie.com\/it\/#organization\",\"name\":\"Erboristeria Demetra\",\"url\":\"https:\/\/www.erboristerie.com\/it\/\",\"logo\":{\"@type\":\"ImageObject\",\"inLanguage\":\"en-US\",\"@id\":\"https:\/\/www.erboristerie.com\/it\/#\/schema\/logo\/image\/\",\"url\":\"https:\/\/www.erboristerie.com\/wp-content\/uploads\/2019\/11\/LOGO_ERBORISTERIA_DEMETRA_original.png?v=1611516981\",\"contentUrl\":\"https:\/\/www.erboristerie.com\/wp-content\/uploads\/2019\/11\/LOGO_ERBORISTERIA_DEMETRA_original.png?v=1611516981\",\"width\":201,\"height\":54,\"caption\":\"Erboristeria Demetra\"},\"image\":{\"@id\":\"https:\/\/www.erboristerie.com\/it\/#\/schema\/logo\/image\/\"},\"sameAs\":[\"https:\/\/www.facebook.com\/erboristeria.demetra.online\"]}]}<\/script>\n<!-- \/ Yoast SEO plugin. -->","yoast_head_json":{"title":"Buonaregola 15 filtri filtroscrigno per la regolarit\u00e0 dell'intestino - Erboristeria Demetra","description":"Una miscela ideata per favorire la regolarit\u00e0 del transito intestinale con dolcezza e puntualit\u00e0. In pratici filtri filtroscrigno.","robots":{"index":"index","follow":"follow","max-snippet":"max-snippet:-1","max-image-preview":"max-image-preview:large","max-video-preview":"max-video-preview:-1"},"canonical":"https:\/\/www.erboristerie.com\/it\/prodotto\/buonaregola-15-filtri-filtroscrigno-per-la-regolarita-dellintestino\/","og_locale":"en_US","og_type":"article","og_title":"Buonaregola 15 filtri filtroscrigno per la regolarit\u00e0 dell'intestino - Erboristeria Demetra","og_description":"Una miscela ideata per favorire la regolarit\u00e0 del transito intestinale con dolcezza e puntualit\u00e0. In pratici filtri filtroscrigno.","og_url":"https:\/\/www.erboristerie.com\/it\/prodotto\/buonaregola-15-filtri-filtroscrigno-per-la-regolarita-dellintestino\/","og_site_name":"Erboristeria Demetra","article_publisher":"https:\/\/www.facebook.com\/erboristeria.demetra.online","article_modified_time":"2025-11-27T17:03:31+00:00","og_image":[{"width":900,"height":900,"url":"https:\/\/www.erboristerie.com\/wp-content\/uploads\/2023\/12\/00007982-filtroscrigno-buona-regola-neavita-erboristerie-com-1.jpg","type":"image\/jpeg"}],"twitter_card":"summary_large_image","twitter_misc":{"Est. reading time":"1 minute"},"schema":{"@context":"https:\/\/schema.org","@graph":[{"@type":"WebPage","@id":"https:\/\/www.erboristerie.com\/it\/prodotto\/buonaregola-15-filtri-filtroscrigno-per-la-regolarita-dellintestino\/","url":"https:\/\/www.erboristerie.com\/it\/prodotto\/buonaregola-15-filtri-filtroscrigno-per-la-regolarita-dellintestino\/","name":"Buonaregola 15 filtri filtroscrigno per la regolarit\u00e0 dell'intestino - Erboristeria Demetra","isPartOf":{"@id":"https:\/\/www.erboristerie.com\/it\/#website"},"primaryImageOfPage":{"@id":"https:\/\/www.erboristerie.com\/it\/prodotto\/buonaregola-15-filtri-filtroscrigno-per-la-regolarita-dellintestino\/#primaryimage"},"image":{"@id":"https:\/\/www.erboristerie.com\/it\/prodotto\/buonaregola-15-filtri-filtroscrigno-per-la-regolarita-dellintestino\/#primaryimage"},"thumbnailUrl":"https:\/\/www.erboristerie.com\/wp-content\/uploads\/2023\/12\/00007982-filtroscrigno-buona-regola-neavita-erboristerie-com-1.jpg","datePublished":"2023-12-11T15:01:02+00:00","dateModified":"2025-11-27T17:03:31+00:00","description":"Una miscela ideata per favorire la regolarit\u00e0 del transito intestinale con dolcezza e puntualit\u00e0. In pratici filtri filtroscrigno.","breadcrumb":{"@id":"https:\/\/www.erboristerie.com\/it\/prodotto\/buonaregola-15-filtri-filtroscrigno-per-la-regolarita-dellintestino\/#breadcrumb"},"inLanguage":"en-US","potentialAction":[{"@type":"ReadAction","target":["https:\/\/www.erboristerie.com\/it\/prodotto\/buonaregola-15-filtri-filtroscrigno-per-la-regolarita-dellintestino\/"]}]},{"@type":"ImageObject","inLanguage":"en-US","@id":"https:\/\/www.erboristerie.com\/it\/prodotto\/buonaregola-15-filtri-filtroscrigno-per-la-regolarita-dellintestino\/#primaryimage","url":"https:\/\/www.erboristerie.com\/wp-content\/uploads\/2023\/12\/00007982-filtroscrigno-buona-regola-neavita-erboristerie-com-1.jpg","contentUrl":"https:\/\/www.erboristerie.com\/wp-content\/uploads\/2023\/12\/00007982-filtroscrigno-buona-regola-neavita-erboristerie-com-1.jpg","width":900,"height":900},{"@type":"BreadcrumbList","@id":"https:\/\/www.erboristerie.com\/it\/prodotto\/buonaregola-15-filtri-filtroscrigno-per-la-regolarita-dellintestino\/#breadcrumb","itemListElement":[{"@type":"ListItem","position":1,"name":"Home","item":"https:\/\/www.erboristerie.com\/en\/"},{"@type":"ListItem","position":2,"name":"All products","item":"https:\/\/www.erboristerie.com\/en\/all-products\/"},{"@type":"ListItem","position":3,"name":"Buonaregola 15 filtri filtroscrigno per la regolarit\u00e0 dell&#8217;intestino"}]},{"@type":"WebSite","@id":"https:\/\/www.erboristerie.com\/it\/#website","url":"https:\/\/www.erboristerie.com\/it\/","name":"Erboristeria Demetra","description":"Your natural health","publisher":{"@id":"https:\/\/www.erboristerie.com\/it\/#organization"},"potentialAction":[{"@type":"SearchAction","target":{"@type":"EntryPoint","urlTemplate":"https:\/\/www.erboristerie.com\/it\/?s={search_term_string}"},"query-input":{"@type":"PropertyValueSpecification","valueRequired":true,"valueName":"search_term_string"}}],"inLanguage":"en-US"},{"@type":"Organization","@id":"https:\/\/www.erboristerie.com\/it\/#organization","name":"Erboristeria Demetra","url":"https:\/\/www.erboristerie.com\/it\/","logo":{"@type":"ImageObject","inLanguage":"en-US","@id":"https:\/\/www.erboristerie.com\/it\/#\/schema\/logo\/image\/","url":"https:\/\/www.erboristerie.com\/wp-content\/uploads\/2019\/11\/LOGO_ERBORISTERIA_DEMETRA_original.png?v=1611516981","contentUrl":"https:\/\/www.erboristerie.com\/wp-content\/uploads\/2019\/11\/LOGO_ERBORISTERIA_DEMETRA_original.png?v=1611516981","width":201,"height":54,"caption":"Erboristeria Demetra"},"image":{"@id":"https:\/\/www.erboristerie.com\/it\/#\/schema\/logo\/image\/"},"sameAs":["https:\/\/www.facebook.com\/erboristeria.demetra.online"]}]}},"_links":{"self":[{"href":"https:\/\/www.erboristerie.com\/en\/wp-json\/wp\/v2\/product\/124635","targetHints":{"allow":["GET"]}}],"collection":[{"href":"https:\/\/www.erboristerie.com\/en\/wp-json\/wp\/v2\/product"}],"about":[{"href":"https:\/\/www.erboristerie.com\/en\/wp-json\/wp\/v2\/types\/product"}],"wp:featuredmedia":[{"embeddable":true,"href":"https:\/\/www.erboristerie.com\/en\/wp-json\/wp\/v2\/media\/124639"}],"wp:attachment":[{"href":"https:\/\/www.erboristerie.com\/en\/wp-json\/wp\/v2\/media?parent=124635"}],"wp:term":[{"taxonomy":"product_brand","embeddable":true,"href":"https:\/\/www.erboristerie.com\/en\/wp-json\/wp\/v2\/product_brand?post=124635"},{"taxonomy":"product_cat","embeddable":true,"href":"https:\/\/www.erboristerie.com\/en\/wp-json\/wp\/v2\/product_cat?post=124635"},{"taxonomy":"product_tag","embeddable":true,"href":"https:\/\/www.erboristerie.com\/en\/wp-json\/wp\/v2\/product_tag?post=124635"},{"taxonomy":"giftcard-category","embeddable":true,"href":"https:\/\/www.erboristerie.com\/en\/wp-json\/wp\/v2\/giftcard-category?post=124635"}],"curies":[{"name":"wp","href":"https:\/\/api.w.org\/{rel}","templated":true}]}}