{"id":123609,"date":"2023-10-15T09:16:02","date_gmt":"2023-10-15T07:16:02","guid":{"rendered":"https:\/\/www.erboristerie.com\/?post_type=product&#038;p=123609"},"modified":"2025-11-26T13:14:21","modified_gmt":"2025-11-26T12:14:21","slug":"kit-da-rasatura-note-di-mirto-natures-ed-limitata","status":"publish","type":"product","link":"https:\/\/www.erboristerie.com\/en\/prodotto\/kit-da-rasatura-note-di-mirto-natures-ed-limitata\/","title":{"rendered":"Kit da rasatura\u00a0Note di Mirto &#8211; Nature&#8217;s ed. limitata"},"content":{"rendered":"<p><strong>Kit da rasatura\u00a0Note di Mirto &#8211; Nature&#8217;s ed. limitata<\/strong><\/p>\n<p>Il Trattamento Completo per una Rasatura Perfetta:\u00a0<strong>Gel da Rasatura, Crema Viso Dopo Barba e Eau de Toilette<\/strong><\/p>\n<p>Se desideri trasformare la tua routine di rasatura in un&#8217;esperienza di lusso e benessere, allora sei nel posto giusto.<\/p>\n<p>Abbiamo creato un articolo che ti presenter\u00e0 il nostro trattamento completo per la rasatura, composto da un gel da rasatura di alta qualit\u00e0, una crema gel viso dopo barba idratante e un&#8217;eau de toilette che incanter\u00e0 i tuoi sensi.<\/p>\n<p>Un completo trattamento della rasatura e del viso. L&#8217;Eau de Toilette completa il trattamento per la fase finale<\/p>\n<p>Questo articolo comprende i seguenti prodotti con una particolare convenienza.<\/p>\n<p>Se dedideri viene inoltre fornito il materiale per allestire il tuo regalo!<\/p>\n<ul>\n<li><strong>Gel da rasatura 150ml<br \/>\n<\/strong>Iniziamo con il passo pi\u00f9 importante per una rasatura impeccabile: il gel da rasatura. La formula \u00e8 stata appositamente progettata per garantire una rasatura morbida, precisa e senza irritazioni. La sua consistenza leggera crea una barriera protettiva sulla pelle, consentendo alla lama di scivolare senza sforzo. Gli estratti naturali presenti nel nostro gel idratano e leniscono la pelle, prevenendo la secchezza e le irritazioni. La rasatura non \u00e8 mai stata cos\u00ec confortevole.<\/li>\n<li><strong>Gel viso dopobarba 50ml<br \/>\n<\/strong>Dopo la rasatura,\u00a0\u00e8 fondamentale coccolare la tua pelle. La nostra crema gel viso dopo barba \u00e8 la soluzione ideale. Questa formula leggera e non grassa \u00e8 arricchita con ingredienti idratanti e lenitivi che riducono istantaneamente le irritazioni post-rasatura. La tua pelle sar\u00e0 nutrita e lenita, lasciandoti con una sensazione di freschezza e comfort. \u00c8 il tocco finale perfetto per la tua routine di rasatura.<\/li>\n<li><strong><strong>Eau de toilette 50ml<br \/>\n<\/strong><\/strong>Infine, il nostro trattamento per la rasatura non sarebbe completo senza un tocco di eleganza. La nostra eau de toilette \u00e8 stata creata con cura per offrirti un&#8217;esperienza sensoriale unica. Un profumo deciso e intenso, con note aromatiche che si fondono per creare un profumo irresistibile dalla personalit\u00e0 ricca e sfaccettata. Applicandola dopo la rasatura, sentirai una nuova ondata di fiducia e stile che ti accompagner\u00e0 per tutta la giornata.<\/li>\n<\/ul>\n<p><strong>Linea Note di Mirto<\/strong><\/p>\n<p><strong>Fragranza<\/strong><br \/>\nUnisex, avvolgente, sensuale<\/p>\n<p><strong>Attivi principali<\/strong><br \/>\nMirto bio e zafferano<\/p>\n<p><strong>Propriet\u00e0<\/strong><br \/>\nIdratante, tonificante<\/p>\n<ul>\n<li>Con estratti vegetalie eBIO<\/li>\n<li>Formula Vegan<\/li>\n<li>Non contiene parabeni, paraffina, oli minerali, siliconi, ogm, sls, sles, dea, cessori di formaldeide<\/li>\n<li>Testato su Nickel, Cadmio, Cobalto e Piombo (&lt; 0,0001%)<\/li>\n<li>Dermatologicamente testato<\/li>\n<li>Base detergente rapidamente biodegradabile (Reg. CE 1272\/2008- metodo OECD 301:1992)<\/li>\n<\/ul>\n<p><strong>INCI<\/strong><\/p>\n<p>prunus amygdalus dulcis oil\/prunus amygdalus dulcis (sweet almond) oil, helianthus annuus seed oil*\/helianthus annuus (sunflower) seed oil*, isopropyl palmitate, caprylic\/capric triglyceride, decyl oleate, ricinus communis seed oil\/ricinus communis (castor) seed oil, dicaprylyl ether, parfum\/fragrance, lauryl alcohol, butyrospermum parkii oil\/butyrospermum parkii (shea) oil, tocopherol, limonene, linalool, coumarin, benzyl salicylate, citronellol, linum usitatissimum seed oil\/linum usitatissimum (linseed) seed oil, alpha-isomethyl ionone, aqua\/water, glycerin, myrtus communis leaf extract*, citric acid, crocus sativus flower extract. *da agricoltura biologica\/from organic farming<\/p>\n","protected":false},"excerpt":{"rendered":"<p>Kit da rasatura\u00a0Note di Mirto &#8211; Nature&#8217;s ed. limitata Il Trattamento Completo per una Rasatura Perfetta:\u00a0Gel da Rasatura, Crema Viso Dopo Barba e Eau de Toilette Se desideri trasformare la tua routine di rasatura in un&#8217;esperienza di lusso e benessere, allora sei nel posto giusto&#8230;.<\/p>\n","protected":false},"featured_media":123599,"template":"","meta":{"_acf_changed":false},"product_brand":[9650],"product_cat":[9715,45040],"product_tag":[],"giftcard-category":[],"class_list":{"0":"post-123609","1":"product","2":"type-product","3":"status-publish","4":"has-post-thumbnail","6":"product_brand-nature-s","7":"product_cat-uomo","8":"product_cat-viso","9":"pa_linea-profumazione-note-di-mirto","10":"pa_marca-natures","11":"pa_tipologia-crema","13":"first","14":"instock","15":"sale","16":"taxable","17":"shipping-taxable","18":"purchasable","19":"product-type-simple"},"acf":[],"yoast_head":"<!-- This site is optimized with the Yoast SEO plugin v24.9 - https:\/\/yoast.com\/wordpress\/plugins\/seo\/ -->\n<title>Kit da rasatura\u00a0Note di Mirto - Nature&#039;s ed. limitata - Erboristeria Demetra<\/title>\n<meta name=\"description\" content=\"Se desideri trasformare la tua routine di rasatura in un&#039;esperienza di lusso e benessere, allora sei nel posto giusto.\" \/>\n<meta name=\"robots\" content=\"index, follow, max-snippet:-1, max-image-preview:large, max-video-preview:-1\" \/>\n<link rel=\"canonical\" href=\"https:\/\/www.erboristerie.com\/it\/prodotto\/kit-da-rasatura-note-di-mirto-natures-ed-limitata\/\" \/>\n<meta property=\"og:locale\" content=\"en_US\" \/>\n<meta property=\"og:type\" content=\"article\" \/>\n<meta property=\"og:title\" content=\"Kit da rasatura\u00a0Note di Mirto - Nature&#039;s ed. limitata - Erboristeria Demetra\" \/>\n<meta property=\"og:description\" content=\"Se desideri trasformare la tua routine di rasatura in un&#039;esperienza di lusso e benessere, allora sei nel posto giusto.\" \/>\n<meta property=\"og:url\" content=\"https:\/\/www.erboristerie.com\/it\/prodotto\/kit-da-rasatura-note-di-mirto-natures-ed-limitata\/\" \/>\n<meta property=\"og:site_name\" content=\"Erboristeria Demetra\" \/>\n<meta property=\"article:publisher\" content=\"https:\/\/www.facebook.com\/erboristeria.demetra.online\" \/>\n<meta property=\"article:modified_time\" content=\"2025-11-26T12:14:21+00:00\" \/>\n<meta property=\"og:image\" content=\"https:\/\/www.erboristerie.com\/wp-content\/uploads\/2023\/10\/note-di-mirto-natures-linea-intera.jpg\" \/>\n\t<meta property=\"og:image:width\" content=\"1200\" \/>\n\t<meta property=\"og:image:height\" content=\"780\" \/>\n\t<meta property=\"og:image:type\" content=\"image\/jpeg\" \/>\n<meta name=\"twitter:card\" content=\"summary_large_image\" \/>\n<meta name=\"twitter:label1\" content=\"Est. reading time\" \/>\n\t<meta name=\"twitter:data1\" content=\"3 minutes\" \/>\n<script type=\"application\/ld+json\" class=\"yoast-schema-graph\">{\"@context\":\"https:\/\/schema.org\",\"@graph\":[{\"@type\":\"WebPage\",\"@id\":\"https:\/\/www.erboristerie.com\/it\/prodotto\/kit-da-rasatura-note-di-mirto-natures-ed-limitata\/\",\"url\":\"https:\/\/www.erboristerie.com\/it\/prodotto\/kit-da-rasatura-note-di-mirto-natures-ed-limitata\/\",\"name\":\"Kit da rasatura\u00a0Note di Mirto - Nature's ed. limitata - Erboristeria Demetra\",\"isPartOf\":{\"@id\":\"https:\/\/www.erboristerie.com\/it\/#website\"},\"primaryImageOfPage\":{\"@id\":\"https:\/\/www.erboristerie.com\/it\/prodotto\/kit-da-rasatura-note-di-mirto-natures-ed-limitata\/#primaryimage\"},\"image\":{\"@id\":\"https:\/\/www.erboristerie.com\/it\/prodotto\/kit-da-rasatura-note-di-mirto-natures-ed-limitata\/#primaryimage\"},\"thumbnailUrl\":\"https:\/\/www.erboristerie.com\/wp-content\/uploads\/2023\/10\/note-di-mirto-natures-linea-intera.jpg\",\"datePublished\":\"2023-10-15T07:16:02+00:00\",\"dateModified\":\"2025-11-26T12:14:21+00:00\",\"description\":\"Se desideri trasformare la tua routine di rasatura in un'esperienza di lusso e benessere, allora sei nel posto giusto.\",\"breadcrumb\":{\"@id\":\"https:\/\/www.erboristerie.com\/it\/prodotto\/kit-da-rasatura-note-di-mirto-natures-ed-limitata\/#breadcrumb\"},\"inLanguage\":\"en-US\",\"potentialAction\":[{\"@type\":\"ReadAction\",\"target\":[\"https:\/\/www.erboristerie.com\/it\/prodotto\/kit-da-rasatura-note-di-mirto-natures-ed-limitata\/\"]}]},{\"@type\":\"ImageObject\",\"inLanguage\":\"en-US\",\"@id\":\"https:\/\/www.erboristerie.com\/it\/prodotto\/kit-da-rasatura-note-di-mirto-natures-ed-limitata\/#primaryimage\",\"url\":\"https:\/\/www.erboristerie.com\/wp-content\/uploads\/2023\/10\/note-di-mirto-natures-linea-intera.jpg\",\"contentUrl\":\"https:\/\/www.erboristerie.com\/wp-content\/uploads\/2023\/10\/note-di-mirto-natures-linea-intera.jpg\",\"width\":1200,\"height\":780},{\"@type\":\"BreadcrumbList\",\"@id\":\"https:\/\/www.erboristerie.com\/it\/prodotto\/kit-da-rasatura-note-di-mirto-natures-ed-limitata\/#breadcrumb\",\"itemListElement\":[{\"@type\":\"ListItem\",\"position\":1,\"name\":\"Home\",\"item\":\"https:\/\/www.erboristerie.com\/en\/\"},{\"@type\":\"ListItem\",\"position\":2,\"name\":\"All products\",\"item\":\"https:\/\/www.erboristerie.com\/en\/all-products\/\"},{\"@type\":\"ListItem\",\"position\":3,\"name\":\"Kit da rasatura\u00a0Note di Mirto &#8211; Nature&#8217;s ed. limitata\"}]},{\"@type\":\"WebSite\",\"@id\":\"https:\/\/www.erboristerie.com\/it\/#website\",\"url\":\"https:\/\/www.erboristerie.com\/it\/\",\"name\":\"Erboristeria Demetra\",\"description\":\"Your natural health\",\"publisher\":{\"@id\":\"https:\/\/www.erboristerie.com\/it\/#organization\"},\"potentialAction\":[{\"@type\":\"SearchAction\",\"target\":{\"@type\":\"EntryPoint\",\"urlTemplate\":\"https:\/\/www.erboristerie.com\/it\/?s={search_term_string}\"},\"query-input\":{\"@type\":\"PropertyValueSpecification\",\"valueRequired\":true,\"valueName\":\"search_term_string\"}}],\"inLanguage\":\"en-US\"},{\"@type\":\"Organization\",\"@id\":\"https:\/\/www.erboristerie.com\/it\/#organization\",\"name\":\"Erboristeria Demetra\",\"url\":\"https:\/\/www.erboristerie.com\/it\/\",\"logo\":{\"@type\":\"ImageObject\",\"inLanguage\":\"en-US\",\"@id\":\"https:\/\/www.erboristerie.com\/it\/#\/schema\/logo\/image\/\",\"url\":\"https:\/\/www.erboristerie.com\/wp-content\/uploads\/2019\/11\/LOGO_ERBORISTERIA_DEMETRA_original.png?v=1611516981\",\"contentUrl\":\"https:\/\/www.erboristerie.com\/wp-content\/uploads\/2019\/11\/LOGO_ERBORISTERIA_DEMETRA_original.png?v=1611516981\",\"width\":201,\"height\":54,\"caption\":\"Erboristeria Demetra\"},\"image\":{\"@id\":\"https:\/\/www.erboristerie.com\/it\/#\/schema\/logo\/image\/\"},\"sameAs\":[\"https:\/\/www.facebook.com\/erboristeria.demetra.online\"]}]}<\/script>\n<!-- \/ Yoast SEO plugin. -->","yoast_head_json":{"title":"Kit da rasatura\u00a0Note di Mirto - Nature's ed. limitata - Erboristeria Demetra","description":"Se desideri trasformare la tua routine di rasatura in un'esperienza di lusso e benessere, allora sei nel posto giusto.","robots":{"index":"index","follow":"follow","max-snippet":"max-snippet:-1","max-image-preview":"max-image-preview:large","max-video-preview":"max-video-preview:-1"},"canonical":"https:\/\/www.erboristerie.com\/it\/prodotto\/kit-da-rasatura-note-di-mirto-natures-ed-limitata\/","og_locale":"en_US","og_type":"article","og_title":"Kit da rasatura\u00a0Note di Mirto - Nature's ed. limitata - Erboristeria Demetra","og_description":"Se desideri trasformare la tua routine di rasatura in un'esperienza di lusso e benessere, allora sei nel posto giusto.","og_url":"https:\/\/www.erboristerie.com\/it\/prodotto\/kit-da-rasatura-note-di-mirto-natures-ed-limitata\/","og_site_name":"Erboristeria Demetra","article_publisher":"https:\/\/www.facebook.com\/erboristeria.demetra.online","article_modified_time":"2025-11-26T12:14:21+00:00","og_image":[{"width":1200,"height":780,"url":"https:\/\/www.erboristerie.com\/wp-content\/uploads\/2023\/10\/note-di-mirto-natures-linea-intera.jpg","type":"image\/jpeg"}],"twitter_card":"summary_large_image","twitter_misc":{"Est. reading time":"3 minutes"},"schema":{"@context":"https:\/\/schema.org","@graph":[{"@type":"WebPage","@id":"https:\/\/www.erboristerie.com\/it\/prodotto\/kit-da-rasatura-note-di-mirto-natures-ed-limitata\/","url":"https:\/\/www.erboristerie.com\/it\/prodotto\/kit-da-rasatura-note-di-mirto-natures-ed-limitata\/","name":"Kit da rasatura\u00a0Note di Mirto - Nature's ed. limitata - Erboristeria Demetra","isPartOf":{"@id":"https:\/\/www.erboristerie.com\/it\/#website"},"primaryImageOfPage":{"@id":"https:\/\/www.erboristerie.com\/it\/prodotto\/kit-da-rasatura-note-di-mirto-natures-ed-limitata\/#primaryimage"},"image":{"@id":"https:\/\/www.erboristerie.com\/it\/prodotto\/kit-da-rasatura-note-di-mirto-natures-ed-limitata\/#primaryimage"},"thumbnailUrl":"https:\/\/www.erboristerie.com\/wp-content\/uploads\/2023\/10\/note-di-mirto-natures-linea-intera.jpg","datePublished":"2023-10-15T07:16:02+00:00","dateModified":"2025-11-26T12:14:21+00:00","description":"Se desideri trasformare la tua routine di rasatura in un'esperienza di lusso e benessere, allora sei nel posto giusto.","breadcrumb":{"@id":"https:\/\/www.erboristerie.com\/it\/prodotto\/kit-da-rasatura-note-di-mirto-natures-ed-limitata\/#breadcrumb"},"inLanguage":"en-US","potentialAction":[{"@type":"ReadAction","target":["https:\/\/www.erboristerie.com\/it\/prodotto\/kit-da-rasatura-note-di-mirto-natures-ed-limitata\/"]}]},{"@type":"ImageObject","inLanguage":"en-US","@id":"https:\/\/www.erboristerie.com\/it\/prodotto\/kit-da-rasatura-note-di-mirto-natures-ed-limitata\/#primaryimage","url":"https:\/\/www.erboristerie.com\/wp-content\/uploads\/2023\/10\/note-di-mirto-natures-linea-intera.jpg","contentUrl":"https:\/\/www.erboristerie.com\/wp-content\/uploads\/2023\/10\/note-di-mirto-natures-linea-intera.jpg","width":1200,"height":780},{"@type":"BreadcrumbList","@id":"https:\/\/www.erboristerie.com\/it\/prodotto\/kit-da-rasatura-note-di-mirto-natures-ed-limitata\/#breadcrumb","itemListElement":[{"@type":"ListItem","position":1,"name":"Home","item":"https:\/\/www.erboristerie.com\/en\/"},{"@type":"ListItem","position":2,"name":"All products","item":"https:\/\/www.erboristerie.com\/en\/all-products\/"},{"@type":"ListItem","position":3,"name":"Kit da rasatura\u00a0Note di Mirto &#8211; Nature&#8217;s ed. limitata"}]},{"@type":"WebSite","@id":"https:\/\/www.erboristerie.com\/it\/#website","url":"https:\/\/www.erboristerie.com\/it\/","name":"Erboristeria Demetra","description":"Your natural health","publisher":{"@id":"https:\/\/www.erboristerie.com\/it\/#organization"},"potentialAction":[{"@type":"SearchAction","target":{"@type":"EntryPoint","urlTemplate":"https:\/\/www.erboristerie.com\/it\/?s={search_term_string}"},"query-input":{"@type":"PropertyValueSpecification","valueRequired":true,"valueName":"search_term_string"}}],"inLanguage":"en-US"},{"@type":"Organization","@id":"https:\/\/www.erboristerie.com\/it\/#organization","name":"Erboristeria Demetra","url":"https:\/\/www.erboristerie.com\/it\/","logo":{"@type":"ImageObject","inLanguage":"en-US","@id":"https:\/\/www.erboristerie.com\/it\/#\/schema\/logo\/image\/","url":"https:\/\/www.erboristerie.com\/wp-content\/uploads\/2019\/11\/LOGO_ERBORISTERIA_DEMETRA_original.png?v=1611516981","contentUrl":"https:\/\/www.erboristerie.com\/wp-content\/uploads\/2019\/11\/LOGO_ERBORISTERIA_DEMETRA_original.png?v=1611516981","width":201,"height":54,"caption":"Erboristeria Demetra"},"image":{"@id":"https:\/\/www.erboristerie.com\/it\/#\/schema\/logo\/image\/"},"sameAs":["https:\/\/www.facebook.com\/erboristeria.demetra.online"]}]}},"_links":{"self":[{"href":"https:\/\/www.erboristerie.com\/en\/wp-json\/wp\/v2\/product\/123609","targetHints":{"allow":["GET"]}}],"collection":[{"href":"https:\/\/www.erboristerie.com\/en\/wp-json\/wp\/v2\/product"}],"about":[{"href":"https:\/\/www.erboristerie.com\/en\/wp-json\/wp\/v2\/types\/product"}],"wp:featuredmedia":[{"embeddable":true,"href":"https:\/\/www.erboristerie.com\/en\/wp-json\/wp\/v2\/media\/123599"}],"wp:attachment":[{"href":"https:\/\/www.erboristerie.com\/en\/wp-json\/wp\/v2\/media?parent=123609"}],"wp:term":[{"taxonomy":"product_brand","embeddable":true,"href":"https:\/\/www.erboristerie.com\/en\/wp-json\/wp\/v2\/product_brand?post=123609"},{"taxonomy":"product_cat","embeddable":true,"href":"https:\/\/www.erboristerie.com\/en\/wp-json\/wp\/v2\/product_cat?post=123609"},{"taxonomy":"product_tag","embeddable":true,"href":"https:\/\/www.erboristerie.com\/en\/wp-json\/wp\/v2\/product_tag?post=123609"},{"taxonomy":"giftcard-category","embeddable":true,"href":"https:\/\/www.erboristerie.com\/en\/wp-json\/wp\/v2\/giftcard-category?post=123609"}],"curies":[{"name":"wp","href":"https:\/\/api.w.org\/{rel}","templated":true}]}}