{"id":123603,"date":"2023-10-14T20:46:41","date_gmt":"2023-10-14T18:46:41","guid":{"rendered":"https:\/\/www.erboristerie.com\/?post_type=product&#038;p=123603"},"modified":"2026-04-16T11:31:19","modified_gmt":"2026-04-16T09:31:19","slug":"note-di-mirto-gel-da-rasatura-non-schiumogeno-natures","status":"publish","type":"product","link":"https:\/\/www.erboristerie.com\/en\/prodotto\/note-di-mirto-gel-da-rasatura-non-schiumogeno-natures\/","title":{"rendered":"Note di Mirto Gel da rasatura non schiumogeno Nature&#8217;s"},"content":{"rendered":"<p><strong>Gel da rasatura 150ml Note di Mirto &#8211; Nature&#8217;s<\/strong><\/p>\n<p>Un gel fresco, non schiumogeno, si applica sul viso inumidito prima di procedere alla rasatura.<\/p>\n<p>A base di ingredienti di origine naturale, \u00e8 adatto anche alle pelli pi\u00f9 delicate: aiuta a prevenire le irritazioni e rende pi\u00f9 scorrevole il passaggio del rasoio.<\/p>\n<p>Lascia la pelle morbida e idratata e infonde una piacevole sensazione di comfort.<\/p>\n<p><strong>Modo d&#8217;uso<\/strong><\/p>\n<p>Inumidire il viso con acqua tiepida e stendere il prodotto sulle zone da radere.<\/p>\n<p>Proseguire con la rasatura<\/p>\n<p><strong>Linea Note di Mirto<\/strong><\/p>\n<p><strong>Fragranza<\/strong><br \/>\nUnisex, avvolgente, sensuale<\/p>\n<p><strong>Attivi principali<\/strong><br \/>\nMirto bio e zafferano<\/p>\n<p><strong>Propriet\u00e0<\/strong><br \/>\nIdratante, tonificante<\/p>\n<ul>\n<li>96% ingredienti di origine naturale<br \/>\nIl rimanente 4% degli ingredienti \u00e8 per la sensorialit\u00e0 e la conservazione del prodotto.<\/li>\n<li>Con estratti vegetalie eBIO<\/li>\n<li>Formula Vegan<\/li>\n<li>Non contiene parabeni, paraffina, oli minerali, siliconi, ogm, sls, sles, dea, cessori di formaldeide<\/li>\n<li>Testato su Nickel, Cadmio, Cobalto e Piombo (&lt; 0,0001%)<\/li>\n<li>Dermatologicamente testato<\/li>\n<li>Base detergente rapidamente biodegradabile (Reg. CE 1272\/2008- metodo OECD 301:1992)<\/li>\n<\/ul>\n<p><strong>INCI<\/strong><\/p>\n<p>aqua\/water, caprylyl\/capryl glucoside, coco-glucoside, xanthan gum, glycerin,glycol distearate, pentylene glycol, propanediol, parfum\/fragrance, hydroxypropyl guar, benzyl alcohol, polyglyceryl-2 dipolyhydroxystearate, lauryl glucoside, sodium benzoate, citric acid, myrtus communis leaf extract*, allantoin, menthol, sodium phytate, dehydroacetic acid, limonene, crocus sativus flower extract. *da agricoltura biologica\/from organic farming<\/p>\n","protected":false},"excerpt":{"rendered":"<p>Gel da rasatura 150ml Note di Mirto &#8211; Nature&#8217;s Un gel fresco, non schiumogeno, si applica sul viso inumidito prima di procedere alla rasatura. A base di ingredienti di origine naturale, \u00e8 adatto anche alle pelli pi\u00f9 delicate: aiuta a prevenire le irritazioni e rende&#8230;<\/p>\n","protected":false},"featured_media":123591,"template":"","meta":{"_acf_changed":false},"product_brand":[9650],"product_cat":[9715,45040],"product_tag":[],"giftcard-category":[],"class_list":{"0":"post-123603","1":"product","2":"type-product","3":"status-publish","4":"has-post-thumbnail","6":"product_brand-nature-s","7":"product_cat-uomo","8":"product_cat-viso","9":"pa_formato-150-ml","10":"pa_linea-profumazione-note-di-mirto","11":"pa_marca-natures","12":"pa_tipologia-gel","14":"first","15":"instock","16":"sale","17":"taxable","18":"shipping-taxable","19":"purchasable","20":"product-type-simple"},"acf":[],"yoast_head":"<!-- This site is optimized with the Yoast SEO plugin v24.9 - https:\/\/yoast.com\/wordpress\/plugins\/seo\/ -->\n<title>Note di Mirto Gel da rasatura non schiumogeno Nature&#039;s - Erboristeria Demetra<\/title>\n<meta name=\"description\" content=\"Adatto anche alle pelli pi\u00f9 delicate: aiuta a prevenire le irritazioni e rende pi\u00f9 scorrevole il passaggio del rasoio. Lascia la pelle morbida e idratata\" \/>\n<meta name=\"robots\" content=\"index, follow, max-snippet:-1, max-image-preview:large, max-video-preview:-1\" \/>\n<link rel=\"canonical\" href=\"https:\/\/www.erboristerie.com\/it\/prodotto\/note-di-mirto-gel-da-rasatura-non-schiumogeno-natures\/\" \/>\n<meta property=\"og:locale\" content=\"en_US\" \/>\n<meta property=\"og:type\" content=\"article\" \/>\n<meta property=\"og:title\" content=\"Note di Mirto Gel da rasatura non schiumogeno Nature&#039;s - Erboristeria Demetra\" \/>\n<meta property=\"og:description\" content=\"Adatto anche alle pelli pi\u00f9 delicate: aiuta a prevenire le irritazioni e rende pi\u00f9 scorrevole il passaggio del rasoio. Lascia la pelle morbida e idratata\" \/>\n<meta property=\"og:url\" content=\"https:\/\/www.erboristerie.com\/it\/prodotto\/note-di-mirto-gel-da-rasatura-non-schiumogeno-natures\/\" \/>\n<meta property=\"og:site_name\" content=\"Erboristeria Demetra\" \/>\n<meta property=\"article:publisher\" content=\"https:\/\/www.facebook.com\/erboristeria.demetra.online\" \/>\n<meta property=\"article:modified_time\" content=\"2026-04-16T09:31:19+00:00\" \/>\n<meta property=\"og:image\" content=\"https:\/\/www.erboristerie.com\/wp-content\/uploads\/2023\/10\/00011411-gel-da-rasatura-note-di-mirto-natures.jpg\" \/>\n\t<meta property=\"og:image:width\" content=\"900\" \/>\n\t<meta property=\"og:image:height\" content=\"900\" \/>\n\t<meta property=\"og:image:type\" content=\"image\/jpeg\" \/>\n<meta name=\"twitter:card\" content=\"summary_large_image\" \/>\n<meta name=\"twitter:label1\" content=\"Est. reading time\" \/>\n\t<meta name=\"twitter:data1\" content=\"2 minutes\" \/>\n<script type=\"application\/ld+json\" class=\"yoast-schema-graph\">{\"@context\":\"https:\/\/schema.org\",\"@graph\":[{\"@type\":\"WebPage\",\"@id\":\"https:\/\/www.erboristerie.com\/it\/prodotto\/note-di-mirto-gel-da-rasatura-non-schiumogeno-natures\/\",\"url\":\"https:\/\/www.erboristerie.com\/it\/prodotto\/note-di-mirto-gel-da-rasatura-non-schiumogeno-natures\/\",\"name\":\"Note di Mirto Gel da rasatura non schiumogeno Nature's - Erboristeria Demetra\",\"isPartOf\":{\"@id\":\"https:\/\/www.erboristerie.com\/it\/#website\"},\"primaryImageOfPage\":{\"@id\":\"https:\/\/www.erboristerie.com\/it\/prodotto\/note-di-mirto-gel-da-rasatura-non-schiumogeno-natures\/#primaryimage\"},\"image\":{\"@id\":\"https:\/\/www.erboristerie.com\/it\/prodotto\/note-di-mirto-gel-da-rasatura-non-schiumogeno-natures\/#primaryimage\"},\"thumbnailUrl\":\"https:\/\/www.erboristerie.com\/wp-content\/uploads\/2023\/10\/00011411-gel-da-rasatura-note-di-mirto-natures.jpg\",\"datePublished\":\"2023-10-14T18:46:41+00:00\",\"dateModified\":\"2026-04-16T09:31:19+00:00\",\"description\":\"Adatto anche alle pelli pi\u00f9 delicate: aiuta a prevenire le irritazioni e rende pi\u00f9 scorrevole il passaggio del rasoio. Lascia la pelle morbida e idratata\",\"breadcrumb\":{\"@id\":\"https:\/\/www.erboristerie.com\/it\/prodotto\/note-di-mirto-gel-da-rasatura-non-schiumogeno-natures\/#breadcrumb\"},\"inLanguage\":\"en-US\",\"potentialAction\":[{\"@type\":\"ReadAction\",\"target\":[\"https:\/\/www.erboristerie.com\/it\/prodotto\/note-di-mirto-gel-da-rasatura-non-schiumogeno-natures\/\"]}]},{\"@type\":\"ImageObject\",\"inLanguage\":\"en-US\",\"@id\":\"https:\/\/www.erboristerie.com\/it\/prodotto\/note-di-mirto-gel-da-rasatura-non-schiumogeno-natures\/#primaryimage\",\"url\":\"https:\/\/www.erboristerie.com\/wp-content\/uploads\/2023\/10\/00011411-gel-da-rasatura-note-di-mirto-natures.jpg\",\"contentUrl\":\"https:\/\/www.erboristerie.com\/wp-content\/uploads\/2023\/10\/00011411-gel-da-rasatura-note-di-mirto-natures.jpg\",\"width\":900,\"height\":900},{\"@type\":\"BreadcrumbList\",\"@id\":\"https:\/\/www.erboristerie.com\/it\/prodotto\/note-di-mirto-gel-da-rasatura-non-schiumogeno-natures\/#breadcrumb\",\"itemListElement\":[{\"@type\":\"ListItem\",\"position\":1,\"name\":\"Home\",\"item\":\"https:\/\/www.erboristerie.com\/en\/\"},{\"@type\":\"ListItem\",\"position\":2,\"name\":\"All products\",\"item\":\"https:\/\/www.erboristerie.com\/en\/all-products\/\"},{\"@type\":\"ListItem\",\"position\":3,\"name\":\"Note di Mirto Gel da rasatura non schiumogeno Nature&#8217;s\"}]},{\"@type\":\"WebSite\",\"@id\":\"https:\/\/www.erboristerie.com\/it\/#website\",\"url\":\"https:\/\/www.erboristerie.com\/it\/\",\"name\":\"Erboristeria Demetra\",\"description\":\"Your natural health\",\"publisher\":{\"@id\":\"https:\/\/www.erboristerie.com\/it\/#organization\"},\"potentialAction\":[{\"@type\":\"SearchAction\",\"target\":{\"@type\":\"EntryPoint\",\"urlTemplate\":\"https:\/\/www.erboristerie.com\/it\/?s={search_term_string}\"},\"query-input\":{\"@type\":\"PropertyValueSpecification\",\"valueRequired\":true,\"valueName\":\"search_term_string\"}}],\"inLanguage\":\"en-US\"},{\"@type\":\"Organization\",\"@id\":\"https:\/\/www.erboristerie.com\/it\/#organization\",\"name\":\"Erboristeria Demetra\",\"url\":\"https:\/\/www.erboristerie.com\/it\/\",\"logo\":{\"@type\":\"ImageObject\",\"inLanguage\":\"en-US\",\"@id\":\"https:\/\/www.erboristerie.com\/it\/#\/schema\/logo\/image\/\",\"url\":\"https:\/\/www.erboristerie.com\/wp-content\/uploads\/2019\/11\/LOGO_ERBORISTERIA_DEMETRA_original.png?v=1611516981\",\"contentUrl\":\"https:\/\/www.erboristerie.com\/wp-content\/uploads\/2019\/11\/LOGO_ERBORISTERIA_DEMETRA_original.png?v=1611516981\",\"width\":201,\"height\":54,\"caption\":\"Erboristeria Demetra\"},\"image\":{\"@id\":\"https:\/\/www.erboristerie.com\/it\/#\/schema\/logo\/image\/\"},\"sameAs\":[\"https:\/\/www.facebook.com\/erboristeria.demetra.online\"]}]}<\/script>\n<!-- \/ Yoast SEO plugin. -->","yoast_head_json":{"title":"Note di Mirto Gel da rasatura non schiumogeno Nature's - Erboristeria Demetra","description":"Adatto anche alle pelli pi\u00f9 delicate: aiuta a prevenire le irritazioni e rende pi\u00f9 scorrevole il passaggio del rasoio. Lascia la pelle morbida e idratata","robots":{"index":"index","follow":"follow","max-snippet":"max-snippet:-1","max-image-preview":"max-image-preview:large","max-video-preview":"max-video-preview:-1"},"canonical":"https:\/\/www.erboristerie.com\/it\/prodotto\/note-di-mirto-gel-da-rasatura-non-schiumogeno-natures\/","og_locale":"en_US","og_type":"article","og_title":"Note di Mirto Gel da rasatura non schiumogeno Nature's - Erboristeria Demetra","og_description":"Adatto anche alle pelli pi\u00f9 delicate: aiuta a prevenire le irritazioni e rende pi\u00f9 scorrevole il passaggio del rasoio. Lascia la pelle morbida e idratata","og_url":"https:\/\/www.erboristerie.com\/it\/prodotto\/note-di-mirto-gel-da-rasatura-non-schiumogeno-natures\/","og_site_name":"Erboristeria Demetra","article_publisher":"https:\/\/www.facebook.com\/erboristeria.demetra.online","article_modified_time":"2026-04-16T09:31:19+00:00","og_image":[{"width":900,"height":900,"url":"https:\/\/www.erboristerie.com\/wp-content\/uploads\/2023\/10\/00011411-gel-da-rasatura-note-di-mirto-natures.jpg","type":"image\/jpeg"}],"twitter_card":"summary_large_image","twitter_misc":{"Est. reading time":"2 minutes"},"schema":{"@context":"https:\/\/schema.org","@graph":[{"@type":"WebPage","@id":"https:\/\/www.erboristerie.com\/it\/prodotto\/note-di-mirto-gel-da-rasatura-non-schiumogeno-natures\/","url":"https:\/\/www.erboristerie.com\/it\/prodotto\/note-di-mirto-gel-da-rasatura-non-schiumogeno-natures\/","name":"Note di Mirto Gel da rasatura non schiumogeno Nature's - Erboristeria Demetra","isPartOf":{"@id":"https:\/\/www.erboristerie.com\/it\/#website"},"primaryImageOfPage":{"@id":"https:\/\/www.erboristerie.com\/it\/prodotto\/note-di-mirto-gel-da-rasatura-non-schiumogeno-natures\/#primaryimage"},"image":{"@id":"https:\/\/www.erboristerie.com\/it\/prodotto\/note-di-mirto-gel-da-rasatura-non-schiumogeno-natures\/#primaryimage"},"thumbnailUrl":"https:\/\/www.erboristerie.com\/wp-content\/uploads\/2023\/10\/00011411-gel-da-rasatura-note-di-mirto-natures.jpg","datePublished":"2023-10-14T18:46:41+00:00","dateModified":"2026-04-16T09:31:19+00:00","description":"Adatto anche alle pelli pi\u00f9 delicate: aiuta a prevenire le irritazioni e rende pi\u00f9 scorrevole il passaggio del rasoio. Lascia la pelle morbida e idratata","breadcrumb":{"@id":"https:\/\/www.erboristerie.com\/it\/prodotto\/note-di-mirto-gel-da-rasatura-non-schiumogeno-natures\/#breadcrumb"},"inLanguage":"en-US","potentialAction":[{"@type":"ReadAction","target":["https:\/\/www.erboristerie.com\/it\/prodotto\/note-di-mirto-gel-da-rasatura-non-schiumogeno-natures\/"]}]},{"@type":"ImageObject","inLanguage":"en-US","@id":"https:\/\/www.erboristerie.com\/it\/prodotto\/note-di-mirto-gel-da-rasatura-non-schiumogeno-natures\/#primaryimage","url":"https:\/\/www.erboristerie.com\/wp-content\/uploads\/2023\/10\/00011411-gel-da-rasatura-note-di-mirto-natures.jpg","contentUrl":"https:\/\/www.erboristerie.com\/wp-content\/uploads\/2023\/10\/00011411-gel-da-rasatura-note-di-mirto-natures.jpg","width":900,"height":900},{"@type":"BreadcrumbList","@id":"https:\/\/www.erboristerie.com\/it\/prodotto\/note-di-mirto-gel-da-rasatura-non-schiumogeno-natures\/#breadcrumb","itemListElement":[{"@type":"ListItem","position":1,"name":"Home","item":"https:\/\/www.erboristerie.com\/en\/"},{"@type":"ListItem","position":2,"name":"All products","item":"https:\/\/www.erboristerie.com\/en\/all-products\/"},{"@type":"ListItem","position":3,"name":"Note di Mirto Gel da rasatura non schiumogeno Nature&#8217;s"}]},{"@type":"WebSite","@id":"https:\/\/www.erboristerie.com\/it\/#website","url":"https:\/\/www.erboristerie.com\/it\/","name":"Erboristeria Demetra","description":"Your natural health","publisher":{"@id":"https:\/\/www.erboristerie.com\/it\/#organization"},"potentialAction":[{"@type":"SearchAction","target":{"@type":"EntryPoint","urlTemplate":"https:\/\/www.erboristerie.com\/it\/?s={search_term_string}"},"query-input":{"@type":"PropertyValueSpecification","valueRequired":true,"valueName":"search_term_string"}}],"inLanguage":"en-US"},{"@type":"Organization","@id":"https:\/\/www.erboristerie.com\/it\/#organization","name":"Erboristeria Demetra","url":"https:\/\/www.erboristerie.com\/it\/","logo":{"@type":"ImageObject","inLanguage":"en-US","@id":"https:\/\/www.erboristerie.com\/it\/#\/schema\/logo\/image\/","url":"https:\/\/www.erboristerie.com\/wp-content\/uploads\/2019\/11\/LOGO_ERBORISTERIA_DEMETRA_original.png?v=1611516981","contentUrl":"https:\/\/www.erboristerie.com\/wp-content\/uploads\/2019\/11\/LOGO_ERBORISTERIA_DEMETRA_original.png?v=1611516981","width":201,"height":54,"caption":"Erboristeria Demetra"},"image":{"@id":"https:\/\/www.erboristerie.com\/it\/#\/schema\/logo\/image\/"},"sameAs":["https:\/\/www.facebook.com\/erboristeria.demetra.online"]}]}},"_links":{"self":[{"href":"https:\/\/www.erboristerie.com\/en\/wp-json\/wp\/v2\/product\/123603","targetHints":{"allow":["GET"]}}],"collection":[{"href":"https:\/\/www.erboristerie.com\/en\/wp-json\/wp\/v2\/product"}],"about":[{"href":"https:\/\/www.erboristerie.com\/en\/wp-json\/wp\/v2\/types\/product"}],"wp:featuredmedia":[{"embeddable":true,"href":"https:\/\/www.erboristerie.com\/en\/wp-json\/wp\/v2\/media\/123591"}],"wp:attachment":[{"href":"https:\/\/www.erboristerie.com\/en\/wp-json\/wp\/v2\/media?parent=123603"}],"wp:term":[{"taxonomy":"product_brand","embeddable":true,"href":"https:\/\/www.erboristerie.com\/en\/wp-json\/wp\/v2\/product_brand?post=123603"},{"taxonomy":"product_cat","embeddable":true,"href":"https:\/\/www.erboristerie.com\/en\/wp-json\/wp\/v2\/product_cat?post=123603"},{"taxonomy":"product_tag","embeddable":true,"href":"https:\/\/www.erboristerie.com\/en\/wp-json\/wp\/v2\/product_tag?post=123603"},{"taxonomy":"giftcard-category","embeddable":true,"href":"https:\/\/www.erboristerie.com\/en\/wp-json\/wp\/v2\/giftcard-category?post=123603"}],"curies":[{"name":"wp","href":"https:\/\/api.w.org\/{rel}","templated":true}]}}