{"id":123070,"date":"2023-09-22T17:30:40","date_gmt":"2023-09-22T15:30:40","guid":{"rendered":"https:\/\/www.erboristerie.com\/?post_type=product&#038;p=123070"},"modified":"2026-04-02T18:14:59","modified_gmt":"2026-04-02T16:14:59","slug":"yerba-mate-taragui-tradicional-1kg-elaborada-con-palo-industria-argentina-copia","status":"publish","type":"product","link":"https:\/\/www.erboristerie.com\/en\/prodotto\/yerba-mate-taragui-tradicional-1kg-elaborada-con-palo-industria-argentina-copia\/","title":{"rendered":"Yerba Mate Tarag\u00fci Tradicional 1kg Elaborada con palo industria Argentina"},"content":{"rendered":"<p><strong>Yerba Mate Tarag\u00fci Tradicional 1kg Elaborada con palo industria Argentina<\/strong><\/p>\n<p>La Yerba Mate <strong>Tarag\u00fci \u00e8 una delle marche pi\u00f9 amate e conosciute dell\u2019Argentina<\/strong>, sinonimo di qualit\u00e0 e autenticit\u00e0.<\/p>\n<p>Preparata con foglie selezionate di Ilex paraguariensis e arricchita con palo (rametti), questa yerba offre un <strong>gusto bilanciato, corposo e persistente,<\/strong> ideale per gli <strong>amanti del Mate tradizionale<\/strong>.<\/p>\n<p><strong>Caratteristiche principali:<\/strong><\/p>\n<p>Origine: 100% Argentina, prodotta nella provincia di Corrientes<br \/>\nIngredienti: 100% Yerba Mate (Ilex paraguariensis) con palo<br \/>\nGusto deciso e sapore autentico<br \/>\nPerfetta per la preparazione del Mate tradizionale<br \/>\nlibre de gluten &#8211; senza glutine<\/p>\n<p><strong>Il piacere del Mate tradizionale<\/strong><\/p>\n<p>La Yerba Mate Tarag\u00fci \u00e8 ideale per chi cerca un\u2019esperienza autentica e ricca di sapore.<\/p>\n<p>\u00c8 perfetta per accompagnare momenti di condivisione con amici e familiari, come vuole la tradizione sudamericana.<\/p>\n<p>Pu\u00f2 essere gustata con l\u2019ausilio del tradizionale mate gourd e della bombilla, per un\u2019immersione completa nella cultura del Mate.<\/p>\n<p>Scopri il sapore unico della Yerba Mate Tarag\u00fci Tradicional e lasciati trasportare dalla tradizione argentina, dove il Mate \u00e8 molto pi\u00f9 di una bevanda: \u00e8 un rito quotidiano e un simbolo di convivialit\u00e0<\/p>\n","protected":false},"excerpt":{"rendered":"<p>Yerba Mate Tarag\u00fci Tradicional 1kg Elaborada con palo industria Argentina La Yerba Mate Tarag\u00fci \u00e8 una delle marche pi\u00f9 amate e conosciute dell\u2019Argentina, sinonimo di qualit\u00e0 e autenticit\u00e0. Preparata con foglie selezionate di Ilex paraguariensis e arricchita con palo (rametti), questa yerba offre un gusto&#8230;<\/p>\n","protected":false},"featured_media":128546,"template":"","meta":{"_acf_changed":false},"product_brand":[46231],"product_cat":[9767],"product_tag":[],"giftcard-category":[],"class_list":{"0":"post-123070","1":"product","2":"type-product","3":"status-publish","4":"has-post-thumbnail","6":"product_brand-gourmet-partners","7":"product_cat-yerba-mate-e-prodotti-argentini","8":"pa_formato-1-kg","9":"pa_tipologia-yerba","11":"first","12":"instock","13":"taxable","14":"shipping-taxable","15":"purchasable","16":"product-type-simple"},"acf":[],"yoast_head":"<!-- This site is optimized with the Yoast SEO plugin v24.9 - https:\/\/yoast.com\/wordpress\/plugins\/seo\/ -->\n<title>Yerba Mate Tarag\u00fci Tradicional 1kg Elaborada con palo industria Argentina - Erboristeria Demetra<\/title>\n<meta name=\"description\" content=\"Yerba Mate Tarag\u00fci Tradicional 1kg Elaborada con palo industria Argentina\" \/>\n<meta name=\"robots\" content=\"index, follow, max-snippet:-1, max-image-preview:large, max-video-preview:-1\" \/>\n<link rel=\"canonical\" href=\"https:\/\/www.erboristerie.com\/it\/prodotto\/yerba-mate-taragui-tradicional-1kg-elaborada-con-palo-industria-argentina-copia\/\" \/>\n<meta property=\"og:locale\" content=\"en_US\" \/>\n<meta property=\"og:type\" content=\"article\" \/>\n<meta property=\"og:title\" content=\"Yerba Mate Tarag\u00fci Tradicional 1kg Elaborada con palo industria Argentina - Erboristeria Demetra\" \/>\n<meta property=\"og:description\" content=\"Yerba Mate Tarag\u00fci Tradicional 1kg Elaborada con palo industria Argentina\" \/>\n<meta property=\"og:url\" content=\"https:\/\/www.erboristerie.com\/it\/prodotto\/yerba-mate-taragui-tradicional-1kg-elaborada-con-palo-industria-argentina-copia\/\" \/>\n<meta property=\"og:site_name\" content=\"Erboristeria Demetra\" \/>\n<meta property=\"article:publisher\" content=\"https:\/\/www.facebook.com\/erboristeria.demetra.online\" \/>\n<meta property=\"article:modified_time\" content=\"2026-04-02T16:14:59+00:00\" \/>\n<meta property=\"og:image\" content=\"https:\/\/www.erboristerie.com\/wp-content\/uploads\/2023\/09\/00004624-yerba-mate-taragui-elaborada-con-palo-1kg-erboristerie-com.jpg\" \/>\n\t<meta property=\"og:image:width\" content=\"800\" \/>\n\t<meta property=\"og:image:height\" content=\"800\" \/>\n\t<meta property=\"og:image:type\" content=\"image\/jpeg\" \/>\n<meta name=\"twitter:card\" content=\"summary_large_image\" \/>\n<meta name=\"twitter:label1\" content=\"Est. reading time\" \/>\n\t<meta name=\"twitter:data1\" content=\"1 minute\" \/>\n<script type=\"application\/ld+json\" class=\"yoast-schema-graph\">{\"@context\":\"https:\/\/schema.org\",\"@graph\":[{\"@type\":\"WebPage\",\"@id\":\"https:\/\/www.erboristerie.com\/it\/prodotto\/yerba-mate-taragui-tradicional-1kg-elaborada-con-palo-industria-argentina-copia\/\",\"url\":\"https:\/\/www.erboristerie.com\/it\/prodotto\/yerba-mate-taragui-tradicional-1kg-elaborada-con-palo-industria-argentina-copia\/\",\"name\":\"Yerba Mate Tarag\u00fci Tradicional 1kg Elaborada con palo industria Argentina - Erboristeria Demetra\",\"isPartOf\":{\"@id\":\"https:\/\/www.erboristerie.com\/it\/#website\"},\"primaryImageOfPage\":{\"@id\":\"https:\/\/www.erboristerie.com\/it\/prodotto\/yerba-mate-taragui-tradicional-1kg-elaborada-con-palo-industria-argentina-copia\/#primaryimage\"},\"image\":{\"@id\":\"https:\/\/www.erboristerie.com\/it\/prodotto\/yerba-mate-taragui-tradicional-1kg-elaborada-con-palo-industria-argentina-copia\/#primaryimage\"},\"thumbnailUrl\":\"https:\/\/www.erboristerie.com\/wp-content\/uploads\/2023\/09\/00004624-yerba-mate-taragui-elaborada-con-palo-1kg-erboristerie-com.jpg\",\"datePublished\":\"2023-09-22T15:30:40+00:00\",\"dateModified\":\"2026-04-02T16:14:59+00:00\",\"description\":\"Yerba Mate Tarag\u00fci Tradicional 1kg Elaborada con palo industria Argentina\",\"breadcrumb\":{\"@id\":\"https:\/\/www.erboristerie.com\/it\/prodotto\/yerba-mate-taragui-tradicional-1kg-elaborada-con-palo-industria-argentina-copia\/#breadcrumb\"},\"inLanguage\":\"en-US\",\"potentialAction\":[{\"@type\":\"ReadAction\",\"target\":[\"https:\/\/www.erboristerie.com\/it\/prodotto\/yerba-mate-taragui-tradicional-1kg-elaborada-con-palo-industria-argentina-copia\/\"]}]},{\"@type\":\"ImageObject\",\"inLanguage\":\"en-US\",\"@id\":\"https:\/\/www.erboristerie.com\/it\/prodotto\/yerba-mate-taragui-tradicional-1kg-elaborada-con-palo-industria-argentina-copia\/#primaryimage\",\"url\":\"https:\/\/www.erboristerie.com\/wp-content\/uploads\/2023\/09\/00004624-yerba-mate-taragui-elaborada-con-palo-1kg-erboristerie-com.jpg\",\"contentUrl\":\"https:\/\/www.erboristerie.com\/wp-content\/uploads\/2023\/09\/00004624-yerba-mate-taragui-elaborada-con-palo-1kg-erboristerie-com.jpg\",\"width\":800,\"height\":800},{\"@type\":\"BreadcrumbList\",\"@id\":\"https:\/\/www.erboristerie.com\/it\/prodotto\/yerba-mate-taragui-tradicional-1kg-elaborada-con-palo-industria-argentina-copia\/#breadcrumb\",\"itemListElement\":[{\"@type\":\"ListItem\",\"position\":1,\"name\":\"Home\",\"item\":\"https:\/\/www.erboristerie.com\/en\/\"},{\"@type\":\"ListItem\",\"position\":2,\"name\":\"All products\",\"item\":\"https:\/\/www.erboristerie.com\/en\/all-products\/\"},{\"@type\":\"ListItem\",\"position\":3,\"name\":\"Yerba Mate Tarag\u00fci Tradicional 1kg Elaborada con palo industria Argentina\"}]},{\"@type\":\"WebSite\",\"@id\":\"https:\/\/www.erboristerie.com\/it\/#website\",\"url\":\"https:\/\/www.erboristerie.com\/it\/\",\"name\":\"Erboristeria Demetra\",\"description\":\"Your natural health\",\"publisher\":{\"@id\":\"https:\/\/www.erboristerie.com\/it\/#organization\"},\"potentialAction\":[{\"@type\":\"SearchAction\",\"target\":{\"@type\":\"EntryPoint\",\"urlTemplate\":\"https:\/\/www.erboristerie.com\/it\/?s={search_term_string}\"},\"query-input\":{\"@type\":\"PropertyValueSpecification\",\"valueRequired\":true,\"valueName\":\"search_term_string\"}}],\"inLanguage\":\"en-US\"},{\"@type\":\"Organization\",\"@id\":\"https:\/\/www.erboristerie.com\/it\/#organization\",\"name\":\"Erboristeria Demetra\",\"url\":\"https:\/\/www.erboristerie.com\/it\/\",\"logo\":{\"@type\":\"ImageObject\",\"inLanguage\":\"en-US\",\"@id\":\"https:\/\/www.erboristerie.com\/it\/#\/schema\/logo\/image\/\",\"url\":\"https:\/\/www.erboristerie.com\/wp-content\/uploads\/2019\/11\/LOGO_ERBORISTERIA_DEMETRA_original.png?v=1611516981\",\"contentUrl\":\"https:\/\/www.erboristerie.com\/wp-content\/uploads\/2019\/11\/LOGO_ERBORISTERIA_DEMETRA_original.png?v=1611516981\",\"width\":201,\"height\":54,\"caption\":\"Erboristeria Demetra\"},\"image\":{\"@id\":\"https:\/\/www.erboristerie.com\/it\/#\/schema\/logo\/image\/\"},\"sameAs\":[\"https:\/\/www.facebook.com\/erboristeria.demetra.online\"]}]}<\/script>\n<!-- \/ Yoast SEO plugin. -->","yoast_head_json":{"title":"Yerba Mate Tarag\u00fci Tradicional 1kg Elaborada con palo industria Argentina - Erboristeria Demetra","description":"Yerba Mate Tarag\u00fci Tradicional 1kg Elaborada con palo industria Argentina","robots":{"index":"index","follow":"follow","max-snippet":"max-snippet:-1","max-image-preview":"max-image-preview:large","max-video-preview":"max-video-preview:-1"},"canonical":"https:\/\/www.erboristerie.com\/it\/prodotto\/yerba-mate-taragui-tradicional-1kg-elaborada-con-palo-industria-argentina-copia\/","og_locale":"en_US","og_type":"article","og_title":"Yerba Mate Tarag\u00fci Tradicional 1kg Elaborada con palo industria Argentina - Erboristeria Demetra","og_description":"Yerba Mate Tarag\u00fci Tradicional 1kg Elaborada con palo industria Argentina","og_url":"https:\/\/www.erboristerie.com\/it\/prodotto\/yerba-mate-taragui-tradicional-1kg-elaborada-con-palo-industria-argentina-copia\/","og_site_name":"Erboristeria Demetra","article_publisher":"https:\/\/www.facebook.com\/erboristeria.demetra.online","article_modified_time":"2026-04-02T16:14:59+00:00","og_image":[{"width":800,"height":800,"url":"https:\/\/www.erboristerie.com\/wp-content\/uploads\/2023\/09\/00004624-yerba-mate-taragui-elaborada-con-palo-1kg-erboristerie-com.jpg","type":"image\/jpeg"}],"twitter_card":"summary_large_image","twitter_misc":{"Est. reading time":"1 minute"},"schema":{"@context":"https:\/\/schema.org","@graph":[{"@type":"WebPage","@id":"https:\/\/www.erboristerie.com\/it\/prodotto\/yerba-mate-taragui-tradicional-1kg-elaborada-con-palo-industria-argentina-copia\/","url":"https:\/\/www.erboristerie.com\/it\/prodotto\/yerba-mate-taragui-tradicional-1kg-elaborada-con-palo-industria-argentina-copia\/","name":"Yerba Mate Tarag\u00fci Tradicional 1kg Elaborada con palo industria Argentina - Erboristeria Demetra","isPartOf":{"@id":"https:\/\/www.erboristerie.com\/it\/#website"},"primaryImageOfPage":{"@id":"https:\/\/www.erboristerie.com\/it\/prodotto\/yerba-mate-taragui-tradicional-1kg-elaborada-con-palo-industria-argentina-copia\/#primaryimage"},"image":{"@id":"https:\/\/www.erboristerie.com\/it\/prodotto\/yerba-mate-taragui-tradicional-1kg-elaborada-con-palo-industria-argentina-copia\/#primaryimage"},"thumbnailUrl":"https:\/\/www.erboristerie.com\/wp-content\/uploads\/2023\/09\/00004624-yerba-mate-taragui-elaborada-con-palo-1kg-erboristerie-com.jpg","datePublished":"2023-09-22T15:30:40+00:00","dateModified":"2026-04-02T16:14:59+00:00","description":"Yerba Mate Tarag\u00fci Tradicional 1kg Elaborada con palo industria Argentina","breadcrumb":{"@id":"https:\/\/www.erboristerie.com\/it\/prodotto\/yerba-mate-taragui-tradicional-1kg-elaborada-con-palo-industria-argentina-copia\/#breadcrumb"},"inLanguage":"en-US","potentialAction":[{"@type":"ReadAction","target":["https:\/\/www.erboristerie.com\/it\/prodotto\/yerba-mate-taragui-tradicional-1kg-elaborada-con-palo-industria-argentina-copia\/"]}]},{"@type":"ImageObject","inLanguage":"en-US","@id":"https:\/\/www.erboristerie.com\/it\/prodotto\/yerba-mate-taragui-tradicional-1kg-elaborada-con-palo-industria-argentina-copia\/#primaryimage","url":"https:\/\/www.erboristerie.com\/wp-content\/uploads\/2023\/09\/00004624-yerba-mate-taragui-elaborada-con-palo-1kg-erboristerie-com.jpg","contentUrl":"https:\/\/www.erboristerie.com\/wp-content\/uploads\/2023\/09\/00004624-yerba-mate-taragui-elaborada-con-palo-1kg-erboristerie-com.jpg","width":800,"height":800},{"@type":"BreadcrumbList","@id":"https:\/\/www.erboristerie.com\/it\/prodotto\/yerba-mate-taragui-tradicional-1kg-elaborada-con-palo-industria-argentina-copia\/#breadcrumb","itemListElement":[{"@type":"ListItem","position":1,"name":"Home","item":"https:\/\/www.erboristerie.com\/en\/"},{"@type":"ListItem","position":2,"name":"All products","item":"https:\/\/www.erboristerie.com\/en\/all-products\/"},{"@type":"ListItem","position":3,"name":"Yerba Mate Tarag\u00fci Tradicional 1kg Elaborada con palo industria Argentina"}]},{"@type":"WebSite","@id":"https:\/\/www.erboristerie.com\/it\/#website","url":"https:\/\/www.erboristerie.com\/it\/","name":"Erboristeria Demetra","description":"Your natural health","publisher":{"@id":"https:\/\/www.erboristerie.com\/it\/#organization"},"potentialAction":[{"@type":"SearchAction","target":{"@type":"EntryPoint","urlTemplate":"https:\/\/www.erboristerie.com\/it\/?s={search_term_string}"},"query-input":{"@type":"PropertyValueSpecification","valueRequired":true,"valueName":"search_term_string"}}],"inLanguage":"en-US"},{"@type":"Organization","@id":"https:\/\/www.erboristerie.com\/it\/#organization","name":"Erboristeria Demetra","url":"https:\/\/www.erboristerie.com\/it\/","logo":{"@type":"ImageObject","inLanguage":"en-US","@id":"https:\/\/www.erboristerie.com\/it\/#\/schema\/logo\/image\/","url":"https:\/\/www.erboristerie.com\/wp-content\/uploads\/2019\/11\/LOGO_ERBORISTERIA_DEMETRA_original.png?v=1611516981","contentUrl":"https:\/\/www.erboristerie.com\/wp-content\/uploads\/2019\/11\/LOGO_ERBORISTERIA_DEMETRA_original.png?v=1611516981","width":201,"height":54,"caption":"Erboristeria Demetra"},"image":{"@id":"https:\/\/www.erboristerie.com\/it\/#\/schema\/logo\/image\/"},"sameAs":["https:\/\/www.facebook.com\/erboristeria.demetra.online"]}]}},"_links":{"self":[{"href":"https:\/\/www.erboristerie.com\/en\/wp-json\/wp\/v2\/product\/123070","targetHints":{"allow":["GET"]}}],"collection":[{"href":"https:\/\/www.erboristerie.com\/en\/wp-json\/wp\/v2\/product"}],"about":[{"href":"https:\/\/www.erboristerie.com\/en\/wp-json\/wp\/v2\/types\/product"}],"wp:featuredmedia":[{"embeddable":true,"href":"https:\/\/www.erboristerie.com\/en\/wp-json\/wp\/v2\/media\/128546"}],"wp:attachment":[{"href":"https:\/\/www.erboristerie.com\/en\/wp-json\/wp\/v2\/media?parent=123070"}],"wp:term":[{"taxonomy":"product_brand","embeddable":true,"href":"https:\/\/www.erboristerie.com\/en\/wp-json\/wp\/v2\/product_brand?post=123070"},{"taxonomy":"product_cat","embeddable":true,"href":"https:\/\/www.erboristerie.com\/en\/wp-json\/wp\/v2\/product_cat?post=123070"},{"taxonomy":"product_tag","embeddable":true,"href":"https:\/\/www.erboristerie.com\/en\/wp-json\/wp\/v2\/product_tag?post=123070"},{"taxonomy":"giftcard-category","embeddable":true,"href":"https:\/\/www.erboristerie.com\/en\/wp-json\/wp\/v2\/giftcard-category?post=123070"}],"curies":[{"name":"wp","href":"https:\/\/api.w.org\/{rel}","templated":true}]}}