{"id":123055,"date":"2023-09-22T12:03:14","date_gmt":"2023-09-22T10:03:14","guid":{"rendered":"https:\/\/www.erboristerie.com\/?post_type=product&#038;p=123055"},"modified":"2025-09-10T18:54:37","modified_gmt":"2025-09-10T16:54:37","slug":"tocco-di-seta-olio-da-massaggio-notte-a-tangeri-novita-erbolario","status":"publish","type":"product","link":"https:\/\/www.erboristerie.com\/en\/prodotto\/tocco-di-seta-olio-da-massaggio-notte-a-tangeri-novita-erbolario\/","title":{"rendered":"Tocco di Seta Olio da Massaggio Notte a Tangeri Novit\u00e0 Erbolario"},"content":{"rendered":"<p><strong>Tocco di Seta Olio da Massaggio 100ml Notte a Tangeri Novit\u00e0 Erbolario<\/strong><\/p>\n<p>con estratto di Tangerino<\/p>\n<p><span class=\"fontstyle0\">Un dolce e rilassante massaggio con questo Olio profumato \u00e8 quel che ci vuole per offrire alla pelle del corpo nutrimento, elasticit\u00e0 e una consistenza di seta, mentre i sensi si immergono nell\u2019atmosfera di un hammam marocchino.<\/span><\/p>\n<p><strong>Consigli d&#8217;uso<\/strong><\/p>\n<p>Raccogliete un poco di prodotto nell\u2019incavo della mano e distribuitelo su tutto il corpo, massaggiando con gesti circolari fino a completo assorbimento.<\/p>\n<p><strong>Sostanze funzionali<\/strong><\/p>\n<p>Estratti oleosi di Tangerino e di Cardamomo, oli di Argan, di Girasole biologico e di Mandorle dolci, frazione insaponificabile dell\u2019olio di Oliva, Vitamina E dai semi della Soja.<\/p>\n<p><strong>Linea Notte a Tangeri<\/strong><\/p>\n<p>Atmosfere da sogno sotto un cielo stellato.<\/p>\n<p>Citt\u00e0 romantica e misteriosa, Tangeri cede il suo <strong>fascino da mille e una hotte a questa nuova Collezione profumata, irresistibile ed esotica<\/strong>.<\/p>\n<p>Un Profumo ipnotico, sensuali rituali per il corpo, raffinate fragranze per gli ambienti.<\/p>\n<p><strong>Famiglia olfattiva<\/strong><\/p>\n<ul>\n<li>agrumata<\/li>\n<li>fiorita<\/li>\n<li>ambrata-vanigliata<\/li>\n<\/ul>\n<p>Bergamotto, Tangerino, Cardamomo, Angelica, Eliotropo, Vaniglia, Ambra<\/p>\n<p>Per trovare l&#8217;intera linea Notte a Tangeri clicca <a href=\"https:\/\/www.erboristerie.com\/it\/tutti-i-prodotti\/?s=tangeri&amp;post_type=product&amp;filter_linea-profumazione=notte-a-tangeri&amp;type_aws=true\">qui<\/a><\/p>\n","protected":false},"excerpt":{"rendered":"<p>Tocco di Seta Olio da Massaggio 100ml Notte a Tangeri Novit\u00e0 Erbolario con estratto di Tangerino Un dolce e rilassante massaggio con questo Olio profumato \u00e8 quel che ci vuole per offrire alla pelle del corpo nutrimento, elasticit\u00e0 e una consistenza di seta, mentre i&#8230;<\/p>\n","protected":false},"featured_media":123036,"template":"","meta":{"_acf_changed":false},"product_brand":[9603],"product_cat":[49195,10311],"product_tag":[],"giftcard-category":[],"class_list":{"0":"post-123055","1":"product","2":"type-product","3":"status-publish","4":"has-post-thumbnail","6":"product_brand-erbolario","7":"product_cat-linee-profumate","8":"product_cat-oli-per-viso-e-corpo","9":"pa_formato-100-ml","10":"pa_linea-profumazione-notte-a-tangeri","11":"pa_marca-lerbolario","12":"pa_tipologia-olio","14":"first","15":"instock","16":"sale","17":"taxable","18":"shipping-taxable","19":"purchasable","20":"product-type-simple"},"acf":[],"yoast_head":"<!-- This site is optimized with the Yoast SEO plugin v24.9 - https:\/\/yoast.com\/wordpress\/plugins\/seo\/ -->\n<title>Tocco di Seta Olio da Massaggio Notte a Tangeri Novit\u00e0 Erbolario - Erboristeria Demetra<\/title>\n<meta name=\"description\" content=\"Olio profumato per offrire alla pelle del corpo nutrimento, elasticit\u00e0 e una consistenza di seta nell\u2019atmosfera di un hammam marocchino\" \/>\n<meta name=\"robots\" content=\"index, follow, max-snippet:-1, max-image-preview:large, max-video-preview:-1\" \/>\n<link rel=\"canonical\" href=\"https:\/\/www.erboristerie.com\/it\/prodotto\/tocco-di-seta-olio-da-massaggio-notte-a-tangeri-novita-erbolario\/\" \/>\n<meta property=\"og:locale\" content=\"en_US\" \/>\n<meta property=\"og:type\" content=\"article\" \/>\n<meta property=\"og:title\" content=\"Tocco di Seta Olio da Massaggio Notte a Tangeri Novit\u00e0 Erbolario - Erboristeria Demetra\" \/>\n<meta property=\"og:description\" content=\"Olio profumato per offrire alla pelle del corpo nutrimento, elasticit\u00e0 e una consistenza di seta nell\u2019atmosfera di un hammam marocchino\" \/>\n<meta property=\"og:url\" content=\"https:\/\/www.erboristerie.com\/it\/prodotto\/tocco-di-seta-olio-da-massaggio-notte-a-tangeri-novita-erbolario\/\" \/>\n<meta property=\"og:site_name\" content=\"Erboristeria Demetra\" \/>\n<meta property=\"article:publisher\" content=\"https:\/\/www.facebook.com\/erboristeria.demetra.online\" \/>\n<meta property=\"article:modified_time\" content=\"2025-09-10T16:54:37+00:00\" \/>\n<meta property=\"og:image\" content=\"https:\/\/www.erboristerie.com\/wp-content\/uploads\/2023\/09\/00011362_notte_a_tangeri_tocco_di_seta_olio_da_massaggio.jpg\" \/>\n\t<meta property=\"og:image:width\" content=\"850\" \/>\n\t<meta property=\"og:image:height\" content=\"850\" \/>\n\t<meta property=\"og:image:type\" content=\"image\/jpeg\" \/>\n<meta name=\"twitter:card\" content=\"summary_large_image\" \/>\n<meta name=\"twitter:label1\" content=\"Est. reading time\" \/>\n\t<meta name=\"twitter:data1\" content=\"1 minute\" \/>\n<script type=\"application\/ld+json\" class=\"yoast-schema-graph\">{\"@context\":\"https:\/\/schema.org\",\"@graph\":[{\"@type\":\"WebPage\",\"@id\":\"https:\/\/www.erboristerie.com\/it\/prodotto\/tocco-di-seta-olio-da-massaggio-notte-a-tangeri-novita-erbolario\/\",\"url\":\"https:\/\/www.erboristerie.com\/it\/prodotto\/tocco-di-seta-olio-da-massaggio-notte-a-tangeri-novita-erbolario\/\",\"name\":\"Tocco di Seta Olio da Massaggio Notte a Tangeri Novit\u00e0 Erbolario - Erboristeria Demetra\",\"isPartOf\":{\"@id\":\"https:\/\/www.erboristerie.com\/it\/#website\"},\"primaryImageOfPage\":{\"@id\":\"https:\/\/www.erboristerie.com\/it\/prodotto\/tocco-di-seta-olio-da-massaggio-notte-a-tangeri-novita-erbolario\/#primaryimage\"},\"image\":{\"@id\":\"https:\/\/www.erboristerie.com\/it\/prodotto\/tocco-di-seta-olio-da-massaggio-notte-a-tangeri-novita-erbolario\/#primaryimage\"},\"thumbnailUrl\":\"https:\/\/www.erboristerie.com\/wp-content\/uploads\/2023\/09\/00011362_notte_a_tangeri_tocco_di_seta_olio_da_massaggio.jpg\",\"datePublished\":\"2023-09-22T10:03:14+00:00\",\"dateModified\":\"2025-09-10T16:54:37+00:00\",\"description\":\"Olio profumato per offrire alla pelle del corpo nutrimento, elasticit\u00e0 e una consistenza di seta nell\u2019atmosfera di un hammam marocchino\",\"breadcrumb\":{\"@id\":\"https:\/\/www.erboristerie.com\/it\/prodotto\/tocco-di-seta-olio-da-massaggio-notte-a-tangeri-novita-erbolario\/#breadcrumb\"},\"inLanguage\":\"en-US\",\"potentialAction\":[{\"@type\":\"ReadAction\",\"target\":[\"https:\/\/www.erboristerie.com\/it\/prodotto\/tocco-di-seta-olio-da-massaggio-notte-a-tangeri-novita-erbolario\/\"]}]},{\"@type\":\"ImageObject\",\"inLanguage\":\"en-US\",\"@id\":\"https:\/\/www.erboristerie.com\/it\/prodotto\/tocco-di-seta-olio-da-massaggio-notte-a-tangeri-novita-erbolario\/#primaryimage\",\"url\":\"https:\/\/www.erboristerie.com\/wp-content\/uploads\/2023\/09\/00011362_notte_a_tangeri_tocco_di_seta_olio_da_massaggio.jpg\",\"contentUrl\":\"https:\/\/www.erboristerie.com\/wp-content\/uploads\/2023\/09\/00011362_notte_a_tangeri_tocco_di_seta_olio_da_massaggio.jpg\",\"width\":850,\"height\":850},{\"@type\":\"BreadcrumbList\",\"@id\":\"https:\/\/www.erboristerie.com\/it\/prodotto\/tocco-di-seta-olio-da-massaggio-notte-a-tangeri-novita-erbolario\/#breadcrumb\",\"itemListElement\":[{\"@type\":\"ListItem\",\"position\":1,\"name\":\"Home\",\"item\":\"https:\/\/www.erboristerie.com\/en\/\"},{\"@type\":\"ListItem\",\"position\":2,\"name\":\"All products\",\"item\":\"https:\/\/www.erboristerie.com\/en\/all-products\/\"},{\"@type\":\"ListItem\",\"position\":3,\"name\":\"Tocco di Seta Olio da Massaggio Notte a Tangeri Novit\u00e0 Erbolario\"}]},{\"@type\":\"WebSite\",\"@id\":\"https:\/\/www.erboristerie.com\/it\/#website\",\"url\":\"https:\/\/www.erboristerie.com\/it\/\",\"name\":\"Erboristeria Demetra\",\"description\":\"Your natural health\",\"publisher\":{\"@id\":\"https:\/\/www.erboristerie.com\/it\/#organization\"},\"potentialAction\":[{\"@type\":\"SearchAction\",\"target\":{\"@type\":\"EntryPoint\",\"urlTemplate\":\"https:\/\/www.erboristerie.com\/it\/?s={search_term_string}\"},\"query-input\":{\"@type\":\"PropertyValueSpecification\",\"valueRequired\":true,\"valueName\":\"search_term_string\"}}],\"inLanguage\":\"en-US\"},{\"@type\":\"Organization\",\"@id\":\"https:\/\/www.erboristerie.com\/it\/#organization\",\"name\":\"Erboristeria Demetra\",\"url\":\"https:\/\/www.erboristerie.com\/it\/\",\"logo\":{\"@type\":\"ImageObject\",\"inLanguage\":\"en-US\",\"@id\":\"https:\/\/www.erboristerie.com\/it\/#\/schema\/logo\/image\/\",\"url\":\"https:\/\/www.erboristerie.com\/wp-content\/uploads\/2019\/11\/LOGO_ERBORISTERIA_DEMETRA_original.png?v=1611516981\",\"contentUrl\":\"https:\/\/www.erboristerie.com\/wp-content\/uploads\/2019\/11\/LOGO_ERBORISTERIA_DEMETRA_original.png?v=1611516981\",\"width\":201,\"height\":54,\"caption\":\"Erboristeria Demetra\"},\"image\":{\"@id\":\"https:\/\/www.erboristerie.com\/it\/#\/schema\/logo\/image\/\"},\"sameAs\":[\"https:\/\/www.facebook.com\/erboristeria.demetra.online\"]}]}<\/script>\n<!-- \/ Yoast SEO plugin. -->","yoast_head_json":{"title":"Tocco di Seta Olio da Massaggio Notte a Tangeri Novit\u00e0 Erbolario - Erboristeria Demetra","description":"Olio profumato per offrire alla pelle del corpo nutrimento, elasticit\u00e0 e una consistenza di seta nell\u2019atmosfera di un hammam marocchino","robots":{"index":"index","follow":"follow","max-snippet":"max-snippet:-1","max-image-preview":"max-image-preview:large","max-video-preview":"max-video-preview:-1"},"canonical":"https:\/\/www.erboristerie.com\/it\/prodotto\/tocco-di-seta-olio-da-massaggio-notte-a-tangeri-novita-erbolario\/","og_locale":"en_US","og_type":"article","og_title":"Tocco di Seta Olio da Massaggio Notte a Tangeri Novit\u00e0 Erbolario - Erboristeria Demetra","og_description":"Olio profumato per offrire alla pelle del corpo nutrimento, elasticit\u00e0 e una consistenza di seta nell\u2019atmosfera di un hammam marocchino","og_url":"https:\/\/www.erboristerie.com\/it\/prodotto\/tocco-di-seta-olio-da-massaggio-notte-a-tangeri-novita-erbolario\/","og_site_name":"Erboristeria Demetra","article_publisher":"https:\/\/www.facebook.com\/erboristeria.demetra.online","article_modified_time":"2025-09-10T16:54:37+00:00","og_image":[{"width":850,"height":850,"url":"https:\/\/www.erboristerie.com\/wp-content\/uploads\/2023\/09\/00011362_notte_a_tangeri_tocco_di_seta_olio_da_massaggio.jpg","type":"image\/jpeg"}],"twitter_card":"summary_large_image","twitter_misc":{"Est. reading time":"1 minute"},"schema":{"@context":"https:\/\/schema.org","@graph":[{"@type":"WebPage","@id":"https:\/\/www.erboristerie.com\/it\/prodotto\/tocco-di-seta-olio-da-massaggio-notte-a-tangeri-novita-erbolario\/","url":"https:\/\/www.erboristerie.com\/it\/prodotto\/tocco-di-seta-olio-da-massaggio-notte-a-tangeri-novita-erbolario\/","name":"Tocco di Seta Olio da Massaggio Notte a Tangeri Novit\u00e0 Erbolario - Erboristeria Demetra","isPartOf":{"@id":"https:\/\/www.erboristerie.com\/it\/#website"},"primaryImageOfPage":{"@id":"https:\/\/www.erboristerie.com\/it\/prodotto\/tocco-di-seta-olio-da-massaggio-notte-a-tangeri-novita-erbolario\/#primaryimage"},"image":{"@id":"https:\/\/www.erboristerie.com\/it\/prodotto\/tocco-di-seta-olio-da-massaggio-notte-a-tangeri-novita-erbolario\/#primaryimage"},"thumbnailUrl":"https:\/\/www.erboristerie.com\/wp-content\/uploads\/2023\/09\/00011362_notte_a_tangeri_tocco_di_seta_olio_da_massaggio.jpg","datePublished":"2023-09-22T10:03:14+00:00","dateModified":"2025-09-10T16:54:37+00:00","description":"Olio profumato per offrire alla pelle del corpo nutrimento, elasticit\u00e0 e una consistenza di seta nell\u2019atmosfera di un hammam marocchino","breadcrumb":{"@id":"https:\/\/www.erboristerie.com\/it\/prodotto\/tocco-di-seta-olio-da-massaggio-notte-a-tangeri-novita-erbolario\/#breadcrumb"},"inLanguage":"en-US","potentialAction":[{"@type":"ReadAction","target":["https:\/\/www.erboristerie.com\/it\/prodotto\/tocco-di-seta-olio-da-massaggio-notte-a-tangeri-novita-erbolario\/"]}]},{"@type":"ImageObject","inLanguage":"en-US","@id":"https:\/\/www.erboristerie.com\/it\/prodotto\/tocco-di-seta-olio-da-massaggio-notte-a-tangeri-novita-erbolario\/#primaryimage","url":"https:\/\/www.erboristerie.com\/wp-content\/uploads\/2023\/09\/00011362_notte_a_tangeri_tocco_di_seta_olio_da_massaggio.jpg","contentUrl":"https:\/\/www.erboristerie.com\/wp-content\/uploads\/2023\/09\/00011362_notte_a_tangeri_tocco_di_seta_olio_da_massaggio.jpg","width":850,"height":850},{"@type":"BreadcrumbList","@id":"https:\/\/www.erboristerie.com\/it\/prodotto\/tocco-di-seta-olio-da-massaggio-notte-a-tangeri-novita-erbolario\/#breadcrumb","itemListElement":[{"@type":"ListItem","position":1,"name":"Home","item":"https:\/\/www.erboristerie.com\/en\/"},{"@type":"ListItem","position":2,"name":"All products","item":"https:\/\/www.erboristerie.com\/en\/all-products\/"},{"@type":"ListItem","position":3,"name":"Tocco di Seta Olio da Massaggio Notte a Tangeri Novit\u00e0 Erbolario"}]},{"@type":"WebSite","@id":"https:\/\/www.erboristerie.com\/it\/#website","url":"https:\/\/www.erboristerie.com\/it\/","name":"Erboristeria Demetra","description":"Your natural health","publisher":{"@id":"https:\/\/www.erboristerie.com\/it\/#organization"},"potentialAction":[{"@type":"SearchAction","target":{"@type":"EntryPoint","urlTemplate":"https:\/\/www.erboristerie.com\/it\/?s={search_term_string}"},"query-input":{"@type":"PropertyValueSpecification","valueRequired":true,"valueName":"search_term_string"}}],"inLanguage":"en-US"},{"@type":"Organization","@id":"https:\/\/www.erboristerie.com\/it\/#organization","name":"Erboristeria Demetra","url":"https:\/\/www.erboristerie.com\/it\/","logo":{"@type":"ImageObject","inLanguage":"en-US","@id":"https:\/\/www.erboristerie.com\/it\/#\/schema\/logo\/image\/","url":"https:\/\/www.erboristerie.com\/wp-content\/uploads\/2019\/11\/LOGO_ERBORISTERIA_DEMETRA_original.png?v=1611516981","contentUrl":"https:\/\/www.erboristerie.com\/wp-content\/uploads\/2019\/11\/LOGO_ERBORISTERIA_DEMETRA_original.png?v=1611516981","width":201,"height":54,"caption":"Erboristeria Demetra"},"image":{"@id":"https:\/\/www.erboristerie.com\/it\/#\/schema\/logo\/image\/"},"sameAs":["https:\/\/www.facebook.com\/erboristeria.demetra.online"]}]}},"_links":{"self":[{"href":"https:\/\/www.erboristerie.com\/en\/wp-json\/wp\/v2\/product\/123055","targetHints":{"allow":["GET"]}}],"collection":[{"href":"https:\/\/www.erboristerie.com\/en\/wp-json\/wp\/v2\/product"}],"about":[{"href":"https:\/\/www.erboristerie.com\/en\/wp-json\/wp\/v2\/types\/product"}],"wp:featuredmedia":[{"embeddable":true,"href":"https:\/\/www.erboristerie.com\/en\/wp-json\/wp\/v2\/media\/123036"}],"wp:attachment":[{"href":"https:\/\/www.erboristerie.com\/en\/wp-json\/wp\/v2\/media?parent=123055"}],"wp:term":[{"taxonomy":"product_brand","embeddable":true,"href":"https:\/\/www.erboristerie.com\/en\/wp-json\/wp\/v2\/product_brand?post=123055"},{"taxonomy":"product_cat","embeddable":true,"href":"https:\/\/www.erboristerie.com\/en\/wp-json\/wp\/v2\/product_cat?post=123055"},{"taxonomy":"product_tag","embeddable":true,"href":"https:\/\/www.erboristerie.com\/en\/wp-json\/wp\/v2\/product_tag?post=123055"},{"taxonomy":"giftcard-category","embeddable":true,"href":"https:\/\/www.erboristerie.com\/en\/wp-json\/wp\/v2\/giftcard-category?post=123055"}],"curies":[{"name":"wp","href":"https:\/\/api.w.org\/{rel}","templated":true}]}}