{"id":120501,"date":"2023-03-24T11:58:39","date_gmt":"2023-03-24T10:58:39","guid":{"rendered":"https:\/\/www.erboristerie.com\/?post_type=product&#038;p=120501"},"modified":"2026-02-18T21:18:13","modified_gmt":"2026-02-18T20:18:13","slug":"verbena-lozione-deodorante-rinfrescante-100ml-unisex","status":"publish","type":"product","link":"https:\/\/www.erboristerie.com\/en\/prodotto\/verbena-lozione-deodorante-rinfrescante-100ml-unisex\/","title":{"rendered":"Verbena Lozione Deodorante Rinfrescante 100ml unisex"},"content":{"rendered":"<p><strong>Verbena Lozione Deodorante Rinfrescante 100 ml unisex &#8211; L&#8217;Erbolario<\/strong><\/p>\n<p>Lozione profumata rinfrescante e tonificante<\/p>\n<p>Una lozione spray dal profumo fresco e verde, perfetta per chi desidera garantirsi un\u2019ottima sensazione di comfort.<\/p>\n<p>Gli estratti e le acque distillate di Verbena officinalis e Verbena odorosa biologiche, preparati nel nostro Laboratorio tramite la lavorazione delle foglie, sono un vero concentrato di freschezza e tonicit\u00e0 per la delicata zona dell\u2019incavo ascellare.<\/p>\n<p>In formula anche i fitocomplessi da Equiseto e Salvia e da Cocco, dalla comprovata efficacia deodorante.<\/p>\n<p>Senza siliconi, parabeni, tensioattivi solfati e petrolati<\/p>\n<p>98% ingredienti di origine naturale<\/p>\n<p>La restante percentuale di ingredienti garantisce stabilit\u00e0 e gradevolezza del prodotto.<\/p>\n<p><strong>Consigli d&#8217;uso<\/strong><\/p>\n<p>Dopo la detersione, vaporizzare nell\u2019incavo dell\u2019ascella.<\/p>\n<p><strong>Cosa sapere in pi\u00f9<\/strong><\/p>\n<p>100% Made in Italy<br \/>\n7 Metalli testati<br \/>\nDermatologicamente Testato<br \/>\nLAV &#8211; Dalla parte degli animali<br \/>\nSenza ingredienti di derivazione animale<br \/>\n24 MPaO (Period after Opening &#8211; periodo dopo l\u2019apertura)<br \/>\nImballo riciclabile al 100%.<\/p>\n<p><strong>INCI<\/strong><\/p>\n<p>alcohol denat., aqua (water), triethyl citrate, lippia citrodora leaf water, polyglyceryl-10 laurate, verbena officinalis flower\/leaf water, verbena officinalis flower\/leaf extract, lippia citrodora leaf extract, bisabolol, equisetum arvense extract, salvia officinalis (sage) oil, citronellyl methylcrotonate, sodium usnate, glycerin, glyceryl caprylate, citric acid, parfum (fragrance), alpha-isomethyl ionone, citral, geraniol, limonene, linalool, sodium benzoate, potassium sorbate<\/p>\n<p><strong>La linea Verbena de L&#8217;erbolario<\/strong><\/p>\n<p>Nasce dall\u2019incontro di due variet\u00e0 di Verbena \u2013 l\u2019officinalis e l\u2019odorosa (Lippia citriodora) \u2013 questa nuova Collezione profumata, che \u00e8 un inno alla freschezza e al buonumore.<\/p>\n<p>Entrambe assai discrete nell\u2019aspetto, le due Verbene nascondono sorprese inaspettate: la Verbena odorosa \u00e8 chiamata cos\u00ec perch\u00e9, quando si strofinano le sue foglie, emana un freschissimo sentore di limone, mentre la Verbena officinalis \u00e8 nota nella tradizione erboristica per le propriet\u00e0 antinfiammatorie e rilassanti.<\/p>\n","protected":false},"excerpt":{"rendered":"<p>Verbena Lozione Deodorante Rinfrescante 100 ml unisex &#8211; L&#8217;Erbolario Lozione profumata rinfrescante e tonificante Una lozione spray dal profumo fresco e verde, perfetta per chi desidera garantirsi un\u2019ottima sensazione di comfort. Gli estratti e le acque distillate di Verbena officinalis e Verbena odorosa biologiche, preparati&#8230;<\/p>\n","protected":false},"featured_media":120488,"template":"","meta":{"_acf_changed":false},"product_brand":[9603],"product_cat":[49195,9687],"product_tag":[],"giftcard-category":[],"class_list":{"0":"post-120501","1":"product","2":"type-product","3":"status-publish","4":"has-post-thumbnail","6":"product_brand-erbolario","7":"product_cat-linee-profumate","8":"product_cat-deodoranti","9":"pa_formato-100-ml","10":"pa_linea-profumazione-verbena","11":"pa_marca-lerbolario","12":"pa_tipologia-lozione","14":"first","15":"instock","16":"sale","17":"taxable","18":"shipping-taxable","19":"purchasable","20":"product-type-simple"},"acf":[],"yoast_head":"<!-- This site is optimized with the Yoast SEO plugin v24.9 - https:\/\/yoast.com\/wordpress\/plugins\/seo\/ -->\n<title>Verbena Lozione Deodorante Rinfrescante 100ml unisex - Erboristeria Demetra<\/title>\n<meta name=\"description\" content=\"Una lozione spray dal profumo fresco e verde, perfetta per chi desidera garantirsi un\u2019ottima sensazione di comfort. Pratica e piacevole\" \/>\n<meta name=\"robots\" content=\"index, follow, max-snippet:-1, max-image-preview:large, max-video-preview:-1\" \/>\n<link rel=\"canonical\" href=\"https:\/\/www.erboristerie.com\/it\/prodotto\/verbena-lozione-deodorante-rinfrescante-100ml-unisex\/\" \/>\n<meta property=\"og:locale\" content=\"en_US\" \/>\n<meta property=\"og:type\" content=\"article\" \/>\n<meta property=\"og:title\" content=\"Verbena Lozione Deodorante Rinfrescante 100ml unisex - Erboristeria Demetra\" \/>\n<meta property=\"og:description\" content=\"Una lozione spray dal profumo fresco e verde, perfetta per chi desidera garantirsi un\u2019ottima sensazione di comfort. Pratica e piacevole\" \/>\n<meta property=\"og:url\" content=\"https:\/\/www.erboristerie.com\/it\/prodotto\/verbena-lozione-deodorante-rinfrescante-100ml-unisex\/\" \/>\n<meta property=\"og:site_name\" content=\"Erboristeria Demetra\" \/>\n<meta property=\"article:publisher\" content=\"https:\/\/www.facebook.com\/erboristeria.demetra.online\" \/>\n<meta property=\"article:modified_time\" content=\"2026-02-18T20:18:13+00:00\" \/>\n<meta property=\"og:image\" content=\"https:\/\/www.erboristerie.com\/wp-content\/uploads\/2023\/03\/00011239-verbena-deodorante-erbolario.jpg\" \/>\n\t<meta property=\"og:image:width\" content=\"800\" \/>\n\t<meta property=\"og:image:height\" content=\"800\" \/>\n\t<meta property=\"og:image:type\" content=\"image\/jpeg\" \/>\n<meta name=\"twitter:card\" content=\"summary_large_image\" \/>\n<meta name=\"twitter:label1\" content=\"Est. reading time\" \/>\n\t<meta name=\"twitter:data1\" content=\"2 minutes\" \/>\n<script type=\"application\/ld+json\" class=\"yoast-schema-graph\">{\"@context\":\"https:\/\/schema.org\",\"@graph\":[{\"@type\":\"WebPage\",\"@id\":\"https:\/\/www.erboristerie.com\/it\/prodotto\/verbena-lozione-deodorante-rinfrescante-100ml-unisex\/\",\"url\":\"https:\/\/www.erboristerie.com\/it\/prodotto\/verbena-lozione-deodorante-rinfrescante-100ml-unisex\/\",\"name\":\"Verbena Lozione Deodorante Rinfrescante 100ml unisex - Erboristeria Demetra\",\"isPartOf\":{\"@id\":\"https:\/\/www.erboristerie.com\/it\/#website\"},\"primaryImageOfPage\":{\"@id\":\"https:\/\/www.erboristerie.com\/it\/prodotto\/verbena-lozione-deodorante-rinfrescante-100ml-unisex\/#primaryimage\"},\"image\":{\"@id\":\"https:\/\/www.erboristerie.com\/it\/prodotto\/verbena-lozione-deodorante-rinfrescante-100ml-unisex\/#primaryimage\"},\"thumbnailUrl\":\"https:\/\/www.erboristerie.com\/wp-content\/uploads\/2023\/03\/00011239-verbena-deodorante-erbolario.jpg\",\"datePublished\":\"2023-03-24T10:58:39+00:00\",\"dateModified\":\"2026-02-18T20:18:13+00:00\",\"description\":\"Una lozione spray dal profumo fresco e verde, perfetta per chi desidera garantirsi un\u2019ottima sensazione di comfort. Pratica e piacevole\",\"breadcrumb\":{\"@id\":\"https:\/\/www.erboristerie.com\/it\/prodotto\/verbena-lozione-deodorante-rinfrescante-100ml-unisex\/#breadcrumb\"},\"inLanguage\":\"en-US\",\"potentialAction\":[{\"@type\":\"ReadAction\",\"target\":[\"https:\/\/www.erboristerie.com\/it\/prodotto\/verbena-lozione-deodorante-rinfrescante-100ml-unisex\/\"]}]},{\"@type\":\"ImageObject\",\"inLanguage\":\"en-US\",\"@id\":\"https:\/\/www.erboristerie.com\/it\/prodotto\/verbena-lozione-deodorante-rinfrescante-100ml-unisex\/#primaryimage\",\"url\":\"https:\/\/www.erboristerie.com\/wp-content\/uploads\/2023\/03\/00011239-verbena-deodorante-erbolario.jpg\",\"contentUrl\":\"https:\/\/www.erboristerie.com\/wp-content\/uploads\/2023\/03\/00011239-verbena-deodorante-erbolario.jpg\",\"width\":800,\"height\":800},{\"@type\":\"BreadcrumbList\",\"@id\":\"https:\/\/www.erboristerie.com\/it\/prodotto\/verbena-lozione-deodorante-rinfrescante-100ml-unisex\/#breadcrumb\",\"itemListElement\":[{\"@type\":\"ListItem\",\"position\":1,\"name\":\"Home\",\"item\":\"https:\/\/www.erboristerie.com\/en\/\"},{\"@type\":\"ListItem\",\"position\":2,\"name\":\"All products\",\"item\":\"https:\/\/www.erboristerie.com\/en\/all-products\/\"},{\"@type\":\"ListItem\",\"position\":3,\"name\":\"Verbena Lozione Deodorante Rinfrescante 100ml unisex\"}]},{\"@type\":\"WebSite\",\"@id\":\"https:\/\/www.erboristerie.com\/it\/#website\",\"url\":\"https:\/\/www.erboristerie.com\/it\/\",\"name\":\"Erboristeria Demetra\",\"description\":\"Your natural health\",\"publisher\":{\"@id\":\"https:\/\/www.erboristerie.com\/it\/#organization\"},\"potentialAction\":[{\"@type\":\"SearchAction\",\"target\":{\"@type\":\"EntryPoint\",\"urlTemplate\":\"https:\/\/www.erboristerie.com\/it\/?s={search_term_string}\"},\"query-input\":{\"@type\":\"PropertyValueSpecification\",\"valueRequired\":true,\"valueName\":\"search_term_string\"}}],\"inLanguage\":\"en-US\"},{\"@type\":\"Organization\",\"@id\":\"https:\/\/www.erboristerie.com\/it\/#organization\",\"name\":\"Erboristeria Demetra\",\"url\":\"https:\/\/www.erboristerie.com\/it\/\",\"logo\":{\"@type\":\"ImageObject\",\"inLanguage\":\"en-US\",\"@id\":\"https:\/\/www.erboristerie.com\/it\/#\/schema\/logo\/image\/\",\"url\":\"https:\/\/www.erboristerie.com\/wp-content\/uploads\/2019\/11\/LOGO_ERBORISTERIA_DEMETRA_original.png?v=1611516981\",\"contentUrl\":\"https:\/\/www.erboristerie.com\/wp-content\/uploads\/2019\/11\/LOGO_ERBORISTERIA_DEMETRA_original.png?v=1611516981\",\"width\":201,\"height\":54,\"caption\":\"Erboristeria Demetra\"},\"image\":{\"@id\":\"https:\/\/www.erboristerie.com\/it\/#\/schema\/logo\/image\/\"},\"sameAs\":[\"https:\/\/www.facebook.com\/erboristeria.demetra.online\"]}]}<\/script>\n<!-- \/ Yoast SEO plugin. -->","yoast_head_json":{"title":"Verbena Lozione Deodorante Rinfrescante 100ml unisex - Erboristeria Demetra","description":"Una lozione spray dal profumo fresco e verde, perfetta per chi desidera garantirsi un\u2019ottima sensazione di comfort. Pratica e piacevole","robots":{"index":"index","follow":"follow","max-snippet":"max-snippet:-1","max-image-preview":"max-image-preview:large","max-video-preview":"max-video-preview:-1"},"canonical":"https:\/\/www.erboristerie.com\/it\/prodotto\/verbena-lozione-deodorante-rinfrescante-100ml-unisex\/","og_locale":"en_US","og_type":"article","og_title":"Verbena Lozione Deodorante Rinfrescante 100ml unisex - Erboristeria Demetra","og_description":"Una lozione spray dal profumo fresco e verde, perfetta per chi desidera garantirsi un\u2019ottima sensazione di comfort. Pratica e piacevole","og_url":"https:\/\/www.erboristerie.com\/it\/prodotto\/verbena-lozione-deodorante-rinfrescante-100ml-unisex\/","og_site_name":"Erboristeria Demetra","article_publisher":"https:\/\/www.facebook.com\/erboristeria.demetra.online","article_modified_time":"2026-02-18T20:18:13+00:00","og_image":[{"width":800,"height":800,"url":"https:\/\/www.erboristerie.com\/wp-content\/uploads\/2023\/03\/00011239-verbena-deodorante-erbolario.jpg","type":"image\/jpeg"}],"twitter_card":"summary_large_image","twitter_misc":{"Est. reading time":"2 minutes"},"schema":{"@context":"https:\/\/schema.org","@graph":[{"@type":"WebPage","@id":"https:\/\/www.erboristerie.com\/it\/prodotto\/verbena-lozione-deodorante-rinfrescante-100ml-unisex\/","url":"https:\/\/www.erboristerie.com\/it\/prodotto\/verbena-lozione-deodorante-rinfrescante-100ml-unisex\/","name":"Verbena Lozione Deodorante Rinfrescante 100ml unisex - Erboristeria Demetra","isPartOf":{"@id":"https:\/\/www.erboristerie.com\/it\/#website"},"primaryImageOfPage":{"@id":"https:\/\/www.erboristerie.com\/it\/prodotto\/verbena-lozione-deodorante-rinfrescante-100ml-unisex\/#primaryimage"},"image":{"@id":"https:\/\/www.erboristerie.com\/it\/prodotto\/verbena-lozione-deodorante-rinfrescante-100ml-unisex\/#primaryimage"},"thumbnailUrl":"https:\/\/www.erboristerie.com\/wp-content\/uploads\/2023\/03\/00011239-verbena-deodorante-erbolario.jpg","datePublished":"2023-03-24T10:58:39+00:00","dateModified":"2026-02-18T20:18:13+00:00","description":"Una lozione spray dal profumo fresco e verde, perfetta per chi desidera garantirsi un\u2019ottima sensazione di comfort. Pratica e piacevole","breadcrumb":{"@id":"https:\/\/www.erboristerie.com\/it\/prodotto\/verbena-lozione-deodorante-rinfrescante-100ml-unisex\/#breadcrumb"},"inLanguage":"en-US","potentialAction":[{"@type":"ReadAction","target":["https:\/\/www.erboristerie.com\/it\/prodotto\/verbena-lozione-deodorante-rinfrescante-100ml-unisex\/"]}]},{"@type":"ImageObject","inLanguage":"en-US","@id":"https:\/\/www.erboristerie.com\/it\/prodotto\/verbena-lozione-deodorante-rinfrescante-100ml-unisex\/#primaryimage","url":"https:\/\/www.erboristerie.com\/wp-content\/uploads\/2023\/03\/00011239-verbena-deodorante-erbolario.jpg","contentUrl":"https:\/\/www.erboristerie.com\/wp-content\/uploads\/2023\/03\/00011239-verbena-deodorante-erbolario.jpg","width":800,"height":800},{"@type":"BreadcrumbList","@id":"https:\/\/www.erboristerie.com\/it\/prodotto\/verbena-lozione-deodorante-rinfrescante-100ml-unisex\/#breadcrumb","itemListElement":[{"@type":"ListItem","position":1,"name":"Home","item":"https:\/\/www.erboristerie.com\/en\/"},{"@type":"ListItem","position":2,"name":"All products","item":"https:\/\/www.erboristerie.com\/en\/all-products\/"},{"@type":"ListItem","position":3,"name":"Verbena Lozione Deodorante Rinfrescante 100ml unisex"}]},{"@type":"WebSite","@id":"https:\/\/www.erboristerie.com\/it\/#website","url":"https:\/\/www.erboristerie.com\/it\/","name":"Erboristeria Demetra","description":"Your natural health","publisher":{"@id":"https:\/\/www.erboristerie.com\/it\/#organization"},"potentialAction":[{"@type":"SearchAction","target":{"@type":"EntryPoint","urlTemplate":"https:\/\/www.erboristerie.com\/it\/?s={search_term_string}"},"query-input":{"@type":"PropertyValueSpecification","valueRequired":true,"valueName":"search_term_string"}}],"inLanguage":"en-US"},{"@type":"Organization","@id":"https:\/\/www.erboristerie.com\/it\/#organization","name":"Erboristeria Demetra","url":"https:\/\/www.erboristerie.com\/it\/","logo":{"@type":"ImageObject","inLanguage":"en-US","@id":"https:\/\/www.erboristerie.com\/it\/#\/schema\/logo\/image\/","url":"https:\/\/www.erboristerie.com\/wp-content\/uploads\/2019\/11\/LOGO_ERBORISTERIA_DEMETRA_original.png?v=1611516981","contentUrl":"https:\/\/www.erboristerie.com\/wp-content\/uploads\/2019\/11\/LOGO_ERBORISTERIA_DEMETRA_original.png?v=1611516981","width":201,"height":54,"caption":"Erboristeria Demetra"},"image":{"@id":"https:\/\/www.erboristerie.com\/it\/#\/schema\/logo\/image\/"},"sameAs":["https:\/\/www.facebook.com\/erboristeria.demetra.online"]}]}},"_links":{"self":[{"href":"https:\/\/www.erboristerie.com\/en\/wp-json\/wp\/v2\/product\/120501","targetHints":{"allow":["GET"]}}],"collection":[{"href":"https:\/\/www.erboristerie.com\/en\/wp-json\/wp\/v2\/product"}],"about":[{"href":"https:\/\/www.erboristerie.com\/en\/wp-json\/wp\/v2\/types\/product"}],"wp:featuredmedia":[{"embeddable":true,"href":"https:\/\/www.erboristerie.com\/en\/wp-json\/wp\/v2\/media\/120488"}],"wp:attachment":[{"href":"https:\/\/www.erboristerie.com\/en\/wp-json\/wp\/v2\/media?parent=120501"}],"wp:term":[{"taxonomy":"product_brand","embeddable":true,"href":"https:\/\/www.erboristerie.com\/en\/wp-json\/wp\/v2\/product_brand?post=120501"},{"taxonomy":"product_cat","embeddable":true,"href":"https:\/\/www.erboristerie.com\/en\/wp-json\/wp\/v2\/product_cat?post=120501"},{"taxonomy":"product_tag","embeddable":true,"href":"https:\/\/www.erboristerie.com\/en\/wp-json\/wp\/v2\/product_tag?post=120501"},{"taxonomy":"giftcard-category","embeddable":true,"href":"https:\/\/www.erboristerie.com\/en\/wp-json\/wp\/v2\/giftcard-category?post=120501"}],"curies":[{"name":"wp","href":"https:\/\/api.w.org\/{rel}","templated":true}]}}