{"id":120498,"date":"2023-03-24T11:38:52","date_gmt":"2023-03-24T10:38:52","guid":{"rendered":"https:\/\/www.erboristerie.com\/?post_type=product&#038;p=120498"},"modified":"2025-09-10T18:54:08","modified_gmt":"2025-09-10T16:54:08","slug":"verbena-bagnoschiuma-250ml-unisex-agrumato-e-fiorito","status":"publish","type":"product","link":"https:\/\/www.erboristerie.com\/en\/prodotto\/verbena-bagnoschiuma-250ml-unisex-agrumato-e-fiorito\/","title":{"rendered":"Verbena Bagnoschiuma 250ml unisex agrumato e fiorito"},"content":{"rendered":"<p><strong>Bagnoschiuma Verbena 250 ml &#8211; L&#8217;Erbolario<\/strong><\/p>\n<p>Detergente rinfrescante e tonificante con estratto e acqua distillata di Verbena una fragranza unisex agrumata, fiorita<\/p>\n<p>L\u2019abbraccio profumato di questo Bagnoschiuma solletica l\u2019olfatto e offre uno spensierato momento di benessere, mentre accarezza e deterge la pelle con delicatezza.<\/p>\n<p>Grazie agli estratti e alle acque distillate prodotti nel nostro Laboratorio dalle verdissime foglie di Verbena officinalis e odorosa biologiche, la formulazione regala una carica di freschezza e tonicit\u00e0.<\/p>\n<p><strong>Senza siliconi, parabeni, tensioattivi solfati e petrolati<\/strong><br \/>\n<strong>96% ingredienti di origine naturale<\/strong><br \/>\n<strong>La restante percentuale di ingredienti garantisce stabilit\u00e0 e gradevolezza del prodotto.<\/strong><\/p>\n<p><strong>Consigli d&#8217;uso<\/strong><\/p>\n<p>Una modica quantit\u00e0 di prodotto basta per un ricco bagno o una fragrante doccia, per detergere il corpo con una schiuma dall&#8217;incantevole profumo<\/p>\n<p><strong>Cosa sapere in pi\u00f9<\/strong><\/p>\n<p>100% Made in Italy<br \/>\n7 Metalli testati<br \/>\nDermatologicamente Testato<br \/>\nLAV &#8211; Dalla parte degli animali<br \/>\nSenza ingredienti di derivazione animale<br \/>\n12 MPaO (Period after Opening &#8211; periodo dopo l\u2019apertura)<br \/>\nImballo riciclabile al 100%.<\/p>\n<p><strong>La linea Verbena de L&#8217;erbolario<\/strong><\/p>\n<p>Nasce dall\u2019incontro di due variet\u00e0 di Verbena \u2013 l\u2019officinalis e l\u2019odorosa (Lippia citriodora) \u2013 questa nuova Collezione profumata, che \u00e8 un inno alla freschezza e al buonumore.<\/p>\n<p>Entrambe assai discrete nell\u2019aspetto, le due Verbene nascondono sorprese inaspettate: la Verbena odorosa \u00e8 chiamata cos\u00ec perch\u00e9, quando si strofinano le sue foglie, emana un freschissimo sentore di limone, mentre la Verbena officinalis \u00e8 nota nella tradizione erboristica per le propriet\u00e0 antinfiammatorie e rilassanti.<\/p>\n","protected":false},"excerpt":{"rendered":"<p>Bagnoschiuma Verbena 250 ml &#8211; L&#8217;Erbolario Detergente rinfrescante e tonificante con estratto e acqua distillata di Verbena una fragranza unisex agrumata, fiorita L\u2019abbraccio profumato di questo Bagnoschiuma solletica l\u2019olfatto e offre uno spensierato momento di benessere, mentre accarezza e deterge la pelle con delicatezza. Grazie&#8230;<\/p>\n","protected":false},"featured_media":120494,"template":"","meta":{"_acf_changed":false},"product_brand":[9603],"product_cat":[49195,45044],"product_tag":[],"giftcard-category":[],"class_list":{"0":"post-120498","1":"product","2":"type-product","3":"status-publish","4":"has-post-thumbnail","6":"product_brand-erbolario","7":"product_cat-linee-profumate","8":"product_cat-detergenza","9":"pa_formato-250-ml","10":"pa_linea-profumazione-verbena","11":"pa_marca-lerbolario","12":"pa_tipologia-bagnoschiuma","14":"first","15":"instock","16":"sale","17":"taxable","18":"shipping-taxable","19":"purchasable","20":"product-type-simple"},"acf":[],"yoast_head":"<!-- This site is optimized with the Yoast SEO plugin v24.9 - https:\/\/yoast.com\/wordpress\/plugins\/seo\/ -->\n<title>Verbena Bagnoschiuma 250ml unisex agrumato e fiorito - Erboristeria Demetra<\/title>\n<meta name=\"description\" content=\"L\u2019abbraccio profumato di questo Bagnoschiuma solletica l\u2019olfatto e offre uno spensierato momento di benessere, mentre accarezza e deterge la pelle.\" \/>\n<meta name=\"robots\" content=\"index, follow, max-snippet:-1, max-image-preview:large, max-video-preview:-1\" \/>\n<link rel=\"canonical\" href=\"https:\/\/www.erboristerie.com\/it\/prodotto\/verbena-bagnoschiuma-250ml-unisex-agrumato-e-fiorito\/\" \/>\n<meta property=\"og:locale\" content=\"en_US\" \/>\n<meta property=\"og:type\" content=\"article\" \/>\n<meta property=\"og:title\" content=\"Verbena Bagnoschiuma 250ml unisex agrumato e fiorito - Erboristeria Demetra\" \/>\n<meta property=\"og:description\" content=\"L\u2019abbraccio profumato di questo Bagnoschiuma solletica l\u2019olfatto e offre uno spensierato momento di benessere, mentre accarezza e deterge la pelle.\" \/>\n<meta property=\"og:url\" content=\"https:\/\/www.erboristerie.com\/it\/prodotto\/verbena-bagnoschiuma-250ml-unisex-agrumato-e-fiorito\/\" \/>\n<meta property=\"og:site_name\" content=\"Erboristeria Demetra\" \/>\n<meta property=\"article:publisher\" content=\"https:\/\/www.facebook.com\/erboristeria.demetra.online\" \/>\n<meta property=\"article:modified_time\" content=\"2025-09-10T16:54:08+00:00\" \/>\n<meta property=\"og:image\" content=\"https:\/\/www.erboristerie.com\/wp-content\/uploads\/2023\/03\/00011236-verbena-bagnoschiuma-erbolario.jpg\" \/>\n\t<meta property=\"og:image:width\" content=\"800\" \/>\n\t<meta property=\"og:image:height\" content=\"800\" \/>\n\t<meta property=\"og:image:type\" content=\"image\/jpeg\" \/>\n<meta name=\"twitter:card\" content=\"summary_large_image\" \/>\n<meta name=\"twitter:label1\" content=\"Est. reading time\" \/>\n\t<meta name=\"twitter:data1\" content=\"2 minutes\" \/>\n<script type=\"application\/ld+json\" class=\"yoast-schema-graph\">{\"@context\":\"https:\/\/schema.org\",\"@graph\":[{\"@type\":\"WebPage\",\"@id\":\"https:\/\/www.erboristerie.com\/it\/prodotto\/verbena-bagnoschiuma-250ml-unisex-agrumato-e-fiorito\/\",\"url\":\"https:\/\/www.erboristerie.com\/it\/prodotto\/verbena-bagnoschiuma-250ml-unisex-agrumato-e-fiorito\/\",\"name\":\"Verbena Bagnoschiuma 250ml unisex agrumato e fiorito - Erboristeria Demetra\",\"isPartOf\":{\"@id\":\"https:\/\/www.erboristerie.com\/it\/#website\"},\"primaryImageOfPage\":{\"@id\":\"https:\/\/www.erboristerie.com\/it\/prodotto\/verbena-bagnoschiuma-250ml-unisex-agrumato-e-fiorito\/#primaryimage\"},\"image\":{\"@id\":\"https:\/\/www.erboristerie.com\/it\/prodotto\/verbena-bagnoschiuma-250ml-unisex-agrumato-e-fiorito\/#primaryimage\"},\"thumbnailUrl\":\"https:\/\/www.erboristerie.com\/wp-content\/uploads\/2023\/03\/00011236-verbena-bagnoschiuma-erbolario.jpg\",\"datePublished\":\"2023-03-24T10:38:52+00:00\",\"dateModified\":\"2025-09-10T16:54:08+00:00\",\"description\":\"L\u2019abbraccio profumato di questo Bagnoschiuma solletica l\u2019olfatto e offre uno spensierato momento di benessere, mentre accarezza e deterge la pelle.\",\"breadcrumb\":{\"@id\":\"https:\/\/www.erboristerie.com\/it\/prodotto\/verbena-bagnoschiuma-250ml-unisex-agrumato-e-fiorito\/#breadcrumb\"},\"inLanguage\":\"en-US\",\"potentialAction\":[{\"@type\":\"ReadAction\",\"target\":[\"https:\/\/www.erboristerie.com\/it\/prodotto\/verbena-bagnoschiuma-250ml-unisex-agrumato-e-fiorito\/\"]}]},{\"@type\":\"ImageObject\",\"inLanguage\":\"en-US\",\"@id\":\"https:\/\/www.erboristerie.com\/it\/prodotto\/verbena-bagnoschiuma-250ml-unisex-agrumato-e-fiorito\/#primaryimage\",\"url\":\"https:\/\/www.erboristerie.com\/wp-content\/uploads\/2023\/03\/00011236-verbena-bagnoschiuma-erbolario.jpg\",\"contentUrl\":\"https:\/\/www.erboristerie.com\/wp-content\/uploads\/2023\/03\/00011236-verbena-bagnoschiuma-erbolario.jpg\",\"width\":800,\"height\":800},{\"@type\":\"BreadcrumbList\",\"@id\":\"https:\/\/www.erboristerie.com\/it\/prodotto\/verbena-bagnoschiuma-250ml-unisex-agrumato-e-fiorito\/#breadcrumb\",\"itemListElement\":[{\"@type\":\"ListItem\",\"position\":1,\"name\":\"Home\",\"item\":\"https:\/\/www.erboristerie.com\/en\/\"},{\"@type\":\"ListItem\",\"position\":2,\"name\":\"All products\",\"item\":\"https:\/\/www.erboristerie.com\/en\/all-products\/\"},{\"@type\":\"ListItem\",\"position\":3,\"name\":\"Verbena Bagnoschiuma 250ml unisex agrumato e fiorito\"}]},{\"@type\":\"WebSite\",\"@id\":\"https:\/\/www.erboristerie.com\/it\/#website\",\"url\":\"https:\/\/www.erboristerie.com\/it\/\",\"name\":\"Erboristeria Demetra\",\"description\":\"Your natural health\",\"publisher\":{\"@id\":\"https:\/\/www.erboristerie.com\/it\/#organization\"},\"potentialAction\":[{\"@type\":\"SearchAction\",\"target\":{\"@type\":\"EntryPoint\",\"urlTemplate\":\"https:\/\/www.erboristerie.com\/it\/?s={search_term_string}\"},\"query-input\":{\"@type\":\"PropertyValueSpecification\",\"valueRequired\":true,\"valueName\":\"search_term_string\"}}],\"inLanguage\":\"en-US\"},{\"@type\":\"Organization\",\"@id\":\"https:\/\/www.erboristerie.com\/it\/#organization\",\"name\":\"Erboristeria Demetra\",\"url\":\"https:\/\/www.erboristerie.com\/it\/\",\"logo\":{\"@type\":\"ImageObject\",\"inLanguage\":\"en-US\",\"@id\":\"https:\/\/www.erboristerie.com\/it\/#\/schema\/logo\/image\/\",\"url\":\"https:\/\/www.erboristerie.com\/wp-content\/uploads\/2019\/11\/LOGO_ERBORISTERIA_DEMETRA_original.png?v=1611516981\",\"contentUrl\":\"https:\/\/www.erboristerie.com\/wp-content\/uploads\/2019\/11\/LOGO_ERBORISTERIA_DEMETRA_original.png?v=1611516981\",\"width\":201,\"height\":54,\"caption\":\"Erboristeria Demetra\"},\"image\":{\"@id\":\"https:\/\/www.erboristerie.com\/it\/#\/schema\/logo\/image\/\"},\"sameAs\":[\"https:\/\/www.facebook.com\/erboristeria.demetra.online\"]}]}<\/script>\n<!-- \/ Yoast SEO plugin. -->","yoast_head_json":{"title":"Verbena Bagnoschiuma 250ml unisex agrumato e fiorito - Erboristeria Demetra","description":"L\u2019abbraccio profumato di questo Bagnoschiuma solletica l\u2019olfatto e offre uno spensierato momento di benessere, mentre accarezza e deterge la pelle.","robots":{"index":"index","follow":"follow","max-snippet":"max-snippet:-1","max-image-preview":"max-image-preview:large","max-video-preview":"max-video-preview:-1"},"canonical":"https:\/\/www.erboristerie.com\/it\/prodotto\/verbena-bagnoschiuma-250ml-unisex-agrumato-e-fiorito\/","og_locale":"en_US","og_type":"article","og_title":"Verbena Bagnoschiuma 250ml unisex agrumato e fiorito - Erboristeria Demetra","og_description":"L\u2019abbraccio profumato di questo Bagnoschiuma solletica l\u2019olfatto e offre uno spensierato momento di benessere, mentre accarezza e deterge la pelle.","og_url":"https:\/\/www.erboristerie.com\/it\/prodotto\/verbena-bagnoschiuma-250ml-unisex-agrumato-e-fiorito\/","og_site_name":"Erboristeria Demetra","article_publisher":"https:\/\/www.facebook.com\/erboristeria.demetra.online","article_modified_time":"2025-09-10T16:54:08+00:00","og_image":[{"width":800,"height":800,"url":"https:\/\/www.erboristerie.com\/wp-content\/uploads\/2023\/03\/00011236-verbena-bagnoschiuma-erbolario.jpg","type":"image\/jpeg"}],"twitter_card":"summary_large_image","twitter_misc":{"Est. reading time":"2 minutes"},"schema":{"@context":"https:\/\/schema.org","@graph":[{"@type":"WebPage","@id":"https:\/\/www.erboristerie.com\/it\/prodotto\/verbena-bagnoschiuma-250ml-unisex-agrumato-e-fiorito\/","url":"https:\/\/www.erboristerie.com\/it\/prodotto\/verbena-bagnoschiuma-250ml-unisex-agrumato-e-fiorito\/","name":"Verbena Bagnoschiuma 250ml unisex agrumato e fiorito - Erboristeria Demetra","isPartOf":{"@id":"https:\/\/www.erboristerie.com\/it\/#website"},"primaryImageOfPage":{"@id":"https:\/\/www.erboristerie.com\/it\/prodotto\/verbena-bagnoschiuma-250ml-unisex-agrumato-e-fiorito\/#primaryimage"},"image":{"@id":"https:\/\/www.erboristerie.com\/it\/prodotto\/verbena-bagnoschiuma-250ml-unisex-agrumato-e-fiorito\/#primaryimage"},"thumbnailUrl":"https:\/\/www.erboristerie.com\/wp-content\/uploads\/2023\/03\/00011236-verbena-bagnoschiuma-erbolario.jpg","datePublished":"2023-03-24T10:38:52+00:00","dateModified":"2025-09-10T16:54:08+00:00","description":"L\u2019abbraccio profumato di questo Bagnoschiuma solletica l\u2019olfatto e offre uno spensierato momento di benessere, mentre accarezza e deterge la pelle.","breadcrumb":{"@id":"https:\/\/www.erboristerie.com\/it\/prodotto\/verbena-bagnoschiuma-250ml-unisex-agrumato-e-fiorito\/#breadcrumb"},"inLanguage":"en-US","potentialAction":[{"@type":"ReadAction","target":["https:\/\/www.erboristerie.com\/it\/prodotto\/verbena-bagnoschiuma-250ml-unisex-agrumato-e-fiorito\/"]}]},{"@type":"ImageObject","inLanguage":"en-US","@id":"https:\/\/www.erboristerie.com\/it\/prodotto\/verbena-bagnoschiuma-250ml-unisex-agrumato-e-fiorito\/#primaryimage","url":"https:\/\/www.erboristerie.com\/wp-content\/uploads\/2023\/03\/00011236-verbena-bagnoschiuma-erbolario.jpg","contentUrl":"https:\/\/www.erboristerie.com\/wp-content\/uploads\/2023\/03\/00011236-verbena-bagnoschiuma-erbolario.jpg","width":800,"height":800},{"@type":"BreadcrumbList","@id":"https:\/\/www.erboristerie.com\/it\/prodotto\/verbena-bagnoschiuma-250ml-unisex-agrumato-e-fiorito\/#breadcrumb","itemListElement":[{"@type":"ListItem","position":1,"name":"Home","item":"https:\/\/www.erboristerie.com\/en\/"},{"@type":"ListItem","position":2,"name":"All products","item":"https:\/\/www.erboristerie.com\/en\/all-products\/"},{"@type":"ListItem","position":3,"name":"Verbena Bagnoschiuma 250ml unisex agrumato e fiorito"}]},{"@type":"WebSite","@id":"https:\/\/www.erboristerie.com\/it\/#website","url":"https:\/\/www.erboristerie.com\/it\/","name":"Erboristeria Demetra","description":"Your natural health","publisher":{"@id":"https:\/\/www.erboristerie.com\/it\/#organization"},"potentialAction":[{"@type":"SearchAction","target":{"@type":"EntryPoint","urlTemplate":"https:\/\/www.erboristerie.com\/it\/?s={search_term_string}"},"query-input":{"@type":"PropertyValueSpecification","valueRequired":true,"valueName":"search_term_string"}}],"inLanguage":"en-US"},{"@type":"Organization","@id":"https:\/\/www.erboristerie.com\/it\/#organization","name":"Erboristeria Demetra","url":"https:\/\/www.erboristerie.com\/it\/","logo":{"@type":"ImageObject","inLanguage":"en-US","@id":"https:\/\/www.erboristerie.com\/it\/#\/schema\/logo\/image\/","url":"https:\/\/www.erboristerie.com\/wp-content\/uploads\/2019\/11\/LOGO_ERBORISTERIA_DEMETRA_original.png?v=1611516981","contentUrl":"https:\/\/www.erboristerie.com\/wp-content\/uploads\/2019\/11\/LOGO_ERBORISTERIA_DEMETRA_original.png?v=1611516981","width":201,"height":54,"caption":"Erboristeria Demetra"},"image":{"@id":"https:\/\/www.erboristerie.com\/it\/#\/schema\/logo\/image\/"},"sameAs":["https:\/\/www.facebook.com\/erboristeria.demetra.online"]}]}},"_links":{"self":[{"href":"https:\/\/www.erboristerie.com\/en\/wp-json\/wp\/v2\/product\/120498","targetHints":{"allow":["GET"]}}],"collection":[{"href":"https:\/\/www.erboristerie.com\/en\/wp-json\/wp\/v2\/product"}],"about":[{"href":"https:\/\/www.erboristerie.com\/en\/wp-json\/wp\/v2\/types\/product"}],"wp:featuredmedia":[{"embeddable":true,"href":"https:\/\/www.erboristerie.com\/en\/wp-json\/wp\/v2\/media\/120494"}],"wp:attachment":[{"href":"https:\/\/www.erboristerie.com\/en\/wp-json\/wp\/v2\/media?parent=120498"}],"wp:term":[{"taxonomy":"product_brand","embeddable":true,"href":"https:\/\/www.erboristerie.com\/en\/wp-json\/wp\/v2\/product_brand?post=120498"},{"taxonomy":"product_cat","embeddable":true,"href":"https:\/\/www.erboristerie.com\/en\/wp-json\/wp\/v2\/product_cat?post=120498"},{"taxonomy":"product_tag","embeddable":true,"href":"https:\/\/www.erboristerie.com\/en\/wp-json\/wp\/v2\/product_tag?post=120498"},{"taxonomy":"giftcard-category","embeddable":true,"href":"https:\/\/www.erboristerie.com\/en\/wp-json\/wp\/v2\/giftcard-category?post=120498"}],"curies":[{"name":"wp","href":"https:\/\/api.w.org\/{rel}","templated":true}]}}