{"id":117657,"date":"2022-11-30T21:46:19","date_gmt":"2022-11-30T20:46:19","guid":{"rendered":"https:\/\/www.erboristerie.com\/?post_type=product&#038;p=117657"},"modified":"2025-04-04T09:45:52","modified_gmt":"2025-04-04T07:45:52","slug":"yerba-mate-taragui-500g-sin-palo-industria-argentina","status":"publish","type":"product","link":"https:\/\/www.erboristerie.com\/en\/prodotto\/yerba-mate-taragui-500g-sin-palo-industria-argentina\/","title":{"rendered":"Yerba Mate Taragui 500g sin palo Industria Argentina"},"content":{"rendered":"<p><strong>Yerba Mate Taragui 500g elaborada despalada Industria Argentina<\/strong><\/p>\n<p>Yerba Mate Tarag\u00fci Sin Palo &#8211; La purezza della tradizione argentina<\/p>\n<p>La Yerba Mate Tarag\u00fci Sin Palo \u00e8 la scelta ideale per chi desidera un Mate dal gusto intenso e concentrato.<\/p>\n<p>Realizzata <strong>senza l&#8217;aggiunta di palo (rametti),<\/strong> questa yerba \u00e8 composta esclusivamente da foglie selezionate di Ilex paraguariensis, <strong>garantendo un\u2019esperienza pi\u00f9 forte e aromatica<\/strong> rispetto alla versione con palo.<\/p>\n<p><strong>Caratteristiche principali:<\/strong><\/p>\n<ul>\n<li>Origine: 100% Argentina, prodotta nella provincia di Corrientes<\/li>\n<li>Ingredienti: 100% foglie di Yerba Mate (Ilex paraguariensis) senza palo<\/li>\n<li>Gusto intenso e pieno<\/li>\n<li>Perfetta per chi ama un Mate corposo e autentico<\/li>\n<li>Senza glutine- libre de glutein<\/li>\n<li>Bajo contenido de polvo &#8211; sin palo<\/li>\n<\/ul>\n<p><strong>Un Mate intenso e autentico<\/strong><\/p>\n<p>Grazie alla sua lavorazione senza palo, la Yerba Mate Tarag\u00fci Sin Palo <strong>offre un\u2019infusione ricca e decisa, perfetta per chi cerca un sapore pi\u00f9 concentrato<\/strong>.<\/p>\n<p>Ideale da gustare seguendo la tradizione argentina, con il classico mate gourd e la bombilla, \u00e8 un\u2019ottima scelta per chi desidera una bevanda che racchiuda tutta l\u2019essenza della yerba mate.<\/p>\n<p>Porta a casa tua il gusto puro della Yerba Mate Tarag\u00fci Sin Palo e immergiti nella cultura e nelle tradizioni dell\u2019Argentina!<\/p>\n","protected":false},"excerpt":{"rendered":"<p>Yerba Mate Taragui 500g elaborada despalada Industria Argentina Yerba Mate Tarag\u00fci Sin Palo &#8211; La purezza della tradizione argentina La Yerba Mate Tarag\u00fci Sin Palo \u00e8 la scelta ideale per chi desidera un Mate dal gusto intenso e concentrato. Realizzata senza l&#8217;aggiunta di palo (rametti),&#8230;<\/p>\n","protected":false},"featured_media":128544,"template":"","meta":{"_acf_changed":false},"product_brand":[46231],"product_cat":[9767],"product_tag":[],"giftcard-category":[],"class_list":{"0":"post-117657","1":"product","2":"type-product","3":"status-publish","4":"has-post-thumbnail","6":"product_brand-gourmet-partners","7":"product_cat-yerba-mate-e-prodotti-argentini","8":"pa_formato-500grammi","9":"pa_tipologia-yerba","11":"first","12":"instock","13":"taxable","14":"shipping-taxable","15":"purchasable","16":"product-type-simple"},"acf":[],"yoast_head":"<!-- This site is optimized with the Yoast SEO plugin v24.9 - https:\/\/yoast.com\/wordpress\/plugins\/seo\/ -->\n<title>Yerba Mate Taragui 500g sin palo Industria Argentina - Erboristeria Demetra<\/title>\n<meta name=\"description\" content=\"Bajo contenido de polvo - sin palo. Yerba Mate Taragui 500g elaborada despalada. Industria Argentina. Senza glutine - libre de glutein\" \/>\n<meta name=\"robots\" content=\"index, follow, max-snippet:-1, max-image-preview:large, max-video-preview:-1\" \/>\n<link rel=\"canonical\" href=\"https:\/\/www.erboristerie.com\/it\/prodotto\/yerba-mate-taragui-500g-sin-palo-industria-argentina\/\" \/>\n<meta property=\"og:locale\" content=\"en_US\" \/>\n<meta property=\"og:type\" content=\"article\" \/>\n<meta property=\"og:title\" content=\"Yerba Mate Taragui 500g sin palo Industria Argentina - Erboristeria Demetra\" \/>\n<meta property=\"og:description\" content=\"Bajo contenido de polvo - sin palo. Yerba Mate Taragui 500g elaborada despalada. Industria Argentina. Senza glutine - libre de glutein\" \/>\n<meta property=\"og:url\" content=\"https:\/\/www.erboristerie.com\/it\/prodotto\/yerba-mate-taragui-500g-sin-palo-industria-argentina\/\" \/>\n<meta property=\"og:site_name\" content=\"Erboristeria Demetra\" \/>\n<meta property=\"article:publisher\" content=\"https:\/\/www.facebook.com\/erboristeria.demetra.online\" \/>\n<meta property=\"article:modified_time\" content=\"2025-04-04T07:45:52+00:00\" \/>\n<meta property=\"og:image\" content=\"https:\/\/www.erboristerie.com\/wp-content\/uploads\/2022\/11\/00004334-yerba-mate-taragui-despalada-sin-palo-500g-erboristerie-com.jpg\" \/>\n\t<meta property=\"og:image:width\" content=\"800\" \/>\n\t<meta property=\"og:image:height\" content=\"800\" \/>\n\t<meta property=\"og:image:type\" content=\"image\/jpeg\" \/>\n<meta name=\"twitter:card\" content=\"summary_large_image\" \/>\n<meta name=\"twitter:label1\" content=\"Est. reading time\" \/>\n\t<meta name=\"twitter:data1\" content=\"2 minutes\" \/>\n<script type=\"application\/ld+json\" class=\"yoast-schema-graph\">{\"@context\":\"https:\/\/schema.org\",\"@graph\":[{\"@type\":\"WebPage\",\"@id\":\"https:\/\/www.erboristerie.com\/it\/prodotto\/yerba-mate-taragui-500g-sin-palo-industria-argentina\/\",\"url\":\"https:\/\/www.erboristerie.com\/it\/prodotto\/yerba-mate-taragui-500g-sin-palo-industria-argentina\/\",\"name\":\"Yerba Mate Taragui 500g sin palo Industria Argentina - Erboristeria Demetra\",\"isPartOf\":{\"@id\":\"https:\/\/www.erboristerie.com\/it\/#website\"},\"primaryImageOfPage\":{\"@id\":\"https:\/\/www.erboristerie.com\/it\/prodotto\/yerba-mate-taragui-500g-sin-palo-industria-argentina\/#primaryimage\"},\"image\":{\"@id\":\"https:\/\/www.erboristerie.com\/it\/prodotto\/yerba-mate-taragui-500g-sin-palo-industria-argentina\/#primaryimage\"},\"thumbnailUrl\":\"https:\/\/www.erboristerie.com\/wp-content\/uploads\/2022\/11\/00004334-yerba-mate-taragui-despalada-sin-palo-500g-erboristerie-com.jpg\",\"datePublished\":\"2022-11-30T20:46:19+00:00\",\"dateModified\":\"2025-04-04T07:45:52+00:00\",\"description\":\"Bajo contenido de polvo - sin palo. Yerba Mate Taragui 500g elaborada despalada. Industria Argentina. Senza glutine - libre de glutein\",\"breadcrumb\":{\"@id\":\"https:\/\/www.erboristerie.com\/it\/prodotto\/yerba-mate-taragui-500g-sin-palo-industria-argentina\/#breadcrumb\"},\"inLanguage\":\"en-US\",\"potentialAction\":[{\"@type\":\"ReadAction\",\"target\":[\"https:\/\/www.erboristerie.com\/it\/prodotto\/yerba-mate-taragui-500g-sin-palo-industria-argentina\/\"]}]},{\"@type\":\"ImageObject\",\"inLanguage\":\"en-US\",\"@id\":\"https:\/\/www.erboristerie.com\/it\/prodotto\/yerba-mate-taragui-500g-sin-palo-industria-argentina\/#primaryimage\",\"url\":\"https:\/\/www.erboristerie.com\/wp-content\/uploads\/2022\/11\/00004334-yerba-mate-taragui-despalada-sin-palo-500g-erboristerie-com.jpg\",\"contentUrl\":\"https:\/\/www.erboristerie.com\/wp-content\/uploads\/2022\/11\/00004334-yerba-mate-taragui-despalada-sin-palo-500g-erboristerie-com.jpg\",\"width\":800,\"height\":800},{\"@type\":\"BreadcrumbList\",\"@id\":\"https:\/\/www.erboristerie.com\/it\/prodotto\/yerba-mate-taragui-500g-sin-palo-industria-argentina\/#breadcrumb\",\"itemListElement\":[{\"@type\":\"ListItem\",\"position\":1,\"name\":\"Home\",\"item\":\"https:\/\/www.erboristerie.com\/en\/\"},{\"@type\":\"ListItem\",\"position\":2,\"name\":\"All products\",\"item\":\"https:\/\/www.erboristerie.com\/en\/all-products\/\"},{\"@type\":\"ListItem\",\"position\":3,\"name\":\"Yerba Mate Taragui 500g sin palo Industria Argentina\"}]},{\"@type\":\"WebSite\",\"@id\":\"https:\/\/www.erboristerie.com\/it\/#website\",\"url\":\"https:\/\/www.erboristerie.com\/it\/\",\"name\":\"Erboristeria Demetra\",\"description\":\"Your natural health\",\"publisher\":{\"@id\":\"https:\/\/www.erboristerie.com\/it\/#organization\"},\"potentialAction\":[{\"@type\":\"SearchAction\",\"target\":{\"@type\":\"EntryPoint\",\"urlTemplate\":\"https:\/\/www.erboristerie.com\/it\/?s={search_term_string}\"},\"query-input\":{\"@type\":\"PropertyValueSpecification\",\"valueRequired\":true,\"valueName\":\"search_term_string\"}}],\"inLanguage\":\"en-US\"},{\"@type\":\"Organization\",\"@id\":\"https:\/\/www.erboristerie.com\/it\/#organization\",\"name\":\"Erboristeria Demetra\",\"url\":\"https:\/\/www.erboristerie.com\/it\/\",\"logo\":{\"@type\":\"ImageObject\",\"inLanguage\":\"en-US\",\"@id\":\"https:\/\/www.erboristerie.com\/it\/#\/schema\/logo\/image\/\",\"url\":\"https:\/\/www.erboristerie.com\/wp-content\/uploads\/2019\/11\/LOGO_ERBORISTERIA_DEMETRA_original.png?v=1611516981\",\"contentUrl\":\"https:\/\/www.erboristerie.com\/wp-content\/uploads\/2019\/11\/LOGO_ERBORISTERIA_DEMETRA_original.png?v=1611516981\",\"width\":201,\"height\":54,\"caption\":\"Erboristeria Demetra\"},\"image\":{\"@id\":\"https:\/\/www.erboristerie.com\/it\/#\/schema\/logo\/image\/\"},\"sameAs\":[\"https:\/\/www.facebook.com\/erboristeria.demetra.online\"]}]}<\/script>\n<!-- \/ Yoast SEO plugin. -->","yoast_head_json":{"title":"Yerba Mate Taragui 500g sin palo Industria Argentina - Erboristeria Demetra","description":"Bajo contenido de polvo - sin palo. Yerba Mate Taragui 500g elaborada despalada. Industria Argentina. Senza glutine - libre de glutein","robots":{"index":"index","follow":"follow","max-snippet":"max-snippet:-1","max-image-preview":"max-image-preview:large","max-video-preview":"max-video-preview:-1"},"canonical":"https:\/\/www.erboristerie.com\/it\/prodotto\/yerba-mate-taragui-500g-sin-palo-industria-argentina\/","og_locale":"en_US","og_type":"article","og_title":"Yerba Mate Taragui 500g sin palo Industria Argentina - Erboristeria Demetra","og_description":"Bajo contenido de polvo - sin palo. Yerba Mate Taragui 500g elaborada despalada. Industria Argentina. Senza glutine - libre de glutein","og_url":"https:\/\/www.erboristerie.com\/it\/prodotto\/yerba-mate-taragui-500g-sin-palo-industria-argentina\/","og_site_name":"Erboristeria Demetra","article_publisher":"https:\/\/www.facebook.com\/erboristeria.demetra.online","article_modified_time":"2025-04-04T07:45:52+00:00","og_image":[{"width":800,"height":800,"url":"https:\/\/www.erboristerie.com\/wp-content\/uploads\/2022\/11\/00004334-yerba-mate-taragui-despalada-sin-palo-500g-erboristerie-com.jpg","type":"image\/jpeg"}],"twitter_card":"summary_large_image","twitter_misc":{"Est. reading time":"2 minutes"},"schema":{"@context":"https:\/\/schema.org","@graph":[{"@type":"WebPage","@id":"https:\/\/www.erboristerie.com\/it\/prodotto\/yerba-mate-taragui-500g-sin-palo-industria-argentina\/","url":"https:\/\/www.erboristerie.com\/it\/prodotto\/yerba-mate-taragui-500g-sin-palo-industria-argentina\/","name":"Yerba Mate Taragui 500g sin palo Industria Argentina - Erboristeria Demetra","isPartOf":{"@id":"https:\/\/www.erboristerie.com\/it\/#website"},"primaryImageOfPage":{"@id":"https:\/\/www.erboristerie.com\/it\/prodotto\/yerba-mate-taragui-500g-sin-palo-industria-argentina\/#primaryimage"},"image":{"@id":"https:\/\/www.erboristerie.com\/it\/prodotto\/yerba-mate-taragui-500g-sin-palo-industria-argentina\/#primaryimage"},"thumbnailUrl":"https:\/\/www.erboristerie.com\/wp-content\/uploads\/2022\/11\/00004334-yerba-mate-taragui-despalada-sin-palo-500g-erboristerie-com.jpg","datePublished":"2022-11-30T20:46:19+00:00","dateModified":"2025-04-04T07:45:52+00:00","description":"Bajo contenido de polvo - sin palo. Yerba Mate Taragui 500g elaborada despalada. Industria Argentina. Senza glutine - libre de glutein","breadcrumb":{"@id":"https:\/\/www.erboristerie.com\/it\/prodotto\/yerba-mate-taragui-500g-sin-palo-industria-argentina\/#breadcrumb"},"inLanguage":"en-US","potentialAction":[{"@type":"ReadAction","target":["https:\/\/www.erboristerie.com\/it\/prodotto\/yerba-mate-taragui-500g-sin-palo-industria-argentina\/"]}]},{"@type":"ImageObject","inLanguage":"en-US","@id":"https:\/\/www.erboristerie.com\/it\/prodotto\/yerba-mate-taragui-500g-sin-palo-industria-argentina\/#primaryimage","url":"https:\/\/www.erboristerie.com\/wp-content\/uploads\/2022\/11\/00004334-yerba-mate-taragui-despalada-sin-palo-500g-erboristerie-com.jpg","contentUrl":"https:\/\/www.erboristerie.com\/wp-content\/uploads\/2022\/11\/00004334-yerba-mate-taragui-despalada-sin-palo-500g-erboristerie-com.jpg","width":800,"height":800},{"@type":"BreadcrumbList","@id":"https:\/\/www.erboristerie.com\/it\/prodotto\/yerba-mate-taragui-500g-sin-palo-industria-argentina\/#breadcrumb","itemListElement":[{"@type":"ListItem","position":1,"name":"Home","item":"https:\/\/www.erboristerie.com\/en\/"},{"@type":"ListItem","position":2,"name":"All products","item":"https:\/\/www.erboristerie.com\/en\/all-products\/"},{"@type":"ListItem","position":3,"name":"Yerba Mate Taragui 500g sin palo Industria Argentina"}]},{"@type":"WebSite","@id":"https:\/\/www.erboristerie.com\/it\/#website","url":"https:\/\/www.erboristerie.com\/it\/","name":"Erboristeria Demetra","description":"Your natural health","publisher":{"@id":"https:\/\/www.erboristerie.com\/it\/#organization"},"potentialAction":[{"@type":"SearchAction","target":{"@type":"EntryPoint","urlTemplate":"https:\/\/www.erboristerie.com\/it\/?s={search_term_string}"},"query-input":{"@type":"PropertyValueSpecification","valueRequired":true,"valueName":"search_term_string"}}],"inLanguage":"en-US"},{"@type":"Organization","@id":"https:\/\/www.erboristerie.com\/it\/#organization","name":"Erboristeria Demetra","url":"https:\/\/www.erboristerie.com\/it\/","logo":{"@type":"ImageObject","inLanguage":"en-US","@id":"https:\/\/www.erboristerie.com\/it\/#\/schema\/logo\/image\/","url":"https:\/\/www.erboristerie.com\/wp-content\/uploads\/2019\/11\/LOGO_ERBORISTERIA_DEMETRA_original.png?v=1611516981","contentUrl":"https:\/\/www.erboristerie.com\/wp-content\/uploads\/2019\/11\/LOGO_ERBORISTERIA_DEMETRA_original.png?v=1611516981","width":201,"height":54,"caption":"Erboristeria Demetra"},"image":{"@id":"https:\/\/www.erboristerie.com\/it\/#\/schema\/logo\/image\/"},"sameAs":["https:\/\/www.facebook.com\/erboristeria.demetra.online"]}]}},"_links":{"self":[{"href":"https:\/\/www.erboristerie.com\/en\/wp-json\/wp\/v2\/product\/117657","targetHints":{"allow":["GET"]}}],"collection":[{"href":"https:\/\/www.erboristerie.com\/en\/wp-json\/wp\/v2\/product"}],"about":[{"href":"https:\/\/www.erboristerie.com\/en\/wp-json\/wp\/v2\/types\/product"}],"wp:featuredmedia":[{"embeddable":true,"href":"https:\/\/www.erboristerie.com\/en\/wp-json\/wp\/v2\/media\/128544"}],"wp:attachment":[{"href":"https:\/\/www.erboristerie.com\/en\/wp-json\/wp\/v2\/media?parent=117657"}],"wp:term":[{"taxonomy":"product_brand","embeddable":true,"href":"https:\/\/www.erboristerie.com\/en\/wp-json\/wp\/v2\/product_brand?post=117657"},{"taxonomy":"product_cat","embeddable":true,"href":"https:\/\/www.erboristerie.com\/en\/wp-json\/wp\/v2\/product_cat?post=117657"},{"taxonomy":"product_tag","embeddable":true,"href":"https:\/\/www.erboristerie.com\/en\/wp-json\/wp\/v2\/product_tag?post=117657"},{"taxonomy":"giftcard-category","embeddable":true,"href":"https:\/\/www.erboristerie.com\/en\/wp-json\/wp\/v2\/giftcard-category?post=117657"}],"curies":[{"name":"wp","href":"https:\/\/api.w.org\/{rel}","templated":true}]}}