{"id":117627,"date":"2022-11-30T11:55:11","date_gmt":"2022-11-30T10:55:11","guid":{"rendered":"https:\/\/www.erboristerie.com\/?post_type=product&#038;p=117627"},"modified":"2025-09-26T11:33:00","modified_gmt":"2025-09-26T09:33:00","slug":"yerba-mate-taragui-mate-cocido-20-saquitos-yerba-mate-in-filtri","status":"publish","type":"product","link":"https:\/\/www.erboristerie.com\/en\/prodotto\/yerba-mate-taragui-mate-cocido-20-saquitos-yerba-mate-in-filtri\/","title":{"rendered":"Yerba Mate Taragui Mate Cocido 20 saquitos yerba mate in filtri"},"content":{"rendered":"<div id=\"tab-description\" class=\"tab-content\">\n<p><strong>Yerba Mate Cocido Taragui 20 saquitos &#8211; Industria Argentina<\/strong><\/p>\n<p>Scopri l&#8217;intensit\u00e0 e il gusto autentico della Yerba Mate con il nostro Mate Cocido in comodi saquitos, firmato Tarag\u00fci, una delle marche pi\u00f9 apprezzate in Argentina.<\/p>\n<p>Ogni saquito contiene la qualit\u00e0 superiore della Yerba Mate Tarag\u00fci, perfetta per chi cerca una bevanda energizzante, ricca di propriet\u00e0 benefiche.<\/p>\n<p><strong>Caratteristiche principali:<\/strong><\/p>\n<ul>\n<li>20 saquitos pratici e facili da usare, per una preparazione rapida senza rinunciare al gusto.<\/li>\n<li>Gusto intenso e naturale: una tradizione secolare nella preparazione del mate, ideale per ogni momento della giornata.<\/li>\n<li>Energia naturale: ricco di caffeina, teobromina e antiossidanti, per un&#8217;energia equilibrata e duratura.<\/li>\n<li>Adatto a tutti: ideale per chi preferisce una bevanda pronta all&#8217;uso, senza dover preparare il mate tradizionale con il calabash.<\/li>\n<li>libre de gluten \u2013 senza glutine<\/li>\n<\/ul>\n<p>Con Yerba Mate Tarag\u00fci Mate Cocido in saquitos, potrai goderti il rituale del mate ovunque, in ufficio, a casa o durante una pausa rinfrescante.<\/p>\n<p>Prova ora questa prelibatezza argentina e immergiti in un&#8217;esperienza di gusto unica!<\/p>\n<\/div>\n","protected":false},"excerpt":{"rendered":"<p>Yerba Mate Cocido Taragui 20 saquitos &#8211; Industria Argentina Scopri l&#8217;intensit\u00e0 e il gusto autentico della Yerba Mate con il nostro Mate Cocido in comodi saquitos, firmato Tarag\u00fci, una delle marche pi\u00f9 apprezzate in Argentina. Ogni saquito contiene la qualit\u00e0 superiore della Yerba Mate Tarag\u00fci,&#8230;<\/p>\n","protected":false},"featured_media":117628,"template":"","meta":{"_acf_changed":false},"product_brand":[46231],"product_cat":[49559,9767],"product_tag":[],"giftcard-category":[],"class_list":{"0":"post-117627","1":"product","2":"type-product","3":"status-publish","4":"has-post-thumbnail","6":"product_brand-gourmet-partners","7":"product_cat-infusi-tisane-in-filtri","8":"product_cat-yerba-mate-e-prodotti-argentini","9":"pa_formato-filtri","10":"pa_tipologia-mate-cocido","12":"first","13":"outofstock","14":"taxable","15":"shipping-taxable","16":"purchasable","17":"product-type-simple"},"acf":[],"yoast_head":"<!-- This site is optimized with the Yoast SEO plugin v24.9 - https:\/\/yoast.com\/wordpress\/plugins\/seo\/ -->\n<title>Yerba Mate Taragui Mate Cocido 20 saquitos yerba mate in filtri - Erboristeria Demetra<\/title>\n<meta name=\"description\" content=\"Yerba Mate Taragui. Yerba mate cocido 20 saquitos (filtri). Prodotto e confezionato in Argentina. Industria Argentina.\" \/>\n<meta name=\"robots\" content=\"index, follow, max-snippet:-1, max-image-preview:large, max-video-preview:-1\" \/>\n<link rel=\"canonical\" href=\"https:\/\/www.erboristerie.com\/it\/prodotto\/yerba-mate-taragui-mate-cocido-20-saquitos-yerba-mate-in-filtri\/\" \/>\n<meta property=\"og:locale\" content=\"en_US\" \/>\n<meta property=\"og:type\" content=\"article\" \/>\n<meta property=\"og:title\" content=\"Yerba Mate Taragui Mate Cocido 20 saquitos yerba mate in filtri - Erboristeria Demetra\" \/>\n<meta property=\"og:description\" content=\"Yerba Mate Taragui. Yerba mate cocido 20 saquitos (filtri). Prodotto e confezionato in Argentina. Industria Argentina.\" \/>\n<meta property=\"og:url\" content=\"https:\/\/www.erboristerie.com\/it\/prodotto\/yerba-mate-taragui-mate-cocido-20-saquitos-yerba-mate-in-filtri\/\" \/>\n<meta property=\"og:site_name\" content=\"Erboristeria Demetra\" \/>\n<meta property=\"article:publisher\" content=\"https:\/\/www.facebook.com\/erboristeria.demetra.online\" \/>\n<meta property=\"article:modified_time\" content=\"2025-09-26T09:33:00+00:00\" \/>\n<meta property=\"og:image\" content=\"https:\/\/www.erboristerie.com\/wp-content\/uploads\/2022\/11\/00011078.jpg\" \/>\n\t<meta property=\"og:image:width\" content=\"400\" \/>\n\t<meta property=\"og:image:height\" content=\"535\" \/>\n\t<meta property=\"og:image:type\" content=\"image\/jpeg\" \/>\n<meta name=\"twitter:card\" content=\"summary_large_image\" \/>\n<meta name=\"twitter:label1\" content=\"Est. reading time\" \/>\n\t<meta name=\"twitter:data1\" content=\"2 minutes\" \/>\n<script type=\"application\/ld+json\" class=\"yoast-schema-graph\">{\"@context\":\"https:\/\/schema.org\",\"@graph\":[{\"@type\":\"WebPage\",\"@id\":\"https:\/\/www.erboristerie.com\/it\/prodotto\/yerba-mate-taragui-mate-cocido-20-saquitos-yerba-mate-in-filtri\/\",\"url\":\"https:\/\/www.erboristerie.com\/it\/prodotto\/yerba-mate-taragui-mate-cocido-20-saquitos-yerba-mate-in-filtri\/\",\"name\":\"Yerba Mate Taragui Mate Cocido 20 saquitos yerba mate in filtri - Erboristeria Demetra\",\"isPartOf\":{\"@id\":\"https:\/\/www.erboristerie.com\/it\/#website\"},\"primaryImageOfPage\":{\"@id\":\"https:\/\/www.erboristerie.com\/it\/prodotto\/yerba-mate-taragui-mate-cocido-20-saquitos-yerba-mate-in-filtri\/#primaryimage\"},\"image\":{\"@id\":\"https:\/\/www.erboristerie.com\/it\/prodotto\/yerba-mate-taragui-mate-cocido-20-saquitos-yerba-mate-in-filtri\/#primaryimage\"},\"thumbnailUrl\":\"https:\/\/www.erboristerie.com\/wp-content\/uploads\/2022\/11\/00011078.jpg\",\"datePublished\":\"2022-11-30T10:55:11+00:00\",\"dateModified\":\"2025-09-26T09:33:00+00:00\",\"description\":\"Yerba Mate Taragui. Yerba mate cocido 20 saquitos (filtri). Prodotto e confezionato in Argentina. Industria Argentina.\",\"breadcrumb\":{\"@id\":\"https:\/\/www.erboristerie.com\/it\/prodotto\/yerba-mate-taragui-mate-cocido-20-saquitos-yerba-mate-in-filtri\/#breadcrumb\"},\"inLanguage\":\"en-US\",\"potentialAction\":[{\"@type\":\"ReadAction\",\"target\":[\"https:\/\/www.erboristerie.com\/it\/prodotto\/yerba-mate-taragui-mate-cocido-20-saquitos-yerba-mate-in-filtri\/\"]}]},{\"@type\":\"ImageObject\",\"inLanguage\":\"en-US\",\"@id\":\"https:\/\/www.erboristerie.com\/it\/prodotto\/yerba-mate-taragui-mate-cocido-20-saquitos-yerba-mate-in-filtri\/#primaryimage\",\"url\":\"https:\/\/www.erboristerie.com\/wp-content\/uploads\/2022\/11\/00011078.jpg\",\"contentUrl\":\"https:\/\/www.erboristerie.com\/wp-content\/uploads\/2022\/11\/00011078.jpg\",\"width\":400,\"height\":535},{\"@type\":\"BreadcrumbList\",\"@id\":\"https:\/\/www.erboristerie.com\/it\/prodotto\/yerba-mate-taragui-mate-cocido-20-saquitos-yerba-mate-in-filtri\/#breadcrumb\",\"itemListElement\":[{\"@type\":\"ListItem\",\"position\":1,\"name\":\"Home\",\"item\":\"https:\/\/www.erboristerie.com\/en\/\"},{\"@type\":\"ListItem\",\"position\":2,\"name\":\"All products\",\"item\":\"https:\/\/www.erboristerie.com\/en\/all-products\/\"},{\"@type\":\"ListItem\",\"position\":3,\"name\":\"Yerba Mate Taragui Mate Cocido 20 saquitos yerba mate in filtri\"}]},{\"@type\":\"WebSite\",\"@id\":\"https:\/\/www.erboristerie.com\/it\/#website\",\"url\":\"https:\/\/www.erboristerie.com\/it\/\",\"name\":\"Erboristeria Demetra\",\"description\":\"Your natural health\",\"publisher\":{\"@id\":\"https:\/\/www.erboristerie.com\/it\/#organization\"},\"potentialAction\":[{\"@type\":\"SearchAction\",\"target\":{\"@type\":\"EntryPoint\",\"urlTemplate\":\"https:\/\/www.erboristerie.com\/it\/?s={search_term_string}\"},\"query-input\":{\"@type\":\"PropertyValueSpecification\",\"valueRequired\":true,\"valueName\":\"search_term_string\"}}],\"inLanguage\":\"en-US\"},{\"@type\":\"Organization\",\"@id\":\"https:\/\/www.erboristerie.com\/it\/#organization\",\"name\":\"Erboristeria Demetra\",\"url\":\"https:\/\/www.erboristerie.com\/it\/\",\"logo\":{\"@type\":\"ImageObject\",\"inLanguage\":\"en-US\",\"@id\":\"https:\/\/www.erboristerie.com\/it\/#\/schema\/logo\/image\/\",\"url\":\"https:\/\/www.erboristerie.com\/wp-content\/uploads\/2019\/11\/LOGO_ERBORISTERIA_DEMETRA_original.png?v=1611516981\",\"contentUrl\":\"https:\/\/www.erboristerie.com\/wp-content\/uploads\/2019\/11\/LOGO_ERBORISTERIA_DEMETRA_original.png?v=1611516981\",\"width\":201,\"height\":54,\"caption\":\"Erboristeria Demetra\"},\"image\":{\"@id\":\"https:\/\/www.erboristerie.com\/it\/#\/schema\/logo\/image\/\"},\"sameAs\":[\"https:\/\/www.facebook.com\/erboristeria.demetra.online\"]}]}<\/script>\n<!-- \/ Yoast SEO plugin. -->","yoast_head_json":{"title":"Yerba Mate Taragui Mate Cocido 20 saquitos yerba mate in filtri - Erboristeria Demetra","description":"Yerba Mate Taragui. Yerba mate cocido 20 saquitos (filtri). Prodotto e confezionato in Argentina. Industria Argentina.","robots":{"index":"index","follow":"follow","max-snippet":"max-snippet:-1","max-image-preview":"max-image-preview:large","max-video-preview":"max-video-preview:-1"},"canonical":"https:\/\/www.erboristerie.com\/it\/prodotto\/yerba-mate-taragui-mate-cocido-20-saquitos-yerba-mate-in-filtri\/","og_locale":"en_US","og_type":"article","og_title":"Yerba Mate Taragui Mate Cocido 20 saquitos yerba mate in filtri - Erboristeria Demetra","og_description":"Yerba Mate Taragui. Yerba mate cocido 20 saquitos (filtri). Prodotto e confezionato in Argentina. Industria Argentina.","og_url":"https:\/\/www.erboristerie.com\/it\/prodotto\/yerba-mate-taragui-mate-cocido-20-saquitos-yerba-mate-in-filtri\/","og_site_name":"Erboristeria Demetra","article_publisher":"https:\/\/www.facebook.com\/erboristeria.demetra.online","article_modified_time":"2025-09-26T09:33:00+00:00","og_image":[{"width":400,"height":535,"url":"https:\/\/www.erboristerie.com\/wp-content\/uploads\/2022\/11\/00011078.jpg","type":"image\/jpeg"}],"twitter_card":"summary_large_image","twitter_misc":{"Est. reading time":"2 minutes"},"schema":{"@context":"https:\/\/schema.org","@graph":[{"@type":"WebPage","@id":"https:\/\/www.erboristerie.com\/it\/prodotto\/yerba-mate-taragui-mate-cocido-20-saquitos-yerba-mate-in-filtri\/","url":"https:\/\/www.erboristerie.com\/it\/prodotto\/yerba-mate-taragui-mate-cocido-20-saquitos-yerba-mate-in-filtri\/","name":"Yerba Mate Taragui Mate Cocido 20 saquitos yerba mate in filtri - Erboristeria Demetra","isPartOf":{"@id":"https:\/\/www.erboristerie.com\/it\/#website"},"primaryImageOfPage":{"@id":"https:\/\/www.erboristerie.com\/it\/prodotto\/yerba-mate-taragui-mate-cocido-20-saquitos-yerba-mate-in-filtri\/#primaryimage"},"image":{"@id":"https:\/\/www.erboristerie.com\/it\/prodotto\/yerba-mate-taragui-mate-cocido-20-saquitos-yerba-mate-in-filtri\/#primaryimage"},"thumbnailUrl":"https:\/\/www.erboristerie.com\/wp-content\/uploads\/2022\/11\/00011078.jpg","datePublished":"2022-11-30T10:55:11+00:00","dateModified":"2025-09-26T09:33:00+00:00","description":"Yerba Mate Taragui. Yerba mate cocido 20 saquitos (filtri). Prodotto e confezionato in Argentina. Industria Argentina.","breadcrumb":{"@id":"https:\/\/www.erboristerie.com\/it\/prodotto\/yerba-mate-taragui-mate-cocido-20-saquitos-yerba-mate-in-filtri\/#breadcrumb"},"inLanguage":"en-US","potentialAction":[{"@type":"ReadAction","target":["https:\/\/www.erboristerie.com\/it\/prodotto\/yerba-mate-taragui-mate-cocido-20-saquitos-yerba-mate-in-filtri\/"]}]},{"@type":"ImageObject","inLanguage":"en-US","@id":"https:\/\/www.erboristerie.com\/it\/prodotto\/yerba-mate-taragui-mate-cocido-20-saquitos-yerba-mate-in-filtri\/#primaryimage","url":"https:\/\/www.erboristerie.com\/wp-content\/uploads\/2022\/11\/00011078.jpg","contentUrl":"https:\/\/www.erboristerie.com\/wp-content\/uploads\/2022\/11\/00011078.jpg","width":400,"height":535},{"@type":"BreadcrumbList","@id":"https:\/\/www.erboristerie.com\/it\/prodotto\/yerba-mate-taragui-mate-cocido-20-saquitos-yerba-mate-in-filtri\/#breadcrumb","itemListElement":[{"@type":"ListItem","position":1,"name":"Home","item":"https:\/\/www.erboristerie.com\/en\/"},{"@type":"ListItem","position":2,"name":"All products","item":"https:\/\/www.erboristerie.com\/en\/all-products\/"},{"@type":"ListItem","position":3,"name":"Yerba Mate Taragui Mate Cocido 20 saquitos yerba mate in filtri"}]},{"@type":"WebSite","@id":"https:\/\/www.erboristerie.com\/it\/#website","url":"https:\/\/www.erboristerie.com\/it\/","name":"Erboristeria Demetra","description":"Your natural health","publisher":{"@id":"https:\/\/www.erboristerie.com\/it\/#organization"},"potentialAction":[{"@type":"SearchAction","target":{"@type":"EntryPoint","urlTemplate":"https:\/\/www.erboristerie.com\/it\/?s={search_term_string}"},"query-input":{"@type":"PropertyValueSpecification","valueRequired":true,"valueName":"search_term_string"}}],"inLanguage":"en-US"},{"@type":"Organization","@id":"https:\/\/www.erboristerie.com\/it\/#organization","name":"Erboristeria Demetra","url":"https:\/\/www.erboristerie.com\/it\/","logo":{"@type":"ImageObject","inLanguage":"en-US","@id":"https:\/\/www.erboristerie.com\/it\/#\/schema\/logo\/image\/","url":"https:\/\/www.erboristerie.com\/wp-content\/uploads\/2019\/11\/LOGO_ERBORISTERIA_DEMETRA_original.png?v=1611516981","contentUrl":"https:\/\/www.erboristerie.com\/wp-content\/uploads\/2019\/11\/LOGO_ERBORISTERIA_DEMETRA_original.png?v=1611516981","width":201,"height":54,"caption":"Erboristeria Demetra"},"image":{"@id":"https:\/\/www.erboristerie.com\/it\/#\/schema\/logo\/image\/"},"sameAs":["https:\/\/www.facebook.com\/erboristeria.demetra.online"]}]}},"_links":{"self":[{"href":"https:\/\/www.erboristerie.com\/en\/wp-json\/wp\/v2\/product\/117627","targetHints":{"allow":["GET"]}}],"collection":[{"href":"https:\/\/www.erboristerie.com\/en\/wp-json\/wp\/v2\/product"}],"about":[{"href":"https:\/\/www.erboristerie.com\/en\/wp-json\/wp\/v2\/types\/product"}],"wp:featuredmedia":[{"embeddable":true,"href":"https:\/\/www.erboristerie.com\/en\/wp-json\/wp\/v2\/media\/117628"}],"wp:attachment":[{"href":"https:\/\/www.erboristerie.com\/en\/wp-json\/wp\/v2\/media?parent=117627"}],"wp:term":[{"taxonomy":"product_brand","embeddable":true,"href":"https:\/\/www.erboristerie.com\/en\/wp-json\/wp\/v2\/product_brand?post=117627"},{"taxonomy":"product_cat","embeddable":true,"href":"https:\/\/www.erboristerie.com\/en\/wp-json\/wp\/v2\/product_cat?post=117627"},{"taxonomy":"product_tag","embeddable":true,"href":"https:\/\/www.erboristerie.com\/en\/wp-json\/wp\/v2\/product_tag?post=117627"},{"taxonomy":"giftcard-category","embeddable":true,"href":"https:\/\/www.erboristerie.com\/en\/wp-json\/wp\/v2\/giftcard-category?post=117627"}],"curies":[{"name":"wp","href":"https:\/\/api.w.org\/{rel}","templated":true}]}}