{"id":115760,"date":"2022-06-10T10:44:15","date_gmt":"2022-06-10T08:44:15","guid":{"rendered":"https:\/\/www.erboristerie.com\/?post_type=product&#038;p=115760"},"modified":"2025-09-10T18:54:56","modified_gmt":"2025-09-10T16:54:56","slug":"shampoo-doccia-solido-cedro-di-calabria-lerbolario","status":"publish","type":"product","link":"https:\/\/www.erboristerie.com\/en\/prodotto\/shampoo-doccia-solido-cedro-di-calabria-lerbolario\/","title":{"rendered":"Shampoo Doccia Solido Cedro di Calabria &#8211; L&#8217;Erbolario"},"content":{"rendered":"<p><strong>Shampoo Doccia Solido Cedro di Calabria 60g &#8211; L&#8217;Erbolario<\/strong><\/p>\n<p>Fresco detergente dal profumo frizzante con estratto da frutto fresco per una gioiosa<strong> fragranza unisex<\/strong> dalle note agrumate: La tua estate con Cedro di Calabria <strong>100% italiano<\/strong><\/p>\n<p>La freschezza del Cedro \u00e8 concentrata in questo pratico prodotto due in uno, studiato per offrire al corpo e ai capelli una routine detergente piacevolissima e pi\u00f9 sostenibile.<\/p>\n<p>Il nostro estratto da frutto fresco di Cedro, tonificante e levigante, agisce in sinergia con gli oli di Cocco e di Mandorla, nutrienti ed emollienti, per prendersi cura di pelle e capelli.<\/p>\n<p>Inoltre, lo Shampoo Doccia Solido pesa solo 60 g ed \u00e8 <strong>perfetto da portare con s\u00e9 in viaggio, in palestra, in piscina&#8230;<\/strong> ovunque si desideri la solarit\u00e0 del delizioso Cedro!<\/p>\n<p>Senza siliconi, parabeni, tensioattivi solfati e petrolati<br \/>\n94% ingredienti di origine naturale<br \/>\nLa restante percentuale di ingredienti garantisce stabilit\u00e0 e gradevolezza del prodotto.<br \/>\nProdotto riciclabile al 100%.<\/p>\n<p>Fragranza: agrumata, verde<\/p>\n<p><strong>Consigli d&#8217;uso<\/strong><\/p>\n<p>Massaggiare il panetto con acqua fino a creare una morbida schiuma oppure passarlo direttamente su corpo e capelli bagnati.<\/p>\n<p>Risciacquare con cura e riporre il prodotto nella sua scatola, senza coperchio, per farlo asciugare pi\u00f9 rapidamente.<\/p>\n","protected":false},"excerpt":{"rendered":"<p>Shampoo Doccia Solido Cedro di Calabria 60g &#8211; L&#8217;Erbolario Fresco detergente dal profumo frizzante con estratto da frutto fresco per una gioiosa fragranza unisex dalle note agrumate: La tua estate con Cedro di Calabria 100% italiano La freschezza del Cedro \u00e8 concentrata in questo pratico&#8230;<\/p>\n","protected":false},"featured_media":115731,"template":"","meta":{"_acf_changed":false},"product_brand":[9603],"product_cat":[10307],"product_tag":[],"giftcard-category":[],"class_list":{"0":"post-115760","1":"product","2":"type-product","3":"status-publish","4":"has-post-thumbnail","6":"product_brand-erbolario","7":"product_cat-capelli","8":"pa_formato-60-grammi","9":"pa_linea-profumazione-cedro-di-calabria","10":"pa_marca-lerbolario","11":"pa_tipologia-shampodoccia","13":"first","14":"instock","15":"taxable","16":"shipping-taxable","17":"purchasable","18":"product-type-simple"},"acf":[],"yoast_head":"<!-- This site is optimized with the Yoast SEO plugin v24.9 - https:\/\/yoast.com\/wordpress\/plugins\/seo\/ -->\n<title>Shampoo Doccia Solido Cedro di Calabria - L&#039;Erbolario - Erboristeria Demetra<\/title>\n<meta name=\"description\" content=\"lo Shampoo Doccia Solido pesa solo 60 g ed \u00e8 perfetto da portare con s\u00e9 in viaggio, ovunque si desideri la solarit\u00e0 del delizioso Cedro!\" \/>\n<meta name=\"robots\" content=\"index, follow, max-snippet:-1, max-image-preview:large, max-video-preview:-1\" \/>\n<link rel=\"canonical\" href=\"https:\/\/www.erboristerie.com\/it\/prodotto\/shampoo-doccia-solido-cedro-di-calabria-lerbolario\/\" \/>\n<meta property=\"og:locale\" content=\"en_US\" \/>\n<meta property=\"og:type\" content=\"article\" \/>\n<meta property=\"og:title\" content=\"Shampoo Doccia Solido Cedro di Calabria - L&#039;Erbolario - Erboristeria Demetra\" \/>\n<meta property=\"og:description\" content=\"lo Shampoo Doccia Solido pesa solo 60 g ed \u00e8 perfetto da portare con s\u00e9 in viaggio, ovunque si desideri la solarit\u00e0 del delizioso Cedro!\" \/>\n<meta property=\"og:url\" content=\"https:\/\/www.erboristerie.com\/it\/prodotto\/shampoo-doccia-solido-cedro-di-calabria-lerbolario\/\" \/>\n<meta property=\"og:site_name\" content=\"Erboristeria Demetra\" \/>\n<meta property=\"article:publisher\" content=\"https:\/\/www.facebook.com\/erboristeria.demetra.online\" \/>\n<meta property=\"article:modified_time\" content=\"2025-09-10T16:54:56+00:00\" \/>\n<meta property=\"og:image\" content=\"https:\/\/www.erboristerie.com\/wp-content\/uploads\/2022\/06\/00011085.png\" \/>\n\t<meta property=\"og:image:width\" content=\"570\" \/>\n\t<meta property=\"og:image:height\" content=\"570\" \/>\n\t<meta property=\"og:image:type\" content=\"image\/png\" \/>\n<meta name=\"twitter:card\" content=\"summary_large_image\" \/>\n<meta name=\"twitter:label1\" content=\"Est. reading time\" \/>\n\t<meta name=\"twitter:data1\" content=\"1 minute\" \/>\n<script type=\"application\/ld+json\" class=\"yoast-schema-graph\">{\"@context\":\"https:\/\/schema.org\",\"@graph\":[{\"@type\":\"WebPage\",\"@id\":\"https:\/\/www.erboristerie.com\/it\/prodotto\/shampoo-doccia-solido-cedro-di-calabria-lerbolario\/\",\"url\":\"https:\/\/www.erboristerie.com\/it\/prodotto\/shampoo-doccia-solido-cedro-di-calabria-lerbolario\/\",\"name\":\"Shampoo Doccia Solido Cedro di Calabria - L'Erbolario - Erboristeria Demetra\",\"isPartOf\":{\"@id\":\"https:\/\/www.erboristerie.com\/it\/#website\"},\"primaryImageOfPage\":{\"@id\":\"https:\/\/www.erboristerie.com\/it\/prodotto\/shampoo-doccia-solido-cedro-di-calabria-lerbolario\/#primaryimage\"},\"image\":{\"@id\":\"https:\/\/www.erboristerie.com\/it\/prodotto\/shampoo-doccia-solido-cedro-di-calabria-lerbolario\/#primaryimage\"},\"thumbnailUrl\":\"https:\/\/www.erboristerie.com\/wp-content\/uploads\/2022\/06\/00011085.png\",\"datePublished\":\"2022-06-10T08:44:15+00:00\",\"dateModified\":\"2025-09-10T16:54:56+00:00\",\"description\":\"lo Shampoo Doccia Solido pesa solo 60 g ed \u00e8 perfetto da portare con s\u00e9 in viaggio, ovunque si desideri la solarit\u00e0 del delizioso Cedro!\",\"breadcrumb\":{\"@id\":\"https:\/\/www.erboristerie.com\/it\/prodotto\/shampoo-doccia-solido-cedro-di-calabria-lerbolario\/#breadcrumb\"},\"inLanguage\":\"en-US\",\"potentialAction\":[{\"@type\":\"ReadAction\",\"target\":[\"https:\/\/www.erboristerie.com\/it\/prodotto\/shampoo-doccia-solido-cedro-di-calabria-lerbolario\/\"]}]},{\"@type\":\"ImageObject\",\"inLanguage\":\"en-US\",\"@id\":\"https:\/\/www.erboristerie.com\/it\/prodotto\/shampoo-doccia-solido-cedro-di-calabria-lerbolario\/#primaryimage\",\"url\":\"https:\/\/www.erboristerie.com\/wp-content\/uploads\/2022\/06\/00011085.png\",\"contentUrl\":\"https:\/\/www.erboristerie.com\/wp-content\/uploads\/2022\/06\/00011085.png\",\"width\":570,\"height\":570},{\"@type\":\"BreadcrumbList\",\"@id\":\"https:\/\/www.erboristerie.com\/it\/prodotto\/shampoo-doccia-solido-cedro-di-calabria-lerbolario\/#breadcrumb\",\"itemListElement\":[{\"@type\":\"ListItem\",\"position\":1,\"name\":\"Home\",\"item\":\"https:\/\/www.erboristerie.com\/en\/\"},{\"@type\":\"ListItem\",\"position\":2,\"name\":\"All products\",\"item\":\"https:\/\/www.erboristerie.com\/en\/all-products\/\"},{\"@type\":\"ListItem\",\"position\":3,\"name\":\"Shampoo Doccia Solido Cedro di Calabria &#8211; L&#8217;Erbolario\"}]},{\"@type\":\"WebSite\",\"@id\":\"https:\/\/www.erboristerie.com\/it\/#website\",\"url\":\"https:\/\/www.erboristerie.com\/it\/\",\"name\":\"Erboristeria Demetra\",\"description\":\"Your natural health\",\"publisher\":{\"@id\":\"https:\/\/www.erboristerie.com\/it\/#organization\"},\"potentialAction\":[{\"@type\":\"SearchAction\",\"target\":{\"@type\":\"EntryPoint\",\"urlTemplate\":\"https:\/\/www.erboristerie.com\/it\/?s={search_term_string}\"},\"query-input\":{\"@type\":\"PropertyValueSpecification\",\"valueRequired\":true,\"valueName\":\"search_term_string\"}}],\"inLanguage\":\"en-US\"},{\"@type\":\"Organization\",\"@id\":\"https:\/\/www.erboristerie.com\/it\/#organization\",\"name\":\"Erboristeria Demetra\",\"url\":\"https:\/\/www.erboristerie.com\/it\/\",\"logo\":{\"@type\":\"ImageObject\",\"inLanguage\":\"en-US\",\"@id\":\"https:\/\/www.erboristerie.com\/it\/#\/schema\/logo\/image\/\",\"url\":\"https:\/\/www.erboristerie.com\/wp-content\/uploads\/2019\/11\/LOGO_ERBORISTERIA_DEMETRA_original.png?v=1611516981\",\"contentUrl\":\"https:\/\/www.erboristerie.com\/wp-content\/uploads\/2019\/11\/LOGO_ERBORISTERIA_DEMETRA_original.png?v=1611516981\",\"width\":201,\"height\":54,\"caption\":\"Erboristeria Demetra\"},\"image\":{\"@id\":\"https:\/\/www.erboristerie.com\/it\/#\/schema\/logo\/image\/\"},\"sameAs\":[\"https:\/\/www.facebook.com\/erboristeria.demetra.online\"]}]}<\/script>\n<!-- \/ Yoast SEO plugin. -->","yoast_head_json":{"title":"Shampoo Doccia Solido Cedro di Calabria - L'Erbolario - Erboristeria Demetra","description":"lo Shampoo Doccia Solido pesa solo 60 g ed \u00e8 perfetto da portare con s\u00e9 in viaggio, ovunque si desideri la solarit\u00e0 del delizioso Cedro!","robots":{"index":"index","follow":"follow","max-snippet":"max-snippet:-1","max-image-preview":"max-image-preview:large","max-video-preview":"max-video-preview:-1"},"canonical":"https:\/\/www.erboristerie.com\/it\/prodotto\/shampoo-doccia-solido-cedro-di-calabria-lerbolario\/","og_locale":"en_US","og_type":"article","og_title":"Shampoo Doccia Solido Cedro di Calabria - L'Erbolario - Erboristeria Demetra","og_description":"lo Shampoo Doccia Solido pesa solo 60 g ed \u00e8 perfetto da portare con s\u00e9 in viaggio, ovunque si desideri la solarit\u00e0 del delizioso Cedro!","og_url":"https:\/\/www.erboristerie.com\/it\/prodotto\/shampoo-doccia-solido-cedro-di-calabria-lerbolario\/","og_site_name":"Erboristeria Demetra","article_publisher":"https:\/\/www.facebook.com\/erboristeria.demetra.online","article_modified_time":"2025-09-10T16:54:56+00:00","og_image":[{"width":570,"height":570,"url":"https:\/\/www.erboristerie.com\/wp-content\/uploads\/2022\/06\/00011085.png","type":"image\/png"}],"twitter_card":"summary_large_image","twitter_misc":{"Est. reading time":"1 minute"},"schema":{"@context":"https:\/\/schema.org","@graph":[{"@type":"WebPage","@id":"https:\/\/www.erboristerie.com\/it\/prodotto\/shampoo-doccia-solido-cedro-di-calabria-lerbolario\/","url":"https:\/\/www.erboristerie.com\/it\/prodotto\/shampoo-doccia-solido-cedro-di-calabria-lerbolario\/","name":"Shampoo Doccia Solido Cedro di Calabria - L'Erbolario - Erboristeria Demetra","isPartOf":{"@id":"https:\/\/www.erboristerie.com\/it\/#website"},"primaryImageOfPage":{"@id":"https:\/\/www.erboristerie.com\/it\/prodotto\/shampoo-doccia-solido-cedro-di-calabria-lerbolario\/#primaryimage"},"image":{"@id":"https:\/\/www.erboristerie.com\/it\/prodotto\/shampoo-doccia-solido-cedro-di-calabria-lerbolario\/#primaryimage"},"thumbnailUrl":"https:\/\/www.erboristerie.com\/wp-content\/uploads\/2022\/06\/00011085.png","datePublished":"2022-06-10T08:44:15+00:00","dateModified":"2025-09-10T16:54:56+00:00","description":"lo Shampoo Doccia Solido pesa solo 60 g ed \u00e8 perfetto da portare con s\u00e9 in viaggio, ovunque si desideri la solarit\u00e0 del delizioso Cedro!","breadcrumb":{"@id":"https:\/\/www.erboristerie.com\/it\/prodotto\/shampoo-doccia-solido-cedro-di-calabria-lerbolario\/#breadcrumb"},"inLanguage":"en-US","potentialAction":[{"@type":"ReadAction","target":["https:\/\/www.erboristerie.com\/it\/prodotto\/shampoo-doccia-solido-cedro-di-calabria-lerbolario\/"]}]},{"@type":"ImageObject","inLanguage":"en-US","@id":"https:\/\/www.erboristerie.com\/it\/prodotto\/shampoo-doccia-solido-cedro-di-calabria-lerbolario\/#primaryimage","url":"https:\/\/www.erboristerie.com\/wp-content\/uploads\/2022\/06\/00011085.png","contentUrl":"https:\/\/www.erboristerie.com\/wp-content\/uploads\/2022\/06\/00011085.png","width":570,"height":570},{"@type":"BreadcrumbList","@id":"https:\/\/www.erboristerie.com\/it\/prodotto\/shampoo-doccia-solido-cedro-di-calabria-lerbolario\/#breadcrumb","itemListElement":[{"@type":"ListItem","position":1,"name":"Home","item":"https:\/\/www.erboristerie.com\/en\/"},{"@type":"ListItem","position":2,"name":"All products","item":"https:\/\/www.erboristerie.com\/en\/all-products\/"},{"@type":"ListItem","position":3,"name":"Shampoo Doccia Solido Cedro di Calabria &#8211; L&#8217;Erbolario"}]},{"@type":"WebSite","@id":"https:\/\/www.erboristerie.com\/it\/#website","url":"https:\/\/www.erboristerie.com\/it\/","name":"Erboristeria Demetra","description":"Your natural health","publisher":{"@id":"https:\/\/www.erboristerie.com\/it\/#organization"},"potentialAction":[{"@type":"SearchAction","target":{"@type":"EntryPoint","urlTemplate":"https:\/\/www.erboristerie.com\/it\/?s={search_term_string}"},"query-input":{"@type":"PropertyValueSpecification","valueRequired":true,"valueName":"search_term_string"}}],"inLanguage":"en-US"},{"@type":"Organization","@id":"https:\/\/www.erboristerie.com\/it\/#organization","name":"Erboristeria Demetra","url":"https:\/\/www.erboristerie.com\/it\/","logo":{"@type":"ImageObject","inLanguage":"en-US","@id":"https:\/\/www.erboristerie.com\/it\/#\/schema\/logo\/image\/","url":"https:\/\/www.erboristerie.com\/wp-content\/uploads\/2019\/11\/LOGO_ERBORISTERIA_DEMETRA_original.png?v=1611516981","contentUrl":"https:\/\/www.erboristerie.com\/wp-content\/uploads\/2019\/11\/LOGO_ERBORISTERIA_DEMETRA_original.png?v=1611516981","width":201,"height":54,"caption":"Erboristeria Demetra"},"image":{"@id":"https:\/\/www.erboristerie.com\/it\/#\/schema\/logo\/image\/"},"sameAs":["https:\/\/www.facebook.com\/erboristeria.demetra.online"]}]}},"_links":{"self":[{"href":"https:\/\/www.erboristerie.com\/en\/wp-json\/wp\/v2\/product\/115760","targetHints":{"allow":["GET"]}}],"collection":[{"href":"https:\/\/www.erboristerie.com\/en\/wp-json\/wp\/v2\/product"}],"about":[{"href":"https:\/\/www.erboristerie.com\/en\/wp-json\/wp\/v2\/types\/product"}],"wp:featuredmedia":[{"embeddable":true,"href":"https:\/\/www.erboristerie.com\/en\/wp-json\/wp\/v2\/media\/115731"}],"wp:attachment":[{"href":"https:\/\/www.erboristerie.com\/en\/wp-json\/wp\/v2\/media?parent=115760"}],"wp:term":[{"taxonomy":"product_brand","embeddable":true,"href":"https:\/\/www.erboristerie.com\/en\/wp-json\/wp\/v2\/product_brand?post=115760"},{"taxonomy":"product_cat","embeddable":true,"href":"https:\/\/www.erboristerie.com\/en\/wp-json\/wp\/v2\/product_cat?post=115760"},{"taxonomy":"product_tag","embeddable":true,"href":"https:\/\/www.erboristerie.com\/en\/wp-json\/wp\/v2\/product_tag?post=115760"},{"taxonomy":"giftcard-category","embeddable":true,"href":"https:\/\/www.erboristerie.com\/en\/wp-json\/wp\/v2\/giftcard-category?post=115760"}],"curies":[{"name":"wp","href":"https:\/\/api.w.org\/{rel}","templated":true}]}}