{"id":115389,"date":"2022-05-10T15:59:03","date_gmt":"2022-05-10T13:59:03","guid":{"rendered":"https:\/\/www.erboristerie.com\/?post_type=product&#038;p=115389"},"modified":"2026-02-04T12:04:37","modified_gmt":"2026-02-04T11:04:37","slug":"enzimi-e-finocchio-24-capsule-vegetali-contro-gonfiore-addominale-meteorismo-senso-di-appesantimento-e-sonnolenza-post-prandiale","status":"publish","type":"product","link":"https:\/\/www.erboristerie.com\/en\/prodotto\/enzimi-e-finocchio-24-capsule-vegetali-contro-gonfiore-addominale-meteorismo-senso-di-appesantimento-e-sonnolenza-post-prandiale\/","title":{"rendered":"Enzimi e Finocchio 24 capsule vegetali contro gonfiore addominale, meteorismo, senso di appesantimento e sonnolenza post prandiale"},"content":{"rendered":"<p><strong>Enzimi e Finocchio 24 capsule vegetali- Erbamea<\/strong><\/p>\n<p>Erbamea ha formulato un integratore con un complesso enzimatico, ottenuto per fermentazione delle maltodestrine da Riso da parte del fungo Aspergyllus oryzae.<\/p>\n<p>In pi\u00f9, la formula di Enzimi \u00e8 arricchita dalla presenza di un estratto secco di semi di Finocchio, dalle note propriet\u00e0 carminative, utile per favorire l\u2019eliminazione di gonfiori e gas addominali e le fisiologiche funzioni digestive.<\/p>\n<p>Contiene un Complesso enzimatico (Amilasi, Proteasi, Glucosamilasi, Lipasi, Cellulasi, Lattasi, Pectinasi) da maltodestrine da Riso fermentate ed estratto secco di frutti di Finocchio.<\/p>\n<p><strong>Modo d\u2019uso:<\/strong><\/p>\n<p>assumere 1 capsula a pranzo e 1 a cena.<\/p>\n<p><strong>Ingredienti caratterizzanti &#8211; Valori medi per dose giornaliera consigliata pari a 2 capsule<\/strong><\/p>\n<p>Complesso enzimatico da Maltodestrine da Riso fermentate (Enzimi: Amilasi, Proteasi, Glucosamilasi, Lipasi, Cellulasi, Lattasi, Pectinasi) 140 mg<br \/>\nFinocchio frutti estr. secco (titolato allo 0,5% in olio essenziale) 300 mg, apporto di olio essenziale 1,5 mg<\/p>\n","protected":false},"excerpt":{"rendered":"<p>Enzimi e Finocchio 24 capsule vegetali- Erbamea Erbamea ha formulato un integratore con un complesso enzimatico, ottenuto per fermentazione delle maltodestrine da Riso da parte del fungo Aspergyllus oryzae. In pi\u00f9, la formula di Enzimi \u00e8 arricchita dalla presenza di un estratto secco di semi&#8230;<\/p>\n","protected":false},"featured_media":115390,"template":"","meta":{"_acf_changed":false},"product_brand":[9617],"product_cat":[9787,49560],"product_tag":[],"giftcard-category":[],"class_list":{"0":"post-115389","1":"product","2":"type-product","3":"status-publish","4":"has-post-thumbnail","6":"product_brand-erbamea","7":"product_cat-benessere-gastro-intestinale","8":"product_cat-singoli-in-pastiglie","10":"first","11":"instock","12":"sale","13":"taxable","14":"shipping-taxable","15":"purchasable","16":"product-type-simple"},"acf":[],"yoast_head":"<!-- This site is optimized with the Yoast SEO plugin v24.9 - https:\/\/yoast.com\/wordpress\/plugins\/seo\/ -->\n<title>Enzimi e Finocchio 24 capsule vegetali contro gonfiore addominale, meteorismo, senso di appesantimento e sonnolenza post prandiale - Erboristeria Demetra<\/title>\n<meta name=\"description\" content=\"Complesso enzimatico (Amilasi, Proteasi, Glucosamilasi, Lipasi, Cellulasi, Lattasi, Pectinasi) da maltodestrine da Riso con Finocchio.\" \/>\n<meta name=\"robots\" content=\"index, follow, max-snippet:-1, max-image-preview:large, max-video-preview:-1\" \/>\n<link rel=\"canonical\" href=\"https:\/\/www.erboristerie.com\/it\/prodotto\/enzimi-e-finocchio-24-capsule-vegetali-contro-gonfiore-addominale-meteorismo-senso-di-appesantimento-e-sonnolenza-post-prandiale\/\" \/>\n<meta property=\"og:locale\" content=\"en_US\" \/>\n<meta property=\"og:type\" content=\"article\" \/>\n<meta property=\"og:title\" content=\"Enzimi e Finocchio 24 capsule vegetali contro gonfiore addominale, meteorismo, senso di appesantimento e sonnolenza post prandiale - Erboristeria Demetra\" \/>\n<meta property=\"og:description\" content=\"Complesso enzimatico (Amilasi, Proteasi, Glucosamilasi, Lipasi, Cellulasi, Lattasi, Pectinasi) da maltodestrine da Riso con Finocchio.\" \/>\n<meta property=\"og:url\" content=\"https:\/\/www.erboristerie.com\/it\/prodotto\/enzimi-e-finocchio-24-capsule-vegetali-contro-gonfiore-addominale-meteorismo-senso-di-appesantimento-e-sonnolenza-post-prandiale\/\" \/>\n<meta property=\"og:site_name\" content=\"Erboristeria Demetra\" \/>\n<meta property=\"article:publisher\" content=\"https:\/\/www.facebook.com\/erboristeria.demetra.online\" \/>\n<meta property=\"article:modified_time\" content=\"2026-02-04T11:04:37+00:00\" \/>\n<meta property=\"og:image\" content=\"https:\/\/www.erboristerie.com\/wp-content\/uploads\/2022\/05\/00010405.jpg\" \/>\n\t<meta property=\"og:image:width\" content=\"830\" \/>\n\t<meta property=\"og:image:height\" content=\"438\" \/>\n\t<meta property=\"og:image:type\" content=\"image\/jpeg\" \/>\n<meta name=\"twitter:card\" content=\"summary_large_image\" \/>\n<meta name=\"twitter:label1\" content=\"Est. reading time\" \/>\n\t<meta name=\"twitter:data1\" content=\"1 minute\" \/>\n<script type=\"application\/ld+json\" class=\"yoast-schema-graph\">{\"@context\":\"https:\/\/schema.org\",\"@graph\":[{\"@type\":\"WebPage\",\"@id\":\"https:\/\/www.erboristerie.com\/it\/prodotto\/enzimi-e-finocchio-24-capsule-vegetali-contro-gonfiore-addominale-meteorismo-senso-di-appesantimento-e-sonnolenza-post-prandiale\/\",\"url\":\"https:\/\/www.erboristerie.com\/it\/prodotto\/enzimi-e-finocchio-24-capsule-vegetali-contro-gonfiore-addominale-meteorismo-senso-di-appesantimento-e-sonnolenza-post-prandiale\/\",\"name\":\"Enzimi e Finocchio 24 capsule vegetali contro gonfiore addominale, meteorismo, senso di appesantimento e sonnolenza post prandiale - Erboristeria Demetra\",\"isPartOf\":{\"@id\":\"https:\/\/www.erboristerie.com\/it\/#website\"},\"primaryImageOfPage\":{\"@id\":\"https:\/\/www.erboristerie.com\/it\/prodotto\/enzimi-e-finocchio-24-capsule-vegetali-contro-gonfiore-addominale-meteorismo-senso-di-appesantimento-e-sonnolenza-post-prandiale\/#primaryimage\"},\"image\":{\"@id\":\"https:\/\/www.erboristerie.com\/it\/prodotto\/enzimi-e-finocchio-24-capsule-vegetali-contro-gonfiore-addominale-meteorismo-senso-di-appesantimento-e-sonnolenza-post-prandiale\/#primaryimage\"},\"thumbnailUrl\":\"https:\/\/www.erboristerie.com\/wp-content\/uploads\/2022\/05\/00010405.jpg\",\"datePublished\":\"2022-05-10T13:59:03+00:00\",\"dateModified\":\"2026-02-04T11:04:37+00:00\",\"description\":\"Complesso enzimatico (Amilasi, Proteasi, Glucosamilasi, Lipasi, Cellulasi, Lattasi, Pectinasi) da maltodestrine da Riso con Finocchio.\",\"breadcrumb\":{\"@id\":\"https:\/\/www.erboristerie.com\/it\/prodotto\/enzimi-e-finocchio-24-capsule-vegetali-contro-gonfiore-addominale-meteorismo-senso-di-appesantimento-e-sonnolenza-post-prandiale\/#breadcrumb\"},\"inLanguage\":\"en-US\",\"potentialAction\":[{\"@type\":\"ReadAction\",\"target\":[\"https:\/\/www.erboristerie.com\/it\/prodotto\/enzimi-e-finocchio-24-capsule-vegetali-contro-gonfiore-addominale-meteorismo-senso-di-appesantimento-e-sonnolenza-post-prandiale\/\"]}]},{\"@type\":\"ImageObject\",\"inLanguage\":\"en-US\",\"@id\":\"https:\/\/www.erboristerie.com\/it\/prodotto\/enzimi-e-finocchio-24-capsule-vegetali-contro-gonfiore-addominale-meteorismo-senso-di-appesantimento-e-sonnolenza-post-prandiale\/#primaryimage\",\"url\":\"https:\/\/www.erboristerie.com\/wp-content\/uploads\/2022\/05\/00010405.jpg\",\"contentUrl\":\"https:\/\/www.erboristerie.com\/wp-content\/uploads\/2022\/05\/00010405.jpg\",\"width\":830,\"height\":438},{\"@type\":\"BreadcrumbList\",\"@id\":\"https:\/\/www.erboristerie.com\/it\/prodotto\/enzimi-e-finocchio-24-capsule-vegetali-contro-gonfiore-addominale-meteorismo-senso-di-appesantimento-e-sonnolenza-post-prandiale\/#breadcrumb\",\"itemListElement\":[{\"@type\":\"ListItem\",\"position\":1,\"name\":\"Home\",\"item\":\"https:\/\/www.erboristerie.com\/en\/\"},{\"@type\":\"ListItem\",\"position\":2,\"name\":\"All products\",\"item\":\"https:\/\/www.erboristerie.com\/en\/all-products\/\"},{\"@type\":\"ListItem\",\"position\":3,\"name\":\"Enzimi e Finocchio 24 capsule vegetali contro gonfiore addominale, meteorismo, senso di appesantimento e sonnolenza post prandiale\"}]},{\"@type\":\"WebSite\",\"@id\":\"https:\/\/www.erboristerie.com\/it\/#website\",\"url\":\"https:\/\/www.erboristerie.com\/it\/\",\"name\":\"Erboristeria Demetra\",\"description\":\"Your natural health\",\"publisher\":{\"@id\":\"https:\/\/www.erboristerie.com\/it\/#organization\"},\"potentialAction\":[{\"@type\":\"SearchAction\",\"target\":{\"@type\":\"EntryPoint\",\"urlTemplate\":\"https:\/\/www.erboristerie.com\/it\/?s={search_term_string}\"},\"query-input\":{\"@type\":\"PropertyValueSpecification\",\"valueRequired\":true,\"valueName\":\"search_term_string\"}}],\"inLanguage\":\"en-US\"},{\"@type\":\"Organization\",\"@id\":\"https:\/\/www.erboristerie.com\/it\/#organization\",\"name\":\"Erboristeria Demetra\",\"url\":\"https:\/\/www.erboristerie.com\/it\/\",\"logo\":{\"@type\":\"ImageObject\",\"inLanguage\":\"en-US\",\"@id\":\"https:\/\/www.erboristerie.com\/it\/#\/schema\/logo\/image\/\",\"url\":\"https:\/\/www.erboristerie.com\/wp-content\/uploads\/2019\/11\/LOGO_ERBORISTERIA_DEMETRA_original.png?v=1611516981\",\"contentUrl\":\"https:\/\/www.erboristerie.com\/wp-content\/uploads\/2019\/11\/LOGO_ERBORISTERIA_DEMETRA_original.png?v=1611516981\",\"width\":201,\"height\":54,\"caption\":\"Erboristeria Demetra\"},\"image\":{\"@id\":\"https:\/\/www.erboristerie.com\/it\/#\/schema\/logo\/image\/\"},\"sameAs\":[\"https:\/\/www.facebook.com\/erboristeria.demetra.online\"]}]}<\/script>\n<!-- \/ Yoast SEO plugin. -->","yoast_head_json":{"title":"Enzimi e Finocchio 24 capsule vegetali contro gonfiore addominale, meteorismo, senso di appesantimento e sonnolenza post prandiale - Erboristeria Demetra","description":"Complesso enzimatico (Amilasi, Proteasi, Glucosamilasi, Lipasi, Cellulasi, Lattasi, Pectinasi) da maltodestrine da Riso con Finocchio.","robots":{"index":"index","follow":"follow","max-snippet":"max-snippet:-1","max-image-preview":"max-image-preview:large","max-video-preview":"max-video-preview:-1"},"canonical":"https:\/\/www.erboristerie.com\/it\/prodotto\/enzimi-e-finocchio-24-capsule-vegetali-contro-gonfiore-addominale-meteorismo-senso-di-appesantimento-e-sonnolenza-post-prandiale\/","og_locale":"en_US","og_type":"article","og_title":"Enzimi e Finocchio 24 capsule vegetali contro gonfiore addominale, meteorismo, senso di appesantimento e sonnolenza post prandiale - Erboristeria Demetra","og_description":"Complesso enzimatico (Amilasi, Proteasi, Glucosamilasi, Lipasi, Cellulasi, Lattasi, Pectinasi) da maltodestrine da Riso con Finocchio.","og_url":"https:\/\/www.erboristerie.com\/it\/prodotto\/enzimi-e-finocchio-24-capsule-vegetali-contro-gonfiore-addominale-meteorismo-senso-di-appesantimento-e-sonnolenza-post-prandiale\/","og_site_name":"Erboristeria Demetra","article_publisher":"https:\/\/www.facebook.com\/erboristeria.demetra.online","article_modified_time":"2026-02-04T11:04:37+00:00","og_image":[{"width":830,"height":438,"url":"https:\/\/www.erboristerie.com\/wp-content\/uploads\/2022\/05\/00010405.jpg","type":"image\/jpeg"}],"twitter_card":"summary_large_image","twitter_misc":{"Est. reading time":"1 minute"},"schema":{"@context":"https:\/\/schema.org","@graph":[{"@type":"WebPage","@id":"https:\/\/www.erboristerie.com\/it\/prodotto\/enzimi-e-finocchio-24-capsule-vegetali-contro-gonfiore-addominale-meteorismo-senso-di-appesantimento-e-sonnolenza-post-prandiale\/","url":"https:\/\/www.erboristerie.com\/it\/prodotto\/enzimi-e-finocchio-24-capsule-vegetali-contro-gonfiore-addominale-meteorismo-senso-di-appesantimento-e-sonnolenza-post-prandiale\/","name":"Enzimi e Finocchio 24 capsule vegetali contro gonfiore addominale, meteorismo, senso di appesantimento e sonnolenza post prandiale - Erboristeria Demetra","isPartOf":{"@id":"https:\/\/www.erboristerie.com\/it\/#website"},"primaryImageOfPage":{"@id":"https:\/\/www.erboristerie.com\/it\/prodotto\/enzimi-e-finocchio-24-capsule-vegetali-contro-gonfiore-addominale-meteorismo-senso-di-appesantimento-e-sonnolenza-post-prandiale\/#primaryimage"},"image":{"@id":"https:\/\/www.erboristerie.com\/it\/prodotto\/enzimi-e-finocchio-24-capsule-vegetali-contro-gonfiore-addominale-meteorismo-senso-di-appesantimento-e-sonnolenza-post-prandiale\/#primaryimage"},"thumbnailUrl":"https:\/\/www.erboristerie.com\/wp-content\/uploads\/2022\/05\/00010405.jpg","datePublished":"2022-05-10T13:59:03+00:00","dateModified":"2026-02-04T11:04:37+00:00","description":"Complesso enzimatico (Amilasi, Proteasi, Glucosamilasi, Lipasi, Cellulasi, Lattasi, Pectinasi) da maltodestrine da Riso con Finocchio.","breadcrumb":{"@id":"https:\/\/www.erboristerie.com\/it\/prodotto\/enzimi-e-finocchio-24-capsule-vegetali-contro-gonfiore-addominale-meteorismo-senso-di-appesantimento-e-sonnolenza-post-prandiale\/#breadcrumb"},"inLanguage":"en-US","potentialAction":[{"@type":"ReadAction","target":["https:\/\/www.erboristerie.com\/it\/prodotto\/enzimi-e-finocchio-24-capsule-vegetali-contro-gonfiore-addominale-meteorismo-senso-di-appesantimento-e-sonnolenza-post-prandiale\/"]}]},{"@type":"ImageObject","inLanguage":"en-US","@id":"https:\/\/www.erboristerie.com\/it\/prodotto\/enzimi-e-finocchio-24-capsule-vegetali-contro-gonfiore-addominale-meteorismo-senso-di-appesantimento-e-sonnolenza-post-prandiale\/#primaryimage","url":"https:\/\/www.erboristerie.com\/wp-content\/uploads\/2022\/05\/00010405.jpg","contentUrl":"https:\/\/www.erboristerie.com\/wp-content\/uploads\/2022\/05\/00010405.jpg","width":830,"height":438},{"@type":"BreadcrumbList","@id":"https:\/\/www.erboristerie.com\/it\/prodotto\/enzimi-e-finocchio-24-capsule-vegetali-contro-gonfiore-addominale-meteorismo-senso-di-appesantimento-e-sonnolenza-post-prandiale\/#breadcrumb","itemListElement":[{"@type":"ListItem","position":1,"name":"Home","item":"https:\/\/www.erboristerie.com\/en\/"},{"@type":"ListItem","position":2,"name":"All products","item":"https:\/\/www.erboristerie.com\/en\/all-products\/"},{"@type":"ListItem","position":3,"name":"Enzimi e Finocchio 24 capsule vegetali contro gonfiore addominale, meteorismo, senso di appesantimento e sonnolenza post prandiale"}]},{"@type":"WebSite","@id":"https:\/\/www.erboristerie.com\/it\/#website","url":"https:\/\/www.erboristerie.com\/it\/","name":"Erboristeria Demetra","description":"Your natural health","publisher":{"@id":"https:\/\/www.erboristerie.com\/it\/#organization"},"potentialAction":[{"@type":"SearchAction","target":{"@type":"EntryPoint","urlTemplate":"https:\/\/www.erboristerie.com\/it\/?s={search_term_string}"},"query-input":{"@type":"PropertyValueSpecification","valueRequired":true,"valueName":"search_term_string"}}],"inLanguage":"en-US"},{"@type":"Organization","@id":"https:\/\/www.erboristerie.com\/it\/#organization","name":"Erboristeria Demetra","url":"https:\/\/www.erboristerie.com\/it\/","logo":{"@type":"ImageObject","inLanguage":"en-US","@id":"https:\/\/www.erboristerie.com\/it\/#\/schema\/logo\/image\/","url":"https:\/\/www.erboristerie.com\/wp-content\/uploads\/2019\/11\/LOGO_ERBORISTERIA_DEMETRA_original.png?v=1611516981","contentUrl":"https:\/\/www.erboristerie.com\/wp-content\/uploads\/2019\/11\/LOGO_ERBORISTERIA_DEMETRA_original.png?v=1611516981","width":201,"height":54,"caption":"Erboristeria Demetra"},"image":{"@id":"https:\/\/www.erboristerie.com\/it\/#\/schema\/logo\/image\/"},"sameAs":["https:\/\/www.facebook.com\/erboristeria.demetra.online"]}]}},"_links":{"self":[{"href":"https:\/\/www.erboristerie.com\/en\/wp-json\/wp\/v2\/product\/115389","targetHints":{"allow":["GET"]}}],"collection":[{"href":"https:\/\/www.erboristerie.com\/en\/wp-json\/wp\/v2\/product"}],"about":[{"href":"https:\/\/www.erboristerie.com\/en\/wp-json\/wp\/v2\/types\/product"}],"wp:featuredmedia":[{"embeddable":true,"href":"https:\/\/www.erboristerie.com\/en\/wp-json\/wp\/v2\/media\/115390"}],"wp:attachment":[{"href":"https:\/\/www.erboristerie.com\/en\/wp-json\/wp\/v2\/media?parent=115389"}],"wp:term":[{"taxonomy":"product_brand","embeddable":true,"href":"https:\/\/www.erboristerie.com\/en\/wp-json\/wp\/v2\/product_brand?post=115389"},{"taxonomy":"product_cat","embeddable":true,"href":"https:\/\/www.erboristerie.com\/en\/wp-json\/wp\/v2\/product_cat?post=115389"},{"taxonomy":"product_tag","embeddable":true,"href":"https:\/\/www.erboristerie.com\/en\/wp-json\/wp\/v2\/product_tag?post=115389"},{"taxonomy":"giftcard-category","embeddable":true,"href":"https:\/\/www.erboristerie.com\/en\/wp-json\/wp\/v2\/giftcard-category?post=115389"}],"curies":[{"name":"wp","href":"https:\/\/api.w.org\/{rel}","templated":true}]}}