{"id":114934,"date":"2022-03-26T12:08:57","date_gmt":"2022-03-26T11:08:57","guid":{"rendered":"https:\/\/www.erboristerie.com\/?post_type=product&#038;p=114934"},"modified":"2025-09-10T18:54:05","modified_gmt":"2025-09-10T16:54:05","slug":"bagnoschiuma-addolcente-idratante-altea-250ml-lerbolario","status":"publish","type":"product","link":"https:\/\/www.erboristerie.com\/en\/prodotto\/bagnoschiuma-addolcente-idratante-altea-250ml-lerbolario\/","title":{"rendered":"Bagnoschiuma Addolcente Idratante Altea 250ml L&#8217;Erbolario"},"content":{"rendered":"<p><strong>Bagnoschiuma Addolcente Idratante Altea 250ml &#8211; L&#8217;Erbolario<\/strong><\/p>\n<p>\u00c8 famosa nel mondo fitoterapico per le sue propriet\u00e0 emollienti e addolcenti.<\/p>\n<p>E come se non bastasse \u00e8 anche bellissima.<\/p>\n<p>Altea \u00e8 la protagonista di questo delicato Bagnoschiuma cha lascia la pelle fresca e idratata.<\/p>\n<p>In formula anche i preziosi estratti di fiori d\u2019Arancio e foglie e rametti di Limone.<\/p>\n<p><strong>Fragranza<\/strong>: agrumata, fiorita<\/p>\n<p>Packaging esterno in carta FSC\u00ae<br \/>\n100% Made in Italy<br \/>\n7 Metalli testati<br \/>\nDermatologicamente Testato<br \/>\nLAV &#8211; Dalla parte degli animali<br \/>\nSenza ingredienti di derivazione animale<br \/>\n12 MPaO (Period after Opening &#8211; periodo dopo l\u2019apertura)<\/p>\n<p><strong>Senza siliconi, parabeni, tensioattivi solfati e petrolati<\/strong><br \/>\n97% ingredienti di origine naturale<br \/>\nLa restante percentuale di ingredienti garantisce stabilit\u00e0 e gradevolezza del prodotto.<\/p>\n<p>Prodotto riciclabile al 100%.<\/p>\n","protected":false},"excerpt":{"rendered":"<p>Bagnoschiuma Addolcente Idratante Altea 250ml &#8211; L&#8217;Erbolario \u00c8 famosa nel mondo fitoterapico per le sue propriet\u00e0 emollienti e addolcenti. E come se non bastasse \u00e8 anche bellissima. Altea \u00e8 la protagonista di questo delicato Bagnoschiuma cha lascia la pelle fresca e idratata. In formula anche&#8230;<\/p>\n","protected":false},"featured_media":114924,"template":"","meta":{"_acf_changed":false},"product_brand":[9603],"product_cat":[46214,45044],"product_tag":[],"giftcard-category":[],"class_list":{"0":"post-114934","1":"product","2":"type-product","3":"status-publish","4":"has-post-thumbnail","6":"product_brand-erbolario","7":"product_cat-altea","8":"product_cat-detergenza","9":"pa_formato-250-ml","10":"pa_linea-profumazione-altea","11":"pa_marca-lerbolario","12":"pa_tipologia-bagnoschiuma","14":"first","15":"instock","16":"sale","17":"taxable","18":"shipping-taxable","19":"purchasable","20":"product-type-simple"},"acf":[],"yoast_head":"<!-- This site is optimized with the Yoast SEO plugin v24.9 - https:\/\/yoast.com\/wordpress\/plugins\/seo\/ -->\n<title>Bagnoschiuma Addolcente Idratante Altea 250ml L&#039;Erbolario - Erboristeria Demetra<\/title>\n<meta name=\"description\" content=\"Estratto di Altea, estratto di fiori d\u2019Arancio, estratto di foglie e rametti di Limone, aminoacidi tensioattivati da Canna e Barbabietola da Zucchero.\" \/>\n<meta name=\"robots\" content=\"index, follow, max-snippet:-1, max-image-preview:large, max-video-preview:-1\" \/>\n<link rel=\"canonical\" href=\"https:\/\/www.erboristerie.com\/it\/prodotto\/bagnoschiuma-addolcente-idratante-altea-250ml-lerbolario\/\" \/>\n<meta property=\"og:locale\" content=\"en_US\" \/>\n<meta property=\"og:type\" content=\"article\" \/>\n<meta property=\"og:title\" content=\"Bagnoschiuma Addolcente Idratante Altea 250ml L&#039;Erbolario - Erboristeria Demetra\" \/>\n<meta property=\"og:description\" content=\"Estratto di Altea, estratto di fiori d\u2019Arancio, estratto di foglie e rametti di Limone, aminoacidi tensioattivati da Canna e Barbabietola da Zucchero.\" \/>\n<meta property=\"og:url\" content=\"https:\/\/www.erboristerie.com\/it\/prodotto\/bagnoschiuma-addolcente-idratante-altea-250ml-lerbolario\/\" \/>\n<meta property=\"og:site_name\" content=\"Erboristeria Demetra\" \/>\n<meta property=\"article:publisher\" content=\"https:\/\/www.facebook.com\/erboristeria.demetra.online\" \/>\n<meta property=\"article:modified_time\" content=\"2025-09-10T16:54:05+00:00\" \/>\n<meta property=\"og:image\" content=\"https:\/\/www.erboristerie.com\/wp-content\/uploads\/2022\/03\/00011058.jpg\" \/>\n\t<meta property=\"og:image:width\" content=\"600\" \/>\n\t<meta property=\"og:image:height\" content=\"600\" \/>\n\t<meta property=\"og:image:type\" content=\"image\/jpeg\" \/>\n<meta name=\"twitter:card\" content=\"summary_large_image\" \/>\n<meta name=\"twitter:label1\" content=\"Est. reading time\" \/>\n\t<meta name=\"twitter:data1\" content=\"1 minute\" \/>\n<script type=\"application\/ld+json\" class=\"yoast-schema-graph\">{\"@context\":\"https:\/\/schema.org\",\"@graph\":[{\"@type\":\"WebPage\",\"@id\":\"https:\/\/www.erboristerie.com\/it\/prodotto\/bagnoschiuma-addolcente-idratante-altea-250ml-lerbolario\/\",\"url\":\"https:\/\/www.erboristerie.com\/it\/prodotto\/bagnoschiuma-addolcente-idratante-altea-250ml-lerbolario\/\",\"name\":\"Bagnoschiuma Addolcente Idratante Altea 250ml L'Erbolario - Erboristeria Demetra\",\"isPartOf\":{\"@id\":\"https:\/\/www.erboristerie.com\/it\/#website\"},\"primaryImageOfPage\":{\"@id\":\"https:\/\/www.erboristerie.com\/it\/prodotto\/bagnoschiuma-addolcente-idratante-altea-250ml-lerbolario\/#primaryimage\"},\"image\":{\"@id\":\"https:\/\/www.erboristerie.com\/it\/prodotto\/bagnoschiuma-addolcente-idratante-altea-250ml-lerbolario\/#primaryimage\"},\"thumbnailUrl\":\"https:\/\/www.erboristerie.com\/wp-content\/uploads\/2022\/03\/00011058.jpg\",\"datePublished\":\"2022-03-26T11:08:57+00:00\",\"dateModified\":\"2025-09-10T16:54:05+00:00\",\"description\":\"Estratto di Altea, estratto di fiori d\u2019Arancio, estratto di foglie e rametti di Limone, aminoacidi tensioattivati da Canna e Barbabietola da Zucchero.\",\"breadcrumb\":{\"@id\":\"https:\/\/www.erboristerie.com\/it\/prodotto\/bagnoschiuma-addolcente-idratante-altea-250ml-lerbolario\/#breadcrumb\"},\"inLanguage\":\"en-US\",\"potentialAction\":[{\"@type\":\"ReadAction\",\"target\":[\"https:\/\/www.erboristerie.com\/it\/prodotto\/bagnoschiuma-addolcente-idratante-altea-250ml-lerbolario\/\"]}]},{\"@type\":\"ImageObject\",\"inLanguage\":\"en-US\",\"@id\":\"https:\/\/www.erboristerie.com\/it\/prodotto\/bagnoschiuma-addolcente-idratante-altea-250ml-lerbolario\/#primaryimage\",\"url\":\"https:\/\/www.erboristerie.com\/wp-content\/uploads\/2022\/03\/00011058.jpg\",\"contentUrl\":\"https:\/\/www.erboristerie.com\/wp-content\/uploads\/2022\/03\/00011058.jpg\",\"width\":600,\"height\":600},{\"@type\":\"BreadcrumbList\",\"@id\":\"https:\/\/www.erboristerie.com\/it\/prodotto\/bagnoschiuma-addolcente-idratante-altea-250ml-lerbolario\/#breadcrumb\",\"itemListElement\":[{\"@type\":\"ListItem\",\"position\":1,\"name\":\"Home\",\"item\":\"https:\/\/www.erboristerie.com\/en\/\"},{\"@type\":\"ListItem\",\"position\":2,\"name\":\"All products\",\"item\":\"https:\/\/www.erboristerie.com\/en\/all-products\/\"},{\"@type\":\"ListItem\",\"position\":3,\"name\":\"Bagnoschiuma Addolcente Idratante Altea 250ml L&#8217;Erbolario\"}]},{\"@type\":\"WebSite\",\"@id\":\"https:\/\/www.erboristerie.com\/it\/#website\",\"url\":\"https:\/\/www.erboristerie.com\/it\/\",\"name\":\"Erboristeria Demetra\",\"description\":\"Your natural health\",\"publisher\":{\"@id\":\"https:\/\/www.erboristerie.com\/it\/#organization\"},\"potentialAction\":[{\"@type\":\"SearchAction\",\"target\":{\"@type\":\"EntryPoint\",\"urlTemplate\":\"https:\/\/www.erboristerie.com\/it\/?s={search_term_string}\"},\"query-input\":{\"@type\":\"PropertyValueSpecification\",\"valueRequired\":true,\"valueName\":\"search_term_string\"}}],\"inLanguage\":\"en-US\"},{\"@type\":\"Organization\",\"@id\":\"https:\/\/www.erboristerie.com\/it\/#organization\",\"name\":\"Erboristeria Demetra\",\"url\":\"https:\/\/www.erboristerie.com\/it\/\",\"logo\":{\"@type\":\"ImageObject\",\"inLanguage\":\"en-US\",\"@id\":\"https:\/\/www.erboristerie.com\/it\/#\/schema\/logo\/image\/\",\"url\":\"https:\/\/www.erboristerie.com\/wp-content\/uploads\/2019\/11\/LOGO_ERBORISTERIA_DEMETRA_original.png?v=1611516981\",\"contentUrl\":\"https:\/\/www.erboristerie.com\/wp-content\/uploads\/2019\/11\/LOGO_ERBORISTERIA_DEMETRA_original.png?v=1611516981\",\"width\":201,\"height\":54,\"caption\":\"Erboristeria Demetra\"},\"image\":{\"@id\":\"https:\/\/www.erboristerie.com\/it\/#\/schema\/logo\/image\/\"},\"sameAs\":[\"https:\/\/www.facebook.com\/erboristeria.demetra.online\"]}]}<\/script>\n<!-- \/ Yoast SEO plugin. -->","yoast_head_json":{"title":"Bagnoschiuma Addolcente Idratante Altea 250ml L'Erbolario - Erboristeria Demetra","description":"Estratto di Altea, estratto di fiori d\u2019Arancio, estratto di foglie e rametti di Limone, aminoacidi tensioattivati da Canna e Barbabietola da Zucchero.","robots":{"index":"index","follow":"follow","max-snippet":"max-snippet:-1","max-image-preview":"max-image-preview:large","max-video-preview":"max-video-preview:-1"},"canonical":"https:\/\/www.erboristerie.com\/it\/prodotto\/bagnoschiuma-addolcente-idratante-altea-250ml-lerbolario\/","og_locale":"en_US","og_type":"article","og_title":"Bagnoschiuma Addolcente Idratante Altea 250ml L'Erbolario - Erboristeria Demetra","og_description":"Estratto di Altea, estratto di fiori d\u2019Arancio, estratto di foglie e rametti di Limone, aminoacidi tensioattivati da Canna e Barbabietola da Zucchero.","og_url":"https:\/\/www.erboristerie.com\/it\/prodotto\/bagnoschiuma-addolcente-idratante-altea-250ml-lerbolario\/","og_site_name":"Erboristeria Demetra","article_publisher":"https:\/\/www.facebook.com\/erboristeria.demetra.online","article_modified_time":"2025-09-10T16:54:05+00:00","og_image":[{"width":600,"height":600,"url":"https:\/\/www.erboristerie.com\/wp-content\/uploads\/2022\/03\/00011058.jpg","type":"image\/jpeg"}],"twitter_card":"summary_large_image","twitter_misc":{"Est. reading time":"1 minute"},"schema":{"@context":"https:\/\/schema.org","@graph":[{"@type":"WebPage","@id":"https:\/\/www.erboristerie.com\/it\/prodotto\/bagnoschiuma-addolcente-idratante-altea-250ml-lerbolario\/","url":"https:\/\/www.erboristerie.com\/it\/prodotto\/bagnoschiuma-addolcente-idratante-altea-250ml-lerbolario\/","name":"Bagnoschiuma Addolcente Idratante Altea 250ml L'Erbolario - Erboristeria Demetra","isPartOf":{"@id":"https:\/\/www.erboristerie.com\/it\/#website"},"primaryImageOfPage":{"@id":"https:\/\/www.erboristerie.com\/it\/prodotto\/bagnoschiuma-addolcente-idratante-altea-250ml-lerbolario\/#primaryimage"},"image":{"@id":"https:\/\/www.erboristerie.com\/it\/prodotto\/bagnoschiuma-addolcente-idratante-altea-250ml-lerbolario\/#primaryimage"},"thumbnailUrl":"https:\/\/www.erboristerie.com\/wp-content\/uploads\/2022\/03\/00011058.jpg","datePublished":"2022-03-26T11:08:57+00:00","dateModified":"2025-09-10T16:54:05+00:00","description":"Estratto di Altea, estratto di fiori d\u2019Arancio, estratto di foglie e rametti di Limone, aminoacidi tensioattivati da Canna e Barbabietola da Zucchero.","breadcrumb":{"@id":"https:\/\/www.erboristerie.com\/it\/prodotto\/bagnoschiuma-addolcente-idratante-altea-250ml-lerbolario\/#breadcrumb"},"inLanguage":"en-US","potentialAction":[{"@type":"ReadAction","target":["https:\/\/www.erboristerie.com\/it\/prodotto\/bagnoschiuma-addolcente-idratante-altea-250ml-lerbolario\/"]}]},{"@type":"ImageObject","inLanguage":"en-US","@id":"https:\/\/www.erboristerie.com\/it\/prodotto\/bagnoschiuma-addolcente-idratante-altea-250ml-lerbolario\/#primaryimage","url":"https:\/\/www.erboristerie.com\/wp-content\/uploads\/2022\/03\/00011058.jpg","contentUrl":"https:\/\/www.erboristerie.com\/wp-content\/uploads\/2022\/03\/00011058.jpg","width":600,"height":600},{"@type":"BreadcrumbList","@id":"https:\/\/www.erboristerie.com\/it\/prodotto\/bagnoschiuma-addolcente-idratante-altea-250ml-lerbolario\/#breadcrumb","itemListElement":[{"@type":"ListItem","position":1,"name":"Home","item":"https:\/\/www.erboristerie.com\/en\/"},{"@type":"ListItem","position":2,"name":"All products","item":"https:\/\/www.erboristerie.com\/en\/all-products\/"},{"@type":"ListItem","position":3,"name":"Bagnoschiuma Addolcente Idratante Altea 250ml L&#8217;Erbolario"}]},{"@type":"WebSite","@id":"https:\/\/www.erboristerie.com\/it\/#website","url":"https:\/\/www.erboristerie.com\/it\/","name":"Erboristeria Demetra","description":"Your natural health","publisher":{"@id":"https:\/\/www.erboristerie.com\/it\/#organization"},"potentialAction":[{"@type":"SearchAction","target":{"@type":"EntryPoint","urlTemplate":"https:\/\/www.erboristerie.com\/it\/?s={search_term_string}"},"query-input":{"@type":"PropertyValueSpecification","valueRequired":true,"valueName":"search_term_string"}}],"inLanguage":"en-US"},{"@type":"Organization","@id":"https:\/\/www.erboristerie.com\/it\/#organization","name":"Erboristeria Demetra","url":"https:\/\/www.erboristerie.com\/it\/","logo":{"@type":"ImageObject","inLanguage":"en-US","@id":"https:\/\/www.erboristerie.com\/it\/#\/schema\/logo\/image\/","url":"https:\/\/www.erboristerie.com\/wp-content\/uploads\/2019\/11\/LOGO_ERBORISTERIA_DEMETRA_original.png?v=1611516981","contentUrl":"https:\/\/www.erboristerie.com\/wp-content\/uploads\/2019\/11\/LOGO_ERBORISTERIA_DEMETRA_original.png?v=1611516981","width":201,"height":54,"caption":"Erboristeria Demetra"},"image":{"@id":"https:\/\/www.erboristerie.com\/it\/#\/schema\/logo\/image\/"},"sameAs":["https:\/\/www.facebook.com\/erboristeria.demetra.online"]}]}},"_links":{"self":[{"href":"https:\/\/www.erboristerie.com\/en\/wp-json\/wp\/v2\/product\/114934","targetHints":{"allow":["GET"]}}],"collection":[{"href":"https:\/\/www.erboristerie.com\/en\/wp-json\/wp\/v2\/product"}],"about":[{"href":"https:\/\/www.erboristerie.com\/en\/wp-json\/wp\/v2\/types\/product"}],"wp:featuredmedia":[{"embeddable":true,"href":"https:\/\/www.erboristerie.com\/en\/wp-json\/wp\/v2\/media\/114924"}],"wp:attachment":[{"href":"https:\/\/www.erboristerie.com\/en\/wp-json\/wp\/v2\/media?parent=114934"}],"wp:term":[{"taxonomy":"product_brand","embeddable":true,"href":"https:\/\/www.erboristerie.com\/en\/wp-json\/wp\/v2\/product_brand?post=114934"},{"taxonomy":"product_cat","embeddable":true,"href":"https:\/\/www.erboristerie.com\/en\/wp-json\/wp\/v2\/product_cat?post=114934"},{"taxonomy":"product_tag","embeddable":true,"href":"https:\/\/www.erboristerie.com\/en\/wp-json\/wp\/v2\/product_tag?post=114934"},{"taxonomy":"giftcard-category","embeddable":true,"href":"https:\/\/www.erboristerie.com\/en\/wp-json\/wp\/v2\/giftcard-category?post=114934"}],"curies":[{"name":"wp","href":"https:\/\/api.w.org\/{rel}","templated":true}]}}