{"id":114051,"date":"2022-01-22T18:22:23","date_gmt":"2022-01-22T17:22:23","guid":{"rendered":"https:\/\/www.erboristerie.com\/?post_type=product&#038;p=114051"},"modified":"2025-04-04T09:58:16","modified_gmt":"2025-04-04T07:58:16","slug":"frullino-per-preparazione-te-matcha","status":"publish","type":"product","link":"https:\/\/www.erboristerie.com\/en\/prodotto\/frullino-per-preparazione-te-matcha\/","title":{"rendered":"Frullino per preparazione t\u00e8 Matcha"},"content":{"rendered":"<p><strong>Il frullino per t\u00e8 Matcha \u00e8 chiamato anche Frustino per T\u00e8 matcha<\/strong><\/p>\n<p>Si tratta di un indispensabile accessorio per poter preparare adeguatamente il T\u00e8 Matcha e poterlo cos\u00ec assaporare al meglio<\/p>\n<p><strong>T\u00e8 Matcha<\/strong><\/p>\n<p>Pregiato t\u00e8 verde polverizzato, dal colore verde brillante e altamente vitaminico.<\/p>\n<p>La polvere finissima viene sciolta con uno speciale frullino in bamboo all\u2019interno di una coppa con acqua a 80\u00b0 circa.<\/p>\n<p>Aroma fresco e penetrante e gusto marcato<\/p>\n<p><strong>Tempo di infusione: 2 min.<\/strong><\/p>\n<p><strong>Temperatura di infusione: 80\u00b0C<\/strong><\/p>\n<p><strong>Dose: mezzo cucchiaino da t\u00e8 per tazza<\/strong><\/p>\n<p><strong>Preparazione<\/strong><\/p>\n<p>Mettere nella tazza prima la polvere e poi l&#8217;acqua alla temperatura prevista sbattendo energicamente con il frullino in bamb\u00f9 per Matcha per circa 15 secondi<\/p>\n","protected":false},"excerpt":{"rendered":"<p>Il frullino per t\u00e8 Matcha \u00e8 chiamato anche Frustino per T\u00e8 matcha Si tratta di un indispensabile accessorio per poter preparare adeguatamente il T\u00e8 Matcha e poterlo cos\u00ec assaporare al meglio T\u00e8 Matcha Pregiato t\u00e8 verde polverizzato, dal colore verde brillante e altamente vitaminico. La&#8230;<\/p>\n","protected":false},"featured_media":114053,"template":"","meta":{"_acf_changed":false},"product_brand":[9636],"product_cat":[45114],"product_tag":[],"giftcard-category":[],"class_list":{"0":"post-114051","1":"product","2":"type-product","3":"status-publish","4":"has-post-thumbnail","6":"product_brand-neavita","7":"product_cat-te-infusi-e-tisane-sfusi","9":"first","10":"instock","11":"sale","12":"taxable","13":"shipping-taxable","14":"purchasable","15":"product-type-simple"},"acf":[],"yoast_head":"<!-- This site is optimized with the Yoast SEO plugin v24.9 - https:\/\/yoast.com\/wordpress\/plugins\/seo\/ -->\n<title>Frullino per preparazione t\u00e8 Matcha - Erboristeria Demetra<\/title>\n<meta name=\"description\" content=\"Si tratta di un indispensabile accessorio per poter preparare adeguatamente il T\u00e8 Matcha e poterlo cos\u00ec assaporare al meglio\" \/>\n<meta name=\"robots\" content=\"index, follow, max-snippet:-1, max-image-preview:large, max-video-preview:-1\" \/>\n<link rel=\"canonical\" href=\"https:\/\/www.erboristerie.com\/it\/prodotto\/frullino-per-preparazione-te-matcha\/\" \/>\n<meta property=\"og:locale\" content=\"en_US\" \/>\n<meta property=\"og:type\" content=\"article\" \/>\n<meta property=\"og:title\" content=\"Frullino per preparazione t\u00e8 Matcha - Erboristeria Demetra\" \/>\n<meta property=\"og:description\" content=\"Si tratta di un indispensabile accessorio per poter preparare adeguatamente il T\u00e8 Matcha e poterlo cos\u00ec assaporare al meglio\" \/>\n<meta property=\"og:url\" content=\"https:\/\/www.erboristerie.com\/it\/prodotto\/frullino-per-preparazione-te-matcha\/\" \/>\n<meta property=\"og:site_name\" content=\"Erboristeria Demetra\" \/>\n<meta property=\"article:publisher\" content=\"https:\/\/www.facebook.com\/erboristeria.demetra.online\" \/>\n<meta property=\"article:modified_time\" content=\"2025-04-04T07:58:16+00:00\" \/>\n<meta property=\"og:image\" content=\"https:\/\/www.erboristerie.com\/wp-content\/uploads\/2022\/01\/00008155.jpg\" \/>\n\t<meta property=\"og:image:width\" content=\"600\" \/>\n\t<meta property=\"og:image:height\" content=\"636\" \/>\n\t<meta property=\"og:image:type\" content=\"image\/jpeg\" \/>\n<meta name=\"twitter:card\" content=\"summary_large_image\" \/>\n<meta name=\"twitter:label1\" content=\"Est. reading time\" \/>\n\t<meta name=\"twitter:data1\" content=\"1 minute\" \/>\n<script type=\"application\/ld+json\" class=\"yoast-schema-graph\">{\"@context\":\"https:\/\/schema.org\",\"@graph\":[{\"@type\":\"WebPage\",\"@id\":\"https:\/\/www.erboristerie.com\/it\/prodotto\/frullino-per-preparazione-te-matcha\/\",\"url\":\"https:\/\/www.erboristerie.com\/it\/prodotto\/frullino-per-preparazione-te-matcha\/\",\"name\":\"Frullino per preparazione t\u00e8 Matcha - Erboristeria Demetra\",\"isPartOf\":{\"@id\":\"https:\/\/www.erboristerie.com\/it\/#website\"},\"primaryImageOfPage\":{\"@id\":\"https:\/\/www.erboristerie.com\/it\/prodotto\/frullino-per-preparazione-te-matcha\/#primaryimage\"},\"image\":{\"@id\":\"https:\/\/www.erboristerie.com\/it\/prodotto\/frullino-per-preparazione-te-matcha\/#primaryimage\"},\"thumbnailUrl\":\"https:\/\/www.erboristerie.com\/wp-content\/uploads\/2022\/01\/00008155.jpg\",\"datePublished\":\"2022-01-22T17:22:23+00:00\",\"dateModified\":\"2025-04-04T07:58:16+00:00\",\"description\":\"Si tratta di un indispensabile accessorio per poter preparare adeguatamente il T\u00e8 Matcha e poterlo cos\u00ec assaporare al meglio\",\"breadcrumb\":{\"@id\":\"https:\/\/www.erboristerie.com\/it\/prodotto\/frullino-per-preparazione-te-matcha\/#breadcrumb\"},\"inLanguage\":\"en-US\",\"potentialAction\":[{\"@type\":\"ReadAction\",\"target\":[\"https:\/\/www.erboristerie.com\/it\/prodotto\/frullino-per-preparazione-te-matcha\/\"]}]},{\"@type\":\"ImageObject\",\"inLanguage\":\"en-US\",\"@id\":\"https:\/\/www.erboristerie.com\/it\/prodotto\/frullino-per-preparazione-te-matcha\/#primaryimage\",\"url\":\"https:\/\/www.erboristerie.com\/wp-content\/uploads\/2022\/01\/00008155.jpg\",\"contentUrl\":\"https:\/\/www.erboristerie.com\/wp-content\/uploads\/2022\/01\/00008155.jpg\",\"width\":600,\"height\":636},{\"@type\":\"BreadcrumbList\",\"@id\":\"https:\/\/www.erboristerie.com\/it\/prodotto\/frullino-per-preparazione-te-matcha\/#breadcrumb\",\"itemListElement\":[{\"@type\":\"ListItem\",\"position\":1,\"name\":\"Home\",\"item\":\"https:\/\/www.erboristerie.com\/en\/\"},{\"@type\":\"ListItem\",\"position\":2,\"name\":\"All products\",\"item\":\"https:\/\/www.erboristerie.com\/en\/all-products\/\"},{\"@type\":\"ListItem\",\"position\":3,\"name\":\"Frullino per preparazione t\u00e8 Matcha\"}]},{\"@type\":\"WebSite\",\"@id\":\"https:\/\/www.erboristerie.com\/it\/#website\",\"url\":\"https:\/\/www.erboristerie.com\/it\/\",\"name\":\"Erboristeria Demetra\",\"description\":\"Your natural health\",\"publisher\":{\"@id\":\"https:\/\/www.erboristerie.com\/it\/#organization\"},\"potentialAction\":[{\"@type\":\"SearchAction\",\"target\":{\"@type\":\"EntryPoint\",\"urlTemplate\":\"https:\/\/www.erboristerie.com\/it\/?s={search_term_string}\"},\"query-input\":{\"@type\":\"PropertyValueSpecification\",\"valueRequired\":true,\"valueName\":\"search_term_string\"}}],\"inLanguage\":\"en-US\"},{\"@type\":\"Organization\",\"@id\":\"https:\/\/www.erboristerie.com\/it\/#organization\",\"name\":\"Erboristeria Demetra\",\"url\":\"https:\/\/www.erboristerie.com\/it\/\",\"logo\":{\"@type\":\"ImageObject\",\"inLanguage\":\"en-US\",\"@id\":\"https:\/\/www.erboristerie.com\/it\/#\/schema\/logo\/image\/\",\"url\":\"https:\/\/www.erboristerie.com\/wp-content\/uploads\/2019\/11\/LOGO_ERBORISTERIA_DEMETRA_original.png?v=1611516981\",\"contentUrl\":\"https:\/\/www.erboristerie.com\/wp-content\/uploads\/2019\/11\/LOGO_ERBORISTERIA_DEMETRA_original.png?v=1611516981\",\"width\":201,\"height\":54,\"caption\":\"Erboristeria Demetra\"},\"image\":{\"@id\":\"https:\/\/www.erboristerie.com\/it\/#\/schema\/logo\/image\/\"},\"sameAs\":[\"https:\/\/www.facebook.com\/erboristeria.demetra.online\"]}]}<\/script>\n<!-- \/ Yoast SEO plugin. -->","yoast_head_json":{"title":"Frullino per preparazione t\u00e8 Matcha - Erboristeria Demetra","description":"Si tratta di un indispensabile accessorio per poter preparare adeguatamente il T\u00e8 Matcha e poterlo cos\u00ec assaporare al meglio","robots":{"index":"index","follow":"follow","max-snippet":"max-snippet:-1","max-image-preview":"max-image-preview:large","max-video-preview":"max-video-preview:-1"},"canonical":"https:\/\/www.erboristerie.com\/it\/prodotto\/frullino-per-preparazione-te-matcha\/","og_locale":"en_US","og_type":"article","og_title":"Frullino per preparazione t\u00e8 Matcha - Erboristeria Demetra","og_description":"Si tratta di un indispensabile accessorio per poter preparare adeguatamente il T\u00e8 Matcha e poterlo cos\u00ec assaporare al meglio","og_url":"https:\/\/www.erboristerie.com\/it\/prodotto\/frullino-per-preparazione-te-matcha\/","og_site_name":"Erboristeria Demetra","article_publisher":"https:\/\/www.facebook.com\/erboristeria.demetra.online","article_modified_time":"2025-04-04T07:58:16+00:00","og_image":[{"width":600,"height":636,"url":"https:\/\/www.erboristerie.com\/wp-content\/uploads\/2022\/01\/00008155.jpg","type":"image\/jpeg"}],"twitter_card":"summary_large_image","twitter_misc":{"Est. reading time":"1 minute"},"schema":{"@context":"https:\/\/schema.org","@graph":[{"@type":"WebPage","@id":"https:\/\/www.erboristerie.com\/it\/prodotto\/frullino-per-preparazione-te-matcha\/","url":"https:\/\/www.erboristerie.com\/it\/prodotto\/frullino-per-preparazione-te-matcha\/","name":"Frullino per preparazione t\u00e8 Matcha - Erboristeria Demetra","isPartOf":{"@id":"https:\/\/www.erboristerie.com\/it\/#website"},"primaryImageOfPage":{"@id":"https:\/\/www.erboristerie.com\/it\/prodotto\/frullino-per-preparazione-te-matcha\/#primaryimage"},"image":{"@id":"https:\/\/www.erboristerie.com\/it\/prodotto\/frullino-per-preparazione-te-matcha\/#primaryimage"},"thumbnailUrl":"https:\/\/www.erboristerie.com\/wp-content\/uploads\/2022\/01\/00008155.jpg","datePublished":"2022-01-22T17:22:23+00:00","dateModified":"2025-04-04T07:58:16+00:00","description":"Si tratta di un indispensabile accessorio per poter preparare adeguatamente il T\u00e8 Matcha e poterlo cos\u00ec assaporare al meglio","breadcrumb":{"@id":"https:\/\/www.erboristerie.com\/it\/prodotto\/frullino-per-preparazione-te-matcha\/#breadcrumb"},"inLanguage":"en-US","potentialAction":[{"@type":"ReadAction","target":["https:\/\/www.erboristerie.com\/it\/prodotto\/frullino-per-preparazione-te-matcha\/"]}]},{"@type":"ImageObject","inLanguage":"en-US","@id":"https:\/\/www.erboristerie.com\/it\/prodotto\/frullino-per-preparazione-te-matcha\/#primaryimage","url":"https:\/\/www.erboristerie.com\/wp-content\/uploads\/2022\/01\/00008155.jpg","contentUrl":"https:\/\/www.erboristerie.com\/wp-content\/uploads\/2022\/01\/00008155.jpg","width":600,"height":636},{"@type":"BreadcrumbList","@id":"https:\/\/www.erboristerie.com\/it\/prodotto\/frullino-per-preparazione-te-matcha\/#breadcrumb","itemListElement":[{"@type":"ListItem","position":1,"name":"Home","item":"https:\/\/www.erboristerie.com\/en\/"},{"@type":"ListItem","position":2,"name":"All products","item":"https:\/\/www.erboristerie.com\/en\/all-products\/"},{"@type":"ListItem","position":3,"name":"Frullino per preparazione t\u00e8 Matcha"}]},{"@type":"WebSite","@id":"https:\/\/www.erboristerie.com\/it\/#website","url":"https:\/\/www.erboristerie.com\/it\/","name":"Erboristeria Demetra","description":"Your natural health","publisher":{"@id":"https:\/\/www.erboristerie.com\/it\/#organization"},"potentialAction":[{"@type":"SearchAction","target":{"@type":"EntryPoint","urlTemplate":"https:\/\/www.erboristerie.com\/it\/?s={search_term_string}"},"query-input":{"@type":"PropertyValueSpecification","valueRequired":true,"valueName":"search_term_string"}}],"inLanguage":"en-US"},{"@type":"Organization","@id":"https:\/\/www.erboristerie.com\/it\/#organization","name":"Erboristeria Demetra","url":"https:\/\/www.erboristerie.com\/it\/","logo":{"@type":"ImageObject","inLanguage":"en-US","@id":"https:\/\/www.erboristerie.com\/it\/#\/schema\/logo\/image\/","url":"https:\/\/www.erboristerie.com\/wp-content\/uploads\/2019\/11\/LOGO_ERBORISTERIA_DEMETRA_original.png?v=1611516981","contentUrl":"https:\/\/www.erboristerie.com\/wp-content\/uploads\/2019\/11\/LOGO_ERBORISTERIA_DEMETRA_original.png?v=1611516981","width":201,"height":54,"caption":"Erboristeria Demetra"},"image":{"@id":"https:\/\/www.erboristerie.com\/it\/#\/schema\/logo\/image\/"},"sameAs":["https:\/\/www.facebook.com\/erboristeria.demetra.online"]}]}},"_links":{"self":[{"href":"https:\/\/www.erboristerie.com\/en\/wp-json\/wp\/v2\/product\/114051","targetHints":{"allow":["GET"]}}],"collection":[{"href":"https:\/\/www.erboristerie.com\/en\/wp-json\/wp\/v2\/product"}],"about":[{"href":"https:\/\/www.erboristerie.com\/en\/wp-json\/wp\/v2\/types\/product"}],"wp:featuredmedia":[{"embeddable":true,"href":"https:\/\/www.erboristerie.com\/en\/wp-json\/wp\/v2\/media\/114053"}],"wp:attachment":[{"href":"https:\/\/www.erboristerie.com\/en\/wp-json\/wp\/v2\/media?parent=114051"}],"wp:term":[{"taxonomy":"product_brand","embeddable":true,"href":"https:\/\/www.erboristerie.com\/en\/wp-json\/wp\/v2\/product_brand?post=114051"},{"taxonomy":"product_cat","embeddable":true,"href":"https:\/\/www.erboristerie.com\/en\/wp-json\/wp\/v2\/product_cat?post=114051"},{"taxonomy":"product_tag","embeddable":true,"href":"https:\/\/www.erboristerie.com\/en\/wp-json\/wp\/v2\/product_tag?post=114051"},{"taxonomy":"giftcard-category","embeddable":true,"href":"https:\/\/www.erboristerie.com\/en\/wp-json\/wp\/v2\/giftcard-category?post=114051"}],"curies":[{"name":"wp","href":"https:\/\/api.w.org\/{rel}","templated":true}]}}