{"id":113039,"date":"2021-10-28T10:56:10","date_gmt":"2021-10-28T08:56:10","guid":{"rendered":"https:\/\/www.erboristerie.com\/?post_type=product&#038;p=113039"},"modified":"2026-04-16T11:31:13","modified_gmt":"2026-04-16T09:31:13","slug":"profumo-eau-de-toilette-fiori-notturni-natures","status":"publish","type":"product","link":"https:\/\/www.erboristerie.com\/en\/prodotto\/profumo-eau-de-toilette-fiori-notturni-natures\/","title":{"rendered":"Profumo Eau de Toilette Fiori Notturni &#8211; Nature&#8217;s"},"content":{"rendered":"<p><strong>Profumo Eau de Toilette Fiori Notturni 50ml &#8211; Nature&#8217;s<\/strong><\/p>\n<p>Una fragranza ispirata ai fiori che sbocciano di sera e impreziosiscono l\u2019aria di sentori morbidi e avvolgenti.<\/p>\n<p>Un\u2019<strong>armonia olfattiva<\/strong> dove la delicatezza di<strong> Iris, Enotera, Lavanda e Ylang Ylang si unisce alla freschezza agrumata del Bergamotto<\/strong>.<\/p>\n<p>I sensuali accordi di <strong>Vaniglia, Miele e fava Tonka<\/strong> rivelano sfaccettature golose e speziate sottolineate da un finale di <strong>Muschio bianco e Patchouli<\/strong>.<\/p>\n<p><strong>ESTRATTI VEGETALI E BIO<\/strong> nel rispetto della biodiversit\u00e0<br \/>\n<strong>VEGAN<\/strong> senza derivati animali<br \/>\n<strong>NON CONTIENE <\/strong>parabeni, paraffina, oli minerali, siliconi, ogm, sls, sles, dea, cessori di formaldeide<br \/>\n<strong>Nickel e Dermatologicamente testati<\/strong> (Nickel &lt; 0,0001%)<\/p>\n<p><strong>FIORI NOTTURNI<\/strong><\/p>\n<p>Poetica e misteriosa come la notte.<\/p>\n<p>Una linea ispirata a un giardino notturno dove la leggerezza del <strong>Bergamotto<\/strong> si unisce ai sentori poudr\u00e9 e sensuali della <strong>Lavanda<\/strong> e dei <strong>Fiori bianchi<\/strong>.<\/p>\n<p>L\u2019<strong>Enotera<\/strong>, conosciuta anche come <strong>Fiore della sera<\/strong>, con le sue propriet\u00e0 idratanti, \u00e8 il filo conduttore di queste formule, pensate per infondere <strong>una sensazione di relax e serenit\u00e0<\/strong>.<\/p>\n<p><strong>FRAGRANZA<\/strong><\/p>\n<p><strong>TESTA &#8211;<\/strong>Bergamotto, Lavanda, Iris, Gelsomino<br \/>\n<strong>CUORE &#8211;<\/strong> Latte di vaniglia, Legno Sandalo, Gocce di miele<br \/>\n<strong>FONDO-<\/strong> Vaniglia, Fava tonka, Muschio bianco, Patchouli<\/p>\n<p><strong>Il carattere<\/strong><br \/>\nIl sofisticato<strong> equilibrio di note<\/strong> risponde al desiderio di una fragranza delicata, dall\u2019appeal gentile, che favorisce la calma e la tranquillit\u00e0.<\/p>\n<p>Un persistente bouquet notturno <strong>per chi vuole portare armonia<\/strong> alle sue giornate.<\/p>\n","protected":false},"excerpt":{"rendered":"<p>Profumo Eau de Toilette Fiori Notturni 50ml &#8211; Nature&#8217;s Una fragranza ispirata ai fiori che sbocciano di sera e impreziosiscono l\u2019aria di sentori morbidi e avvolgenti. Un\u2019armonia olfattiva dove la delicatezza di Iris, Enotera, Lavanda e Ylang Ylang si unisce alla freschezza agrumata del Bergamotto&#8230;.<\/p>\n","protected":false},"featured_media":113040,"template":"","meta":{"_acf_changed":false},"product_brand":[9650],"product_cat":[45042],"product_tag":[],"giftcard-category":[],"class_list":{"0":"post-113039","1":"product","2":"type-product","3":"status-publish","4":"has-post-thumbnail","6":"product_brand-nature-s","7":"product_cat-profumi","8":"pa_formato-50-ml","9":"pa_linea-profumazione-fiori-notturni","10":"pa_marca-natures","11":"pa_tipologia-profumo","13":"first","14":"instock","15":"sale","16":"taxable","17":"shipping-taxable","18":"purchasable","19":"product-type-simple"},"acf":[],"yoast_head":"<!-- This site is optimized with the Yoast SEO plugin v24.9 - https:\/\/yoast.com\/wordpress\/plugins\/seo\/ -->\n<title>Profumo Eau de Toilette Fiori Notturni - Nature&#039;s - Erboristeria Demetra<\/title>\n<meta name=\"description\" content=\"Un\u2019armonia olfattiva dove la delicatezza di Iris, Enotera, Lavanda e Ylang Ylang si unisce alla freschezza agrumata del Bergamotto.\" \/>\n<meta name=\"robots\" content=\"index, follow, max-snippet:-1, max-image-preview:large, max-video-preview:-1\" \/>\n<link rel=\"canonical\" href=\"https:\/\/www.erboristerie.com\/it\/prodotto\/profumo-eau-de-toilette-fiori-notturni-natures\/\" \/>\n<meta property=\"og:locale\" content=\"en_US\" \/>\n<meta property=\"og:type\" content=\"article\" \/>\n<meta property=\"og:title\" content=\"Profumo Eau de Toilette Fiori Notturni - Nature&#039;s - Erboristeria Demetra\" \/>\n<meta property=\"og:description\" content=\"Un\u2019armonia olfattiva dove la delicatezza di Iris, Enotera, Lavanda e Ylang Ylang si unisce alla freschezza agrumata del Bergamotto.\" \/>\n<meta property=\"og:url\" content=\"https:\/\/www.erboristerie.com\/it\/prodotto\/profumo-eau-de-toilette-fiori-notturni-natures\/\" \/>\n<meta property=\"og:site_name\" content=\"Erboristeria Demetra\" \/>\n<meta property=\"article:publisher\" content=\"https:\/\/www.facebook.com\/erboristeria.demetra.online\" \/>\n<meta property=\"article:modified_time\" content=\"2026-04-16T09:31:13+00:00\" \/>\n<meta property=\"og:image\" content=\"https:\/\/www.erboristerie.com\/wp-content\/uploads\/2021\/10\/00006220.jpg\" \/>\n\t<meta property=\"og:image:width\" content=\"1200\" \/>\n\t<meta property=\"og:image:height\" content=\"1200\" \/>\n\t<meta property=\"og:image:type\" content=\"image\/jpeg\" \/>\n<meta name=\"twitter:card\" content=\"summary_large_image\" \/>\n<meta name=\"twitter:label1\" content=\"Est. reading time\" \/>\n\t<meta name=\"twitter:data1\" content=\"1 minute\" \/>\n<script type=\"application\/ld+json\" class=\"yoast-schema-graph\">{\"@context\":\"https:\/\/schema.org\",\"@graph\":[{\"@type\":\"WebPage\",\"@id\":\"https:\/\/www.erboristerie.com\/it\/prodotto\/profumo-eau-de-toilette-fiori-notturni-natures\/\",\"url\":\"https:\/\/www.erboristerie.com\/it\/prodotto\/profumo-eau-de-toilette-fiori-notturni-natures\/\",\"name\":\"Profumo Eau de Toilette Fiori Notturni - Nature's - Erboristeria Demetra\",\"isPartOf\":{\"@id\":\"https:\/\/www.erboristerie.com\/it\/#website\"},\"primaryImageOfPage\":{\"@id\":\"https:\/\/www.erboristerie.com\/it\/prodotto\/profumo-eau-de-toilette-fiori-notturni-natures\/#primaryimage\"},\"image\":{\"@id\":\"https:\/\/www.erboristerie.com\/it\/prodotto\/profumo-eau-de-toilette-fiori-notturni-natures\/#primaryimage\"},\"thumbnailUrl\":\"https:\/\/www.erboristerie.com\/wp-content\/uploads\/2021\/10\/00006220.jpg\",\"datePublished\":\"2021-10-28T08:56:10+00:00\",\"dateModified\":\"2026-04-16T09:31:13+00:00\",\"description\":\"Un\u2019armonia olfattiva dove la delicatezza di Iris, Enotera, Lavanda e Ylang Ylang si unisce alla freschezza agrumata del Bergamotto.\",\"breadcrumb\":{\"@id\":\"https:\/\/www.erboristerie.com\/it\/prodotto\/profumo-eau-de-toilette-fiori-notturni-natures\/#breadcrumb\"},\"inLanguage\":\"en-US\",\"potentialAction\":[{\"@type\":\"ReadAction\",\"target\":[\"https:\/\/www.erboristerie.com\/it\/prodotto\/profumo-eau-de-toilette-fiori-notturni-natures\/\"]}]},{\"@type\":\"ImageObject\",\"inLanguage\":\"en-US\",\"@id\":\"https:\/\/www.erboristerie.com\/it\/prodotto\/profumo-eau-de-toilette-fiori-notturni-natures\/#primaryimage\",\"url\":\"https:\/\/www.erboristerie.com\/wp-content\/uploads\/2021\/10\/00006220.jpg\",\"contentUrl\":\"https:\/\/www.erboristerie.com\/wp-content\/uploads\/2021\/10\/00006220.jpg\",\"width\":1200,\"height\":1200},{\"@type\":\"BreadcrumbList\",\"@id\":\"https:\/\/www.erboristerie.com\/it\/prodotto\/profumo-eau-de-toilette-fiori-notturni-natures\/#breadcrumb\",\"itemListElement\":[{\"@type\":\"ListItem\",\"position\":1,\"name\":\"Home\",\"item\":\"https:\/\/www.erboristerie.com\/en\/\"},{\"@type\":\"ListItem\",\"position\":2,\"name\":\"All products\",\"item\":\"https:\/\/www.erboristerie.com\/en\/all-products\/\"},{\"@type\":\"ListItem\",\"position\":3,\"name\":\"Profumo Eau de Toilette Fiori Notturni &#8211; Nature&#8217;s\"}]},{\"@type\":\"WebSite\",\"@id\":\"https:\/\/www.erboristerie.com\/it\/#website\",\"url\":\"https:\/\/www.erboristerie.com\/it\/\",\"name\":\"Erboristeria Demetra\",\"description\":\"Your natural health\",\"publisher\":{\"@id\":\"https:\/\/www.erboristerie.com\/it\/#organization\"},\"potentialAction\":[{\"@type\":\"SearchAction\",\"target\":{\"@type\":\"EntryPoint\",\"urlTemplate\":\"https:\/\/www.erboristerie.com\/it\/?s={search_term_string}\"},\"query-input\":{\"@type\":\"PropertyValueSpecification\",\"valueRequired\":true,\"valueName\":\"search_term_string\"}}],\"inLanguage\":\"en-US\"},{\"@type\":\"Organization\",\"@id\":\"https:\/\/www.erboristerie.com\/it\/#organization\",\"name\":\"Erboristeria Demetra\",\"url\":\"https:\/\/www.erboristerie.com\/it\/\",\"logo\":{\"@type\":\"ImageObject\",\"inLanguage\":\"en-US\",\"@id\":\"https:\/\/www.erboristerie.com\/it\/#\/schema\/logo\/image\/\",\"url\":\"https:\/\/www.erboristerie.com\/wp-content\/uploads\/2019\/11\/LOGO_ERBORISTERIA_DEMETRA_original.png?v=1611516981\",\"contentUrl\":\"https:\/\/www.erboristerie.com\/wp-content\/uploads\/2019\/11\/LOGO_ERBORISTERIA_DEMETRA_original.png?v=1611516981\",\"width\":201,\"height\":54,\"caption\":\"Erboristeria Demetra\"},\"image\":{\"@id\":\"https:\/\/www.erboristerie.com\/it\/#\/schema\/logo\/image\/\"},\"sameAs\":[\"https:\/\/www.facebook.com\/erboristeria.demetra.online\"]}]}<\/script>\n<!-- \/ Yoast SEO plugin. -->","yoast_head_json":{"title":"Profumo Eau de Toilette Fiori Notturni - Nature's - Erboristeria Demetra","description":"Un\u2019armonia olfattiva dove la delicatezza di Iris, Enotera, Lavanda e Ylang Ylang si unisce alla freschezza agrumata del Bergamotto.","robots":{"index":"index","follow":"follow","max-snippet":"max-snippet:-1","max-image-preview":"max-image-preview:large","max-video-preview":"max-video-preview:-1"},"canonical":"https:\/\/www.erboristerie.com\/it\/prodotto\/profumo-eau-de-toilette-fiori-notturni-natures\/","og_locale":"en_US","og_type":"article","og_title":"Profumo Eau de Toilette Fiori Notturni - Nature's - Erboristeria Demetra","og_description":"Un\u2019armonia olfattiva dove la delicatezza di Iris, Enotera, Lavanda e Ylang Ylang si unisce alla freschezza agrumata del Bergamotto.","og_url":"https:\/\/www.erboristerie.com\/it\/prodotto\/profumo-eau-de-toilette-fiori-notturni-natures\/","og_site_name":"Erboristeria Demetra","article_publisher":"https:\/\/www.facebook.com\/erboristeria.demetra.online","article_modified_time":"2026-04-16T09:31:13+00:00","og_image":[{"width":1200,"height":1200,"url":"https:\/\/www.erboristerie.com\/wp-content\/uploads\/2021\/10\/00006220.jpg","type":"image\/jpeg"}],"twitter_card":"summary_large_image","twitter_misc":{"Est. reading time":"1 minute"},"schema":{"@context":"https:\/\/schema.org","@graph":[{"@type":"WebPage","@id":"https:\/\/www.erboristerie.com\/it\/prodotto\/profumo-eau-de-toilette-fiori-notturni-natures\/","url":"https:\/\/www.erboristerie.com\/it\/prodotto\/profumo-eau-de-toilette-fiori-notturni-natures\/","name":"Profumo Eau de Toilette Fiori Notturni - Nature's - Erboristeria Demetra","isPartOf":{"@id":"https:\/\/www.erboristerie.com\/it\/#website"},"primaryImageOfPage":{"@id":"https:\/\/www.erboristerie.com\/it\/prodotto\/profumo-eau-de-toilette-fiori-notturni-natures\/#primaryimage"},"image":{"@id":"https:\/\/www.erboristerie.com\/it\/prodotto\/profumo-eau-de-toilette-fiori-notturni-natures\/#primaryimage"},"thumbnailUrl":"https:\/\/www.erboristerie.com\/wp-content\/uploads\/2021\/10\/00006220.jpg","datePublished":"2021-10-28T08:56:10+00:00","dateModified":"2026-04-16T09:31:13+00:00","description":"Un\u2019armonia olfattiva dove la delicatezza di Iris, Enotera, Lavanda e Ylang Ylang si unisce alla freschezza agrumata del Bergamotto.","breadcrumb":{"@id":"https:\/\/www.erboristerie.com\/it\/prodotto\/profumo-eau-de-toilette-fiori-notturni-natures\/#breadcrumb"},"inLanguage":"en-US","potentialAction":[{"@type":"ReadAction","target":["https:\/\/www.erboristerie.com\/it\/prodotto\/profumo-eau-de-toilette-fiori-notturni-natures\/"]}]},{"@type":"ImageObject","inLanguage":"en-US","@id":"https:\/\/www.erboristerie.com\/it\/prodotto\/profumo-eau-de-toilette-fiori-notturni-natures\/#primaryimage","url":"https:\/\/www.erboristerie.com\/wp-content\/uploads\/2021\/10\/00006220.jpg","contentUrl":"https:\/\/www.erboristerie.com\/wp-content\/uploads\/2021\/10\/00006220.jpg","width":1200,"height":1200},{"@type":"BreadcrumbList","@id":"https:\/\/www.erboristerie.com\/it\/prodotto\/profumo-eau-de-toilette-fiori-notturni-natures\/#breadcrumb","itemListElement":[{"@type":"ListItem","position":1,"name":"Home","item":"https:\/\/www.erboristerie.com\/en\/"},{"@type":"ListItem","position":2,"name":"All products","item":"https:\/\/www.erboristerie.com\/en\/all-products\/"},{"@type":"ListItem","position":3,"name":"Profumo Eau de Toilette Fiori Notturni &#8211; Nature&#8217;s"}]},{"@type":"WebSite","@id":"https:\/\/www.erboristerie.com\/it\/#website","url":"https:\/\/www.erboristerie.com\/it\/","name":"Erboristeria Demetra","description":"Your natural health","publisher":{"@id":"https:\/\/www.erboristerie.com\/it\/#organization"},"potentialAction":[{"@type":"SearchAction","target":{"@type":"EntryPoint","urlTemplate":"https:\/\/www.erboristerie.com\/it\/?s={search_term_string}"},"query-input":{"@type":"PropertyValueSpecification","valueRequired":true,"valueName":"search_term_string"}}],"inLanguage":"en-US"},{"@type":"Organization","@id":"https:\/\/www.erboristerie.com\/it\/#organization","name":"Erboristeria Demetra","url":"https:\/\/www.erboristerie.com\/it\/","logo":{"@type":"ImageObject","inLanguage":"en-US","@id":"https:\/\/www.erboristerie.com\/it\/#\/schema\/logo\/image\/","url":"https:\/\/www.erboristerie.com\/wp-content\/uploads\/2019\/11\/LOGO_ERBORISTERIA_DEMETRA_original.png?v=1611516981","contentUrl":"https:\/\/www.erboristerie.com\/wp-content\/uploads\/2019\/11\/LOGO_ERBORISTERIA_DEMETRA_original.png?v=1611516981","width":201,"height":54,"caption":"Erboristeria Demetra"},"image":{"@id":"https:\/\/www.erboristerie.com\/it\/#\/schema\/logo\/image\/"},"sameAs":["https:\/\/www.facebook.com\/erboristeria.demetra.online"]}]}},"_links":{"self":[{"href":"https:\/\/www.erboristerie.com\/en\/wp-json\/wp\/v2\/product\/113039","targetHints":{"allow":["GET"]}}],"collection":[{"href":"https:\/\/www.erboristerie.com\/en\/wp-json\/wp\/v2\/product"}],"about":[{"href":"https:\/\/www.erboristerie.com\/en\/wp-json\/wp\/v2\/types\/product"}],"wp:featuredmedia":[{"embeddable":true,"href":"https:\/\/www.erboristerie.com\/en\/wp-json\/wp\/v2\/media\/113040"}],"wp:attachment":[{"href":"https:\/\/www.erboristerie.com\/en\/wp-json\/wp\/v2\/media?parent=113039"}],"wp:term":[{"taxonomy":"product_brand","embeddable":true,"href":"https:\/\/www.erboristerie.com\/en\/wp-json\/wp\/v2\/product_brand?post=113039"},{"taxonomy":"product_cat","embeddable":true,"href":"https:\/\/www.erboristerie.com\/en\/wp-json\/wp\/v2\/product_cat?post=113039"},{"taxonomy":"product_tag","embeddable":true,"href":"https:\/\/www.erboristerie.com\/en\/wp-json\/wp\/v2\/product_tag?post=113039"},{"taxonomy":"giftcard-category","embeddable":true,"href":"https:\/\/www.erboristerie.com\/en\/wp-json\/wp\/v2\/giftcard-category?post=113039"}],"curies":[{"name":"wp","href":"https:\/\/api.w.org\/{rel}","templated":true}]}}