{"id":108164,"date":"2020-12-01T09:13:37","date_gmt":"2020-12-01T08:13:37","guid":{"rendered":"https:\/\/www.erboristerie.com\/?post_type=product&#038;p=108164"},"modified":"2025-04-04T10:06:39","modified_gmt":"2025-04-04T08:06:39","slug":"diffusore-per-essenze-pocket-elettrico-portatile-da-parete","status":"publish","type":"product","link":"https:\/\/www.erboristerie.com\/en\/prodotto\/diffusore-per-essenze-pocket-elettrico-portatile-da-parete\/","title":{"rendered":"Diffusore per essenze Pocket elettrico portatile da parete"},"content":{"rendered":"<p><strong>Diffusore per essenze Pocket elettrico portatile da parete &#8211; Nasoterapia<\/strong><\/p>\n<p>Il diffusore elettrico Pocket da muro \u00e8 il sistema pi\u00f9 pratico per diffondere gli oli essenziali in ogni stanza.<\/p>\n<p><strong>Il suo utilizzo \u00e8 estremamente semplice<\/strong>: basta versare qualche goccia di olio essenziale o di sinergia di oli essenziali nell\u2019apposita vaschetta e collegarlo alla presa.<\/p>\n<p>La piastra metallica scaldandosi inizier\u00e0 la diffusione mantenendo intatte tutte le propriet\u00e0 degli oli essenziali grazie al sistema a calore controllato<\/p>\n<p>Ottimo per l\u2019uso quotidiano \u00e8 perfetto anche per una diffusione delicata e costante durante la notte.<\/p>\n<p>Inoltre le sue dimensioni ridotte lo rendono ideale per un benessere sempre a portata di mano.<\/p>\n<p>Con la sua <strong>spina rotabile di 90\u00b0 pu\u00f2 adattarsi a qualsiasi presa.<\/strong><\/p>\n<p>Il coperchio traforato lo rende <strong>sicuro, soprattutto per i pi\u00f9 piccoli,<\/strong> proteggendo dal contatto diretto con l\u2019olio essenziale<\/p>\n","protected":false},"excerpt":{"rendered":"<p>Diffusore per essenze Pocket elettrico portatile da parete &#8211; Nasoterapia Il diffusore elettrico Pocket da muro \u00e8 il sistema pi\u00f9 pratico per diffondere gli oli essenziali in ogni stanza. Il suo utilizzo \u00e8 estremamente semplice: basta versare qualche goccia di olio essenziale o di sinergia&#8230;<\/p>\n","protected":false},"featured_media":108165,"template":"","meta":{"_acf_changed":false},"product_brand":[9649],"product_cat":[9719],"product_tag":[],"giftcard-category":[],"class_list":{"0":"post-108164","1":"product","2":"type-product","3":"status-publish","4":"has-post-thumbnail","6":"product_brand-nasoterapia-di-hp-italia","7":"product_cat-diffusori-profumi-ambiente","8":"pa_formato-100-ml","9":"pa_marca-nasoterapia","10":"pa_tipologia-profumo-ambiente","12":"first","13":"instock","14":"taxable","15":"shipping-taxable","16":"purchasable","17":"product-type-simple"},"acf":[],"yoast_head":"<!-- This site is optimized with the Yoast SEO plugin v24.9 - https:\/\/yoast.com\/wordpress\/plugins\/seo\/ -->\n<title>Diffusore per essenze Pocket elettrico portatile da parete - Erboristeria Demetra<\/title>\n<meta name=\"description\" content=\"Adatto a tutte le prese, orizzontali e verticali, Pocket da muro \u00e8 il sistema pi\u00f9 pratico per diffondere gli oli essenziali in ogni stanza.\" \/>\n<meta name=\"robots\" content=\"index, follow, max-snippet:-1, max-image-preview:large, max-video-preview:-1\" \/>\n<link rel=\"canonical\" href=\"https:\/\/www.erboristerie.com\/it\/prodotto\/diffusore-per-essenze-pocket-elettrico-portatile-da-parete\/\" \/>\n<meta property=\"og:locale\" content=\"en_US\" \/>\n<meta property=\"og:type\" content=\"article\" \/>\n<meta property=\"og:title\" content=\"Diffusore per essenze Pocket elettrico portatile da parete - Erboristeria Demetra\" \/>\n<meta property=\"og:description\" content=\"Adatto a tutte le prese, orizzontali e verticali, Pocket da muro \u00e8 il sistema pi\u00f9 pratico per diffondere gli oli essenziali in ogni stanza.\" \/>\n<meta property=\"og:url\" content=\"https:\/\/www.erboristerie.com\/it\/prodotto\/diffusore-per-essenze-pocket-elettrico-portatile-da-parete\/\" \/>\n<meta property=\"og:site_name\" content=\"Erboristeria Demetra\" \/>\n<meta property=\"article:publisher\" content=\"https:\/\/www.facebook.com\/erboristeria.demetra.online\" \/>\n<meta property=\"article:modified_time\" content=\"2025-04-04T08:06:39+00:00\" \/>\n<meta property=\"og:image\" content=\"https:\/\/www.erboristerie.com\/wp-content\/uploads\/2020\/12\/00004653.jpg?v=1611516011\" \/>\n\t<meta property=\"og:image:width\" content=\"626\" \/>\n\t<meta property=\"og:image:height\" content=\"433\" \/>\n\t<meta property=\"og:image:type\" content=\"image\/jpeg\" \/>\n<meta name=\"twitter:card\" content=\"summary_large_image\" \/>\n<meta name=\"twitter:label1\" content=\"Est. reading time\" \/>\n\t<meta name=\"twitter:data1\" content=\"1 minute\" \/>\n<script type=\"application\/ld+json\" class=\"yoast-schema-graph\">{\"@context\":\"https:\/\/schema.org\",\"@graph\":[{\"@type\":\"WebPage\",\"@id\":\"https:\/\/www.erboristerie.com\/it\/prodotto\/diffusore-per-essenze-pocket-elettrico-portatile-da-parete\/\",\"url\":\"https:\/\/www.erboristerie.com\/it\/prodotto\/diffusore-per-essenze-pocket-elettrico-portatile-da-parete\/\",\"name\":\"Diffusore per essenze Pocket elettrico portatile da parete - Erboristeria Demetra\",\"isPartOf\":{\"@id\":\"https:\/\/www.erboristerie.com\/it\/#website\"},\"primaryImageOfPage\":{\"@id\":\"https:\/\/www.erboristerie.com\/it\/prodotto\/diffusore-per-essenze-pocket-elettrico-portatile-da-parete\/#primaryimage\"},\"image\":{\"@id\":\"https:\/\/www.erboristerie.com\/it\/prodotto\/diffusore-per-essenze-pocket-elettrico-portatile-da-parete\/#primaryimage\"},\"thumbnailUrl\":\"https:\/\/www.erboristerie.com\/wp-content\/uploads\/2020\/12\/00004653.jpg?v=1611516011\",\"datePublished\":\"2020-12-01T08:13:37+00:00\",\"dateModified\":\"2025-04-04T08:06:39+00:00\",\"description\":\"Adatto a tutte le prese, orizzontali e verticali, Pocket da muro \u00e8 il sistema pi\u00f9 pratico per diffondere gli oli essenziali in ogni stanza.\",\"breadcrumb\":{\"@id\":\"https:\/\/www.erboristerie.com\/it\/prodotto\/diffusore-per-essenze-pocket-elettrico-portatile-da-parete\/#breadcrumb\"},\"inLanguage\":\"en-US\",\"potentialAction\":[{\"@type\":\"ReadAction\",\"target\":[\"https:\/\/www.erboristerie.com\/it\/prodotto\/diffusore-per-essenze-pocket-elettrico-portatile-da-parete\/\"]}]},{\"@type\":\"ImageObject\",\"inLanguage\":\"en-US\",\"@id\":\"https:\/\/www.erboristerie.com\/it\/prodotto\/diffusore-per-essenze-pocket-elettrico-portatile-da-parete\/#primaryimage\",\"url\":\"https:\/\/www.erboristerie.com\/wp-content\/uploads\/2020\/12\/00004653.jpg?v=1611516011\",\"contentUrl\":\"https:\/\/www.erboristerie.com\/wp-content\/uploads\/2020\/12\/00004653.jpg?v=1611516011\",\"width\":626,\"height\":433},{\"@type\":\"BreadcrumbList\",\"@id\":\"https:\/\/www.erboristerie.com\/it\/prodotto\/diffusore-per-essenze-pocket-elettrico-portatile-da-parete\/#breadcrumb\",\"itemListElement\":[{\"@type\":\"ListItem\",\"position\":1,\"name\":\"Home\",\"item\":\"https:\/\/www.erboristerie.com\/en\/\"},{\"@type\":\"ListItem\",\"position\":2,\"name\":\"All products\",\"item\":\"https:\/\/www.erboristerie.com\/en\/all-products\/\"},{\"@type\":\"ListItem\",\"position\":3,\"name\":\"Diffusore per essenze Pocket elettrico portatile da parete\"}]},{\"@type\":\"WebSite\",\"@id\":\"https:\/\/www.erboristerie.com\/it\/#website\",\"url\":\"https:\/\/www.erboristerie.com\/it\/\",\"name\":\"Erboristeria Demetra\",\"description\":\"Your natural health\",\"publisher\":{\"@id\":\"https:\/\/www.erboristerie.com\/it\/#organization\"},\"potentialAction\":[{\"@type\":\"SearchAction\",\"target\":{\"@type\":\"EntryPoint\",\"urlTemplate\":\"https:\/\/www.erboristerie.com\/it\/?s={search_term_string}\"},\"query-input\":{\"@type\":\"PropertyValueSpecification\",\"valueRequired\":true,\"valueName\":\"search_term_string\"}}],\"inLanguage\":\"en-US\"},{\"@type\":\"Organization\",\"@id\":\"https:\/\/www.erboristerie.com\/it\/#organization\",\"name\":\"Erboristeria Demetra\",\"url\":\"https:\/\/www.erboristerie.com\/it\/\",\"logo\":{\"@type\":\"ImageObject\",\"inLanguage\":\"en-US\",\"@id\":\"https:\/\/www.erboristerie.com\/it\/#\/schema\/logo\/image\/\",\"url\":\"https:\/\/www.erboristerie.com\/wp-content\/uploads\/2019\/11\/LOGO_ERBORISTERIA_DEMETRA_original.png?v=1611516981\",\"contentUrl\":\"https:\/\/www.erboristerie.com\/wp-content\/uploads\/2019\/11\/LOGO_ERBORISTERIA_DEMETRA_original.png?v=1611516981\",\"width\":201,\"height\":54,\"caption\":\"Erboristeria Demetra\"},\"image\":{\"@id\":\"https:\/\/www.erboristerie.com\/it\/#\/schema\/logo\/image\/\"},\"sameAs\":[\"https:\/\/www.facebook.com\/erboristeria.demetra.online\"]}]}<\/script>\n<!-- \/ Yoast SEO plugin. -->","yoast_head_json":{"title":"Diffusore per essenze Pocket elettrico portatile da parete - Erboristeria Demetra","description":"Adatto a tutte le prese, orizzontali e verticali, Pocket da muro \u00e8 il sistema pi\u00f9 pratico per diffondere gli oli essenziali in ogni stanza.","robots":{"index":"index","follow":"follow","max-snippet":"max-snippet:-1","max-image-preview":"max-image-preview:large","max-video-preview":"max-video-preview:-1"},"canonical":"https:\/\/www.erboristerie.com\/it\/prodotto\/diffusore-per-essenze-pocket-elettrico-portatile-da-parete\/","og_locale":"en_US","og_type":"article","og_title":"Diffusore per essenze Pocket elettrico portatile da parete - Erboristeria Demetra","og_description":"Adatto a tutte le prese, orizzontali e verticali, Pocket da muro \u00e8 il sistema pi\u00f9 pratico per diffondere gli oli essenziali in ogni stanza.","og_url":"https:\/\/www.erboristerie.com\/it\/prodotto\/diffusore-per-essenze-pocket-elettrico-portatile-da-parete\/","og_site_name":"Erboristeria Demetra","article_publisher":"https:\/\/www.facebook.com\/erboristeria.demetra.online","article_modified_time":"2025-04-04T08:06:39+00:00","og_image":[{"width":626,"height":433,"url":"https:\/\/www.erboristerie.com\/wp-content\/uploads\/2020\/12\/00004653.jpg?v=1611516011","type":"image\/jpeg"}],"twitter_card":"summary_large_image","twitter_misc":{"Est. reading time":"1 minute"},"schema":{"@context":"https:\/\/schema.org","@graph":[{"@type":"WebPage","@id":"https:\/\/www.erboristerie.com\/it\/prodotto\/diffusore-per-essenze-pocket-elettrico-portatile-da-parete\/","url":"https:\/\/www.erboristerie.com\/it\/prodotto\/diffusore-per-essenze-pocket-elettrico-portatile-da-parete\/","name":"Diffusore per essenze Pocket elettrico portatile da parete - Erboristeria Demetra","isPartOf":{"@id":"https:\/\/www.erboristerie.com\/it\/#website"},"primaryImageOfPage":{"@id":"https:\/\/www.erboristerie.com\/it\/prodotto\/diffusore-per-essenze-pocket-elettrico-portatile-da-parete\/#primaryimage"},"image":{"@id":"https:\/\/www.erboristerie.com\/it\/prodotto\/diffusore-per-essenze-pocket-elettrico-portatile-da-parete\/#primaryimage"},"thumbnailUrl":"https:\/\/www.erboristerie.com\/wp-content\/uploads\/2020\/12\/00004653.jpg?v=1611516011","datePublished":"2020-12-01T08:13:37+00:00","dateModified":"2025-04-04T08:06:39+00:00","description":"Adatto a tutte le prese, orizzontali e verticali, Pocket da muro \u00e8 il sistema pi\u00f9 pratico per diffondere gli oli essenziali in ogni stanza.","breadcrumb":{"@id":"https:\/\/www.erboristerie.com\/it\/prodotto\/diffusore-per-essenze-pocket-elettrico-portatile-da-parete\/#breadcrumb"},"inLanguage":"en-US","potentialAction":[{"@type":"ReadAction","target":["https:\/\/www.erboristerie.com\/it\/prodotto\/diffusore-per-essenze-pocket-elettrico-portatile-da-parete\/"]}]},{"@type":"ImageObject","inLanguage":"en-US","@id":"https:\/\/www.erboristerie.com\/it\/prodotto\/diffusore-per-essenze-pocket-elettrico-portatile-da-parete\/#primaryimage","url":"https:\/\/www.erboristerie.com\/wp-content\/uploads\/2020\/12\/00004653.jpg?v=1611516011","contentUrl":"https:\/\/www.erboristerie.com\/wp-content\/uploads\/2020\/12\/00004653.jpg?v=1611516011","width":626,"height":433},{"@type":"BreadcrumbList","@id":"https:\/\/www.erboristerie.com\/it\/prodotto\/diffusore-per-essenze-pocket-elettrico-portatile-da-parete\/#breadcrumb","itemListElement":[{"@type":"ListItem","position":1,"name":"Home","item":"https:\/\/www.erboristerie.com\/en\/"},{"@type":"ListItem","position":2,"name":"All products","item":"https:\/\/www.erboristerie.com\/en\/all-products\/"},{"@type":"ListItem","position":3,"name":"Diffusore per essenze Pocket elettrico portatile da parete"}]},{"@type":"WebSite","@id":"https:\/\/www.erboristerie.com\/it\/#website","url":"https:\/\/www.erboristerie.com\/it\/","name":"Erboristeria Demetra","description":"Your natural health","publisher":{"@id":"https:\/\/www.erboristerie.com\/it\/#organization"},"potentialAction":[{"@type":"SearchAction","target":{"@type":"EntryPoint","urlTemplate":"https:\/\/www.erboristerie.com\/it\/?s={search_term_string}"},"query-input":{"@type":"PropertyValueSpecification","valueRequired":true,"valueName":"search_term_string"}}],"inLanguage":"en-US"},{"@type":"Organization","@id":"https:\/\/www.erboristerie.com\/it\/#organization","name":"Erboristeria Demetra","url":"https:\/\/www.erboristerie.com\/it\/","logo":{"@type":"ImageObject","inLanguage":"en-US","@id":"https:\/\/www.erboristerie.com\/it\/#\/schema\/logo\/image\/","url":"https:\/\/www.erboristerie.com\/wp-content\/uploads\/2019\/11\/LOGO_ERBORISTERIA_DEMETRA_original.png?v=1611516981","contentUrl":"https:\/\/www.erboristerie.com\/wp-content\/uploads\/2019\/11\/LOGO_ERBORISTERIA_DEMETRA_original.png?v=1611516981","width":201,"height":54,"caption":"Erboristeria Demetra"},"image":{"@id":"https:\/\/www.erboristerie.com\/it\/#\/schema\/logo\/image\/"},"sameAs":["https:\/\/www.facebook.com\/erboristeria.demetra.online"]}]}},"_links":{"self":[{"href":"https:\/\/www.erboristerie.com\/en\/wp-json\/wp\/v2\/product\/108164","targetHints":{"allow":["GET"]}}],"collection":[{"href":"https:\/\/www.erboristerie.com\/en\/wp-json\/wp\/v2\/product"}],"about":[{"href":"https:\/\/www.erboristerie.com\/en\/wp-json\/wp\/v2\/types\/product"}],"wp:featuredmedia":[{"embeddable":true,"href":"https:\/\/www.erboristerie.com\/en\/wp-json\/wp\/v2\/media\/108165"}],"wp:attachment":[{"href":"https:\/\/www.erboristerie.com\/en\/wp-json\/wp\/v2\/media?parent=108164"}],"wp:term":[{"taxonomy":"product_brand","embeddable":true,"href":"https:\/\/www.erboristerie.com\/en\/wp-json\/wp\/v2\/product_brand?post=108164"},{"taxonomy":"product_cat","embeddable":true,"href":"https:\/\/www.erboristerie.com\/en\/wp-json\/wp\/v2\/product_cat?post=108164"},{"taxonomy":"product_tag","embeddable":true,"href":"https:\/\/www.erboristerie.com\/en\/wp-json\/wp\/v2\/product_tag?post=108164"},{"taxonomy":"giftcard-category","embeddable":true,"href":"https:\/\/www.erboristerie.com\/en\/wp-json\/wp\/v2\/giftcard-category?post=108164"}],"curies":[{"name":"wp","href":"https:\/\/api.w.org\/{rel}","templated":true}]}}