{"id":107773,"date":"2020-10-31T10:59:24","date_gmt":"2020-10-31T09:59:24","guid":{"rendered":"https:\/\/www.erboristerie.com\/?post_type=product&#038;p=107773"},"modified":"2026-01-30T12:21:03","modified_gmt":"2026-01-30T11:21:03","slug":"liquirizia-deglicirrizata-polvere-in-barattolo-da-100grammi","status":"publish","type":"product","link":"https:\/\/www.erboristerie.com\/en\/prodotto\/liquirizia-deglicirrizata-polvere-in-barattolo-da-100grammi\/","title":{"rendered":"Liquirizia deglicirrizata polvere in barattolo da 100grammi"},"content":{"rendered":"<p><strong>Liquirizia deglicirrizata &#8211; Dr. Giorgini<\/strong><br \/>\nPolvere in barattolo da 100grammi<\/p>\n<p>La liquirizia favorisce la fluidit\u00e0 delle secrezioni bronchiali e il benessere di naso e gola, promuove la funzionalit\u00e0 del sistema digerente e aiuta a mantenere la normale funzionalit\u00e0 articolare.<\/p>\n<p><strong>Consigli d&#8217;uso<\/strong><br \/>\nSi consiglia l\u2019assunzione di 1 misurino raso (2,4 g) direttamente in bocca, da miscelare con la saliva, una o due volte al giorno in qualunque momento (da 2,4 a 4,8 g al giorno). Assumere tra i pasti oppure 20 minuti prima del pasto. Misurino incluso nella confezione. Richiudere accuratamente dopo l\u2019utilizzo.<\/p>\n<p><strong>Ingredienti<\/strong><br \/>\nLiquirizia (Glycyrrhiza glabra) radici E.S. deglicirizzato (titolato allo 0,8% in acido glicirrizico o glicirrizina), maltodestrine da mais o riso.<\/p>\n<p>Non contiene conservanti, coloranti, aromi ed edulcoranti di sintesi.<br \/>\nProdotto adatto ai vegani.<\/p>\n","protected":false},"excerpt":{"rendered":"<p>Liquirizia deglicirrizata &#8211; Dr. Giorgini Polvere in barattolo da 100grammi La liquirizia favorisce la fluidit\u00e0 delle secrezioni bronchiali e il benessere di naso e gola, promuove la funzionalit\u00e0 del sistema digerente e aiuta a mantenere la normale funzionalit\u00e0 articolare. Consigli d&#8217;uso Si consiglia l\u2019assunzione di&#8230;<\/p>\n","protected":false},"featured_media":107753,"template":"","meta":{"_acf_changed":false},"product_brand":[9598],"product_cat":[10163,9787],"product_tag":[],"giftcard-category":[],"class_list":{"0":"post-107773","1":"product","2":"type-product","3":"status-publish","4":"has-post-thumbnail","6":"product_brand-dr-giorgini-martino-ser-vis","7":"product_cat-linea-oro-classica","8":"product_cat-benessere-gastro-intestinale","9":"pa_formato-100-grammi","10":"pa_linea-linea-oro","11":"pa_marca-dr-giorgini","12":"pa_tipologia-polvere","14":"first","15":"instock","16":"sale","17":"taxable","18":"shipping-taxable","19":"purchasable","20":"product-type-simple"},"acf":[],"yoast_head":"<!-- This site is optimized with the Yoast SEO plugin v24.9 - https:\/\/yoast.com\/wordpress\/plugins\/seo\/ -->\n<title>Liquirizia deglicirrizata polvere in barattolo da 100grammi - Erboristeria Demetra<\/title>\n<meta name=\"description\" content=\"Favorisce la fluidit\u00e0 delle secrezioni bronchiali, il benessere di naso e gola, promuove la funzionalit\u00e0 del sistema digerente Erboristeria Demetra\" \/>\n<meta name=\"robots\" content=\"index, follow, max-snippet:-1, max-image-preview:large, max-video-preview:-1\" \/>\n<link rel=\"canonical\" href=\"https:\/\/www.erboristerie.com\/it\/prodotto\/liquirizia-deglicirrizata-polvere-in-barattolo-da-100grammi\/\" \/>\n<meta property=\"og:locale\" content=\"en_US\" \/>\n<meta property=\"og:type\" content=\"article\" \/>\n<meta property=\"og:title\" content=\"Liquirizia deglicirrizata polvere in barattolo da 100grammi - Erboristeria Demetra\" \/>\n<meta property=\"og:description\" content=\"Favorisce la fluidit\u00e0 delle secrezioni bronchiali, il benessere di naso e gola, promuove la funzionalit\u00e0 del sistema digerente Erboristeria Demetra\" \/>\n<meta property=\"og:url\" content=\"https:\/\/www.erboristerie.com\/it\/prodotto\/liquirizia-deglicirrizata-polvere-in-barattolo-da-100grammi\/\" \/>\n<meta property=\"og:site_name\" content=\"Erboristeria Demetra\" \/>\n<meta property=\"article:publisher\" content=\"https:\/\/www.facebook.com\/erboristeria.demetra.online\" \/>\n<meta property=\"article:modified_time\" content=\"2026-01-30T11:21:03+00:00\" \/>\n<meta property=\"og:image\" content=\"https:\/\/www.erboristerie.com\/wp-content\/uploads\/2020\/10\/00009874.jpg?v=1611516112\" \/>\n\t<meta property=\"og:image:width\" content=\"1200\" \/>\n\t<meta property=\"og:image:height\" content=\"1200\" \/>\n\t<meta property=\"og:image:type\" content=\"image\/jpeg\" \/>\n<meta name=\"twitter:card\" content=\"summary_large_image\" \/>\n<meta name=\"twitter:label1\" content=\"Est. reading time\" \/>\n\t<meta name=\"twitter:data1\" content=\"1 minute\" \/>\n<script type=\"application\/ld+json\" class=\"yoast-schema-graph\">{\"@context\":\"https:\/\/schema.org\",\"@graph\":[{\"@type\":\"WebPage\",\"@id\":\"https:\/\/www.erboristerie.com\/it\/prodotto\/liquirizia-deglicirrizata-polvere-in-barattolo-da-100grammi\/\",\"url\":\"https:\/\/www.erboristerie.com\/it\/prodotto\/liquirizia-deglicirrizata-polvere-in-barattolo-da-100grammi\/\",\"name\":\"Liquirizia deglicirrizata polvere in barattolo da 100grammi - Erboristeria Demetra\",\"isPartOf\":{\"@id\":\"https:\/\/www.erboristerie.com\/it\/#website\"},\"primaryImageOfPage\":{\"@id\":\"https:\/\/www.erboristerie.com\/it\/prodotto\/liquirizia-deglicirrizata-polvere-in-barattolo-da-100grammi\/#primaryimage\"},\"image\":{\"@id\":\"https:\/\/www.erboristerie.com\/it\/prodotto\/liquirizia-deglicirrizata-polvere-in-barattolo-da-100grammi\/#primaryimage\"},\"thumbnailUrl\":\"https:\/\/www.erboristerie.com\/wp-content\/uploads\/2020\/10\/00009874.jpg?v=1611516112\",\"datePublished\":\"2020-10-31T09:59:24+00:00\",\"dateModified\":\"2026-01-30T11:21:03+00:00\",\"description\":\"Favorisce la fluidit\u00e0 delle secrezioni bronchiali, il benessere di naso e gola, promuove la funzionalit\u00e0 del sistema digerente Erboristeria Demetra\",\"breadcrumb\":{\"@id\":\"https:\/\/www.erboristerie.com\/it\/prodotto\/liquirizia-deglicirrizata-polvere-in-barattolo-da-100grammi\/#breadcrumb\"},\"inLanguage\":\"en-US\",\"potentialAction\":[{\"@type\":\"ReadAction\",\"target\":[\"https:\/\/www.erboristerie.com\/it\/prodotto\/liquirizia-deglicirrizata-polvere-in-barattolo-da-100grammi\/\"]}]},{\"@type\":\"ImageObject\",\"inLanguage\":\"en-US\",\"@id\":\"https:\/\/www.erboristerie.com\/it\/prodotto\/liquirizia-deglicirrizata-polvere-in-barattolo-da-100grammi\/#primaryimage\",\"url\":\"https:\/\/www.erboristerie.com\/wp-content\/uploads\/2020\/10\/00009874.jpg?v=1611516112\",\"contentUrl\":\"https:\/\/www.erboristerie.com\/wp-content\/uploads\/2020\/10\/00009874.jpg?v=1611516112\",\"width\":1200,\"height\":1200},{\"@type\":\"BreadcrumbList\",\"@id\":\"https:\/\/www.erboristerie.com\/it\/prodotto\/liquirizia-deglicirrizata-polvere-in-barattolo-da-100grammi\/#breadcrumb\",\"itemListElement\":[{\"@type\":\"ListItem\",\"position\":1,\"name\":\"Home\",\"item\":\"https:\/\/www.erboristerie.com\/en\/\"},{\"@type\":\"ListItem\",\"position\":2,\"name\":\"All products\",\"item\":\"https:\/\/www.erboristerie.com\/en\/all-products\/\"},{\"@type\":\"ListItem\",\"position\":3,\"name\":\"Liquirizia deglicirrizata polvere in barattolo da 100grammi\"}]},{\"@type\":\"WebSite\",\"@id\":\"https:\/\/www.erboristerie.com\/it\/#website\",\"url\":\"https:\/\/www.erboristerie.com\/it\/\",\"name\":\"Erboristeria Demetra\",\"description\":\"Your natural health\",\"publisher\":{\"@id\":\"https:\/\/www.erboristerie.com\/it\/#organization\"},\"potentialAction\":[{\"@type\":\"SearchAction\",\"target\":{\"@type\":\"EntryPoint\",\"urlTemplate\":\"https:\/\/www.erboristerie.com\/it\/?s={search_term_string}\"},\"query-input\":{\"@type\":\"PropertyValueSpecification\",\"valueRequired\":true,\"valueName\":\"search_term_string\"}}],\"inLanguage\":\"en-US\"},{\"@type\":\"Organization\",\"@id\":\"https:\/\/www.erboristerie.com\/it\/#organization\",\"name\":\"Erboristeria Demetra\",\"url\":\"https:\/\/www.erboristerie.com\/it\/\",\"logo\":{\"@type\":\"ImageObject\",\"inLanguage\":\"en-US\",\"@id\":\"https:\/\/www.erboristerie.com\/it\/#\/schema\/logo\/image\/\",\"url\":\"https:\/\/www.erboristerie.com\/wp-content\/uploads\/2019\/11\/LOGO_ERBORISTERIA_DEMETRA_original.png?v=1611516981\",\"contentUrl\":\"https:\/\/www.erboristerie.com\/wp-content\/uploads\/2019\/11\/LOGO_ERBORISTERIA_DEMETRA_original.png?v=1611516981\",\"width\":201,\"height\":54,\"caption\":\"Erboristeria Demetra\"},\"image\":{\"@id\":\"https:\/\/www.erboristerie.com\/it\/#\/schema\/logo\/image\/\"},\"sameAs\":[\"https:\/\/www.facebook.com\/erboristeria.demetra.online\"]}]}<\/script>\n<!-- \/ Yoast SEO plugin. -->","yoast_head_json":{"title":"Liquirizia deglicirrizata polvere in barattolo da 100grammi - Erboristeria Demetra","description":"Favorisce la fluidit\u00e0 delle secrezioni bronchiali, il benessere di naso e gola, promuove la funzionalit\u00e0 del sistema digerente Erboristeria Demetra","robots":{"index":"index","follow":"follow","max-snippet":"max-snippet:-1","max-image-preview":"max-image-preview:large","max-video-preview":"max-video-preview:-1"},"canonical":"https:\/\/www.erboristerie.com\/it\/prodotto\/liquirizia-deglicirrizata-polvere-in-barattolo-da-100grammi\/","og_locale":"en_US","og_type":"article","og_title":"Liquirizia deglicirrizata polvere in barattolo da 100grammi - Erboristeria Demetra","og_description":"Favorisce la fluidit\u00e0 delle secrezioni bronchiali, il benessere di naso e gola, promuove la funzionalit\u00e0 del sistema digerente Erboristeria Demetra","og_url":"https:\/\/www.erboristerie.com\/it\/prodotto\/liquirizia-deglicirrizata-polvere-in-barattolo-da-100grammi\/","og_site_name":"Erboristeria Demetra","article_publisher":"https:\/\/www.facebook.com\/erboristeria.demetra.online","article_modified_time":"2026-01-30T11:21:03+00:00","og_image":[{"width":1200,"height":1200,"url":"https:\/\/www.erboristerie.com\/wp-content\/uploads\/2020\/10\/00009874.jpg?v=1611516112","type":"image\/jpeg"}],"twitter_card":"summary_large_image","twitter_misc":{"Est. reading time":"1 minute"},"schema":{"@context":"https:\/\/schema.org","@graph":[{"@type":"WebPage","@id":"https:\/\/www.erboristerie.com\/it\/prodotto\/liquirizia-deglicirrizata-polvere-in-barattolo-da-100grammi\/","url":"https:\/\/www.erboristerie.com\/it\/prodotto\/liquirizia-deglicirrizata-polvere-in-barattolo-da-100grammi\/","name":"Liquirizia deglicirrizata polvere in barattolo da 100grammi - Erboristeria Demetra","isPartOf":{"@id":"https:\/\/www.erboristerie.com\/it\/#website"},"primaryImageOfPage":{"@id":"https:\/\/www.erboristerie.com\/it\/prodotto\/liquirizia-deglicirrizata-polvere-in-barattolo-da-100grammi\/#primaryimage"},"image":{"@id":"https:\/\/www.erboristerie.com\/it\/prodotto\/liquirizia-deglicirrizata-polvere-in-barattolo-da-100grammi\/#primaryimage"},"thumbnailUrl":"https:\/\/www.erboristerie.com\/wp-content\/uploads\/2020\/10\/00009874.jpg?v=1611516112","datePublished":"2020-10-31T09:59:24+00:00","dateModified":"2026-01-30T11:21:03+00:00","description":"Favorisce la fluidit\u00e0 delle secrezioni bronchiali, il benessere di naso e gola, promuove la funzionalit\u00e0 del sistema digerente Erboristeria Demetra","breadcrumb":{"@id":"https:\/\/www.erboristerie.com\/it\/prodotto\/liquirizia-deglicirrizata-polvere-in-barattolo-da-100grammi\/#breadcrumb"},"inLanguage":"en-US","potentialAction":[{"@type":"ReadAction","target":["https:\/\/www.erboristerie.com\/it\/prodotto\/liquirizia-deglicirrizata-polvere-in-barattolo-da-100grammi\/"]}]},{"@type":"ImageObject","inLanguage":"en-US","@id":"https:\/\/www.erboristerie.com\/it\/prodotto\/liquirizia-deglicirrizata-polvere-in-barattolo-da-100grammi\/#primaryimage","url":"https:\/\/www.erboristerie.com\/wp-content\/uploads\/2020\/10\/00009874.jpg?v=1611516112","contentUrl":"https:\/\/www.erboristerie.com\/wp-content\/uploads\/2020\/10\/00009874.jpg?v=1611516112","width":1200,"height":1200},{"@type":"BreadcrumbList","@id":"https:\/\/www.erboristerie.com\/it\/prodotto\/liquirizia-deglicirrizata-polvere-in-barattolo-da-100grammi\/#breadcrumb","itemListElement":[{"@type":"ListItem","position":1,"name":"Home","item":"https:\/\/www.erboristerie.com\/en\/"},{"@type":"ListItem","position":2,"name":"All products","item":"https:\/\/www.erboristerie.com\/en\/all-products\/"},{"@type":"ListItem","position":3,"name":"Liquirizia deglicirrizata polvere in barattolo da 100grammi"}]},{"@type":"WebSite","@id":"https:\/\/www.erboristerie.com\/it\/#website","url":"https:\/\/www.erboristerie.com\/it\/","name":"Erboristeria Demetra","description":"Your natural health","publisher":{"@id":"https:\/\/www.erboristerie.com\/it\/#organization"},"potentialAction":[{"@type":"SearchAction","target":{"@type":"EntryPoint","urlTemplate":"https:\/\/www.erboristerie.com\/it\/?s={search_term_string}"},"query-input":{"@type":"PropertyValueSpecification","valueRequired":true,"valueName":"search_term_string"}}],"inLanguage":"en-US"},{"@type":"Organization","@id":"https:\/\/www.erboristerie.com\/it\/#organization","name":"Erboristeria Demetra","url":"https:\/\/www.erboristerie.com\/it\/","logo":{"@type":"ImageObject","inLanguage":"en-US","@id":"https:\/\/www.erboristerie.com\/it\/#\/schema\/logo\/image\/","url":"https:\/\/www.erboristerie.com\/wp-content\/uploads\/2019\/11\/LOGO_ERBORISTERIA_DEMETRA_original.png?v=1611516981","contentUrl":"https:\/\/www.erboristerie.com\/wp-content\/uploads\/2019\/11\/LOGO_ERBORISTERIA_DEMETRA_original.png?v=1611516981","width":201,"height":54,"caption":"Erboristeria Demetra"},"image":{"@id":"https:\/\/www.erboristerie.com\/it\/#\/schema\/logo\/image\/"},"sameAs":["https:\/\/www.facebook.com\/erboristeria.demetra.online"]}]}},"_links":{"self":[{"href":"https:\/\/www.erboristerie.com\/en\/wp-json\/wp\/v2\/product\/107773","targetHints":{"allow":["GET"]}}],"collection":[{"href":"https:\/\/www.erboristerie.com\/en\/wp-json\/wp\/v2\/product"}],"about":[{"href":"https:\/\/www.erboristerie.com\/en\/wp-json\/wp\/v2\/types\/product"}],"wp:featuredmedia":[{"embeddable":true,"href":"https:\/\/www.erboristerie.com\/en\/wp-json\/wp\/v2\/media\/107753"}],"wp:attachment":[{"href":"https:\/\/www.erboristerie.com\/en\/wp-json\/wp\/v2\/media?parent=107773"}],"wp:term":[{"taxonomy":"product_brand","embeddable":true,"href":"https:\/\/www.erboristerie.com\/en\/wp-json\/wp\/v2\/product_brand?post=107773"},{"taxonomy":"product_cat","embeddable":true,"href":"https:\/\/www.erboristerie.com\/en\/wp-json\/wp\/v2\/product_cat?post=107773"},{"taxonomy":"product_tag","embeddable":true,"href":"https:\/\/www.erboristerie.com\/en\/wp-json\/wp\/v2\/product_tag?post=107773"},{"taxonomy":"giftcard-category","embeddable":true,"href":"https:\/\/www.erboristerie.com\/en\/wp-json\/wp\/v2\/giftcard-category?post=107773"}],"curies":[{"name":"wp","href":"https:\/\/api.w.org\/{rel}","templated":true}]}}