{"id":107581,"date":"2020-10-16T10:47:53","date_gmt":"2020-10-16T08:47:53","guid":{"rendered":"https:\/\/www.erboristerie.com\/?post_type=product&#038;p=107581"},"modified":"2025-09-30T18:59:53","modified_gmt":"2025-09-30T16:59:53","slug":"succo-puro-di-aloe-vera-erbamea-titolato-al-10-in-aloverosio","status":"publish","type":"product","link":"https:\/\/www.erboristerie.com\/en\/prodotto\/succo-puro-di-aloe-vera-erbamea-titolato-al-10-in-aloverosio\/","title":{"rendered":"Succo Puro di Aloe Vera Erbamea titolato al 10% in aloverosio"},"content":{"rendered":"<p><strong>Succo Puro di Aloe Vera &#8211; Erbamea<\/strong><\/p>\n<p>Formati disponibili: 1 litro e 1\/2 litro<\/p>\n<p>Contiene Aloe vera succo da gel fogliare<\/p>\n<p>Da millenni le propriet\u00e0 salutari della pianta di Aloe vera sono conosciute e apprezzate.<\/p>\n<p>Definita anche la \u201cPianta del Miracolo\u201d, l\u2019Aloe vera cresce e vive rigogliosa nei climi pi\u00f9 aridi e caldi, dove altre piante sarebbero destinate ad appassire.<\/p>\n<p>\u00c8 straordinaria, infatti, la sua capacit\u00e0 di trattenere e accumulare nei tessuti fogliari pi\u00f9 interni l\u2019umidit\u00e0 e anche la minima quantit\u00e0 di acqua disponibile.<\/p>\n<p><strong>Contenuto per dose giornaliera di 40ml<\/strong><\/p>\n<p>(titolato al 10% in aloverosio sul residuo secco) <em> 39,5 g<\/em> <em>apporto di polisaccaridi 19,7 mg. Conservanti: sorbato di potassio, benzoato di sodio.<\/em><\/p>\n<p><strong>Modo d\u2019uso<\/strong><\/p>\n<p>assumere 1 misurino pieno (20 ml) 2 volte al giorno, tal quale o diluito in acqua o succo di frutta.<\/p>\n","protected":false},"excerpt":{"rendered":"<p>Succo Puro di Aloe Vera &#8211; Erbamea Formati disponibili: 1 litro e 1\/2 litro Contiene Aloe vera succo da gel fogliare Da millenni le propriet\u00e0 salutari della pianta di Aloe vera sono conosciute e apprezzate. Definita anche la \u201cPianta del Miracolo\u201d, l\u2019Aloe vera cresce e&#8230;<\/p>\n","protected":false},"featured_media":107582,"template":"","meta":{"_acf_changed":false},"product_brand":[9617],"product_cat":[9835],"product_tag":[],"giftcard-category":[],"class_list":{"0":"post-107581","1":"product","2":"type-product","3":"status-publish","4":"has-post-thumbnail","6":"product_brand-erbamea","7":"product_cat-radicali-liberi-e-ossidazione","8":"pa_formato-1-litro","9":"pa_formato-500-ml","11":"first","12":"instock","13":"sale","14":"taxable","15":"shipping-taxable","16":"purchasable","17":"product-type-variable"},"acf":[],"yoast_head":"<!-- This site is optimized with the Yoast SEO plugin v24.9 - https:\/\/yoast.com\/wordpress\/plugins\/seo\/ -->\n<title>Succo Puro di Aloe Vera Erbamea titolato al 10% in aloverosio - Erboristeria Demetra<\/title>\n<meta name=\"description\" content=\"Contiene Aloe vera succo da gel fogliare (titolato al 10% in aloverosio sul residuo secco) 39,5 g apporto di polisaccaridi 19,7 mg\" \/>\n<meta name=\"robots\" content=\"index, follow, max-snippet:-1, max-image-preview:large, max-video-preview:-1\" \/>\n<link rel=\"canonical\" href=\"https:\/\/www.erboristerie.com\/it\/prodotto\/succo-puro-di-aloe-vera-erbamea-titolato-al-10-in-aloverosio\/\" \/>\n<meta property=\"og:locale\" content=\"en_US\" \/>\n<meta property=\"og:type\" content=\"article\" \/>\n<meta property=\"og:title\" content=\"Succo Puro di Aloe Vera Erbamea titolato al 10% in aloverosio - Erboristeria Demetra\" \/>\n<meta property=\"og:description\" content=\"Contiene Aloe vera succo da gel fogliare (titolato al 10% in aloverosio sul residuo secco) 39,5 g apporto di polisaccaridi 19,7 mg\" \/>\n<meta property=\"og:url\" content=\"https:\/\/www.erboristerie.com\/it\/prodotto\/succo-puro-di-aloe-vera-erbamea-titolato-al-10-in-aloverosio\/\" \/>\n<meta property=\"og:site_name\" content=\"Erboristeria Demetra\" \/>\n<meta property=\"article:publisher\" content=\"https:\/\/www.facebook.com\/erboristeria.demetra.online\" \/>\n<meta property=\"article:modified_time\" content=\"2025-09-30T16:59:53+00:00\" \/>\n<meta property=\"og:image\" content=\"https:\/\/www.erboristerie.com\/wp-content\/uploads\/2020\/10\/00007022.jpg?v=1611516163\" \/>\n\t<meta property=\"og:image:width\" content=\"403\" \/>\n\t<meta property=\"og:image:height\" content=\"406\" \/>\n\t<meta property=\"og:image:type\" content=\"image\/jpeg\" \/>\n<meta name=\"twitter:card\" content=\"summary_large_image\" \/>\n<meta name=\"twitter:label1\" content=\"Est. reading time\" \/>\n\t<meta name=\"twitter:data1\" content=\"1 minute\" \/>\n<script type=\"application\/ld+json\" class=\"yoast-schema-graph\">{\"@context\":\"https:\/\/schema.org\",\"@graph\":[{\"@type\":\"WebPage\",\"@id\":\"https:\/\/www.erboristerie.com\/it\/prodotto\/succo-puro-di-aloe-vera-erbamea-titolato-al-10-in-aloverosio\/\",\"url\":\"https:\/\/www.erboristerie.com\/it\/prodotto\/succo-puro-di-aloe-vera-erbamea-titolato-al-10-in-aloverosio\/\",\"name\":\"Succo Puro di Aloe Vera Erbamea titolato al 10% in aloverosio - Erboristeria Demetra\",\"isPartOf\":{\"@id\":\"https:\/\/www.erboristerie.com\/it\/#website\"},\"primaryImageOfPage\":{\"@id\":\"https:\/\/www.erboristerie.com\/it\/prodotto\/succo-puro-di-aloe-vera-erbamea-titolato-al-10-in-aloverosio\/#primaryimage\"},\"image\":{\"@id\":\"https:\/\/www.erboristerie.com\/it\/prodotto\/succo-puro-di-aloe-vera-erbamea-titolato-al-10-in-aloverosio\/#primaryimage\"},\"thumbnailUrl\":\"https:\/\/www.erboristerie.com\/wp-content\/uploads\/2020\/10\/00007022.jpg?v=1611516163\",\"datePublished\":\"2020-10-16T08:47:53+00:00\",\"dateModified\":\"2025-09-30T16:59:53+00:00\",\"description\":\"Contiene Aloe vera succo da gel fogliare (titolato al 10% in aloverosio sul residuo secco) 39,5 g apporto di polisaccaridi 19,7 mg\",\"breadcrumb\":{\"@id\":\"https:\/\/www.erboristerie.com\/it\/prodotto\/succo-puro-di-aloe-vera-erbamea-titolato-al-10-in-aloverosio\/#breadcrumb\"},\"inLanguage\":\"en-US\",\"potentialAction\":[{\"@type\":\"ReadAction\",\"target\":[\"https:\/\/www.erboristerie.com\/it\/prodotto\/succo-puro-di-aloe-vera-erbamea-titolato-al-10-in-aloverosio\/\"]}]},{\"@type\":\"ImageObject\",\"inLanguage\":\"en-US\",\"@id\":\"https:\/\/www.erboristerie.com\/it\/prodotto\/succo-puro-di-aloe-vera-erbamea-titolato-al-10-in-aloverosio\/#primaryimage\",\"url\":\"https:\/\/www.erboristerie.com\/wp-content\/uploads\/2020\/10\/00007022.jpg?v=1611516163\",\"contentUrl\":\"https:\/\/www.erboristerie.com\/wp-content\/uploads\/2020\/10\/00007022.jpg?v=1611516163\",\"width\":403,\"height\":406},{\"@type\":\"BreadcrumbList\",\"@id\":\"https:\/\/www.erboristerie.com\/it\/prodotto\/succo-puro-di-aloe-vera-erbamea-titolato-al-10-in-aloverosio\/#breadcrumb\",\"itemListElement\":[{\"@type\":\"ListItem\",\"position\":1,\"name\":\"Home\",\"item\":\"https:\/\/www.erboristerie.com\/en\/\"},{\"@type\":\"ListItem\",\"position\":2,\"name\":\"All products\",\"item\":\"https:\/\/www.erboristerie.com\/en\/all-products\/\"},{\"@type\":\"ListItem\",\"position\":3,\"name\":\"Succo Puro di Aloe Vera Erbamea titolato al 10% in aloverosio\"}]},{\"@type\":\"WebSite\",\"@id\":\"https:\/\/www.erboristerie.com\/it\/#website\",\"url\":\"https:\/\/www.erboristerie.com\/it\/\",\"name\":\"Erboristeria Demetra\",\"description\":\"Your natural health\",\"publisher\":{\"@id\":\"https:\/\/www.erboristerie.com\/it\/#organization\"},\"potentialAction\":[{\"@type\":\"SearchAction\",\"target\":{\"@type\":\"EntryPoint\",\"urlTemplate\":\"https:\/\/www.erboristerie.com\/it\/?s={search_term_string}\"},\"query-input\":{\"@type\":\"PropertyValueSpecification\",\"valueRequired\":true,\"valueName\":\"search_term_string\"}}],\"inLanguage\":\"en-US\"},{\"@type\":\"Organization\",\"@id\":\"https:\/\/www.erboristerie.com\/it\/#organization\",\"name\":\"Erboristeria Demetra\",\"url\":\"https:\/\/www.erboristerie.com\/it\/\",\"logo\":{\"@type\":\"ImageObject\",\"inLanguage\":\"en-US\",\"@id\":\"https:\/\/www.erboristerie.com\/it\/#\/schema\/logo\/image\/\",\"url\":\"https:\/\/www.erboristerie.com\/wp-content\/uploads\/2019\/11\/LOGO_ERBORISTERIA_DEMETRA_original.png?v=1611516981\",\"contentUrl\":\"https:\/\/www.erboristerie.com\/wp-content\/uploads\/2019\/11\/LOGO_ERBORISTERIA_DEMETRA_original.png?v=1611516981\",\"width\":201,\"height\":54,\"caption\":\"Erboristeria Demetra\"},\"image\":{\"@id\":\"https:\/\/www.erboristerie.com\/it\/#\/schema\/logo\/image\/\"},\"sameAs\":[\"https:\/\/www.facebook.com\/erboristeria.demetra.online\"]}]}<\/script>\n<!-- \/ Yoast SEO plugin. -->","yoast_head_json":{"title":"Succo Puro di Aloe Vera Erbamea titolato al 10% in aloverosio - Erboristeria Demetra","description":"Contiene Aloe vera succo da gel fogliare (titolato al 10% in aloverosio sul residuo secco) 39,5 g apporto di polisaccaridi 19,7 mg","robots":{"index":"index","follow":"follow","max-snippet":"max-snippet:-1","max-image-preview":"max-image-preview:large","max-video-preview":"max-video-preview:-1"},"canonical":"https:\/\/www.erboristerie.com\/it\/prodotto\/succo-puro-di-aloe-vera-erbamea-titolato-al-10-in-aloverosio\/","og_locale":"en_US","og_type":"article","og_title":"Succo Puro di Aloe Vera Erbamea titolato al 10% in aloverosio - Erboristeria Demetra","og_description":"Contiene Aloe vera succo da gel fogliare (titolato al 10% in aloverosio sul residuo secco) 39,5 g apporto di polisaccaridi 19,7 mg","og_url":"https:\/\/www.erboristerie.com\/it\/prodotto\/succo-puro-di-aloe-vera-erbamea-titolato-al-10-in-aloverosio\/","og_site_name":"Erboristeria Demetra","article_publisher":"https:\/\/www.facebook.com\/erboristeria.demetra.online","article_modified_time":"2025-09-30T16:59:53+00:00","og_image":[{"width":403,"height":406,"url":"https:\/\/www.erboristerie.com\/wp-content\/uploads\/2020\/10\/00007022.jpg?v=1611516163","type":"image\/jpeg"}],"twitter_card":"summary_large_image","twitter_misc":{"Est. reading time":"1 minute"},"schema":{"@context":"https:\/\/schema.org","@graph":[{"@type":"WebPage","@id":"https:\/\/www.erboristerie.com\/it\/prodotto\/succo-puro-di-aloe-vera-erbamea-titolato-al-10-in-aloverosio\/","url":"https:\/\/www.erboristerie.com\/it\/prodotto\/succo-puro-di-aloe-vera-erbamea-titolato-al-10-in-aloverosio\/","name":"Succo Puro di Aloe Vera Erbamea titolato al 10% in aloverosio - Erboristeria Demetra","isPartOf":{"@id":"https:\/\/www.erboristerie.com\/it\/#website"},"primaryImageOfPage":{"@id":"https:\/\/www.erboristerie.com\/it\/prodotto\/succo-puro-di-aloe-vera-erbamea-titolato-al-10-in-aloverosio\/#primaryimage"},"image":{"@id":"https:\/\/www.erboristerie.com\/it\/prodotto\/succo-puro-di-aloe-vera-erbamea-titolato-al-10-in-aloverosio\/#primaryimage"},"thumbnailUrl":"https:\/\/www.erboristerie.com\/wp-content\/uploads\/2020\/10\/00007022.jpg?v=1611516163","datePublished":"2020-10-16T08:47:53+00:00","dateModified":"2025-09-30T16:59:53+00:00","description":"Contiene Aloe vera succo da gel fogliare (titolato al 10% in aloverosio sul residuo secco) 39,5 g apporto di polisaccaridi 19,7 mg","breadcrumb":{"@id":"https:\/\/www.erboristerie.com\/it\/prodotto\/succo-puro-di-aloe-vera-erbamea-titolato-al-10-in-aloverosio\/#breadcrumb"},"inLanguage":"en-US","potentialAction":[{"@type":"ReadAction","target":["https:\/\/www.erboristerie.com\/it\/prodotto\/succo-puro-di-aloe-vera-erbamea-titolato-al-10-in-aloverosio\/"]}]},{"@type":"ImageObject","inLanguage":"en-US","@id":"https:\/\/www.erboristerie.com\/it\/prodotto\/succo-puro-di-aloe-vera-erbamea-titolato-al-10-in-aloverosio\/#primaryimage","url":"https:\/\/www.erboristerie.com\/wp-content\/uploads\/2020\/10\/00007022.jpg?v=1611516163","contentUrl":"https:\/\/www.erboristerie.com\/wp-content\/uploads\/2020\/10\/00007022.jpg?v=1611516163","width":403,"height":406},{"@type":"BreadcrumbList","@id":"https:\/\/www.erboristerie.com\/it\/prodotto\/succo-puro-di-aloe-vera-erbamea-titolato-al-10-in-aloverosio\/#breadcrumb","itemListElement":[{"@type":"ListItem","position":1,"name":"Home","item":"https:\/\/www.erboristerie.com\/en\/"},{"@type":"ListItem","position":2,"name":"All products","item":"https:\/\/www.erboristerie.com\/en\/all-products\/"},{"@type":"ListItem","position":3,"name":"Succo Puro di Aloe Vera Erbamea titolato al 10% in aloverosio"}]},{"@type":"WebSite","@id":"https:\/\/www.erboristerie.com\/it\/#website","url":"https:\/\/www.erboristerie.com\/it\/","name":"Erboristeria Demetra","description":"Your natural health","publisher":{"@id":"https:\/\/www.erboristerie.com\/it\/#organization"},"potentialAction":[{"@type":"SearchAction","target":{"@type":"EntryPoint","urlTemplate":"https:\/\/www.erboristerie.com\/it\/?s={search_term_string}"},"query-input":{"@type":"PropertyValueSpecification","valueRequired":true,"valueName":"search_term_string"}}],"inLanguage":"en-US"},{"@type":"Organization","@id":"https:\/\/www.erboristerie.com\/it\/#organization","name":"Erboristeria Demetra","url":"https:\/\/www.erboristerie.com\/it\/","logo":{"@type":"ImageObject","inLanguage":"en-US","@id":"https:\/\/www.erboristerie.com\/it\/#\/schema\/logo\/image\/","url":"https:\/\/www.erboristerie.com\/wp-content\/uploads\/2019\/11\/LOGO_ERBORISTERIA_DEMETRA_original.png?v=1611516981","contentUrl":"https:\/\/www.erboristerie.com\/wp-content\/uploads\/2019\/11\/LOGO_ERBORISTERIA_DEMETRA_original.png?v=1611516981","width":201,"height":54,"caption":"Erboristeria Demetra"},"image":{"@id":"https:\/\/www.erboristerie.com\/it\/#\/schema\/logo\/image\/"},"sameAs":["https:\/\/www.facebook.com\/erboristeria.demetra.online"]}]}},"_links":{"self":[{"href":"https:\/\/www.erboristerie.com\/en\/wp-json\/wp\/v2\/product\/107581","targetHints":{"allow":["GET"]}}],"collection":[{"href":"https:\/\/www.erboristerie.com\/en\/wp-json\/wp\/v2\/product"}],"about":[{"href":"https:\/\/www.erboristerie.com\/en\/wp-json\/wp\/v2\/types\/product"}],"wp:featuredmedia":[{"embeddable":true,"href":"https:\/\/www.erboristerie.com\/en\/wp-json\/wp\/v2\/media\/107582"}],"wp:attachment":[{"href":"https:\/\/www.erboristerie.com\/en\/wp-json\/wp\/v2\/media?parent=107581"}],"wp:term":[{"taxonomy":"product_brand","embeddable":true,"href":"https:\/\/www.erboristerie.com\/en\/wp-json\/wp\/v2\/product_brand?post=107581"},{"taxonomy":"product_cat","embeddable":true,"href":"https:\/\/www.erboristerie.com\/en\/wp-json\/wp\/v2\/product_cat?post=107581"},{"taxonomy":"product_tag","embeddable":true,"href":"https:\/\/www.erboristerie.com\/en\/wp-json\/wp\/v2\/product_tag?post=107581"},{"taxonomy":"giftcard-category","embeddable":true,"href":"https:\/\/www.erboristerie.com\/en\/wp-json\/wp\/v2\/giftcard-category?post=107581"}],"curies":[{"name":"wp","href":"https:\/\/api.w.org\/{rel}","templated":true}]}}