{"id":107495,"date":"2020-10-11T18:42:41","date_gmt":"2020-10-11T16:42:41","guid":{"rendered":"https:\/\/www.erboristerie.com\/?post_type=product&#038;p=107495"},"modified":"2025-04-04T10:08:21","modified_gmt":"2025-04-04T08:08:21","slug":"crema-per-mani-e-piedi-narciso-nobile-75-ml-di-natures","status":"publish","type":"product","link":"https:\/\/www.erboristerie.com\/en\/prodotto\/crema-per-mani-e-piedi-narciso-nobile-75-ml-di-natures\/","title":{"rendered":"Crema per Mani e Piedi Narciso Nobile 75 ml &#8211; Nature&#8217;s"},"content":{"rendered":"<p><strong>Crema per Mani e Piedi Narciso Nobile 75 ml &#8211; Nature&#8217;s<br \/>\n<\/strong>Con Narciso e Mughetto biologici<\/p>\n<p>Ricca ma non grassa, la Crema Mani e Piedi Narciso Nobile protegge la pelle pi\u00f9 esposta al rischio secchezza e disidratazione.<\/p>\n<p>Contiene attivi di origine naturale, che aiutano a ridurre la perdita d\u2019acqua dall\u2019epidermide e betaina, ricavata dalle barbabietole, che stimola il turnover cellulare, contrastando l\u2019ispessimento dello strato corneo.<\/p>\n<p>\u00c8 arricchita con burro di Karit\u00e9 bio e vitamina E, che apportano morbidezza, protezione ed elasticit\u00e0, mentre l\u2019estratto di fiori di Narciso e l\u2019estratto di foglie di Mughetto bio svolgono effetti tonificanti ed energizzanti.<\/p>\n<p>Una miscela di sostanze vegetali contribuisce a prolungare l\u2019azione idratante e nutriente.<\/p>\n<p>La sensazione di comfort \u00e8 intensificata dalla delicata profumazione della linea.<\/p>\n<p>95% di ingredienti di origine naturale. Il restante per la sensorialit\u00e0 e la conservazione del prodotto.<\/p>\n<p><strong>NARCISO NOBILE<\/strong><br \/>\nIl pi\u00f9 vanitoso dei fiori, l\u2019unico con due corone di petali e un profumo cos\u00ec inebriante da diventare simbolo di bellezza, fortuna e rinascita.<br \/>\nLa pelle si distende e illumina, ne ricava idratazione e protezione, mentre la profumazione fiorito-cipriata, filo conduttore di tutta la linea, prolunga il senso di benessere per tutta la giornata.<\/p>\n<p><strong>Attivi naturali<\/strong><br \/>\nEstratto di Narciso tonificante<br \/>\nEstratto di Mughetto bio energizzante<br \/>\nBurro di Karit\u00e8 e olio di Mandorle dolci emollienti e nutrienti<\/p>\n<p><strong>Fragranza<\/strong><br \/>\n<strong>Note di testa:<\/strong> Bergamotto, Susina e Mughetto<br \/>\n<strong>Nota di Cuore:<\/strong> Osmanthus, Rosa, Gelsomino e Narciso<br \/>\n<strong>Nota di fondo:<\/strong> Legno di cedro, Patchouli, Musk<\/p>\n<p><strong>Le garanzie di Nature&#8217;s<br \/>\n<\/strong>Prodotti con estratti vegetali<strong> BIO<\/strong> nel rispetto della biodiversit\u00e0<br \/>\nFormule <strong>VEGAN<\/strong> senza derivati animali<br \/>\n<strong>NON<\/strong> contengono parabeni, paraffina, oli minerali, siliconi, ogm, sls, sles, dea, cessori di formaldeide, Nickel e Dermatologicamente testati (Nickel &lt; 0,0001%)<\/p>\n","protected":false},"excerpt":{"rendered":"<p>Crema per Mani e Piedi Narciso Nobile 75 ml &#8211; Nature&#8217;s Con Narciso e Mughetto biologici Ricca ma non grassa, la Crema Mani e Piedi Narciso Nobile protegge la pelle pi\u00f9 esposta al rischio secchezza e disidratazione. Contiene attivi di origine naturale, che aiutano a&#8230;<\/p>\n","protected":false},"featured_media":107496,"template":"","meta":{"_acf_changed":false},"product_brand":[9650],"product_cat":[9907,9887],"product_tag":[],"giftcard-category":[],"class_list":{"0":"post-107495","1":"product","2":"type-product","3":"status-publish","4":"has-post-thumbnail","6":"product_brand-nature-s","7":"product_cat-mani-unghie","8":"product_cat-piedi-e-gambe","9":"pa_formato-75-ml","10":"pa_linea-profumazione-narciso-nobile","11":"pa_marca-natures","12":"pa_tipologia-crema","14":"first","15":"instock","16":"sale","17":"taxable","18":"shipping-taxable","19":"purchasable","20":"product-type-simple"},"acf":[],"yoast_head":"<!-- This site is optimized with the Yoast SEO plugin v24.9 - https:\/\/yoast.com\/wordpress\/plugins\/seo\/ -->\n<title>Crema per Mani e Piedi Narciso Nobile 75 ml - Nature&#039;s - Erboristeria Demetra<\/title>\n<meta name=\"description\" content=\"Ricca ma non grassa, la Crema Mani e Piedi Narciso Nobile protegge la pelle pi\u00f9 esposta al rischio secchezza e disidratazione.\" \/>\n<meta name=\"robots\" content=\"index, follow, max-snippet:-1, max-image-preview:large, max-video-preview:-1\" \/>\n<link rel=\"canonical\" href=\"https:\/\/www.erboristerie.com\/it\/prodotto\/crema-per-mani-e-piedi-narciso-nobile-75-ml-di-natures\/\" \/>\n<meta property=\"og:locale\" content=\"en_US\" \/>\n<meta property=\"og:type\" content=\"article\" \/>\n<meta property=\"og:title\" content=\"Crema per Mani e Piedi Narciso Nobile 75 ml - Nature&#039;s - Erboristeria Demetra\" \/>\n<meta property=\"og:description\" content=\"Ricca ma non grassa, la Crema Mani e Piedi Narciso Nobile protegge la pelle pi\u00f9 esposta al rischio secchezza e disidratazione.\" \/>\n<meta property=\"og:url\" content=\"https:\/\/www.erboristerie.com\/it\/prodotto\/crema-per-mani-e-piedi-narciso-nobile-75-ml-di-natures\/\" \/>\n<meta property=\"og:site_name\" content=\"Erboristeria Demetra\" \/>\n<meta property=\"article:publisher\" content=\"https:\/\/www.facebook.com\/erboristeria.demetra.online\" \/>\n<meta property=\"article:modified_time\" content=\"2025-04-04T08:08:21+00:00\" \/>\n<meta property=\"og:image\" content=\"https:\/\/www.erboristerie.com\/wp-content\/uploads\/2020\/10\/00001424.jpg?v=1611516235\" \/>\n\t<meta property=\"og:image:width\" content=\"1200\" \/>\n\t<meta property=\"og:image:height\" content=\"1200\" \/>\n\t<meta property=\"og:image:type\" content=\"image\/jpeg\" \/>\n<meta name=\"twitter:card\" content=\"summary_large_image\" \/>\n<meta name=\"twitter:label1\" content=\"Est. reading time\" \/>\n\t<meta name=\"twitter:data1\" content=\"1 minute\" \/>\n<script type=\"application\/ld+json\" class=\"yoast-schema-graph\">{\"@context\":\"https:\/\/schema.org\",\"@graph\":[{\"@type\":\"WebPage\",\"@id\":\"https:\/\/www.erboristerie.com\/it\/prodotto\/crema-per-mani-e-piedi-narciso-nobile-75-ml-di-natures\/\",\"url\":\"https:\/\/www.erboristerie.com\/it\/prodotto\/crema-per-mani-e-piedi-narciso-nobile-75-ml-di-natures\/\",\"name\":\"Crema per Mani e Piedi Narciso Nobile 75 ml - Nature's - Erboristeria Demetra\",\"isPartOf\":{\"@id\":\"https:\/\/www.erboristerie.com\/it\/#website\"},\"primaryImageOfPage\":{\"@id\":\"https:\/\/www.erboristerie.com\/it\/prodotto\/crema-per-mani-e-piedi-narciso-nobile-75-ml-di-natures\/#primaryimage\"},\"image\":{\"@id\":\"https:\/\/www.erboristerie.com\/it\/prodotto\/crema-per-mani-e-piedi-narciso-nobile-75-ml-di-natures\/#primaryimage\"},\"thumbnailUrl\":\"https:\/\/www.erboristerie.com\/wp-content\/uploads\/2020\/10\/00001424.jpg?v=1611516235\",\"datePublished\":\"2020-10-11T16:42:41+00:00\",\"dateModified\":\"2025-04-04T08:08:21+00:00\",\"description\":\"Ricca ma non grassa, la Crema Mani e Piedi Narciso Nobile protegge la pelle pi\u00f9 esposta al rischio secchezza e disidratazione.\",\"breadcrumb\":{\"@id\":\"https:\/\/www.erboristerie.com\/it\/prodotto\/crema-per-mani-e-piedi-narciso-nobile-75-ml-di-natures\/#breadcrumb\"},\"inLanguage\":\"en-US\",\"potentialAction\":[{\"@type\":\"ReadAction\",\"target\":[\"https:\/\/www.erboristerie.com\/it\/prodotto\/crema-per-mani-e-piedi-narciso-nobile-75-ml-di-natures\/\"]}]},{\"@type\":\"ImageObject\",\"inLanguage\":\"en-US\",\"@id\":\"https:\/\/www.erboristerie.com\/it\/prodotto\/crema-per-mani-e-piedi-narciso-nobile-75-ml-di-natures\/#primaryimage\",\"url\":\"https:\/\/www.erboristerie.com\/wp-content\/uploads\/2020\/10\/00001424.jpg?v=1611516235\",\"contentUrl\":\"https:\/\/www.erboristerie.com\/wp-content\/uploads\/2020\/10\/00001424.jpg?v=1611516235\",\"width\":1200,\"height\":1200},{\"@type\":\"BreadcrumbList\",\"@id\":\"https:\/\/www.erboristerie.com\/it\/prodotto\/crema-per-mani-e-piedi-narciso-nobile-75-ml-di-natures\/#breadcrumb\",\"itemListElement\":[{\"@type\":\"ListItem\",\"position\":1,\"name\":\"Home\",\"item\":\"https:\/\/www.erboristerie.com\/en\/\"},{\"@type\":\"ListItem\",\"position\":2,\"name\":\"All products\",\"item\":\"https:\/\/www.erboristerie.com\/en\/all-products\/\"},{\"@type\":\"ListItem\",\"position\":3,\"name\":\"Crema per Mani e Piedi Narciso Nobile 75 ml &#8211; Nature&#8217;s\"}]},{\"@type\":\"WebSite\",\"@id\":\"https:\/\/www.erboristerie.com\/it\/#website\",\"url\":\"https:\/\/www.erboristerie.com\/it\/\",\"name\":\"Erboristeria Demetra\",\"description\":\"Your natural health\",\"publisher\":{\"@id\":\"https:\/\/www.erboristerie.com\/it\/#organization\"},\"potentialAction\":[{\"@type\":\"SearchAction\",\"target\":{\"@type\":\"EntryPoint\",\"urlTemplate\":\"https:\/\/www.erboristerie.com\/it\/?s={search_term_string}\"},\"query-input\":{\"@type\":\"PropertyValueSpecification\",\"valueRequired\":true,\"valueName\":\"search_term_string\"}}],\"inLanguage\":\"en-US\"},{\"@type\":\"Organization\",\"@id\":\"https:\/\/www.erboristerie.com\/it\/#organization\",\"name\":\"Erboristeria Demetra\",\"url\":\"https:\/\/www.erboristerie.com\/it\/\",\"logo\":{\"@type\":\"ImageObject\",\"inLanguage\":\"en-US\",\"@id\":\"https:\/\/www.erboristerie.com\/it\/#\/schema\/logo\/image\/\",\"url\":\"https:\/\/www.erboristerie.com\/wp-content\/uploads\/2019\/11\/LOGO_ERBORISTERIA_DEMETRA_original.png?v=1611516981\",\"contentUrl\":\"https:\/\/www.erboristerie.com\/wp-content\/uploads\/2019\/11\/LOGO_ERBORISTERIA_DEMETRA_original.png?v=1611516981\",\"width\":201,\"height\":54,\"caption\":\"Erboristeria Demetra\"},\"image\":{\"@id\":\"https:\/\/www.erboristerie.com\/it\/#\/schema\/logo\/image\/\"},\"sameAs\":[\"https:\/\/www.facebook.com\/erboristeria.demetra.online\"]}]}<\/script>\n<!-- \/ Yoast SEO plugin. -->","yoast_head_json":{"title":"Crema per Mani e Piedi Narciso Nobile 75 ml - Nature's - Erboristeria Demetra","description":"Ricca ma non grassa, la Crema Mani e Piedi Narciso Nobile protegge la pelle pi\u00f9 esposta al rischio secchezza e disidratazione.","robots":{"index":"index","follow":"follow","max-snippet":"max-snippet:-1","max-image-preview":"max-image-preview:large","max-video-preview":"max-video-preview:-1"},"canonical":"https:\/\/www.erboristerie.com\/it\/prodotto\/crema-per-mani-e-piedi-narciso-nobile-75-ml-di-natures\/","og_locale":"en_US","og_type":"article","og_title":"Crema per Mani e Piedi Narciso Nobile 75 ml - Nature's - Erboristeria Demetra","og_description":"Ricca ma non grassa, la Crema Mani e Piedi Narciso Nobile protegge la pelle pi\u00f9 esposta al rischio secchezza e disidratazione.","og_url":"https:\/\/www.erboristerie.com\/it\/prodotto\/crema-per-mani-e-piedi-narciso-nobile-75-ml-di-natures\/","og_site_name":"Erboristeria Demetra","article_publisher":"https:\/\/www.facebook.com\/erboristeria.demetra.online","article_modified_time":"2025-04-04T08:08:21+00:00","og_image":[{"width":1200,"height":1200,"url":"https:\/\/www.erboristerie.com\/wp-content\/uploads\/2020\/10\/00001424.jpg?v=1611516235","type":"image\/jpeg"}],"twitter_card":"summary_large_image","twitter_misc":{"Est. reading time":"1 minute"},"schema":{"@context":"https:\/\/schema.org","@graph":[{"@type":"WebPage","@id":"https:\/\/www.erboristerie.com\/it\/prodotto\/crema-per-mani-e-piedi-narciso-nobile-75-ml-di-natures\/","url":"https:\/\/www.erboristerie.com\/it\/prodotto\/crema-per-mani-e-piedi-narciso-nobile-75-ml-di-natures\/","name":"Crema per Mani e Piedi Narciso Nobile 75 ml - Nature's - Erboristeria Demetra","isPartOf":{"@id":"https:\/\/www.erboristerie.com\/it\/#website"},"primaryImageOfPage":{"@id":"https:\/\/www.erboristerie.com\/it\/prodotto\/crema-per-mani-e-piedi-narciso-nobile-75-ml-di-natures\/#primaryimage"},"image":{"@id":"https:\/\/www.erboristerie.com\/it\/prodotto\/crema-per-mani-e-piedi-narciso-nobile-75-ml-di-natures\/#primaryimage"},"thumbnailUrl":"https:\/\/www.erboristerie.com\/wp-content\/uploads\/2020\/10\/00001424.jpg?v=1611516235","datePublished":"2020-10-11T16:42:41+00:00","dateModified":"2025-04-04T08:08:21+00:00","description":"Ricca ma non grassa, la Crema Mani e Piedi Narciso Nobile protegge la pelle pi\u00f9 esposta al rischio secchezza e disidratazione.","breadcrumb":{"@id":"https:\/\/www.erboristerie.com\/it\/prodotto\/crema-per-mani-e-piedi-narciso-nobile-75-ml-di-natures\/#breadcrumb"},"inLanguage":"en-US","potentialAction":[{"@type":"ReadAction","target":["https:\/\/www.erboristerie.com\/it\/prodotto\/crema-per-mani-e-piedi-narciso-nobile-75-ml-di-natures\/"]}]},{"@type":"ImageObject","inLanguage":"en-US","@id":"https:\/\/www.erboristerie.com\/it\/prodotto\/crema-per-mani-e-piedi-narciso-nobile-75-ml-di-natures\/#primaryimage","url":"https:\/\/www.erboristerie.com\/wp-content\/uploads\/2020\/10\/00001424.jpg?v=1611516235","contentUrl":"https:\/\/www.erboristerie.com\/wp-content\/uploads\/2020\/10\/00001424.jpg?v=1611516235","width":1200,"height":1200},{"@type":"BreadcrumbList","@id":"https:\/\/www.erboristerie.com\/it\/prodotto\/crema-per-mani-e-piedi-narciso-nobile-75-ml-di-natures\/#breadcrumb","itemListElement":[{"@type":"ListItem","position":1,"name":"Home","item":"https:\/\/www.erboristerie.com\/en\/"},{"@type":"ListItem","position":2,"name":"All products","item":"https:\/\/www.erboristerie.com\/en\/all-products\/"},{"@type":"ListItem","position":3,"name":"Crema per Mani e Piedi Narciso Nobile 75 ml &#8211; Nature&#8217;s"}]},{"@type":"WebSite","@id":"https:\/\/www.erboristerie.com\/it\/#website","url":"https:\/\/www.erboristerie.com\/it\/","name":"Erboristeria Demetra","description":"Your natural health","publisher":{"@id":"https:\/\/www.erboristerie.com\/it\/#organization"},"potentialAction":[{"@type":"SearchAction","target":{"@type":"EntryPoint","urlTemplate":"https:\/\/www.erboristerie.com\/it\/?s={search_term_string}"},"query-input":{"@type":"PropertyValueSpecification","valueRequired":true,"valueName":"search_term_string"}}],"inLanguage":"en-US"},{"@type":"Organization","@id":"https:\/\/www.erboristerie.com\/it\/#organization","name":"Erboristeria Demetra","url":"https:\/\/www.erboristerie.com\/it\/","logo":{"@type":"ImageObject","inLanguage":"en-US","@id":"https:\/\/www.erboristerie.com\/it\/#\/schema\/logo\/image\/","url":"https:\/\/www.erboristerie.com\/wp-content\/uploads\/2019\/11\/LOGO_ERBORISTERIA_DEMETRA_original.png?v=1611516981","contentUrl":"https:\/\/www.erboristerie.com\/wp-content\/uploads\/2019\/11\/LOGO_ERBORISTERIA_DEMETRA_original.png?v=1611516981","width":201,"height":54,"caption":"Erboristeria Demetra"},"image":{"@id":"https:\/\/www.erboristerie.com\/it\/#\/schema\/logo\/image\/"},"sameAs":["https:\/\/www.facebook.com\/erboristeria.demetra.online"]}]}},"_links":{"self":[{"href":"https:\/\/www.erboristerie.com\/en\/wp-json\/wp\/v2\/product\/107495","targetHints":{"allow":["GET"]}}],"collection":[{"href":"https:\/\/www.erboristerie.com\/en\/wp-json\/wp\/v2\/product"}],"about":[{"href":"https:\/\/www.erboristerie.com\/en\/wp-json\/wp\/v2\/types\/product"}],"wp:featuredmedia":[{"embeddable":true,"href":"https:\/\/www.erboristerie.com\/en\/wp-json\/wp\/v2\/media\/107496"}],"wp:attachment":[{"href":"https:\/\/www.erboristerie.com\/en\/wp-json\/wp\/v2\/media?parent=107495"}],"wp:term":[{"taxonomy":"product_brand","embeddable":true,"href":"https:\/\/www.erboristerie.com\/en\/wp-json\/wp\/v2\/product_brand?post=107495"},{"taxonomy":"product_cat","embeddable":true,"href":"https:\/\/www.erboristerie.com\/en\/wp-json\/wp\/v2\/product_cat?post=107495"},{"taxonomy":"product_tag","embeddable":true,"href":"https:\/\/www.erboristerie.com\/en\/wp-json\/wp\/v2\/product_tag?post=107495"},{"taxonomy":"giftcard-category","embeddable":true,"href":"https:\/\/www.erboristerie.com\/en\/wp-json\/wp\/v2\/giftcard-category?post=107495"}],"curies":[{"name":"wp","href":"https:\/\/api.w.org\/{rel}","templated":true}]}}