{"id":106851,"date":"2020-07-21T18:06:26","date_gmt":"2020-07-21T16:06:26","guid":{"rendered":"https:\/\/www.erboristerie.com\/?post_type=product&#038;p=106851"},"modified":"2025-09-10T18:55:01","modified_gmt":"2025-09-10T16:55:01","slug":"shampoo-protettivo-per-capelli-colorati-200ml-lerbolario","status":"publish","type":"product","link":"https:\/\/www.erboristerie.com\/en\/prodotto\/shampoo-protettivo-per-capelli-colorati-200ml-lerbolario\/","title":{"rendered":"Shampoo Protettivo per Capelli Colorati 200ml L&#8217;Erbolario"},"content":{"rendered":"<p><strong>Shampoo Protettivo per Capelli Colorati 200ml &#8211; L&#8217;Erbolario<br \/>\n<\/strong>con proteine di Limone e Quinoa \u201csalvacolore\u201d<\/p>\n<p><strong>Descrizione<\/strong><br \/>\nI capelli colorati hanno bisogno di qualche attenzione in pi\u00f9 per non rischiare di essere stressati o, peggio, danneggiati da tinte e trattamenti.<br \/>\nIn soccorso arriva questo speciale Shampoo, formulato con ingredienti di origine naturale e in grado di proteggere le chiome, preservandone il colore. L\u2019idrolizzato proteico di Quinoa, per esempio, rende lo stelo capillare pi\u00f9 elastico e lo avvolge con un sottile film protettivo, mentre le proteine di Limone quaternizzate donano compattezza e morbidezza, riducendo cos\u00ec la possibilit\u00e0 di \u201cscarico\u201d del colore.<\/p>\n<p>Senza siliconi, parabeni, tensioattivi solfati e petrolati<br \/>\n96% ingredienti di origine naturale<br \/>\nLa restante percentuale di ingredienti garantisce stabilit\u00e0 e gradevolezza del prodotto.<\/p>\n<p><strong>Consigli d&#8217;uso<\/strong><br \/>\nDopo aver bagnato i capelli, applicare il prodotto massaggiando fino a formare una delicata schiuma. Risciacquare e, se necessario, ripetere l&#8217;applicazione. Dopo lo Shampoo, consigliamo l\u2019uso del Balsamo Protettivo per Capelli Colorati.<\/p>\n<p><strong>Sostanze funzionali<\/strong><br \/>\nProteine di Limone quaternizzate, polisaccaride da semi di Guar quaternizzato, idrolizzato proteico di Quinoa, estratto di Avena sativa, estere dell\u2019acido citrico da Mais fermentato.<\/p>\n<p><strong>Ingredienti (INCI)<\/strong><br \/>\nAqua (Water), Disodium cocoyl glutamate, Cocamidopropyl betaine, Lauryl glucoside, Potassium cocoyl rice amino acids, Avena sativa (Oat) kernel extract, Hydrolyzed quinoa, Hydroxypropyltrimonium lemon protein, Sodium cocoyl glutamate, Glyceryl oleate, Glycerin, Guar hydroxypropyltrimonium chloride, Citric acid, Triethyl citrate, Leuconostoc\/radish root ferment filtrate, Parfum (Fragrance), Benzyl salicylate, Linalool, Hexyl cinnamal, Benzyl alcohol, Potassium sorbate, Sodium benzoate<\/p>\n<p><strong>Cosa sapere in pi\u00f9<\/strong><br \/>\n100% Made in Italy<br \/>\n7 Metalli testatiDermatologicamente Testato<br \/>\nDermatologicamente<br \/>\nLAV &#8211; Dalla parte degli animali<br \/>\nSenza ingredienti di derivazione animale<\/p>\n","protected":false},"excerpt":{"rendered":"<p>Shampoo Protettivo per Capelli Colorati 200ml &#8211; L&#8217;Erbolario con proteine di Limone e Quinoa \u201csalvacolore\u201d Descrizione I capelli colorati hanno bisogno di qualche attenzione in pi\u00f9 per non rischiare di essere stressati o, peggio, danneggiati da tinte e trattamenti. In soccorso arriva questo speciale Shampoo,&#8230;<\/p>\n","protected":false},"featured_media":106852,"template":"","meta":{"_acf_changed":false},"product_brand":[9603],"product_cat":[10307],"product_tag":[],"giftcard-category":[],"class_list":{"0":"post-106851","1":"product","2":"type-product","3":"status-publish","4":"has-post-thumbnail","6":"product_brand-erbolario","7":"product_cat-capelli","8":"pa_formato-200-ml","9":"pa_linea-profumazione-capelli","10":"pa_marca-lerbolario","11":"pa_tipologia-shampoo","13":"first","14":"instock","15":"sale","16":"taxable","17":"shipping-taxable","18":"purchasable","19":"product-type-simple"},"acf":[],"yoast_head":"<!-- This site is optimized with the Yoast SEO plugin v24.9 - https:\/\/yoast.com\/wordpress\/plugins\/seo\/ -->\n<title>Shampoo Protettivo per Capelli Colorati 200ml L&#039;Erbolario - Erboristeria Demetra<\/title>\n<meta name=\"description\" content=\"Con ingredienti naturali in grado preservare il colore. Rende lo stelo capillare pi\u00f9 elastico riducendo cos\u00ec la possibilit\u00e0 di \u201cscarico\u201d del colore.\" \/>\n<meta name=\"robots\" content=\"index, follow, max-snippet:-1, max-image-preview:large, max-video-preview:-1\" \/>\n<link rel=\"canonical\" href=\"https:\/\/www.erboristerie.com\/it\/prodotto\/shampoo-protettivo-per-capelli-colorati-200ml-lerbolario\/\" \/>\n<meta property=\"og:locale\" content=\"en_US\" \/>\n<meta property=\"og:type\" content=\"article\" \/>\n<meta property=\"og:title\" content=\"Shampoo Protettivo per Capelli Colorati 200ml L&#039;Erbolario - Erboristeria Demetra\" \/>\n<meta property=\"og:description\" content=\"Con ingredienti naturali in grado preservare il colore. Rende lo stelo capillare pi\u00f9 elastico riducendo cos\u00ec la possibilit\u00e0 di \u201cscarico\u201d del colore.\" \/>\n<meta property=\"og:url\" content=\"https:\/\/www.erboristerie.com\/it\/prodotto\/shampoo-protettivo-per-capelli-colorati-200ml-lerbolario\/\" \/>\n<meta property=\"og:site_name\" content=\"Erboristeria Demetra\" \/>\n<meta property=\"article:publisher\" content=\"https:\/\/www.facebook.com\/erboristeria.demetra.online\" \/>\n<meta property=\"article:modified_time\" content=\"2025-09-10T16:55:01+00:00\" \/>\n<meta property=\"og:image\" content=\"https:\/\/www.erboristerie.com\/wp-content\/uploads\/2020\/07\/00010868.png?v=1611516411\" \/>\n\t<meta property=\"og:image:width\" content=\"570\" \/>\n\t<meta property=\"og:image:height\" content=\"570\" \/>\n\t<meta property=\"og:image:type\" content=\"image\/png\" \/>\n<meta name=\"twitter:card\" content=\"summary_large_image\" \/>\n<meta name=\"twitter:label1\" content=\"Est. reading time\" \/>\n\t<meta name=\"twitter:data1\" content=\"1 minute\" \/>\n<script type=\"application\/ld+json\" class=\"yoast-schema-graph\">{\"@context\":\"https:\/\/schema.org\",\"@graph\":[{\"@type\":\"WebPage\",\"@id\":\"https:\/\/www.erboristerie.com\/it\/prodotto\/shampoo-protettivo-per-capelli-colorati-200ml-lerbolario\/\",\"url\":\"https:\/\/www.erboristerie.com\/it\/prodotto\/shampoo-protettivo-per-capelli-colorati-200ml-lerbolario\/\",\"name\":\"Shampoo Protettivo per Capelli Colorati 200ml L'Erbolario - Erboristeria Demetra\",\"isPartOf\":{\"@id\":\"https:\/\/www.erboristerie.com\/it\/#website\"},\"primaryImageOfPage\":{\"@id\":\"https:\/\/www.erboristerie.com\/it\/prodotto\/shampoo-protettivo-per-capelli-colorati-200ml-lerbolario\/#primaryimage\"},\"image\":{\"@id\":\"https:\/\/www.erboristerie.com\/it\/prodotto\/shampoo-protettivo-per-capelli-colorati-200ml-lerbolario\/#primaryimage\"},\"thumbnailUrl\":\"https:\/\/www.erboristerie.com\/wp-content\/uploads\/2020\/07\/00010868.png?v=1611516411\",\"datePublished\":\"2020-07-21T16:06:26+00:00\",\"dateModified\":\"2025-09-10T16:55:01+00:00\",\"description\":\"Con ingredienti naturali in grado preservare il colore. Rende lo stelo capillare pi\u00f9 elastico riducendo cos\u00ec la possibilit\u00e0 di \u201cscarico\u201d del colore.\",\"breadcrumb\":{\"@id\":\"https:\/\/www.erboristerie.com\/it\/prodotto\/shampoo-protettivo-per-capelli-colorati-200ml-lerbolario\/#breadcrumb\"},\"inLanguage\":\"en-US\",\"potentialAction\":[{\"@type\":\"ReadAction\",\"target\":[\"https:\/\/www.erboristerie.com\/it\/prodotto\/shampoo-protettivo-per-capelli-colorati-200ml-lerbolario\/\"]}]},{\"@type\":\"ImageObject\",\"inLanguage\":\"en-US\",\"@id\":\"https:\/\/www.erboristerie.com\/it\/prodotto\/shampoo-protettivo-per-capelli-colorati-200ml-lerbolario\/#primaryimage\",\"url\":\"https:\/\/www.erboristerie.com\/wp-content\/uploads\/2020\/07\/00010868.png?v=1611516411\",\"contentUrl\":\"https:\/\/www.erboristerie.com\/wp-content\/uploads\/2020\/07\/00010868.png?v=1611516411\",\"width\":570,\"height\":570},{\"@type\":\"BreadcrumbList\",\"@id\":\"https:\/\/www.erboristerie.com\/it\/prodotto\/shampoo-protettivo-per-capelli-colorati-200ml-lerbolario\/#breadcrumb\",\"itemListElement\":[{\"@type\":\"ListItem\",\"position\":1,\"name\":\"Home\",\"item\":\"https:\/\/www.erboristerie.com\/en\/\"},{\"@type\":\"ListItem\",\"position\":2,\"name\":\"All products\",\"item\":\"https:\/\/www.erboristerie.com\/en\/all-products\/\"},{\"@type\":\"ListItem\",\"position\":3,\"name\":\"Shampoo Protettivo per Capelli Colorati 200ml L&#8217;Erbolario\"}]},{\"@type\":\"WebSite\",\"@id\":\"https:\/\/www.erboristerie.com\/it\/#website\",\"url\":\"https:\/\/www.erboristerie.com\/it\/\",\"name\":\"Erboristeria Demetra\",\"description\":\"Your natural health\",\"publisher\":{\"@id\":\"https:\/\/www.erboristerie.com\/it\/#organization\"},\"potentialAction\":[{\"@type\":\"SearchAction\",\"target\":{\"@type\":\"EntryPoint\",\"urlTemplate\":\"https:\/\/www.erboristerie.com\/it\/?s={search_term_string}\"},\"query-input\":{\"@type\":\"PropertyValueSpecification\",\"valueRequired\":true,\"valueName\":\"search_term_string\"}}],\"inLanguage\":\"en-US\"},{\"@type\":\"Organization\",\"@id\":\"https:\/\/www.erboristerie.com\/it\/#organization\",\"name\":\"Erboristeria Demetra\",\"url\":\"https:\/\/www.erboristerie.com\/it\/\",\"logo\":{\"@type\":\"ImageObject\",\"inLanguage\":\"en-US\",\"@id\":\"https:\/\/www.erboristerie.com\/it\/#\/schema\/logo\/image\/\",\"url\":\"https:\/\/www.erboristerie.com\/wp-content\/uploads\/2019\/11\/LOGO_ERBORISTERIA_DEMETRA_original.png?v=1611516981\",\"contentUrl\":\"https:\/\/www.erboristerie.com\/wp-content\/uploads\/2019\/11\/LOGO_ERBORISTERIA_DEMETRA_original.png?v=1611516981\",\"width\":201,\"height\":54,\"caption\":\"Erboristeria Demetra\"},\"image\":{\"@id\":\"https:\/\/www.erboristerie.com\/it\/#\/schema\/logo\/image\/\"},\"sameAs\":[\"https:\/\/www.facebook.com\/erboristeria.demetra.online\"]}]}<\/script>\n<!-- \/ Yoast SEO plugin. -->","yoast_head_json":{"title":"Shampoo Protettivo per Capelli Colorati 200ml L'Erbolario - Erboristeria Demetra","description":"Con ingredienti naturali in grado preservare il colore. Rende lo stelo capillare pi\u00f9 elastico riducendo cos\u00ec la possibilit\u00e0 di \u201cscarico\u201d del colore.","robots":{"index":"index","follow":"follow","max-snippet":"max-snippet:-1","max-image-preview":"max-image-preview:large","max-video-preview":"max-video-preview:-1"},"canonical":"https:\/\/www.erboristerie.com\/it\/prodotto\/shampoo-protettivo-per-capelli-colorati-200ml-lerbolario\/","og_locale":"en_US","og_type":"article","og_title":"Shampoo Protettivo per Capelli Colorati 200ml L'Erbolario - Erboristeria Demetra","og_description":"Con ingredienti naturali in grado preservare il colore. Rende lo stelo capillare pi\u00f9 elastico riducendo cos\u00ec la possibilit\u00e0 di \u201cscarico\u201d del colore.","og_url":"https:\/\/www.erboristerie.com\/it\/prodotto\/shampoo-protettivo-per-capelli-colorati-200ml-lerbolario\/","og_site_name":"Erboristeria Demetra","article_publisher":"https:\/\/www.facebook.com\/erboristeria.demetra.online","article_modified_time":"2025-09-10T16:55:01+00:00","og_image":[{"width":570,"height":570,"url":"https:\/\/www.erboristerie.com\/wp-content\/uploads\/2020\/07\/00010868.png?v=1611516411","type":"image\/png"}],"twitter_card":"summary_large_image","twitter_misc":{"Est. reading time":"1 minute"},"schema":{"@context":"https:\/\/schema.org","@graph":[{"@type":"WebPage","@id":"https:\/\/www.erboristerie.com\/it\/prodotto\/shampoo-protettivo-per-capelli-colorati-200ml-lerbolario\/","url":"https:\/\/www.erboristerie.com\/it\/prodotto\/shampoo-protettivo-per-capelli-colorati-200ml-lerbolario\/","name":"Shampoo Protettivo per Capelli Colorati 200ml L'Erbolario - Erboristeria Demetra","isPartOf":{"@id":"https:\/\/www.erboristerie.com\/it\/#website"},"primaryImageOfPage":{"@id":"https:\/\/www.erboristerie.com\/it\/prodotto\/shampoo-protettivo-per-capelli-colorati-200ml-lerbolario\/#primaryimage"},"image":{"@id":"https:\/\/www.erboristerie.com\/it\/prodotto\/shampoo-protettivo-per-capelli-colorati-200ml-lerbolario\/#primaryimage"},"thumbnailUrl":"https:\/\/www.erboristerie.com\/wp-content\/uploads\/2020\/07\/00010868.png?v=1611516411","datePublished":"2020-07-21T16:06:26+00:00","dateModified":"2025-09-10T16:55:01+00:00","description":"Con ingredienti naturali in grado preservare il colore. Rende lo stelo capillare pi\u00f9 elastico riducendo cos\u00ec la possibilit\u00e0 di \u201cscarico\u201d del colore.","breadcrumb":{"@id":"https:\/\/www.erboristerie.com\/it\/prodotto\/shampoo-protettivo-per-capelli-colorati-200ml-lerbolario\/#breadcrumb"},"inLanguage":"en-US","potentialAction":[{"@type":"ReadAction","target":["https:\/\/www.erboristerie.com\/it\/prodotto\/shampoo-protettivo-per-capelli-colorati-200ml-lerbolario\/"]}]},{"@type":"ImageObject","inLanguage":"en-US","@id":"https:\/\/www.erboristerie.com\/it\/prodotto\/shampoo-protettivo-per-capelli-colorati-200ml-lerbolario\/#primaryimage","url":"https:\/\/www.erboristerie.com\/wp-content\/uploads\/2020\/07\/00010868.png?v=1611516411","contentUrl":"https:\/\/www.erboristerie.com\/wp-content\/uploads\/2020\/07\/00010868.png?v=1611516411","width":570,"height":570},{"@type":"BreadcrumbList","@id":"https:\/\/www.erboristerie.com\/it\/prodotto\/shampoo-protettivo-per-capelli-colorati-200ml-lerbolario\/#breadcrumb","itemListElement":[{"@type":"ListItem","position":1,"name":"Home","item":"https:\/\/www.erboristerie.com\/en\/"},{"@type":"ListItem","position":2,"name":"All products","item":"https:\/\/www.erboristerie.com\/en\/all-products\/"},{"@type":"ListItem","position":3,"name":"Shampoo Protettivo per Capelli Colorati 200ml L&#8217;Erbolario"}]},{"@type":"WebSite","@id":"https:\/\/www.erboristerie.com\/it\/#website","url":"https:\/\/www.erboristerie.com\/it\/","name":"Erboristeria Demetra","description":"Your natural health","publisher":{"@id":"https:\/\/www.erboristerie.com\/it\/#organization"},"potentialAction":[{"@type":"SearchAction","target":{"@type":"EntryPoint","urlTemplate":"https:\/\/www.erboristerie.com\/it\/?s={search_term_string}"},"query-input":{"@type":"PropertyValueSpecification","valueRequired":true,"valueName":"search_term_string"}}],"inLanguage":"en-US"},{"@type":"Organization","@id":"https:\/\/www.erboristerie.com\/it\/#organization","name":"Erboristeria Demetra","url":"https:\/\/www.erboristerie.com\/it\/","logo":{"@type":"ImageObject","inLanguage":"en-US","@id":"https:\/\/www.erboristerie.com\/it\/#\/schema\/logo\/image\/","url":"https:\/\/www.erboristerie.com\/wp-content\/uploads\/2019\/11\/LOGO_ERBORISTERIA_DEMETRA_original.png?v=1611516981","contentUrl":"https:\/\/www.erboristerie.com\/wp-content\/uploads\/2019\/11\/LOGO_ERBORISTERIA_DEMETRA_original.png?v=1611516981","width":201,"height":54,"caption":"Erboristeria Demetra"},"image":{"@id":"https:\/\/www.erboristerie.com\/it\/#\/schema\/logo\/image\/"},"sameAs":["https:\/\/www.facebook.com\/erboristeria.demetra.online"]}]}},"_links":{"self":[{"href":"https:\/\/www.erboristerie.com\/en\/wp-json\/wp\/v2\/product\/106851","targetHints":{"allow":["GET"]}}],"collection":[{"href":"https:\/\/www.erboristerie.com\/en\/wp-json\/wp\/v2\/product"}],"about":[{"href":"https:\/\/www.erboristerie.com\/en\/wp-json\/wp\/v2\/types\/product"}],"wp:featuredmedia":[{"embeddable":true,"href":"https:\/\/www.erboristerie.com\/en\/wp-json\/wp\/v2\/media\/106852"}],"wp:attachment":[{"href":"https:\/\/www.erboristerie.com\/en\/wp-json\/wp\/v2\/media?parent=106851"}],"wp:term":[{"taxonomy":"product_brand","embeddable":true,"href":"https:\/\/www.erboristerie.com\/en\/wp-json\/wp\/v2\/product_brand?post=106851"},{"taxonomy":"product_cat","embeddable":true,"href":"https:\/\/www.erboristerie.com\/en\/wp-json\/wp\/v2\/product_cat?post=106851"},{"taxonomy":"product_tag","embeddable":true,"href":"https:\/\/www.erboristerie.com\/en\/wp-json\/wp\/v2\/product_tag?post=106851"},{"taxonomy":"giftcard-category","embeddable":true,"href":"https:\/\/www.erboristerie.com\/en\/wp-json\/wp\/v2\/giftcard-category?post=106851"}],"curies":[{"name":"wp","href":"https:\/\/api.w.org\/{rel}","templated":true}]}}