{"id":106748,"date":"2020-07-14T18:15:28","date_gmt":"2020-07-14T16:15:28","guid":{"rendered":"https:\/\/www.erboristerie.com\/?post_type=product&#038;p=106748"},"modified":"2025-09-10T18:54:03","modified_gmt":"2025-09-10T16:54:03","slug":"ecoricarica-500ml-shampoo-doccia-ginepro-nero-lerbolario","status":"publish","type":"product","link":"https:\/\/www.erboristerie.com\/en\/prodotto\/ecoricarica-500ml-shampoo-doccia-ginepro-nero-lerbolario\/","title":{"rendered":"Ecoricarica 500ml Shampoo Doccia Ginepro Nero L\u2019Erbolario"},"content":{"rendered":"<p><strong>Ecoricarica 500ml Shampoo Doccia Ginepro Nero L\u2019Erbolario<\/strong><br \/>\nDetergente per corpo e capelli dalle note legnose e agrumate<\/p>\n<p>63% di plastica in meno rispetto al peso equivalente di 2 flaconi di Shampoo Doccia Ginepro Nero<\/p>\n<p><strong>Descrizione<br \/>\n<\/strong>Shampoo Doccia ideale per iniziare la giornata con una sferzata di vitalit\u00e0, per regalarsi un momento di vivace benessere alla fine di una giornata impegnativa o per recuperare le energie dopo l\u2019allenamento in palestra. Cos\u00ec fragrante e maschile, con la sue note legnose e agrumate, sapr\u00e0 altres\u00ec assicurare nutrimento e detersione a pelle e capelli, grazie ai suoi preziosi ingredienti, tra cui spiccano il Carbone vegetale, i tonificanti e purificanti estratti di Cumino nero e Ginepro nero e l\u2019idrolizzato di Sesamo nero, che va a proteggere la pelle, preservandone l\u2019idratazione.<\/p>\n<p>Senza siliconi, parabeni, tensioattivi solfati e petrolati<br \/>\n<strong>Fragranza<br \/>\n<\/strong>agrumata, legnosa<\/p>\n<p><strong>Consigli d&#8217;uso<br \/>\n<\/strong>Svitare il tappo e travasare il prodotto direttamente nel flacone del Bagnogel Assenzio.<\/p>\n<p><strong>Sostanze funzionali<br \/>\n<\/strong>Estratti di Ginepro nero e Cumino nero, acqua distillata di Ginepro nero, idrolizzato di Sesamo nero, aminoacidi dell\u2019Orzo tensioattivati, Carbone vegetale.<\/p>\n<p><strong>Ingredienti (INCI)<\/strong><br \/>\nAqua (Water), Lauryl glucoside, Juniperus communis fruit water, Sodium cocoyl barley amino acids, Sodium cocoyl glutamate, Cocamidopropyl betaine, Coco-glucoside, Parfum (Fragrance), Glycerin, Glyceryl oleate, Disodium cocoyl glutamate, Sodium benzoate, Sodium chloride, Citric acid, Benzyl alcohol, Guar hydroxypropyltrimonium chloride, Potassium sorbate, Sodium olivoyl glutamate, Hydrolyzed sesame extract, Limonene, Hydroxycitronellal, Juniperus communis fruit extract, Hexyl cinnamal, Citronellol, Nigella sativa seed extract, Linalool, Charcoal powder<\/p>\n<p><strong>Cosa sapere in pi\u00f9<\/strong><br \/>\n100% Made in Italy<br \/>\n7 Metalli testati<br \/>\nDermatologicamente Testato<br \/>\nLAV &#8211; Dalla parte degli animali<br \/>\nSenza ingredienti di derivazione animale<\/p>\n","protected":false},"excerpt":{"rendered":"<p>Ecoricarica 500ml Shampoo Doccia Ginepro Nero L\u2019Erbolario Detergente per corpo e capelli dalle note legnose e agrumate 63% di plastica in meno rispetto al peso equivalente di 2 flaconi di Shampoo Doccia Ginepro Nero Descrizione Shampoo Doccia ideale per iniziare la giornata con una sferzata&#8230;<\/p>\n","protected":false},"featured_media":106753,"template":"","meta":{"_acf_changed":false},"product_brand":[9603],"product_cat":[45044],"product_tag":[10917,11199,12315,12963,10801,10649],"giftcard-category":[],"class_list":{"0":"post-106748","1":"product","2":"type-product","3":"status-publish","4":"has-post-thumbnail","6":"product_brand-erbolario","7":"product_cat-detergenza","8":"product_tag-200ml","9":"product_tag-assenzio","10":"product_tag-bagnogel","11":"product_tag-lei","12":"product_tag-linea","13":"product_tag-per","14":"pa_formato-500-ml","15":"pa_linea-profumazione-ginepro-nero","16":"pa_marca-lerbolario","17":"pa_tipologia-bagnoschiuma","19":"first","20":"instock","21":"sale","22":"taxable","23":"shipping-taxable","24":"purchasable","25":"product-type-simple"},"acf":[],"yoast_head":"<!-- This site is optimized with the Yoast SEO plugin v24.9 - https:\/\/yoast.com\/wordpress\/plugins\/seo\/ -->\n<title>Ecoricarica 500ml Shampoo Doccia Ginepro Nero L\u2019Erbolario<\/title>\n<meta name=\"description\" content=\"Detergente per corpo e capelli dalle note legnose e agrumate63% di plastica in meno rispetto al peso equivalente di 2 flaconi di Shampoo Doccia Ginepro Nero\" \/>\n<meta name=\"robots\" content=\"index, follow, max-snippet:-1, max-image-preview:large, max-video-preview:-1\" \/>\n<link rel=\"canonical\" href=\"https:\/\/www.erboristerie.com\/it\/prodotto\/ecoricarica-500ml-shampoo-doccia-ginepro-nero-lerbolario\/\" \/>\n<meta property=\"og:locale\" content=\"en_US\" \/>\n<meta property=\"og:type\" content=\"article\" \/>\n<meta property=\"og:title\" content=\"Ecoricarica 500ml Shampoo Doccia Ginepro Nero L\u2019Erbolario\" \/>\n<meta property=\"og:description\" content=\"Detergente per corpo e capelli dalle note legnose e agrumate63% di plastica in meno rispetto al peso equivalente di 2 flaconi di Shampoo Doccia Ginepro Nero\" \/>\n<meta property=\"og:url\" content=\"https:\/\/www.erboristerie.com\/it\/prodotto\/ecoricarica-500ml-shampoo-doccia-ginepro-nero-lerbolario\/\" \/>\n<meta property=\"og:site_name\" content=\"Erboristeria Demetra\" \/>\n<meta property=\"article:publisher\" content=\"https:\/\/www.facebook.com\/erboristeria.demetra.online\" \/>\n<meta property=\"article:modified_time\" content=\"2025-09-10T16:54:03+00:00\" \/>\n<meta property=\"og:image\" content=\"https:\/\/www.erboristerie.com\/wp-content\/uploads\/2020\/07\/00010873.png?v=1611516442\" \/>\n\t<meta property=\"og:image:width\" content=\"570\" \/>\n\t<meta property=\"og:image:height\" content=\"570\" \/>\n\t<meta property=\"og:image:type\" content=\"image\/png\" \/>\n<meta name=\"twitter:card\" content=\"summary_large_image\" \/>\n<meta name=\"twitter:label1\" content=\"Est. reading time\" \/>\n\t<meta name=\"twitter:data1\" content=\"1 minute\" \/>\n<script type=\"application\/ld+json\" class=\"yoast-schema-graph\">{\"@context\":\"https:\/\/schema.org\",\"@graph\":[{\"@type\":\"WebPage\",\"@id\":\"https:\/\/www.erboristerie.com\/it\/prodotto\/ecoricarica-500ml-shampoo-doccia-ginepro-nero-lerbolario\/\",\"url\":\"https:\/\/www.erboristerie.com\/it\/prodotto\/ecoricarica-500ml-shampoo-doccia-ginepro-nero-lerbolario\/\",\"name\":\"Ecoricarica 500ml Shampoo Doccia Ginepro Nero L\u2019Erbolario\",\"isPartOf\":{\"@id\":\"https:\/\/www.erboristerie.com\/it\/#website\"},\"primaryImageOfPage\":{\"@id\":\"https:\/\/www.erboristerie.com\/it\/prodotto\/ecoricarica-500ml-shampoo-doccia-ginepro-nero-lerbolario\/#primaryimage\"},\"image\":{\"@id\":\"https:\/\/www.erboristerie.com\/it\/prodotto\/ecoricarica-500ml-shampoo-doccia-ginepro-nero-lerbolario\/#primaryimage\"},\"thumbnailUrl\":\"https:\/\/www.erboristerie.com\/wp-content\/uploads\/2020\/07\/00010873.png?v=1611516442\",\"datePublished\":\"2020-07-14T16:15:28+00:00\",\"dateModified\":\"2025-09-10T16:54:03+00:00\",\"description\":\"Detergente per corpo e capelli dalle note legnose e agrumate63% di plastica in meno rispetto al peso equivalente di 2 flaconi di Shampoo Doccia Ginepro Nero\",\"breadcrumb\":{\"@id\":\"https:\/\/www.erboristerie.com\/it\/prodotto\/ecoricarica-500ml-shampoo-doccia-ginepro-nero-lerbolario\/#breadcrumb\"},\"inLanguage\":\"en-US\",\"potentialAction\":[{\"@type\":\"ReadAction\",\"target\":[\"https:\/\/www.erboristerie.com\/it\/prodotto\/ecoricarica-500ml-shampoo-doccia-ginepro-nero-lerbolario\/\"]}]},{\"@type\":\"ImageObject\",\"inLanguage\":\"en-US\",\"@id\":\"https:\/\/www.erboristerie.com\/it\/prodotto\/ecoricarica-500ml-shampoo-doccia-ginepro-nero-lerbolario\/#primaryimage\",\"url\":\"https:\/\/www.erboristerie.com\/wp-content\/uploads\/2020\/07\/00010873.png?v=1611516442\",\"contentUrl\":\"https:\/\/www.erboristerie.com\/wp-content\/uploads\/2020\/07\/00010873.png?v=1611516442\",\"width\":570,\"height\":570},{\"@type\":\"BreadcrumbList\",\"@id\":\"https:\/\/www.erboristerie.com\/it\/prodotto\/ecoricarica-500ml-shampoo-doccia-ginepro-nero-lerbolario\/#breadcrumb\",\"itemListElement\":[{\"@type\":\"ListItem\",\"position\":1,\"name\":\"Home\",\"item\":\"https:\/\/www.erboristerie.com\/en\/\"},{\"@type\":\"ListItem\",\"position\":2,\"name\":\"All products\",\"item\":\"https:\/\/www.erboristerie.com\/en\/all-products\/\"},{\"@type\":\"ListItem\",\"position\":3,\"name\":\"Ecoricarica 500ml Shampoo Doccia Ginepro Nero L\u2019Erbolario\"}]},{\"@type\":\"WebSite\",\"@id\":\"https:\/\/www.erboristerie.com\/it\/#website\",\"url\":\"https:\/\/www.erboristerie.com\/it\/\",\"name\":\"Erboristeria Demetra\",\"description\":\"Your natural health\",\"publisher\":{\"@id\":\"https:\/\/www.erboristerie.com\/it\/#organization\"},\"potentialAction\":[{\"@type\":\"SearchAction\",\"target\":{\"@type\":\"EntryPoint\",\"urlTemplate\":\"https:\/\/www.erboristerie.com\/it\/?s={search_term_string}\"},\"query-input\":{\"@type\":\"PropertyValueSpecification\",\"valueRequired\":true,\"valueName\":\"search_term_string\"}}],\"inLanguage\":\"en-US\"},{\"@type\":\"Organization\",\"@id\":\"https:\/\/www.erboristerie.com\/it\/#organization\",\"name\":\"Erboristeria Demetra\",\"url\":\"https:\/\/www.erboristerie.com\/it\/\",\"logo\":{\"@type\":\"ImageObject\",\"inLanguage\":\"en-US\",\"@id\":\"https:\/\/www.erboristerie.com\/it\/#\/schema\/logo\/image\/\",\"url\":\"https:\/\/www.erboristerie.com\/wp-content\/uploads\/2019\/11\/LOGO_ERBORISTERIA_DEMETRA_original.png?v=1611516981\",\"contentUrl\":\"https:\/\/www.erboristerie.com\/wp-content\/uploads\/2019\/11\/LOGO_ERBORISTERIA_DEMETRA_original.png?v=1611516981\",\"width\":201,\"height\":54,\"caption\":\"Erboristeria Demetra\"},\"image\":{\"@id\":\"https:\/\/www.erboristerie.com\/it\/#\/schema\/logo\/image\/\"},\"sameAs\":[\"https:\/\/www.facebook.com\/erboristeria.demetra.online\"]}]}<\/script>\n<!-- \/ Yoast SEO plugin. -->","yoast_head_json":{"title":"Ecoricarica 500ml Shampoo Doccia Ginepro Nero L\u2019Erbolario","description":"Detergente per corpo e capelli dalle note legnose e agrumate63% di plastica in meno rispetto al peso equivalente di 2 flaconi di Shampoo Doccia Ginepro Nero","robots":{"index":"index","follow":"follow","max-snippet":"max-snippet:-1","max-image-preview":"max-image-preview:large","max-video-preview":"max-video-preview:-1"},"canonical":"https:\/\/www.erboristerie.com\/it\/prodotto\/ecoricarica-500ml-shampoo-doccia-ginepro-nero-lerbolario\/","og_locale":"en_US","og_type":"article","og_title":"Ecoricarica 500ml Shampoo Doccia Ginepro Nero L\u2019Erbolario","og_description":"Detergente per corpo e capelli dalle note legnose e agrumate63% di plastica in meno rispetto al peso equivalente di 2 flaconi di Shampoo Doccia Ginepro Nero","og_url":"https:\/\/www.erboristerie.com\/it\/prodotto\/ecoricarica-500ml-shampoo-doccia-ginepro-nero-lerbolario\/","og_site_name":"Erboristeria Demetra","article_publisher":"https:\/\/www.facebook.com\/erboristeria.demetra.online","article_modified_time":"2025-09-10T16:54:03+00:00","og_image":[{"width":570,"height":570,"url":"https:\/\/www.erboristerie.com\/wp-content\/uploads\/2020\/07\/00010873.png?v=1611516442","type":"image\/png"}],"twitter_card":"summary_large_image","twitter_misc":{"Est. reading time":"1 minute"},"schema":{"@context":"https:\/\/schema.org","@graph":[{"@type":"WebPage","@id":"https:\/\/www.erboristerie.com\/it\/prodotto\/ecoricarica-500ml-shampoo-doccia-ginepro-nero-lerbolario\/","url":"https:\/\/www.erboristerie.com\/it\/prodotto\/ecoricarica-500ml-shampoo-doccia-ginepro-nero-lerbolario\/","name":"Ecoricarica 500ml Shampoo Doccia Ginepro Nero L\u2019Erbolario","isPartOf":{"@id":"https:\/\/www.erboristerie.com\/it\/#website"},"primaryImageOfPage":{"@id":"https:\/\/www.erboristerie.com\/it\/prodotto\/ecoricarica-500ml-shampoo-doccia-ginepro-nero-lerbolario\/#primaryimage"},"image":{"@id":"https:\/\/www.erboristerie.com\/it\/prodotto\/ecoricarica-500ml-shampoo-doccia-ginepro-nero-lerbolario\/#primaryimage"},"thumbnailUrl":"https:\/\/www.erboristerie.com\/wp-content\/uploads\/2020\/07\/00010873.png?v=1611516442","datePublished":"2020-07-14T16:15:28+00:00","dateModified":"2025-09-10T16:54:03+00:00","description":"Detergente per corpo e capelli dalle note legnose e agrumate63% di plastica in meno rispetto al peso equivalente di 2 flaconi di Shampoo Doccia Ginepro Nero","breadcrumb":{"@id":"https:\/\/www.erboristerie.com\/it\/prodotto\/ecoricarica-500ml-shampoo-doccia-ginepro-nero-lerbolario\/#breadcrumb"},"inLanguage":"en-US","potentialAction":[{"@type":"ReadAction","target":["https:\/\/www.erboristerie.com\/it\/prodotto\/ecoricarica-500ml-shampoo-doccia-ginepro-nero-lerbolario\/"]}]},{"@type":"ImageObject","inLanguage":"en-US","@id":"https:\/\/www.erboristerie.com\/it\/prodotto\/ecoricarica-500ml-shampoo-doccia-ginepro-nero-lerbolario\/#primaryimage","url":"https:\/\/www.erboristerie.com\/wp-content\/uploads\/2020\/07\/00010873.png?v=1611516442","contentUrl":"https:\/\/www.erboristerie.com\/wp-content\/uploads\/2020\/07\/00010873.png?v=1611516442","width":570,"height":570},{"@type":"BreadcrumbList","@id":"https:\/\/www.erboristerie.com\/it\/prodotto\/ecoricarica-500ml-shampoo-doccia-ginepro-nero-lerbolario\/#breadcrumb","itemListElement":[{"@type":"ListItem","position":1,"name":"Home","item":"https:\/\/www.erboristerie.com\/en\/"},{"@type":"ListItem","position":2,"name":"All products","item":"https:\/\/www.erboristerie.com\/en\/all-products\/"},{"@type":"ListItem","position":3,"name":"Ecoricarica 500ml Shampoo Doccia Ginepro Nero L\u2019Erbolario"}]},{"@type":"WebSite","@id":"https:\/\/www.erboristerie.com\/it\/#website","url":"https:\/\/www.erboristerie.com\/it\/","name":"Erboristeria Demetra","description":"Your natural health","publisher":{"@id":"https:\/\/www.erboristerie.com\/it\/#organization"},"potentialAction":[{"@type":"SearchAction","target":{"@type":"EntryPoint","urlTemplate":"https:\/\/www.erboristerie.com\/it\/?s={search_term_string}"},"query-input":{"@type":"PropertyValueSpecification","valueRequired":true,"valueName":"search_term_string"}}],"inLanguage":"en-US"},{"@type":"Organization","@id":"https:\/\/www.erboristerie.com\/it\/#organization","name":"Erboristeria Demetra","url":"https:\/\/www.erboristerie.com\/it\/","logo":{"@type":"ImageObject","inLanguage":"en-US","@id":"https:\/\/www.erboristerie.com\/it\/#\/schema\/logo\/image\/","url":"https:\/\/www.erboristerie.com\/wp-content\/uploads\/2019\/11\/LOGO_ERBORISTERIA_DEMETRA_original.png?v=1611516981","contentUrl":"https:\/\/www.erboristerie.com\/wp-content\/uploads\/2019\/11\/LOGO_ERBORISTERIA_DEMETRA_original.png?v=1611516981","width":201,"height":54,"caption":"Erboristeria Demetra"},"image":{"@id":"https:\/\/www.erboristerie.com\/it\/#\/schema\/logo\/image\/"},"sameAs":["https:\/\/www.facebook.com\/erboristeria.demetra.online"]}]}},"_links":{"self":[{"href":"https:\/\/www.erboristerie.com\/en\/wp-json\/wp\/v2\/product\/106748","targetHints":{"allow":["GET"]}}],"collection":[{"href":"https:\/\/www.erboristerie.com\/en\/wp-json\/wp\/v2\/product"}],"about":[{"href":"https:\/\/www.erboristerie.com\/en\/wp-json\/wp\/v2\/types\/product"}],"wp:featuredmedia":[{"embeddable":true,"href":"https:\/\/www.erboristerie.com\/en\/wp-json\/wp\/v2\/media\/106753"}],"wp:attachment":[{"href":"https:\/\/www.erboristerie.com\/en\/wp-json\/wp\/v2\/media?parent=106748"}],"wp:term":[{"taxonomy":"product_brand","embeddable":true,"href":"https:\/\/www.erboristerie.com\/en\/wp-json\/wp\/v2\/product_brand?post=106748"},{"taxonomy":"product_cat","embeddable":true,"href":"https:\/\/www.erboristerie.com\/en\/wp-json\/wp\/v2\/product_cat?post=106748"},{"taxonomy":"product_tag","embeddable":true,"href":"https:\/\/www.erboristerie.com\/en\/wp-json\/wp\/v2\/product_tag?post=106748"},{"taxonomy":"giftcard-category","embeddable":true,"href":"https:\/\/www.erboristerie.com\/en\/wp-json\/wp\/v2\/giftcard-category?post=106748"}],"curies":[{"name":"wp","href":"https:\/\/api.w.org\/{rel}","templated":true}]}}